{"id":999,"date":"2024-02-28T03:08:03","date_gmt":"2024-02-28T00:08:03","guid":{"rendered":"https:\/\/astrologelvan.shop\/?post_type=product&#038;p=999"},"modified":"2026-03-26T20:31:05","modified_gmt":"2026-03-26T17:31:05","slug":"private-kit-ay","status":"publish","type":"product","link":"https:\/\/astrologelvan.com\/magaza\/urun\/private-kit-ay\/","title":{"rendered":"PR\u0130VATE K\u0130T &#8211; AY"},"content":{"rendered":"<p><b>K\u0130T \u0130\u00c7ER\u0130\u011e\u0130<\/b><\/p>\n<p><b>925 ayar Kubera Para Mantra Kolyesi<\/b><\/p>\n<p><span style=\"font-weight: 400;\">Bu \u00fcr\u00fcn el yap\u0131m\u0131 olmas\u0131 sebebiyle at\u00f6lyemizin yo\u011funluk durumuna g\u00f6re temin edilmektedir. Sipari\u015flerinizin size ula\u015fmas\u0131 10-15 i\u015f g\u00fcn\u00fcn\u00fc bulmaktad\u0131r.<\/span><\/p>\n<p><span style=\"font-weight: 400;\">Hint ve Karma Astrolojisinde mantralar hayat\u0131n\u0131z\u0131 d\u00fczene sokmak i\u00e7in \u00e7ok etkilidir. \u00d6zellikle de Kubera\u2019n\u0131n g\u00fcc\u00fc! Bu mantra kolyesini \u201cHayat\u0131ma sonsuz bollu\u011fu, bereketi, paray\u0131 ve ba\u015far\u0131y\u0131 \u00e7ekiyorum. Kubera\u2019n\u0131n hediyeleri kabul ediyorum\u201d diye kodlayarak tak\u0131n. Ve 72 g\u00fcn boyunca ta\u015f\u0131y\u0131n. \u0130\u015fin s\u0131rr\u0131 72 say\u0131s\u0131nda.<\/span><\/p>\n<p><span style=\"font-weight: 400;\">Kubera Mantras\u0131ndaki say\u0131lar\u0131 a\u015fa\u011f\u0131dan yukar\u0131, sa\u011fdan sola toplad\u0131\u011f\u0131n\u0131zda hep 72\u2019yi verir. 72 karma astrolojisinde \u00e7ok \u00f6zel bir a\u00e7\u0131d\u0131r. Ge\u00e7mi\u015f ya\u015famdan getirdi\u011finiz \u00f6zel yeteneklerinizi ve hediyeleri anlat\u0131r. Hakedi\u015flerinizdir. Kubera say\u0131lar\u0131n\u0131n \u00e7al\u0131\u015fma prensibi de b\u00f6yledir. 72 g\u00fcn boyunca \u00fczerinizde ta\u015f\u0131d\u0131\u011f\u0131n\u0131zda ve\u00a0 bu say\u0131lar\u0131 hayat\u0131n\u0131za dahil etti\u011finizde bolluk ve bereketinizin ne kadar katland\u0131\u011f\u0131na \u015fa\u015f\u0131racaks\u0131n\u0131z. Zihin her \u015feyi yarat\u0131r unutmay\u0131n, \u00f6nemli olan do\u011fru y\u00f6ntemle kodlamak.<\/span><\/p>\n<p class=\"p1\"><b>Ankh 925 Ayar G\u00fcm\u00fc\u015f Kolye<\/b><\/p>\n<p class=\"p4\">\u00a0Ankh, Nil Nehri\u2019nin anahtar\u0131. M\u0131s\u0131r tarihinin en eski ve g\u00fc\u00e7l\u00fc sembollerinden. Kad\u0131n ve erke\u011fin birlikteli\u011fini anlat\u0131r. Sonsuz ya\u015fam d\u00f6ng\u00fcs\u00fcn\u00fc ve yeniden hayata gelmeyi temsil eder. T harfinin bir daire ile birle\u015fiminden olu\u015fur. T harfi, iki alem aras\u0131ndaki ileti\u015fimi ve ba\u011flant\u0131y\u0131 anlat\u0131r. Antik M\u0131s\u0131r\u2019da \u00f6l\u00fcler Ankh sembol\u00fc ile g\u00f6m\u00fcl\u00fcrlerdi. Daire ise g\u00f6ksel alemi sembolize eder.<br \/>\nAnkh sembol\u00fc, ger\u00e7e\u011fi g\u00f6rmekle alakal\u0131d\u0131r. Bize anlat\u0131landan fazlas\u0131n\u0131 bilmek, s\u00f6ylenilenlerin \u00f6tesini g\u00f6rmek. Ruhsal amac\u0131m\u0131z\u0131 bulmaya yard\u0131mc\u0131 olur. Spirit\u00fcel bilgeli\u011fin bir i\u015fareti olarak ta\u015f\u0131d\u0131\u011f\u0131n\u0131zda g\u00fcnden g\u00fcne i\u00e7inizdeki de\u011fi\u015fime \u015fahit olacaks\u0131n\u0131z<\/p>\n<ul class=\"ul1\">\n<li class=\"li5\">925 Ayar G\u00fcm\u00fc\u015f \u00dczeri Alt\u0131n Kaplama 60 Cm Zincir Uzunlu\u011fu<\/li>\n<li class=\"li5\">Mine \u0130\u015flemeli<\/li>\n<\/ul>\n<p class=\"p1\"><b>925 ayar Kozmik Unicorn Kolye<\/b><\/p>\n<p class=\"p4\">B\u00fct\u00fcn unicornlar (tek boynuzlu atlar) ayd\u0131nlanmam\u0131za yard\u0131mc\u0131 olur ve daha y\u00fcksek boyutlara ge\u00e7memizi sa\u011flar.<\/p>\n<p class=\"p4\">Unicornlar kozmik d\u00fczeyde bir grup bilincidir. K\u00e2inat\u0131n etraf\u0131nda dola\u015f\u0131p ne\u015fe ve bereket sa\u00e7an saf elmas beyaz\u0131 renginde yo\u011fun bir \u0131\u015f\u0131k k\u00fcmesi hayal edin. Bu, unicorn enerjisidir. Bu unicorn kolye sana temiz kalple ve b\u00fct\u00fcn\u00fcn hayr\u0131na diledi\u011fin her dile\u011fini getirmeye yard\u0131mc\u0131 olacak. \u00dczerinde ta\u015f\u0131d\u0131\u011f\u0131n s\u00fcrece daha y\u00fcksek bir kozmik enerji alan\u0131nda oldu\u011funu fark edeceksin.<\/p>\n<p class=\"p4\">Unicornlar tamamen ayd\u0131nlanm\u0131\u015ft\u0131r, bu sebeple al\u0131nlar\u0131ndaki \u00fc\u00e7\u00fcnc\u00fc g\u00f6z sonuna kadar a\u00e7\u0131kt\u0131r ve o kadar parlak bir \u0131\u015f\u0131k sa\u00e7ar ki bu \u0131\u015f\u0131k kat\u0131 bir cisim gibi g\u00f6r\u00fcn\u00fcr ve spiral bir boynuz \u015feklini al\u0131r. Unicorn kolyeni takt\u0131k\u00e7a 3. g\u00f6z\u00fcn\u00fcn de aktive oldu\u011funu g\u00f6receksin. Unicorn enerjisi ile hayat\u0131na mucizeleri \u00e7ekmeye haz\u0131rs\u0131n. 777<\/p>\n<p class=\"p7\"><b>925 Ayar G\u00fcm\u00fc\u015f Ayta\u015f\u0131 Kolye<\/b><\/p>\n<p class=\"p4\">Ruhunun \u0131\u015f\u0131\u011f\u0131n\u0131 g\u00f6r:<\/p>\n<p class=\"p4\">Ay ta\u015f\u0131; duygular\u0131m\u0131z\u0131 ifade etmeyi kolayla\u015ft\u0131ran ana ta\u015ft\u0131r. Duygular\u0131m\u0131z\u0131 kontrol edip, dengelemeye yarar. \u00d6zellikle a\u011flayamayanlar i\u00e7in tetikleyici bir ta\u015ft\u0131r. Takt\u0131ktan bir g\u00fcn sonra a\u011flamaya ba\u015flayabilirsiniz. Asl\u0131nda bu birikmi\u015f ve bast\u0131r\u0131lm\u0131\u015f duygular\u0131n\u0131z\u0131n d\u0131\u015fa vurulmas\u0131d\u0131r. Ayta\u015f\u0131n\u0131 takt\u0131k\u00e7a sezgileriniz g\u00fc\u00e7lenir. Size g\u00f6sterilenlerin ard\u0131ndaki ger\u00e7e\u011fi g\u00f6r\u00fcrs\u00fcn\u00fcz. Strese ve gerginli\u011fe \u00e7ok iyi gelir. \u00d6zellikle dolunay zamanlar\u0131nda takabilirsiniz.<\/p>\n<p class=\"p7\"><b>925 Ayar G\u00fcm\u00fc\u015f Malahit Ta\u015f\u0131 Kolye<\/b><\/p>\n<p class=\"p7\">Sa\u011fl\u0131k ta\u015f\u0131 olarakta bilinir.<br \/>\n\u00d6zellikle a\u011fr\u0131yan b\u00f6lge \u00fczerine koyulunca A\u011fr\u0131lar\u0131n azalmas\u0131na yard\u0131mc\u0131 oldu\u011fu s\u00f6ylenir.<br \/>\nSakinle\u015ftirici bir enerji verir.<br \/>\n\u00d6zellikle uyku problemi \u00e7ekenler kullanabilir.<br \/>\nAntik Yunan da ki\u015finin kalbini kar\u015f\u0131 tarafa a\u00e7mak i\u00e7in verdi\u011fi bir hediyeydi.<br \/>\nM\u0131s\u0131rl\u0131larda bu ta\u015f\u0131n cazibesine vurulmu\u015ftu. Malahiti S\u00fcvey\u015f madenlerinden \u00e7\u0131kar\u0131rlard\u0131.Ta\u015f\u0131n rengi Kleopatran\u0131n makyaj\u0131nda g\u00f6z far\u0131na ilham olmu\u015ftu.<br \/>\nMide rahats\u0131zl\u0131klar\u0131n\u0131 yat\u0131\u015ft\u0131rmaya yard\u0131mc\u0131 oldu\u011fu s\u00f6ylenir. \u00c7ok eski zamanlardan beri \u015fifac\u0131lar taraf\u0131ndan negatif enerjilere kar\u015f\u0131 koruma ve ki\u015finin \u00fczerinde herhangi bir lanet yada beddua varsa bunu kald\u0131rmak i\u00e7in \u00e7ok eski zamanlardan beri \u015fifac\u0131lar taraf\u0131ndan negatif enerjilere kar\u015f\u0131 koruma ve ki\u015finin \u00fczerinde herhangi bir lanet yada beddua varsa bunu kald\u0131rmak i\u00e7in de kullan\u0131l\u0131rd\u0131<\/p>\n<p class=\"p7\"><b>Do\u011fal Kaya\u00e7 Form Ametist Kolye<\/b><\/p>\n<p class=\"p10\">Merk\u00fcr retrolar\u0131nda mutlaka takman\u0131z gerekir. Ametist; psikolojik sorunlara ve tak\u0131nt\u0131lara iyi gelir. Tak\u0131n, anksiyete, ileti\u015fim konular\u0131nda ba\u015far\u0131 getirir. Zihinsel rahatlama getirir.<\/p>\n<ul class=\"ul1\">\n<li class=\"li5\">Radyasyondan ve negatif enerjiden korudu\u011fu bilinmektedir.<\/li>\n<li class=\"li5\">G\u00f6z sa\u011fl\u0131\u011f\u0131 i\u00e7in iyi geldi\u011fi bilinmektedir.<\/li>\n<li class=\"li5\">\u00d6fke, kin ve korkuyu yat\u0131\u015ft\u0131r\u0131r stresi giderir ve pozitif enerji verir.<\/li>\n<li class=\"li5\">Kalp rahats\u0131zl\u0131klar\u0131na faydal\u0131d\u0131r.<\/li>\n<li class=\"li5\">Do\u011fal bir sakinle\u015ftiricidir.<\/li>\n<li class=\"li5\">Negatif elektrik y\u00fck\u00fc ta\u015f\u0131d\u0131\u011f\u0131ndan dolay\u0131: bedendeki fazla elektrik y\u00fck\u00fcn\u00fc topraklayarak beyin g\u00fcc\u00fcn\u00fc y\u00fckseltti\u011fi d\u00fc\u015f\u00fcn\u00fclmektedir.<\/li>\n<li class=\"li5\">Bir meditasyon ta\u015f\u0131 oldu\u011fu d\u00fc\u015f\u00fcn\u00fclmektedir.<\/li>\n<li class=\"li5\">Odaklanmay\u0131 kuvvetlendirir.<\/li>\n<li class=\"li5\">En etkili oldu\u011fu faydalar\u0131 aras\u0131nda negatif enerjiyi pozitif enerjiye \u00e7evirmesi olarak d\u00fc\u015f\u00fcn\u00fclmektedir.<\/li>\n<\/ul>\n","protected":false},"excerpt":{"rendered":"<p><strong>S\u0131n\u0131rl\u0131 Say\u0131da!<\/strong><\/p>\n<p>Eyl\u00fcl ay\u0131 boyunca ald\u0131\u011f\u0131n\u0131z kit ile\u00a0<strong>Astrolog Elvan Vip Zoom<\/strong>\u00a0toplant\u0131s\u0131na kat\u0131lma \u015fans\u0131 elde edeceksiniz.<\/p>\n<p><strong>Kit i\u00e7eri\u011fi:<\/strong><\/p>\n<p class=\"p1\">Ankh 925 Ayar G\u00fcm\u00fc\u015f Kolye<\/p>\n<p class=\"p1\">925 ayar Kubera Para Mantra Kolyesi<\/p>\n<p class=\"p1\">925 ayar Kozmik Unicorn Kolye<\/p>\n<p class=\"p1\">925 Ayar G\u00fcm\u00fc\u015f Ayta\u015f\u0131 Kolye<\/p>\n<p class=\"p1\">925 Ayar G\u00fcm\u00fc\u015f Malahit Ta\u015f\u0131 Kolye<\/p>\n<p class=\"p1\">Do\u011fal Kaya\u00e7 Form Ametist Kolye<\/p>\n","protected":false},"featured_media":1058,"comment_status":"open","ping_status":"closed","template":"","meta":[],"product_brand":[],"product_cat":[503,470],"product_tag":[],"class_list":{"0":"post-999","1":"product","2":"type-product","3":"status-publish","4":"has-post-thumbnail","6":"product_cat-kubera","7":"product_cat-private-kitler","9":"first","10":"outofstock","11":"taxable","12":"shipping-taxable","13":"purchasable","14":"product-type-simple"},"yoast_head":"<!-- This site is optimized with the Yoast SEO plugin v27.3 - https:\/\/yoast.com\/product\/yoast-seo-wordpress\/ -->\n<title>PR\u0130VATE K\u0130T - AY - Astrolog Elvan<\/title>\n<meta name=\"robots\" content=\"index, follow, max-snippet:-1, max-image-preview:large, max-video-preview:-1\" \/>\n<link rel=\"canonical\" href=\"https:\/\/astrologelvan.com\/magaza\/urun\/private-kit-ay\/\" \/>\n<meta property=\"og:locale\" content=\"tr_TR\" \/>\n<meta property=\"og:type\" content=\"article\" \/>\n<meta property=\"og:title\" content=\"PR\u0130VATE K\u0130T - AY - Astrolog Elvan\" \/>\n<meta property=\"og:description\" content=\"S\u0131n\u0131rl\u0131 Say\u0131da!  Eyl\u00fcl ay\u0131 boyunca ald\u0131\u011f\u0131n\u0131z kit ile\u00a0Astrolog Elvan Vip Zoom\u00a0toplant\u0131s\u0131na kat\u0131lma \u015fans\u0131 elde edeceksiniz.  Kit i\u00e7eri\u011fi: Ankh 925 Ayar G\u00fcm\u00fc\u015f Kolye 925 ayar Kubera Para Mantra Kolyesi 925 ayar Kozmik Unicorn Kolye 925 Ayar G\u00fcm\u00fc\u015f Ayta\u015f\u0131 Kolye 925 Ayar G\u00fcm\u00fc\u015f Malahit Ta\u015f\u0131 Kolye Do\u011fal Kaya\u00e7 Form Ametist Kolye\" \/>\n<meta property=\"og:url\" content=\"https:\/\/astrologelvan.com\/magaza\/urun\/private-kit-ay\/\" \/>\n<meta property=\"og:site_name\" content=\"Astrolog Elvan\" \/>\n<meta property=\"article:modified_time\" content=\"2026-03-26T17:31:05+00:00\" \/>\n<meta property=\"og:image\" content=\"https:\/\/astrologelvan.com\/magaza\/wp-content\/uploads\/2024\/02\/private-ay.jpg\" \/>\n\t<meta property=\"og:image:width\" content=\"1080\" \/>\n\t<meta property=\"og:image:height\" content=\"1080\" \/>\n\t<meta property=\"og:image:type\" content=\"image\/jpeg\" \/>\n<meta name=\"twitter:card\" content=\"summary_large_image\" \/>\n<meta name=\"twitter:label1\" content=\"Tahmini okuma s\u00fcresi\" \/>\n\t<meta name=\"twitter:data1\" content=\"4 dakika\" \/>\n<script type=\"application\/ld+json\" class=\"yoast-schema-graph\">{\"@context\":\"https:\\\/\\\/schema.org\",\"@graph\":[{\"@type\":[\"WebPage\",\"ItemPage\"],\"@id\":\"https:\\\/\\\/astrologelvan.com\\\/magaza\\\/urun\\\/private-kit-ay\\\/\",\"url\":\"https:\\\/\\\/astrologelvan.com\\\/magaza\\\/urun\\\/private-kit-ay\\\/\",\"name\":\"PR\u0130VATE K\u0130T - AY - Astrolog Elvan\",\"isPartOf\":{\"@id\":\"https:\\\/\\\/astrologelvan.com\\\/magaza\\\/#website\"},\"primaryImageOfPage\":{\"@id\":\"https:\\\/\\\/astrologelvan.com\\\/magaza\\\/urun\\\/private-kit-ay\\\/#primaryimage\"},\"image\":{\"@id\":\"https:\\\/\\\/astrologelvan.com\\\/magaza\\\/urun\\\/private-kit-ay\\\/#primaryimage\"},\"thumbnailUrl\":\"https:\\\/\\\/astrologelvan.com\\\/magaza\\\/wp-content\\\/uploads\\\/2024\\\/02\\\/private-ay.jpg\",\"datePublished\":\"2024-02-28T00:08:03+00:00\",\"dateModified\":\"2026-03-26T17:31:05+00:00\",\"breadcrumb\":{\"@id\":\"https:\\\/\\\/astrologelvan.com\\\/magaza\\\/urun\\\/private-kit-ay\\\/#breadcrumb\"},\"inLanguage\":\"tr\",\"potentialAction\":[{\"@type\":\"ReadAction\",\"target\":[\"https:\\\/\\\/astrologelvan.com\\\/magaza\\\/urun\\\/private-kit-ay\\\/\"]}]},{\"@type\":\"ImageObject\",\"inLanguage\":\"tr\",\"@id\":\"https:\\\/\\\/astrologelvan.com\\\/magaza\\\/urun\\\/private-kit-ay\\\/#primaryimage\",\"url\":\"https:\\\/\\\/astrologelvan.com\\\/magaza\\\/wp-content\\\/uploads\\\/2024\\\/02\\\/private-ay.jpg\",\"contentUrl\":\"https:\\\/\\\/astrologelvan.com\\\/magaza\\\/wp-content\\\/uploads\\\/2024\\\/02\\\/private-ay.jpg\",\"width\":1080,\"height\":1080},{\"@type\":\"BreadcrumbList\",\"@id\":\"https:\\\/\\\/astrologelvan.com\\\/magaza\\\/urun\\\/private-kit-ay\\\/#breadcrumb\",\"itemListElement\":[{\"@type\":\"ListItem\",\"position\":1,\"name\":\"Anasayfa\",\"item\":\"https:\\\/\\\/astrologelvan.com\\\/magaza\\\/\"},{\"@type\":\"ListItem\",\"position\":2,\"name\":\"Ma\u011faza\",\"item\":\"https:\\\/\\\/astrologelvan.com\\\/magaza\\\/magaza\\\/\"},{\"@type\":\"ListItem\",\"position\":3,\"name\":\"PR\u0130VATE K\u0130T &#8211; AY\"}]},{\"@type\":\"WebSite\",\"@id\":\"https:\\\/\\\/astrologelvan.com\\\/magaza\\\/#website\",\"url\":\"https:\\\/\\\/astrologelvan.com\\\/magaza\\\/\",\"name\":\"Astrolog Elvan\",\"description\":\"\",\"potentialAction\":[{\"@type\":\"SearchAction\",\"target\":{\"@type\":\"EntryPoint\",\"urlTemplate\":\"https:\\\/\\\/astrologelvan.com\\\/magaza\\\/?s={search_term_string}\"},\"query-input\":{\"@type\":\"PropertyValueSpecification\",\"valueRequired\":true,\"valueName\":\"search_term_string\"}}],\"inLanguage\":\"tr\"}]}<\/script>\n<!-- \/ Yoast SEO plugin. -->","yoast_head_json":{"title":"PR\u0130VATE K\u0130T - AY - Astrolog Elvan","robots":{"index":"index","follow":"follow","max-snippet":"max-snippet:-1","max-image-preview":"max-image-preview:large","max-video-preview":"max-video-preview:-1"},"canonical":"https:\/\/astrologelvan.com\/magaza\/urun\/private-kit-ay\/","og_locale":"tr_TR","og_type":"article","og_title":"PR\u0130VATE K\u0130T - AY - Astrolog Elvan","og_description":"S\u0131n\u0131rl\u0131 Say\u0131da!  Eyl\u00fcl ay\u0131 boyunca ald\u0131\u011f\u0131n\u0131z kit ile\u00a0Astrolog Elvan Vip Zoom\u00a0toplant\u0131s\u0131na kat\u0131lma \u015fans\u0131 elde edeceksiniz.  Kit i\u00e7eri\u011fi: Ankh 925 Ayar G\u00fcm\u00fc\u015f Kolye 925 ayar Kubera Para Mantra Kolyesi 925 ayar Kozmik Unicorn Kolye 925 Ayar G\u00fcm\u00fc\u015f Ayta\u015f\u0131 Kolye 925 Ayar G\u00fcm\u00fc\u015f Malahit Ta\u015f\u0131 Kolye Do\u011fal Kaya\u00e7 Form Ametist Kolye","og_url":"https:\/\/astrologelvan.com\/magaza\/urun\/private-kit-ay\/","og_site_name":"Astrolog Elvan","article_modified_time":"2026-03-26T17:31:05+00:00","og_image":[{"width":1080,"height":1080,"url":"https:\/\/astrologelvan.com\/magaza\/wp-content\/uploads\/2024\/02\/private-ay.jpg","type":"image\/jpeg"}],"twitter_card":"summary_large_image","twitter_misc":{"Tahmini okuma s\u00fcresi":"4 dakika"},"schema":{"@context":"https:\/\/schema.org","@graph":[{"@type":["WebPage","ItemPage"],"@id":"https:\/\/astrologelvan.com\/magaza\/urun\/private-kit-ay\/","url":"https:\/\/astrologelvan.com\/magaza\/urun\/private-kit-ay\/","name":"PR\u0130VATE K\u0130T - AY - Astrolog Elvan","isPartOf":{"@id":"https:\/\/astrologelvan.com\/magaza\/#website"},"primaryImageOfPage":{"@id":"https:\/\/astrologelvan.com\/magaza\/urun\/private-kit-ay\/#primaryimage"},"image":{"@id":"https:\/\/astrologelvan.com\/magaza\/urun\/private-kit-ay\/#primaryimage"},"thumbnailUrl":"https:\/\/astrologelvan.com\/magaza\/wp-content\/uploads\/2024\/02\/private-ay.jpg","datePublished":"2024-02-28T00:08:03+00:00","dateModified":"2026-03-26T17:31:05+00:00","breadcrumb":{"@id":"https:\/\/astrologelvan.com\/magaza\/urun\/private-kit-ay\/#breadcrumb"},"inLanguage":"tr","potentialAction":[{"@type":"ReadAction","target":["https:\/\/astrologelvan.com\/magaza\/urun\/private-kit-ay\/"]}]},{"@type":"ImageObject","inLanguage":"tr","@id":"https:\/\/astrologelvan.com\/magaza\/urun\/private-kit-ay\/#primaryimage","url":"https:\/\/astrologelvan.com\/magaza\/wp-content\/uploads\/2024\/02\/private-ay.jpg","contentUrl":"https:\/\/astrologelvan.com\/magaza\/wp-content\/uploads\/2024\/02\/private-ay.jpg","width":1080,"height":1080},{"@type":"BreadcrumbList","@id":"https:\/\/astrologelvan.com\/magaza\/urun\/private-kit-ay\/#breadcrumb","itemListElement":[{"@type":"ListItem","position":1,"name":"Anasayfa","item":"https:\/\/astrologelvan.com\/magaza\/"},{"@type":"ListItem","position":2,"name":"Ma\u011faza","item":"https:\/\/astrologelvan.com\/magaza\/magaza\/"},{"@type":"ListItem","position":3,"name":"PR\u0130VATE K\u0130T &#8211; AY"}]},{"@type":"WebSite","@id":"https:\/\/astrologelvan.com\/magaza\/#website","url":"https:\/\/astrologelvan.com\/magaza\/","name":"Astrolog Elvan","description":"","potentialAction":[{"@type":"SearchAction","target":{"@type":"EntryPoint","urlTemplate":"https:\/\/astrologelvan.com\/magaza\/?s={search_term_string}"},"query-input":{"@type":"PropertyValueSpecification","valueRequired":true,"valueName":"search_term_string"}}],"inLanguage":"tr"}]}},"_links":{"self":[{"href":"https:\/\/astrologelvan.com\/magaza\/wp-json\/wp\/v2\/product\/999","targetHints":{"allow":["GET"]}}],"collection":[{"href":"https:\/\/astrologelvan.com\/magaza\/wp-json\/wp\/v2\/product"}],"about":[{"href":"https:\/\/astrologelvan.com\/magaza\/wp-json\/wp\/v2\/types\/product"}],"replies":[{"embeddable":true,"href":"https:\/\/astrologelvan.com\/magaza\/wp-json\/wp\/v2\/comments?post=999"}],"wp:featuredmedia":[{"embeddable":true,"href":"https:\/\/astrologelvan.com\/magaza\/wp-json\/wp\/v2\/media\/1058"}],"wp:attachment":[{"href":"https:\/\/astrologelvan.com\/magaza\/wp-json\/wp\/v2\/media?parent=999"}],"wp:term":[{"taxonomy":"product_brand","embeddable":true,"href":"https:\/\/astrologelvan.com\/magaza\/wp-json\/wp\/v2\/product_brand?post=999"},{"taxonomy":"product_cat","embeddable":true,"href":"https:\/\/astrologelvan.com\/magaza\/wp-json\/wp\/v2\/product_cat?post=999"},{"taxonomy":"product_tag","embeddable":true,"href":"https:\/\/astrologelvan.com\/magaza\/wp-json\/wp\/v2\/product_tag?post=999"}],"curies":[{"name":"wp","href":"https:\/\/api.w.org\/{rel}","templated":true}]}}