{"id":993,"date":"2024-02-28T03:07:33","date_gmt":"2024-02-28T00:07:33","guid":{"rendered":"https:\/\/astrologelvan.shop\/?post_type=product&#038;p=993"},"modified":"2026-03-26T20:31:05","modified_gmt":"2026-03-26T17:31:05","slug":"private-kit-venus","status":"publish","type":"product","link":"https:\/\/astrologelvan.com\/magaza\/urun\/private-kit-venus\/","title":{"rendered":"PR\u0130VATE K\u0130T &#8211; VEN\u00dcS"},"content":{"rendered":"<p><b>K\u0130T \u0130\u00c7ER\u0130\u011e\u0130<\/b><\/p>\n<h5><b>\u00a0925 Ayar Alt\u0131n Kaplama Do\u011fal Form Sitrin Kolye<\/b><\/h5>\n<p><span style=\"font-weight: 400;\">Hayat\u0131n\u0131za bolluk, bereket ve \u015fans\u0131 \u00e7ekin! Para ta\u015f\u0131 olarak da bilinen Sitrin kolyeyi kullanmaya ba\u015flad\u0131\u011f\u0131n\u0131z andan itibaren finansal a\u00e7\u0131dan f\u0131rsatlar\u0131 hayat\u0131n\u0131za \u00e7ekersiniz. Ada\u00e7ay\u0131 ile t\u00fcts\u00fcleyip, \u015fans ve berekete niyet ederek takabilirsiniz!<\/span><\/p>\n<p><span style=\"font-weight: 400;\">840 TL<\/span><\/p>\n<h5><b>Alt\u0131n Kaplama Do\u011fal Ta\u015f Ametist Kolye<\/b><\/h5>\n<p><span style=\"font-weight: 400;\">Radyasyondan ve negatif enerjiden korudu\u011fu bilinmektedir.<\/span><\/p>\n<p><span style=\"font-weight: 400;\">G\u00f6z sa\u011fl\u0131\u011f\u0131 i\u00e7in iyi geldi\u011fi bilinmektedir.<\/span><\/p>\n<p><span style=\"font-weight: 400;\">\u00d6fke, kin ve korkuyu yat\u0131\u015ft\u0131r\u0131r stresi giderir ve pozitif enerji verir.<\/span><\/p>\n<p><span style=\"font-weight: 400;\">Kalp rahats\u0131zl\u0131klar\u0131na faydal\u0131d\u0131r.<\/span><\/p>\n<p><span style=\"font-weight: 400;\">Do\u011fal bir sakinle\u015ftiricidir.<\/span><\/p>\n<p><span style=\"font-weight: 400;\">Negatif elektrik y\u00fck\u00fc ta\u015f\u0131d\u0131\u011f\u0131ndan dolay\u0131: bedendeki fazla elektrik y\u00fck\u00fcn\u00fc topraklayarak beyin g\u00fcc\u00fcn\u00fc y\u00fckseltti\u011fi d\u00fc\u015f\u00fcn\u00fclmektedir.<\/span><\/p>\n<p><span style=\"font-weight: 400;\">Bir meditasyon ta\u015f\u0131 oldu\u011fu d\u00fc\u015f\u00fcn\u00fclmektedir.<\/span><\/p>\n<p><span style=\"font-weight: 400;\">Odaklanmay\u0131 kuvvetlendirir.<\/span><\/p>\n<p><span style=\"font-weight: 400;\">En etkili oldu\u011fu faydalar\u0131 aras\u0131nda negatif enerjiyi pozitif enerjiye \u00e7evirmesi olarak d\u00fc\u015f\u00fcn\u00fclmektedir.<\/span><\/p>\n<p><span style=\"font-weight: 400;\">Fiyat: 650 tl<\/span><\/p>\n<h5 class=\"product_title entry-title\"><strong>925 Ayar G\u00fcm\u00fc\u015f \u00dczeri Alt\u0131n Kaplama Pembe Kuvars Kolye<\/strong><\/h5>\n<p><span style=\"font-weight: 400;\">A\u015fk ve sevgi ta\u015f\u0131d\u0131r. \u00d6zellikle ili\u015fkilerinizi yoluna koymak i\u00e7in ve i\u00e7inizdeki di\u015fi enerjiyi a\u00e7\u0131\u011fa \u00e7\u0131karmak i\u00e7in kullanabilirsiniz. Kolyenizi ada\u00e7ay\u0131 ile t\u00fcts\u00fcleyip takmaya ba\u015flayabilirsiniz. \u0130lk seferde 21 g\u00fcn boyunca kolyenizi \u00fczerinizde ta\u015f\u0131mal\u0131s\u0131n\u0131z. Do\u011fru a\u015fk ve sevgiyi hayat\u0131n\u0131za \u00e7ekmenize yard\u0131mc\u0131 olur. Terazi ve Bo\u011fa bur\u00e7lar\u0131n\u0131n ana ta\u015f\u0131d\u0131r. \u0130li\u015fkileri dengeler. Her bur\u00e7 kullanabilir. A\u015fk rit\u00fcellerinizde \u00f6zellikle kullan\u0131n\u0131z.<\/span><\/p>\n<p><span style=\"font-weight: 400;\">Fiyat: 1089 tl<\/span><\/p>\n<h5><b>His Ta\u015f\u0131 Fat\u0131ma\u2019n\u0131n Eli Kolye<\/b><\/h5>\n<h6><span style=\"font-weight: 400;\">His ta\u015f\u0131, (Emotion Stone) hislerinize g\u00f6re renk de\u011fi\u015ftiren ve her hissin bir anlam\u0131 olan ta\u015ft\u0131r. Bu ta\u015fa Orta Asya b\u00f6lgesinde \u00e7ok nadir rastlan\u0131r. Ki\u015finin ruh haline g\u00f6re v\u00fccut \u0131s\u0131s\u0131yla renk de\u011fi\u015ftirir.<\/span><\/h6>\n<p><span style=\"font-weight: 400;\">Fiyat: 1250 tl<\/span><\/p>\n<h5><b>925 Ayar G\u00fcm\u00fc\u015f \u00dczeri Alt\u0131n Kaplama Baby Unicorn Kolye<\/b><\/h5>\n<p><span style=\"font-weight: 400;\">Unicornlar kozmik d\u00fczeyde bir grup bilincidir. K\u00e2inat\u0131n etraf\u0131nda dola\u015f\u0131p ne\u015fe ve bereket sa\u00e7an saf elmas beyaz\u0131 renginde yo\u011fun bir \u0131\u015f\u0131k k\u00fcmesi hayal edin. Bu, unicorn enerjisidir. Bu unicorn kolye sana temiz kalple ve b\u00fct\u00fcn\u00fcn hayr\u0131na diledi\u011fin her dile\u011fini getirmeye yard\u0131mc\u0131 olacak. \u00dczerinde ta\u015f\u0131d\u0131\u011f\u0131n s\u00fcrece daha y\u00fcksek bir kozmik enerji alan\u0131nda oldu\u011funu fark edeceksin.<\/span><\/p>\n<p><span style=\"font-weight: 400;\">Unicornlar tamamen ayd\u0131nlanm\u0131\u015ft\u0131r, bu sebeple al\u0131nlar\u0131ndaki \u00fc\u00e7\u00fcnc\u00fc g\u00f6z sonuna kadar a\u00e7\u0131kt\u0131r ve o kadar parlak bir \u0131\u015f\u0131k sa\u00e7ar ki bu \u0131\u015f\u0131k kat\u0131 bir cisim gibi g\u00f6r\u00fcn\u00fcr ve spiral bir boynuz \u015feklini al\u0131r. Unicorn kolyeni takt\u0131k\u00e7a 3. g\u00f6z\u00fcn\u00fcn de aktive oldu\u011funu g\u00f6receksin. Unicorn enerjisi ile hayat\u0131na mucizeleri \u00e7ekmeye haz\u0131rs\u0131n. 777<\/span><\/p>\n<p><span style=\"font-weight: 400;\">Fiyat: 565 tl<\/span><\/p>\n<h5><b>A\u015fk Rit\u00fceli Kiti<\/b><\/h5>\n<p><span style=\"font-weight: 400;\">Hayat\u0131n\u0131za diledi\u011finiz a\u015fk\u0131 \u00e7ekin!<\/span><\/p>\n<p><span style=\"font-weight: 400;\">Fiyat: 1050 tl<\/span><\/p>\n<h5><b>Silindir Form Siyah Turmalin Do\u011fal Ta\u015f Kolye<\/b><\/h5>\n<p><b>Siyah Turmalin ta\u015f\u0131\u00a0<\/b><span style=\"font-weight: 400;\">\u00e7ok g\u00fc\u00e7l\u00fc bir koruma ta\u015f\u0131d\u0131r<\/span><b>.<\/b><b><br \/>\n<\/b><span style=\"font-weight: 400;\">Negatif t\u00fcm varl\u0131klara kar\u015f\u0131 kalkan g\u00f6revi g\u00f6r\u00fcr.<\/span><span style=\"font-weight: 400;\"><br \/>\n<\/span><span style=\"font-weight: 400;\">\u00a0Her bur\u00e7 \u00fczerinde ta\u015f\u0131yabilir.<\/span><span style=\"font-weight: 400;\"><br \/>\n<\/span><span style=\"font-weight: 400;\">Siyaht\u0131r ama g\u00f6kku\u015fa\u011f\u0131ndaki t\u00fcm renklerin biraraya nedeniyle siyah g\u00f6r\u00fcn\u00fcr. Ondan 7 \u00e7akra \u00fczerinde de etkili \u00e7al\u0131\u015f\u0131r.<\/span><span style=\"font-weight: 400;\"><br \/>\n<\/span><span style=\"font-weight: 400;\">Ruhsal olarak k\u00f6t\u00fc hissetti\u011finizde, enerji dengelemek i\u00e7in \u00fczerinizde ta\u015f\u0131yabilirsiniz.<\/span><\/p>\n<p><span style=\"font-weight: 400;\">Fiyat: 205 tl<\/span><\/p>\n<h5><b>Baby Silindir Form Morganit Do\u011fal Ta\u015f Kolye<\/b><\/h5>\n<p><span style=\"font-weight: 400;\">G\u00fc\u00e7, ne\u015fe ve duygusuyla ili\u015fkilendirdi\u011fimiz Morganit ta\u015f\u0131, di\u015fil enerjiyi dengelemekle beraber ilahi<\/span><span style=\"font-weight: 400;\"><br \/>\n<\/span><span style=\"font-weight: 400;\">sevgi ile ba\u011flant\u0131l\u0131d\u0131r. Duygu durumunu dengeleyen Morganit ta\u015f\u0131 a\u015fk ve evlilik konular\u0131n\u0131zda sizlere<\/span><span style=\"font-weight: 400;\"><br \/>\n<\/span><span style=\"font-weight: 400;\">yol g\u00f6stericidir. Mavi, Pembe, Sar\u0131 ve Ye\u015fil olarak bulunmaktad\u0131r.<\/span><span style=\"font-weight: 400;\"><br \/>\n<\/span><span style=\"font-weight: 400;\">Do\u011fal Ta\u015f Morganit kolyenizi 21 g\u00fcn boyunca \u201cHayat\u0131ma ihtiyac\u0131m olan ve beni dengeleyecek ilahi e\u015fi \u00e7ekiyorum, mutluyum\u201d diyerek takabilirsiniz.<\/span><\/p>\n<p><span style=\"font-weight: 400;\">Fiyat: 250 tl<\/span><\/p>\n<p>&nbsp;<\/p>\n<h1><\/h1>\n<h1><\/h1>\n","protected":false},"excerpt":{"rendered":"<p><strong>S\u0131n\u0131rl\u0131 Say\u0131da!<\/strong><\/p>\n<p>Eyl\u00fcl ay\u0131 boyunca ald\u0131\u011f\u0131n\u0131z kit ile Astrolog Elvan Vip Zoom toplant\u0131s\u0131na kat\u0131lma \u015fans\u0131 elde edeceksiniz.<\/p>\n<p><strong>Kit \u0130\u00e7eri\u011fi :<\/strong><\/p>\n<p>925 Ayar Alt\u0131n Kaplama Do\u011fal Form Sitrin Kolye<\/p>\n<p>Alt\u0131n Kaplama Do\u011fal Ta\u015f Ametist Kolye<\/p>\n<p>925 Ayar G\u00fcm\u00fc\u015f \u00dczeri Alt\u0131n Kaplama Pembe Kuvars Kolye<\/p>\n<p>His Ta\u015f\u0131 Fat\u0131ma\u2019n\u0131n Eli Kolye<\/p>\n<p>925 Ayar G\u00fcm\u00fc\u015f \u00dczeri Alt\u0131n Kaplama Baby Unicorn Kolye<\/p>\n<p>A\u015fk Rit\u00fceli Kiti<\/p>\n<p>Baby Silindir Form Morganit Do\u011fal Ta\u015f Kolye<\/p>\n<p>Silindir Form Siyah Turmalin Do\u011fal Ta\u015f Kolye<\/p>\n<p>&nbsp;<\/p>\n","protected":false},"featured_media":1049,"comment_status":"open","ping_status":"closed","template":"","meta":[],"product_brand":[],"product_cat":[470],"product_tag":[],"class_list":{"0":"post-993","1":"product","2":"type-product","3":"status-publish","4":"has-post-thumbnail","6":"product_cat-private-kitler","8":"first","9":"outofstock","10":"taxable","11":"shipping-taxable","12":"purchasable","13":"product-type-simple"},"yoast_head":"<!-- This site is optimized with the Yoast SEO plugin v27.3 - https:\/\/yoast.com\/product\/yoast-seo-wordpress\/ -->\n<title>PR\u0130VATE K\u0130T - VEN\u00dcS - Astrolog Elvan<\/title>\n<meta name=\"robots\" content=\"index, follow, max-snippet:-1, max-image-preview:large, max-video-preview:-1\" \/>\n<link rel=\"canonical\" href=\"https:\/\/astrologelvan.com\/magaza\/urun\/private-kit-venus\/\" \/>\n<meta property=\"og:locale\" content=\"tr_TR\" \/>\n<meta property=\"og:type\" content=\"article\" \/>\n<meta property=\"og:title\" content=\"PR\u0130VATE K\u0130T - VEN\u00dcS - Astrolog Elvan\" \/>\n<meta property=\"og:description\" content=\"S\u0131n\u0131rl\u0131 Say\u0131da!  Eyl\u00fcl ay\u0131 boyunca ald\u0131\u011f\u0131n\u0131z kit ile Astrolog Elvan Vip Zoom toplant\u0131s\u0131na kat\u0131lma \u015fans\u0131 elde edeceksiniz.  Kit \u0130\u00e7eri\u011fi :  925 Ayar Alt\u0131n Kaplama Do\u011fal Form Sitrin Kolye  Alt\u0131n Kaplama Do\u011fal Ta\u015f Ametist Kolye  925 Ayar G\u00fcm\u00fc\u015f \u00dczeri Alt\u0131n Kaplama Pembe Kuvars Kolye  His Ta\u015f\u0131 Fat\u0131ma\u2019n\u0131n Eli Kolye  925 Ayar G\u00fcm\u00fc\u015f \u00dczeri Alt\u0131n Kaplama Baby Unicorn Kolye  A\u015fk Rit\u00fceli Kiti  Baby Silindir Form Morganit Do\u011fal Ta\u015f Kolye  Silindir Form Siyah Turmalin Do\u011fal Ta\u015f Kolye  &nbsp;\" \/>\n<meta property=\"og:url\" content=\"https:\/\/astrologelvan.com\/magaza\/urun\/private-kit-venus\/\" \/>\n<meta property=\"og:site_name\" content=\"Astrolog Elvan\" \/>\n<meta property=\"article:modified_time\" content=\"2026-03-26T17:31:05+00:00\" \/>\n<meta property=\"og:image\" content=\"https:\/\/astrologelvan.com\/magaza\/wp-content\/uploads\/2024\/02\/venus-private-.jpg\" \/>\n\t<meta property=\"og:image:width\" content=\"1080\" \/>\n\t<meta property=\"og:image:height\" content=\"1080\" \/>\n\t<meta property=\"og:image:type\" content=\"image\/jpeg\" \/>\n<meta name=\"twitter:card\" content=\"summary_large_image\" \/>\n<meta name=\"twitter:label1\" content=\"Tahmini okuma s\u00fcresi\" \/>\n\t<meta name=\"twitter:data1\" content=\"3 dakika\" \/>\n<script type=\"application\/ld+json\" class=\"yoast-schema-graph\">{\"@context\":\"https:\\\/\\\/schema.org\",\"@graph\":[{\"@type\":[\"WebPage\",\"ItemPage\"],\"@id\":\"https:\\\/\\\/astrologelvan.com\\\/magaza\\\/urun\\\/private-kit-venus\\\/\",\"url\":\"https:\\\/\\\/astrologelvan.com\\\/magaza\\\/urun\\\/private-kit-venus\\\/\",\"name\":\"PR\u0130VATE K\u0130T - VEN\u00dcS - Astrolog Elvan\",\"isPartOf\":{\"@id\":\"https:\\\/\\\/astrologelvan.com\\\/magaza\\\/#website\"},\"primaryImageOfPage\":{\"@id\":\"https:\\\/\\\/astrologelvan.com\\\/magaza\\\/urun\\\/private-kit-venus\\\/#primaryimage\"},\"image\":{\"@id\":\"https:\\\/\\\/astrologelvan.com\\\/magaza\\\/urun\\\/private-kit-venus\\\/#primaryimage\"},\"thumbnailUrl\":\"https:\\\/\\\/astrologelvan.com\\\/magaza\\\/wp-content\\\/uploads\\\/2024\\\/02\\\/venus-private-.jpg\",\"datePublished\":\"2024-02-28T00:07:33+00:00\",\"dateModified\":\"2026-03-26T17:31:05+00:00\",\"breadcrumb\":{\"@id\":\"https:\\\/\\\/astrologelvan.com\\\/magaza\\\/urun\\\/private-kit-venus\\\/#breadcrumb\"},\"inLanguage\":\"tr\",\"potentialAction\":[{\"@type\":\"ReadAction\",\"target\":[\"https:\\\/\\\/astrologelvan.com\\\/magaza\\\/urun\\\/private-kit-venus\\\/\"]}]},{\"@type\":\"ImageObject\",\"inLanguage\":\"tr\",\"@id\":\"https:\\\/\\\/astrologelvan.com\\\/magaza\\\/urun\\\/private-kit-venus\\\/#primaryimage\",\"url\":\"https:\\\/\\\/astrologelvan.com\\\/magaza\\\/wp-content\\\/uploads\\\/2024\\\/02\\\/venus-private-.jpg\",\"contentUrl\":\"https:\\\/\\\/astrologelvan.com\\\/magaza\\\/wp-content\\\/uploads\\\/2024\\\/02\\\/venus-private-.jpg\",\"width\":1080,\"height\":1080},{\"@type\":\"BreadcrumbList\",\"@id\":\"https:\\\/\\\/astrologelvan.com\\\/magaza\\\/urun\\\/private-kit-venus\\\/#breadcrumb\",\"itemListElement\":[{\"@type\":\"ListItem\",\"position\":1,\"name\":\"Anasayfa\",\"item\":\"https:\\\/\\\/astrologelvan.com\\\/magaza\\\/\"},{\"@type\":\"ListItem\",\"position\":2,\"name\":\"Ma\u011faza\",\"item\":\"https:\\\/\\\/astrologelvan.com\\\/magaza\\\/magaza\\\/\"},{\"@type\":\"ListItem\",\"position\":3,\"name\":\"PR\u0130VATE K\u0130T &#8211; VEN\u00dcS\"}]},{\"@type\":\"WebSite\",\"@id\":\"https:\\\/\\\/astrologelvan.com\\\/magaza\\\/#website\",\"url\":\"https:\\\/\\\/astrologelvan.com\\\/magaza\\\/\",\"name\":\"Astrolog Elvan\",\"description\":\"\",\"potentialAction\":[{\"@type\":\"SearchAction\",\"target\":{\"@type\":\"EntryPoint\",\"urlTemplate\":\"https:\\\/\\\/astrologelvan.com\\\/magaza\\\/?s={search_term_string}\"},\"query-input\":{\"@type\":\"PropertyValueSpecification\",\"valueRequired\":true,\"valueName\":\"search_term_string\"}}],\"inLanguage\":\"tr\"}]}<\/script>\n<!-- \/ Yoast SEO plugin. -->","yoast_head_json":{"title":"PR\u0130VATE K\u0130T - VEN\u00dcS - Astrolog Elvan","robots":{"index":"index","follow":"follow","max-snippet":"max-snippet:-1","max-image-preview":"max-image-preview:large","max-video-preview":"max-video-preview:-1"},"canonical":"https:\/\/astrologelvan.com\/magaza\/urun\/private-kit-venus\/","og_locale":"tr_TR","og_type":"article","og_title":"PR\u0130VATE K\u0130T - VEN\u00dcS - Astrolog Elvan","og_description":"S\u0131n\u0131rl\u0131 Say\u0131da!  Eyl\u00fcl ay\u0131 boyunca ald\u0131\u011f\u0131n\u0131z kit ile Astrolog Elvan Vip Zoom toplant\u0131s\u0131na kat\u0131lma \u015fans\u0131 elde edeceksiniz.  Kit \u0130\u00e7eri\u011fi :  925 Ayar Alt\u0131n Kaplama Do\u011fal Form Sitrin Kolye  Alt\u0131n Kaplama Do\u011fal Ta\u015f Ametist Kolye  925 Ayar G\u00fcm\u00fc\u015f \u00dczeri Alt\u0131n Kaplama Pembe Kuvars Kolye  His Ta\u015f\u0131 Fat\u0131ma\u2019n\u0131n Eli Kolye  925 Ayar G\u00fcm\u00fc\u015f \u00dczeri Alt\u0131n Kaplama Baby Unicorn Kolye  A\u015fk Rit\u00fceli Kiti  Baby Silindir Form Morganit Do\u011fal Ta\u015f Kolye  Silindir Form Siyah Turmalin Do\u011fal Ta\u015f Kolye  &nbsp;","og_url":"https:\/\/astrologelvan.com\/magaza\/urun\/private-kit-venus\/","og_site_name":"Astrolog Elvan","article_modified_time":"2026-03-26T17:31:05+00:00","og_image":[{"width":1080,"height":1080,"url":"https:\/\/astrologelvan.com\/magaza\/wp-content\/uploads\/2024\/02\/venus-private-.jpg","type":"image\/jpeg"}],"twitter_card":"summary_large_image","twitter_misc":{"Tahmini okuma s\u00fcresi":"3 dakika"},"schema":{"@context":"https:\/\/schema.org","@graph":[{"@type":["WebPage","ItemPage"],"@id":"https:\/\/astrologelvan.com\/magaza\/urun\/private-kit-venus\/","url":"https:\/\/astrologelvan.com\/magaza\/urun\/private-kit-venus\/","name":"PR\u0130VATE K\u0130T - VEN\u00dcS - Astrolog Elvan","isPartOf":{"@id":"https:\/\/astrologelvan.com\/magaza\/#website"},"primaryImageOfPage":{"@id":"https:\/\/astrologelvan.com\/magaza\/urun\/private-kit-venus\/#primaryimage"},"image":{"@id":"https:\/\/astrologelvan.com\/magaza\/urun\/private-kit-venus\/#primaryimage"},"thumbnailUrl":"https:\/\/astrologelvan.com\/magaza\/wp-content\/uploads\/2024\/02\/venus-private-.jpg","datePublished":"2024-02-28T00:07:33+00:00","dateModified":"2026-03-26T17:31:05+00:00","breadcrumb":{"@id":"https:\/\/astrologelvan.com\/magaza\/urun\/private-kit-venus\/#breadcrumb"},"inLanguage":"tr","potentialAction":[{"@type":"ReadAction","target":["https:\/\/astrologelvan.com\/magaza\/urun\/private-kit-venus\/"]}]},{"@type":"ImageObject","inLanguage":"tr","@id":"https:\/\/astrologelvan.com\/magaza\/urun\/private-kit-venus\/#primaryimage","url":"https:\/\/astrologelvan.com\/magaza\/wp-content\/uploads\/2024\/02\/venus-private-.jpg","contentUrl":"https:\/\/astrologelvan.com\/magaza\/wp-content\/uploads\/2024\/02\/venus-private-.jpg","width":1080,"height":1080},{"@type":"BreadcrumbList","@id":"https:\/\/astrologelvan.com\/magaza\/urun\/private-kit-venus\/#breadcrumb","itemListElement":[{"@type":"ListItem","position":1,"name":"Anasayfa","item":"https:\/\/astrologelvan.com\/magaza\/"},{"@type":"ListItem","position":2,"name":"Ma\u011faza","item":"https:\/\/astrologelvan.com\/magaza\/magaza\/"},{"@type":"ListItem","position":3,"name":"PR\u0130VATE K\u0130T &#8211; VEN\u00dcS"}]},{"@type":"WebSite","@id":"https:\/\/astrologelvan.com\/magaza\/#website","url":"https:\/\/astrologelvan.com\/magaza\/","name":"Astrolog Elvan","description":"","potentialAction":[{"@type":"SearchAction","target":{"@type":"EntryPoint","urlTemplate":"https:\/\/astrologelvan.com\/magaza\/?s={search_term_string}"},"query-input":{"@type":"PropertyValueSpecification","valueRequired":true,"valueName":"search_term_string"}}],"inLanguage":"tr"}]}},"_links":{"self":[{"href":"https:\/\/astrologelvan.com\/magaza\/wp-json\/wp\/v2\/product\/993","targetHints":{"allow":["GET"]}}],"collection":[{"href":"https:\/\/astrologelvan.com\/magaza\/wp-json\/wp\/v2\/product"}],"about":[{"href":"https:\/\/astrologelvan.com\/magaza\/wp-json\/wp\/v2\/types\/product"}],"replies":[{"embeddable":true,"href":"https:\/\/astrologelvan.com\/magaza\/wp-json\/wp\/v2\/comments?post=993"}],"wp:featuredmedia":[{"embeddable":true,"href":"https:\/\/astrologelvan.com\/magaza\/wp-json\/wp\/v2\/media\/1049"}],"wp:attachment":[{"href":"https:\/\/astrologelvan.com\/magaza\/wp-json\/wp\/v2\/media?parent=993"}],"wp:term":[{"taxonomy":"product_brand","embeddable":true,"href":"https:\/\/astrologelvan.com\/magaza\/wp-json\/wp\/v2\/product_brand?post=993"},{"taxonomy":"product_cat","embeddable":true,"href":"https:\/\/astrologelvan.com\/magaza\/wp-json\/wp\/v2\/product_cat?post=993"},{"taxonomy":"product_tag","embeddable":true,"href":"https:\/\/astrologelvan.com\/magaza\/wp-json\/wp\/v2\/product_tag?post=993"}],"curies":[{"name":"wp","href":"https:\/\/api.w.org\/{rel}","templated":true}]}}