{"id":99231,"date":"2025-08-19T17:58:41","date_gmt":"2025-08-19T14:58:41","guid":{"rendered":"https:\/\/astrologelvan.com\/magaza\/?post_type=product&#038;p=99231"},"modified":"2026-03-24T12:31:31","modified_gmt":"2026-03-24T09:31:31","slug":"yakut-bileklik","status":"publish","type":"product","link":"https:\/\/astrologelvan.com\/magaza\/urun\/yakut-bileklik\/","title":{"rendered":"Faset Kesim Yakut Bileklik"},"content":{"rendered":"<p data-start=\"166\" data-end=\"350\">Yakut, Mars gezegeninin enerjisini do\u011frudan destekler. G\u00fc\u00e7 verir, cesaret kazand\u0131r\u0131r ve sizi yeni ba\u015flang\u0131\u00e7lara haz\u0131rlar. Hedeflerinize ula\u015fman\u0131zda azim ve kararl\u0131l\u0131kla yan\u0131n\u0131zda olur. Ya\u015fam enerjinizi y\u00fckseltmek, g\u00fc\u00e7l\u00fc ve ba\u015far\u0131l\u0131 olmak istiyorsan\u0131z mutlaka yakut kullanman\u0131z gerekir.<\/p>\n","protected":false},"excerpt":{"rendered":"<p>Yakut, Mars gezegeninin enerjisini do\u011frudan destekler. G\u00fc\u00e7 verir, cesaret kazand\u0131r\u0131r ve sizi yeni ba\u015flang\u0131\u00e7lara haz\u0131rlar. Hedeflerinize ula\u015fman\u0131zda azim ve kararl\u0131l\u0131kla yan\u0131n\u0131zda olur. Ya\u015fam enerjinizi y\u00fckseltmek, g\u00fc\u00e7l\u00fc ve ba\u015far\u0131l\u0131 olmak istiyorsan\u0131z mutlaka yakut kullanman\u0131z gerekir.<\/p>\n","protected":false},"featured_media":99239,"comment_status":"open","ping_status":"closed","template":"","meta":[],"product_brand":[],"product_cat":[258,403],"product_tag":[],"class_list":{"0":"post-99231","1":"product","2":"type-product","3":"status-publish","4":"has-post-thumbnail","6":"product_cat-bileklik","7":"product_cat-yakut-tasi","9":"first","10":"instock","11":"taxable","12":"shipping-taxable","13":"purchasable","14":"product-type-simple"},"yoast_head":"<!-- This site is optimized with the Yoast SEO plugin v27.3 - https:\/\/yoast.com\/product\/yoast-seo-wordpress\/ -->\n<title>Faset Kesim Yakut Bileklik - Astrolog Elvan<\/title>\n<meta name=\"robots\" content=\"index, follow, max-snippet:-1, max-image-preview:large, max-video-preview:-1\" \/>\n<link rel=\"canonical\" href=\"https:\/\/astrologelvan.com\/magaza\/urun\/yakut-bileklik\/\" \/>\n<meta property=\"og:locale\" content=\"tr_TR\" \/>\n<meta property=\"og:type\" content=\"article\" \/>\n<meta property=\"og:title\" content=\"Faset Kesim Yakut Bileklik - Astrolog Elvan\" \/>\n<meta property=\"og:description\" content=\"Yakut, Mars gezegeninin enerjisini do\u011frudan destekler. G\u00fc\u00e7 verir, cesaret kazand\u0131r\u0131r ve sizi yeni ba\u015flang\u0131\u00e7lara haz\u0131rlar. Hedeflerinize ula\u015fman\u0131zda azim ve kararl\u0131l\u0131kla yan\u0131n\u0131zda olur. Ya\u015fam enerjinizi y\u00fckseltmek, g\u00fc\u00e7l\u00fc ve ba\u015far\u0131l\u0131 olmak istiyorsan\u0131z mutlaka yakut kullanman\u0131z gerekir.\" \/>\n<meta property=\"og:url\" content=\"https:\/\/astrologelvan.com\/magaza\/urun\/yakut-bileklik\/\" \/>\n<meta property=\"og:site_name\" content=\"Astrolog Elvan\" \/>\n<meta property=\"article:modified_time\" content=\"2026-03-24T09:31:31+00:00\" \/>\n<meta property=\"og:image\" content=\"https:\/\/astrologelvan.com\/magaza\/wp-content\/uploads\/2025\/08\/DSC01009-kopya-3000x4000.jpg\" \/>\n\t<meta property=\"og:image:width\" content=\"3000\" \/>\n\t<meta property=\"og:image:height\" content=\"4000\" \/>\n\t<meta property=\"og:image:type\" content=\"image\/jpeg\" \/>\n<meta name=\"twitter:card\" content=\"summary_large_image\" \/>\n<meta name=\"twitter:label1\" content=\"Tahmini okuma s\u00fcresi\" \/>\n\t<meta name=\"twitter:data1\" content=\"1 dakika\" \/>\n<script type=\"application\/ld+json\" class=\"yoast-schema-graph\">{\"@context\":\"https:\\\/\\\/schema.org\",\"@graph\":[{\"@type\":[\"WebPage\",\"ItemPage\"],\"@id\":\"https:\\\/\\\/astrologelvan.com\\\/magaza\\\/urun\\\/yakut-bileklik\\\/\",\"url\":\"https:\\\/\\\/astrologelvan.com\\\/magaza\\\/urun\\\/yakut-bileklik\\\/\",\"name\":\"Faset Kesim Yakut Bileklik - Astrolog Elvan\",\"isPartOf\":{\"@id\":\"https:\\\/\\\/astrologelvan.com\\\/magaza\\\/#website\"},\"primaryImageOfPage\":{\"@id\":\"https:\\\/\\\/astrologelvan.com\\\/magaza\\\/urun\\\/yakut-bileklik\\\/#primaryimage\"},\"image\":{\"@id\":\"https:\\\/\\\/astrologelvan.com\\\/magaza\\\/urun\\\/yakut-bileklik\\\/#primaryimage\"},\"thumbnailUrl\":\"https:\\\/\\\/astrologelvan.com\\\/magaza\\\/wp-content\\\/uploads\\\/2025\\\/08\\\/DSC01009-kopya.jpg\",\"datePublished\":\"2025-08-19T14:58:41+00:00\",\"dateModified\":\"2026-03-24T09:31:31+00:00\",\"breadcrumb\":{\"@id\":\"https:\\\/\\\/astrologelvan.com\\\/magaza\\\/urun\\\/yakut-bileklik\\\/#breadcrumb\"},\"inLanguage\":\"tr\",\"potentialAction\":[{\"@type\":\"ReadAction\",\"target\":[\"https:\\\/\\\/astrologelvan.com\\\/magaza\\\/urun\\\/yakut-bileklik\\\/\"]}]},{\"@type\":\"ImageObject\",\"inLanguage\":\"tr\",\"@id\":\"https:\\\/\\\/astrologelvan.com\\\/magaza\\\/urun\\\/yakut-bileklik\\\/#primaryimage\",\"url\":\"https:\\\/\\\/astrologelvan.com\\\/magaza\\\/wp-content\\\/uploads\\\/2025\\\/08\\\/DSC01009-kopya.jpg\",\"contentUrl\":\"https:\\\/\\\/astrologelvan.com\\\/magaza\\\/wp-content\\\/uploads\\\/2025\\\/08\\\/DSC01009-kopya.jpg\",\"width\":6336,\"height\":8448},{\"@type\":\"BreadcrumbList\",\"@id\":\"https:\\\/\\\/astrologelvan.com\\\/magaza\\\/urun\\\/yakut-bileklik\\\/#breadcrumb\",\"itemListElement\":[{\"@type\":\"ListItem\",\"position\":1,\"name\":\"Anasayfa\",\"item\":\"https:\\\/\\\/astrologelvan.com\\\/magaza\\\/\"},{\"@type\":\"ListItem\",\"position\":2,\"name\":\"Ma\u011faza\",\"item\":\"https:\\\/\\\/astrologelvan.com\\\/magaza\\\/magaza\\\/\"},{\"@type\":\"ListItem\",\"position\":3,\"name\":\"Faset Kesim Yakut Bileklik\"}]},{\"@type\":\"WebSite\",\"@id\":\"https:\\\/\\\/astrologelvan.com\\\/magaza\\\/#website\",\"url\":\"https:\\\/\\\/astrologelvan.com\\\/magaza\\\/\",\"name\":\"Astrolog Elvan\",\"description\":\"\",\"potentialAction\":[{\"@type\":\"SearchAction\",\"target\":{\"@type\":\"EntryPoint\",\"urlTemplate\":\"https:\\\/\\\/astrologelvan.com\\\/magaza\\\/?s={search_term_string}\"},\"query-input\":{\"@type\":\"PropertyValueSpecification\",\"valueRequired\":true,\"valueName\":\"search_term_string\"}}],\"inLanguage\":\"tr\"}]}<\/script>\n<!-- \/ Yoast SEO plugin. -->","yoast_head_json":{"title":"Faset Kesim Yakut Bileklik - Astrolog Elvan","robots":{"index":"index","follow":"follow","max-snippet":"max-snippet:-1","max-image-preview":"max-image-preview:large","max-video-preview":"max-video-preview:-1"},"canonical":"https:\/\/astrologelvan.com\/magaza\/urun\/yakut-bileklik\/","og_locale":"tr_TR","og_type":"article","og_title":"Faset Kesim Yakut Bileklik - Astrolog Elvan","og_description":"Yakut, Mars gezegeninin enerjisini do\u011frudan destekler. G\u00fc\u00e7 verir, cesaret kazand\u0131r\u0131r ve sizi yeni ba\u015flang\u0131\u00e7lara haz\u0131rlar. Hedeflerinize ula\u015fman\u0131zda azim ve kararl\u0131l\u0131kla yan\u0131n\u0131zda olur. Ya\u015fam enerjinizi y\u00fckseltmek, g\u00fc\u00e7l\u00fc ve ba\u015far\u0131l\u0131 olmak istiyorsan\u0131z mutlaka yakut kullanman\u0131z gerekir.","og_url":"https:\/\/astrologelvan.com\/magaza\/urun\/yakut-bileklik\/","og_site_name":"Astrolog Elvan","article_modified_time":"2026-03-24T09:31:31+00:00","og_image":[{"width":3000,"height":4000,"url":"https:\/\/astrologelvan.com\/magaza\/wp-content\/uploads\/2025\/08\/DSC01009-kopya-3000x4000.jpg","type":"image\/jpeg"}],"twitter_card":"summary_large_image","twitter_misc":{"Tahmini okuma s\u00fcresi":"1 dakika"},"schema":{"@context":"https:\/\/schema.org","@graph":[{"@type":["WebPage","ItemPage"],"@id":"https:\/\/astrologelvan.com\/magaza\/urun\/yakut-bileklik\/","url":"https:\/\/astrologelvan.com\/magaza\/urun\/yakut-bileklik\/","name":"Faset Kesim Yakut Bileklik - Astrolog Elvan","isPartOf":{"@id":"https:\/\/astrologelvan.com\/magaza\/#website"},"primaryImageOfPage":{"@id":"https:\/\/astrologelvan.com\/magaza\/urun\/yakut-bileklik\/#primaryimage"},"image":{"@id":"https:\/\/astrologelvan.com\/magaza\/urun\/yakut-bileklik\/#primaryimage"},"thumbnailUrl":"https:\/\/astrologelvan.com\/magaza\/wp-content\/uploads\/2025\/08\/DSC01009-kopya.jpg","datePublished":"2025-08-19T14:58:41+00:00","dateModified":"2026-03-24T09:31:31+00:00","breadcrumb":{"@id":"https:\/\/astrologelvan.com\/magaza\/urun\/yakut-bileklik\/#breadcrumb"},"inLanguage":"tr","potentialAction":[{"@type":"ReadAction","target":["https:\/\/astrologelvan.com\/magaza\/urun\/yakut-bileklik\/"]}]},{"@type":"ImageObject","inLanguage":"tr","@id":"https:\/\/astrologelvan.com\/magaza\/urun\/yakut-bileklik\/#primaryimage","url":"https:\/\/astrologelvan.com\/magaza\/wp-content\/uploads\/2025\/08\/DSC01009-kopya.jpg","contentUrl":"https:\/\/astrologelvan.com\/magaza\/wp-content\/uploads\/2025\/08\/DSC01009-kopya.jpg","width":6336,"height":8448},{"@type":"BreadcrumbList","@id":"https:\/\/astrologelvan.com\/magaza\/urun\/yakut-bileklik\/#breadcrumb","itemListElement":[{"@type":"ListItem","position":1,"name":"Anasayfa","item":"https:\/\/astrologelvan.com\/magaza\/"},{"@type":"ListItem","position":2,"name":"Ma\u011faza","item":"https:\/\/astrologelvan.com\/magaza\/magaza\/"},{"@type":"ListItem","position":3,"name":"Faset Kesim Yakut Bileklik"}]},{"@type":"WebSite","@id":"https:\/\/astrologelvan.com\/magaza\/#website","url":"https:\/\/astrologelvan.com\/magaza\/","name":"Astrolog Elvan","description":"","potentialAction":[{"@type":"SearchAction","target":{"@type":"EntryPoint","urlTemplate":"https:\/\/astrologelvan.com\/magaza\/?s={search_term_string}"},"query-input":{"@type":"PropertyValueSpecification","valueRequired":true,"valueName":"search_term_string"}}],"inLanguage":"tr"}]}},"_links":{"self":[{"href":"https:\/\/astrologelvan.com\/magaza\/wp-json\/wp\/v2\/product\/99231","targetHints":{"allow":["GET"]}}],"collection":[{"href":"https:\/\/astrologelvan.com\/magaza\/wp-json\/wp\/v2\/product"}],"about":[{"href":"https:\/\/astrologelvan.com\/magaza\/wp-json\/wp\/v2\/types\/product"}],"replies":[{"embeddable":true,"href":"https:\/\/astrologelvan.com\/magaza\/wp-json\/wp\/v2\/comments?post=99231"}],"wp:featuredmedia":[{"embeddable":true,"href":"https:\/\/astrologelvan.com\/magaza\/wp-json\/wp\/v2\/media\/99239"}],"wp:attachment":[{"href":"https:\/\/astrologelvan.com\/magaza\/wp-json\/wp\/v2\/media?parent=99231"}],"wp:term":[{"taxonomy":"product_brand","embeddable":true,"href":"https:\/\/astrologelvan.com\/magaza\/wp-json\/wp\/v2\/product_brand?post=99231"},{"taxonomy":"product_cat","embeddable":true,"href":"https:\/\/astrologelvan.com\/magaza\/wp-json\/wp\/v2\/product_cat?post=99231"},{"taxonomy":"product_tag","embeddable":true,"href":"https:\/\/astrologelvan.com\/magaza\/wp-json\/wp\/v2\/product_tag?post=99231"}],"curies":[{"name":"wp","href":"https:\/\/api.w.org\/{rel}","templated":true}]}}