{"id":99225,"date":"2025-08-19T17:38:52","date_gmt":"2025-08-19T14:38:52","guid":{"rendered":"https:\/\/astrologelvan.com\/magaza\/?post_type=product&#038;p=99225"},"modified":"2026-03-07T15:13:01","modified_gmt":"2026-03-07T12:13:01","slug":"mavi-topaz-bileklik","status":"publish","type":"product","link":"https:\/\/astrologelvan.com\/magaza\/urun\/mavi-topaz-bileklik\/","title":{"rendered":"Mavi Topaz Bileklik"},"content":{"rendered":"<p data-start=\"143\" data-end=\"344\">J\u00fcpiter&#8217;in etkisini en g\u00fc\u00e7l\u00fc hissettiren ta\u015f: <em data-start=\"189\" data-end=\"202\">Mavi Topaz.<\/em><br data-start=\"202\" data-end=\"205\" \/>Takt\u0131\u011f\u0131n\u0131z an hayat\u0131n\u0131za bolluk, bereketi, her t\u00fcrl\u00fc b\u00fcy\u00fcmeyi, \u015fans\u0131 ve refah\u0131 \u00e7ekersiniz. Gem kalite mavi topaz bileklikle her daim \u015fansl\u0131 hissedeceksiniz.<\/p>\n","protected":false},"excerpt":{"rendered":"<p>J\u00fcpiter&#8217;in etkisini en g\u00fc\u00e7l\u00fc hissettiren ta\u015f: <em data-start=\"189\" data-end=\"202\">Mavi Topaz.<\/em><br data-start=\"202\" data-end=\"205\" \/>Takt\u0131\u011f\u0131n\u0131z an hayat\u0131n\u0131za bolluk, bereketi, her t\u00fcrl\u00fc b\u00fcy\u00fcmeyi, \u015fans\u0131 ve refah\u0131 \u00e7ekersiniz. Gem kalite mavi topaz bileklikle her daim \u015fansl\u0131 hissedeceksiniz.<\/p>\n","protected":false},"featured_media":99229,"comment_status":"open","ping_status":"closed","template":"","meta":[],"product_brand":[],"product_cat":[258,26,115],"product_tag":[],"class_list":{"0":"post-99225","1":"product","2":"type-product","3":"status-publish","4":"has-post-thumbnail","6":"product_cat-bileklik","7":"product_cat-genel","8":"product_cat-topaz","10":"first","11":"instock","12":"taxable","13":"shipping-taxable","14":"purchasable","15":"product-type-simple"},"yoast_head":"<!-- This site is optimized with the Yoast SEO plugin v27.3 - https:\/\/yoast.com\/product\/yoast-seo-wordpress\/ -->\n<title>Mavi Topaz Bileklik - Astrolog Elvan<\/title>\n<meta name=\"robots\" content=\"index, follow, max-snippet:-1, max-image-preview:large, max-video-preview:-1\" \/>\n<link rel=\"canonical\" href=\"https:\/\/astrologelvan.com\/magaza\/urun\/mavi-topaz-bileklik\/\" \/>\n<meta property=\"og:locale\" content=\"tr_TR\" \/>\n<meta property=\"og:type\" content=\"article\" \/>\n<meta property=\"og:title\" content=\"Mavi Topaz Bileklik - Astrolog Elvan\" \/>\n<meta property=\"og:description\" content=\"J\u00fcpiter&#039;in etkisini en g\u00fc\u00e7l\u00fc hissettiren ta\u015f: Mavi Topaz.Takt\u0131\u011f\u0131n\u0131z an hayat\u0131n\u0131za bolluk, bereketi, her t\u00fcrl\u00fc b\u00fcy\u00fcmeyi, \u015fans\u0131 ve refah\u0131 \u00e7ekersiniz. Gem kalite mavi topaz bileklikle her daim \u015fansl\u0131 hissedeceksiniz.\" \/>\n<meta property=\"og:url\" content=\"https:\/\/astrologelvan.com\/magaza\/urun\/mavi-topaz-bileklik\/\" \/>\n<meta property=\"og:site_name\" content=\"Astrolog Elvan\" \/>\n<meta property=\"article:modified_time\" content=\"2026-03-07T12:13:01+00:00\" \/>\n<meta property=\"og:image\" content=\"https:\/\/astrologelvan.com\/magaza\/wp-content\/uploads\/2025\/08\/DSC01042-kopya-3000x4000.jpg\" \/>\n\t<meta property=\"og:image:width\" content=\"3000\" \/>\n\t<meta property=\"og:image:height\" content=\"4000\" \/>\n\t<meta property=\"og:image:type\" content=\"image\/jpeg\" \/>\n<meta name=\"twitter:card\" content=\"summary_large_image\" \/>\n<meta name=\"twitter:label1\" content=\"Tahmini okuma s\u00fcresi\" \/>\n\t<meta name=\"twitter:data1\" content=\"1 dakika\" \/>\n<script type=\"application\/ld+json\" class=\"yoast-schema-graph\">{\"@context\":\"https:\\\/\\\/schema.org\",\"@graph\":[{\"@type\":[\"WebPage\",\"ItemPage\"],\"@id\":\"https:\\\/\\\/astrologelvan.com\\\/magaza\\\/urun\\\/mavi-topaz-bileklik\\\/\",\"url\":\"https:\\\/\\\/astrologelvan.com\\\/magaza\\\/urun\\\/mavi-topaz-bileklik\\\/\",\"name\":\"Mavi Topaz Bileklik - Astrolog Elvan\",\"isPartOf\":{\"@id\":\"https:\\\/\\\/astrologelvan.com\\\/magaza\\\/#website\"},\"primaryImageOfPage\":{\"@id\":\"https:\\\/\\\/astrologelvan.com\\\/magaza\\\/urun\\\/mavi-topaz-bileklik\\\/#primaryimage\"},\"image\":{\"@id\":\"https:\\\/\\\/astrologelvan.com\\\/magaza\\\/urun\\\/mavi-topaz-bileklik\\\/#primaryimage\"},\"thumbnailUrl\":\"https:\\\/\\\/astrologelvan.com\\\/magaza\\\/wp-content\\\/uploads\\\/2025\\\/08\\\/DSC01042-kopya.jpg\",\"datePublished\":\"2025-08-19T14:38:52+00:00\",\"dateModified\":\"2026-03-07T12:13:01+00:00\",\"breadcrumb\":{\"@id\":\"https:\\\/\\\/astrologelvan.com\\\/magaza\\\/urun\\\/mavi-topaz-bileklik\\\/#breadcrumb\"},\"inLanguage\":\"tr\",\"potentialAction\":[{\"@type\":\"ReadAction\",\"target\":[\"https:\\\/\\\/astrologelvan.com\\\/magaza\\\/urun\\\/mavi-topaz-bileklik\\\/\"]}]},{\"@type\":\"ImageObject\",\"inLanguage\":\"tr\",\"@id\":\"https:\\\/\\\/astrologelvan.com\\\/magaza\\\/urun\\\/mavi-topaz-bileklik\\\/#primaryimage\",\"url\":\"https:\\\/\\\/astrologelvan.com\\\/magaza\\\/wp-content\\\/uploads\\\/2025\\\/08\\\/DSC01042-kopya.jpg\",\"contentUrl\":\"https:\\\/\\\/astrologelvan.com\\\/magaza\\\/wp-content\\\/uploads\\\/2025\\\/08\\\/DSC01042-kopya.jpg\",\"width\":6336,\"height\":8448},{\"@type\":\"BreadcrumbList\",\"@id\":\"https:\\\/\\\/astrologelvan.com\\\/magaza\\\/urun\\\/mavi-topaz-bileklik\\\/#breadcrumb\",\"itemListElement\":[{\"@type\":\"ListItem\",\"position\":1,\"name\":\"Anasayfa\",\"item\":\"https:\\\/\\\/astrologelvan.com\\\/magaza\\\/\"},{\"@type\":\"ListItem\",\"position\":2,\"name\":\"Ma\u011faza\",\"item\":\"https:\\\/\\\/astrologelvan.com\\\/magaza\\\/magaza\\\/\"},{\"@type\":\"ListItem\",\"position\":3,\"name\":\"Mavi Topaz Bileklik\"}]},{\"@type\":\"WebSite\",\"@id\":\"https:\\\/\\\/astrologelvan.com\\\/magaza\\\/#website\",\"url\":\"https:\\\/\\\/astrologelvan.com\\\/magaza\\\/\",\"name\":\"Astrolog Elvan\",\"description\":\"\",\"potentialAction\":[{\"@type\":\"SearchAction\",\"target\":{\"@type\":\"EntryPoint\",\"urlTemplate\":\"https:\\\/\\\/astrologelvan.com\\\/magaza\\\/?s={search_term_string}\"},\"query-input\":{\"@type\":\"PropertyValueSpecification\",\"valueRequired\":true,\"valueName\":\"search_term_string\"}}],\"inLanguage\":\"tr\"}]}<\/script>\n<!-- \/ Yoast SEO plugin. -->","yoast_head_json":{"title":"Mavi Topaz Bileklik - Astrolog Elvan","robots":{"index":"index","follow":"follow","max-snippet":"max-snippet:-1","max-image-preview":"max-image-preview:large","max-video-preview":"max-video-preview:-1"},"canonical":"https:\/\/astrologelvan.com\/magaza\/urun\/mavi-topaz-bileklik\/","og_locale":"tr_TR","og_type":"article","og_title":"Mavi Topaz Bileklik - Astrolog Elvan","og_description":"J\u00fcpiter'in etkisini en g\u00fc\u00e7l\u00fc hissettiren ta\u015f: Mavi Topaz.Takt\u0131\u011f\u0131n\u0131z an hayat\u0131n\u0131za bolluk, bereketi, her t\u00fcrl\u00fc b\u00fcy\u00fcmeyi, \u015fans\u0131 ve refah\u0131 \u00e7ekersiniz. Gem kalite mavi topaz bileklikle her daim \u015fansl\u0131 hissedeceksiniz.","og_url":"https:\/\/astrologelvan.com\/magaza\/urun\/mavi-topaz-bileklik\/","og_site_name":"Astrolog Elvan","article_modified_time":"2026-03-07T12:13:01+00:00","og_image":[{"width":3000,"height":4000,"url":"https:\/\/astrologelvan.com\/magaza\/wp-content\/uploads\/2025\/08\/DSC01042-kopya-3000x4000.jpg","type":"image\/jpeg"}],"twitter_card":"summary_large_image","twitter_misc":{"Tahmini okuma s\u00fcresi":"1 dakika"},"schema":{"@context":"https:\/\/schema.org","@graph":[{"@type":["WebPage","ItemPage"],"@id":"https:\/\/astrologelvan.com\/magaza\/urun\/mavi-topaz-bileklik\/","url":"https:\/\/astrologelvan.com\/magaza\/urun\/mavi-topaz-bileklik\/","name":"Mavi Topaz Bileklik - Astrolog Elvan","isPartOf":{"@id":"https:\/\/astrologelvan.com\/magaza\/#website"},"primaryImageOfPage":{"@id":"https:\/\/astrologelvan.com\/magaza\/urun\/mavi-topaz-bileklik\/#primaryimage"},"image":{"@id":"https:\/\/astrologelvan.com\/magaza\/urun\/mavi-topaz-bileklik\/#primaryimage"},"thumbnailUrl":"https:\/\/astrologelvan.com\/magaza\/wp-content\/uploads\/2025\/08\/DSC01042-kopya.jpg","datePublished":"2025-08-19T14:38:52+00:00","dateModified":"2026-03-07T12:13:01+00:00","breadcrumb":{"@id":"https:\/\/astrologelvan.com\/magaza\/urun\/mavi-topaz-bileklik\/#breadcrumb"},"inLanguage":"tr","potentialAction":[{"@type":"ReadAction","target":["https:\/\/astrologelvan.com\/magaza\/urun\/mavi-topaz-bileklik\/"]}]},{"@type":"ImageObject","inLanguage":"tr","@id":"https:\/\/astrologelvan.com\/magaza\/urun\/mavi-topaz-bileklik\/#primaryimage","url":"https:\/\/astrologelvan.com\/magaza\/wp-content\/uploads\/2025\/08\/DSC01042-kopya.jpg","contentUrl":"https:\/\/astrologelvan.com\/magaza\/wp-content\/uploads\/2025\/08\/DSC01042-kopya.jpg","width":6336,"height":8448},{"@type":"BreadcrumbList","@id":"https:\/\/astrologelvan.com\/magaza\/urun\/mavi-topaz-bileklik\/#breadcrumb","itemListElement":[{"@type":"ListItem","position":1,"name":"Anasayfa","item":"https:\/\/astrologelvan.com\/magaza\/"},{"@type":"ListItem","position":2,"name":"Ma\u011faza","item":"https:\/\/astrologelvan.com\/magaza\/magaza\/"},{"@type":"ListItem","position":3,"name":"Mavi Topaz Bileklik"}]},{"@type":"WebSite","@id":"https:\/\/astrologelvan.com\/magaza\/#website","url":"https:\/\/astrologelvan.com\/magaza\/","name":"Astrolog Elvan","description":"","potentialAction":[{"@type":"SearchAction","target":{"@type":"EntryPoint","urlTemplate":"https:\/\/astrologelvan.com\/magaza\/?s={search_term_string}"},"query-input":{"@type":"PropertyValueSpecification","valueRequired":true,"valueName":"search_term_string"}}],"inLanguage":"tr"}]}},"_links":{"self":[{"href":"https:\/\/astrologelvan.com\/magaza\/wp-json\/wp\/v2\/product\/99225","targetHints":{"allow":["GET"]}}],"collection":[{"href":"https:\/\/astrologelvan.com\/magaza\/wp-json\/wp\/v2\/product"}],"about":[{"href":"https:\/\/astrologelvan.com\/magaza\/wp-json\/wp\/v2\/types\/product"}],"replies":[{"embeddable":true,"href":"https:\/\/astrologelvan.com\/magaza\/wp-json\/wp\/v2\/comments?post=99225"}],"wp:featuredmedia":[{"embeddable":true,"href":"https:\/\/astrologelvan.com\/magaza\/wp-json\/wp\/v2\/media\/99229"}],"wp:attachment":[{"href":"https:\/\/astrologelvan.com\/magaza\/wp-json\/wp\/v2\/media?parent=99225"}],"wp:term":[{"taxonomy":"product_brand","embeddable":true,"href":"https:\/\/astrologelvan.com\/magaza\/wp-json\/wp\/v2\/product_brand?post=99225"},{"taxonomy":"product_cat","embeddable":true,"href":"https:\/\/astrologelvan.com\/magaza\/wp-json\/wp\/v2\/product_cat?post=99225"},{"taxonomy":"product_tag","embeddable":true,"href":"https:\/\/astrologelvan.com\/magaza\/wp-json\/wp\/v2\/product_tag?post=99225"}],"curies":[{"name":"wp","href":"https:\/\/api.w.org\/{rel}","templated":true}]}}