{"id":987,"date":"2024-02-28T03:07:08","date_gmt":"2024-02-28T00:07:08","guid":{"rendered":"https:\/\/astrologelvan.shop\/?post_type=product&#038;p=987"},"modified":"2025-10-06T08:15:06","modified_gmt":"2025-10-06T05:15:06","slug":"oval-form-labradorit-dogal-tas-kadin-kolye","status":"publish","type":"product","link":"https:\/\/astrologelvan.com\/magaza\/urun\/oval-form-labradorit-dogal-tas-kadin-kolye\/","title":{"rendered":"OVAL FORM LABRADOR\u0130T DO\u011eAL TA\u015e KADIN KOLYE"},"content":{"rendered":"<p><b>\u00dcr\u00fcn \u00d6zellikleri<\/b><\/p>\n<p><span style=\"font-weight: 400;\">Oval Form Labradorit Do\u011fal Ta\u015f Kad\u0131n Kolye<\/span><\/p>\n<p><span style=\"font-weight: 400;\">Ta\u015f\u0131n A\u011f\u0131rl\u0131\u011f\u0131:\u00a03 &#8211; 4 gr<\/span><\/p>\n<p><span style=\"font-weight: 400;\">Ta\u015f\u0131n boyutu:\u00a019 &#8211; 20 MM<\/span><\/p>\n<p>Do\u011fal ta\u015flar\u0131n\u00a0do\u011frudan cilde temas etmesini sa\u011fl\u0131yoruz. B\u00f6ylece do\u011fal ta\u015f takt\u0131k\u00e7a v\u00fccudunuzun titre\u015fimlerine ba\u011flan\u0131r ve size denge ve uyum getirir.<\/p>\n<p><strong>Tak\u0131lar\u0131n\u0131z\u0131n uzun s\u00fcre kullanabilmesi i\u00e7in; Parf\u00fcm, su, s\u0131v\u0131, dezenfektan, krem v.b. gibi maddelerle temas etmemesi, du\u015f-banyo s\u0131ras\u0131nda \u00e7\u0131kart\u0131lmas\u0131 gerekmektedir. Ki\u015finin ter-ten yap\u0131s\u0131na g\u00f6re de etkilenmektedir. Tak\u0131lar\u0131n\u0131z\u0131 kullanmad\u0131\u011f\u0131n\u0131z zamanlarda kesesinde saklaman\u0131z\u0131 \u00f6neririz.<\/strong><\/p>\n<p><strong>Do\u011fal ta\u015flar\u0131n belirli titre\u015fimlere ve frekanslara sahip oldu\u011fu bilinmektedir. Bu nedenle v\u00fccudumuzda ve auram\u0131zda birtak\u0131m iyi etkileri oldu\u011fu s\u00f6ylenmektedir. Ta\u015flar\u0131n \u00f6zelliklerinin bilimsel kesinli\u011fi yoktur. Astrologelvan ma\u011fazas\u0131ndaki t\u00fcm ta\u015flar orijinal, ger\u00e7ek do\u011fal ta\u015flard\u0131r. T\u0131bbi konularda doktora dan\u0131\u015fman\u0131z\u0131 tavsiye ederiz. Ta\u015flar\u0131n tedavi edici \u00f6zelli\u011fi yoktur, sadece ki\u015fisel enerjimizi y\u00fckseltmekte ve astrolojik olarak da temsil etti\u011fi gezegenlerin etkilerini artt\u0131rmakta oldu\u011fu kabul edilir. \u00d6rne\u011fin; pembe kuvars ta\u015f\u0131 a\u015fk ve sevgi gezegeni Ven\u00fcs&#8217;\u00fcn ta\u015f\u0131d\u0131r ve bu sebeple \u00fczerinde ta\u015f\u0131yan ki\u015finin a\u015fk ve sevgi frekans\u0131n\u0131 y\u00fckseltti\u011fi bilinir.<\/strong><\/p>\n","protected":false},"excerpt":{"rendered":"<p><span style=\"font-weight: 400;\">Labradorit ta\u015f\u0131, ismini Kuzey I\u015f\u0131klar\u0131n\u0131n F\u0131rt\u0131nalar\u0131ndan alm\u0131\u015ft\u0131r. \u015eifa sa\u011flad\u0131\u011f\u0131 i\u00e7in rahats\u0131zl\u0131klar\u0131 iyile\u015ftirmeye yard\u0131mc\u0131 olmas\u0131 amac\u0131yla kullan\u0131lmaktad\u0131r. Labradorit de\u011fi\u015fen renkleriyle de\u011ferli bir ta\u015f\u0131n irade g\u00fcc\u00fcn\u00fc, i\u00e7sel de\u011feri artt\u0131rmas\u0131 ve bo\u011faz \u00e7akras\u0131n\u0131 uyard\u0131\u011f\u0131 bilinmektedir. Bu ta\u015f\u0131n y\u00fczeyinde parlayan mavi, ye\u015fil ve sar\u0131 ge\u00e7i\u015fli renkler g\u00f6r\u00fcnmektedir bu renkler size bast\u0131\u011f\u0131n\u0131z zemini, g\u00f6ky\u00fcz\u00fcn\u00fc ve g\u00f6ky\u00fcz\u00fcndeki esintiyi \u00e7a\u011fr\u0131\u015ft\u0131rabilir.\u00a0<\/span><\/p>\n<p><span style=\"font-weight: 400;\">Akci\u011fere \u00f6zel bir ilgi g\u00f6steren Labradorit ta\u015f\u0131, sa\u011fl\u0131kl\u0131 sindirime, metabolizman\u0131z\u0131n iyi \u00e7al\u0131\u015fmas\u0131na, PMS semptomlar\u0131ndan ve a\u011fr\u0131l\u0131 regl d\u00f6nemlerinden \u015fikayeti olanlar i\u00e7in a\u011fr\u0131 ve gerginli\u011fi d\u00fc\u015f\u00fck seviyede tutma \u00f6zelli\u011fine sahip oldu\u011fu bilinmektedir.<\/span><\/p>\n","protected":false},"featured_media":1047,"comment_status":"open","ping_status":"closed","template":"","meta":[],"product_brand":[],"product_cat":[255,48,78],"product_tag":[469,179,39],"class_list":{"0":"post-987","1":"product","2":"type-product","3":"status-publish","4":"has-post-thumbnail","6":"product_cat-gumus-kolye","7":"product_cat-kolyeler","8":"product_cat-labradorit-tasi","9":"product_tag-ametrin-dogal-tas-kadin-bileklik","10":"product_tag-ametrin-tasi","11":"product_tag-astrolog-elvan","13":"first","14":"outofstock","15":"taxable","16":"shipping-taxable","17":"purchasable","18":"product-type-simple"},"yoast_head":"<!-- This site is optimized with the Yoast SEO plugin v27.3 - https:\/\/yoast.com\/product\/yoast-seo-wordpress\/ -->\n<title>OVAL FORM LABRADOR\u0130T DO\u011eAL TA\u015e KADIN KOLYE - Astrolog Elvan<\/title>\n<meta name=\"robots\" content=\"index, follow, max-snippet:-1, max-image-preview:large, max-video-preview:-1\" \/>\n<link rel=\"canonical\" href=\"https:\/\/astrologelvan.com\/magaza\/urun\/oval-form-labradorit-dogal-tas-kadin-kolye\/\" \/>\n<meta property=\"og:locale\" content=\"tr_TR\" \/>\n<meta property=\"og:type\" content=\"article\" \/>\n<meta property=\"og:title\" content=\"OVAL FORM LABRADOR\u0130T DO\u011eAL TA\u015e KADIN KOLYE - Astrolog Elvan\" \/>\n<meta property=\"og:description\" content=\"Labradorit ta\u015f\u0131, ismini Kuzey I\u015f\u0131klar\u0131n\u0131n F\u0131rt\u0131nalar\u0131ndan alm\u0131\u015ft\u0131r. \u015eifa sa\u011flad\u0131\u011f\u0131 i\u00e7in rahats\u0131zl\u0131klar\u0131 iyile\u015ftirmeye yard\u0131mc\u0131 olmas\u0131 amac\u0131yla kullan\u0131lmaktad\u0131r. Labradorit de\u011fi\u015fen renkleriyle de\u011ferli bir ta\u015f\u0131n irade g\u00fcc\u00fcn\u00fc, i\u00e7sel de\u011feri artt\u0131rmas\u0131 ve bo\u011faz \u00e7akras\u0131n\u0131 uyard\u0131\u011f\u0131 bilinmektedir. Bu ta\u015f\u0131n y\u00fczeyinde parlayan mavi, ye\u015fil ve sar\u0131 ge\u00e7i\u015fli renkler g\u00f6r\u00fcnmektedir bu renkler size bast\u0131\u011f\u0131n\u0131z zemini, g\u00f6ky\u00fcz\u00fcn\u00fc ve g\u00f6ky\u00fcz\u00fcndeki esintiyi \u00e7a\u011fr\u0131\u015ft\u0131rabilir.\u00a0  Akci\u011fere \u00f6zel bir ilgi g\u00f6steren Labradorit ta\u015f\u0131, sa\u011fl\u0131kl\u0131 sindirime, metabolizman\u0131z\u0131n iyi \u00e7al\u0131\u015fmas\u0131na, PMS semptomlar\u0131ndan ve a\u011fr\u0131l\u0131 regl d\u00f6nemlerinden \u015fikayeti olanlar i\u00e7in a\u011fr\u0131 ve gerginli\u011fi d\u00fc\u015f\u00fck seviyede tutma \u00f6zelli\u011fine sahip oldu\u011fu bilinmektedir.\" \/>\n<meta property=\"og:url\" content=\"https:\/\/astrologelvan.com\/magaza\/urun\/oval-form-labradorit-dogal-tas-kadin-kolye\/\" \/>\n<meta property=\"og:site_name\" content=\"Astrolog Elvan\" \/>\n<meta property=\"article:modified_time\" content=\"2025-10-06T05:15:06+00:00\" \/>\n<meta property=\"og:image\" content=\"https:\/\/astrologelvan.com\/magaza\/wp-content\/uploads\/2024\/02\/Oval-Form-Labradorit-Dogal-Tas-Kadin-Kolye.jpg\" \/>\n\t<meta property=\"og:image:width\" content=\"1080\" \/>\n\t<meta property=\"og:image:height\" content=\"1080\" \/>\n\t<meta property=\"og:image:type\" content=\"image\/jpeg\" \/>\n<meta name=\"twitter:card\" content=\"summary_large_image\" \/>\n<meta name=\"twitter:label1\" content=\"Tahmini okuma s\u00fcresi\" \/>\n\t<meta name=\"twitter:data1\" content=\"2 dakika\" \/>\n<script type=\"application\/ld+json\" class=\"yoast-schema-graph\">{\"@context\":\"https:\\\/\\\/schema.org\",\"@graph\":[{\"@type\":[\"WebPage\",\"ItemPage\"],\"@id\":\"https:\\\/\\\/astrologelvan.com\\\/magaza\\\/urun\\\/oval-form-labradorit-dogal-tas-kadin-kolye\\\/\",\"url\":\"https:\\\/\\\/astrologelvan.com\\\/magaza\\\/urun\\\/oval-form-labradorit-dogal-tas-kadin-kolye\\\/\",\"name\":\"OVAL FORM LABRADOR\u0130T DO\u011eAL TA\u015e KADIN KOLYE - Astrolog Elvan\",\"isPartOf\":{\"@id\":\"https:\\\/\\\/astrologelvan.com\\\/magaza\\\/#website\"},\"primaryImageOfPage\":{\"@id\":\"https:\\\/\\\/astrologelvan.com\\\/magaza\\\/urun\\\/oval-form-labradorit-dogal-tas-kadin-kolye\\\/#primaryimage\"},\"image\":{\"@id\":\"https:\\\/\\\/astrologelvan.com\\\/magaza\\\/urun\\\/oval-form-labradorit-dogal-tas-kadin-kolye\\\/#primaryimage\"},\"thumbnailUrl\":\"https:\\\/\\\/astrologelvan.com\\\/magaza\\\/wp-content\\\/uploads\\\/2024\\\/02\\\/Oval-Form-Labradorit-Dogal-Tas-Kadin-Kolye.jpg\",\"datePublished\":\"2024-02-28T00:07:08+00:00\",\"dateModified\":\"2025-10-06T05:15:06+00:00\",\"breadcrumb\":{\"@id\":\"https:\\\/\\\/astrologelvan.com\\\/magaza\\\/urun\\\/oval-form-labradorit-dogal-tas-kadin-kolye\\\/#breadcrumb\"},\"inLanguage\":\"tr\",\"potentialAction\":[{\"@type\":\"ReadAction\",\"target\":[\"https:\\\/\\\/astrologelvan.com\\\/magaza\\\/urun\\\/oval-form-labradorit-dogal-tas-kadin-kolye\\\/\"]}]},{\"@type\":\"ImageObject\",\"inLanguage\":\"tr\",\"@id\":\"https:\\\/\\\/astrologelvan.com\\\/magaza\\\/urun\\\/oval-form-labradorit-dogal-tas-kadin-kolye\\\/#primaryimage\",\"url\":\"https:\\\/\\\/astrologelvan.com\\\/magaza\\\/wp-content\\\/uploads\\\/2024\\\/02\\\/Oval-Form-Labradorit-Dogal-Tas-Kadin-Kolye.jpg\",\"contentUrl\":\"https:\\\/\\\/astrologelvan.com\\\/magaza\\\/wp-content\\\/uploads\\\/2024\\\/02\\\/Oval-Form-Labradorit-Dogal-Tas-Kadin-Kolye.jpg\",\"width\":1080,\"height\":1080},{\"@type\":\"BreadcrumbList\",\"@id\":\"https:\\\/\\\/astrologelvan.com\\\/magaza\\\/urun\\\/oval-form-labradorit-dogal-tas-kadin-kolye\\\/#breadcrumb\",\"itemListElement\":[{\"@type\":\"ListItem\",\"position\":1,\"name\":\"Anasayfa\",\"item\":\"https:\\\/\\\/astrologelvan.com\\\/magaza\\\/\"},{\"@type\":\"ListItem\",\"position\":2,\"name\":\"Ma\u011faza\",\"item\":\"https:\\\/\\\/astrologelvan.com\\\/magaza\\\/magaza\\\/\"},{\"@type\":\"ListItem\",\"position\":3,\"name\":\"OVAL FORM LABRADOR\u0130T DO\u011eAL TA\u015e KADIN KOLYE\"}]},{\"@type\":\"WebSite\",\"@id\":\"https:\\\/\\\/astrologelvan.com\\\/magaza\\\/#website\",\"url\":\"https:\\\/\\\/astrologelvan.com\\\/magaza\\\/\",\"name\":\"Astrolog Elvan\",\"description\":\"\",\"potentialAction\":[{\"@type\":\"SearchAction\",\"target\":{\"@type\":\"EntryPoint\",\"urlTemplate\":\"https:\\\/\\\/astrologelvan.com\\\/magaza\\\/?s={search_term_string}\"},\"query-input\":{\"@type\":\"PropertyValueSpecification\",\"valueRequired\":true,\"valueName\":\"search_term_string\"}}],\"inLanguage\":\"tr\"}]}<\/script>\n<!-- \/ Yoast SEO plugin. -->","yoast_head_json":{"title":"OVAL FORM LABRADOR\u0130T DO\u011eAL TA\u015e KADIN KOLYE - Astrolog Elvan","robots":{"index":"index","follow":"follow","max-snippet":"max-snippet:-1","max-image-preview":"max-image-preview:large","max-video-preview":"max-video-preview:-1"},"canonical":"https:\/\/astrologelvan.com\/magaza\/urun\/oval-form-labradorit-dogal-tas-kadin-kolye\/","og_locale":"tr_TR","og_type":"article","og_title":"OVAL FORM LABRADOR\u0130T DO\u011eAL TA\u015e KADIN KOLYE - Astrolog Elvan","og_description":"Labradorit ta\u015f\u0131, ismini Kuzey I\u015f\u0131klar\u0131n\u0131n F\u0131rt\u0131nalar\u0131ndan alm\u0131\u015ft\u0131r. \u015eifa sa\u011flad\u0131\u011f\u0131 i\u00e7in rahats\u0131zl\u0131klar\u0131 iyile\u015ftirmeye yard\u0131mc\u0131 olmas\u0131 amac\u0131yla kullan\u0131lmaktad\u0131r. Labradorit de\u011fi\u015fen renkleriyle de\u011ferli bir ta\u015f\u0131n irade g\u00fcc\u00fcn\u00fc, i\u00e7sel de\u011feri artt\u0131rmas\u0131 ve bo\u011faz \u00e7akras\u0131n\u0131 uyard\u0131\u011f\u0131 bilinmektedir. Bu ta\u015f\u0131n y\u00fczeyinde parlayan mavi, ye\u015fil ve sar\u0131 ge\u00e7i\u015fli renkler g\u00f6r\u00fcnmektedir bu renkler size bast\u0131\u011f\u0131n\u0131z zemini, g\u00f6ky\u00fcz\u00fcn\u00fc ve g\u00f6ky\u00fcz\u00fcndeki esintiyi \u00e7a\u011fr\u0131\u015ft\u0131rabilir.\u00a0  Akci\u011fere \u00f6zel bir ilgi g\u00f6steren Labradorit ta\u015f\u0131, sa\u011fl\u0131kl\u0131 sindirime, metabolizman\u0131z\u0131n iyi \u00e7al\u0131\u015fmas\u0131na, PMS semptomlar\u0131ndan ve a\u011fr\u0131l\u0131 regl d\u00f6nemlerinden \u015fikayeti olanlar i\u00e7in a\u011fr\u0131 ve gerginli\u011fi d\u00fc\u015f\u00fck seviyede tutma \u00f6zelli\u011fine sahip oldu\u011fu bilinmektedir.","og_url":"https:\/\/astrologelvan.com\/magaza\/urun\/oval-form-labradorit-dogal-tas-kadin-kolye\/","og_site_name":"Astrolog Elvan","article_modified_time":"2025-10-06T05:15:06+00:00","og_image":[{"width":1080,"height":1080,"url":"https:\/\/astrologelvan.com\/magaza\/wp-content\/uploads\/2024\/02\/Oval-Form-Labradorit-Dogal-Tas-Kadin-Kolye.jpg","type":"image\/jpeg"}],"twitter_card":"summary_large_image","twitter_misc":{"Tahmini okuma s\u00fcresi":"2 dakika"},"schema":{"@context":"https:\/\/schema.org","@graph":[{"@type":["WebPage","ItemPage"],"@id":"https:\/\/astrologelvan.com\/magaza\/urun\/oval-form-labradorit-dogal-tas-kadin-kolye\/","url":"https:\/\/astrologelvan.com\/magaza\/urun\/oval-form-labradorit-dogal-tas-kadin-kolye\/","name":"OVAL FORM LABRADOR\u0130T DO\u011eAL TA\u015e KADIN KOLYE - Astrolog Elvan","isPartOf":{"@id":"https:\/\/astrologelvan.com\/magaza\/#website"},"primaryImageOfPage":{"@id":"https:\/\/astrologelvan.com\/magaza\/urun\/oval-form-labradorit-dogal-tas-kadin-kolye\/#primaryimage"},"image":{"@id":"https:\/\/astrologelvan.com\/magaza\/urun\/oval-form-labradorit-dogal-tas-kadin-kolye\/#primaryimage"},"thumbnailUrl":"https:\/\/astrologelvan.com\/magaza\/wp-content\/uploads\/2024\/02\/Oval-Form-Labradorit-Dogal-Tas-Kadin-Kolye.jpg","datePublished":"2024-02-28T00:07:08+00:00","dateModified":"2025-10-06T05:15:06+00:00","breadcrumb":{"@id":"https:\/\/astrologelvan.com\/magaza\/urun\/oval-form-labradorit-dogal-tas-kadin-kolye\/#breadcrumb"},"inLanguage":"tr","potentialAction":[{"@type":"ReadAction","target":["https:\/\/astrologelvan.com\/magaza\/urun\/oval-form-labradorit-dogal-tas-kadin-kolye\/"]}]},{"@type":"ImageObject","inLanguage":"tr","@id":"https:\/\/astrologelvan.com\/magaza\/urun\/oval-form-labradorit-dogal-tas-kadin-kolye\/#primaryimage","url":"https:\/\/astrologelvan.com\/magaza\/wp-content\/uploads\/2024\/02\/Oval-Form-Labradorit-Dogal-Tas-Kadin-Kolye.jpg","contentUrl":"https:\/\/astrologelvan.com\/magaza\/wp-content\/uploads\/2024\/02\/Oval-Form-Labradorit-Dogal-Tas-Kadin-Kolye.jpg","width":1080,"height":1080},{"@type":"BreadcrumbList","@id":"https:\/\/astrologelvan.com\/magaza\/urun\/oval-form-labradorit-dogal-tas-kadin-kolye\/#breadcrumb","itemListElement":[{"@type":"ListItem","position":1,"name":"Anasayfa","item":"https:\/\/astrologelvan.com\/magaza\/"},{"@type":"ListItem","position":2,"name":"Ma\u011faza","item":"https:\/\/astrologelvan.com\/magaza\/magaza\/"},{"@type":"ListItem","position":3,"name":"OVAL FORM LABRADOR\u0130T DO\u011eAL TA\u015e KADIN KOLYE"}]},{"@type":"WebSite","@id":"https:\/\/astrologelvan.com\/magaza\/#website","url":"https:\/\/astrologelvan.com\/magaza\/","name":"Astrolog Elvan","description":"","potentialAction":[{"@type":"SearchAction","target":{"@type":"EntryPoint","urlTemplate":"https:\/\/astrologelvan.com\/magaza\/?s={search_term_string}"},"query-input":{"@type":"PropertyValueSpecification","valueRequired":true,"valueName":"search_term_string"}}],"inLanguage":"tr"}]}},"_links":{"self":[{"href":"https:\/\/astrologelvan.com\/magaza\/wp-json\/wp\/v2\/product\/987","targetHints":{"allow":["GET"]}}],"collection":[{"href":"https:\/\/astrologelvan.com\/magaza\/wp-json\/wp\/v2\/product"}],"about":[{"href":"https:\/\/astrologelvan.com\/magaza\/wp-json\/wp\/v2\/types\/product"}],"replies":[{"embeddable":true,"href":"https:\/\/astrologelvan.com\/magaza\/wp-json\/wp\/v2\/comments?post=987"}],"wp:featuredmedia":[{"embeddable":true,"href":"https:\/\/astrologelvan.com\/magaza\/wp-json\/wp\/v2\/media\/1047"}],"wp:attachment":[{"href":"https:\/\/astrologelvan.com\/magaza\/wp-json\/wp\/v2\/media?parent=987"}],"wp:term":[{"taxonomy":"product_brand","embeddable":true,"href":"https:\/\/astrologelvan.com\/magaza\/wp-json\/wp\/v2\/product_brand?post=987"},{"taxonomy":"product_cat","embeddable":true,"href":"https:\/\/astrologelvan.com\/magaza\/wp-json\/wp\/v2\/product_cat?post=987"},{"taxonomy":"product_tag","embeddable":true,"href":"https:\/\/astrologelvan.com\/magaza\/wp-json\/wp\/v2\/product_tag?post=987"}],"curies":[{"name":"wp","href":"https:\/\/api.w.org\/{rel}","templated":true}]}}