{"id":986,"date":"2024-02-28T03:07:07","date_gmt":"2024-02-28T00:07:07","guid":{"rendered":"https:\/\/astrologelvan.shop\/?post_type=product&#038;p=986"},"modified":"2025-10-06T08:15:06","modified_gmt":"2025-10-06T05:15:06","slug":"ametrin-dogal-tas-kadin-bileklik","status":"publish","type":"product","link":"https:\/\/astrologelvan.com\/magaza\/urun\/ametrin-dogal-tas-kadin-bileklik\/","title":{"rendered":"AMETR\u0130N DO\u011eAL TA\u015e KADIN B\u0130LEKL\u0130K"},"content":{"rendered":"<p><b>\u00dcr\u00fcn \u00d6zellikleri<\/b><\/p>\n<p><span style=\"font-weight: 400;\">Ametrin Do\u011fal Ta\u015f Kad\u0131n Bileklik<\/span><\/p>\n<p><span style=\"font-weight: 400;\">Bilekli\u011fin ortalama uzunlu\u011fu: 21 CM<\/span><\/p>\n<p><span style=\"font-weight: 400;\">Ta\u015flar\u0131n yakla\u015f\u0131k \u00f6l\u00e7\u00fcs\u00fc:\u00a0 10 MM<\/span><\/p>\n<p>Do\u011fal ta\u015flar\u0131m\u0131z\u0131n\u00a0do\u011frudan cilde temas etmesini sa\u011fl\u0131yoruz. B\u00f6ylece do\u011fal ta\u015f takt\u0131k\u00e7a v\u00fccudunuzun titre\u015fimlerine ba\u011flan\u0131r ve size denge ve uyum getirir.<\/p>\n<p><strong>Tak\u0131lar\u0131n\u0131z\u0131n uzun s\u00fcre kullanabilmesi i\u00e7in; Parf\u00fcm, su, s\u0131v\u0131, dezenfektan, krem v.b. gibi maddelerle temas etmemesi, du\u015f-banyo s\u0131ras\u0131nda \u00e7\u0131kart\u0131lmas\u0131 gerekmektedir. Ki\u015finin ter-ten yap\u0131s\u0131na g\u00f6re de etkilenmektedir. Tak\u0131lar\u0131n\u0131z\u0131 kullanmad\u0131\u011f\u0131n\u0131z zamanlarda kesesinde saklaman\u0131z\u0131 \u00f6neririz.<\/strong><\/p>\n<p><strong>Do\u011fal ta\u015flar\u0131n belirli titre\u015fimlere ve frekanslara sahip oldu\u011fu bilinmektedir. Bu nedenle v\u00fccudumuzda ve auram\u0131zda birtak\u0131m iyi etkileri oldu\u011fu s\u00f6ylenmektedir. Ta\u015flar\u0131n \u00f6zelliklerinin bilimsel kesinli\u011fi yoktur. Astrologelvan ma\u011fazas\u0131ndaki t\u00fcm ta\u015flar orijinal, ger\u00e7ek do\u011fal ta\u015flard\u0131r. T\u0131bbi konularda doktora dan\u0131\u015fman\u0131z\u0131 tavsiye ederiz. Ta\u015flar\u0131n tedavi edici \u00f6zelli\u011fi yoktur, sadece ki\u015fisel enerjimizi y\u00fckseltmekte ve astrolojik olarak da temsil etti\u011fi gezegenlerin etkilerini artt\u0131rmakta oldu\u011fu kabul edilir. \u00d6rne\u011fin; pembe kuvars ta\u015f\u0131 a\u015fk ve sevgi gezegeni Ven\u00fcs&#8217;\u00fcn ta\u015f\u0131d\u0131r ve bu sebeple \u00fczerinde ta\u015f\u0131yan ki\u015finin a\u015fk ve sevgi frekans\u0131n\u0131 y\u00fckseltti\u011fi bilinir.<\/strong><\/p>\n<p>&nbsp;<\/p>\n","protected":false},"excerpt":{"rendered":"<p><span style=\"font-weight: 400;\">Ametrine, ametist ve sitrinin birle\u015fik \u00f6zelliklerini b\u00fcnyesinde bar\u0131nd\u0131ran, zihinsel istikrar\u0131 ve \u00f6zg\u00fcveni destekleyen dengeli ve uyumlu bir enerji yaratan bir de\u011ferli ta\u015f olarak tan\u0131mlan\u0131r. Bir denge ve ba\u011flant\u0131 ta\u015f\u0131 olarak gerilimi azaltt\u0131\u011f\u0131na, dinginlik getirdi\u011fine ve yarat\u0131c\u0131l\u0131\u011f\u0131 te\u015fvik etti\u011fine inan\u0131l\u0131r.\u00a0Birle\u015ftirdi\u011fi hem ametist hem de sitrin v\u00fccuttan toksinleri atma yetenekleriyle bilindi\u011finden, g\u00fc\u00e7l\u00fc detoksifiye edici \u00f6zelliklere sahip oldu\u011funa inan\u0131l\u0131r.<\/span><\/p>\n<p><span style=\"font-weight: 400;\">Ametrine ayr\u0131ca kronik yorgunlu\u011fu, cilt tahri\u015fini, alerjileri ve ayr\u0131ca adet ve menopoz semptomlar\u0131n\u0131 giderebildi\u011fi bilinmektedir.\u00a0 <\/span><\/p>\n","protected":false},"featured_media":1044,"comment_status":"open","ping_status":"closed","template":"","meta":[],"product_brand":[],"product_cat":[178,258,259],"product_tag":[469,179,39],"class_list":{"0":"post-986","1":"product","2":"type-product","3":"status-publish","4":"has-post-thumbnail","6":"product_cat-ametrin-tasi","7":"product_cat-bileklik","8":"product_cat-bileklikler","9":"product_tag-ametrin-dogal-tas-kadin-bileklik","10":"product_tag-ametrin-tasi","11":"product_tag-astrolog-elvan","13":"first","14":"outofstock","15":"taxable","16":"shipping-taxable","17":"purchasable","18":"product-type-simple"},"yoast_head":"<!-- This site is optimized with the Yoast SEO plugin v27.3 - https:\/\/yoast.com\/product\/yoast-seo-wordpress\/ -->\n<title>AMETR\u0130N DO\u011eAL TA\u015e KADIN B\u0130LEKL\u0130K - Astrolog Elvan<\/title>\n<meta name=\"robots\" content=\"index, follow, max-snippet:-1, max-image-preview:large, max-video-preview:-1\" \/>\n<link rel=\"canonical\" href=\"https:\/\/astrologelvan.com\/magaza\/urun\/ametrin-dogal-tas-kadin-bileklik\/\" \/>\n<meta property=\"og:locale\" content=\"tr_TR\" \/>\n<meta property=\"og:type\" content=\"article\" \/>\n<meta property=\"og:title\" content=\"AMETR\u0130N DO\u011eAL TA\u015e KADIN B\u0130LEKL\u0130K - Astrolog Elvan\" \/>\n<meta property=\"og:description\" content=\"Ametrine, ametist ve sitrinin birle\u015fik \u00f6zelliklerini b\u00fcnyesinde bar\u0131nd\u0131ran, zihinsel istikrar\u0131 ve \u00f6zg\u00fcveni destekleyen dengeli ve uyumlu bir enerji yaratan bir de\u011ferli ta\u015f olarak tan\u0131mlan\u0131r. Bir denge ve ba\u011flant\u0131 ta\u015f\u0131 olarak gerilimi azaltt\u0131\u011f\u0131na, dinginlik getirdi\u011fine ve yarat\u0131c\u0131l\u0131\u011f\u0131 te\u015fvik etti\u011fine inan\u0131l\u0131r.\u00a0Birle\u015ftirdi\u011fi hem ametist hem de sitrin v\u00fccuttan toksinleri atma yetenekleriyle bilindi\u011finden, g\u00fc\u00e7l\u00fc detoksifiye edici \u00f6zelliklere sahip oldu\u011funa inan\u0131l\u0131r.  Ametrine ayr\u0131ca kronik yorgunlu\u011fu, cilt tahri\u015fini, alerjileri ve ayr\u0131ca adet ve menopoz semptomlar\u0131n\u0131 giderebildi\u011fi bilinmektedir.\u00a0\" \/>\n<meta property=\"og:url\" content=\"https:\/\/astrologelvan.com\/magaza\/urun\/ametrin-dogal-tas-kadin-bileklik\/\" \/>\n<meta property=\"og:site_name\" content=\"Astrolog Elvan\" \/>\n<meta property=\"article:modified_time\" content=\"2025-10-06T05:15:06+00:00\" \/>\n<meta property=\"og:image\" content=\"https:\/\/astrologelvan.com\/magaza\/wp-content\/uploads\/2024\/02\/Ametrin-Dogal-Tas-Kadin-Bileklik.jpg\" \/>\n\t<meta property=\"og:image:width\" content=\"1080\" \/>\n\t<meta property=\"og:image:height\" content=\"1080\" \/>\n\t<meta property=\"og:image:type\" content=\"image\/jpeg\" \/>\n<meta name=\"twitter:card\" content=\"summary_large_image\" \/>\n<meta name=\"twitter:label1\" content=\"Tahmini okuma s\u00fcresi\" \/>\n\t<meta name=\"twitter:data1\" content=\"1 dakika\" \/>\n<script type=\"application\/ld+json\" class=\"yoast-schema-graph\">{\"@context\":\"https:\\\/\\\/schema.org\",\"@graph\":[{\"@type\":[\"WebPage\",\"ItemPage\"],\"@id\":\"https:\\\/\\\/astrologelvan.com\\\/magaza\\\/urun\\\/ametrin-dogal-tas-kadin-bileklik\\\/\",\"url\":\"https:\\\/\\\/astrologelvan.com\\\/magaza\\\/urun\\\/ametrin-dogal-tas-kadin-bileklik\\\/\",\"name\":\"AMETR\u0130N DO\u011eAL TA\u015e KADIN B\u0130LEKL\u0130K - Astrolog Elvan\",\"isPartOf\":{\"@id\":\"https:\\\/\\\/astrologelvan.com\\\/magaza\\\/#website\"},\"primaryImageOfPage\":{\"@id\":\"https:\\\/\\\/astrologelvan.com\\\/magaza\\\/urun\\\/ametrin-dogal-tas-kadin-bileklik\\\/#primaryimage\"},\"image\":{\"@id\":\"https:\\\/\\\/astrologelvan.com\\\/magaza\\\/urun\\\/ametrin-dogal-tas-kadin-bileklik\\\/#primaryimage\"},\"thumbnailUrl\":\"https:\\\/\\\/astrologelvan.com\\\/magaza\\\/wp-content\\\/uploads\\\/2024\\\/02\\\/Ametrin-Dogal-Tas-Kadin-Bileklik.jpg\",\"datePublished\":\"2024-02-28T00:07:07+00:00\",\"dateModified\":\"2025-10-06T05:15:06+00:00\",\"breadcrumb\":{\"@id\":\"https:\\\/\\\/astrologelvan.com\\\/magaza\\\/urun\\\/ametrin-dogal-tas-kadin-bileklik\\\/#breadcrumb\"},\"inLanguage\":\"tr\",\"potentialAction\":[{\"@type\":\"ReadAction\",\"target\":[\"https:\\\/\\\/astrologelvan.com\\\/magaza\\\/urun\\\/ametrin-dogal-tas-kadin-bileklik\\\/\"]}]},{\"@type\":\"ImageObject\",\"inLanguage\":\"tr\",\"@id\":\"https:\\\/\\\/astrologelvan.com\\\/magaza\\\/urun\\\/ametrin-dogal-tas-kadin-bileklik\\\/#primaryimage\",\"url\":\"https:\\\/\\\/astrologelvan.com\\\/magaza\\\/wp-content\\\/uploads\\\/2024\\\/02\\\/Ametrin-Dogal-Tas-Kadin-Bileklik.jpg\",\"contentUrl\":\"https:\\\/\\\/astrologelvan.com\\\/magaza\\\/wp-content\\\/uploads\\\/2024\\\/02\\\/Ametrin-Dogal-Tas-Kadin-Bileklik.jpg\",\"width\":1080,\"height\":1080},{\"@type\":\"BreadcrumbList\",\"@id\":\"https:\\\/\\\/astrologelvan.com\\\/magaza\\\/urun\\\/ametrin-dogal-tas-kadin-bileklik\\\/#breadcrumb\",\"itemListElement\":[{\"@type\":\"ListItem\",\"position\":1,\"name\":\"Anasayfa\",\"item\":\"https:\\\/\\\/astrologelvan.com\\\/magaza\\\/\"},{\"@type\":\"ListItem\",\"position\":2,\"name\":\"Ma\u011faza\",\"item\":\"https:\\\/\\\/astrologelvan.com\\\/magaza\\\/magaza\\\/\"},{\"@type\":\"ListItem\",\"position\":3,\"name\":\"AMETR\u0130N DO\u011eAL TA\u015e KADIN B\u0130LEKL\u0130K\"}]},{\"@type\":\"WebSite\",\"@id\":\"https:\\\/\\\/astrologelvan.com\\\/magaza\\\/#website\",\"url\":\"https:\\\/\\\/astrologelvan.com\\\/magaza\\\/\",\"name\":\"Astrolog Elvan\",\"description\":\"\",\"potentialAction\":[{\"@type\":\"SearchAction\",\"target\":{\"@type\":\"EntryPoint\",\"urlTemplate\":\"https:\\\/\\\/astrologelvan.com\\\/magaza\\\/?s={search_term_string}\"},\"query-input\":{\"@type\":\"PropertyValueSpecification\",\"valueRequired\":true,\"valueName\":\"search_term_string\"}}],\"inLanguage\":\"tr\"}]}<\/script>\n<!-- \/ Yoast SEO plugin. -->","yoast_head_json":{"title":"AMETR\u0130N DO\u011eAL TA\u015e KADIN B\u0130LEKL\u0130K - Astrolog Elvan","robots":{"index":"index","follow":"follow","max-snippet":"max-snippet:-1","max-image-preview":"max-image-preview:large","max-video-preview":"max-video-preview:-1"},"canonical":"https:\/\/astrologelvan.com\/magaza\/urun\/ametrin-dogal-tas-kadin-bileklik\/","og_locale":"tr_TR","og_type":"article","og_title":"AMETR\u0130N DO\u011eAL TA\u015e KADIN B\u0130LEKL\u0130K - Astrolog Elvan","og_description":"Ametrine, ametist ve sitrinin birle\u015fik \u00f6zelliklerini b\u00fcnyesinde bar\u0131nd\u0131ran, zihinsel istikrar\u0131 ve \u00f6zg\u00fcveni destekleyen dengeli ve uyumlu bir enerji yaratan bir de\u011ferli ta\u015f olarak tan\u0131mlan\u0131r. Bir denge ve ba\u011flant\u0131 ta\u015f\u0131 olarak gerilimi azaltt\u0131\u011f\u0131na, dinginlik getirdi\u011fine ve yarat\u0131c\u0131l\u0131\u011f\u0131 te\u015fvik etti\u011fine inan\u0131l\u0131r.\u00a0Birle\u015ftirdi\u011fi hem ametist hem de sitrin v\u00fccuttan toksinleri atma yetenekleriyle bilindi\u011finden, g\u00fc\u00e7l\u00fc detoksifiye edici \u00f6zelliklere sahip oldu\u011funa inan\u0131l\u0131r.  Ametrine ayr\u0131ca kronik yorgunlu\u011fu, cilt tahri\u015fini, alerjileri ve ayr\u0131ca adet ve menopoz semptomlar\u0131n\u0131 giderebildi\u011fi bilinmektedir.\u00a0","og_url":"https:\/\/astrologelvan.com\/magaza\/urun\/ametrin-dogal-tas-kadin-bileklik\/","og_site_name":"Astrolog Elvan","article_modified_time":"2025-10-06T05:15:06+00:00","og_image":[{"width":1080,"height":1080,"url":"https:\/\/astrologelvan.com\/magaza\/wp-content\/uploads\/2024\/02\/Ametrin-Dogal-Tas-Kadin-Bileklik.jpg","type":"image\/jpeg"}],"twitter_card":"summary_large_image","twitter_misc":{"Tahmini okuma s\u00fcresi":"1 dakika"},"schema":{"@context":"https:\/\/schema.org","@graph":[{"@type":["WebPage","ItemPage"],"@id":"https:\/\/astrologelvan.com\/magaza\/urun\/ametrin-dogal-tas-kadin-bileklik\/","url":"https:\/\/astrologelvan.com\/magaza\/urun\/ametrin-dogal-tas-kadin-bileklik\/","name":"AMETR\u0130N DO\u011eAL TA\u015e KADIN B\u0130LEKL\u0130K - Astrolog Elvan","isPartOf":{"@id":"https:\/\/astrologelvan.com\/magaza\/#website"},"primaryImageOfPage":{"@id":"https:\/\/astrologelvan.com\/magaza\/urun\/ametrin-dogal-tas-kadin-bileklik\/#primaryimage"},"image":{"@id":"https:\/\/astrologelvan.com\/magaza\/urun\/ametrin-dogal-tas-kadin-bileklik\/#primaryimage"},"thumbnailUrl":"https:\/\/astrologelvan.com\/magaza\/wp-content\/uploads\/2024\/02\/Ametrin-Dogal-Tas-Kadin-Bileklik.jpg","datePublished":"2024-02-28T00:07:07+00:00","dateModified":"2025-10-06T05:15:06+00:00","breadcrumb":{"@id":"https:\/\/astrologelvan.com\/magaza\/urun\/ametrin-dogal-tas-kadin-bileklik\/#breadcrumb"},"inLanguage":"tr","potentialAction":[{"@type":"ReadAction","target":["https:\/\/astrologelvan.com\/magaza\/urun\/ametrin-dogal-tas-kadin-bileklik\/"]}]},{"@type":"ImageObject","inLanguage":"tr","@id":"https:\/\/astrologelvan.com\/magaza\/urun\/ametrin-dogal-tas-kadin-bileklik\/#primaryimage","url":"https:\/\/astrologelvan.com\/magaza\/wp-content\/uploads\/2024\/02\/Ametrin-Dogal-Tas-Kadin-Bileklik.jpg","contentUrl":"https:\/\/astrologelvan.com\/magaza\/wp-content\/uploads\/2024\/02\/Ametrin-Dogal-Tas-Kadin-Bileklik.jpg","width":1080,"height":1080},{"@type":"BreadcrumbList","@id":"https:\/\/astrologelvan.com\/magaza\/urun\/ametrin-dogal-tas-kadin-bileklik\/#breadcrumb","itemListElement":[{"@type":"ListItem","position":1,"name":"Anasayfa","item":"https:\/\/astrologelvan.com\/magaza\/"},{"@type":"ListItem","position":2,"name":"Ma\u011faza","item":"https:\/\/astrologelvan.com\/magaza\/magaza\/"},{"@type":"ListItem","position":3,"name":"AMETR\u0130N DO\u011eAL TA\u015e KADIN B\u0130LEKL\u0130K"}]},{"@type":"WebSite","@id":"https:\/\/astrologelvan.com\/magaza\/#website","url":"https:\/\/astrologelvan.com\/magaza\/","name":"Astrolog Elvan","description":"","potentialAction":[{"@type":"SearchAction","target":{"@type":"EntryPoint","urlTemplate":"https:\/\/astrologelvan.com\/magaza\/?s={search_term_string}"},"query-input":{"@type":"PropertyValueSpecification","valueRequired":true,"valueName":"search_term_string"}}],"inLanguage":"tr"}]}},"_links":{"self":[{"href":"https:\/\/astrologelvan.com\/magaza\/wp-json\/wp\/v2\/product\/986","targetHints":{"allow":["GET"]}}],"collection":[{"href":"https:\/\/astrologelvan.com\/magaza\/wp-json\/wp\/v2\/product"}],"about":[{"href":"https:\/\/astrologelvan.com\/magaza\/wp-json\/wp\/v2\/types\/product"}],"replies":[{"embeddable":true,"href":"https:\/\/astrologelvan.com\/magaza\/wp-json\/wp\/v2\/comments?post=986"}],"wp:featuredmedia":[{"embeddable":true,"href":"https:\/\/astrologelvan.com\/magaza\/wp-json\/wp\/v2\/media\/1044"}],"wp:attachment":[{"href":"https:\/\/astrologelvan.com\/magaza\/wp-json\/wp\/v2\/media?parent=986"}],"wp:term":[{"taxonomy":"product_brand","embeddable":true,"href":"https:\/\/astrologelvan.com\/magaza\/wp-json\/wp\/v2\/product_brand?post=986"},{"taxonomy":"product_cat","embeddable":true,"href":"https:\/\/astrologelvan.com\/magaza\/wp-json\/wp\/v2\/product_cat?post=986"},{"taxonomy":"product_tag","embeddable":true,"href":"https:\/\/astrologelvan.com\/magaza\/wp-json\/wp\/v2\/product_tag?post=986"}],"curies":[{"name":"wp","href":"https:\/\/api.w.org\/{rel}","templated":true}]}}