{"id":980,"date":"2024-02-28T03:06:41","date_gmt":"2024-02-28T00:06:41","guid":{"rendered":"https:\/\/astrologelvan.shop\/?post_type=product&#038;p=980"},"modified":"2026-04-03T11:31:59","modified_gmt":"2026-04-03T08:31:59","slug":"baby-silindir-form-morganit-dogal-tas-kolye","status":"publish","type":"product","link":"https:\/\/astrologelvan.com\/magaza\/urun\/baby-silindir-form-morganit-dogal-tas-kolye\/","title":{"rendered":"BABY S\u0130L\u0130ND\u0130R FORM MORGAN\u0130T DO\u011eAL TA\u015e KOLYE"},"content":{"rendered":"<p><strong>\u00dcr\u00fcn \u00d6zellikleri:<\/strong><\/p>\n<p><span style=\"font-weight: 400\">Baby Silindir Form Morganit Do\u011fal Ta\u015f Kolye<\/span><\/p>\n<p><span style=\"font-weight: 400\">Kolye Uzunlu\u011fu: 45 CM<\/span><\/p>\n<p><span style=\"font-weight: 400\">Ta\u015f\u0131n a\u011f\u0131rl\u0131\u011f\u0131: 2 gr<\/span><span style=\"font-weight: 400\"><br \/>\n<\/span><span style=\"font-weight: 400\"><br \/>\n<\/span><span style=\"font-weight: 400\">Ta\u015f\u0131n yakla\u015f\u0131k \u00f6l\u00e7\u00fcs\u00fc: 8 &#8211; 11 MM<\/span><\/p>\n<p><strong>Tak\u0131lar\u0131n\u0131z\u0131n uzun s\u00fcre kullanabilmesi i\u00e7in; Parf\u00fcm, su, s\u0131v\u0131, dezenfektan, krem v.b. gibi maddelerle temas etmemesi, du\u015f-banyo s\u0131ras\u0131nda \u00e7\u0131kart\u0131lmas\u0131 gerekmektedir. Ki\u015finin ter-ten yap\u0131s\u0131na g\u00f6re de etkilenmektedir. Tak\u0131lar\u0131n\u0131z\u0131 kullanmad\u0131\u011f\u0131n\u0131z zamanlarda kesesinde saklaman\u0131z\u0131 \u00f6neririz.<\/strong><\/p>\n<p><strong>Do\u011fal ta\u015flar\u0131n belirli titre\u015fimlere ve frekanslara sahip oldu\u011fu bilinmektedir. Bu nedenle v\u00fccudumuzda ve auram\u0131zda birtak\u0131m iyi etkileri oldu\u011fu s\u00f6ylenmektedir. Ta\u015flar\u0131n \u00f6zelliklerinin bilimsel kesinli\u011fi yoktur. Astrologelvan ma\u011fazas\u0131ndaki t\u00fcm ta\u015flar orijinal, ger\u00e7ek do\u011fal ta\u015flard\u0131r. T\u0131bbi konularda doktora dan\u0131\u015fman\u0131z\u0131 tavsiye ederiz. Ta\u015flar\u0131n tedavi edici \u00f6zelli\u011fi yoktur, sadece ki\u015fisel enerjimizi y\u00fckseltmekte ve astrolojik olarak da temsil etti\u011fi gezegenlerin etkilerini artt\u0131rmakta oldu\u011fu kabul edilir. \u00d6rne\u011fin; pembe kuvars ta\u015f\u0131 a\u015fk ve sevgi gezegeni Ven\u00fcs\u2019\u00fcn ta\u015f\u0131d\u0131r ve bu sebeple \u00fczerinde ta\u015f\u0131yan ki\u015finin a\u015fk ve sevgi frekans\u0131n\u0131 y\u00fckseltti\u011fi bilinir.<\/strong><\/p>\n","protected":false},"excerpt":{"rendered":"<p><b>A\u015fk ve Evlilik Ta\u015f\u0131<\/b><\/p>\n<p><span style=\"font-weight: 400\">G\u00fc\u00e7, ne\u015fe ve duygusuyla ili\u015fkilendirdi\u011fimiz Morganit ta\u015f\u0131, di\u015fil enerjiyi dengelemekle beraber ilahi <\/span><span style=\"font-weight: 400\">sevgi ile ba\u011flant\u0131l\u0131d\u0131r. Duygu durumunu dengeleyen Morganit ta\u015f\u0131 a\u015fk ve evlilik konular\u0131n\u0131zda sizlere <\/span><span style=\"font-weight: 400\">yol g\u00f6stericidir. Mavi, Pembe, Sar\u0131 ve Ye\u015fil olarak bulunmaktad\u0131r.<\/span><span style=\"font-weight: 400\"><br \/>\n<\/span><span style=\"font-weight: 400\">Do\u011fal Ta\u015f Morganit kolyenizi 21 g\u00fcn boyunca \u201cHayat\u0131ma ihtiyac\u0131m olan ve beni dengeleyecek ilahi e\u015fi \u00e7ekiyorum, mutluyum\u201d diyerek takabilirsiniz.<\/span><\/p>\n<p><span style=\"font-weight: 400\">Not: Do\u011fal ta\u015flar\u0131m\u0131z Mavi, Ye\u015fil, Pembe ya da Sar\u0131 olarak size ula\u015fabilir. Morganit ta\u015f\u0131 farkl\u0131 renklerde bulunmaktad\u0131r.<\/span><\/p>\n","protected":false},"featured_media":11486,"comment_status":"open","ping_status":"closed","template":"","meta":[],"product_brand":[596],"product_cat":[91,52,255,48,439,7455],"product_tag":[],"class_list":{"0":"post-980","1":"product","2":"type-product","3":"status-publish","4":"has-post-thumbnail","6":"product_brand-astrolog-elvan","7":"product_cat-baby-kolye-serisi","8":"product_cat-dogal-taslar","9":"product_cat-gumus-kolye","10":"product_cat-kolyeler","11":"product_cat-morganit-tasi","12":"product_cat--kolyeler","14":"first","15":"instock","16":"featured","17":"taxable","18":"shipping-taxable","19":"purchasable","20":"product-type-simple"},"yoast_head":"<!-- This site is optimized with the Yoast SEO plugin v27.3 - https:\/\/yoast.com\/product\/yoast-seo-wordpress\/ -->\n<title>BABY S\u0130L\u0130ND\u0130R FORM MORGAN\u0130T DO\u011eAL TA\u015e KOLYE - Astrolog Elvan<\/title>\n<meta name=\"robots\" content=\"index, follow, max-snippet:-1, max-image-preview:large, max-video-preview:-1\" \/>\n<link rel=\"canonical\" href=\"https:\/\/astrologelvan.com\/magaza\/urun\/baby-silindir-form-morganit-dogal-tas-kolye\/\" \/>\n<meta property=\"og:locale\" content=\"tr_TR\" \/>\n<meta property=\"og:type\" content=\"article\" \/>\n<meta property=\"og:title\" content=\"BABY S\u0130L\u0130ND\u0130R FORM MORGAN\u0130T DO\u011eAL TA\u015e KOLYE - Astrolog Elvan\" \/>\n<meta property=\"og:description\" content=\"A\u015fk ve Evlilik Ta\u015f\u0131  G\u00fc\u00e7, ne\u015fe ve duygusuyla ili\u015fkilendirdi\u011fimiz Morganit ta\u015f\u0131, di\u015fil enerjiyi dengelemekle beraber ilahi sevgi ile ba\u011flant\u0131l\u0131d\u0131r. Duygu durumunu dengeleyen Morganit ta\u015f\u0131 a\u015fk ve evlilik konular\u0131n\u0131zda sizlere yol g\u00f6stericidir. Mavi, Pembe, Sar\u0131 ve Ye\u015fil olarak bulunmaktad\u0131r. Do\u011fal Ta\u015f Morganit kolyenizi 21 g\u00fcn boyunca \u201cHayat\u0131ma ihtiyac\u0131m olan ve beni dengeleyecek ilahi e\u015fi \u00e7ekiyorum, mutluyum\u201d diyerek takabilirsiniz.  Not: Do\u011fal ta\u015flar\u0131m\u0131z Mavi, Ye\u015fil, Pembe ya da Sar\u0131 olarak size ula\u015fabilir. Morganit ta\u015f\u0131 farkl\u0131 renklerde bulunmaktad\u0131r.\" \/>\n<meta property=\"og:url\" content=\"https:\/\/astrologelvan.com\/magaza\/urun\/baby-silindir-form-morganit-dogal-tas-kolye\/\" \/>\n<meta property=\"og:site_name\" content=\"Astrolog Elvan\" \/>\n<meta property=\"article:modified_time\" content=\"2026-04-03T08:31:59+00:00\" \/>\n<meta property=\"og:image\" content=\"https:\/\/astrologelvan.com\/magaza\/wp-content\/uploads\/2024\/02\/4-8-scaled-1.webp\" \/>\n\t<meta property=\"og:image:width\" content=\"1600\" \/>\n\t<meta property=\"og:image:height\" content=\"1600\" \/>\n\t<meta property=\"og:image:type\" content=\"image\/webp\" \/>\n<meta name=\"twitter:card\" content=\"summary_large_image\" \/>\n<meta name=\"twitter:label1\" content=\"Tahmini okuma s\u00fcresi\" \/>\n\t<meta name=\"twitter:data1\" content=\"2 dakika\" \/>\n<script type=\"application\/ld+json\" class=\"yoast-schema-graph\">{\"@context\":\"https:\\\/\\\/schema.org\",\"@graph\":[{\"@type\":[\"WebPage\",\"ItemPage\"],\"@id\":\"https:\\\/\\\/astrologelvan.com\\\/magaza\\\/urun\\\/baby-silindir-form-morganit-dogal-tas-kolye\\\/\",\"url\":\"https:\\\/\\\/astrologelvan.com\\\/magaza\\\/urun\\\/baby-silindir-form-morganit-dogal-tas-kolye\\\/\",\"name\":\"BABY S\u0130L\u0130ND\u0130R FORM MORGAN\u0130T DO\u011eAL TA\u015e KOLYE - Astrolog Elvan\",\"isPartOf\":{\"@id\":\"https:\\\/\\\/astrologelvan.com\\\/magaza\\\/#website\"},\"primaryImageOfPage\":{\"@id\":\"https:\\\/\\\/astrologelvan.com\\\/magaza\\\/urun\\\/baby-silindir-form-morganit-dogal-tas-kolye\\\/#primaryimage\"},\"image\":{\"@id\":\"https:\\\/\\\/astrologelvan.com\\\/magaza\\\/urun\\\/baby-silindir-form-morganit-dogal-tas-kolye\\\/#primaryimage\"},\"thumbnailUrl\":\"https:\\\/\\\/astrologelvan.com\\\/magaza\\\/wp-content\\\/uploads\\\/2024\\\/02\\\/4-8-scaled-1.webp\",\"datePublished\":\"2024-02-28T00:06:41+00:00\",\"dateModified\":\"2026-04-03T08:31:59+00:00\",\"breadcrumb\":{\"@id\":\"https:\\\/\\\/astrologelvan.com\\\/magaza\\\/urun\\\/baby-silindir-form-morganit-dogal-tas-kolye\\\/#breadcrumb\"},\"inLanguage\":\"tr\",\"potentialAction\":[{\"@type\":\"ReadAction\",\"target\":[\"https:\\\/\\\/astrologelvan.com\\\/magaza\\\/urun\\\/baby-silindir-form-morganit-dogal-tas-kolye\\\/\"]}]},{\"@type\":\"ImageObject\",\"inLanguage\":\"tr\",\"@id\":\"https:\\\/\\\/astrologelvan.com\\\/magaza\\\/urun\\\/baby-silindir-form-morganit-dogal-tas-kolye\\\/#primaryimage\",\"url\":\"https:\\\/\\\/astrologelvan.com\\\/magaza\\\/wp-content\\\/uploads\\\/2024\\\/02\\\/4-8-scaled-1.webp\",\"contentUrl\":\"https:\\\/\\\/astrologelvan.com\\\/magaza\\\/wp-content\\\/uploads\\\/2024\\\/02\\\/4-8-scaled-1.webp\",\"width\":1600,\"height\":1600},{\"@type\":\"BreadcrumbList\",\"@id\":\"https:\\\/\\\/astrologelvan.com\\\/magaza\\\/urun\\\/baby-silindir-form-morganit-dogal-tas-kolye\\\/#breadcrumb\",\"itemListElement\":[{\"@type\":\"ListItem\",\"position\":1,\"name\":\"Anasayfa\",\"item\":\"https:\\\/\\\/astrologelvan.com\\\/magaza\\\/\"},{\"@type\":\"ListItem\",\"position\":2,\"name\":\"Ma\u011faza\",\"item\":\"https:\\\/\\\/astrologelvan.com\\\/magaza\\\/magaza\\\/\"},{\"@type\":\"ListItem\",\"position\":3,\"name\":\"BABY S\u0130L\u0130ND\u0130R FORM MORGAN\u0130T DO\u011eAL TA\u015e KOLYE\"}]},{\"@type\":\"WebSite\",\"@id\":\"https:\\\/\\\/astrologelvan.com\\\/magaza\\\/#website\",\"url\":\"https:\\\/\\\/astrologelvan.com\\\/magaza\\\/\",\"name\":\"Astrolog Elvan\",\"description\":\"\",\"potentialAction\":[{\"@type\":\"SearchAction\",\"target\":{\"@type\":\"EntryPoint\",\"urlTemplate\":\"https:\\\/\\\/astrologelvan.com\\\/magaza\\\/?s={search_term_string}\"},\"query-input\":{\"@type\":\"PropertyValueSpecification\",\"valueRequired\":true,\"valueName\":\"search_term_string\"}}],\"inLanguage\":\"tr\"}]}<\/script>\n<!-- \/ Yoast SEO plugin. -->","yoast_head_json":{"title":"BABY S\u0130L\u0130ND\u0130R FORM MORGAN\u0130T DO\u011eAL TA\u015e KOLYE - Astrolog Elvan","robots":{"index":"index","follow":"follow","max-snippet":"max-snippet:-1","max-image-preview":"max-image-preview:large","max-video-preview":"max-video-preview:-1"},"canonical":"https:\/\/astrologelvan.com\/magaza\/urun\/baby-silindir-form-morganit-dogal-tas-kolye\/","og_locale":"tr_TR","og_type":"article","og_title":"BABY S\u0130L\u0130ND\u0130R FORM MORGAN\u0130T DO\u011eAL TA\u015e KOLYE - Astrolog Elvan","og_description":"A\u015fk ve Evlilik Ta\u015f\u0131  G\u00fc\u00e7, ne\u015fe ve duygusuyla ili\u015fkilendirdi\u011fimiz Morganit ta\u015f\u0131, di\u015fil enerjiyi dengelemekle beraber ilahi sevgi ile ba\u011flant\u0131l\u0131d\u0131r. Duygu durumunu dengeleyen Morganit ta\u015f\u0131 a\u015fk ve evlilik konular\u0131n\u0131zda sizlere yol g\u00f6stericidir. Mavi, Pembe, Sar\u0131 ve Ye\u015fil olarak bulunmaktad\u0131r. Do\u011fal Ta\u015f Morganit kolyenizi 21 g\u00fcn boyunca \u201cHayat\u0131ma ihtiyac\u0131m olan ve beni dengeleyecek ilahi e\u015fi \u00e7ekiyorum, mutluyum\u201d diyerek takabilirsiniz.  Not: Do\u011fal ta\u015flar\u0131m\u0131z Mavi, Ye\u015fil, Pembe ya da Sar\u0131 olarak size ula\u015fabilir. Morganit ta\u015f\u0131 farkl\u0131 renklerde bulunmaktad\u0131r.","og_url":"https:\/\/astrologelvan.com\/magaza\/urun\/baby-silindir-form-morganit-dogal-tas-kolye\/","og_site_name":"Astrolog Elvan","article_modified_time":"2026-04-03T08:31:59+00:00","og_image":[{"width":1600,"height":1600,"url":"https:\/\/astrologelvan.com\/magaza\/wp-content\/uploads\/2024\/02\/4-8-scaled-1.webp","type":"image\/webp"}],"twitter_card":"summary_large_image","twitter_misc":{"Tahmini okuma s\u00fcresi":"2 dakika"},"schema":{"@context":"https:\/\/schema.org","@graph":[{"@type":["WebPage","ItemPage"],"@id":"https:\/\/astrologelvan.com\/magaza\/urun\/baby-silindir-form-morganit-dogal-tas-kolye\/","url":"https:\/\/astrologelvan.com\/magaza\/urun\/baby-silindir-form-morganit-dogal-tas-kolye\/","name":"BABY S\u0130L\u0130ND\u0130R FORM MORGAN\u0130T DO\u011eAL TA\u015e KOLYE - Astrolog Elvan","isPartOf":{"@id":"https:\/\/astrologelvan.com\/magaza\/#website"},"primaryImageOfPage":{"@id":"https:\/\/astrologelvan.com\/magaza\/urun\/baby-silindir-form-morganit-dogal-tas-kolye\/#primaryimage"},"image":{"@id":"https:\/\/astrologelvan.com\/magaza\/urun\/baby-silindir-form-morganit-dogal-tas-kolye\/#primaryimage"},"thumbnailUrl":"https:\/\/astrologelvan.com\/magaza\/wp-content\/uploads\/2024\/02\/4-8-scaled-1.webp","datePublished":"2024-02-28T00:06:41+00:00","dateModified":"2026-04-03T08:31:59+00:00","breadcrumb":{"@id":"https:\/\/astrologelvan.com\/magaza\/urun\/baby-silindir-form-morganit-dogal-tas-kolye\/#breadcrumb"},"inLanguage":"tr","potentialAction":[{"@type":"ReadAction","target":["https:\/\/astrologelvan.com\/magaza\/urun\/baby-silindir-form-morganit-dogal-tas-kolye\/"]}]},{"@type":"ImageObject","inLanguage":"tr","@id":"https:\/\/astrologelvan.com\/magaza\/urun\/baby-silindir-form-morganit-dogal-tas-kolye\/#primaryimage","url":"https:\/\/astrologelvan.com\/magaza\/wp-content\/uploads\/2024\/02\/4-8-scaled-1.webp","contentUrl":"https:\/\/astrologelvan.com\/magaza\/wp-content\/uploads\/2024\/02\/4-8-scaled-1.webp","width":1600,"height":1600},{"@type":"BreadcrumbList","@id":"https:\/\/astrologelvan.com\/magaza\/urun\/baby-silindir-form-morganit-dogal-tas-kolye\/#breadcrumb","itemListElement":[{"@type":"ListItem","position":1,"name":"Anasayfa","item":"https:\/\/astrologelvan.com\/magaza\/"},{"@type":"ListItem","position":2,"name":"Ma\u011faza","item":"https:\/\/astrologelvan.com\/magaza\/magaza\/"},{"@type":"ListItem","position":3,"name":"BABY S\u0130L\u0130ND\u0130R FORM MORGAN\u0130T DO\u011eAL TA\u015e KOLYE"}]},{"@type":"WebSite","@id":"https:\/\/astrologelvan.com\/magaza\/#website","url":"https:\/\/astrologelvan.com\/magaza\/","name":"Astrolog Elvan","description":"","potentialAction":[{"@type":"SearchAction","target":{"@type":"EntryPoint","urlTemplate":"https:\/\/astrologelvan.com\/magaza\/?s={search_term_string}"},"query-input":{"@type":"PropertyValueSpecification","valueRequired":true,"valueName":"search_term_string"}}],"inLanguage":"tr"}]}},"_links":{"self":[{"href":"https:\/\/astrologelvan.com\/magaza\/wp-json\/wp\/v2\/product\/980","targetHints":{"allow":["GET"]}}],"collection":[{"href":"https:\/\/astrologelvan.com\/magaza\/wp-json\/wp\/v2\/product"}],"about":[{"href":"https:\/\/astrologelvan.com\/magaza\/wp-json\/wp\/v2\/types\/product"}],"replies":[{"embeddable":true,"href":"https:\/\/astrologelvan.com\/magaza\/wp-json\/wp\/v2\/comments?post=980"}],"wp:featuredmedia":[{"embeddable":true,"href":"https:\/\/astrologelvan.com\/magaza\/wp-json\/wp\/v2\/media\/11486"}],"wp:attachment":[{"href":"https:\/\/astrologelvan.com\/magaza\/wp-json\/wp\/v2\/media?parent=980"}],"wp:term":[{"taxonomy":"product_brand","embeddable":true,"href":"https:\/\/astrologelvan.com\/magaza\/wp-json\/wp\/v2\/product_brand?post=980"},{"taxonomy":"product_cat","embeddable":true,"href":"https:\/\/astrologelvan.com\/magaza\/wp-json\/wp\/v2\/product_cat?post=980"},{"taxonomy":"product_tag","embeddable":true,"href":"https:\/\/astrologelvan.com\/magaza\/wp-json\/wp\/v2\/product_tag?post=980"}],"curies":[{"name":"wp","href":"https:\/\/api.w.org\/{rel}","templated":true}]}}