{"id":975,"date":"2024-02-28T03:06:14","date_gmt":"2024-02-28T00:06:14","guid":{"rendered":"https:\/\/astrologelvan.shop\/?post_type=product&#038;p=975"},"modified":"2026-01-16T00:14:51","modified_gmt":"2026-01-15T21:14:51","slug":"hindistan-925-ayar-rose-aura-kuvars-dogal-tas-kolye","status":"publish","type":"product","link":"https:\/\/astrologelvan.com\/magaza\/urun\/hindistan-925-ayar-rose-aura-kuvars-dogal-tas-kolye\/","title":{"rendered":"H\u0130ND\u0130STAN 925 AYAR ROSE AURA KUVARS DO\u011eAL TA\u015e KOLYE"},"content":{"rendered":"<p><b>\u00dcr\u00fcn \u00d6zellikleri<\/b><\/p>\n<p><span style=\"font-weight: 400;\">Rose Aura Kuvars Do\u011fal Ta\u015f Kolye<\/span><\/p>\n<p><span style=\"font-weight: 400;\">Ta\u015f\u0131n yakla\u015f\u0131k \u00d6l\u00e7\u00fcs\u00fc: 8 mm\u00a0<\/span><\/p>\n<p><span style=\"font-weight: 400;\">Zincir Boyu: 40 cm<\/span><\/p>\n<p><span style=\"font-weight: 400;\">925 Ayar G\u00fcm\u00fc\u015f Zincir<\/span><\/p>\n<p><strong>Tak\u0131lar\u0131n\u0131z\u0131n uzun s\u00fcre kullanabilmesi i\u00e7in; Parf\u00fcm, su, s\u0131v\u0131, dezenfektan, krem v.b. gibi maddelerle temas etmemesi, du\u015f-banyo s\u0131ras\u0131nda \u00e7\u0131kart\u0131lmas\u0131 gerekmektedir. Ki\u015finin ter-ten yap\u0131s\u0131na g\u00f6re de etkilenmektedir. Tak\u0131lar\u0131n\u0131z\u0131 kullanmad\u0131\u011f\u0131n\u0131z zamanlarda kesesinde saklaman\u0131z\u0131 \u00f6neririz.<\/strong><\/p>\n<p><strong>Do\u011fal ta\u015flar\u0131n belirli titre\u015fimlere ve frekanslara sahip oldu\u011fu bilinmektedir. Bu nedenle v\u00fccudumuzda ve auram\u0131zda birtak\u0131m iyi etkileri oldu\u011fu s\u00f6ylenmektedir. Ta\u015flar\u0131n \u00f6zelliklerinin bilimsel kesinli\u011fi yoktur. Astrologelvan ma\u011fazas\u0131ndaki t\u00fcm ta\u015flar orijinal, ger\u00e7ek do\u011fal ta\u015flard\u0131r. T\u0131bbi konularda doktora dan\u0131\u015fman\u0131z\u0131 tavsiye ederiz. Ta\u015flar\u0131n tedavi edici \u00f6zelli\u011fi yoktur, sadece ki\u015fisel enerjimizi y\u00fckseltmekte ve astrolojik olarak da temsil etti\u011fi gezegenlerin etkilerini artt\u0131rmakta oldu\u011fu kabul edilir. \u00d6rne\u011fin; pembe kuvars ta\u015f\u0131 a\u015fk ve sevgi gezegeni Ven\u00fcs\u2019\u00fcn ta\u015f\u0131d\u0131r ve bu sebeple \u00fczerinde ta\u015f\u0131yan ki\u015finin a\u015fk ve sevgi frekans\u0131n\u0131 y\u00fckseltti\u011fi bilinir.<\/strong><\/p>\n","protected":false},"excerpt":{"rendered":"<p><span style=\"font-weight: 400;\">Aura Kuvars\u0131n y\u00fcksek titre\u015fimi,\u00a0 ki\u015finin en derin hedef ve arzular\u0131n\u0131n pe\u015finde ko\u015fmas\u0131na ilham verir. Aura Kuvars\u0131n bu kadar y\u00fcksek bir titre\u015fime sahip olmas\u0131, ona dokunanlar\u0131n hassasiyet seviyesi ne olursa olsun kolayca etkileyebilir. Bu durum, bulundu\u011funuz ortamda bolca mutluluk ve pozitiflikle doldurmak i\u00e7in yeterli enerji sa\u011flar. Kendinizle ve ba\u015fkalar\u0131yla aran\u0131zda olan sevgi ba\u011f\u0131n\u0131 ortaya \u00e7\u0131karmaktad\u0131r<\/span><span style=\"font-weight: 400;\">. <\/span><span style=\"font-weight: 400;\">\u00a0<\/span><span style=\"font-weight: 400;\">Zihinsel ve fiziksel sa\u011fl\u0131\u011f\u0131n\u0131z\u0131 desteklemenin yan\u0131 s\u0131ra maneviyat\u0131n\u0131z\u0131 geli\u015ftirmenize de yard\u0131mc\u0131 olabilir. Kolyenizi sadece Ada\u00e7ay\u0131 ile de\u011fil dolunay zamanlar\u0131nda gece boyu dolunay \u0131\u015f\u0131\u011f\u0131 alt\u0131nda b\u0131rakabilirsiniz. Bu y\u00f6ntem, enerji blokajlar\u0131n\u0131 kald\u0131rmaya yaramaktad\u0131r.<\/span><\/p>\n","protected":false},"featured_media":5637,"comment_status":"open","ping_status":"closed","template":"","meta":[],"product_brand":[596],"product_cat":[321,460,255,48,8106],"product_tag":[],"class_list":{"0":"post-975","1":"product","2":"type-product","3":"status-publish","4":"has-post-thumbnail","6":"product_brand-astrolog-elvan","7":"product_cat-altin-kaplama-kolye","8":"product_cat-buyulu-hindistan","9":"product_cat-gumus-kolye","10":"product_cat-kolyeler","11":"product_cat--gumus-kolyeler","13":"first","14":"instock","15":"purchasable","16":"product-type-simple"},"yoast_head":"<!-- This site is optimized with the Yoast SEO plugin v27.3 - https:\/\/yoast.com\/product\/yoast-seo-wordpress\/ -->\n<title>H\u0130ND\u0130STAN 925 AYAR ROSE AURA KUVARS DO\u011eAL TA\u015e KOLYE - Astrolog Elvan<\/title>\n<meta name=\"robots\" content=\"index, follow, max-snippet:-1, max-image-preview:large, max-video-preview:-1\" \/>\n<link rel=\"canonical\" href=\"https:\/\/astrologelvan.com\/magaza\/urun\/hindistan-925-ayar-rose-aura-kuvars-dogal-tas-kolye\/\" \/>\n<meta property=\"og:locale\" content=\"tr_TR\" \/>\n<meta property=\"og:type\" content=\"article\" \/>\n<meta property=\"og:title\" content=\"H\u0130ND\u0130STAN 925 AYAR ROSE AURA KUVARS DO\u011eAL TA\u015e KOLYE - Astrolog Elvan\" \/>\n<meta property=\"og:description\" content=\"Aura Kuvars\u0131n y\u00fcksek titre\u015fimi,\u00a0 ki\u015finin en derin hedef ve arzular\u0131n\u0131n pe\u015finde ko\u015fmas\u0131na ilham verir. Aura Kuvars\u0131n bu kadar y\u00fcksek bir titre\u015fime sahip olmas\u0131, ona dokunanlar\u0131n hassasiyet seviyesi ne olursa olsun kolayca etkileyebilir. Bu durum, bulundu\u011funuz ortamda bolca mutluluk ve pozitiflikle doldurmak i\u00e7in yeterli enerji sa\u011flar. Kendinizle ve ba\u015fkalar\u0131yla aran\u0131zda olan sevgi ba\u011f\u0131n\u0131 ortaya \u00e7\u0131karmaktad\u0131r. \u00a0Zihinsel ve fiziksel sa\u011fl\u0131\u011f\u0131n\u0131z\u0131 desteklemenin yan\u0131 s\u0131ra maneviyat\u0131n\u0131z\u0131 geli\u015ftirmenize de yard\u0131mc\u0131 olabilir. Kolyenizi sadece Ada\u00e7ay\u0131 ile de\u011fil dolunay zamanlar\u0131nda gece boyu dolunay \u0131\u015f\u0131\u011f\u0131 alt\u0131nda b\u0131rakabilirsiniz. Bu y\u00f6ntem, enerji blokajlar\u0131n\u0131 kald\u0131rmaya yaramaktad\u0131r.\" \/>\n<meta property=\"og:url\" content=\"https:\/\/astrologelvan.com\/magaza\/urun\/hindistan-925-ayar-rose-aura-kuvars-dogal-tas-kolye\/\" \/>\n<meta property=\"og:site_name\" content=\"Astrolog Elvan\" \/>\n<meta property=\"article:modified_time\" content=\"2026-01-15T21:14:51+00:00\" \/>\n<meta property=\"og:image\" content=\"https:\/\/astrologelvan.com\/magaza\/wp-content\/uploads\/2024\/02\/1-75.jpg\" \/>\n\t<meta property=\"og:image:width\" content=\"1600\" \/>\n\t<meta property=\"og:image:height\" content=\"1600\" \/>\n\t<meta property=\"og:image:type\" content=\"image\/jpeg\" \/>\n<meta name=\"twitter:card\" content=\"summary_large_image\" \/>\n<meta name=\"twitter:label1\" content=\"Tahmini okuma s\u00fcresi\" \/>\n\t<meta name=\"twitter:data1\" content=\"2 dakika\" \/>\n<script type=\"application\/ld+json\" class=\"yoast-schema-graph\">{\"@context\":\"https:\\\/\\\/schema.org\",\"@graph\":[{\"@type\":[\"WebPage\",\"ItemPage\"],\"@id\":\"https:\\\/\\\/astrologelvan.com\\\/magaza\\\/urun\\\/hindistan-925-ayar-rose-aura-kuvars-dogal-tas-kolye\\\/\",\"url\":\"https:\\\/\\\/astrologelvan.com\\\/magaza\\\/urun\\\/hindistan-925-ayar-rose-aura-kuvars-dogal-tas-kolye\\\/\",\"name\":\"H\u0130ND\u0130STAN 925 AYAR ROSE AURA KUVARS DO\u011eAL TA\u015e KOLYE - Astrolog Elvan\",\"isPartOf\":{\"@id\":\"https:\\\/\\\/astrologelvan.com\\\/magaza\\\/#website\"},\"primaryImageOfPage\":{\"@id\":\"https:\\\/\\\/astrologelvan.com\\\/magaza\\\/urun\\\/hindistan-925-ayar-rose-aura-kuvars-dogal-tas-kolye\\\/#primaryimage\"},\"image\":{\"@id\":\"https:\\\/\\\/astrologelvan.com\\\/magaza\\\/urun\\\/hindistan-925-ayar-rose-aura-kuvars-dogal-tas-kolye\\\/#primaryimage\"},\"thumbnailUrl\":\"https:\\\/\\\/astrologelvan.com\\\/magaza\\\/wp-content\\\/uploads\\\/2024\\\/02\\\/1-75.jpg\",\"datePublished\":\"2024-02-28T00:06:14+00:00\",\"dateModified\":\"2026-01-15T21:14:51+00:00\",\"breadcrumb\":{\"@id\":\"https:\\\/\\\/astrologelvan.com\\\/magaza\\\/urun\\\/hindistan-925-ayar-rose-aura-kuvars-dogal-tas-kolye\\\/#breadcrumb\"},\"inLanguage\":\"tr\",\"potentialAction\":[{\"@type\":\"ReadAction\",\"target\":[\"https:\\\/\\\/astrologelvan.com\\\/magaza\\\/urun\\\/hindistan-925-ayar-rose-aura-kuvars-dogal-tas-kolye\\\/\"]}]},{\"@type\":\"ImageObject\",\"inLanguage\":\"tr\",\"@id\":\"https:\\\/\\\/astrologelvan.com\\\/magaza\\\/urun\\\/hindistan-925-ayar-rose-aura-kuvars-dogal-tas-kolye\\\/#primaryimage\",\"url\":\"https:\\\/\\\/astrologelvan.com\\\/magaza\\\/wp-content\\\/uploads\\\/2024\\\/02\\\/1-75.jpg\",\"contentUrl\":\"https:\\\/\\\/astrologelvan.com\\\/magaza\\\/wp-content\\\/uploads\\\/2024\\\/02\\\/1-75.jpg\",\"width\":1600,\"height\":1600},{\"@type\":\"BreadcrumbList\",\"@id\":\"https:\\\/\\\/astrologelvan.com\\\/magaza\\\/urun\\\/hindistan-925-ayar-rose-aura-kuvars-dogal-tas-kolye\\\/#breadcrumb\",\"itemListElement\":[{\"@type\":\"ListItem\",\"position\":1,\"name\":\"Anasayfa\",\"item\":\"https:\\\/\\\/astrologelvan.com\\\/magaza\\\/\"},{\"@type\":\"ListItem\",\"position\":2,\"name\":\"Ma\u011faza\",\"item\":\"https:\\\/\\\/astrologelvan.com\\\/magaza\\\/magaza\\\/\"},{\"@type\":\"ListItem\",\"position\":3,\"name\":\"H\u0130ND\u0130STAN 925 AYAR ROSE AURA KUVARS DO\u011eAL TA\u015e KOLYE\"}]},{\"@type\":\"WebSite\",\"@id\":\"https:\\\/\\\/astrologelvan.com\\\/magaza\\\/#website\",\"url\":\"https:\\\/\\\/astrologelvan.com\\\/magaza\\\/\",\"name\":\"Astrolog Elvan\",\"description\":\"\",\"potentialAction\":[{\"@type\":\"SearchAction\",\"target\":{\"@type\":\"EntryPoint\",\"urlTemplate\":\"https:\\\/\\\/astrologelvan.com\\\/magaza\\\/?s={search_term_string}\"},\"query-input\":{\"@type\":\"PropertyValueSpecification\",\"valueRequired\":true,\"valueName\":\"search_term_string\"}}],\"inLanguage\":\"tr\"}]}<\/script>\n<!-- \/ Yoast SEO plugin. -->","yoast_head_json":{"title":"H\u0130ND\u0130STAN 925 AYAR ROSE AURA KUVARS DO\u011eAL TA\u015e KOLYE - Astrolog Elvan","robots":{"index":"index","follow":"follow","max-snippet":"max-snippet:-1","max-image-preview":"max-image-preview:large","max-video-preview":"max-video-preview:-1"},"canonical":"https:\/\/astrologelvan.com\/magaza\/urun\/hindistan-925-ayar-rose-aura-kuvars-dogal-tas-kolye\/","og_locale":"tr_TR","og_type":"article","og_title":"H\u0130ND\u0130STAN 925 AYAR ROSE AURA KUVARS DO\u011eAL TA\u015e KOLYE - Astrolog Elvan","og_description":"Aura Kuvars\u0131n y\u00fcksek titre\u015fimi,\u00a0 ki\u015finin en derin hedef ve arzular\u0131n\u0131n pe\u015finde ko\u015fmas\u0131na ilham verir. Aura Kuvars\u0131n bu kadar y\u00fcksek bir titre\u015fime sahip olmas\u0131, ona dokunanlar\u0131n hassasiyet seviyesi ne olursa olsun kolayca etkileyebilir. Bu durum, bulundu\u011funuz ortamda bolca mutluluk ve pozitiflikle doldurmak i\u00e7in yeterli enerji sa\u011flar. Kendinizle ve ba\u015fkalar\u0131yla aran\u0131zda olan sevgi ba\u011f\u0131n\u0131 ortaya \u00e7\u0131karmaktad\u0131r. \u00a0Zihinsel ve fiziksel sa\u011fl\u0131\u011f\u0131n\u0131z\u0131 desteklemenin yan\u0131 s\u0131ra maneviyat\u0131n\u0131z\u0131 geli\u015ftirmenize de yard\u0131mc\u0131 olabilir. Kolyenizi sadece Ada\u00e7ay\u0131 ile de\u011fil dolunay zamanlar\u0131nda gece boyu dolunay \u0131\u015f\u0131\u011f\u0131 alt\u0131nda b\u0131rakabilirsiniz. Bu y\u00f6ntem, enerji blokajlar\u0131n\u0131 kald\u0131rmaya yaramaktad\u0131r.","og_url":"https:\/\/astrologelvan.com\/magaza\/urun\/hindistan-925-ayar-rose-aura-kuvars-dogal-tas-kolye\/","og_site_name":"Astrolog Elvan","article_modified_time":"2026-01-15T21:14:51+00:00","og_image":[{"width":1600,"height":1600,"url":"https:\/\/astrologelvan.com\/magaza\/wp-content\/uploads\/2024\/02\/1-75.jpg","type":"image\/jpeg"}],"twitter_card":"summary_large_image","twitter_misc":{"Tahmini okuma s\u00fcresi":"2 dakika"},"schema":{"@context":"https:\/\/schema.org","@graph":[{"@type":["WebPage","ItemPage"],"@id":"https:\/\/astrologelvan.com\/magaza\/urun\/hindistan-925-ayar-rose-aura-kuvars-dogal-tas-kolye\/","url":"https:\/\/astrologelvan.com\/magaza\/urun\/hindistan-925-ayar-rose-aura-kuvars-dogal-tas-kolye\/","name":"H\u0130ND\u0130STAN 925 AYAR ROSE AURA KUVARS DO\u011eAL TA\u015e KOLYE - Astrolog Elvan","isPartOf":{"@id":"https:\/\/astrologelvan.com\/magaza\/#website"},"primaryImageOfPage":{"@id":"https:\/\/astrologelvan.com\/magaza\/urun\/hindistan-925-ayar-rose-aura-kuvars-dogal-tas-kolye\/#primaryimage"},"image":{"@id":"https:\/\/astrologelvan.com\/magaza\/urun\/hindistan-925-ayar-rose-aura-kuvars-dogal-tas-kolye\/#primaryimage"},"thumbnailUrl":"https:\/\/astrologelvan.com\/magaza\/wp-content\/uploads\/2024\/02\/1-75.jpg","datePublished":"2024-02-28T00:06:14+00:00","dateModified":"2026-01-15T21:14:51+00:00","breadcrumb":{"@id":"https:\/\/astrologelvan.com\/magaza\/urun\/hindistan-925-ayar-rose-aura-kuvars-dogal-tas-kolye\/#breadcrumb"},"inLanguage":"tr","potentialAction":[{"@type":"ReadAction","target":["https:\/\/astrologelvan.com\/magaza\/urun\/hindistan-925-ayar-rose-aura-kuvars-dogal-tas-kolye\/"]}]},{"@type":"ImageObject","inLanguage":"tr","@id":"https:\/\/astrologelvan.com\/magaza\/urun\/hindistan-925-ayar-rose-aura-kuvars-dogal-tas-kolye\/#primaryimage","url":"https:\/\/astrologelvan.com\/magaza\/wp-content\/uploads\/2024\/02\/1-75.jpg","contentUrl":"https:\/\/astrologelvan.com\/magaza\/wp-content\/uploads\/2024\/02\/1-75.jpg","width":1600,"height":1600},{"@type":"BreadcrumbList","@id":"https:\/\/astrologelvan.com\/magaza\/urun\/hindistan-925-ayar-rose-aura-kuvars-dogal-tas-kolye\/#breadcrumb","itemListElement":[{"@type":"ListItem","position":1,"name":"Anasayfa","item":"https:\/\/astrologelvan.com\/magaza\/"},{"@type":"ListItem","position":2,"name":"Ma\u011faza","item":"https:\/\/astrologelvan.com\/magaza\/magaza\/"},{"@type":"ListItem","position":3,"name":"H\u0130ND\u0130STAN 925 AYAR ROSE AURA KUVARS DO\u011eAL TA\u015e KOLYE"}]},{"@type":"WebSite","@id":"https:\/\/astrologelvan.com\/magaza\/#website","url":"https:\/\/astrologelvan.com\/magaza\/","name":"Astrolog Elvan","description":"","potentialAction":[{"@type":"SearchAction","target":{"@type":"EntryPoint","urlTemplate":"https:\/\/astrologelvan.com\/magaza\/?s={search_term_string}"},"query-input":{"@type":"PropertyValueSpecification","valueRequired":true,"valueName":"search_term_string"}}],"inLanguage":"tr"}]}},"_links":{"self":[{"href":"https:\/\/astrologelvan.com\/magaza\/wp-json\/wp\/v2\/product\/975","targetHints":{"allow":["GET"]}}],"collection":[{"href":"https:\/\/astrologelvan.com\/magaza\/wp-json\/wp\/v2\/product"}],"about":[{"href":"https:\/\/astrologelvan.com\/magaza\/wp-json\/wp\/v2\/types\/product"}],"replies":[{"embeddable":true,"href":"https:\/\/astrologelvan.com\/magaza\/wp-json\/wp\/v2\/comments?post=975"}],"wp:featuredmedia":[{"embeddable":true,"href":"https:\/\/astrologelvan.com\/magaza\/wp-json\/wp\/v2\/media\/5637"}],"wp:attachment":[{"href":"https:\/\/astrologelvan.com\/magaza\/wp-json\/wp\/v2\/media?parent=975"}],"wp:term":[{"taxonomy":"product_brand","embeddable":true,"href":"https:\/\/astrologelvan.com\/magaza\/wp-json\/wp\/v2\/product_brand?post=975"},{"taxonomy":"product_cat","embeddable":true,"href":"https:\/\/astrologelvan.com\/magaza\/wp-json\/wp\/v2\/product_cat?post=975"},{"taxonomy":"product_tag","embeddable":true,"href":"https:\/\/astrologelvan.com\/magaza\/wp-json\/wp\/v2\/product_tag?post=975"}],"curies":[{"name":"wp","href":"https:\/\/api.w.org\/{rel}","templated":true}]}}