{"id":97438,"date":"2025-08-09T19:38:49","date_gmt":"2025-08-09T16:38:49","guid":{"rendered":"https:\/\/astrologelvan.com\/magaza\/?post_type=product&#038;p=97438"},"modified":"2026-03-04T16:53:11","modified_gmt":"2026-03-04T13:53:11","slug":"meryem-ana-secilmis-olanin-kolyesi-gold","status":"publish","type":"product","link":"https:\/\/astrologelvan.com\/magaza\/urun\/meryem-ana-secilmis-olanin-kolyesi-gold\/","title":{"rendered":"Meryem Ana \u2013 Se\u00e7ilmi\u015f Olan\u0131n Kolyesi &#8211; Gold"},"content":{"rendered":"","protected":false},"excerpt":{"rendered":"<p>Meryem Ana, d\u00fcnyadaki t\u00fcm yetimlerin, t\u00fcm \u00e7ocuklar\u0131n ve korumas\u0131z kalanlar\u0131n anas\u0131d\u0131r ve t\u00fcm dinlerin \u00fcst\u00fcnde \u00e7ok \u00f6nemli bir sembold\u00fcr.<\/p>\n<p><strong>\u201cTanr\u0131&#8217;n\u0131n se\u00e7ti\u011fi, safl\u0131\u011f\u0131n ve sonsuz \u015fefkatin sembol\u00fc\u2026\u201d<\/strong><br \/>\nMeryem Ana, sadece bir anne de\u011fil;<br \/>\nsafl\u0131\u011f\u0131n, merhametin ve Tanr\u0131 taraf\u0131ndan se\u00e7ilmi\u015fli\u011fin sembol\u00fcd\u00fcr.<br \/>\nOnun hayat\u0131; d\u00fcnya ile g\u00f6ky\u00fcz\u00fc aras\u0131nda kurulmu\u015f bir k\u00f6pr\u00fcd\u00fcr.<br \/>\nSessiz ama g\u00fc\u00e7l\u00fc, k\u0131r\u0131lgan gibi g\u00f6r\u00fcnen ama i\u00e7i kutsal bir \u0131\u015f\u0131lt\u0131yla dolu&#8230;<br \/>\nBu \u00f6zel kolye, o ilahi anlam\u0131 ta\u015f\u0131yan bir simge olarak tasarland\u0131.<br \/>\n\u00d6n y\u00fcz\u00fcnde Meryem\u2019in kutsal silueti, arka y\u00fcz\u00fcnde ise ha\u00e7\u0131n koruyucu g\u00fcc\u00fc yer al\u0131r.<\/p>\n<p>Her iki taraf\u0131yla da, kalbinize f\u0131s\u0131ldar:<br \/>\n<strong>\u201cTemiz kal. Merhameti unutma. Se\u00e7ildi\u011fini hat\u0131rla.\u201d<\/strong><\/p>\n<p>Bu kolyeyi takan herkesi Meryem Ana her daim koruyacak ve yol g\u00f6sterecek.<\/p>\n","protected":false},"featured_media":99483,"comment_status":"open","ping_status":"closed","template":"","meta":[],"product_brand":[],"product_cat":[48,7310],"product_tag":[7312,73,7311],"class_list":{"0":"post-97438","1":"product","2":"type-product","3":"status-publish","4":"has-post-thumbnail","6":"product_cat-kolyeler","7":"product_cat-meryem-ana-kolyeleri","8":"product_tag-ana","9":"product_tag-kolye","10":"product_tag-meryem","12":"first","13":"outofstock","14":"purchasable","15":"product-type-variable"},"yoast_head":"<!-- This site is optimized with the Yoast SEO plugin v27.3 - https:\/\/yoast.com\/product\/yoast-seo-wordpress\/ -->\n<title>Meryem Ana \u2013 Se\u00e7ilmi\u015f Olan\u0131n Kolyesi - Gold - Astrolog Elvan<\/title>\n<meta name=\"robots\" content=\"index, follow, max-snippet:-1, max-image-preview:large, max-video-preview:-1\" \/>\n<link rel=\"canonical\" href=\"https:\/\/astrologelvan.com\/magaza\/urun\/meryem-ana-secilmis-olanin-kolyesi-gold\/\" \/>\n<meta property=\"og:locale\" content=\"tr_TR\" \/>\n<meta property=\"og:type\" content=\"article\" \/>\n<meta property=\"og:title\" content=\"Meryem Ana \u2013 Se\u00e7ilmi\u015f Olan\u0131n Kolyesi - Gold - Astrolog Elvan\" \/>\n<meta property=\"og:description\" content=\"Meryem Ana, d\u00fcnyadaki t\u00fcm yetimlerin, t\u00fcm \u00e7ocuklar\u0131n ve korumas\u0131z kalanlar\u0131n anas\u0131d\u0131r ve t\u00fcm dinlerin \u00fcst\u00fcnde \u00e7ok \u00f6nemli bir sembold\u00fcr.  \u201cTanr\u0131&#039;n\u0131n se\u00e7ti\u011fi, safl\u0131\u011f\u0131n ve sonsuz \u015fefkatin sembol\u00fc\u2026\u201d Meryem Ana, sadece bir anne de\u011fil; safl\u0131\u011f\u0131n, merhametin ve Tanr\u0131 taraf\u0131ndan se\u00e7ilmi\u015fli\u011fin sembol\u00fcd\u00fcr. Onun hayat\u0131; d\u00fcnya ile g\u00f6ky\u00fcz\u00fc aras\u0131nda kurulmu\u015f bir k\u00f6pr\u00fcd\u00fcr. Sessiz ama g\u00fc\u00e7l\u00fc, k\u0131r\u0131lgan gibi g\u00f6r\u00fcnen ama i\u00e7i kutsal bir \u0131\u015f\u0131lt\u0131yla dolu... Bu \u00f6zel kolye, o ilahi anlam\u0131 ta\u015f\u0131yan bir simge olarak tasarland\u0131. \u00d6n y\u00fcz\u00fcnde Meryem\u2019in kutsal silueti, arka y\u00fcz\u00fcnde ise ha\u00e7\u0131n koruyucu g\u00fcc\u00fc yer al\u0131r.  Her iki taraf\u0131yla da, kalbinize f\u0131s\u0131ldar: \u201cTemiz kal. Merhameti unutma. Se\u00e7ildi\u011fini hat\u0131rla.\u201d  Bu kolyeyi takan herkesi Meryem Ana her daim koruyacak ve yol g\u00f6sterecek.\" \/>\n<meta property=\"og:url\" content=\"https:\/\/astrologelvan.com\/magaza\/urun\/meryem-ana-secilmis-olanin-kolyesi-gold\/\" \/>\n<meta property=\"og:site_name\" content=\"Astrolog Elvan\" \/>\n<meta property=\"article:modified_time\" content=\"2026-03-04T13:53:11+00:00\" \/>\n<meta property=\"og:image\" content=\"https:\/\/astrologelvan.com\/magaza\/wp-content\/uploads\/2025\/08\/15-3000x3751.jpg\" \/>\n\t<meta property=\"og:image:width\" content=\"3000\" \/>\n\t<meta property=\"og:image:height\" content=\"3751\" \/>\n\t<meta property=\"og:image:type\" content=\"image\/jpeg\" \/>\n<meta name=\"twitter:card\" content=\"summary_large_image\" \/>\n<meta name=\"twitter:label1\" content=\"Tahmini okuma s\u00fcresi\" \/>\n\t<meta name=\"twitter:data1\" content=\"1 dakika\" \/>\n<script type=\"application\/ld+json\" class=\"yoast-schema-graph\">{\"@context\":\"https:\\\/\\\/schema.org\",\"@graph\":[{\"@type\":[\"WebPage\",\"ItemPage\"],\"@id\":\"https:\\\/\\\/astrologelvan.com\\\/magaza\\\/urun\\\/meryem-ana-secilmis-olanin-kolyesi-gold\\\/\",\"url\":\"https:\\\/\\\/astrologelvan.com\\\/magaza\\\/urun\\\/meryem-ana-secilmis-olanin-kolyesi-gold\\\/\",\"name\":\"Meryem Ana \u2013 Se\u00e7ilmi\u015f Olan\u0131n Kolyesi - Gold - Astrolog Elvan\",\"isPartOf\":{\"@id\":\"https:\\\/\\\/astrologelvan.com\\\/magaza\\\/#website\"},\"primaryImageOfPage\":{\"@id\":\"https:\\\/\\\/astrologelvan.com\\\/magaza\\\/urun\\\/meryem-ana-secilmis-olanin-kolyesi-gold\\\/#primaryimage\"},\"image\":{\"@id\":\"https:\\\/\\\/astrologelvan.com\\\/magaza\\\/urun\\\/meryem-ana-secilmis-olanin-kolyesi-gold\\\/#primaryimage\"},\"thumbnailUrl\":\"https:\\\/\\\/astrologelvan.com\\\/magaza\\\/wp-content\\\/uploads\\\/2025\\\/08\\\/15.jpg\",\"datePublished\":\"2025-08-09T16:38:49+00:00\",\"dateModified\":\"2026-03-04T13:53:11+00:00\",\"breadcrumb\":{\"@id\":\"https:\\\/\\\/astrologelvan.com\\\/magaza\\\/urun\\\/meryem-ana-secilmis-olanin-kolyesi-gold\\\/#breadcrumb\"},\"inLanguage\":\"tr\",\"potentialAction\":[{\"@type\":\"ReadAction\",\"target\":[\"https:\\\/\\\/astrologelvan.com\\\/magaza\\\/urun\\\/meryem-ana-secilmis-olanin-kolyesi-gold\\\/\"]}]},{\"@type\":\"ImageObject\",\"inLanguage\":\"tr\",\"@id\":\"https:\\\/\\\/astrologelvan.com\\\/magaza\\\/urun\\\/meryem-ana-secilmis-olanin-kolyesi-gold\\\/#primaryimage\",\"url\":\"https:\\\/\\\/astrologelvan.com\\\/magaza\\\/wp-content\\\/uploads\\\/2025\\\/08\\\/15.jpg\",\"contentUrl\":\"https:\\\/\\\/astrologelvan.com\\\/magaza\\\/wp-content\\\/uploads\\\/2025\\\/08\\\/15.jpg\",\"width\":5068,\"height\":6336},{\"@type\":\"BreadcrumbList\",\"@id\":\"https:\\\/\\\/astrologelvan.com\\\/magaza\\\/urun\\\/meryem-ana-secilmis-olanin-kolyesi-gold\\\/#breadcrumb\",\"itemListElement\":[{\"@type\":\"ListItem\",\"position\":1,\"name\":\"Anasayfa\",\"item\":\"https:\\\/\\\/astrologelvan.com\\\/magaza\\\/\"},{\"@type\":\"ListItem\",\"position\":2,\"name\":\"Ma\u011faza\",\"item\":\"https:\\\/\\\/astrologelvan.com\\\/magaza\\\/magaza\\\/\"},{\"@type\":\"ListItem\",\"position\":3,\"name\":\"Meryem Ana \u2013 Se\u00e7ilmi\u015f Olan\u0131n Kolyesi &#8211; Gold\"}]},{\"@type\":\"WebSite\",\"@id\":\"https:\\\/\\\/astrologelvan.com\\\/magaza\\\/#website\",\"url\":\"https:\\\/\\\/astrologelvan.com\\\/magaza\\\/\",\"name\":\"Astrolog Elvan\",\"description\":\"\",\"potentialAction\":[{\"@type\":\"SearchAction\",\"target\":{\"@type\":\"EntryPoint\",\"urlTemplate\":\"https:\\\/\\\/astrologelvan.com\\\/magaza\\\/?s={search_term_string}\"},\"query-input\":{\"@type\":\"PropertyValueSpecification\",\"valueRequired\":true,\"valueName\":\"search_term_string\"}}],\"inLanguage\":\"tr\"}]}<\/script>\n<!-- \/ Yoast SEO plugin. -->","yoast_head_json":{"title":"Meryem Ana \u2013 Se\u00e7ilmi\u015f Olan\u0131n Kolyesi - Gold - Astrolog Elvan","robots":{"index":"index","follow":"follow","max-snippet":"max-snippet:-1","max-image-preview":"max-image-preview:large","max-video-preview":"max-video-preview:-1"},"canonical":"https:\/\/astrologelvan.com\/magaza\/urun\/meryem-ana-secilmis-olanin-kolyesi-gold\/","og_locale":"tr_TR","og_type":"article","og_title":"Meryem Ana \u2013 Se\u00e7ilmi\u015f Olan\u0131n Kolyesi - Gold - Astrolog Elvan","og_description":"Meryem Ana, d\u00fcnyadaki t\u00fcm yetimlerin, t\u00fcm \u00e7ocuklar\u0131n ve korumas\u0131z kalanlar\u0131n anas\u0131d\u0131r ve t\u00fcm dinlerin \u00fcst\u00fcnde \u00e7ok \u00f6nemli bir sembold\u00fcr.  \u201cTanr\u0131'n\u0131n se\u00e7ti\u011fi, safl\u0131\u011f\u0131n ve sonsuz \u015fefkatin sembol\u00fc\u2026\u201d Meryem Ana, sadece bir anne de\u011fil; safl\u0131\u011f\u0131n, merhametin ve Tanr\u0131 taraf\u0131ndan se\u00e7ilmi\u015fli\u011fin sembol\u00fcd\u00fcr. Onun hayat\u0131; d\u00fcnya ile g\u00f6ky\u00fcz\u00fc aras\u0131nda kurulmu\u015f bir k\u00f6pr\u00fcd\u00fcr. Sessiz ama g\u00fc\u00e7l\u00fc, k\u0131r\u0131lgan gibi g\u00f6r\u00fcnen ama i\u00e7i kutsal bir \u0131\u015f\u0131lt\u0131yla dolu... Bu \u00f6zel kolye, o ilahi anlam\u0131 ta\u015f\u0131yan bir simge olarak tasarland\u0131. \u00d6n y\u00fcz\u00fcnde Meryem\u2019in kutsal silueti, arka y\u00fcz\u00fcnde ise ha\u00e7\u0131n koruyucu g\u00fcc\u00fc yer al\u0131r.  Her iki taraf\u0131yla da, kalbinize f\u0131s\u0131ldar: \u201cTemiz kal. Merhameti unutma. Se\u00e7ildi\u011fini hat\u0131rla.\u201d  Bu kolyeyi takan herkesi Meryem Ana her daim koruyacak ve yol g\u00f6sterecek.","og_url":"https:\/\/astrologelvan.com\/magaza\/urun\/meryem-ana-secilmis-olanin-kolyesi-gold\/","og_site_name":"Astrolog Elvan","article_modified_time":"2026-03-04T13:53:11+00:00","og_image":[{"width":3000,"height":3751,"url":"https:\/\/astrologelvan.com\/magaza\/wp-content\/uploads\/2025\/08\/15-3000x3751.jpg","type":"image\/jpeg"}],"twitter_card":"summary_large_image","twitter_misc":{"Tahmini okuma s\u00fcresi":"1 dakika"},"schema":{"@context":"https:\/\/schema.org","@graph":[{"@type":["WebPage","ItemPage"],"@id":"https:\/\/astrologelvan.com\/magaza\/urun\/meryem-ana-secilmis-olanin-kolyesi-gold\/","url":"https:\/\/astrologelvan.com\/magaza\/urun\/meryem-ana-secilmis-olanin-kolyesi-gold\/","name":"Meryem Ana \u2013 Se\u00e7ilmi\u015f Olan\u0131n Kolyesi - Gold - Astrolog Elvan","isPartOf":{"@id":"https:\/\/astrologelvan.com\/magaza\/#website"},"primaryImageOfPage":{"@id":"https:\/\/astrologelvan.com\/magaza\/urun\/meryem-ana-secilmis-olanin-kolyesi-gold\/#primaryimage"},"image":{"@id":"https:\/\/astrologelvan.com\/magaza\/urun\/meryem-ana-secilmis-olanin-kolyesi-gold\/#primaryimage"},"thumbnailUrl":"https:\/\/astrologelvan.com\/magaza\/wp-content\/uploads\/2025\/08\/15.jpg","datePublished":"2025-08-09T16:38:49+00:00","dateModified":"2026-03-04T13:53:11+00:00","breadcrumb":{"@id":"https:\/\/astrologelvan.com\/magaza\/urun\/meryem-ana-secilmis-olanin-kolyesi-gold\/#breadcrumb"},"inLanguage":"tr","potentialAction":[{"@type":"ReadAction","target":["https:\/\/astrologelvan.com\/magaza\/urun\/meryem-ana-secilmis-olanin-kolyesi-gold\/"]}]},{"@type":"ImageObject","inLanguage":"tr","@id":"https:\/\/astrologelvan.com\/magaza\/urun\/meryem-ana-secilmis-olanin-kolyesi-gold\/#primaryimage","url":"https:\/\/astrologelvan.com\/magaza\/wp-content\/uploads\/2025\/08\/15.jpg","contentUrl":"https:\/\/astrologelvan.com\/magaza\/wp-content\/uploads\/2025\/08\/15.jpg","width":5068,"height":6336},{"@type":"BreadcrumbList","@id":"https:\/\/astrologelvan.com\/magaza\/urun\/meryem-ana-secilmis-olanin-kolyesi-gold\/#breadcrumb","itemListElement":[{"@type":"ListItem","position":1,"name":"Anasayfa","item":"https:\/\/astrologelvan.com\/magaza\/"},{"@type":"ListItem","position":2,"name":"Ma\u011faza","item":"https:\/\/astrologelvan.com\/magaza\/magaza\/"},{"@type":"ListItem","position":3,"name":"Meryem Ana \u2013 Se\u00e7ilmi\u015f Olan\u0131n Kolyesi &#8211; Gold"}]},{"@type":"WebSite","@id":"https:\/\/astrologelvan.com\/magaza\/#website","url":"https:\/\/astrologelvan.com\/magaza\/","name":"Astrolog Elvan","description":"","potentialAction":[{"@type":"SearchAction","target":{"@type":"EntryPoint","urlTemplate":"https:\/\/astrologelvan.com\/magaza\/?s={search_term_string}"},"query-input":{"@type":"PropertyValueSpecification","valueRequired":true,"valueName":"search_term_string"}}],"inLanguage":"tr"}]}},"_links":{"self":[{"href":"https:\/\/astrologelvan.com\/magaza\/wp-json\/wp\/v2\/product\/97438","targetHints":{"allow":["GET"]}}],"collection":[{"href":"https:\/\/astrologelvan.com\/magaza\/wp-json\/wp\/v2\/product"}],"about":[{"href":"https:\/\/astrologelvan.com\/magaza\/wp-json\/wp\/v2\/types\/product"}],"replies":[{"embeddable":true,"href":"https:\/\/astrologelvan.com\/magaza\/wp-json\/wp\/v2\/comments?post=97438"}],"wp:featuredmedia":[{"embeddable":true,"href":"https:\/\/astrologelvan.com\/magaza\/wp-json\/wp\/v2\/media\/99483"}],"wp:attachment":[{"href":"https:\/\/astrologelvan.com\/magaza\/wp-json\/wp\/v2\/media?parent=97438"}],"wp:term":[{"taxonomy":"product_brand","embeddable":true,"href":"https:\/\/astrologelvan.com\/magaza\/wp-json\/wp\/v2\/product_brand?post=97438"},{"taxonomy":"product_cat","embeddable":true,"href":"https:\/\/astrologelvan.com\/magaza\/wp-json\/wp\/v2\/product_cat?post=97438"},{"taxonomy":"product_tag","embeddable":true,"href":"https:\/\/astrologelvan.com\/magaza\/wp-json\/wp\/v2\/product_tag?post=97438"}],"curies":[{"name":"wp","href":"https:\/\/api.w.org\/{rel}","templated":true}]}}