{"id":96805,"date":"2025-08-07T20:29:57","date_gmt":"2025-08-07T17:29:57","guid":{"rendered":"https:\/\/astrologelvan.com\/magaza\/?post_type=product&#038;p=96805"},"modified":"2025-10-06T08:15:46","modified_gmt":"2025-10-06T05:15:46","slug":"altin-yele","status":"publish","type":"product","link":"https:\/\/astrologelvan.com\/magaza\/urun\/altin-yele\/","title":{"rendered":"Alt\u0131n Yele"},"content":{"rendered":"","protected":false},"excerpt":{"rendered":"<p><strong>Bu sadece bir bileklik de\u011fil, bir duru\u015f.<\/strong><br \/>\nAslan\u0131n g\u00fcc\u00fcyle \u015fekillenen bu \u00f6zel tasar\u0131m, bile\u011finde ta\u015f\u0131yaca\u011f\u0131n karizma, cesaret ve \u00f6zg\u00fcvenin bir simgesi. Keskin detaylar, g\u00f6z al\u0131c\u0131 \u0131\u015f\u0131lt\u0131 ve ba\u015f d\u00f6nd\u00fcren bir fig\u00fcr\u2026 Hepsi tek bir ama\u00e7 i\u00e7in: i\u00e7indeki lideri ortaya \u00e7\u0131kart.<\/p>\n<p><strong>Sen s\u0131radan olan\u0131 de\u011fil, fark edileni se\u00e7ersin. Bak\u0131\u015flar\u0131n kadar net, duru\u015fun kadar g\u00fc\u00e7l\u00fc bir aksesuar ar\u0131yorsan, bu bileklik seni tamamlamak i\u00e7in burada.<\/strong><\/p>\n<p>\u0130z b\u0131rakmak i\u00e7in ses gerekmez.<br \/>\nBu bileklik, sen konu\u015fmadan \u00f6nce seni anlat\u0131r.<\/p>\n","protected":false},"featured_media":96806,"comment_status":"open","ping_status":"closed","template":"","meta":[],"product_brand":[596],"product_cat":[258],"product_tag":[],"class_list":{"0":"post-96805","1":"product","2":"type-product","3":"status-publish","4":"has-post-thumbnail","6":"product_brand-astrolog-elvan","7":"product_cat-bileklik","9":"first","10":"instock","11":"purchasable","12":"product-type-simple"},"yoast_head":"<!-- This site is optimized with the Yoast SEO plugin v27.3 - https:\/\/yoast.com\/product\/yoast-seo-wordpress\/ -->\n<title>Alt\u0131n Yele - Astrolog Elvan<\/title>\n<meta name=\"robots\" content=\"index, follow, max-snippet:-1, max-image-preview:large, max-video-preview:-1\" \/>\n<link rel=\"canonical\" href=\"https:\/\/astrologelvan.com\/magaza\/urun\/altin-yele\/\" \/>\n<meta property=\"og:locale\" content=\"tr_TR\" \/>\n<meta property=\"og:type\" content=\"article\" \/>\n<meta property=\"og:title\" content=\"Alt\u0131n Yele - Astrolog Elvan\" \/>\n<meta property=\"og:description\" content=\"Bu sadece bir bileklik de\u011fil, bir duru\u015f. Aslan\u0131n g\u00fcc\u00fcyle \u015fekillenen bu \u00f6zel tasar\u0131m, bile\u011finde ta\u015f\u0131yaca\u011f\u0131n karizma, cesaret ve \u00f6zg\u00fcvenin bir simgesi. Keskin detaylar, g\u00f6z al\u0131c\u0131 \u0131\u015f\u0131lt\u0131 ve ba\u015f d\u00f6nd\u00fcren bir fig\u00fcr\u2026 Hepsi tek bir ama\u00e7 i\u00e7in: i\u00e7indeki lideri ortaya \u00e7\u0131kart.  Sen s\u0131radan olan\u0131 de\u011fil, fark edileni se\u00e7ersin. Bak\u0131\u015flar\u0131n kadar net, duru\u015fun kadar g\u00fc\u00e7l\u00fc bir aksesuar ar\u0131yorsan, bu bileklik seni tamamlamak i\u00e7in burada.  \u0130z b\u0131rakmak i\u00e7in ses gerekmez. Bu bileklik, sen konu\u015fmadan \u00f6nce seni anlat\u0131r.\" \/>\n<meta property=\"og:url\" content=\"https:\/\/astrologelvan.com\/magaza\/urun\/altin-yele\/\" \/>\n<meta property=\"og:site_name\" content=\"Astrolog Elvan\" \/>\n<meta property=\"article:modified_time\" content=\"2025-10-06T05:15:46+00:00\" \/>\n<meta property=\"og:image\" content=\"https:\/\/astrologelvan.com\/magaza\/wp-content\/uploads\/2025\/08\/Untitled-Session0087-scaled.jpg\" \/>\n\t<meta property=\"og:image:width\" content=\"1707\" \/>\n\t<meta property=\"og:image:height\" content=\"2560\" \/>\n\t<meta property=\"og:image:type\" content=\"image\/jpeg\" \/>\n<meta name=\"twitter:card\" content=\"summary_large_image\" \/>\n<meta name=\"twitter:label1\" content=\"Tahmini okuma s\u00fcresi\" \/>\n\t<meta name=\"twitter:data1\" content=\"1 dakika\" \/>\n<script type=\"application\/ld+json\" class=\"yoast-schema-graph\">{\"@context\":\"https:\\\/\\\/schema.org\",\"@graph\":[{\"@type\":[\"WebPage\",\"ItemPage\"],\"@id\":\"https:\\\/\\\/astrologelvan.com\\\/magaza\\\/urun\\\/altin-yele\\\/\",\"url\":\"https:\\\/\\\/astrologelvan.com\\\/magaza\\\/urun\\\/altin-yele\\\/\",\"name\":\"Alt\u0131n Yele - Astrolog Elvan\",\"isPartOf\":{\"@id\":\"https:\\\/\\\/astrologelvan.com\\\/magaza\\\/#website\"},\"primaryImageOfPage\":{\"@id\":\"https:\\\/\\\/astrologelvan.com\\\/magaza\\\/urun\\\/altin-yele\\\/#primaryimage\"},\"image\":{\"@id\":\"https:\\\/\\\/astrologelvan.com\\\/magaza\\\/urun\\\/altin-yele\\\/#primaryimage\"},\"thumbnailUrl\":\"https:\\\/\\\/astrologelvan.com\\\/magaza\\\/wp-content\\\/uploads\\\/2025\\\/08\\\/Untitled-Session0087-scaled.jpg\",\"datePublished\":\"2025-08-07T17:29:57+00:00\",\"dateModified\":\"2025-10-06T05:15:46+00:00\",\"breadcrumb\":{\"@id\":\"https:\\\/\\\/astrologelvan.com\\\/magaza\\\/urun\\\/altin-yele\\\/#breadcrumb\"},\"inLanguage\":\"tr\",\"potentialAction\":[{\"@type\":\"ReadAction\",\"target\":[\"https:\\\/\\\/astrologelvan.com\\\/magaza\\\/urun\\\/altin-yele\\\/\"]}]},{\"@type\":\"ImageObject\",\"inLanguage\":\"tr\",\"@id\":\"https:\\\/\\\/astrologelvan.com\\\/magaza\\\/urun\\\/altin-yele\\\/#primaryimage\",\"url\":\"https:\\\/\\\/astrologelvan.com\\\/magaza\\\/wp-content\\\/uploads\\\/2025\\\/08\\\/Untitled-Session0087-scaled.jpg\",\"contentUrl\":\"https:\\\/\\\/astrologelvan.com\\\/magaza\\\/wp-content\\\/uploads\\\/2025\\\/08\\\/Untitled-Session0087-scaled.jpg\",\"width\":1707,\"height\":2560},{\"@type\":\"BreadcrumbList\",\"@id\":\"https:\\\/\\\/astrologelvan.com\\\/magaza\\\/urun\\\/altin-yele\\\/#breadcrumb\",\"itemListElement\":[{\"@type\":\"ListItem\",\"position\":1,\"name\":\"Anasayfa\",\"item\":\"https:\\\/\\\/astrologelvan.com\\\/magaza\\\/\"},{\"@type\":\"ListItem\",\"position\":2,\"name\":\"Ma\u011faza\",\"item\":\"https:\\\/\\\/astrologelvan.com\\\/magaza\\\/magaza\\\/\"},{\"@type\":\"ListItem\",\"position\":3,\"name\":\"Alt\u0131n Yele\"}]},{\"@type\":\"WebSite\",\"@id\":\"https:\\\/\\\/astrologelvan.com\\\/magaza\\\/#website\",\"url\":\"https:\\\/\\\/astrologelvan.com\\\/magaza\\\/\",\"name\":\"Astrolog Elvan\",\"description\":\"\",\"potentialAction\":[{\"@type\":\"SearchAction\",\"target\":{\"@type\":\"EntryPoint\",\"urlTemplate\":\"https:\\\/\\\/astrologelvan.com\\\/magaza\\\/?s={search_term_string}\"},\"query-input\":{\"@type\":\"PropertyValueSpecification\",\"valueRequired\":true,\"valueName\":\"search_term_string\"}}],\"inLanguage\":\"tr\"}]}<\/script>\n<!-- \/ Yoast SEO plugin. -->","yoast_head_json":{"title":"Alt\u0131n Yele - Astrolog Elvan","robots":{"index":"index","follow":"follow","max-snippet":"max-snippet:-1","max-image-preview":"max-image-preview:large","max-video-preview":"max-video-preview:-1"},"canonical":"https:\/\/astrologelvan.com\/magaza\/urun\/altin-yele\/","og_locale":"tr_TR","og_type":"article","og_title":"Alt\u0131n Yele - Astrolog Elvan","og_description":"Bu sadece bir bileklik de\u011fil, bir duru\u015f. Aslan\u0131n g\u00fcc\u00fcyle \u015fekillenen bu \u00f6zel tasar\u0131m, bile\u011finde ta\u015f\u0131yaca\u011f\u0131n karizma, cesaret ve \u00f6zg\u00fcvenin bir simgesi. Keskin detaylar, g\u00f6z al\u0131c\u0131 \u0131\u015f\u0131lt\u0131 ve ba\u015f d\u00f6nd\u00fcren bir fig\u00fcr\u2026 Hepsi tek bir ama\u00e7 i\u00e7in: i\u00e7indeki lideri ortaya \u00e7\u0131kart.  Sen s\u0131radan olan\u0131 de\u011fil, fark edileni se\u00e7ersin. Bak\u0131\u015flar\u0131n kadar net, duru\u015fun kadar g\u00fc\u00e7l\u00fc bir aksesuar ar\u0131yorsan, bu bileklik seni tamamlamak i\u00e7in burada.  \u0130z b\u0131rakmak i\u00e7in ses gerekmez. Bu bileklik, sen konu\u015fmadan \u00f6nce seni anlat\u0131r.","og_url":"https:\/\/astrologelvan.com\/magaza\/urun\/altin-yele\/","og_site_name":"Astrolog Elvan","article_modified_time":"2025-10-06T05:15:46+00:00","og_image":[{"width":1707,"height":2560,"url":"https:\/\/astrologelvan.com\/magaza\/wp-content\/uploads\/2025\/08\/Untitled-Session0087-scaled.jpg","type":"image\/jpeg"}],"twitter_card":"summary_large_image","twitter_misc":{"Tahmini okuma s\u00fcresi":"1 dakika"},"schema":{"@context":"https:\/\/schema.org","@graph":[{"@type":["WebPage","ItemPage"],"@id":"https:\/\/astrologelvan.com\/magaza\/urun\/altin-yele\/","url":"https:\/\/astrologelvan.com\/magaza\/urun\/altin-yele\/","name":"Alt\u0131n Yele - Astrolog Elvan","isPartOf":{"@id":"https:\/\/astrologelvan.com\/magaza\/#website"},"primaryImageOfPage":{"@id":"https:\/\/astrologelvan.com\/magaza\/urun\/altin-yele\/#primaryimage"},"image":{"@id":"https:\/\/astrologelvan.com\/magaza\/urun\/altin-yele\/#primaryimage"},"thumbnailUrl":"https:\/\/astrologelvan.com\/magaza\/wp-content\/uploads\/2025\/08\/Untitled-Session0087-scaled.jpg","datePublished":"2025-08-07T17:29:57+00:00","dateModified":"2025-10-06T05:15:46+00:00","breadcrumb":{"@id":"https:\/\/astrologelvan.com\/magaza\/urun\/altin-yele\/#breadcrumb"},"inLanguage":"tr","potentialAction":[{"@type":"ReadAction","target":["https:\/\/astrologelvan.com\/magaza\/urun\/altin-yele\/"]}]},{"@type":"ImageObject","inLanguage":"tr","@id":"https:\/\/astrologelvan.com\/magaza\/urun\/altin-yele\/#primaryimage","url":"https:\/\/astrologelvan.com\/magaza\/wp-content\/uploads\/2025\/08\/Untitled-Session0087-scaled.jpg","contentUrl":"https:\/\/astrologelvan.com\/magaza\/wp-content\/uploads\/2025\/08\/Untitled-Session0087-scaled.jpg","width":1707,"height":2560},{"@type":"BreadcrumbList","@id":"https:\/\/astrologelvan.com\/magaza\/urun\/altin-yele\/#breadcrumb","itemListElement":[{"@type":"ListItem","position":1,"name":"Anasayfa","item":"https:\/\/astrologelvan.com\/magaza\/"},{"@type":"ListItem","position":2,"name":"Ma\u011faza","item":"https:\/\/astrologelvan.com\/magaza\/magaza\/"},{"@type":"ListItem","position":3,"name":"Alt\u0131n Yele"}]},{"@type":"WebSite","@id":"https:\/\/astrologelvan.com\/magaza\/#website","url":"https:\/\/astrologelvan.com\/magaza\/","name":"Astrolog Elvan","description":"","potentialAction":[{"@type":"SearchAction","target":{"@type":"EntryPoint","urlTemplate":"https:\/\/astrologelvan.com\/magaza\/?s={search_term_string}"},"query-input":{"@type":"PropertyValueSpecification","valueRequired":true,"valueName":"search_term_string"}}],"inLanguage":"tr"}]}},"_links":{"self":[{"href":"https:\/\/astrologelvan.com\/magaza\/wp-json\/wp\/v2\/product\/96805","targetHints":{"allow":["GET"]}}],"collection":[{"href":"https:\/\/astrologelvan.com\/magaza\/wp-json\/wp\/v2\/product"}],"about":[{"href":"https:\/\/astrologelvan.com\/magaza\/wp-json\/wp\/v2\/types\/product"}],"replies":[{"embeddable":true,"href":"https:\/\/astrologelvan.com\/magaza\/wp-json\/wp\/v2\/comments?post=96805"}],"wp:featuredmedia":[{"embeddable":true,"href":"https:\/\/astrologelvan.com\/magaza\/wp-json\/wp\/v2\/media\/96806"}],"wp:attachment":[{"href":"https:\/\/astrologelvan.com\/magaza\/wp-json\/wp\/v2\/media?parent=96805"}],"wp:term":[{"taxonomy":"product_brand","embeddable":true,"href":"https:\/\/astrologelvan.com\/magaza\/wp-json\/wp\/v2\/product_brand?post=96805"},{"taxonomy":"product_cat","embeddable":true,"href":"https:\/\/astrologelvan.com\/magaza\/wp-json\/wp\/v2\/product_cat?post=96805"},{"taxonomy":"product_tag","embeddable":true,"href":"https:\/\/astrologelvan.com\/magaza\/wp-json\/wp\/v2\/product_tag?post=96805"}],"curies":[{"name":"wp","href":"https:\/\/api.w.org\/{rel}","templated":true}]}}