{"id":96801,"date":"2025-08-07T20:27:20","date_gmt":"2025-08-07T17:27:20","guid":{"rendered":"https:\/\/astrologelvan.com\/magaza\/?post_type=product&#038;p=96801"},"modified":"2025-11-12T08:51:12","modified_gmt":"2025-11-12T05:51:12","slug":"kralin-muhru","status":"publish","type":"product","link":"https:\/\/astrologelvan.com\/magaza\/urun\/kralin-muhru\/","title":{"rendered":"Kral\u0131n M\u00fchr\u00fc"},"content":{"rendered":"","protected":false},"excerpt":{"rendered":"<p><strong>G\u00fc\u00e7 bilekte ta\u015f\u0131n\u0131r.<\/strong><br \/>\nAslan\u0131n bak\u0131\u015f\u0131yla \u015fekillenen bu \u00f6zel tasar\u0131m bileklik, s\u0131radan olan\u0131 geride b\u0131rakmak isteyenler i\u00e7in \u00fcretildi. Aslan fig\u00fcr\u00fcn\u00fcn kudretiyle ortaya g\u00fcc\u00fc, liderli\u011fi ve hakimiyeti simgeleyen bir bileklik \u00e7\u0131kt\u0131.<\/p>\n<p>Her ayr\u0131nt\u0131s\u0131yla iddial\u0131, her bak\u0131\u015f\u0131yla etkileyici&#8230; Bu bileklik, sadece bir aksesuar de\u011fil; bir duru\u015fun, bir karakterin ifadesi. Sessizce h\u00fckmedenler i\u00e7in, g\u00f6r\u00fcnmeden fark edilenler i\u00e7in, i\u00e7indeki krall\u0131\u011f\u0131 bilenler i\u00e7in.<\/p>\n<p><strong>Kurallar yaz\u0131lmaz. Krallar do\u011far.<\/strong><br \/>\nBu bileklik, senin h\u00fck\u00fcmranl\u0131\u011f\u0131n\u0131 ilan etmenin en zarif yolu.\ud83e\udd81<\/p>\n","protected":false},"featured_media":96804,"comment_status":"open","ping_status":"closed","template":"","meta":[],"product_brand":[],"product_cat":[258],"product_tag":[263,73,7308,7309],"class_list":{"0":"post-96801","1":"product","2":"type-product","3":"status-publish","4":"has-post-thumbnail","6":"product_cat-bileklik","7":"product_tag-bileklik","8":"product_tag-kolye","9":"product_tag-kral","10":"product_tag-muhur","12":"first","13":"instock","14":"purchasable","15":"product-type-simple"},"yoast_head":"<!-- This site is optimized with the Yoast SEO plugin v27.3 - https:\/\/yoast.com\/product\/yoast-seo-wordpress\/ -->\n<title>Kral\u0131n M\u00fchr\u00fc - Astrolog Elvan<\/title>\n<meta name=\"robots\" content=\"index, follow, max-snippet:-1, max-image-preview:large, max-video-preview:-1\" \/>\n<link rel=\"canonical\" href=\"https:\/\/astrologelvan.com\/magaza\/urun\/kralin-muhru\/\" \/>\n<meta property=\"og:locale\" content=\"tr_TR\" \/>\n<meta property=\"og:type\" content=\"article\" \/>\n<meta property=\"og:title\" content=\"Kral\u0131n M\u00fchr\u00fc - Astrolog Elvan\" \/>\n<meta property=\"og:description\" content=\"G\u00fc\u00e7 bilekte ta\u015f\u0131n\u0131r. Aslan\u0131n bak\u0131\u015f\u0131yla \u015fekillenen bu \u00f6zel tasar\u0131m bileklik, s\u0131radan olan\u0131 geride b\u0131rakmak isteyenler i\u00e7in \u00fcretildi. Aslan fig\u00fcr\u00fcn\u00fcn kudretiyle ortaya g\u00fcc\u00fc, liderli\u011fi ve hakimiyeti simgeleyen bir bileklik \u00e7\u0131kt\u0131.  Her ayr\u0131nt\u0131s\u0131yla iddial\u0131, her bak\u0131\u015f\u0131yla etkileyici... Bu bileklik, sadece bir aksesuar de\u011fil; bir duru\u015fun, bir karakterin ifadesi. Sessizce h\u00fckmedenler i\u00e7in, g\u00f6r\u00fcnmeden fark edilenler i\u00e7in, i\u00e7indeki krall\u0131\u011f\u0131 bilenler i\u00e7in.  Kurallar yaz\u0131lmaz. Krallar do\u011far. Bu bileklik, senin h\u00fck\u00fcmranl\u0131\u011f\u0131n\u0131 ilan etmenin en zarif yolu.\ud83e\udd81\" \/>\n<meta property=\"og:url\" content=\"https:\/\/astrologelvan.com\/magaza\/urun\/kralin-muhru\/\" \/>\n<meta property=\"og:site_name\" content=\"Astrolog Elvan\" \/>\n<meta property=\"article:modified_time\" content=\"2025-11-12T05:51:12+00:00\" \/>\n<meta property=\"og:image\" content=\"https:\/\/astrologelvan.com\/magaza\/wp-content\/uploads\/2025\/08\/Untitled-Session0084-scaled.jpg\" \/>\n\t<meta property=\"og:image:width\" content=\"1707\" \/>\n\t<meta property=\"og:image:height\" content=\"2560\" \/>\n\t<meta property=\"og:image:type\" content=\"image\/jpeg\" \/>\n<meta name=\"twitter:card\" content=\"summary_large_image\" \/>\n<meta name=\"twitter:label1\" content=\"Tahmini okuma s\u00fcresi\" \/>\n\t<meta name=\"twitter:data1\" content=\"1 dakika\" \/>\n<script type=\"application\/ld+json\" class=\"yoast-schema-graph\">{\"@context\":\"https:\\\/\\\/schema.org\",\"@graph\":[{\"@type\":[\"WebPage\",\"ItemPage\"],\"@id\":\"https:\\\/\\\/astrologelvan.com\\\/magaza\\\/urun\\\/kralin-muhru\\\/\",\"url\":\"https:\\\/\\\/astrologelvan.com\\\/magaza\\\/urun\\\/kralin-muhru\\\/\",\"name\":\"Kral\u0131n M\u00fchr\u00fc - Astrolog Elvan\",\"isPartOf\":{\"@id\":\"https:\\\/\\\/astrologelvan.com\\\/magaza\\\/#website\"},\"primaryImageOfPage\":{\"@id\":\"https:\\\/\\\/astrologelvan.com\\\/magaza\\\/urun\\\/kralin-muhru\\\/#primaryimage\"},\"image\":{\"@id\":\"https:\\\/\\\/astrologelvan.com\\\/magaza\\\/urun\\\/kralin-muhru\\\/#primaryimage\"},\"thumbnailUrl\":\"https:\\\/\\\/astrologelvan.com\\\/magaza\\\/wp-content\\\/uploads\\\/2025\\\/08\\\/Untitled-Session0084-scaled.jpg\",\"datePublished\":\"2025-08-07T17:27:20+00:00\",\"dateModified\":\"2025-11-12T05:51:12+00:00\",\"breadcrumb\":{\"@id\":\"https:\\\/\\\/astrologelvan.com\\\/magaza\\\/urun\\\/kralin-muhru\\\/#breadcrumb\"},\"inLanguage\":\"tr\",\"potentialAction\":[{\"@type\":\"ReadAction\",\"target\":[\"https:\\\/\\\/astrologelvan.com\\\/magaza\\\/urun\\\/kralin-muhru\\\/\"]}]},{\"@type\":\"ImageObject\",\"inLanguage\":\"tr\",\"@id\":\"https:\\\/\\\/astrologelvan.com\\\/magaza\\\/urun\\\/kralin-muhru\\\/#primaryimage\",\"url\":\"https:\\\/\\\/astrologelvan.com\\\/magaza\\\/wp-content\\\/uploads\\\/2025\\\/08\\\/Untitled-Session0084-scaled.jpg\",\"contentUrl\":\"https:\\\/\\\/astrologelvan.com\\\/magaza\\\/wp-content\\\/uploads\\\/2025\\\/08\\\/Untitled-Session0084-scaled.jpg\",\"width\":1707,\"height\":2560},{\"@type\":\"BreadcrumbList\",\"@id\":\"https:\\\/\\\/astrologelvan.com\\\/magaza\\\/urun\\\/kralin-muhru\\\/#breadcrumb\",\"itemListElement\":[{\"@type\":\"ListItem\",\"position\":1,\"name\":\"Anasayfa\",\"item\":\"https:\\\/\\\/astrologelvan.com\\\/magaza\\\/\"},{\"@type\":\"ListItem\",\"position\":2,\"name\":\"Ma\u011faza\",\"item\":\"https:\\\/\\\/astrologelvan.com\\\/magaza\\\/magaza\\\/\"},{\"@type\":\"ListItem\",\"position\":3,\"name\":\"Kral\u0131n M\u00fchr\u00fc\"}]},{\"@type\":\"WebSite\",\"@id\":\"https:\\\/\\\/astrologelvan.com\\\/magaza\\\/#website\",\"url\":\"https:\\\/\\\/astrologelvan.com\\\/magaza\\\/\",\"name\":\"Astrolog Elvan\",\"description\":\"\",\"potentialAction\":[{\"@type\":\"SearchAction\",\"target\":{\"@type\":\"EntryPoint\",\"urlTemplate\":\"https:\\\/\\\/astrologelvan.com\\\/magaza\\\/?s={search_term_string}\"},\"query-input\":{\"@type\":\"PropertyValueSpecification\",\"valueRequired\":true,\"valueName\":\"search_term_string\"}}],\"inLanguage\":\"tr\"}]}<\/script>\n<!-- \/ Yoast SEO plugin. -->","yoast_head_json":{"title":"Kral\u0131n M\u00fchr\u00fc - Astrolog Elvan","robots":{"index":"index","follow":"follow","max-snippet":"max-snippet:-1","max-image-preview":"max-image-preview:large","max-video-preview":"max-video-preview:-1"},"canonical":"https:\/\/astrologelvan.com\/magaza\/urun\/kralin-muhru\/","og_locale":"tr_TR","og_type":"article","og_title":"Kral\u0131n M\u00fchr\u00fc - Astrolog Elvan","og_description":"G\u00fc\u00e7 bilekte ta\u015f\u0131n\u0131r. Aslan\u0131n bak\u0131\u015f\u0131yla \u015fekillenen bu \u00f6zel tasar\u0131m bileklik, s\u0131radan olan\u0131 geride b\u0131rakmak isteyenler i\u00e7in \u00fcretildi. Aslan fig\u00fcr\u00fcn\u00fcn kudretiyle ortaya g\u00fcc\u00fc, liderli\u011fi ve hakimiyeti simgeleyen bir bileklik \u00e7\u0131kt\u0131.  Her ayr\u0131nt\u0131s\u0131yla iddial\u0131, her bak\u0131\u015f\u0131yla etkileyici... Bu bileklik, sadece bir aksesuar de\u011fil; bir duru\u015fun, bir karakterin ifadesi. Sessizce h\u00fckmedenler i\u00e7in, g\u00f6r\u00fcnmeden fark edilenler i\u00e7in, i\u00e7indeki krall\u0131\u011f\u0131 bilenler i\u00e7in.  Kurallar yaz\u0131lmaz. Krallar do\u011far. Bu bileklik, senin h\u00fck\u00fcmranl\u0131\u011f\u0131n\u0131 ilan etmenin en zarif yolu.\ud83e\udd81","og_url":"https:\/\/astrologelvan.com\/magaza\/urun\/kralin-muhru\/","og_site_name":"Astrolog Elvan","article_modified_time":"2025-11-12T05:51:12+00:00","og_image":[{"width":1707,"height":2560,"url":"https:\/\/astrologelvan.com\/magaza\/wp-content\/uploads\/2025\/08\/Untitled-Session0084-scaled.jpg","type":"image\/jpeg"}],"twitter_card":"summary_large_image","twitter_misc":{"Tahmini okuma s\u00fcresi":"1 dakika"},"schema":{"@context":"https:\/\/schema.org","@graph":[{"@type":["WebPage","ItemPage"],"@id":"https:\/\/astrologelvan.com\/magaza\/urun\/kralin-muhru\/","url":"https:\/\/astrologelvan.com\/magaza\/urun\/kralin-muhru\/","name":"Kral\u0131n M\u00fchr\u00fc - Astrolog Elvan","isPartOf":{"@id":"https:\/\/astrologelvan.com\/magaza\/#website"},"primaryImageOfPage":{"@id":"https:\/\/astrologelvan.com\/magaza\/urun\/kralin-muhru\/#primaryimage"},"image":{"@id":"https:\/\/astrologelvan.com\/magaza\/urun\/kralin-muhru\/#primaryimage"},"thumbnailUrl":"https:\/\/astrologelvan.com\/magaza\/wp-content\/uploads\/2025\/08\/Untitled-Session0084-scaled.jpg","datePublished":"2025-08-07T17:27:20+00:00","dateModified":"2025-11-12T05:51:12+00:00","breadcrumb":{"@id":"https:\/\/astrologelvan.com\/magaza\/urun\/kralin-muhru\/#breadcrumb"},"inLanguage":"tr","potentialAction":[{"@type":"ReadAction","target":["https:\/\/astrologelvan.com\/magaza\/urun\/kralin-muhru\/"]}]},{"@type":"ImageObject","inLanguage":"tr","@id":"https:\/\/astrologelvan.com\/magaza\/urun\/kralin-muhru\/#primaryimage","url":"https:\/\/astrologelvan.com\/magaza\/wp-content\/uploads\/2025\/08\/Untitled-Session0084-scaled.jpg","contentUrl":"https:\/\/astrologelvan.com\/magaza\/wp-content\/uploads\/2025\/08\/Untitled-Session0084-scaled.jpg","width":1707,"height":2560},{"@type":"BreadcrumbList","@id":"https:\/\/astrologelvan.com\/magaza\/urun\/kralin-muhru\/#breadcrumb","itemListElement":[{"@type":"ListItem","position":1,"name":"Anasayfa","item":"https:\/\/astrologelvan.com\/magaza\/"},{"@type":"ListItem","position":2,"name":"Ma\u011faza","item":"https:\/\/astrologelvan.com\/magaza\/magaza\/"},{"@type":"ListItem","position":3,"name":"Kral\u0131n M\u00fchr\u00fc"}]},{"@type":"WebSite","@id":"https:\/\/astrologelvan.com\/magaza\/#website","url":"https:\/\/astrologelvan.com\/magaza\/","name":"Astrolog Elvan","description":"","potentialAction":[{"@type":"SearchAction","target":{"@type":"EntryPoint","urlTemplate":"https:\/\/astrologelvan.com\/magaza\/?s={search_term_string}"},"query-input":{"@type":"PropertyValueSpecification","valueRequired":true,"valueName":"search_term_string"}}],"inLanguage":"tr"}]}},"_links":{"self":[{"href":"https:\/\/astrologelvan.com\/magaza\/wp-json\/wp\/v2\/product\/96801","targetHints":{"allow":["GET"]}}],"collection":[{"href":"https:\/\/astrologelvan.com\/magaza\/wp-json\/wp\/v2\/product"}],"about":[{"href":"https:\/\/astrologelvan.com\/magaza\/wp-json\/wp\/v2\/types\/product"}],"replies":[{"embeddable":true,"href":"https:\/\/astrologelvan.com\/magaza\/wp-json\/wp\/v2\/comments?post=96801"}],"wp:featuredmedia":[{"embeddable":true,"href":"https:\/\/astrologelvan.com\/magaza\/wp-json\/wp\/v2\/media\/96804"}],"wp:attachment":[{"href":"https:\/\/astrologelvan.com\/magaza\/wp-json\/wp\/v2\/media?parent=96801"}],"wp:term":[{"taxonomy":"product_brand","embeddable":true,"href":"https:\/\/astrologelvan.com\/magaza\/wp-json\/wp\/v2\/product_brand?post=96801"},{"taxonomy":"product_cat","embeddable":true,"href":"https:\/\/astrologelvan.com\/magaza\/wp-json\/wp\/v2\/product_cat?post=96801"},{"taxonomy":"product_tag","embeddable":true,"href":"https:\/\/astrologelvan.com\/magaza\/wp-json\/wp\/v2\/product_tag?post=96801"}],"curies":[{"name":"wp","href":"https:\/\/api.w.org\/{rel}","templated":true}]}}