{"id":952,"date":"2024-02-28T03:04:51","date_gmt":"2024-02-28T00:04:51","guid":{"rendered":"https:\/\/astrologelvan.shop\/?post_type=product&#038;p=952"},"modified":"2026-01-13T13:17:19","modified_gmt":"2026-01-13T10:17:19","slug":"amazonit-dogal-tas-kolye","status":"publish","type":"product","link":"https:\/\/astrologelvan.com\/magaza\/urun\/amazonit-dogal-tas-kolye\/","title":{"rendered":"AMAZON\u0130T DO\u011eAL TA\u015e KOLYE"},"content":{"rendered":"<p><b>\u00dcr\u00fcn \u00d6zellikleri<\/b><\/p>\n<p><span style=\"font-weight: 400;\">Amazonit Do\u011fal Ta\u015f Erkek Kolye<\/span><\/p>\n<p><span style=\"font-weight: 400;\">Ta\u015f\u0131n A\u011f\u0131rl\u0131\u011f\u0131:\u00a07 gr<\/span><\/p>\n<p><span style=\"font-weight: 400;\">Ta\u015f\u0131n boyutu:\u00a040 cm<\/span><\/p>\n<p><span style=\"font-weight: 400;\">\u00a0Deri Zincir Boyutu:\u00a065 cm<\/span><\/p>\n<p><strong>Tak\u0131lar\u0131n\u0131z\u0131n uzun s\u00fcre kullanabilmesi i\u00e7in; Parf\u00fcm, su, s\u0131v\u0131, dezenfektan, krem v.b. gibi maddelerle temas etmemesi, du\u015f-banyo s\u0131ras\u0131nda \u00e7\u0131kart\u0131lmas\u0131 gerekmektedir. Ki\u015finin ter-ten yap\u0131s\u0131na g\u00f6re de etkilenmektedir. Tak\u0131lar\u0131n\u0131z\u0131 kullanmad\u0131\u011f\u0131n\u0131z zamanlarda kesesinde saklaman\u0131z\u0131 \u00f6neririz.<\/strong><\/p>\n<p><strong>Do\u011fal ta\u015flar\u0131n belirli titre\u015fimlere ve frekanslara sahip oldu\u011fu bilinmektedir. Bu nedenle v\u00fccudumuzda ve auram\u0131zda birtak\u0131m iyi etkileri oldu\u011fu s\u00f6ylenmektedir. Ta\u015flar\u0131n \u00f6zelliklerinin bilimsel kesinli\u011fi yoktur. Astrolog Elvan ma\u011fazas\u0131ndaki t\u00fcm ta\u015flar orijinal, ger\u00e7ek do\u011fal ta\u015flard\u0131r. T\u0131bbi konularda doktora dan\u0131\u015fman\u0131z\u0131 tavsiye ederiz. Ta\u015flar\u0131n tedavi edici \u00f6zelli\u011fi yoktur, sadece ki\u015fisel enerjimizi y\u00fckseltmekte ve astrolojik olarak da temsil etti\u011fi gezegenlerin etkilerini artt\u0131rmakta oldu\u011fu kabul edilir. \u00d6rne\u011fin; pembe kuvars ta\u015f\u0131 a\u015fk ve sevgi gezegeni Ven\u00fcs&#8217;\u00fcn ta\u015f\u0131d\u0131r ve bu sebeple \u00fczerinde ta\u015f\u0131yan ki\u015finin a\u015fk ve sevgi frekans\u0131n\u0131 y\u00fckseltti\u011fi bilinir.<\/strong><\/p>\n<p>&nbsp;<\/p>\n","protected":false},"excerpt":{"rendered":"<p><span style=\"font-weight: 400;\">Amazonit ta\u015f\u0131, eril &amp; di\u015fi enerjiyi dengelemek i\u00e7in kullan\u0131l\u0131r. Hayatta \u00e7o\u011fu zaman bu dengemiz \u015fa\u015ft\u0131\u011f\u0131 i\u00e7in ili\u015fkilerde problem ya\u015far\u0131z. \u00d6zellikle \u015fehirde ya\u015fayanlar\u0131n kullanmas\u0131n\u0131 tavsiye ederiz. \u00c7\u00fcnk\u00fc hayat ko\u015fullar\u0131 sebebiyle \u00e7o\u011fu kad\u0131n ve erkek, eril enerjisini fazlas\u0131yla kullan\u0131yor ve i\u00e7indeki di\u015fi ile ileti\u015fime ge\u00e7emiyor. Kalp ve bo\u011faz \u00e7akralar\u0131n\u0131 \u015fifaland\u0131rmak i\u00e7in bu ta\u015ftan faydalanabilirsiniz.<\/span><\/p>\n","protected":false},"featured_media":10219,"comment_status":"open","ping_status":"closed","template":"","meta":[],"product_brand":[596],"product_cat":[160,465,48,7455],"product_tag":[39,183,63,184],"class_list":{"0":"post-952","1":"product","2":"type-product","3":"status-publish","4":"has-post-thumbnail","6":"product_brand-astrolog-elvan","7":"product_cat-amazonit-tasi","8":"product_cat-erkek-kolyeler","9":"product_cat-kolyeler","10":"product_cat--kolyeler","11":"product_tag-astrolog-elvan","12":"product_tag-dogal-pembe-kuvars-tasi","13":"product_tag-dogal-tas-kolye","14":"product_tag-pembe-kuvars-kolye","16":"first","17":"instock","18":"taxable","19":"shipping-taxable","20":"purchasable","21":"product-type-simple"},"yoast_head":"<!-- This site is optimized with the Yoast SEO plugin v27.2 - https:\/\/yoast.com\/product\/yoast-seo-wordpress\/ -->\n<title>AMAZON\u0130T DO\u011eAL TA\u015e KOLYE - Astrolog Elvan<\/title>\n<meta name=\"robots\" content=\"index, follow, max-snippet:-1, max-image-preview:large, max-video-preview:-1\" \/>\n<link rel=\"canonical\" href=\"https:\/\/astrologelvan.com\/magaza\/urun\/amazonit-dogal-tas-kolye\/\" \/>\n<meta property=\"og:locale\" content=\"tr_TR\" \/>\n<meta property=\"og:type\" content=\"article\" \/>\n<meta property=\"og:title\" content=\"AMAZON\u0130T DO\u011eAL TA\u015e KOLYE - Astrolog Elvan\" \/>\n<meta property=\"og:description\" content=\"Amazonit ta\u015f\u0131, eril &amp; di\u015fi enerjiyi dengelemek i\u00e7in kullan\u0131l\u0131r. Hayatta \u00e7o\u011fu zaman bu dengemiz \u015fa\u015ft\u0131\u011f\u0131 i\u00e7in ili\u015fkilerde problem ya\u015far\u0131z. \u00d6zellikle \u015fehirde ya\u015fayanlar\u0131n kullanmas\u0131n\u0131 tavsiye ederiz. \u00c7\u00fcnk\u00fc hayat ko\u015fullar\u0131 sebebiyle \u00e7o\u011fu kad\u0131n ve erkek, eril enerjisini fazlas\u0131yla kullan\u0131yor ve i\u00e7indeki di\u015fi ile ileti\u015fime ge\u00e7emiyor. Kalp ve bo\u011faz \u00e7akralar\u0131n\u0131 \u015fifaland\u0131rmak i\u00e7in bu ta\u015ftan faydalanabilirsiniz.\" \/>\n<meta property=\"og:url\" content=\"https:\/\/astrologelvan.com\/magaza\/urun\/amazonit-dogal-tas-kolye\/\" \/>\n<meta property=\"og:site_name\" content=\"Astrolog Elvan\" \/>\n<meta property=\"article:modified_time\" content=\"2026-01-13T10:17:19+00:00\" \/>\n<meta property=\"og:image\" content=\"https:\/\/astrologelvan.com\/magaza\/wp-content\/uploads\/2024\/02\/1-135-scaled.jpg\" \/>\n\t<meta property=\"og:image:width\" content=\"2560\" \/>\n\t<meta property=\"og:image:height\" content=\"2560\" \/>\n\t<meta property=\"og:image:type\" content=\"image\/jpeg\" \/>\n<meta name=\"twitter:card\" content=\"summary_large_image\" \/>\n<meta name=\"twitter:label1\" content=\"Tahmini okuma s\u00fcresi\" \/>\n\t<meta name=\"twitter:data1\" content=\"2 dakika\" \/>\n<script type=\"application\/ld+json\" class=\"yoast-schema-graph\">{\"@context\":\"https:\/\/schema.org\",\"@graph\":[{\"@type\":[\"WebPage\",\"ItemPage\"],\"@id\":\"https:\/\/astrologelvan.com\/magaza\/urun\/amazonit-dogal-tas-kolye\/\",\"url\":\"https:\/\/astrologelvan.com\/magaza\/urun\/amazonit-dogal-tas-kolye\/\",\"name\":\"AMAZON\u0130T DO\u011eAL TA\u015e KOLYE - Astrolog Elvan\",\"isPartOf\":{\"@id\":\"https:\/\/astrologelvan.com\/magaza\/#website\"},\"primaryImageOfPage\":{\"@id\":\"https:\/\/astrologelvan.com\/magaza\/urun\/amazonit-dogal-tas-kolye\/#primaryimage\"},\"image\":{\"@id\":\"https:\/\/astrologelvan.com\/magaza\/urun\/amazonit-dogal-tas-kolye\/#primaryimage\"},\"thumbnailUrl\":\"https:\/\/astrologelvan.com\/magaza\/wp-content\/uploads\/2024\/02\/1-135-scaled.jpg\",\"datePublished\":\"2024-02-28T00:04:51+00:00\",\"dateModified\":\"2026-01-13T10:17:19+00:00\",\"breadcrumb\":{\"@id\":\"https:\/\/astrologelvan.com\/magaza\/urun\/amazonit-dogal-tas-kolye\/#breadcrumb\"},\"inLanguage\":\"tr\",\"potentialAction\":[{\"@type\":\"ReadAction\",\"target\":[\"https:\/\/astrologelvan.com\/magaza\/urun\/amazonit-dogal-tas-kolye\/\"]}]},{\"@type\":\"ImageObject\",\"inLanguage\":\"tr\",\"@id\":\"https:\/\/astrologelvan.com\/magaza\/urun\/amazonit-dogal-tas-kolye\/#primaryimage\",\"url\":\"https:\/\/astrologelvan.com\/magaza\/wp-content\/uploads\/2024\/02\/1-135-scaled.jpg\",\"contentUrl\":\"https:\/\/astrologelvan.com\/magaza\/wp-content\/uploads\/2024\/02\/1-135-scaled.jpg\",\"width\":2560,\"height\":2560},{\"@type\":\"BreadcrumbList\",\"@id\":\"https:\/\/astrologelvan.com\/magaza\/urun\/amazonit-dogal-tas-kolye\/#breadcrumb\",\"itemListElement\":[{\"@type\":\"ListItem\",\"position\":1,\"name\":\"Anasayfa\",\"item\":\"https:\/\/astrologelvan.com\/magaza\/\"},{\"@type\":\"ListItem\",\"position\":2,\"name\":\"Ma\u011faza\",\"item\":\"https:\/\/astrologelvan.com\/magaza\/magaza\/\"},{\"@type\":\"ListItem\",\"position\":3,\"name\":\"AMAZON\u0130T DO\u011eAL TA\u015e KOLYE\"}]},{\"@type\":\"WebSite\",\"@id\":\"https:\/\/astrologelvan.com\/magaza\/#website\",\"url\":\"https:\/\/astrologelvan.com\/magaza\/\",\"name\":\"Astrolog Elvan\",\"description\":\"\",\"potentialAction\":[{\"@type\":\"SearchAction\",\"target\":{\"@type\":\"EntryPoint\",\"urlTemplate\":\"https:\/\/astrologelvan.com\/magaza\/?s={search_term_string}\"},\"query-input\":{\"@type\":\"PropertyValueSpecification\",\"valueRequired\":true,\"valueName\":\"search_term_string\"}}],\"inLanguage\":\"tr\"}]}<\/script>\n<!-- \/ Yoast SEO plugin. -->","yoast_head_json":{"title":"AMAZON\u0130T DO\u011eAL TA\u015e KOLYE - Astrolog Elvan","robots":{"index":"index","follow":"follow","max-snippet":"max-snippet:-1","max-image-preview":"max-image-preview:large","max-video-preview":"max-video-preview:-1"},"canonical":"https:\/\/astrologelvan.com\/magaza\/urun\/amazonit-dogal-tas-kolye\/","og_locale":"tr_TR","og_type":"article","og_title":"AMAZON\u0130T DO\u011eAL TA\u015e KOLYE - Astrolog Elvan","og_description":"Amazonit ta\u015f\u0131, eril &amp; di\u015fi enerjiyi dengelemek i\u00e7in kullan\u0131l\u0131r. Hayatta \u00e7o\u011fu zaman bu dengemiz \u015fa\u015ft\u0131\u011f\u0131 i\u00e7in ili\u015fkilerde problem ya\u015far\u0131z. \u00d6zellikle \u015fehirde ya\u015fayanlar\u0131n kullanmas\u0131n\u0131 tavsiye ederiz. \u00c7\u00fcnk\u00fc hayat ko\u015fullar\u0131 sebebiyle \u00e7o\u011fu kad\u0131n ve erkek, eril enerjisini fazlas\u0131yla kullan\u0131yor ve i\u00e7indeki di\u015fi ile ileti\u015fime ge\u00e7emiyor. Kalp ve bo\u011faz \u00e7akralar\u0131n\u0131 \u015fifaland\u0131rmak i\u00e7in bu ta\u015ftan faydalanabilirsiniz.","og_url":"https:\/\/astrologelvan.com\/magaza\/urun\/amazonit-dogal-tas-kolye\/","og_site_name":"Astrolog Elvan","article_modified_time":"2026-01-13T10:17:19+00:00","og_image":[{"width":2560,"height":2560,"url":"https:\/\/astrologelvan.com\/magaza\/wp-content\/uploads\/2024\/02\/1-135-scaled.jpg","type":"image\/jpeg"}],"twitter_card":"summary_large_image","twitter_misc":{"Tahmini okuma s\u00fcresi":"2 dakika"},"schema":{"@context":"https:\/\/schema.org","@graph":[{"@type":["WebPage","ItemPage"],"@id":"https:\/\/astrologelvan.com\/magaza\/urun\/amazonit-dogal-tas-kolye\/","url":"https:\/\/astrologelvan.com\/magaza\/urun\/amazonit-dogal-tas-kolye\/","name":"AMAZON\u0130T DO\u011eAL TA\u015e KOLYE - Astrolog Elvan","isPartOf":{"@id":"https:\/\/astrologelvan.com\/magaza\/#website"},"primaryImageOfPage":{"@id":"https:\/\/astrologelvan.com\/magaza\/urun\/amazonit-dogal-tas-kolye\/#primaryimage"},"image":{"@id":"https:\/\/astrologelvan.com\/magaza\/urun\/amazonit-dogal-tas-kolye\/#primaryimage"},"thumbnailUrl":"https:\/\/astrologelvan.com\/magaza\/wp-content\/uploads\/2024\/02\/1-135-scaled.jpg","datePublished":"2024-02-28T00:04:51+00:00","dateModified":"2026-01-13T10:17:19+00:00","breadcrumb":{"@id":"https:\/\/astrologelvan.com\/magaza\/urun\/amazonit-dogal-tas-kolye\/#breadcrumb"},"inLanguage":"tr","potentialAction":[{"@type":"ReadAction","target":["https:\/\/astrologelvan.com\/magaza\/urun\/amazonit-dogal-tas-kolye\/"]}]},{"@type":"ImageObject","inLanguage":"tr","@id":"https:\/\/astrologelvan.com\/magaza\/urun\/amazonit-dogal-tas-kolye\/#primaryimage","url":"https:\/\/astrologelvan.com\/magaza\/wp-content\/uploads\/2024\/02\/1-135-scaled.jpg","contentUrl":"https:\/\/astrologelvan.com\/magaza\/wp-content\/uploads\/2024\/02\/1-135-scaled.jpg","width":2560,"height":2560},{"@type":"BreadcrumbList","@id":"https:\/\/astrologelvan.com\/magaza\/urun\/amazonit-dogal-tas-kolye\/#breadcrumb","itemListElement":[{"@type":"ListItem","position":1,"name":"Anasayfa","item":"https:\/\/astrologelvan.com\/magaza\/"},{"@type":"ListItem","position":2,"name":"Ma\u011faza","item":"https:\/\/astrologelvan.com\/magaza\/magaza\/"},{"@type":"ListItem","position":3,"name":"AMAZON\u0130T DO\u011eAL TA\u015e KOLYE"}]},{"@type":"WebSite","@id":"https:\/\/astrologelvan.com\/magaza\/#website","url":"https:\/\/astrologelvan.com\/magaza\/","name":"Astrolog Elvan","description":"","potentialAction":[{"@type":"SearchAction","target":{"@type":"EntryPoint","urlTemplate":"https:\/\/astrologelvan.com\/magaza\/?s={search_term_string}"},"query-input":{"@type":"PropertyValueSpecification","valueRequired":true,"valueName":"search_term_string"}}],"inLanguage":"tr"}]}},"_links":{"self":[{"href":"https:\/\/astrologelvan.com\/magaza\/wp-json\/wp\/v2\/product\/952","targetHints":{"allow":["GET"]}}],"collection":[{"href":"https:\/\/astrologelvan.com\/magaza\/wp-json\/wp\/v2\/product"}],"about":[{"href":"https:\/\/astrologelvan.com\/magaza\/wp-json\/wp\/v2\/types\/product"}],"replies":[{"embeddable":true,"href":"https:\/\/astrologelvan.com\/magaza\/wp-json\/wp\/v2\/comments?post=952"}],"wp:featuredmedia":[{"embeddable":true,"href":"https:\/\/astrologelvan.com\/magaza\/wp-json\/wp\/v2\/media\/10219"}],"wp:attachment":[{"href":"https:\/\/astrologelvan.com\/magaza\/wp-json\/wp\/v2\/media?parent=952"}],"wp:term":[{"taxonomy":"product_brand","embeddable":true,"href":"https:\/\/astrologelvan.com\/magaza\/wp-json\/wp\/v2\/product_brand?post=952"},{"taxonomy":"product_cat","embeddable":true,"href":"https:\/\/astrologelvan.com\/magaza\/wp-json\/wp\/v2\/product_cat?post=952"},{"taxonomy":"product_tag","embeddable":true,"href":"https:\/\/astrologelvan.com\/magaza\/wp-json\/wp\/v2\/product_tag?post=952"}],"curies":[{"name":"wp","href":"https:\/\/api.w.org\/{rel}","templated":true}]}}