{"id":944,"date":"2024-02-28T03:04:24","date_gmt":"2024-02-28T00:04:24","guid":{"rendered":"https:\/\/astrologelvan.shop\/?post_type=product&#038;p=944"},"modified":"2026-03-30T21:48:29","modified_gmt":"2026-03-30T18:48:29","slug":"selenit-kalp-dogal-tas","status":"publish","type":"product","link":"https:\/\/astrologelvan.com\/magaza\/urun\/selenit-kalp-dogal-tas\/","title":{"rendered":"SELEN\u0130T KALP DO\u011eAL TA\u015e"},"content":{"rendered":"<p><b>\u00dcr\u00fcn \u00d6zellikleri<\/b><\/p>\n<p><span style=\"font-weight: 400;\">Ta\u015f\u0131n A\u011f\u0131rl\u0131\u011f\u0131: 100 \u2013 140 gr<\/span><\/p>\n<p><span style=\"font-weight: 400;\">Ta\u015f\u0131n Boyutu: 50 \u2013 70 MM<\/span><\/p>\n<p>Do\u011fal ta\u015f kolyelerimizin tasar\u0131mlar\u0131nda do\u011frudan cilde temas etmesini sa\u011fl\u0131yoruz. B\u00f6ylece do\u011fal ta\u015f kolyenizi takt\u0131k\u00e7a v\u00fccudunuzun titre\u015fimlerine ba\u011flan\u0131r ve size denge ve uyum getirir.<\/p>\n<p><strong>Tak\u0131lar\u0131n\u0131z\u0131n uzun s\u00fcre kullanabilmesi i\u00e7in; Parf\u00fcm, su, s\u0131v\u0131, dezenfektan, krem v.b. gibi maddelerle temas etmemesi, du\u015f-banyo s\u0131ras\u0131nda \u00e7\u0131kart\u0131lmas\u0131 gerekmektedir. Ki\u015finin ter-ten yap\u0131s\u0131na g\u00f6re de etkilenmektedir. Tak\u0131lar\u0131n\u0131z\u0131 kullanmad\u0131\u011f\u0131n\u0131z zamanlarda kesesinde saklaman\u0131z\u0131 \u00f6neririz.<\/strong><\/p>\n<p><strong>Do\u011fal ta\u015flar\u0131n belirli titre\u015fimlere ve frekanslara sahip oldu\u011fu bilinmektedir. Bu nedenle v\u00fccudumuzda ve auram\u0131zda birtak\u0131m iyi etkileri oldu\u011fu s\u00f6ylenmektedir. Ta\u015flar\u0131n \u00f6zelliklerinin bilimsel kesinli\u011fi yoktur. Astrologelvan ma\u011fazas\u0131ndaki t\u00fcm ta\u015flar orijinal, ger\u00e7ek do\u011fal ta\u015flard\u0131r. T\u0131bbi konularda doktora dan\u0131\u015fman\u0131z\u0131 tavsiye ederiz. Ta\u015flar\u0131n tedavi edici \u00f6zelli\u011fi yoktur, sadece ki\u015fisel enerjimizi y\u00fckseltmekte ve astrolojik olarak da temsil etti\u011fi gezegenlerin etkilerini artt\u0131rmakta oldu\u011fu kabul edilir. \u00d6rne\u011fin; pembe kuvars ta\u015f\u0131 a\u015fk ve sevgi gezegeni Ven\u00fcs&#8217;\u00fcn ta\u015f\u0131d\u0131r ve bu sebeple \u00fczerinde ta\u015f\u0131yan ki\u015finin a\u015fk ve sevgi frekans\u0131n\u0131 y\u00fckseltti\u011fi bilinir.<\/strong><\/p>\n","protected":false},"excerpt":{"rendered":"<p><b>\u00c7\u00d6L G\u00dcL\u00dc<\/b><\/p>\n<p style=\"font-weight: 400;\"><span style=\"font-weight: 400;\">\u00c7ok eski bir ge\u00e7mi\u015fi bulunan Selenit ta\u015f\u0131; Roma, M\u0131s\u0131r ve Osmanl\u0131 gibi pek \u00e7ok medeniyet taraf\u0131ndan da kullan\u0131lm\u0131\u015ft\u0131r. Sava\u015fta d\u00fc\u015fmanlardan korudu\u011funa inan\u0131lm\u0131\u015f askerlerin ve komutanlar\u0131n kendini muhafaza etmek i\u00e7in ba\u015fvurdu\u011fu bir ta\u015f olmu\u015ftur.<\/span> <span style=\"font-weight: 400;\">Selenit, ki\u015finin ve bulundu\u011fu ortam\u0131n auras\u0131n\u0131 temizleyen, enerjiyi ar\u0131nd\u0131ran titre\u015fimi y\u00fcksek, \u00e7ok g\u00fc\u00e7l\u00fc bir kristaldir.<\/span> <span style=\"font-weight: 400;\">K\u00f6t\u00fc enerjilere kar\u015f\u0131 kalkan g\u00f6revi g\u00f6r\u00fcr.<\/span> <span style=\"font-weight: 400;\">Selenit\u00a0ta\u015f\u0131 ar\u0131nd\u0131r\u0131c\u0131 ve temizleyici etkisinden dolay\u0131 hem v\u00fccudu hem de ki\u015finin bulundu\u011fu ortamdaki k\u00f6t\u00fc enerjileri temizler. Bu y\u00fczden enerji \u00e7al\u0131\u015fmalar\u0131nda s\u0131kl\u0131kla kullan\u0131l\u0131r<\/span><\/p>\n","protected":false},"featured_media":996,"comment_status":"closed","ping_status":"closed","template":"","meta":[],"product_brand":[],"product_cat":[422],"product_tag":[423,424],"class_list":{"0":"post-944","1":"product","2":"type-product","3":"status-publish","4":"has-post-thumbnail","6":"product_cat-selenit-tasi","7":"product_tag-selenit-dogal-tas-bileklik","8":"product_tag-selenit-tasi","10":"first","11":"instock","12":"taxable","13":"shipping-taxable","14":"purchasable","15":"product-type-simple"},"yoast_head":"<!-- This site is optimized with the Yoast SEO plugin v27.3 - https:\/\/yoast.com\/product\/yoast-seo-wordpress\/ -->\n<title>SELEN\u0130T KALP DO\u011eAL TA\u015e - Astrolog Elvan<\/title>\n<meta name=\"description\" content=\"Prehnit ta\u015f\u0131; ba\u015f melek Cebrail&#039;in enerjisiyle uyumlu \u00e7al\u0131\u015f\u0131r. Takt\u0131k\u00e7a yolunuza \u0131\u015f\u0131k ve ruhunuza \u015fifa olacakt\u0131r.\" \/>\n<meta name=\"robots\" content=\"index, follow, max-snippet:-1, max-image-preview:large, max-video-preview:-1\" \/>\n<link rel=\"canonical\" href=\"https:\/\/astrologelvan.com\/magaza\/urun\/selenit-kalp-dogal-tas\/\" \/>\n<meta property=\"og:locale\" content=\"tr_TR\" \/>\n<meta property=\"og:type\" content=\"article\" \/>\n<meta property=\"og:title\" content=\"SELEN\u0130T KALP DO\u011eAL TA\u015e - Astrolog Elvan\" \/>\n<meta property=\"og:description\" content=\"Prehnit ta\u015f\u0131; ba\u015f melek Cebrail&#039;in enerjisiyle uyumlu \u00e7al\u0131\u015f\u0131r. Takt\u0131k\u00e7a yolunuza \u0131\u015f\u0131k ve ruhunuza \u015fifa olacakt\u0131r.\" \/>\n<meta property=\"og:url\" content=\"https:\/\/astrologelvan.com\/magaza\/urun\/selenit-kalp-dogal-tas\/\" \/>\n<meta property=\"og:site_name\" content=\"Astrolog Elvan\" \/>\n<meta property=\"article:modified_time\" content=\"2026-03-30T18:48:29+00:00\" \/>\n<meta property=\"og:image\" content=\"https:\/\/astrologelvan.com\/magaza\/wp-content\/uploads\/2024\/02\/Selenit-Kalp-Dogal-Tas.jpg\" \/>\n\t<meta property=\"og:image:width\" content=\"1620\" \/>\n\t<meta property=\"og:image:height\" content=\"1080\" \/>\n\t<meta property=\"og:image:type\" content=\"image\/jpeg\" \/>\n<meta name=\"twitter:card\" content=\"summary_large_image\" \/>\n<meta name=\"twitter:label1\" content=\"Tahmini okuma s\u00fcresi\" \/>\n\t<meta name=\"twitter:data1\" content=\"2 dakika\" \/>\n<script type=\"application\/ld+json\" class=\"yoast-schema-graph\">{\"@context\":\"https:\\\/\\\/schema.org\",\"@graph\":[{\"@type\":[\"WebPage\",\"ItemPage\"],\"@id\":\"https:\\\/\\\/astrologelvan.com\\\/magaza\\\/urun\\\/selenit-kalp-dogal-tas\\\/\",\"url\":\"https:\\\/\\\/astrologelvan.com\\\/magaza\\\/urun\\\/selenit-kalp-dogal-tas\\\/\",\"name\":\"SELEN\u0130T KALP DO\u011eAL TA\u015e - Astrolog Elvan\",\"isPartOf\":{\"@id\":\"https:\\\/\\\/astrologelvan.com\\\/magaza\\\/#website\"},\"primaryImageOfPage\":{\"@id\":\"https:\\\/\\\/astrologelvan.com\\\/magaza\\\/urun\\\/selenit-kalp-dogal-tas\\\/#primaryimage\"},\"image\":{\"@id\":\"https:\\\/\\\/astrologelvan.com\\\/magaza\\\/urun\\\/selenit-kalp-dogal-tas\\\/#primaryimage\"},\"thumbnailUrl\":\"https:\\\/\\\/astrologelvan.com\\\/magaza\\\/wp-content\\\/uploads\\\/2024\\\/02\\\/Selenit-Kalp-Dogal-Tas.jpg\",\"datePublished\":\"2024-02-28T00:04:24+00:00\",\"dateModified\":\"2026-03-30T18:48:29+00:00\",\"description\":\"Prehnit ta\u015f\u0131; ba\u015f melek Cebrail'in enerjisiyle uyumlu \u00e7al\u0131\u015f\u0131r. Takt\u0131k\u00e7a yolunuza \u0131\u015f\u0131k ve ruhunuza \u015fifa olacakt\u0131r.\",\"breadcrumb\":{\"@id\":\"https:\\\/\\\/astrologelvan.com\\\/magaza\\\/urun\\\/selenit-kalp-dogal-tas\\\/#breadcrumb\"},\"inLanguage\":\"tr\",\"potentialAction\":[{\"@type\":\"ReadAction\",\"target\":[\"https:\\\/\\\/astrologelvan.com\\\/magaza\\\/urun\\\/selenit-kalp-dogal-tas\\\/\"]}]},{\"@type\":\"ImageObject\",\"inLanguage\":\"tr\",\"@id\":\"https:\\\/\\\/astrologelvan.com\\\/magaza\\\/urun\\\/selenit-kalp-dogal-tas\\\/#primaryimage\",\"url\":\"https:\\\/\\\/astrologelvan.com\\\/magaza\\\/wp-content\\\/uploads\\\/2024\\\/02\\\/Selenit-Kalp-Dogal-Tas.jpg\",\"contentUrl\":\"https:\\\/\\\/astrologelvan.com\\\/magaza\\\/wp-content\\\/uploads\\\/2024\\\/02\\\/Selenit-Kalp-Dogal-Tas.jpg\",\"width\":1620,\"height\":1080},{\"@type\":\"BreadcrumbList\",\"@id\":\"https:\\\/\\\/astrologelvan.com\\\/magaza\\\/urun\\\/selenit-kalp-dogal-tas\\\/#breadcrumb\",\"itemListElement\":[{\"@type\":\"ListItem\",\"position\":1,\"name\":\"Anasayfa\",\"item\":\"https:\\\/\\\/astrologelvan.com\\\/magaza\\\/\"},{\"@type\":\"ListItem\",\"position\":2,\"name\":\"Ma\u011faza\",\"item\":\"https:\\\/\\\/astrologelvan.com\\\/magaza\\\/magaza\\\/\"},{\"@type\":\"ListItem\",\"position\":3,\"name\":\"SELEN\u0130T KALP DO\u011eAL TA\u015e\"}]},{\"@type\":\"WebSite\",\"@id\":\"https:\\\/\\\/astrologelvan.com\\\/magaza\\\/#website\",\"url\":\"https:\\\/\\\/astrologelvan.com\\\/magaza\\\/\",\"name\":\"Astrolog Elvan\",\"description\":\"\",\"potentialAction\":[{\"@type\":\"SearchAction\",\"target\":{\"@type\":\"EntryPoint\",\"urlTemplate\":\"https:\\\/\\\/astrologelvan.com\\\/magaza\\\/?s={search_term_string}\"},\"query-input\":{\"@type\":\"PropertyValueSpecification\",\"valueRequired\":true,\"valueName\":\"search_term_string\"}}],\"inLanguage\":\"tr\"}]}<\/script>\n<!-- \/ Yoast SEO plugin. -->","yoast_head_json":{"title":"SELEN\u0130T KALP DO\u011eAL TA\u015e - Astrolog Elvan","description":"Prehnit ta\u015f\u0131; ba\u015f melek Cebrail'in enerjisiyle uyumlu \u00e7al\u0131\u015f\u0131r. Takt\u0131k\u00e7a yolunuza \u0131\u015f\u0131k ve ruhunuza \u015fifa olacakt\u0131r.","robots":{"index":"index","follow":"follow","max-snippet":"max-snippet:-1","max-image-preview":"max-image-preview:large","max-video-preview":"max-video-preview:-1"},"canonical":"https:\/\/astrologelvan.com\/magaza\/urun\/selenit-kalp-dogal-tas\/","og_locale":"tr_TR","og_type":"article","og_title":"SELEN\u0130T KALP DO\u011eAL TA\u015e - Astrolog Elvan","og_description":"Prehnit ta\u015f\u0131; ba\u015f melek Cebrail'in enerjisiyle uyumlu \u00e7al\u0131\u015f\u0131r. Takt\u0131k\u00e7a yolunuza \u0131\u015f\u0131k ve ruhunuza \u015fifa olacakt\u0131r.","og_url":"https:\/\/astrologelvan.com\/magaza\/urun\/selenit-kalp-dogal-tas\/","og_site_name":"Astrolog Elvan","article_modified_time":"2026-03-30T18:48:29+00:00","og_image":[{"width":1620,"height":1080,"url":"https:\/\/astrologelvan.com\/magaza\/wp-content\/uploads\/2024\/02\/Selenit-Kalp-Dogal-Tas.jpg","type":"image\/jpeg"}],"twitter_card":"summary_large_image","twitter_misc":{"Tahmini okuma s\u00fcresi":"2 dakika"},"schema":{"@context":"https:\/\/schema.org","@graph":[{"@type":["WebPage","ItemPage"],"@id":"https:\/\/astrologelvan.com\/magaza\/urun\/selenit-kalp-dogal-tas\/","url":"https:\/\/astrologelvan.com\/magaza\/urun\/selenit-kalp-dogal-tas\/","name":"SELEN\u0130T KALP DO\u011eAL TA\u015e - Astrolog Elvan","isPartOf":{"@id":"https:\/\/astrologelvan.com\/magaza\/#website"},"primaryImageOfPage":{"@id":"https:\/\/astrologelvan.com\/magaza\/urun\/selenit-kalp-dogal-tas\/#primaryimage"},"image":{"@id":"https:\/\/astrologelvan.com\/magaza\/urun\/selenit-kalp-dogal-tas\/#primaryimage"},"thumbnailUrl":"https:\/\/astrologelvan.com\/magaza\/wp-content\/uploads\/2024\/02\/Selenit-Kalp-Dogal-Tas.jpg","datePublished":"2024-02-28T00:04:24+00:00","dateModified":"2026-03-30T18:48:29+00:00","description":"Prehnit ta\u015f\u0131; ba\u015f melek Cebrail'in enerjisiyle uyumlu \u00e7al\u0131\u015f\u0131r. Takt\u0131k\u00e7a yolunuza \u0131\u015f\u0131k ve ruhunuza \u015fifa olacakt\u0131r.","breadcrumb":{"@id":"https:\/\/astrologelvan.com\/magaza\/urun\/selenit-kalp-dogal-tas\/#breadcrumb"},"inLanguage":"tr","potentialAction":[{"@type":"ReadAction","target":["https:\/\/astrologelvan.com\/magaza\/urun\/selenit-kalp-dogal-tas\/"]}]},{"@type":"ImageObject","inLanguage":"tr","@id":"https:\/\/astrologelvan.com\/magaza\/urun\/selenit-kalp-dogal-tas\/#primaryimage","url":"https:\/\/astrologelvan.com\/magaza\/wp-content\/uploads\/2024\/02\/Selenit-Kalp-Dogal-Tas.jpg","contentUrl":"https:\/\/astrologelvan.com\/magaza\/wp-content\/uploads\/2024\/02\/Selenit-Kalp-Dogal-Tas.jpg","width":1620,"height":1080},{"@type":"BreadcrumbList","@id":"https:\/\/astrologelvan.com\/magaza\/urun\/selenit-kalp-dogal-tas\/#breadcrumb","itemListElement":[{"@type":"ListItem","position":1,"name":"Anasayfa","item":"https:\/\/astrologelvan.com\/magaza\/"},{"@type":"ListItem","position":2,"name":"Ma\u011faza","item":"https:\/\/astrologelvan.com\/magaza\/magaza\/"},{"@type":"ListItem","position":3,"name":"SELEN\u0130T KALP DO\u011eAL TA\u015e"}]},{"@type":"WebSite","@id":"https:\/\/astrologelvan.com\/magaza\/#website","url":"https:\/\/astrologelvan.com\/magaza\/","name":"Astrolog Elvan","description":"","potentialAction":[{"@type":"SearchAction","target":{"@type":"EntryPoint","urlTemplate":"https:\/\/astrologelvan.com\/magaza\/?s={search_term_string}"},"query-input":{"@type":"PropertyValueSpecification","valueRequired":true,"valueName":"search_term_string"}}],"inLanguage":"tr"}]}},"_links":{"self":[{"href":"https:\/\/astrologelvan.com\/magaza\/wp-json\/wp\/v2\/product\/944","targetHints":{"allow":["GET"]}}],"collection":[{"href":"https:\/\/astrologelvan.com\/magaza\/wp-json\/wp\/v2\/product"}],"about":[{"href":"https:\/\/astrologelvan.com\/magaza\/wp-json\/wp\/v2\/types\/product"}],"replies":[{"embeddable":true,"href":"https:\/\/astrologelvan.com\/magaza\/wp-json\/wp\/v2\/comments?post=944"}],"wp:featuredmedia":[{"embeddable":true,"href":"https:\/\/astrologelvan.com\/magaza\/wp-json\/wp\/v2\/media\/996"}],"wp:attachment":[{"href":"https:\/\/astrologelvan.com\/magaza\/wp-json\/wp\/v2\/media?parent=944"}],"wp:term":[{"taxonomy":"product_brand","embeddable":true,"href":"https:\/\/astrologelvan.com\/magaza\/wp-json\/wp\/v2\/product_brand?post=944"},{"taxonomy":"product_cat","embeddable":true,"href":"https:\/\/astrologelvan.com\/magaza\/wp-json\/wp\/v2\/product_cat?post=944"},{"taxonomy":"product_tag","embeddable":true,"href":"https:\/\/astrologelvan.com\/magaza\/wp-json\/wp\/v2\/product_tag?post=944"}],"curies":[{"name":"wp","href":"https:\/\/api.w.org\/{rel}","templated":true}]}}