{"id":938,"date":"2024-02-28T03:04:00","date_gmt":"2024-02-28T00:04:00","guid":{"rendered":"https:\/\/astrologelvan.shop\/?post_type=product&#038;p=938"},"modified":"2026-02-02T16:13:00","modified_gmt":"2026-02-02T13:13:00","slug":"akuamarin-dogal-tas-bileklik-buyuk-boy","status":"publish","type":"product","link":"https:\/\/astrologelvan.com\/magaza\/urun\/akuamarin-dogal-tas-bileklik-buyuk-boy\/","title":{"rendered":"AKUAMAR\u0130N DO\u011eAL TA\u015e B\u0130LEKL\u0130K ( B\u00dcY\u00dcK BOY )"},"content":{"rendered":"<p><b>\u00dcr\u00fcn \u00d6zellikleri<\/b><\/p>\n<p><span style=\"font-weight: 400;\">Akuamarin Do\u011fal Ta\u015f Bileklik ( B\u00fcy\u00fck Boy )<\/span><\/p>\n<p><span style=\"font-weight: 400;\">Bilekli\u011fin ortalama uzunlu\u011fu: 26 CM<\/span><\/p>\n<p><span style=\"font-weight: 400;\">Ta\u015flar\u0131n yakla\u015f\u0131k \u00f6l\u00e7\u00fcs\u00fc:\u00a012 MM<\/span><\/p>\n<p><span style=\"font-weight: 400;\">925 Ayar G\u00fcm\u00fc\u015f Fil<\/span><\/p>\n<p><b>G\u00fcm\u00fc\u015f kararmas\u0131 iadeye tabi de\u011fildir. Do\u011fal y\u00f6ntemlerle ya da sol\u00fcsyon kullanarak kararan g\u00fcm\u00fc\u015f\u00fc yeniden parlatman\u0131z m\u00fcmk\u00fcnd\u00fcr.<\/b><\/p>\n<p><strong>Tak\u0131lar\u0131n\u0131z\u0131n uzun s\u00fcre kullanabilmesi i\u00e7in; Parf\u00fcm, su, s\u0131v\u0131, dezenfektan, krem v.b. gibi maddelerle temas etmemesi, du\u015f-banyo s\u0131ras\u0131nda \u00e7\u0131kart\u0131lmas\u0131 gerekmektedir. Ki\u015finin ter-ten yap\u0131s\u0131na g\u00f6re de etkilenmektedir. Tak\u0131lar\u0131n\u0131z\u0131 kullanmad\u0131\u011f\u0131n\u0131z zamanlarda kesesinde saklaman\u0131z\u0131 \u00f6neririz.<\/strong><\/p>\n<p><strong>Do\u011fal ta\u015flar\u0131n belirli titre\u015fimlere ve frekanslara sahip oldu\u011fu bilinmektedir. Bu nedenle v\u00fccudumuzda ve auram\u0131zda birtak\u0131m iyi etkileri oldu\u011fu s\u00f6ylenmektedir. Ta\u015flar\u0131n \u00f6zelliklerinin bilimsel kesinli\u011fi yoktur. Astrologelvan ma\u011fazas\u0131ndaki t\u00fcm ta\u015flar orijinal, ger\u00e7ek do\u011fal ta\u015flard\u0131r. T\u0131bbi konularda doktora dan\u0131\u015fman\u0131z\u0131 tavsiye ederiz. Ta\u015flar\u0131n tedavi edici \u00f6zelli\u011fi yoktur, sadece ki\u015fisel enerjimizi y\u00fckseltmekte ve astrolojik olarak da temsil etti\u011fi gezegenlerin etkilerini artt\u0131rmakta oldu\u011fu kabul edilir. \u00d6rne\u011fin; pembe kuvars ta\u015f\u0131 a\u015fk ve sevgi gezegeni Ven\u00fcs&#8217;\u00fcn ta\u015f\u0131d\u0131r ve bu sebeple \u00fczerinde ta\u015f\u0131yan ki\u015finin a\u015fk ve sevgi frekans\u0131n\u0131 y\u00fckseltti\u011fi bilinir.<\/strong><\/p>\n","protected":false},"excerpt":{"rendered":"<p>Akuamarin ta\u015flar\u0131 ismini deniz suyunu and\u0131rd\u0131\u011f\u0131, mavi ve ye\u015fil renkleri i\u00e7inde bar\u0131nd\u0131rd\u0131\u011f\u0131 i\u00e7in Latincede \u201cdenizin suyu\u201d anlam\u0131na gelen \u201cAqua Marinus\u201d isminden alm\u0131\u015ft\u0131r. Akuamarin ta\u015f\u0131 bar\u0131\u015f, cesaret ve dinginli\u011fi i\u00e7inde bar\u0131nd\u0131rarak size uyumlu bir atmosfer yarat\u0131r. A\u015fk\u0131 temsil etme \u00f6zelli\u011fi olan Akuamarin ta\u015flar\u0131n\u0131 yeni ba\u015flang\u0131\u00e7lar\u0131n\u0131zda kullan\u0131labilirsiniz. Olumlu ve sakinle\u015ftirici \u00f6zelli\u011fi bulunan Akuamarin ta\u015flar\u0131; meditasyon yaparken kullanabilir, enerji merkezinizi dengeleyerek daha iyi ileti\u015fim kurabilirsiniz.<\/p>\n","protected":false},"featured_media":98956,"comment_status":"open","ping_status":"closed","template":"","meta":[],"product_brand":[],"product_cat":[462,258,259,26],"product_tag":[39,40],"class_list":{"0":"post-938","1":"product","2":"type-product","3":"status-publish","4":"has-post-thumbnail","6":"product_cat-akuamarin-tasi","7":"product_cat-bileklik","8":"product_cat-bileklikler","9":"product_cat-genel","10":"product_tag-astrolog-elvan","11":"product_tag-dogal-tas","13":"first","14":"instock","15":"taxable","16":"shipping-taxable","17":"purchasable","18":"product-type-simple"},"yoast_head":"<!-- This site is optimized with the Yoast SEO plugin v27.3 - https:\/\/yoast.com\/product\/yoast-seo-wordpress\/ -->\n<title>AKUAMAR\u0130N DO\u011eAL TA\u015e B\u0130LEKL\u0130K ( B\u00dcY\u00dcK BOY ) - Astrolog Elvan<\/title>\n<meta name=\"robots\" content=\"index, follow, max-snippet:-1, max-image-preview:large, max-video-preview:-1\" \/>\n<link rel=\"canonical\" href=\"https:\/\/astrologelvan.com\/magaza\/urun\/akuamarin-dogal-tas-bileklik-buyuk-boy\/\" \/>\n<meta property=\"og:locale\" content=\"tr_TR\" \/>\n<meta property=\"og:type\" content=\"article\" \/>\n<meta property=\"og:title\" content=\"AKUAMAR\u0130N DO\u011eAL TA\u015e B\u0130LEKL\u0130K ( B\u00dcY\u00dcK BOY ) - Astrolog Elvan\" \/>\n<meta property=\"og:description\" content=\"Akuamarin ta\u015flar\u0131 ismini deniz suyunu and\u0131rd\u0131\u011f\u0131, mavi ve ye\u015fil renkleri i\u00e7inde bar\u0131nd\u0131rd\u0131\u011f\u0131 i\u00e7in Latincede \u201cdenizin suyu\u201d anlam\u0131na gelen \u201cAqua Marinus\u201d isminden alm\u0131\u015ft\u0131r. Akuamarin ta\u015f\u0131 bar\u0131\u015f, cesaret ve dinginli\u011fi i\u00e7inde bar\u0131nd\u0131rarak size uyumlu bir atmosfer yarat\u0131r. A\u015fk\u0131 temsil etme \u00f6zelli\u011fi olan Akuamarin ta\u015flar\u0131n\u0131 yeni ba\u015flang\u0131\u00e7lar\u0131n\u0131zda kullan\u0131labilirsiniz. Olumlu ve sakinle\u015ftirici \u00f6zelli\u011fi bulunan Akuamarin ta\u015flar\u0131; meditasyon yaparken kullanabilir, enerji merkezinizi dengeleyerek daha iyi ileti\u015fim kurabilirsiniz.\" \/>\n<meta property=\"og:url\" content=\"https:\/\/astrologelvan.com\/magaza\/urun\/akuamarin-dogal-tas-bileklik-buyuk-boy\/\" \/>\n<meta property=\"og:site_name\" content=\"Astrolog Elvan\" \/>\n<meta property=\"article:modified_time\" content=\"2026-02-02T13:13:00+00:00\" \/>\n<meta property=\"og:image\" content=\"https:\/\/astrologelvan.com\/magaza\/wp-content\/uploads\/2024\/02\/DSC00954-kopya-1-1-3000x4000.jpg\" \/>\n\t<meta property=\"og:image:width\" content=\"3000\" \/>\n\t<meta property=\"og:image:height\" content=\"4000\" \/>\n\t<meta property=\"og:image:type\" content=\"image\/jpeg\" \/>\n<meta name=\"twitter:card\" content=\"summary_large_image\" \/>\n<meta name=\"twitter:label1\" content=\"Tahmini okuma s\u00fcresi\" \/>\n\t<meta name=\"twitter:data1\" content=\"2 dakika\" \/>\n<script type=\"application\/ld+json\" class=\"yoast-schema-graph\">{\"@context\":\"https:\\\/\\\/schema.org\",\"@graph\":[{\"@type\":[\"WebPage\",\"ItemPage\"],\"@id\":\"https:\\\/\\\/astrologelvan.com\\\/magaza\\\/urun\\\/akuamarin-dogal-tas-bileklik-buyuk-boy\\\/\",\"url\":\"https:\\\/\\\/astrologelvan.com\\\/magaza\\\/urun\\\/akuamarin-dogal-tas-bileklik-buyuk-boy\\\/\",\"name\":\"AKUAMAR\u0130N DO\u011eAL TA\u015e B\u0130LEKL\u0130K ( B\u00dcY\u00dcK BOY ) - Astrolog Elvan\",\"isPartOf\":{\"@id\":\"https:\\\/\\\/astrologelvan.com\\\/magaza\\\/#website\"},\"primaryImageOfPage\":{\"@id\":\"https:\\\/\\\/astrologelvan.com\\\/magaza\\\/urun\\\/akuamarin-dogal-tas-bileklik-buyuk-boy\\\/#primaryimage\"},\"image\":{\"@id\":\"https:\\\/\\\/astrologelvan.com\\\/magaza\\\/urun\\\/akuamarin-dogal-tas-bileklik-buyuk-boy\\\/#primaryimage\"},\"thumbnailUrl\":\"https:\\\/\\\/astrologelvan.com\\\/magaza\\\/wp-content\\\/uploads\\\/2024\\\/02\\\/DSC00954-kopya-1-1.jpg\",\"datePublished\":\"2024-02-28T00:04:00+00:00\",\"dateModified\":\"2026-02-02T13:13:00+00:00\",\"breadcrumb\":{\"@id\":\"https:\\\/\\\/astrologelvan.com\\\/magaza\\\/urun\\\/akuamarin-dogal-tas-bileklik-buyuk-boy\\\/#breadcrumb\"},\"inLanguage\":\"tr\",\"potentialAction\":[{\"@type\":\"ReadAction\",\"target\":[\"https:\\\/\\\/astrologelvan.com\\\/magaza\\\/urun\\\/akuamarin-dogal-tas-bileklik-buyuk-boy\\\/\"]}]},{\"@type\":\"ImageObject\",\"inLanguage\":\"tr\",\"@id\":\"https:\\\/\\\/astrologelvan.com\\\/magaza\\\/urun\\\/akuamarin-dogal-tas-bileklik-buyuk-boy\\\/#primaryimage\",\"url\":\"https:\\\/\\\/astrologelvan.com\\\/magaza\\\/wp-content\\\/uploads\\\/2024\\\/02\\\/DSC00954-kopya-1-1.jpg\",\"contentUrl\":\"https:\\\/\\\/astrologelvan.com\\\/magaza\\\/wp-content\\\/uploads\\\/2024\\\/02\\\/DSC00954-kopya-1-1.jpg\",\"width\":6336,\"height\":8448},{\"@type\":\"BreadcrumbList\",\"@id\":\"https:\\\/\\\/astrologelvan.com\\\/magaza\\\/urun\\\/akuamarin-dogal-tas-bileklik-buyuk-boy\\\/#breadcrumb\",\"itemListElement\":[{\"@type\":\"ListItem\",\"position\":1,\"name\":\"Anasayfa\",\"item\":\"https:\\\/\\\/astrologelvan.com\\\/magaza\\\/\"},{\"@type\":\"ListItem\",\"position\":2,\"name\":\"Ma\u011faza\",\"item\":\"https:\\\/\\\/astrologelvan.com\\\/magaza\\\/magaza\\\/\"},{\"@type\":\"ListItem\",\"position\":3,\"name\":\"AKUAMAR\u0130N DO\u011eAL TA\u015e B\u0130LEKL\u0130K ( B\u00dcY\u00dcK BOY )\"}]},{\"@type\":\"WebSite\",\"@id\":\"https:\\\/\\\/astrologelvan.com\\\/magaza\\\/#website\",\"url\":\"https:\\\/\\\/astrologelvan.com\\\/magaza\\\/\",\"name\":\"Astrolog Elvan\",\"description\":\"\",\"potentialAction\":[{\"@type\":\"SearchAction\",\"target\":{\"@type\":\"EntryPoint\",\"urlTemplate\":\"https:\\\/\\\/astrologelvan.com\\\/magaza\\\/?s={search_term_string}\"},\"query-input\":{\"@type\":\"PropertyValueSpecification\",\"valueRequired\":true,\"valueName\":\"search_term_string\"}}],\"inLanguage\":\"tr\"}]}<\/script>\n<!-- \/ Yoast SEO plugin. -->","yoast_head_json":{"title":"AKUAMAR\u0130N DO\u011eAL TA\u015e B\u0130LEKL\u0130K ( B\u00dcY\u00dcK BOY ) - Astrolog Elvan","robots":{"index":"index","follow":"follow","max-snippet":"max-snippet:-1","max-image-preview":"max-image-preview:large","max-video-preview":"max-video-preview:-1"},"canonical":"https:\/\/astrologelvan.com\/magaza\/urun\/akuamarin-dogal-tas-bileklik-buyuk-boy\/","og_locale":"tr_TR","og_type":"article","og_title":"AKUAMAR\u0130N DO\u011eAL TA\u015e B\u0130LEKL\u0130K ( B\u00dcY\u00dcK BOY ) - Astrolog Elvan","og_description":"Akuamarin ta\u015flar\u0131 ismini deniz suyunu and\u0131rd\u0131\u011f\u0131, mavi ve ye\u015fil renkleri i\u00e7inde bar\u0131nd\u0131rd\u0131\u011f\u0131 i\u00e7in Latincede \u201cdenizin suyu\u201d anlam\u0131na gelen \u201cAqua Marinus\u201d isminden alm\u0131\u015ft\u0131r. Akuamarin ta\u015f\u0131 bar\u0131\u015f, cesaret ve dinginli\u011fi i\u00e7inde bar\u0131nd\u0131rarak size uyumlu bir atmosfer yarat\u0131r. A\u015fk\u0131 temsil etme \u00f6zelli\u011fi olan Akuamarin ta\u015flar\u0131n\u0131 yeni ba\u015flang\u0131\u00e7lar\u0131n\u0131zda kullan\u0131labilirsiniz. Olumlu ve sakinle\u015ftirici \u00f6zelli\u011fi bulunan Akuamarin ta\u015flar\u0131; meditasyon yaparken kullanabilir, enerji merkezinizi dengeleyerek daha iyi ileti\u015fim kurabilirsiniz.","og_url":"https:\/\/astrologelvan.com\/magaza\/urun\/akuamarin-dogal-tas-bileklik-buyuk-boy\/","og_site_name":"Astrolog Elvan","article_modified_time":"2026-02-02T13:13:00+00:00","og_image":[{"width":3000,"height":4000,"url":"https:\/\/astrologelvan.com\/magaza\/wp-content\/uploads\/2024\/02\/DSC00954-kopya-1-1-3000x4000.jpg","type":"image\/jpeg"}],"twitter_card":"summary_large_image","twitter_misc":{"Tahmini okuma s\u00fcresi":"2 dakika"},"schema":{"@context":"https:\/\/schema.org","@graph":[{"@type":["WebPage","ItemPage"],"@id":"https:\/\/astrologelvan.com\/magaza\/urun\/akuamarin-dogal-tas-bileklik-buyuk-boy\/","url":"https:\/\/astrologelvan.com\/magaza\/urun\/akuamarin-dogal-tas-bileklik-buyuk-boy\/","name":"AKUAMAR\u0130N DO\u011eAL TA\u015e B\u0130LEKL\u0130K ( B\u00dcY\u00dcK BOY ) - Astrolog Elvan","isPartOf":{"@id":"https:\/\/astrologelvan.com\/magaza\/#website"},"primaryImageOfPage":{"@id":"https:\/\/astrologelvan.com\/magaza\/urun\/akuamarin-dogal-tas-bileklik-buyuk-boy\/#primaryimage"},"image":{"@id":"https:\/\/astrologelvan.com\/magaza\/urun\/akuamarin-dogal-tas-bileklik-buyuk-boy\/#primaryimage"},"thumbnailUrl":"https:\/\/astrologelvan.com\/magaza\/wp-content\/uploads\/2024\/02\/DSC00954-kopya-1-1.jpg","datePublished":"2024-02-28T00:04:00+00:00","dateModified":"2026-02-02T13:13:00+00:00","breadcrumb":{"@id":"https:\/\/astrologelvan.com\/magaza\/urun\/akuamarin-dogal-tas-bileklik-buyuk-boy\/#breadcrumb"},"inLanguage":"tr","potentialAction":[{"@type":"ReadAction","target":["https:\/\/astrologelvan.com\/magaza\/urun\/akuamarin-dogal-tas-bileklik-buyuk-boy\/"]}]},{"@type":"ImageObject","inLanguage":"tr","@id":"https:\/\/astrologelvan.com\/magaza\/urun\/akuamarin-dogal-tas-bileklik-buyuk-boy\/#primaryimage","url":"https:\/\/astrologelvan.com\/magaza\/wp-content\/uploads\/2024\/02\/DSC00954-kopya-1-1.jpg","contentUrl":"https:\/\/astrologelvan.com\/magaza\/wp-content\/uploads\/2024\/02\/DSC00954-kopya-1-1.jpg","width":6336,"height":8448},{"@type":"BreadcrumbList","@id":"https:\/\/astrologelvan.com\/magaza\/urun\/akuamarin-dogal-tas-bileklik-buyuk-boy\/#breadcrumb","itemListElement":[{"@type":"ListItem","position":1,"name":"Anasayfa","item":"https:\/\/astrologelvan.com\/magaza\/"},{"@type":"ListItem","position":2,"name":"Ma\u011faza","item":"https:\/\/astrologelvan.com\/magaza\/magaza\/"},{"@type":"ListItem","position":3,"name":"AKUAMAR\u0130N DO\u011eAL TA\u015e B\u0130LEKL\u0130K ( B\u00dcY\u00dcK BOY )"}]},{"@type":"WebSite","@id":"https:\/\/astrologelvan.com\/magaza\/#website","url":"https:\/\/astrologelvan.com\/magaza\/","name":"Astrolog Elvan","description":"","potentialAction":[{"@type":"SearchAction","target":{"@type":"EntryPoint","urlTemplate":"https:\/\/astrologelvan.com\/magaza\/?s={search_term_string}"},"query-input":{"@type":"PropertyValueSpecification","valueRequired":true,"valueName":"search_term_string"}}],"inLanguage":"tr"}]}},"_links":{"self":[{"href":"https:\/\/astrologelvan.com\/magaza\/wp-json\/wp\/v2\/product\/938","targetHints":{"allow":["GET"]}}],"collection":[{"href":"https:\/\/astrologelvan.com\/magaza\/wp-json\/wp\/v2\/product"}],"about":[{"href":"https:\/\/astrologelvan.com\/magaza\/wp-json\/wp\/v2\/types\/product"}],"replies":[{"embeddable":true,"href":"https:\/\/astrologelvan.com\/magaza\/wp-json\/wp\/v2\/comments?post=938"}],"wp:featuredmedia":[{"embeddable":true,"href":"https:\/\/astrologelvan.com\/magaza\/wp-json\/wp\/v2\/media\/98956"}],"wp:attachment":[{"href":"https:\/\/astrologelvan.com\/magaza\/wp-json\/wp\/v2\/media?parent=938"}],"wp:term":[{"taxonomy":"product_brand","embeddable":true,"href":"https:\/\/astrologelvan.com\/magaza\/wp-json\/wp\/v2\/product_brand?post=938"},{"taxonomy":"product_cat","embeddable":true,"href":"https:\/\/astrologelvan.com\/magaza\/wp-json\/wp\/v2\/product_cat?post=938"},{"taxonomy":"product_tag","embeddable":true,"href":"https:\/\/astrologelvan.com\/magaza\/wp-json\/wp\/v2\/product_tag?post=938"}],"curies":[{"name":"wp","href":"https:\/\/api.w.org\/{rel}","templated":true}]}}