{"id":9310,"date":"2024-05-13T16:31:33","date_gmt":"2024-05-13T13:31:33","guid":{"rendered":"https:\/\/astrologelvan.com\/magaza\/?post_type=product&#038;p=9310"},"modified":"2025-10-06T08:15:16","modified_gmt":"2025-10-06T05:15:16","slug":"bereket-ve-para-atolyesi","status":"publish","type":"product","link":"https:\/\/astrologelvan.com\/magaza\/urun\/bereket-ve-para-atolyesi\/","title":{"rendered":"BEREKET VE PARA AT\u00d6LYES\u0130"},"content":{"rendered":"","protected":false},"excerpt":{"rendered":"<p style=\"text-align: center;\"><span style=\"color: #8224e3;\">20 May\u0131s\u2019ta Ven\u00fcs J\u00fcpiter kavu\u015fumu g\u00f6ky\u00fcz\u00fcnde aktifle\u015fmi\u015fken, kendinize yapaca\u011f\u0131n\u0131z en g\u00fczel yat\u0131r\u0131m hayat\u0131n\u0131zdaki bereketi artt\u0131rmak ve para ak\u0131\u015f\u0131n\u0131 h\u0131zland\u0131rmak i\u00e7in <strong>BEREKET &amp; PARA AT\u00d6LYES\u0130<\/strong>\u2019ne kat\u0131lmak olacak.<\/span><\/p>\n<p style=\"text-align: center;\">Cebinize giren para ak\u0131\u015f\u0131 ne yaparsan\u0131z h\u0131zlan\u0131r, hangi bilin\u00e7alt\u0131 kodlar\u0131 hayat\u0131n\u0131zda k\u0131tl\u0131k yarat\u0131r ve sizi a\u015fa\u011f\u0131ya \u00e7eker, hepsini bu at\u00f6lyede konu\u015faca\u011f\u0131z. Anne ile ya\u015fad\u0131\u011f\u0131n\u0131z her sorun, \u00f6fke ve ileti\u015fim sorununun bollu\u011funuzu k\u0131s\u0131tlad\u0131\u011f\u0131n\u0131 ve durdurdu\u011funu biliyor muydunuz? \u0130\u015fte bu at\u00f6lyede anne karn\u0131 \u015fifas\u0131 ile Yaradan\u2019dan size akan bolluk ak\u0131\u015f\u0131n\u0131 da h\u0131zland\u0131raca\u011f\u0131z. Unutma, her \u015fey sonsuzdur. Paran\u0131z\u0131 \u00e7o\u011faltmak ve b\u00fcy\u00fctmek i\u00e7in sonsuz, s\u0131n\u0131rs\u0131z ihtimaller vard\u0131r. Peki sen neden kendini s\u0131n\u0131rl\u0131yorsun?<\/p>\n<p style=\"text-align: center;\"><em>At\u00f6lye 20 May\u0131s Pazartesi gecesi T\u00fcrkiye saati ile 21:00\u2019da zoom \u00fczerinden canl\u0131 olarak yap\u0131lacak<\/em>.<br \/>\n<span style=\"color: #ed1c24;\">Sipari\u015flerinizi olu\u015ftururken Whatsapp kulland\u0131\u011f\u0131n\u0131z telefon numaran\u0131z\u0131 girmelisiniz<\/span>.<br \/>\nAt\u00f6lye kat\u0131l\u0131m linkleri belirtti\u011finiz numaraya g\u00f6nderilecektir. Daha sonra at\u00f6lye kayd\u0131n\u0131 yine Whatsapp \u00fczerinden payla\u015faca\u011f\u0131z. Ama \u00f6nemli ricam\u0131z, canl\u0131 olarak kat\u0131l\u0131m sa\u011flaman\u0131zd\u0131r.<br \/>\n<strong><br \/>\nHer at\u00f6lye kayd\u0131 bir ki\u015fi i\u00e7in ge\u00e7erlidir, yasal olarak bir ba\u015fkas\u0131 ile payla\u015f\u0131lamaz. Sadece at\u00f6lyeye kat\u0131lanlara ThetaHealing his y\u00fcklemeleri, anne karn\u0131 ve grup \u015fifas\u0131 yap\u0131lacakt\u0131r. <\/strong><\/p>\n","protected":false},"featured_media":9322,"comment_status":"open","ping_status":"closed","template":"","meta":[],"product_brand":[],"product_cat":[494],"product_tag":[496,497,498,500,499],"class_list":{"0":"post-9310","1":"product","2":"type-product","3":"status-publish","4":"has-post-thumbnail","6":"product_cat-atolyeler","7":"product_tag-atolye","8":"product_tag-bereket","9":"product_tag-para","10":"product_tag-theta","11":"product_tag-thetahealing","13":"first","14":"outofstock","15":"virtual","16":"taxable","17":"purchasable","18":"product-type-simple"},"yoast_head":"<!-- This site is optimized with the Yoast SEO plugin v27.3 - https:\/\/yoast.com\/product\/yoast-seo-wordpress\/ -->\n<title>BEREKET VE PARA AT\u00d6LYES\u0130 - Astrolog Elvan<\/title>\n<meta name=\"robots\" content=\"index, follow, max-snippet:-1, max-image-preview:large, max-video-preview:-1\" \/>\n<link rel=\"canonical\" href=\"https:\/\/astrologelvan.com\/magaza\/urun\/bereket-ve-para-atolyesi\/\" \/>\n<meta property=\"og:locale\" content=\"tr_TR\" \/>\n<meta property=\"og:type\" content=\"article\" \/>\n<meta property=\"og:title\" content=\"BEREKET VE PARA AT\u00d6LYES\u0130 - Astrolog Elvan\" \/>\n<meta property=\"og:description\" content=\"20 May\u0131s\u2019ta Ven\u00fcs J\u00fcpiter kavu\u015fumu g\u00f6ky\u00fcz\u00fcnde aktifle\u015fmi\u015fken, kendinize yapaca\u011f\u0131n\u0131z en g\u00fczel yat\u0131r\u0131m hayat\u0131n\u0131zdaki bereketi artt\u0131rmak ve para ak\u0131\u015f\u0131n\u0131 h\u0131zland\u0131rmak i\u00e7in BEREKET &amp; PARA AT\u00d6LYES\u0130\u2019ne kat\u0131lmak olacak. Cebinize giren para ak\u0131\u015f\u0131 ne yaparsan\u0131z h\u0131zlan\u0131r, hangi bilin\u00e7alt\u0131 kodlar\u0131 hayat\u0131n\u0131zda k\u0131tl\u0131k yarat\u0131r ve sizi a\u015fa\u011f\u0131ya \u00e7eker, hepsini bu at\u00f6lyede konu\u015faca\u011f\u0131z. Anne ile ya\u015fad\u0131\u011f\u0131n\u0131z her sorun, \u00f6fke ve ileti\u015fim sorununun bollu\u011funuzu k\u0131s\u0131tlad\u0131\u011f\u0131n\u0131 ve durdurdu\u011funu biliyor muydunuz? \u0130\u015fte bu at\u00f6lyede anne karn\u0131 \u015fifas\u0131 ile Yaradan\u2019dan size akan bolluk ak\u0131\u015f\u0131n\u0131 da h\u0131zland\u0131raca\u011f\u0131z. Unutma, her \u015fey sonsuzdur. Paran\u0131z\u0131 \u00e7o\u011faltmak ve b\u00fcy\u00fctmek i\u00e7in sonsuz, s\u0131n\u0131rs\u0131z ihtimaller vard\u0131r. Peki sen neden kendini s\u0131n\u0131rl\u0131yorsun? At\u00f6lye 20 May\u0131s Pazartesi gecesi T\u00fcrkiye saati ile 21:00\u2019da zoom \u00fczerinden canl\u0131 olarak yap\u0131lacak. Sipari\u015flerinizi olu\u015ftururken Whatsapp kulland\u0131\u011f\u0131n\u0131z telefon numaran\u0131z\u0131 girmelisiniz. At\u00f6lye kat\u0131l\u0131m linkleri belirtti\u011finiz numaraya g\u00f6nderilecektir. Daha sonra at\u00f6lye kayd\u0131n\u0131 yine Whatsapp \u00fczerinden payla\u015faca\u011f\u0131z. Ama \u00f6nemli ricam\u0131z, canl\u0131 olarak kat\u0131l\u0131m sa\u011flaman\u0131zd\u0131r.  Her at\u00f6lye kayd\u0131 bir ki\u015fi i\u00e7in ge\u00e7erlidir, yasal olarak bir ba\u015fkas\u0131 ile payla\u015f\u0131lamaz. Sadece at\u00f6lyeye kat\u0131lanlara ThetaHealing his y\u00fcklemeleri, anne karn\u0131 ve grup \u015fifas\u0131 yap\u0131lacakt\u0131r.\" \/>\n<meta property=\"og:url\" content=\"https:\/\/astrologelvan.com\/magaza\/urun\/bereket-ve-para-atolyesi\/\" \/>\n<meta property=\"og:site_name\" content=\"Astrolog Elvan\" \/>\n<meta property=\"article:modified_time\" content=\"2025-10-06T05:15:16+00:00\" \/>\n<meta property=\"og:image\" content=\"https:\/\/astrologelvan.com\/magaza\/wp-content\/uploads\/2024\/05\/Elvan-Mobil-Slider-4.png\" \/>\n\t<meta property=\"og:image:width\" content=\"1000\" \/>\n\t<meta property=\"og:image:height\" content=\"1300\" \/>\n\t<meta property=\"og:image:type\" content=\"image\/png\" \/>\n<meta name=\"twitter:card\" content=\"summary_large_image\" \/>\n<meta name=\"twitter:label1\" content=\"Tahmini okuma s\u00fcresi\" \/>\n\t<meta name=\"twitter:data1\" content=\"1 dakika\" \/>\n<script type=\"application\/ld+json\" class=\"yoast-schema-graph\">{\"@context\":\"https:\\\/\\\/schema.org\",\"@graph\":[{\"@type\":[\"WebPage\",\"ItemPage\"],\"@id\":\"https:\\\/\\\/astrologelvan.com\\\/magaza\\\/urun\\\/bereket-ve-para-atolyesi\\\/\",\"url\":\"https:\\\/\\\/astrologelvan.com\\\/magaza\\\/urun\\\/bereket-ve-para-atolyesi\\\/\",\"name\":\"BEREKET VE PARA AT\u00d6LYES\u0130 - Astrolog Elvan\",\"isPartOf\":{\"@id\":\"https:\\\/\\\/astrologelvan.com\\\/magaza\\\/#website\"},\"primaryImageOfPage\":{\"@id\":\"https:\\\/\\\/astrologelvan.com\\\/magaza\\\/urun\\\/bereket-ve-para-atolyesi\\\/#primaryimage\"},\"image\":{\"@id\":\"https:\\\/\\\/astrologelvan.com\\\/magaza\\\/urun\\\/bereket-ve-para-atolyesi\\\/#primaryimage\"},\"thumbnailUrl\":\"https:\\\/\\\/astrologelvan.com\\\/magaza\\\/wp-content\\\/uploads\\\/2024\\\/05\\\/Elvan-Mobil-Slider-4.png\",\"datePublished\":\"2024-05-13T13:31:33+00:00\",\"dateModified\":\"2025-10-06T05:15:16+00:00\",\"breadcrumb\":{\"@id\":\"https:\\\/\\\/astrologelvan.com\\\/magaza\\\/urun\\\/bereket-ve-para-atolyesi\\\/#breadcrumb\"},\"inLanguage\":\"tr\",\"potentialAction\":[{\"@type\":\"ReadAction\",\"target\":[\"https:\\\/\\\/astrologelvan.com\\\/magaza\\\/urun\\\/bereket-ve-para-atolyesi\\\/\"]}]},{\"@type\":\"ImageObject\",\"inLanguage\":\"tr\",\"@id\":\"https:\\\/\\\/astrologelvan.com\\\/magaza\\\/urun\\\/bereket-ve-para-atolyesi\\\/#primaryimage\",\"url\":\"https:\\\/\\\/astrologelvan.com\\\/magaza\\\/wp-content\\\/uploads\\\/2024\\\/05\\\/Elvan-Mobil-Slider-4.png\",\"contentUrl\":\"https:\\\/\\\/astrologelvan.com\\\/magaza\\\/wp-content\\\/uploads\\\/2024\\\/05\\\/Elvan-Mobil-Slider-4.png\",\"width\":1000,\"height\":1300},{\"@type\":\"BreadcrumbList\",\"@id\":\"https:\\\/\\\/astrologelvan.com\\\/magaza\\\/urun\\\/bereket-ve-para-atolyesi\\\/#breadcrumb\",\"itemListElement\":[{\"@type\":\"ListItem\",\"position\":1,\"name\":\"Anasayfa\",\"item\":\"https:\\\/\\\/astrologelvan.com\\\/magaza\\\/\"},{\"@type\":\"ListItem\",\"position\":2,\"name\":\"Ma\u011faza\",\"item\":\"https:\\\/\\\/astrologelvan.com\\\/magaza\\\/magaza\\\/\"},{\"@type\":\"ListItem\",\"position\":3,\"name\":\"BEREKET VE PARA AT\u00d6LYES\u0130\"}]},{\"@type\":\"WebSite\",\"@id\":\"https:\\\/\\\/astrologelvan.com\\\/magaza\\\/#website\",\"url\":\"https:\\\/\\\/astrologelvan.com\\\/magaza\\\/\",\"name\":\"Astrolog Elvan\",\"description\":\"\",\"potentialAction\":[{\"@type\":\"SearchAction\",\"target\":{\"@type\":\"EntryPoint\",\"urlTemplate\":\"https:\\\/\\\/astrologelvan.com\\\/magaza\\\/?s={search_term_string}\"},\"query-input\":{\"@type\":\"PropertyValueSpecification\",\"valueRequired\":true,\"valueName\":\"search_term_string\"}}],\"inLanguage\":\"tr\"}]}<\/script>\n<!-- \/ Yoast SEO plugin. -->","yoast_head_json":{"title":"BEREKET VE PARA AT\u00d6LYES\u0130 - Astrolog Elvan","robots":{"index":"index","follow":"follow","max-snippet":"max-snippet:-1","max-image-preview":"max-image-preview:large","max-video-preview":"max-video-preview:-1"},"canonical":"https:\/\/astrologelvan.com\/magaza\/urun\/bereket-ve-para-atolyesi\/","og_locale":"tr_TR","og_type":"article","og_title":"BEREKET VE PARA AT\u00d6LYES\u0130 - Astrolog Elvan","og_description":"20 May\u0131s\u2019ta Ven\u00fcs J\u00fcpiter kavu\u015fumu g\u00f6ky\u00fcz\u00fcnde aktifle\u015fmi\u015fken, kendinize yapaca\u011f\u0131n\u0131z en g\u00fczel yat\u0131r\u0131m hayat\u0131n\u0131zdaki bereketi artt\u0131rmak ve para ak\u0131\u015f\u0131n\u0131 h\u0131zland\u0131rmak i\u00e7in BEREKET &amp; PARA AT\u00d6LYES\u0130\u2019ne kat\u0131lmak olacak. Cebinize giren para ak\u0131\u015f\u0131 ne yaparsan\u0131z h\u0131zlan\u0131r, hangi bilin\u00e7alt\u0131 kodlar\u0131 hayat\u0131n\u0131zda k\u0131tl\u0131k yarat\u0131r ve sizi a\u015fa\u011f\u0131ya \u00e7eker, hepsini bu at\u00f6lyede konu\u015faca\u011f\u0131z. Anne ile ya\u015fad\u0131\u011f\u0131n\u0131z her sorun, \u00f6fke ve ileti\u015fim sorununun bollu\u011funuzu k\u0131s\u0131tlad\u0131\u011f\u0131n\u0131 ve durdurdu\u011funu biliyor muydunuz? \u0130\u015fte bu at\u00f6lyede anne karn\u0131 \u015fifas\u0131 ile Yaradan\u2019dan size akan bolluk ak\u0131\u015f\u0131n\u0131 da h\u0131zland\u0131raca\u011f\u0131z. Unutma, her \u015fey sonsuzdur. Paran\u0131z\u0131 \u00e7o\u011faltmak ve b\u00fcy\u00fctmek i\u00e7in sonsuz, s\u0131n\u0131rs\u0131z ihtimaller vard\u0131r. Peki sen neden kendini s\u0131n\u0131rl\u0131yorsun? At\u00f6lye 20 May\u0131s Pazartesi gecesi T\u00fcrkiye saati ile 21:00\u2019da zoom \u00fczerinden canl\u0131 olarak yap\u0131lacak. Sipari\u015flerinizi olu\u015ftururken Whatsapp kulland\u0131\u011f\u0131n\u0131z telefon numaran\u0131z\u0131 girmelisiniz. At\u00f6lye kat\u0131l\u0131m linkleri belirtti\u011finiz numaraya g\u00f6nderilecektir. Daha sonra at\u00f6lye kayd\u0131n\u0131 yine Whatsapp \u00fczerinden payla\u015faca\u011f\u0131z. Ama \u00f6nemli ricam\u0131z, canl\u0131 olarak kat\u0131l\u0131m sa\u011flaman\u0131zd\u0131r.  Her at\u00f6lye kayd\u0131 bir ki\u015fi i\u00e7in ge\u00e7erlidir, yasal olarak bir ba\u015fkas\u0131 ile payla\u015f\u0131lamaz. Sadece at\u00f6lyeye kat\u0131lanlara ThetaHealing his y\u00fcklemeleri, anne karn\u0131 ve grup \u015fifas\u0131 yap\u0131lacakt\u0131r.","og_url":"https:\/\/astrologelvan.com\/magaza\/urun\/bereket-ve-para-atolyesi\/","og_site_name":"Astrolog Elvan","article_modified_time":"2025-10-06T05:15:16+00:00","og_image":[{"width":1000,"height":1300,"url":"https:\/\/astrologelvan.com\/magaza\/wp-content\/uploads\/2024\/05\/Elvan-Mobil-Slider-4.png","type":"image\/png"}],"twitter_card":"summary_large_image","twitter_misc":{"Tahmini okuma s\u00fcresi":"1 dakika"},"schema":{"@context":"https:\/\/schema.org","@graph":[{"@type":["WebPage","ItemPage"],"@id":"https:\/\/astrologelvan.com\/magaza\/urun\/bereket-ve-para-atolyesi\/","url":"https:\/\/astrologelvan.com\/magaza\/urun\/bereket-ve-para-atolyesi\/","name":"BEREKET VE PARA AT\u00d6LYES\u0130 - Astrolog Elvan","isPartOf":{"@id":"https:\/\/astrologelvan.com\/magaza\/#website"},"primaryImageOfPage":{"@id":"https:\/\/astrologelvan.com\/magaza\/urun\/bereket-ve-para-atolyesi\/#primaryimage"},"image":{"@id":"https:\/\/astrologelvan.com\/magaza\/urun\/bereket-ve-para-atolyesi\/#primaryimage"},"thumbnailUrl":"https:\/\/astrologelvan.com\/magaza\/wp-content\/uploads\/2024\/05\/Elvan-Mobil-Slider-4.png","datePublished":"2024-05-13T13:31:33+00:00","dateModified":"2025-10-06T05:15:16+00:00","breadcrumb":{"@id":"https:\/\/astrologelvan.com\/magaza\/urun\/bereket-ve-para-atolyesi\/#breadcrumb"},"inLanguage":"tr","potentialAction":[{"@type":"ReadAction","target":["https:\/\/astrologelvan.com\/magaza\/urun\/bereket-ve-para-atolyesi\/"]}]},{"@type":"ImageObject","inLanguage":"tr","@id":"https:\/\/astrologelvan.com\/magaza\/urun\/bereket-ve-para-atolyesi\/#primaryimage","url":"https:\/\/astrologelvan.com\/magaza\/wp-content\/uploads\/2024\/05\/Elvan-Mobil-Slider-4.png","contentUrl":"https:\/\/astrologelvan.com\/magaza\/wp-content\/uploads\/2024\/05\/Elvan-Mobil-Slider-4.png","width":1000,"height":1300},{"@type":"BreadcrumbList","@id":"https:\/\/astrologelvan.com\/magaza\/urun\/bereket-ve-para-atolyesi\/#breadcrumb","itemListElement":[{"@type":"ListItem","position":1,"name":"Anasayfa","item":"https:\/\/astrologelvan.com\/magaza\/"},{"@type":"ListItem","position":2,"name":"Ma\u011faza","item":"https:\/\/astrologelvan.com\/magaza\/magaza\/"},{"@type":"ListItem","position":3,"name":"BEREKET VE PARA AT\u00d6LYES\u0130"}]},{"@type":"WebSite","@id":"https:\/\/astrologelvan.com\/magaza\/#website","url":"https:\/\/astrologelvan.com\/magaza\/","name":"Astrolog Elvan","description":"","potentialAction":[{"@type":"SearchAction","target":{"@type":"EntryPoint","urlTemplate":"https:\/\/astrologelvan.com\/magaza\/?s={search_term_string}"},"query-input":{"@type":"PropertyValueSpecification","valueRequired":true,"valueName":"search_term_string"}}],"inLanguage":"tr"}]}},"_links":{"self":[{"href":"https:\/\/astrologelvan.com\/magaza\/wp-json\/wp\/v2\/product\/9310","targetHints":{"allow":["GET"]}}],"collection":[{"href":"https:\/\/astrologelvan.com\/magaza\/wp-json\/wp\/v2\/product"}],"about":[{"href":"https:\/\/astrologelvan.com\/magaza\/wp-json\/wp\/v2\/types\/product"}],"replies":[{"embeddable":true,"href":"https:\/\/astrologelvan.com\/magaza\/wp-json\/wp\/v2\/comments?post=9310"}],"wp:featuredmedia":[{"embeddable":true,"href":"https:\/\/astrologelvan.com\/magaza\/wp-json\/wp\/v2\/media\/9322"}],"wp:attachment":[{"href":"https:\/\/astrologelvan.com\/magaza\/wp-json\/wp\/v2\/media?parent=9310"}],"wp:term":[{"taxonomy":"product_brand","embeddable":true,"href":"https:\/\/astrologelvan.com\/magaza\/wp-json\/wp\/v2\/product_brand?post=9310"},{"taxonomy":"product_cat","embeddable":true,"href":"https:\/\/astrologelvan.com\/magaza\/wp-json\/wp\/v2\/product_cat?post=9310"},{"taxonomy":"product_tag","embeddable":true,"href":"https:\/\/astrologelvan.com\/magaza\/wp-json\/wp\/v2\/product_tag?post=9310"}],"curies":[{"name":"wp","href":"https:\/\/api.w.org\/{rel}","templated":true}]}}