{"id":92546,"date":"2025-07-29T11:45:47","date_gmt":"2025-07-29T08:45:47","guid":{"rendered":"https:\/\/astrologelvan.com\/magaza\/?post_type=product&#038;p=92546"},"modified":"2026-01-20T23:08:17","modified_gmt":"2026-01-20T20:08:17","slug":"kollektif-uyanis-atolyesi","status":"publish","type":"product","link":"https:\/\/astrologelvan.com\/magaza\/urun\/kollektif-uyanis-atolyesi\/","title":{"rendered":"Kolektif Uyan\u0131\u015f At\u00f6lyesi"},"content":{"rendered":"","protected":false},"excerpt":{"rendered":"<p>Ormanlardan geride sadece k\u00fcller de\u011fil, canlar da kald\u0131&#8230;<\/p>\n<p><strong>Bu at\u00f6lyeye kat\u0131l, hem kolektifin frekans\u0131n\u0131 y\u00fckselt, hem de canlara katk\u0131 ol&#8230;.<\/strong><\/p>\n<p>Unutma bir cana dokunursan bir d\u00fcnya de\u011fi\u015fir.<\/p>\n<p><strong><span style=\"color: #ff0000;\">At\u00f6lyenin T\u00fcm Geliri Hepad Her Eve Bir Pati Derne\u011fine Ba\u011f\u0131\u015flanacakt\u0131r.<\/span><br \/>\n<a href=\"https:\/\/www.instagram.com\/hepad.herevebirpati\">@hepad.herevebirpati<\/a><\/strong><\/p>\n<p>\ud83c\udf19 Tarih: 30 Temmuz 2025 21:00<br \/>\n\ud83c\udfa5 Platform: Zoom \u00fczerinden ve kay\u0131t g\u00f6r\u00fcnt\u00fcler<\/p>\n<p><span style=\"font-size: 100%;\">Sipari\u015flerinizi olu\u015ftururken aktif kulland\u0131\u011f\u0131n\u0131z telefon numaran\u0131z\u0131 ve e-mail adresinizi girmelisiniz.<\/span><br \/>\n<span style=\"font-size: 100%;\"><strong>At\u00f6lye kat\u0131l\u0131m linkleri<\/strong>\u00a0<u>belirtti\u011finiz numaraya SMS olarak ve belirtti\u011finiz e-mail adresine e-mail olarak g\u00f6nderilecektir.<\/u><\/span><br \/>\n<span style=\"font-size: 100%;\">SMS ve E-mail adresinizi do\u011fru yazd\u0131\u011f\u0131n\u0131za ve SMS ve E-mail kutunuzun dolu olmamas\u0131na dikkat ediniz.<\/span><\/p>\n<p><span style=\"font-size: 100%;\">At\u00f6lye kay\u0131tlar\u0131 sat\u0131n alan ki\u015filere canl\u0131 yay\u0131n sonras\u0131ndaki g\u00fcnlerde yine ayn\u0131 kanallardan iletilecektir.<\/span><br \/>\n<span style=\"font-size: 100%;\"><strong>Her at\u00f6lye kayd\u0131 bir ki\u015fi i\u00e7in ge\u00e7erlidir, yasal olarak bir ba\u015fkas\u0131 ile payla\u015f\u0131lamaz.<\/strong><\/span><\/p>\n<div class=\"sales-counter\" style=\" margin: 1em 0; padding: 10px; background-color: #fff; border: 1px solid #ddd;\">Bu at\u00f6lyeye 510 ki\u015fi kay\u0131t yapt\u0131rd\u0131.<\/div>\n","protected":false},"featured_media":92663,"comment_status":"open","ping_status":"closed","template":"","meta":[],"product_brand":[596],"product_cat":[494],"product_tag":[496,7306,7302,7304,7301,7305,7307,7303],"class_list":{"0":"post-92546","1":"product","2":"type-product","3":"status-publish","4":"has-post-thumbnail","6":"product_brand-astrolog-elvan","7":"product_cat-atolyeler","8":"product_tag-atolye","9":"product_tag-doga","10":"product_tag-frekans","11":"product_tag-hayvanlar","12":"product_tag-kollektif","13":"product_tag-orman","14":"product_tag-sifa","15":"product_tag-yangin","17":"first","18":"outofstock","19":"virtual","20":"taxable","21":"purchasable","22":"product-type-simple"},"yoast_head":"<!-- This site is optimized with the Yoast SEO plugin v27.3 - https:\/\/yoast.com\/product\/yoast-seo-wordpress\/ -->\n<title>Kolektif Uyan\u0131\u015f At\u00f6lyesi - Astrolog Elvan<\/title>\n<meta name=\"robots\" content=\"index, follow, max-snippet:-1, max-image-preview:large, max-video-preview:-1\" \/>\n<link rel=\"canonical\" href=\"https:\/\/astrologelvan.com\/magaza\/urun\/kollektif-uyanis-atolyesi\/\" \/>\n<meta property=\"og:locale\" content=\"tr_TR\" \/>\n<meta property=\"og:type\" content=\"article\" \/>\n<meta property=\"og:title\" content=\"Kolektif Uyan\u0131\u015f At\u00f6lyesi - Astrolog Elvan\" \/>\n<meta property=\"og:description\" content=\"Ormanlardan geride sadece k\u00fcller de\u011fil, canlar da kald\u0131...  Bu at\u00f6lyeye kat\u0131l, hem kolektifin frekans\u0131n\u0131 y\u00fckselt, hem de canlara katk\u0131 ol....  Unutma bir cana dokunursan bir d\u00fcnya de\u011fi\u015fir.  At\u00f6lyenin T\u00fcm Geliri Hepad Her Eve Bir Pati Derne\u011fine Ba\u011f\u0131\u015flanacakt\u0131r. @hepad.herevebirpati  \ud83c\udf19 Tarih: 30 Temmuz 2025 21:00 \ud83c\udfa5 Platform: Zoom \u00fczerinden ve kay\u0131t g\u00f6r\u00fcnt\u00fcler  Sipari\u015flerinizi olu\u015ftururken aktif kulland\u0131\u011f\u0131n\u0131z telefon numaran\u0131z\u0131 ve e-mail adresinizi girmelisiniz. At\u00f6lye kat\u0131l\u0131m linkleri\u00a0belirtti\u011finiz numaraya SMS olarak ve belirtti\u011finiz e-mail adresine e-mail olarak g\u00f6nderilecektir. SMS ve E-mail adresinizi do\u011fru yazd\u0131\u011f\u0131n\u0131za ve SMS ve E-mail kutunuzun dolu olmamas\u0131na dikkat ediniz.  At\u00f6lye kay\u0131tlar\u0131 sat\u0131n alan ki\u015filere canl\u0131 yay\u0131n sonras\u0131ndaki g\u00fcnlerde yine ayn\u0131 kanallardan iletilecektir. Her at\u00f6lye kayd\u0131 bir ki\u015fi i\u00e7in ge\u00e7erlidir, yasal olarak bir ba\u015fkas\u0131 ile payla\u015f\u0131lamaz.\" \/>\n<meta property=\"og:url\" content=\"https:\/\/astrologelvan.com\/magaza\/urun\/kollektif-uyanis-atolyesi\/\" \/>\n<meta property=\"og:site_name\" content=\"Astrolog Elvan\" \/>\n<meta property=\"article:modified_time\" content=\"2026-01-20T20:08:17+00:00\" \/>\n<meta property=\"og:image\" content=\"https:\/\/astrologelvan.com\/magaza\/wp-content\/uploads\/2025\/07\/Mbil-kopya-1.webp\" \/>\n\t<meta property=\"og:image:width\" content=\"1000\" \/>\n\t<meta property=\"og:image:height\" content=\"1334\" \/>\n\t<meta property=\"og:image:type\" content=\"image\/webp\" \/>\n<meta name=\"twitter:card\" content=\"summary_large_image\" \/>\n<meta name=\"twitter:label1\" content=\"Tahmini okuma s\u00fcresi\" \/>\n\t<meta name=\"twitter:data1\" content=\"1 dakika\" \/>\n<script type=\"application\/ld+json\" class=\"yoast-schema-graph\">{\"@context\":\"https:\\\/\\\/schema.org\",\"@graph\":[{\"@type\":[\"WebPage\",\"ItemPage\"],\"@id\":\"https:\\\/\\\/astrologelvan.com\\\/magaza\\\/urun\\\/kollektif-uyanis-atolyesi\\\/\",\"url\":\"https:\\\/\\\/astrologelvan.com\\\/magaza\\\/urun\\\/kollektif-uyanis-atolyesi\\\/\",\"name\":\"Kolektif Uyan\u0131\u015f At\u00f6lyesi - Astrolog Elvan\",\"isPartOf\":{\"@id\":\"https:\\\/\\\/astrologelvan.com\\\/magaza\\\/#website\"},\"primaryImageOfPage\":{\"@id\":\"https:\\\/\\\/astrologelvan.com\\\/magaza\\\/urun\\\/kollektif-uyanis-atolyesi\\\/#primaryimage\"},\"image\":{\"@id\":\"https:\\\/\\\/astrologelvan.com\\\/magaza\\\/urun\\\/kollektif-uyanis-atolyesi\\\/#primaryimage\"},\"thumbnailUrl\":\"https:\\\/\\\/astrologelvan.com\\\/magaza\\\/wp-content\\\/uploads\\\/2025\\\/07\\\/Mbil-kopya-1.webp\",\"datePublished\":\"2025-07-29T08:45:47+00:00\",\"dateModified\":\"2026-01-20T20:08:17+00:00\",\"breadcrumb\":{\"@id\":\"https:\\\/\\\/astrologelvan.com\\\/magaza\\\/urun\\\/kollektif-uyanis-atolyesi\\\/#breadcrumb\"},\"inLanguage\":\"tr\",\"potentialAction\":[{\"@type\":\"ReadAction\",\"target\":[\"https:\\\/\\\/astrologelvan.com\\\/magaza\\\/urun\\\/kollektif-uyanis-atolyesi\\\/\"]}]},{\"@type\":\"ImageObject\",\"inLanguage\":\"tr\",\"@id\":\"https:\\\/\\\/astrologelvan.com\\\/magaza\\\/urun\\\/kollektif-uyanis-atolyesi\\\/#primaryimage\",\"url\":\"https:\\\/\\\/astrologelvan.com\\\/magaza\\\/wp-content\\\/uploads\\\/2025\\\/07\\\/Mbil-kopya-1.webp\",\"contentUrl\":\"https:\\\/\\\/astrologelvan.com\\\/magaza\\\/wp-content\\\/uploads\\\/2025\\\/07\\\/Mbil-kopya-1.webp\",\"width\":1000,\"height\":1334},{\"@type\":\"BreadcrumbList\",\"@id\":\"https:\\\/\\\/astrologelvan.com\\\/magaza\\\/urun\\\/kollektif-uyanis-atolyesi\\\/#breadcrumb\",\"itemListElement\":[{\"@type\":\"ListItem\",\"position\":1,\"name\":\"Anasayfa\",\"item\":\"https:\\\/\\\/astrologelvan.com\\\/magaza\\\/\"},{\"@type\":\"ListItem\",\"position\":2,\"name\":\"Ma\u011faza\",\"item\":\"https:\\\/\\\/astrologelvan.com\\\/magaza\\\/magaza\\\/\"},{\"@type\":\"ListItem\",\"position\":3,\"name\":\"Kolektif Uyan\u0131\u015f At\u00f6lyesi\"}]},{\"@type\":\"WebSite\",\"@id\":\"https:\\\/\\\/astrologelvan.com\\\/magaza\\\/#website\",\"url\":\"https:\\\/\\\/astrologelvan.com\\\/magaza\\\/\",\"name\":\"Astrolog Elvan\",\"description\":\"\",\"potentialAction\":[{\"@type\":\"SearchAction\",\"target\":{\"@type\":\"EntryPoint\",\"urlTemplate\":\"https:\\\/\\\/astrologelvan.com\\\/magaza\\\/?s={search_term_string}\"},\"query-input\":{\"@type\":\"PropertyValueSpecification\",\"valueRequired\":true,\"valueName\":\"search_term_string\"}}],\"inLanguage\":\"tr\"}]}<\/script>\n<!-- \/ Yoast SEO plugin. -->","yoast_head_json":{"title":"Kolektif Uyan\u0131\u015f At\u00f6lyesi - Astrolog Elvan","robots":{"index":"index","follow":"follow","max-snippet":"max-snippet:-1","max-image-preview":"max-image-preview:large","max-video-preview":"max-video-preview:-1"},"canonical":"https:\/\/astrologelvan.com\/magaza\/urun\/kollektif-uyanis-atolyesi\/","og_locale":"tr_TR","og_type":"article","og_title":"Kolektif Uyan\u0131\u015f At\u00f6lyesi - Astrolog Elvan","og_description":"Ormanlardan geride sadece k\u00fcller de\u011fil, canlar da kald\u0131...  Bu at\u00f6lyeye kat\u0131l, hem kolektifin frekans\u0131n\u0131 y\u00fckselt, hem de canlara katk\u0131 ol....  Unutma bir cana dokunursan bir d\u00fcnya de\u011fi\u015fir.  At\u00f6lyenin T\u00fcm Geliri Hepad Her Eve Bir Pati Derne\u011fine Ba\u011f\u0131\u015flanacakt\u0131r. @hepad.herevebirpati  \ud83c\udf19 Tarih: 30 Temmuz 2025 21:00 \ud83c\udfa5 Platform: Zoom \u00fczerinden ve kay\u0131t g\u00f6r\u00fcnt\u00fcler  Sipari\u015flerinizi olu\u015ftururken aktif kulland\u0131\u011f\u0131n\u0131z telefon numaran\u0131z\u0131 ve e-mail adresinizi girmelisiniz. At\u00f6lye kat\u0131l\u0131m linkleri\u00a0belirtti\u011finiz numaraya SMS olarak ve belirtti\u011finiz e-mail adresine e-mail olarak g\u00f6nderilecektir. SMS ve E-mail adresinizi do\u011fru yazd\u0131\u011f\u0131n\u0131za ve SMS ve E-mail kutunuzun dolu olmamas\u0131na dikkat ediniz.  At\u00f6lye kay\u0131tlar\u0131 sat\u0131n alan ki\u015filere canl\u0131 yay\u0131n sonras\u0131ndaki g\u00fcnlerde yine ayn\u0131 kanallardan iletilecektir. Her at\u00f6lye kayd\u0131 bir ki\u015fi i\u00e7in ge\u00e7erlidir, yasal olarak bir ba\u015fkas\u0131 ile payla\u015f\u0131lamaz.","og_url":"https:\/\/astrologelvan.com\/magaza\/urun\/kollektif-uyanis-atolyesi\/","og_site_name":"Astrolog Elvan","article_modified_time":"2026-01-20T20:08:17+00:00","og_image":[{"width":1000,"height":1334,"url":"https:\/\/astrologelvan.com\/magaza\/wp-content\/uploads\/2025\/07\/Mbil-kopya-1.webp","type":"image\/webp"}],"twitter_card":"summary_large_image","twitter_misc":{"Tahmini okuma s\u00fcresi":"1 dakika"},"schema":{"@context":"https:\/\/schema.org","@graph":[{"@type":["WebPage","ItemPage"],"@id":"https:\/\/astrologelvan.com\/magaza\/urun\/kollektif-uyanis-atolyesi\/","url":"https:\/\/astrologelvan.com\/magaza\/urun\/kollektif-uyanis-atolyesi\/","name":"Kolektif Uyan\u0131\u015f At\u00f6lyesi - Astrolog Elvan","isPartOf":{"@id":"https:\/\/astrologelvan.com\/magaza\/#website"},"primaryImageOfPage":{"@id":"https:\/\/astrologelvan.com\/magaza\/urun\/kollektif-uyanis-atolyesi\/#primaryimage"},"image":{"@id":"https:\/\/astrologelvan.com\/magaza\/urun\/kollektif-uyanis-atolyesi\/#primaryimage"},"thumbnailUrl":"https:\/\/astrologelvan.com\/magaza\/wp-content\/uploads\/2025\/07\/Mbil-kopya-1.webp","datePublished":"2025-07-29T08:45:47+00:00","dateModified":"2026-01-20T20:08:17+00:00","breadcrumb":{"@id":"https:\/\/astrologelvan.com\/magaza\/urun\/kollektif-uyanis-atolyesi\/#breadcrumb"},"inLanguage":"tr","potentialAction":[{"@type":"ReadAction","target":["https:\/\/astrologelvan.com\/magaza\/urun\/kollektif-uyanis-atolyesi\/"]}]},{"@type":"ImageObject","inLanguage":"tr","@id":"https:\/\/astrologelvan.com\/magaza\/urun\/kollektif-uyanis-atolyesi\/#primaryimage","url":"https:\/\/astrologelvan.com\/magaza\/wp-content\/uploads\/2025\/07\/Mbil-kopya-1.webp","contentUrl":"https:\/\/astrologelvan.com\/magaza\/wp-content\/uploads\/2025\/07\/Mbil-kopya-1.webp","width":1000,"height":1334},{"@type":"BreadcrumbList","@id":"https:\/\/astrologelvan.com\/magaza\/urun\/kollektif-uyanis-atolyesi\/#breadcrumb","itemListElement":[{"@type":"ListItem","position":1,"name":"Anasayfa","item":"https:\/\/astrologelvan.com\/magaza\/"},{"@type":"ListItem","position":2,"name":"Ma\u011faza","item":"https:\/\/astrologelvan.com\/magaza\/magaza\/"},{"@type":"ListItem","position":3,"name":"Kolektif Uyan\u0131\u015f At\u00f6lyesi"}]},{"@type":"WebSite","@id":"https:\/\/astrologelvan.com\/magaza\/#website","url":"https:\/\/astrologelvan.com\/magaza\/","name":"Astrolog Elvan","description":"","potentialAction":[{"@type":"SearchAction","target":{"@type":"EntryPoint","urlTemplate":"https:\/\/astrologelvan.com\/magaza\/?s={search_term_string}"},"query-input":{"@type":"PropertyValueSpecification","valueRequired":true,"valueName":"search_term_string"}}],"inLanguage":"tr"}]}},"_links":{"self":[{"href":"https:\/\/astrologelvan.com\/magaza\/wp-json\/wp\/v2\/product\/92546","targetHints":{"allow":["GET"]}}],"collection":[{"href":"https:\/\/astrologelvan.com\/magaza\/wp-json\/wp\/v2\/product"}],"about":[{"href":"https:\/\/astrologelvan.com\/magaza\/wp-json\/wp\/v2\/types\/product"}],"replies":[{"embeddable":true,"href":"https:\/\/astrologelvan.com\/magaza\/wp-json\/wp\/v2\/comments?post=92546"}],"wp:featuredmedia":[{"embeddable":true,"href":"https:\/\/astrologelvan.com\/magaza\/wp-json\/wp\/v2\/media\/92663"}],"wp:attachment":[{"href":"https:\/\/astrologelvan.com\/magaza\/wp-json\/wp\/v2\/media?parent=92546"}],"wp:term":[{"taxonomy":"product_brand","embeddable":true,"href":"https:\/\/astrologelvan.com\/magaza\/wp-json\/wp\/v2\/product_brand?post=92546"},{"taxonomy":"product_cat","embeddable":true,"href":"https:\/\/astrologelvan.com\/magaza\/wp-json\/wp\/v2\/product_cat?post=92546"},{"taxonomy":"product_tag","embeddable":true,"href":"https:\/\/astrologelvan.com\/magaza\/wp-json\/wp\/v2\/product_tag?post=92546"}],"curies":[{"name":"wp","href":"https:\/\/api.w.org\/{rel}","templated":true}]}}