{"id":912,"date":"2024-02-28T03:02:12","date_gmt":"2024-02-28T00:02:12","guid":{"rendered":"https:\/\/astrologelvan.shop\/?post_type=product&#038;p=912"},"modified":"2025-10-06T08:15:03","modified_gmt":"2025-10-06T05:15:03","slug":"925-ayar-gumus-uzeri-altin-kaplama-safir-dogal-tas-kolye-buyuk-boy","status":"publish","type":"product","link":"https:\/\/astrologelvan.com\/magaza\/urun\/925-ayar-gumus-uzeri-altin-kaplama-safir-dogal-tas-kolye-buyuk-boy\/","title":{"rendered":"SAF\u0130R DO\u011eAL TA\u015e KOLYE ( B\u00dcY\u00dcK BOY )  | 925 AYAR G\u00dcM\u00dc\u015e \u00dcZER\u0130 ALTIN KAPLAMA"},"content":{"rendered":"<p><b>\u00dcr\u00fcn \u00d6zellikleri<\/b><\/p>\n<p><span style=\"font-weight: 400;\">Ta\u015f\u0131n A\u011f\u0131rl\u0131\u011f\u0131: 5 &#8211; 14 gr<\/span><\/p>\n<p><span style=\"font-weight: 400;\">Zincir Boyu:\u00a0Zincir 60 + 8<\/span><\/p>\n<p><span style=\"font-weight: 400;\">925 Ayar G\u00fcm\u00fc\u015f \u00fczeri Alt\u0131n Kaplama Zincir<\/span><\/p>\n<p>Do\u011fal ta\u015f kolyelerimizin tasar\u0131mlar\u0131nda do\u011frudan cilde temas etmesini sa\u011fl\u0131yoruz. B\u00f6ylece do\u011fal ta\u015f kolyenizi takt\u0131k\u00e7a v\u00fccudunuzun titre\u015fimlerine ba\u011flan\u0131r ve size denge ve uyum getirir.<\/p>\n<p><strong>Tak\u0131lar\u0131n\u0131z\u0131n uzun s\u00fcre kullanabilmesi i\u00e7in; Parf\u00fcm, su, s\u0131v\u0131, dezenfektan, krem v.b. gibi maddelerle temas etmemesi, du\u015f-banyo s\u0131ras\u0131nda \u00e7\u0131kart\u0131lmas\u0131 gerekmektedir. Ki\u015finin ter-ten yap\u0131s\u0131na g\u00f6re de etkilenmektedir. Tak\u0131lar\u0131n\u0131z\u0131 kullanmad\u0131\u011f\u0131n\u0131z zamanlarda kesesinde saklaman\u0131z\u0131 \u00f6neririz.<\/strong><\/p>\n<p><strong>Do\u011fal ta\u015flar\u0131n belirli titre\u015fimlere ve frekanslara sahip oldu\u011fu bilinmektedir. Bu nedenle v\u00fccudumuzda ve auram\u0131zda birtak\u0131m iyi etkileri oldu\u011fu s\u00f6ylenmektedir. Ta\u015flar\u0131n \u00f6zelliklerinin bilimsel kesinli\u011fi yoktur. Astrologelvan ma\u011fazas\u0131ndaki t\u00fcm ta\u015flar orijinal, ger\u00e7ek do\u011fal ta\u015flard\u0131r. T\u0131bbi konularda doktora dan\u0131\u015fman\u0131z\u0131 tavsiye ederiz. Ta\u015flar\u0131n tedavi edici \u00f6zelli\u011fi yoktur, sadece ki\u015fisel enerjimizi y\u00fckseltmekte ve astrolojik olarak da temsil etti\u011fi gezegenlerin etkilerini artt\u0131rmakta oldu\u011fu kabul edilir. \u00d6rne\u011fin; pembe kuvars ta\u015f\u0131 a\u015fk ve sevgi gezegeni Ven\u00fcs&#8217;\u00fcn ta\u015f\u0131d\u0131r ve bu sebeple \u00fczerinde ta\u015f\u0131yan ki\u015finin a\u015fk ve sevgi frekans\u0131n\u0131 y\u00fckseltti\u011fi bilinir.<\/strong><\/p>\n","protected":false},"excerpt":{"rendered":"<div dir=\"auto\">\n<p><span style=\"font-weight: 400;\">Renkli m\u00fccevherlerin \u00fc\u00e7 b\u00fcy\u00fcklerinden biri olan Safir, g\u00fcn\u00fcm\u00fcze kadar kraliyet ile ili\u015fkilendirilmi\u015ftir. Safir ta\u015f\u0131; bollu\u011fu ve zenginli\u011fi ifade etmekle birlikte negatif enerjilerden korunmak, sezgileri g\u00fc\u00e7lendirmek ve ruhsal a\u00e7\u0131dan sakinle\u015fmek i\u00e7in kullan\u0131l\u0131r. \u00dc\u00e7\u00fcnc\u00fc g\u00f6z \u00e7akras\u0131n\u0131 harekete ge\u00e7irerek duygu, d\u00fc\u015f\u00fcnce ve sorumluluklar\u0131n\u0131z\u0131n fark\u0131na varman\u0131zda yard\u0131mc\u0131 olur. Zehirlenme veya doland\u0131r\u0131lmaya kar\u015f\u0131 da kullan\u0131lan Safir, gelece\u011fi tahmin etmeye y\u00f6nelik bir g\u00fcce sahip oldu\u011fu da bilinmektedir.\u00a0<\/span><\/p>\n<p><span style=\"font-weight: 400;\">Safir, Sat\u00fcrn ta\u015f\u0131d\u0131r. Bilin\u00e7li bir \u015fekilde kullan\u0131lmas\u0131 gerekmektedir. Sat\u00fcrn bizi disipline eden ve ayn\u0131 zamanda sorumluluk ald\u0131\u011f\u0131m\u0131zda \u00f6d\u00fcller veren bir gezegendir. Sat\u00fcrn gezegeninin bize verdi\u011fi \u00f6d\u00fcller uzun vadeli ve kal\u0131c\u0131 olur. Bu sebeple, Astrolog Elvan t\u00fcm safirlere hayat\u0131n\u0131zdaki sorumluluklar\u0131n\u0131z\u0131 kolayl\u0131kla, keyifle ve size katk\u0131 sa\u011flayarak geri d\u00f6nmesini, bereket alan\u0131n\u0131za, zihninize ve bilgeli\u011finize katk\u0131 sa\u011flamas\u0131 ayn\u0131 zamanda emeklerinizin kar\u015f\u0131l\u0131\u011f\u0131n\u0131 alman\u0131z\u0131n m\u00fcmk\u00fcn oldu\u011fu hissini y\u00fcklemi\u015ftir. Bu hissi kabul etmek i\u00e7in yapaca\u011f\u0131n\u0131z tek \u015fey EVET demektir.<\/span><\/p>\n<p><b>UYARI: Safir serimiz farkl\u0131 renk tonlar\u0131nda ve farkl\u0131 boyutlarda gelebilir.<\/b><\/p>\n<\/div>\n","protected":false},"featured_media":963,"comment_status":"closed","ping_status":"closed","template":"","meta":[],"product_brand":[],"product_cat":[255,129,463],"product_tag":[464,67,161,39,40],"class_list":{"0":"post-912","1":"product","2":"type-product","3":"status-publish","4":"has-post-thumbnail","6":"product_cat-gumus-kolye","7":"product_cat-ozel-kolye-serisi","8":"product_cat-safir-tasi","9":"product_tag-altin-kaplama-amazonit-kolye","10":"product_tag-altin-kaplama-kolye","11":"product_tag-amazonit-kolye","12":"product_tag-astrolog-elvan","13":"product_tag-dogal-tas","15":"first","16":"outofstock","17":"purchasable","18":"product-type-simple"},"yoast_head":"<!-- This site is optimized with the Yoast SEO plugin v27.3 - https:\/\/yoast.com\/product\/yoast-seo-wordpress\/ -->\n<title>SAF\u0130R DO\u011eAL TA\u015e KOLYE ( B\u00dcY\u00dcK BOY ) | 925 AYAR G\u00dcM\u00dc\u015e \u00dcZER\u0130 ALTIN KAPLAMA - Astrolog Elvan<\/title>\n<meta name=\"robots\" content=\"index, follow, max-snippet:-1, max-image-preview:large, max-video-preview:-1\" \/>\n<link rel=\"canonical\" href=\"https:\/\/astrologelvan.com\/magaza\/urun\/925-ayar-gumus-uzeri-altin-kaplama-safir-dogal-tas-kolye-buyuk-boy\/\" \/>\n<meta property=\"og:locale\" content=\"tr_TR\" \/>\n<meta property=\"og:type\" content=\"article\" \/>\n<meta property=\"og:title\" content=\"SAF\u0130R DO\u011eAL TA\u015e KOLYE ( B\u00dcY\u00dcK BOY ) | 925 AYAR G\u00dcM\u00dc\u015e \u00dcZER\u0130 ALTIN KAPLAMA - Astrolog Elvan\" \/>\n<meta property=\"og:description\" content=\"Renkli m\u00fccevherlerin \u00fc\u00e7 b\u00fcy\u00fcklerinden biri olan Safir, g\u00fcn\u00fcm\u00fcze kadar kraliyet ile ili\u015fkilendirilmi\u015ftir. Safir ta\u015f\u0131; bollu\u011fu ve zenginli\u011fi ifade etmekle birlikte negatif enerjilerden korunmak, sezgileri g\u00fc\u00e7lendirmek ve ruhsal a\u00e7\u0131dan sakinle\u015fmek i\u00e7in kullan\u0131l\u0131r. \u00dc\u00e7\u00fcnc\u00fc g\u00f6z \u00e7akras\u0131n\u0131 harekete ge\u00e7irerek duygu, d\u00fc\u015f\u00fcnce ve sorumluluklar\u0131n\u0131z\u0131n fark\u0131na varman\u0131zda yard\u0131mc\u0131 olur. Zehirlenme veya doland\u0131r\u0131lmaya kar\u015f\u0131 da kullan\u0131lan Safir, gelece\u011fi tahmin etmeye y\u00f6nelik bir g\u00fcce sahip oldu\u011fu da bilinmektedir.\u00a0  Safir, Sat\u00fcrn ta\u015f\u0131d\u0131r. Bilin\u00e7li bir \u015fekilde kullan\u0131lmas\u0131 gerekmektedir. Sat\u00fcrn bizi disipline eden ve ayn\u0131 zamanda sorumluluk ald\u0131\u011f\u0131m\u0131zda \u00f6d\u00fcller veren bir gezegendir. Sat\u00fcrn gezegeninin bize verdi\u011fi \u00f6d\u00fcller uzun vadeli ve kal\u0131c\u0131 olur. Bu sebeple, Astrolog Elvan t\u00fcm safirlere hayat\u0131n\u0131zdaki sorumluluklar\u0131n\u0131z\u0131 kolayl\u0131kla, keyifle ve size katk\u0131 sa\u011flayarak geri d\u00f6nmesini, bereket alan\u0131n\u0131za, zihninize ve bilgeli\u011finize katk\u0131 sa\u011flamas\u0131 ayn\u0131 zamanda emeklerinizin kar\u015f\u0131l\u0131\u011f\u0131n\u0131 alman\u0131z\u0131n m\u00fcmk\u00fcn oldu\u011fu hissini y\u00fcklemi\u015ftir. Bu hissi kabul etmek i\u00e7in yapaca\u011f\u0131n\u0131z tek \u015fey EVET demektir.  UYARI: Safir serimiz farkl\u0131 renk tonlar\u0131nda ve farkl\u0131 boyutlarda gelebilir.\" \/>\n<meta property=\"og:url\" content=\"https:\/\/astrologelvan.com\/magaza\/urun\/925-ayar-gumus-uzeri-altin-kaplama-safir-dogal-tas-kolye-buyuk-boy\/\" \/>\n<meta property=\"og:site_name\" content=\"Astrolog Elvan\" \/>\n<meta property=\"article:modified_time\" content=\"2025-10-06T05:15:03+00:00\" \/>\n<meta property=\"og:image\" content=\"https:\/\/astrologelvan.com\/magaza\/wp-content\/uploads\/2024\/02\/925-Ayar-Gumus-Uzeri-Altin-Kaplama-Safir-Dogal-Tas-Kolye-Buyuk-Boy-min.jpg\" \/>\n\t<meta property=\"og:image:width\" content=\"1080\" \/>\n\t<meta property=\"og:image:height\" content=\"1080\" \/>\n\t<meta property=\"og:image:type\" content=\"image\/jpeg\" \/>\n<meta name=\"twitter:card\" content=\"summary_large_image\" \/>\n<meta name=\"twitter:label1\" content=\"Tahmini okuma s\u00fcresi\" \/>\n\t<meta name=\"twitter:data1\" content=\"1 dakika\" \/>\n<script type=\"application\/ld+json\" class=\"yoast-schema-graph\">{\"@context\":\"https:\\\/\\\/schema.org\",\"@graph\":[{\"@type\":[\"WebPage\",\"ItemPage\"],\"@id\":\"https:\\\/\\\/astrologelvan.com\\\/magaza\\\/urun\\\/925-ayar-gumus-uzeri-altin-kaplama-safir-dogal-tas-kolye-buyuk-boy\\\/\",\"url\":\"https:\\\/\\\/astrologelvan.com\\\/magaza\\\/urun\\\/925-ayar-gumus-uzeri-altin-kaplama-safir-dogal-tas-kolye-buyuk-boy\\\/\",\"name\":\"SAF\u0130R DO\u011eAL TA\u015e KOLYE ( B\u00dcY\u00dcK BOY ) | 925 AYAR G\u00dcM\u00dc\u015e \u00dcZER\u0130 ALTIN KAPLAMA - Astrolog Elvan\",\"isPartOf\":{\"@id\":\"https:\\\/\\\/astrologelvan.com\\\/magaza\\\/#website\"},\"primaryImageOfPage\":{\"@id\":\"https:\\\/\\\/astrologelvan.com\\\/magaza\\\/urun\\\/925-ayar-gumus-uzeri-altin-kaplama-safir-dogal-tas-kolye-buyuk-boy\\\/#primaryimage\"},\"image\":{\"@id\":\"https:\\\/\\\/astrologelvan.com\\\/magaza\\\/urun\\\/925-ayar-gumus-uzeri-altin-kaplama-safir-dogal-tas-kolye-buyuk-boy\\\/#primaryimage\"},\"thumbnailUrl\":\"https:\\\/\\\/astrologelvan.com\\\/magaza\\\/wp-content\\\/uploads\\\/2024\\\/02\\\/925-Ayar-Gumus-Uzeri-Altin-Kaplama-Safir-Dogal-Tas-Kolye-Buyuk-Boy-min.jpg\",\"datePublished\":\"2024-02-28T00:02:12+00:00\",\"dateModified\":\"2025-10-06T05:15:03+00:00\",\"breadcrumb\":{\"@id\":\"https:\\\/\\\/astrologelvan.com\\\/magaza\\\/urun\\\/925-ayar-gumus-uzeri-altin-kaplama-safir-dogal-tas-kolye-buyuk-boy\\\/#breadcrumb\"},\"inLanguage\":\"tr\",\"potentialAction\":[{\"@type\":\"ReadAction\",\"target\":[\"https:\\\/\\\/astrologelvan.com\\\/magaza\\\/urun\\\/925-ayar-gumus-uzeri-altin-kaplama-safir-dogal-tas-kolye-buyuk-boy\\\/\"]}]},{\"@type\":\"ImageObject\",\"inLanguage\":\"tr\",\"@id\":\"https:\\\/\\\/astrologelvan.com\\\/magaza\\\/urun\\\/925-ayar-gumus-uzeri-altin-kaplama-safir-dogal-tas-kolye-buyuk-boy\\\/#primaryimage\",\"url\":\"https:\\\/\\\/astrologelvan.com\\\/magaza\\\/wp-content\\\/uploads\\\/2024\\\/02\\\/925-Ayar-Gumus-Uzeri-Altin-Kaplama-Safir-Dogal-Tas-Kolye-Buyuk-Boy-min.jpg\",\"contentUrl\":\"https:\\\/\\\/astrologelvan.com\\\/magaza\\\/wp-content\\\/uploads\\\/2024\\\/02\\\/925-Ayar-Gumus-Uzeri-Altin-Kaplama-Safir-Dogal-Tas-Kolye-Buyuk-Boy-min.jpg\",\"width\":1080,\"height\":1080},{\"@type\":\"BreadcrumbList\",\"@id\":\"https:\\\/\\\/astrologelvan.com\\\/magaza\\\/urun\\\/925-ayar-gumus-uzeri-altin-kaplama-safir-dogal-tas-kolye-buyuk-boy\\\/#breadcrumb\",\"itemListElement\":[{\"@type\":\"ListItem\",\"position\":1,\"name\":\"Anasayfa\",\"item\":\"https:\\\/\\\/astrologelvan.com\\\/magaza\\\/\"},{\"@type\":\"ListItem\",\"position\":2,\"name\":\"Ma\u011faza\",\"item\":\"https:\\\/\\\/astrologelvan.com\\\/magaza\\\/magaza\\\/\"},{\"@type\":\"ListItem\",\"position\":3,\"name\":\"SAF\u0130R DO\u011eAL TA\u015e KOLYE ( B\u00dcY\u00dcK BOY ) | 925 AYAR G\u00dcM\u00dc\u015e \u00dcZER\u0130 ALTIN KAPLAMA\"}]},{\"@type\":\"WebSite\",\"@id\":\"https:\\\/\\\/astrologelvan.com\\\/magaza\\\/#website\",\"url\":\"https:\\\/\\\/astrologelvan.com\\\/magaza\\\/\",\"name\":\"Astrolog Elvan\",\"description\":\"\",\"potentialAction\":[{\"@type\":\"SearchAction\",\"target\":{\"@type\":\"EntryPoint\",\"urlTemplate\":\"https:\\\/\\\/astrologelvan.com\\\/magaza\\\/?s={search_term_string}\"},\"query-input\":{\"@type\":\"PropertyValueSpecification\",\"valueRequired\":true,\"valueName\":\"search_term_string\"}}],\"inLanguage\":\"tr\"}]}<\/script>\n<!-- \/ Yoast SEO plugin. -->","yoast_head_json":{"title":"SAF\u0130R DO\u011eAL TA\u015e KOLYE ( B\u00dcY\u00dcK BOY ) | 925 AYAR G\u00dcM\u00dc\u015e \u00dcZER\u0130 ALTIN KAPLAMA - Astrolog Elvan","robots":{"index":"index","follow":"follow","max-snippet":"max-snippet:-1","max-image-preview":"max-image-preview:large","max-video-preview":"max-video-preview:-1"},"canonical":"https:\/\/astrologelvan.com\/magaza\/urun\/925-ayar-gumus-uzeri-altin-kaplama-safir-dogal-tas-kolye-buyuk-boy\/","og_locale":"tr_TR","og_type":"article","og_title":"SAF\u0130R DO\u011eAL TA\u015e KOLYE ( B\u00dcY\u00dcK BOY ) | 925 AYAR G\u00dcM\u00dc\u015e \u00dcZER\u0130 ALTIN KAPLAMA - Astrolog Elvan","og_description":"Renkli m\u00fccevherlerin \u00fc\u00e7 b\u00fcy\u00fcklerinden biri olan Safir, g\u00fcn\u00fcm\u00fcze kadar kraliyet ile ili\u015fkilendirilmi\u015ftir. Safir ta\u015f\u0131; bollu\u011fu ve zenginli\u011fi ifade etmekle birlikte negatif enerjilerden korunmak, sezgileri g\u00fc\u00e7lendirmek ve ruhsal a\u00e7\u0131dan sakinle\u015fmek i\u00e7in kullan\u0131l\u0131r. \u00dc\u00e7\u00fcnc\u00fc g\u00f6z \u00e7akras\u0131n\u0131 harekete ge\u00e7irerek duygu, d\u00fc\u015f\u00fcnce ve sorumluluklar\u0131n\u0131z\u0131n fark\u0131na varman\u0131zda yard\u0131mc\u0131 olur. Zehirlenme veya doland\u0131r\u0131lmaya kar\u015f\u0131 da kullan\u0131lan Safir, gelece\u011fi tahmin etmeye y\u00f6nelik bir g\u00fcce sahip oldu\u011fu da bilinmektedir.\u00a0  Safir, Sat\u00fcrn ta\u015f\u0131d\u0131r. Bilin\u00e7li bir \u015fekilde kullan\u0131lmas\u0131 gerekmektedir. Sat\u00fcrn bizi disipline eden ve ayn\u0131 zamanda sorumluluk ald\u0131\u011f\u0131m\u0131zda \u00f6d\u00fcller veren bir gezegendir. Sat\u00fcrn gezegeninin bize verdi\u011fi \u00f6d\u00fcller uzun vadeli ve kal\u0131c\u0131 olur. Bu sebeple, Astrolog Elvan t\u00fcm safirlere hayat\u0131n\u0131zdaki sorumluluklar\u0131n\u0131z\u0131 kolayl\u0131kla, keyifle ve size katk\u0131 sa\u011flayarak geri d\u00f6nmesini, bereket alan\u0131n\u0131za, zihninize ve bilgeli\u011finize katk\u0131 sa\u011flamas\u0131 ayn\u0131 zamanda emeklerinizin kar\u015f\u0131l\u0131\u011f\u0131n\u0131 alman\u0131z\u0131n m\u00fcmk\u00fcn oldu\u011fu hissini y\u00fcklemi\u015ftir. Bu hissi kabul etmek i\u00e7in yapaca\u011f\u0131n\u0131z tek \u015fey EVET demektir.  UYARI: Safir serimiz farkl\u0131 renk tonlar\u0131nda ve farkl\u0131 boyutlarda gelebilir.","og_url":"https:\/\/astrologelvan.com\/magaza\/urun\/925-ayar-gumus-uzeri-altin-kaplama-safir-dogal-tas-kolye-buyuk-boy\/","og_site_name":"Astrolog Elvan","article_modified_time":"2025-10-06T05:15:03+00:00","og_image":[{"width":1080,"height":1080,"url":"https:\/\/astrologelvan.com\/magaza\/wp-content\/uploads\/2024\/02\/925-Ayar-Gumus-Uzeri-Altin-Kaplama-Safir-Dogal-Tas-Kolye-Buyuk-Boy-min.jpg","type":"image\/jpeg"}],"twitter_card":"summary_large_image","twitter_misc":{"Tahmini okuma s\u00fcresi":"1 dakika"},"schema":{"@context":"https:\/\/schema.org","@graph":[{"@type":["WebPage","ItemPage"],"@id":"https:\/\/astrologelvan.com\/magaza\/urun\/925-ayar-gumus-uzeri-altin-kaplama-safir-dogal-tas-kolye-buyuk-boy\/","url":"https:\/\/astrologelvan.com\/magaza\/urun\/925-ayar-gumus-uzeri-altin-kaplama-safir-dogal-tas-kolye-buyuk-boy\/","name":"SAF\u0130R DO\u011eAL TA\u015e KOLYE ( B\u00dcY\u00dcK BOY ) | 925 AYAR G\u00dcM\u00dc\u015e \u00dcZER\u0130 ALTIN KAPLAMA - Astrolog Elvan","isPartOf":{"@id":"https:\/\/astrologelvan.com\/magaza\/#website"},"primaryImageOfPage":{"@id":"https:\/\/astrologelvan.com\/magaza\/urun\/925-ayar-gumus-uzeri-altin-kaplama-safir-dogal-tas-kolye-buyuk-boy\/#primaryimage"},"image":{"@id":"https:\/\/astrologelvan.com\/magaza\/urun\/925-ayar-gumus-uzeri-altin-kaplama-safir-dogal-tas-kolye-buyuk-boy\/#primaryimage"},"thumbnailUrl":"https:\/\/astrologelvan.com\/magaza\/wp-content\/uploads\/2024\/02\/925-Ayar-Gumus-Uzeri-Altin-Kaplama-Safir-Dogal-Tas-Kolye-Buyuk-Boy-min.jpg","datePublished":"2024-02-28T00:02:12+00:00","dateModified":"2025-10-06T05:15:03+00:00","breadcrumb":{"@id":"https:\/\/astrologelvan.com\/magaza\/urun\/925-ayar-gumus-uzeri-altin-kaplama-safir-dogal-tas-kolye-buyuk-boy\/#breadcrumb"},"inLanguage":"tr","potentialAction":[{"@type":"ReadAction","target":["https:\/\/astrologelvan.com\/magaza\/urun\/925-ayar-gumus-uzeri-altin-kaplama-safir-dogal-tas-kolye-buyuk-boy\/"]}]},{"@type":"ImageObject","inLanguage":"tr","@id":"https:\/\/astrologelvan.com\/magaza\/urun\/925-ayar-gumus-uzeri-altin-kaplama-safir-dogal-tas-kolye-buyuk-boy\/#primaryimage","url":"https:\/\/astrologelvan.com\/magaza\/wp-content\/uploads\/2024\/02\/925-Ayar-Gumus-Uzeri-Altin-Kaplama-Safir-Dogal-Tas-Kolye-Buyuk-Boy-min.jpg","contentUrl":"https:\/\/astrologelvan.com\/magaza\/wp-content\/uploads\/2024\/02\/925-Ayar-Gumus-Uzeri-Altin-Kaplama-Safir-Dogal-Tas-Kolye-Buyuk-Boy-min.jpg","width":1080,"height":1080},{"@type":"BreadcrumbList","@id":"https:\/\/astrologelvan.com\/magaza\/urun\/925-ayar-gumus-uzeri-altin-kaplama-safir-dogal-tas-kolye-buyuk-boy\/#breadcrumb","itemListElement":[{"@type":"ListItem","position":1,"name":"Anasayfa","item":"https:\/\/astrologelvan.com\/magaza\/"},{"@type":"ListItem","position":2,"name":"Ma\u011faza","item":"https:\/\/astrologelvan.com\/magaza\/magaza\/"},{"@type":"ListItem","position":3,"name":"SAF\u0130R DO\u011eAL TA\u015e KOLYE ( B\u00dcY\u00dcK BOY ) | 925 AYAR G\u00dcM\u00dc\u015e \u00dcZER\u0130 ALTIN KAPLAMA"}]},{"@type":"WebSite","@id":"https:\/\/astrologelvan.com\/magaza\/#website","url":"https:\/\/astrologelvan.com\/magaza\/","name":"Astrolog Elvan","description":"","potentialAction":[{"@type":"SearchAction","target":{"@type":"EntryPoint","urlTemplate":"https:\/\/astrologelvan.com\/magaza\/?s={search_term_string}"},"query-input":{"@type":"PropertyValueSpecification","valueRequired":true,"valueName":"search_term_string"}}],"inLanguage":"tr"}]}},"_links":{"self":[{"href":"https:\/\/astrologelvan.com\/magaza\/wp-json\/wp\/v2\/product\/912","targetHints":{"allow":["GET"]}}],"collection":[{"href":"https:\/\/astrologelvan.com\/magaza\/wp-json\/wp\/v2\/product"}],"about":[{"href":"https:\/\/astrologelvan.com\/magaza\/wp-json\/wp\/v2\/types\/product"}],"replies":[{"embeddable":true,"href":"https:\/\/astrologelvan.com\/magaza\/wp-json\/wp\/v2\/comments?post=912"}],"wp:featuredmedia":[{"embeddable":true,"href":"https:\/\/astrologelvan.com\/magaza\/wp-json\/wp\/v2\/media\/963"}],"wp:attachment":[{"href":"https:\/\/astrologelvan.com\/magaza\/wp-json\/wp\/v2\/media?parent=912"}],"wp:term":[{"taxonomy":"product_brand","embeddable":true,"href":"https:\/\/astrologelvan.com\/magaza\/wp-json\/wp\/v2\/product_brand?post=912"},{"taxonomy":"product_cat","embeddable":true,"href":"https:\/\/astrologelvan.com\/magaza\/wp-json\/wp\/v2\/product_cat?post=912"},{"taxonomy":"product_tag","embeddable":true,"href":"https:\/\/astrologelvan.com\/magaza\/wp-json\/wp\/v2\/product_tag?post=912"}],"curies":[{"name":"wp","href":"https:\/\/api.w.org\/{rel}","templated":true}]}}