{"id":906,"date":"2024-02-28T03:01:47","date_gmt":"2024-02-28T00:01:47","guid":{"rendered":"https:\/\/astrologelvan.shop\/?post_type=product&#038;p=906"},"modified":"2025-10-06T08:15:03","modified_gmt":"2025-10-06T05:15:03","slug":"925-ayar-gumus-uzeri-altin-kaplama-hindistan-damla-form-pembe-kuvars-dogal-tas-kolye","status":"publish","type":"product","link":"https:\/\/astrologelvan.com\/magaza\/urun\/925-ayar-gumus-uzeri-altin-kaplama-hindistan-damla-form-pembe-kuvars-dogal-tas-kolye\/","title":{"rendered":"H\u0130ND\u0130STAN DAMLA FORM PEMBE KUVARS DO\u011eAL TA\u015e KOLYE  | 925 AYAR G\u00dcM\u00dc\u015e \u00dcZER\u0130 ALTIN KAPLAMA"},"content":{"rendered":"<p><b>\u00dcr\u00fcn \u00d6zellikleri<\/b><\/p>\n<p><span style=\"font-weight: 400\">Hindistan Damla Form Pembe Kuvars Do\u011fal Ta\u015f Kolye\u00a0<\/span><\/p>\n<p><span style=\"font-weight: 400\">Ta\u015f\u0131n A\u011f\u0131rl\u0131\u011f\u0131:\u00a07 gr \u2013 13 gr<\/span><\/p>\n<p><span style=\"font-weight: 400\">Zincir A\u011f\u0131rl\u0131\u011f\u0131: 3 gr<\/span><\/p>\n<p><span style=\"font-weight: 400\">Ta\u015f\u0131n boyutu:\u00a024 \u2013 28 MM<\/span><\/p>\n<p><span style=\"font-weight: 400\">Zincir Boyu:\u00a0 45 + 15<\/span><\/p>\n<p><strong>G\u00fcm\u00fc\u015f \u00fczeri 18 Ayar Alt\u0131n Kaplama<\/strong><\/p>\n<p>Do\u011fal ta\u015flar\u0131n do\u011frudan cilde temas etmesini sa\u011fl\u0131yoruz. B\u00f6ylece do\u011fal ta\u015f kolyenizi takt\u0131k\u00e7a v\u00fccudunuzun titre\u015fimlerine ba\u011flan\u0131r ve size denge ve uyum getirir.<\/p>\n<p>G\u00fcm\u00fc\u015f kararmas\u0131 iadeye tabi de\u011fildir. Do\u011fal y\u00f6ntemlerle ya da sol\u00fcsyon kullanarak kararan g\u00fcm\u00fc\u015f\u00fc yeniden parlatman\u0131z m\u00fcmk\u00fcnd\u00fcr.<\/p>\n<p>Tak\u0131lar\u0131n\u0131z\u0131n uzun s\u00fcre kullanabilmesi i\u00e7in; Parf\u00fcm, su, s\u0131v\u0131, dezenfektan, krem v.b. gibi maddelerle temas etmemesi, du\u015f-banyo s\u0131ras\u0131nda \u00e7\u0131kart\u0131lmas\u0131 gerekmektedir. Ki\u015finin ter-ten yap\u0131s\u0131na g\u00f6re de etkilenmektedir. Tak\u0131lar\u0131n\u0131z\u0131 kullanmad\u0131\u011f\u0131n\u0131z zamanlarda kesesinde saklaman\u0131z\u0131 \u00f6neririz.<\/p>\n<p>Do\u011fal ta\u015flar\u0131n belirli titre\u015fimlere ve frekanslara sahip oldu\u011fu bilinmektedir. Bu nedenle v\u00fccudumuzda ve auram\u0131zda birtak\u0131m iyi etkileri oldu\u011fu s\u00f6ylenmektedir. Ta\u015flar\u0131n \u00f6zelliklerinin bilimsel kesinli\u011fi yoktur. Astrologelvan ma\u011fazas\u0131ndaki t\u00fcm ta\u015flar orijinal, ger\u00e7ek do\u011fal ta\u015flard\u0131r. T\u0131bbi konularda doktora dan\u0131\u015fman\u0131z\u0131 tavsiye ederiz. Ta\u015flar\u0131n tedavi edici \u00f6zelli\u011fi yoktur, sadece ki\u015fisel enerjimizi y\u00fckseltmekte ve astrolojik olarak da temsil etti\u011fi gezegenlerin etkilerini artt\u0131rmakta oldu\u011fu kabul edilir. \u00d6rne\u011fin; pembe kuvars ta\u015f\u0131 a\u015fk ve sevgi gezegeni Ven\u00fcs\u2019\u00fcn ta\u015f\u0131d\u0131r ve bu sebeple \u00fczerinde ta\u015f\u0131yan ki\u015finin a\u015fk ve sevgi frekans\u0131n\u0131 y\u00fckseltti\u011fi bilinir.<\/p>\n","protected":false},"excerpt":{"rendered":"<p><span style=\"font-weight: 400\">Saf sevgiyi yans\u0131tan Pembe Kuvars, olgunlu\u011fu ve hassasiyeti i\u00e7inde bar\u0131nd\u0131r\u0131r. As\u0131l amac\u0131 ve anlam\u0131 sevgi olan Pembe Kuvars evrenselli\u011fe ula\u015fmaktad\u0131r. Sadece sevgi ile yetinmeyen do\u011fal ta\u015f\u0131m\u0131z kalp ve bo\u011faz \u00e7akras\u0131na da ba\u011fl\u0131d\u0131r. Eski zamanlara kadar uzanan Pembe Kuvars, medeniyetlerden bir ba\u015fka medeniyete g\u00f6re de\u011fi\u015fiklik g\u00f6stererek bar\u0131\u015fmak, m\u00fclkiyet, tutku ya da ya\u015fl\u0131l\u0131k belirtilerini \u00f6nlemek amac\u0131yla kullan\u0131lm\u0131\u015ft\u0131r.<\/span><\/p>\n<p><span style=\"font-weight: 400\">Pembe Kuvars ta\u015f\u0131n\u0131n romantikli\u011finden, nazikli\u011finden ve hassasiyetinden etkilenmek isteyenlere..\u00a0<\/span><\/p>\n<p><span style=\"font-weight: 400\">Kolyenizi ada\u00e7ay\u0131 ile t\u00fcts\u00fclerken niyetinizi ederek takmaya ba\u015flamal\u0131s\u0131n\u0131z. \u0130lk seferde 21 g\u00fcn boyunca kolyenizi tak\u0131n\u0131z. ( Banyo yaparken ya da uyurken \u00e7\u0131kar\u0131p kutusunda saklay\u0131n\u0131z )<\/span><\/p>\n<p><b>NOT: Her bir tasar\u0131m ortalama 25 ile 30 gr aras\u0131ndad\u0131r. G\u00fcm\u00fc\u015f zincirin a\u011f\u0131rl\u0131\u011f\u0131 da dahildir.<\/b><\/p>\n","protected":false},"featured_media":957,"comment_status":"open","ping_status":"closed","template":"","meta":[],"product_brand":[],"product_cat":[321,460,255,34],"product_tag":[],"class_list":{"0":"post-906","1":"product","2":"type-product","3":"status-publish","4":"has-post-thumbnail","6":"product_cat-altin-kaplama-kolye","7":"product_cat-buyulu-hindistan","8":"product_cat-gumus-kolye","9":"product_cat-pembe-kuvars","11":"first","12":"outofstock","13":"purchasable","14":"product-type-simple"},"yoast_head":"<!-- This site is optimized with the Yoast SEO plugin v27.2 - https:\/\/yoast.com\/product\/yoast-seo-wordpress\/ -->\n<title>H\u0130ND\u0130STAN DAMLA FORM PEMBE KUVARS DO\u011eAL TA\u015e KOLYE | 925 AYAR G\u00dcM\u00dc\u015e \u00dcZER\u0130 ALTIN KAPLAMA - Astrolog Elvan<\/title>\n<meta name=\"robots\" content=\"index, follow, max-snippet:-1, max-image-preview:large, max-video-preview:-1\" \/>\n<link rel=\"canonical\" href=\"https:\/\/astrologelvan.com\/magaza\/urun\/925-ayar-gumus-uzeri-altin-kaplama-hindistan-damla-form-pembe-kuvars-dogal-tas-kolye\/\" \/>\n<meta property=\"og:locale\" content=\"tr_TR\" \/>\n<meta property=\"og:type\" content=\"article\" \/>\n<meta property=\"og:title\" content=\"H\u0130ND\u0130STAN DAMLA FORM PEMBE KUVARS DO\u011eAL TA\u015e KOLYE | 925 AYAR G\u00dcM\u00dc\u015e \u00dcZER\u0130 ALTIN KAPLAMA - Astrolog Elvan\" \/>\n<meta property=\"og:description\" content=\"Saf sevgiyi yans\u0131tan Pembe Kuvars, olgunlu\u011fu ve hassasiyeti i\u00e7inde bar\u0131nd\u0131r\u0131r. As\u0131l amac\u0131 ve anlam\u0131 sevgi olan Pembe Kuvars evrenselli\u011fe ula\u015fmaktad\u0131r. Sadece sevgi ile yetinmeyen do\u011fal ta\u015f\u0131m\u0131z kalp ve bo\u011faz \u00e7akras\u0131na da ba\u011fl\u0131d\u0131r. Eski zamanlara kadar uzanan Pembe Kuvars, medeniyetlerden bir ba\u015fka medeniyete g\u00f6re de\u011fi\u015fiklik g\u00f6stererek bar\u0131\u015fmak, m\u00fclkiyet, tutku ya da ya\u015fl\u0131l\u0131k belirtilerini \u00f6nlemek amac\u0131yla kullan\u0131lm\u0131\u015ft\u0131r.  Pembe Kuvars ta\u015f\u0131n\u0131n romantikli\u011finden, nazikli\u011finden ve hassasiyetinden etkilenmek isteyenlere..\u00a0  Kolyenizi ada\u00e7ay\u0131 ile t\u00fcts\u00fclerken niyetinizi ederek takmaya ba\u015flamal\u0131s\u0131n\u0131z. \u0130lk seferde 21 g\u00fcn boyunca kolyenizi tak\u0131n\u0131z. ( Banyo yaparken ya da uyurken \u00e7\u0131kar\u0131p kutusunda saklay\u0131n\u0131z )  NOT: Her bir tasar\u0131m ortalama 25 ile 30 gr aras\u0131ndad\u0131r. G\u00fcm\u00fc\u015f zincirin a\u011f\u0131rl\u0131\u011f\u0131 da dahildir.\" \/>\n<meta property=\"og:url\" content=\"https:\/\/astrologelvan.com\/magaza\/urun\/925-ayar-gumus-uzeri-altin-kaplama-hindistan-damla-form-pembe-kuvars-dogal-tas-kolye\/\" \/>\n<meta property=\"og:site_name\" content=\"Astrolog Elvan\" \/>\n<meta property=\"article:modified_time\" content=\"2025-10-06T05:15:03+00:00\" \/>\n<meta property=\"og:image\" content=\"https:\/\/astrologelvan.com\/magaza\/wp-content\/uploads\/2024\/02\/Hindistan-Damla-Form-Pembe-Kuvars-Dogal-Tas-Kolye.jpg\" \/>\n\t<meta property=\"og:image:width\" content=\"1080\" \/>\n\t<meta property=\"og:image:height\" content=\"1080\" \/>\n\t<meta property=\"og:image:type\" content=\"image\/jpeg\" \/>\n<meta name=\"twitter:card\" content=\"summary_large_image\" \/>\n<meta name=\"twitter:label1\" content=\"Tahmini okuma s\u00fcresi\" \/>\n\t<meta name=\"twitter:data1\" content=\"2 dakika\" \/>\n<script type=\"application\/ld+json\" class=\"yoast-schema-graph\">{\"@context\":\"https:\/\/schema.org\",\"@graph\":[{\"@type\":[\"WebPage\",\"ItemPage\"],\"@id\":\"https:\/\/astrologelvan.com\/magaza\/urun\/925-ayar-gumus-uzeri-altin-kaplama-hindistan-damla-form-pembe-kuvars-dogal-tas-kolye\/\",\"url\":\"https:\/\/astrologelvan.com\/magaza\/urun\/925-ayar-gumus-uzeri-altin-kaplama-hindistan-damla-form-pembe-kuvars-dogal-tas-kolye\/\",\"name\":\"H\u0130ND\u0130STAN DAMLA FORM PEMBE KUVARS DO\u011eAL TA\u015e KOLYE | 925 AYAR G\u00dcM\u00dc\u015e \u00dcZER\u0130 ALTIN KAPLAMA - Astrolog Elvan\",\"isPartOf\":{\"@id\":\"https:\/\/astrologelvan.com\/magaza\/#website\"},\"primaryImageOfPage\":{\"@id\":\"https:\/\/astrologelvan.com\/magaza\/urun\/925-ayar-gumus-uzeri-altin-kaplama-hindistan-damla-form-pembe-kuvars-dogal-tas-kolye\/#primaryimage\"},\"image\":{\"@id\":\"https:\/\/astrologelvan.com\/magaza\/urun\/925-ayar-gumus-uzeri-altin-kaplama-hindistan-damla-form-pembe-kuvars-dogal-tas-kolye\/#primaryimage\"},\"thumbnailUrl\":\"https:\/\/astrologelvan.com\/magaza\/wp-content\/uploads\/2024\/02\/Hindistan-Damla-Form-Pembe-Kuvars-Dogal-Tas-Kolye.jpg\",\"datePublished\":\"2024-02-28T00:01:47+00:00\",\"dateModified\":\"2025-10-06T05:15:03+00:00\",\"breadcrumb\":{\"@id\":\"https:\/\/astrologelvan.com\/magaza\/urun\/925-ayar-gumus-uzeri-altin-kaplama-hindistan-damla-form-pembe-kuvars-dogal-tas-kolye\/#breadcrumb\"},\"inLanguage\":\"tr\",\"potentialAction\":[{\"@type\":\"ReadAction\",\"target\":[\"https:\/\/astrologelvan.com\/magaza\/urun\/925-ayar-gumus-uzeri-altin-kaplama-hindistan-damla-form-pembe-kuvars-dogal-tas-kolye\/\"]}]},{\"@type\":\"ImageObject\",\"inLanguage\":\"tr\",\"@id\":\"https:\/\/astrologelvan.com\/magaza\/urun\/925-ayar-gumus-uzeri-altin-kaplama-hindistan-damla-form-pembe-kuvars-dogal-tas-kolye\/#primaryimage\",\"url\":\"https:\/\/astrologelvan.com\/magaza\/wp-content\/uploads\/2024\/02\/Hindistan-Damla-Form-Pembe-Kuvars-Dogal-Tas-Kolye.jpg\",\"contentUrl\":\"https:\/\/astrologelvan.com\/magaza\/wp-content\/uploads\/2024\/02\/Hindistan-Damla-Form-Pembe-Kuvars-Dogal-Tas-Kolye.jpg\",\"width\":1080,\"height\":1080},{\"@type\":\"BreadcrumbList\",\"@id\":\"https:\/\/astrologelvan.com\/magaza\/urun\/925-ayar-gumus-uzeri-altin-kaplama-hindistan-damla-form-pembe-kuvars-dogal-tas-kolye\/#breadcrumb\",\"itemListElement\":[{\"@type\":\"ListItem\",\"position\":1,\"name\":\"Anasayfa\",\"item\":\"https:\/\/astrologelvan.com\/magaza\/\"},{\"@type\":\"ListItem\",\"position\":2,\"name\":\"Ma\u011faza\",\"item\":\"https:\/\/astrologelvan.com\/magaza\/magaza\/\"},{\"@type\":\"ListItem\",\"position\":3,\"name\":\"H\u0130ND\u0130STAN DAMLA FORM PEMBE KUVARS DO\u011eAL TA\u015e KOLYE | 925 AYAR G\u00dcM\u00dc\u015e \u00dcZER\u0130 ALTIN KAPLAMA\"}]},{\"@type\":\"WebSite\",\"@id\":\"https:\/\/astrologelvan.com\/magaza\/#website\",\"url\":\"https:\/\/astrologelvan.com\/magaza\/\",\"name\":\"Astrolog Elvan\",\"description\":\"\",\"potentialAction\":[{\"@type\":\"SearchAction\",\"target\":{\"@type\":\"EntryPoint\",\"urlTemplate\":\"https:\/\/astrologelvan.com\/magaza\/?s={search_term_string}\"},\"query-input\":{\"@type\":\"PropertyValueSpecification\",\"valueRequired\":true,\"valueName\":\"search_term_string\"}}],\"inLanguage\":\"tr\"}]}<\/script>\n<!-- \/ Yoast SEO plugin. -->","yoast_head_json":{"title":"H\u0130ND\u0130STAN DAMLA FORM PEMBE KUVARS DO\u011eAL TA\u015e KOLYE | 925 AYAR G\u00dcM\u00dc\u015e \u00dcZER\u0130 ALTIN KAPLAMA - Astrolog Elvan","robots":{"index":"index","follow":"follow","max-snippet":"max-snippet:-1","max-image-preview":"max-image-preview:large","max-video-preview":"max-video-preview:-1"},"canonical":"https:\/\/astrologelvan.com\/magaza\/urun\/925-ayar-gumus-uzeri-altin-kaplama-hindistan-damla-form-pembe-kuvars-dogal-tas-kolye\/","og_locale":"tr_TR","og_type":"article","og_title":"H\u0130ND\u0130STAN DAMLA FORM PEMBE KUVARS DO\u011eAL TA\u015e KOLYE | 925 AYAR G\u00dcM\u00dc\u015e \u00dcZER\u0130 ALTIN KAPLAMA - Astrolog Elvan","og_description":"Saf sevgiyi yans\u0131tan Pembe Kuvars, olgunlu\u011fu ve hassasiyeti i\u00e7inde bar\u0131nd\u0131r\u0131r. As\u0131l amac\u0131 ve anlam\u0131 sevgi olan Pembe Kuvars evrenselli\u011fe ula\u015fmaktad\u0131r. Sadece sevgi ile yetinmeyen do\u011fal ta\u015f\u0131m\u0131z kalp ve bo\u011faz \u00e7akras\u0131na da ba\u011fl\u0131d\u0131r. Eski zamanlara kadar uzanan Pembe Kuvars, medeniyetlerden bir ba\u015fka medeniyete g\u00f6re de\u011fi\u015fiklik g\u00f6stererek bar\u0131\u015fmak, m\u00fclkiyet, tutku ya da ya\u015fl\u0131l\u0131k belirtilerini \u00f6nlemek amac\u0131yla kullan\u0131lm\u0131\u015ft\u0131r.  Pembe Kuvars ta\u015f\u0131n\u0131n romantikli\u011finden, nazikli\u011finden ve hassasiyetinden etkilenmek isteyenlere..\u00a0  Kolyenizi ada\u00e7ay\u0131 ile t\u00fcts\u00fclerken niyetinizi ederek takmaya ba\u015flamal\u0131s\u0131n\u0131z. \u0130lk seferde 21 g\u00fcn boyunca kolyenizi tak\u0131n\u0131z. ( Banyo yaparken ya da uyurken \u00e7\u0131kar\u0131p kutusunda saklay\u0131n\u0131z )  NOT: Her bir tasar\u0131m ortalama 25 ile 30 gr aras\u0131ndad\u0131r. G\u00fcm\u00fc\u015f zincirin a\u011f\u0131rl\u0131\u011f\u0131 da dahildir.","og_url":"https:\/\/astrologelvan.com\/magaza\/urun\/925-ayar-gumus-uzeri-altin-kaplama-hindistan-damla-form-pembe-kuvars-dogal-tas-kolye\/","og_site_name":"Astrolog Elvan","article_modified_time":"2025-10-06T05:15:03+00:00","og_image":[{"width":1080,"height":1080,"url":"https:\/\/astrologelvan.com\/magaza\/wp-content\/uploads\/2024\/02\/Hindistan-Damla-Form-Pembe-Kuvars-Dogal-Tas-Kolye.jpg","type":"image\/jpeg"}],"twitter_card":"summary_large_image","twitter_misc":{"Tahmini okuma s\u00fcresi":"2 dakika"},"schema":{"@context":"https:\/\/schema.org","@graph":[{"@type":["WebPage","ItemPage"],"@id":"https:\/\/astrologelvan.com\/magaza\/urun\/925-ayar-gumus-uzeri-altin-kaplama-hindistan-damla-form-pembe-kuvars-dogal-tas-kolye\/","url":"https:\/\/astrologelvan.com\/magaza\/urun\/925-ayar-gumus-uzeri-altin-kaplama-hindistan-damla-form-pembe-kuvars-dogal-tas-kolye\/","name":"H\u0130ND\u0130STAN DAMLA FORM PEMBE KUVARS DO\u011eAL TA\u015e KOLYE | 925 AYAR G\u00dcM\u00dc\u015e \u00dcZER\u0130 ALTIN KAPLAMA - Astrolog Elvan","isPartOf":{"@id":"https:\/\/astrologelvan.com\/magaza\/#website"},"primaryImageOfPage":{"@id":"https:\/\/astrologelvan.com\/magaza\/urun\/925-ayar-gumus-uzeri-altin-kaplama-hindistan-damla-form-pembe-kuvars-dogal-tas-kolye\/#primaryimage"},"image":{"@id":"https:\/\/astrologelvan.com\/magaza\/urun\/925-ayar-gumus-uzeri-altin-kaplama-hindistan-damla-form-pembe-kuvars-dogal-tas-kolye\/#primaryimage"},"thumbnailUrl":"https:\/\/astrologelvan.com\/magaza\/wp-content\/uploads\/2024\/02\/Hindistan-Damla-Form-Pembe-Kuvars-Dogal-Tas-Kolye.jpg","datePublished":"2024-02-28T00:01:47+00:00","dateModified":"2025-10-06T05:15:03+00:00","breadcrumb":{"@id":"https:\/\/astrologelvan.com\/magaza\/urun\/925-ayar-gumus-uzeri-altin-kaplama-hindistan-damla-form-pembe-kuvars-dogal-tas-kolye\/#breadcrumb"},"inLanguage":"tr","potentialAction":[{"@type":"ReadAction","target":["https:\/\/astrologelvan.com\/magaza\/urun\/925-ayar-gumus-uzeri-altin-kaplama-hindistan-damla-form-pembe-kuvars-dogal-tas-kolye\/"]}]},{"@type":"ImageObject","inLanguage":"tr","@id":"https:\/\/astrologelvan.com\/magaza\/urun\/925-ayar-gumus-uzeri-altin-kaplama-hindistan-damla-form-pembe-kuvars-dogal-tas-kolye\/#primaryimage","url":"https:\/\/astrologelvan.com\/magaza\/wp-content\/uploads\/2024\/02\/Hindistan-Damla-Form-Pembe-Kuvars-Dogal-Tas-Kolye.jpg","contentUrl":"https:\/\/astrologelvan.com\/magaza\/wp-content\/uploads\/2024\/02\/Hindistan-Damla-Form-Pembe-Kuvars-Dogal-Tas-Kolye.jpg","width":1080,"height":1080},{"@type":"BreadcrumbList","@id":"https:\/\/astrologelvan.com\/magaza\/urun\/925-ayar-gumus-uzeri-altin-kaplama-hindistan-damla-form-pembe-kuvars-dogal-tas-kolye\/#breadcrumb","itemListElement":[{"@type":"ListItem","position":1,"name":"Anasayfa","item":"https:\/\/astrologelvan.com\/magaza\/"},{"@type":"ListItem","position":2,"name":"Ma\u011faza","item":"https:\/\/astrologelvan.com\/magaza\/magaza\/"},{"@type":"ListItem","position":3,"name":"H\u0130ND\u0130STAN DAMLA FORM PEMBE KUVARS DO\u011eAL TA\u015e KOLYE | 925 AYAR G\u00dcM\u00dc\u015e \u00dcZER\u0130 ALTIN KAPLAMA"}]},{"@type":"WebSite","@id":"https:\/\/astrologelvan.com\/magaza\/#website","url":"https:\/\/astrologelvan.com\/magaza\/","name":"Astrolog Elvan","description":"","potentialAction":[{"@type":"SearchAction","target":{"@type":"EntryPoint","urlTemplate":"https:\/\/astrologelvan.com\/magaza\/?s={search_term_string}"},"query-input":{"@type":"PropertyValueSpecification","valueRequired":true,"valueName":"search_term_string"}}],"inLanguage":"tr"}]}},"_links":{"self":[{"href":"https:\/\/astrologelvan.com\/magaza\/wp-json\/wp\/v2\/product\/906","targetHints":{"allow":["GET"]}}],"collection":[{"href":"https:\/\/astrologelvan.com\/magaza\/wp-json\/wp\/v2\/product"}],"about":[{"href":"https:\/\/astrologelvan.com\/magaza\/wp-json\/wp\/v2\/types\/product"}],"replies":[{"embeddable":true,"href":"https:\/\/astrologelvan.com\/magaza\/wp-json\/wp\/v2\/comments?post=906"}],"wp:featuredmedia":[{"embeddable":true,"href":"https:\/\/astrologelvan.com\/magaza\/wp-json\/wp\/v2\/media\/957"}],"wp:attachment":[{"href":"https:\/\/astrologelvan.com\/magaza\/wp-json\/wp\/v2\/media?parent=906"}],"wp:term":[{"taxonomy":"product_brand","embeddable":true,"href":"https:\/\/astrologelvan.com\/magaza\/wp-json\/wp\/v2\/product_brand?post=906"},{"taxonomy":"product_cat","embeddable":true,"href":"https:\/\/astrologelvan.com\/magaza\/wp-json\/wp\/v2\/product_cat?post=906"},{"taxonomy":"product_tag","embeddable":true,"href":"https:\/\/astrologelvan.com\/magaza\/wp-json\/wp\/v2\/product_tag?post=906"}],"curies":[{"name":"wp","href":"https:\/\/api.w.org\/{rel}","templated":true}]}}