{"id":8979,"date":"2024-05-08T18:53:12","date_gmt":"2024-05-08T15:53:12","guid":{"rendered":"https:\/\/astrologelvan.com\/magaza\/?post_type=product&#038;p=8979"},"modified":"2026-03-01T13:07:34","modified_gmt":"2026-03-01T10:07:34","slug":"horus-falcon-antik-misir-kolye","status":"publish","type":"product","link":"https:\/\/astrologelvan.com\/magaza\/urun\/horus-falcon-antik-misir-kolye\/","title":{"rendered":"HORUS FALCON ANT\u0130K MISIR KOLYE"},"content":{"rendered":"<p><strong>\u00dcr\u00fcn \u00d6zellikleri:<\/strong><\/p>\n<p>\u00dcr\u00fcn A\u011f\u0131rl\u0131\u011f\u0131: 43,2 &#8211; 37,3 Gram<\/p>\n<p>Ta\u015f A\u011f\u0131rl\u0131\u011f\u0131: 17,2 Gram<\/p>\n<p>Pirin\u00e7 \u00fczeri alt\u0131n kaplama<\/p>\n<p>Zirkon ta\u015f<\/p>\n<p>&nbsp;<\/p>\n","protected":false},"excerpt":{"rendered":"<ul>\n<li>Vicdan\u0131n g\u00f6z\u00fcnden hi\u00e7bir \u015fey ka\u00e7maz. Horus\u2019un g\u00f6z\u00fc Antik M\u0131s\u0131r\u2019da en kutsal ve \u00f6nemli sembollerdendir. Vicdan\u0131n 24 saat kapanmadan a\u00e7\u0131k kalan g\u00f6z\u00fcd\u00fcr. Y\u00fczy\u0131llard\u0131r; bu sembol ar\u0131nma ve koruyucu t\u0131ls\u0131m amac\u0131yla kullan\u0131l\u0131r.<\/li>\n<li>\u0130ktidar, g\u00fc\u00e7, d\u00fczen ve istikrar isteyenler bu sembol\u00fc kullan\u0131p, taks\u0131n. Ayr\u0131ca g\u00f6r\u00fcnmeyenin ard\u0131ndaki g\u00f6rmek, sezmek ve insanlar\u0131n ger\u00e7ek niyetlerini g\u00f6rmek i\u00e7in Horus Falcon sembol\u00fc kullan\u0131l\u0131r.<\/li>\n<\/ul>\n<div><\/div>\n<div>Horus\u2019un g\u00f6z\u00fc, Tanr\u0131\u2019n\u0131n tek ve bir oldu\u011funu anlat\u0131r.\u00a0 Matematiksel olarak; ikiye b\u00f6l\u00fcnd\u00fc\u011f\u00fcnde 1\/2 elde edilir. Bu da ikiye b\u00f6l\u00fcnd\u00fc\u011f\u00fc takdirde 1\/4 elde edilir. \u0130\u015fleme bu \u015fekilde hep ikiye b\u00f6lme ile devam edilirse s\u0131ras\u0131yla, 1\/8, 1\/16, 1\/32 ve 1\/64 elde edilir. Bunlar\u0131n t\u00fcm\u00fc topland\u0131\u011f\u0131nda ise 63\/64 bulunur. Buradan \u015fu sonu\u00e7 \u00e7\u0131kar: Bir b\u00fct\u00fcn, s\u00fcrekli olarak ikiye b\u00f6l\u00fcnmeye devam edilirse, toplam de\u011ferde, sonsuzluk hari\u00e7, hi\u00e7bir zaman bire, birli\u011fe ula\u015f\u0131lamaz; yaln\u0131zca Mutlak (Tanr\u0131) bir\u2019dir.<\/div>\n<div><\/div>\n<div>Horus\u2019un g\u00f6z\u00fc \u201cglifler\u201d denilen par\u00e7alardan olu\u015fur ki, bu alt\u0131 par\u00e7a, s\u0131ras\u0131yla, 1\/2, 1\/4, 1\/8, 1\/16, 1\/32, 1\/64\u2019\u00fc ifade eder.<\/div>\n<div><\/div>\n<div>O y\u00fczden Yaradan\u2019\u0131n g\u00f6zleriyle d\u00fcnyay\u0131 g\u00f6rmeyi ifade eder<\/div>\n<div><\/div>\n<div>\u0130ktidar, g\u00fc\u00e7, d\u00fczen ve istikrar isteyenler bu sembol\u00fc kullan\u0131p, taks\u0131n. Ayr\u0131ca g\u00f6r\u00fcnmeyenin ard\u0131ndaki g\u00f6rmek, sezmek ve insanlar\u0131n ger\u00e7ek niyetlerini g\u00f6rmek i\u00e7in Horus Falcon sembol\u00fc kullan\u0131l\u0131r.<\/div>\n<div><\/div>\n<div><strong>Vicdanl\u0131 insanlara denk gelme, vicdan\u0131n ve kalbinin sesini dinleme ve gere\u011fi Yaradan&#8217;\u0131n g\u00f6zleriyle g\u00f6rmenin hissi ve bak\u0131\u015f a\u00e7\u0131s\u0131 ThetaHealing y\u00f6ntemiyle bu hisler y\u00fcklenmi\u015ftir. Kolyeyi ald\u0131\u011f\u0131n\u0131zda evet kabul ediyorum demeniz yeterlidir.<\/strong><\/div>\n","protected":false},"featured_media":18624,"comment_status":"open","ping_status":"closed","template":"","meta":[],"product_brand":[],"product_cat":[26],"product_tag":[],"class_list":{"0":"post-8979","1":"product","2":"type-product","3":"status-publish","4":"has-post-thumbnail","6":"product_cat-genel","8":"first","9":"instock","10":"taxable","11":"shipping-taxable","12":"purchasable","13":"product-type-variable","14":"has-default-attributes"},"yoast_head":"<!-- This site is optimized with the Yoast SEO plugin v27.3 - https:\/\/yoast.com\/product\/yoast-seo-wordpress\/ -->\n<title>HORUS FALCON ANT\u0130K MISIR KOLYE - Astrolog Elvan<\/title>\n<meta name=\"robots\" content=\"index, follow, max-snippet:-1, max-image-preview:large, max-video-preview:-1\" \/>\n<link rel=\"canonical\" href=\"https:\/\/astrologelvan.com\/magaza\/urun\/horus-falcon-antik-misir-kolye\/\" \/>\n<meta property=\"og:locale\" content=\"tr_TR\" \/>\n<meta property=\"og:type\" content=\"article\" \/>\n<meta property=\"og:title\" content=\"HORUS FALCON ANT\u0130K MISIR KOLYE - Astrolog Elvan\" \/>\n<meta property=\"og:description\" content=\"Vicdan\u0131n g\u00f6z\u00fcnden hi\u00e7bir \u015fey ka\u00e7maz. Horus\u2019un g\u00f6z\u00fc Antik M\u0131s\u0131r\u2019da en kutsal ve \u00f6nemli sembollerdendir. Vicdan\u0131n 24 saat kapanmadan a\u00e7\u0131k kalan g\u00f6z\u00fcd\u00fcr. Y\u00fczy\u0131llard\u0131r; bu sembol ar\u0131nma ve koruyucu t\u0131ls\u0131m amac\u0131yla kullan\u0131l\u0131r.  \u0130ktidar, g\u00fc\u00e7, d\u00fczen ve istikrar isteyenler bu sembol\u00fc kullan\u0131p, taks\u0131n. Ayr\u0131ca g\u00f6r\u00fcnmeyenin ard\u0131ndaki g\u00f6rmek, sezmek ve insanlar\u0131n ger\u00e7ek niyetlerini g\u00f6rmek i\u00e7in Horus Falcon sembol\u00fc kullan\u0131l\u0131r.   Horus\u2019un g\u00f6z\u00fc, Tanr\u0131\u2019n\u0131n tek ve bir oldu\u011funu anlat\u0131r.\u00a0 Matematiksel olarak; ikiye b\u00f6l\u00fcnd\u00fc\u011f\u00fcnde 1\/2 elde edilir. Bu da ikiye b\u00f6l\u00fcnd\u00fc\u011f\u00fc takdirde 1\/4 elde edilir. \u0130\u015fleme bu \u015fekilde hep ikiye b\u00f6lme ile devam edilirse s\u0131ras\u0131yla, 1\/8, 1\/16, 1\/32 ve 1\/64 elde edilir. Bunlar\u0131n t\u00fcm\u00fc topland\u0131\u011f\u0131nda ise 63\/64 bulunur. Buradan \u015fu sonu\u00e7 \u00e7\u0131kar: Bir b\u00fct\u00fcn, s\u00fcrekli olarak ikiye b\u00f6l\u00fcnmeye devam edilirse, toplam de\u011ferde, sonsuzluk hari\u00e7, hi\u00e7bir zaman bire, birli\u011fe ula\u015f\u0131lamaz; yaln\u0131zca Mutlak (Tanr\u0131) bir\u2019dir.  Horus\u2019un g\u00f6z\u00fc \u201cglifler\u201d denilen par\u00e7alardan olu\u015fur ki, bu alt\u0131 par\u00e7a, s\u0131ras\u0131yla, 1\/2, 1\/4, 1\/8, 1\/16, 1\/32, 1\/64\u2019\u00fc ifade eder.  O y\u00fczden Yaradan\u2019\u0131n g\u00f6zleriyle d\u00fcnyay\u0131 g\u00f6rmeyi ifade eder  \u0130ktidar, g\u00fc\u00e7, d\u00fczen ve istikrar isteyenler bu sembol\u00fc kullan\u0131p, taks\u0131n. Ayr\u0131ca g\u00f6r\u00fcnmeyenin ard\u0131ndaki g\u00f6rmek, sezmek ve insanlar\u0131n ger\u00e7ek niyetlerini g\u00f6rmek i\u00e7in Horus Falcon sembol\u00fc kullan\u0131l\u0131r.  Vicdanl\u0131 insanlara denk gelme, vicdan\u0131n ve kalbinin sesini dinleme ve gere\u011fi Yaradan&#039;\u0131n g\u00f6zleriyle g\u00f6rmenin hissi ve bak\u0131\u015f a\u00e7\u0131s\u0131 ThetaHealing y\u00f6ntemiyle bu hisler y\u00fcklenmi\u015ftir. Kolyeyi ald\u0131\u011f\u0131n\u0131zda evet kabul ediyorum demeniz yeterlidir.\" \/>\n<meta property=\"og:url\" content=\"https:\/\/astrologelvan.com\/magaza\/urun\/horus-falcon-antik-misir-kolye\/\" \/>\n<meta property=\"og:site_name\" content=\"Astrolog Elvan\" \/>\n<meta property=\"article:modified_time\" content=\"2026-03-01T10:07:34+00:00\" \/>\n<meta property=\"og:image\" content=\"https:\/\/astrologelvan.com\/magaza\/wp-content\/uploads\/2024\/05\/horus-scaled.jpg\" \/>\n\t<meta property=\"og:image:width\" content=\"1920\" \/>\n\t<meta property=\"og:image:height\" content=\"2560\" \/>\n\t<meta property=\"og:image:type\" content=\"image\/jpeg\" \/>\n<meta name=\"twitter:card\" content=\"summary_large_image\" \/>\n<meta name=\"twitter:label1\" content=\"Tahmini okuma s\u00fcresi\" \/>\n\t<meta name=\"twitter:data1\" content=\"1 dakika\" \/>\n<script type=\"application\/ld+json\" class=\"yoast-schema-graph\">{\"@context\":\"https:\\\/\\\/schema.org\",\"@graph\":[{\"@type\":[\"WebPage\",\"ItemPage\"],\"@id\":\"https:\\\/\\\/astrologelvan.com\\\/magaza\\\/urun\\\/horus-falcon-antik-misir-kolye\\\/\",\"url\":\"https:\\\/\\\/astrologelvan.com\\\/magaza\\\/urun\\\/horus-falcon-antik-misir-kolye\\\/\",\"name\":\"HORUS FALCON ANT\u0130K MISIR KOLYE - Astrolog Elvan\",\"isPartOf\":{\"@id\":\"https:\\\/\\\/astrologelvan.com\\\/magaza\\\/#website\"},\"primaryImageOfPage\":{\"@id\":\"https:\\\/\\\/astrologelvan.com\\\/magaza\\\/urun\\\/horus-falcon-antik-misir-kolye\\\/#primaryimage\"},\"image\":{\"@id\":\"https:\\\/\\\/astrologelvan.com\\\/magaza\\\/urun\\\/horus-falcon-antik-misir-kolye\\\/#primaryimage\"},\"thumbnailUrl\":\"https:\\\/\\\/astrologelvan.com\\\/magaza\\\/wp-content\\\/uploads\\\/2024\\\/05\\\/horus-scaled.jpg\",\"datePublished\":\"2024-05-08T15:53:12+00:00\",\"dateModified\":\"2026-03-01T10:07:34+00:00\",\"breadcrumb\":{\"@id\":\"https:\\\/\\\/astrologelvan.com\\\/magaza\\\/urun\\\/horus-falcon-antik-misir-kolye\\\/#breadcrumb\"},\"inLanguage\":\"tr\",\"potentialAction\":[{\"@type\":\"ReadAction\",\"target\":[\"https:\\\/\\\/astrologelvan.com\\\/magaza\\\/urun\\\/horus-falcon-antik-misir-kolye\\\/\"]}]},{\"@type\":\"ImageObject\",\"inLanguage\":\"tr\",\"@id\":\"https:\\\/\\\/astrologelvan.com\\\/magaza\\\/urun\\\/horus-falcon-antik-misir-kolye\\\/#primaryimage\",\"url\":\"https:\\\/\\\/astrologelvan.com\\\/magaza\\\/wp-content\\\/uploads\\\/2024\\\/05\\\/horus-scaled.jpg\",\"contentUrl\":\"https:\\\/\\\/astrologelvan.com\\\/magaza\\\/wp-content\\\/uploads\\\/2024\\\/05\\\/horus-scaled.jpg\",\"width\":1920,\"height\":2560},{\"@type\":\"BreadcrumbList\",\"@id\":\"https:\\\/\\\/astrologelvan.com\\\/magaza\\\/urun\\\/horus-falcon-antik-misir-kolye\\\/#breadcrumb\",\"itemListElement\":[{\"@type\":\"ListItem\",\"position\":1,\"name\":\"Anasayfa\",\"item\":\"https:\\\/\\\/astrologelvan.com\\\/magaza\\\/\"},{\"@type\":\"ListItem\",\"position\":2,\"name\":\"Ma\u011faza\",\"item\":\"https:\\\/\\\/astrologelvan.com\\\/magaza\\\/magaza\\\/\"},{\"@type\":\"ListItem\",\"position\":3,\"name\":\"HORUS FALCON ANT\u0130K MISIR KOLYE\"}]},{\"@type\":\"WebSite\",\"@id\":\"https:\\\/\\\/astrologelvan.com\\\/magaza\\\/#website\",\"url\":\"https:\\\/\\\/astrologelvan.com\\\/magaza\\\/\",\"name\":\"Astrolog Elvan\",\"description\":\"\",\"potentialAction\":[{\"@type\":\"SearchAction\",\"target\":{\"@type\":\"EntryPoint\",\"urlTemplate\":\"https:\\\/\\\/astrologelvan.com\\\/magaza\\\/?s={search_term_string}\"},\"query-input\":{\"@type\":\"PropertyValueSpecification\",\"valueRequired\":true,\"valueName\":\"search_term_string\"}}],\"inLanguage\":\"tr\"}]}<\/script>\n<!-- \/ Yoast SEO plugin. -->","yoast_head_json":{"title":"HORUS FALCON ANT\u0130K MISIR KOLYE - Astrolog Elvan","robots":{"index":"index","follow":"follow","max-snippet":"max-snippet:-1","max-image-preview":"max-image-preview:large","max-video-preview":"max-video-preview:-1"},"canonical":"https:\/\/astrologelvan.com\/magaza\/urun\/horus-falcon-antik-misir-kolye\/","og_locale":"tr_TR","og_type":"article","og_title":"HORUS FALCON ANT\u0130K MISIR KOLYE - Astrolog Elvan","og_description":"Vicdan\u0131n g\u00f6z\u00fcnden hi\u00e7bir \u015fey ka\u00e7maz. Horus\u2019un g\u00f6z\u00fc Antik M\u0131s\u0131r\u2019da en kutsal ve \u00f6nemli sembollerdendir. Vicdan\u0131n 24 saat kapanmadan a\u00e7\u0131k kalan g\u00f6z\u00fcd\u00fcr. Y\u00fczy\u0131llard\u0131r; bu sembol ar\u0131nma ve koruyucu t\u0131ls\u0131m amac\u0131yla kullan\u0131l\u0131r.  \u0130ktidar, g\u00fc\u00e7, d\u00fczen ve istikrar isteyenler bu sembol\u00fc kullan\u0131p, taks\u0131n. Ayr\u0131ca g\u00f6r\u00fcnmeyenin ard\u0131ndaki g\u00f6rmek, sezmek ve insanlar\u0131n ger\u00e7ek niyetlerini g\u00f6rmek i\u00e7in Horus Falcon sembol\u00fc kullan\u0131l\u0131r.   Horus\u2019un g\u00f6z\u00fc, Tanr\u0131\u2019n\u0131n tek ve bir oldu\u011funu anlat\u0131r.\u00a0 Matematiksel olarak; ikiye b\u00f6l\u00fcnd\u00fc\u011f\u00fcnde 1\/2 elde edilir. Bu da ikiye b\u00f6l\u00fcnd\u00fc\u011f\u00fc takdirde 1\/4 elde edilir. \u0130\u015fleme bu \u015fekilde hep ikiye b\u00f6lme ile devam edilirse s\u0131ras\u0131yla, 1\/8, 1\/16, 1\/32 ve 1\/64 elde edilir. Bunlar\u0131n t\u00fcm\u00fc topland\u0131\u011f\u0131nda ise 63\/64 bulunur. Buradan \u015fu sonu\u00e7 \u00e7\u0131kar: Bir b\u00fct\u00fcn, s\u00fcrekli olarak ikiye b\u00f6l\u00fcnmeye devam edilirse, toplam de\u011ferde, sonsuzluk hari\u00e7, hi\u00e7bir zaman bire, birli\u011fe ula\u015f\u0131lamaz; yaln\u0131zca Mutlak (Tanr\u0131) bir\u2019dir.  Horus\u2019un g\u00f6z\u00fc \u201cglifler\u201d denilen par\u00e7alardan olu\u015fur ki, bu alt\u0131 par\u00e7a, s\u0131ras\u0131yla, 1\/2, 1\/4, 1\/8, 1\/16, 1\/32, 1\/64\u2019\u00fc ifade eder.  O y\u00fczden Yaradan\u2019\u0131n g\u00f6zleriyle d\u00fcnyay\u0131 g\u00f6rmeyi ifade eder  \u0130ktidar, g\u00fc\u00e7, d\u00fczen ve istikrar isteyenler bu sembol\u00fc kullan\u0131p, taks\u0131n. Ayr\u0131ca g\u00f6r\u00fcnmeyenin ard\u0131ndaki g\u00f6rmek, sezmek ve insanlar\u0131n ger\u00e7ek niyetlerini g\u00f6rmek i\u00e7in Horus Falcon sembol\u00fc kullan\u0131l\u0131r.  Vicdanl\u0131 insanlara denk gelme, vicdan\u0131n ve kalbinin sesini dinleme ve gere\u011fi Yaradan'\u0131n g\u00f6zleriyle g\u00f6rmenin hissi ve bak\u0131\u015f a\u00e7\u0131s\u0131 ThetaHealing y\u00f6ntemiyle bu hisler y\u00fcklenmi\u015ftir. Kolyeyi ald\u0131\u011f\u0131n\u0131zda evet kabul ediyorum demeniz yeterlidir.","og_url":"https:\/\/astrologelvan.com\/magaza\/urun\/horus-falcon-antik-misir-kolye\/","og_site_name":"Astrolog Elvan","article_modified_time":"2026-03-01T10:07:34+00:00","og_image":[{"width":1920,"height":2560,"url":"https:\/\/astrologelvan.com\/magaza\/wp-content\/uploads\/2024\/05\/horus-scaled.jpg","type":"image\/jpeg"}],"twitter_card":"summary_large_image","twitter_misc":{"Tahmini okuma s\u00fcresi":"1 dakika"},"schema":{"@context":"https:\/\/schema.org","@graph":[{"@type":["WebPage","ItemPage"],"@id":"https:\/\/astrologelvan.com\/magaza\/urun\/horus-falcon-antik-misir-kolye\/","url":"https:\/\/astrologelvan.com\/magaza\/urun\/horus-falcon-antik-misir-kolye\/","name":"HORUS FALCON ANT\u0130K MISIR KOLYE - Astrolog Elvan","isPartOf":{"@id":"https:\/\/astrologelvan.com\/magaza\/#website"},"primaryImageOfPage":{"@id":"https:\/\/astrologelvan.com\/magaza\/urun\/horus-falcon-antik-misir-kolye\/#primaryimage"},"image":{"@id":"https:\/\/astrologelvan.com\/magaza\/urun\/horus-falcon-antik-misir-kolye\/#primaryimage"},"thumbnailUrl":"https:\/\/astrologelvan.com\/magaza\/wp-content\/uploads\/2024\/05\/horus-scaled.jpg","datePublished":"2024-05-08T15:53:12+00:00","dateModified":"2026-03-01T10:07:34+00:00","breadcrumb":{"@id":"https:\/\/astrologelvan.com\/magaza\/urun\/horus-falcon-antik-misir-kolye\/#breadcrumb"},"inLanguage":"tr","potentialAction":[{"@type":"ReadAction","target":["https:\/\/astrologelvan.com\/magaza\/urun\/horus-falcon-antik-misir-kolye\/"]}]},{"@type":"ImageObject","inLanguage":"tr","@id":"https:\/\/astrologelvan.com\/magaza\/urun\/horus-falcon-antik-misir-kolye\/#primaryimage","url":"https:\/\/astrologelvan.com\/magaza\/wp-content\/uploads\/2024\/05\/horus-scaled.jpg","contentUrl":"https:\/\/astrologelvan.com\/magaza\/wp-content\/uploads\/2024\/05\/horus-scaled.jpg","width":1920,"height":2560},{"@type":"BreadcrumbList","@id":"https:\/\/astrologelvan.com\/magaza\/urun\/horus-falcon-antik-misir-kolye\/#breadcrumb","itemListElement":[{"@type":"ListItem","position":1,"name":"Anasayfa","item":"https:\/\/astrologelvan.com\/magaza\/"},{"@type":"ListItem","position":2,"name":"Ma\u011faza","item":"https:\/\/astrologelvan.com\/magaza\/magaza\/"},{"@type":"ListItem","position":3,"name":"HORUS FALCON ANT\u0130K MISIR KOLYE"}]},{"@type":"WebSite","@id":"https:\/\/astrologelvan.com\/magaza\/#website","url":"https:\/\/astrologelvan.com\/magaza\/","name":"Astrolog Elvan","description":"","potentialAction":[{"@type":"SearchAction","target":{"@type":"EntryPoint","urlTemplate":"https:\/\/astrologelvan.com\/magaza\/?s={search_term_string}"},"query-input":{"@type":"PropertyValueSpecification","valueRequired":true,"valueName":"search_term_string"}}],"inLanguage":"tr"}]}},"_links":{"self":[{"href":"https:\/\/astrologelvan.com\/magaza\/wp-json\/wp\/v2\/product\/8979","targetHints":{"allow":["GET"]}}],"collection":[{"href":"https:\/\/astrologelvan.com\/magaza\/wp-json\/wp\/v2\/product"}],"about":[{"href":"https:\/\/astrologelvan.com\/magaza\/wp-json\/wp\/v2\/types\/product"}],"replies":[{"embeddable":true,"href":"https:\/\/astrologelvan.com\/magaza\/wp-json\/wp\/v2\/comments?post=8979"}],"wp:featuredmedia":[{"embeddable":true,"href":"https:\/\/astrologelvan.com\/magaza\/wp-json\/wp\/v2\/media\/18624"}],"wp:attachment":[{"href":"https:\/\/astrologelvan.com\/magaza\/wp-json\/wp\/v2\/media?parent=8979"}],"wp:term":[{"taxonomy":"product_brand","embeddable":true,"href":"https:\/\/astrologelvan.com\/magaza\/wp-json\/wp\/v2\/product_brand?post=8979"},{"taxonomy":"product_cat","embeddable":true,"href":"https:\/\/astrologelvan.com\/magaza\/wp-json\/wp\/v2\/product_cat?post=8979"},{"taxonomy":"product_tag","embeddable":true,"href":"https:\/\/astrologelvan.com\/magaza\/wp-json\/wp\/v2\/product_tag?post=8979"}],"curies":[{"name":"wp","href":"https:\/\/api.w.org\/{rel}","templated":true}]}}