{"id":890,"date":"2024-02-28T03:00:17","date_gmt":"2024-02-28T00:00:17","guid":{"rendered":"https:\/\/astrologelvan.shop\/?post_type=product&#038;p=890"},"modified":"2025-10-06T08:15:03","modified_gmt":"2025-10-06T05:15:03","slug":"altin-morganit-dogal-tas-kolye","status":"publish","type":"product","link":"https:\/\/astrologelvan.com\/magaza\/urun\/altin-morganit-dogal-tas-kolye\/","title":{"rendered":"ALTIN MORGAN\u0130T DO\u011eAL TA\u015e KOLYE"},"content":{"rendered":"<p>Morganit Do\u011fal Ta\u015f Kolye<br \/>\nKolye Uzunlu\u011fu: 40 CM<br \/>\n925 Ayar G\u00fcm\u00fc\u015f Zincir<br \/>\nTa\u015f\u0131n yakla\u015f\u0131k \u00f6l\u00e7\u00fcs\u00fc:\u00a08.5 MM<\/p>\n","protected":false},"excerpt":{"rendered":"<h3><strong> A\u015fk ve Evlilik Ta\u015f\u0131<\/strong><\/h3>\n<p>G\u00fc\u00e7, ne\u015fe ve duygusuyla ili\u015fkilendirdi\u011fimiz Morganit ta\u015f\u0131, di\u015fil enerjiyi dengelemekle beraber ilahi<br \/>\nsevgi ile ba\u011flant\u0131l\u0131d\u0131r. Duygu durumunu dengeleyen Morganit ta\u015f\u0131 a\u015fk ve evlilik konular\u0131n\u0131zda sizlere<br \/>\nyol g\u00f6stericidir. Mavi, Pembe, Sar\u0131 ve Ye\u015fil olarak bulunmaktad\u0131r.<br \/>\nDo\u011fal Ta\u015f Morganit kolyenizi 21 g\u00fcn boyunca \u201cHayat\u0131ma ihtiyac\u0131m olan ve beni dengeleyecek ilahi e\u015fi \u00e7ekiyorum, mutluyum\u201d diyerek takabilirsiniz.<\/p>\n<p><strong>Uyar\u0131: Do\u011fal ta\u015flar\u0131m\u0131z Mavi, Ye\u015fil, Pembe ya da Sar\u0131 olarak size ula\u015fabilir. Morganit ta\u015f\u0131<\/strong><br \/>\n<strong>farkl\u0131 renklerde bulunmaktad\u0131r.<\/strong><\/p>\n","protected":false},"featured_media":948,"comment_status":"open","ping_status":"closed","template":"","meta":[],"product_brand":[],"product_cat":[52,255,48,439],"product_tag":[],"class_list":{"0":"post-890","1":"product","2":"type-product","3":"status-publish","4":"has-post-thumbnail","6":"product_cat-dogal-taslar","7":"product_cat-gumus-kolye","8":"product_cat-kolyeler","9":"product_cat-morganit-tasi","11":"first","12":"outofstock","13":"taxable","14":"shipping-taxable","15":"purchasable","16":"product-type-simple"},"yoast_head":"<!-- This site is optimized with the Yoast SEO plugin v27.3 - https:\/\/yoast.com\/product\/yoast-seo-wordpress\/ -->\n<title>ALTIN MORGAN\u0130T DO\u011eAL TA\u015e KOLYE - Astrolog Elvan<\/title>\n<meta name=\"robots\" content=\"index, follow, max-snippet:-1, max-image-preview:large, max-video-preview:-1\" \/>\n<link rel=\"canonical\" href=\"https:\/\/astrologelvan.com\/magaza\/urun\/altin-morganit-dogal-tas-kolye\/\" \/>\n<meta property=\"og:locale\" content=\"tr_TR\" \/>\n<meta property=\"og:type\" content=\"article\" \/>\n<meta property=\"og:title\" content=\"ALTIN MORGAN\u0130T DO\u011eAL TA\u015e KOLYE - Astrolog Elvan\" \/>\n<meta property=\"og:description\" content=\"A\u015fk ve Evlilik Ta\u015f\u0131 G\u00fc\u00e7, ne\u015fe ve duygusuyla ili\u015fkilendirdi\u011fimiz Morganit ta\u015f\u0131, di\u015fil enerjiyi dengelemekle beraber ilahi sevgi ile ba\u011flant\u0131l\u0131d\u0131r. Duygu durumunu dengeleyen Morganit ta\u015f\u0131 a\u015fk ve evlilik konular\u0131n\u0131zda sizlere yol g\u00f6stericidir. Mavi, Pembe, Sar\u0131 ve Ye\u015fil olarak bulunmaktad\u0131r. Do\u011fal Ta\u015f Morganit kolyenizi 21 g\u00fcn boyunca \u201cHayat\u0131ma ihtiyac\u0131m olan ve beni dengeleyecek ilahi e\u015fi \u00e7ekiyorum, mutluyum\u201d diyerek takabilirsiniz.  Uyar\u0131: Do\u011fal ta\u015flar\u0131m\u0131z Mavi, Ye\u015fil, Pembe ya da Sar\u0131 olarak size ula\u015fabilir. Morganit ta\u015f\u0131 farkl\u0131 renklerde bulunmaktad\u0131r.\" \/>\n<meta property=\"og:url\" content=\"https:\/\/astrologelvan.com\/magaza\/urun\/altin-morganit-dogal-tas-kolye\/\" \/>\n<meta property=\"og:site_name\" content=\"Astrolog Elvan\" \/>\n<meta property=\"article:modified_time\" content=\"2025-10-06T05:15:03+00:00\" \/>\n<meta property=\"og:image\" content=\"https:\/\/astrologelvan.com\/magaza\/wp-content\/uploads\/2024\/02\/Altin-Morganit-Dogal-Tas-Kolye.jpg\" \/>\n\t<meta property=\"og:image:width\" content=\"1080\" \/>\n\t<meta property=\"og:image:height\" content=\"1080\" \/>\n\t<meta property=\"og:image:type\" content=\"image\/jpeg\" \/>\n<meta name=\"twitter:card\" content=\"summary_large_image\" \/>\n<meta name=\"twitter:label1\" content=\"Tahmini okuma s\u00fcresi\" \/>\n\t<meta name=\"twitter:data1\" content=\"1 dakika\" \/>\n<script type=\"application\/ld+json\" class=\"yoast-schema-graph\">{\"@context\":\"https:\\\/\\\/schema.org\",\"@graph\":[{\"@type\":[\"WebPage\",\"ItemPage\"],\"@id\":\"https:\\\/\\\/astrologelvan.com\\\/magaza\\\/urun\\\/altin-morganit-dogal-tas-kolye\\\/\",\"url\":\"https:\\\/\\\/astrologelvan.com\\\/magaza\\\/urun\\\/altin-morganit-dogal-tas-kolye\\\/\",\"name\":\"ALTIN MORGAN\u0130T DO\u011eAL TA\u015e KOLYE - Astrolog Elvan\",\"isPartOf\":{\"@id\":\"https:\\\/\\\/astrologelvan.com\\\/magaza\\\/#website\"},\"primaryImageOfPage\":{\"@id\":\"https:\\\/\\\/astrologelvan.com\\\/magaza\\\/urun\\\/altin-morganit-dogal-tas-kolye\\\/#primaryimage\"},\"image\":{\"@id\":\"https:\\\/\\\/astrologelvan.com\\\/magaza\\\/urun\\\/altin-morganit-dogal-tas-kolye\\\/#primaryimage\"},\"thumbnailUrl\":\"https:\\\/\\\/astrologelvan.com\\\/magaza\\\/wp-content\\\/uploads\\\/2024\\\/02\\\/Altin-Morganit-Dogal-Tas-Kolye.jpg\",\"datePublished\":\"2024-02-28T00:00:17+00:00\",\"dateModified\":\"2025-10-06T05:15:03+00:00\",\"breadcrumb\":{\"@id\":\"https:\\\/\\\/astrologelvan.com\\\/magaza\\\/urun\\\/altin-morganit-dogal-tas-kolye\\\/#breadcrumb\"},\"inLanguage\":\"tr\",\"potentialAction\":[{\"@type\":\"ReadAction\",\"target\":[\"https:\\\/\\\/astrologelvan.com\\\/magaza\\\/urun\\\/altin-morganit-dogal-tas-kolye\\\/\"]}]},{\"@type\":\"ImageObject\",\"inLanguage\":\"tr\",\"@id\":\"https:\\\/\\\/astrologelvan.com\\\/magaza\\\/urun\\\/altin-morganit-dogal-tas-kolye\\\/#primaryimage\",\"url\":\"https:\\\/\\\/astrologelvan.com\\\/magaza\\\/wp-content\\\/uploads\\\/2024\\\/02\\\/Altin-Morganit-Dogal-Tas-Kolye.jpg\",\"contentUrl\":\"https:\\\/\\\/astrologelvan.com\\\/magaza\\\/wp-content\\\/uploads\\\/2024\\\/02\\\/Altin-Morganit-Dogal-Tas-Kolye.jpg\",\"width\":1080,\"height\":1080},{\"@type\":\"BreadcrumbList\",\"@id\":\"https:\\\/\\\/astrologelvan.com\\\/magaza\\\/urun\\\/altin-morganit-dogal-tas-kolye\\\/#breadcrumb\",\"itemListElement\":[{\"@type\":\"ListItem\",\"position\":1,\"name\":\"Anasayfa\",\"item\":\"https:\\\/\\\/astrologelvan.com\\\/magaza\\\/\"},{\"@type\":\"ListItem\",\"position\":2,\"name\":\"Ma\u011faza\",\"item\":\"https:\\\/\\\/astrologelvan.com\\\/magaza\\\/magaza\\\/\"},{\"@type\":\"ListItem\",\"position\":3,\"name\":\"ALTIN MORGAN\u0130T DO\u011eAL TA\u015e KOLYE\"}]},{\"@type\":\"WebSite\",\"@id\":\"https:\\\/\\\/astrologelvan.com\\\/magaza\\\/#website\",\"url\":\"https:\\\/\\\/astrologelvan.com\\\/magaza\\\/\",\"name\":\"Astrolog Elvan\",\"description\":\"\",\"potentialAction\":[{\"@type\":\"SearchAction\",\"target\":{\"@type\":\"EntryPoint\",\"urlTemplate\":\"https:\\\/\\\/astrologelvan.com\\\/magaza\\\/?s={search_term_string}\"},\"query-input\":{\"@type\":\"PropertyValueSpecification\",\"valueRequired\":true,\"valueName\":\"search_term_string\"}}],\"inLanguage\":\"tr\"}]}<\/script>\n<!-- \/ Yoast SEO plugin. -->","yoast_head_json":{"title":"ALTIN MORGAN\u0130T DO\u011eAL TA\u015e KOLYE - Astrolog Elvan","robots":{"index":"index","follow":"follow","max-snippet":"max-snippet:-1","max-image-preview":"max-image-preview:large","max-video-preview":"max-video-preview:-1"},"canonical":"https:\/\/astrologelvan.com\/magaza\/urun\/altin-morganit-dogal-tas-kolye\/","og_locale":"tr_TR","og_type":"article","og_title":"ALTIN MORGAN\u0130T DO\u011eAL TA\u015e KOLYE - Astrolog Elvan","og_description":"A\u015fk ve Evlilik Ta\u015f\u0131 G\u00fc\u00e7, ne\u015fe ve duygusuyla ili\u015fkilendirdi\u011fimiz Morganit ta\u015f\u0131, di\u015fil enerjiyi dengelemekle beraber ilahi sevgi ile ba\u011flant\u0131l\u0131d\u0131r. Duygu durumunu dengeleyen Morganit ta\u015f\u0131 a\u015fk ve evlilik konular\u0131n\u0131zda sizlere yol g\u00f6stericidir. Mavi, Pembe, Sar\u0131 ve Ye\u015fil olarak bulunmaktad\u0131r. Do\u011fal Ta\u015f Morganit kolyenizi 21 g\u00fcn boyunca \u201cHayat\u0131ma ihtiyac\u0131m olan ve beni dengeleyecek ilahi e\u015fi \u00e7ekiyorum, mutluyum\u201d diyerek takabilirsiniz.  Uyar\u0131: Do\u011fal ta\u015flar\u0131m\u0131z Mavi, Ye\u015fil, Pembe ya da Sar\u0131 olarak size ula\u015fabilir. Morganit ta\u015f\u0131 farkl\u0131 renklerde bulunmaktad\u0131r.","og_url":"https:\/\/astrologelvan.com\/magaza\/urun\/altin-morganit-dogal-tas-kolye\/","og_site_name":"Astrolog Elvan","article_modified_time":"2025-10-06T05:15:03+00:00","og_image":[{"width":1080,"height":1080,"url":"https:\/\/astrologelvan.com\/magaza\/wp-content\/uploads\/2024\/02\/Altin-Morganit-Dogal-Tas-Kolye.jpg","type":"image\/jpeg"}],"twitter_card":"summary_large_image","twitter_misc":{"Tahmini okuma s\u00fcresi":"1 dakika"},"schema":{"@context":"https:\/\/schema.org","@graph":[{"@type":["WebPage","ItemPage"],"@id":"https:\/\/astrologelvan.com\/magaza\/urun\/altin-morganit-dogal-tas-kolye\/","url":"https:\/\/astrologelvan.com\/magaza\/urun\/altin-morganit-dogal-tas-kolye\/","name":"ALTIN MORGAN\u0130T DO\u011eAL TA\u015e KOLYE - Astrolog Elvan","isPartOf":{"@id":"https:\/\/astrologelvan.com\/magaza\/#website"},"primaryImageOfPage":{"@id":"https:\/\/astrologelvan.com\/magaza\/urun\/altin-morganit-dogal-tas-kolye\/#primaryimage"},"image":{"@id":"https:\/\/astrologelvan.com\/magaza\/urun\/altin-morganit-dogal-tas-kolye\/#primaryimage"},"thumbnailUrl":"https:\/\/astrologelvan.com\/magaza\/wp-content\/uploads\/2024\/02\/Altin-Morganit-Dogal-Tas-Kolye.jpg","datePublished":"2024-02-28T00:00:17+00:00","dateModified":"2025-10-06T05:15:03+00:00","breadcrumb":{"@id":"https:\/\/astrologelvan.com\/magaza\/urun\/altin-morganit-dogal-tas-kolye\/#breadcrumb"},"inLanguage":"tr","potentialAction":[{"@type":"ReadAction","target":["https:\/\/astrologelvan.com\/magaza\/urun\/altin-morganit-dogal-tas-kolye\/"]}]},{"@type":"ImageObject","inLanguage":"tr","@id":"https:\/\/astrologelvan.com\/magaza\/urun\/altin-morganit-dogal-tas-kolye\/#primaryimage","url":"https:\/\/astrologelvan.com\/magaza\/wp-content\/uploads\/2024\/02\/Altin-Morganit-Dogal-Tas-Kolye.jpg","contentUrl":"https:\/\/astrologelvan.com\/magaza\/wp-content\/uploads\/2024\/02\/Altin-Morganit-Dogal-Tas-Kolye.jpg","width":1080,"height":1080},{"@type":"BreadcrumbList","@id":"https:\/\/astrologelvan.com\/magaza\/urun\/altin-morganit-dogal-tas-kolye\/#breadcrumb","itemListElement":[{"@type":"ListItem","position":1,"name":"Anasayfa","item":"https:\/\/astrologelvan.com\/magaza\/"},{"@type":"ListItem","position":2,"name":"Ma\u011faza","item":"https:\/\/astrologelvan.com\/magaza\/magaza\/"},{"@type":"ListItem","position":3,"name":"ALTIN MORGAN\u0130T DO\u011eAL TA\u015e KOLYE"}]},{"@type":"WebSite","@id":"https:\/\/astrologelvan.com\/magaza\/#website","url":"https:\/\/astrologelvan.com\/magaza\/","name":"Astrolog Elvan","description":"","potentialAction":[{"@type":"SearchAction","target":{"@type":"EntryPoint","urlTemplate":"https:\/\/astrologelvan.com\/magaza\/?s={search_term_string}"},"query-input":{"@type":"PropertyValueSpecification","valueRequired":true,"valueName":"search_term_string"}}],"inLanguage":"tr"}]}},"_links":{"self":[{"href":"https:\/\/astrologelvan.com\/magaza\/wp-json\/wp\/v2\/product\/890","targetHints":{"allow":["GET"]}}],"collection":[{"href":"https:\/\/astrologelvan.com\/magaza\/wp-json\/wp\/v2\/product"}],"about":[{"href":"https:\/\/astrologelvan.com\/magaza\/wp-json\/wp\/v2\/types\/product"}],"replies":[{"embeddable":true,"href":"https:\/\/astrologelvan.com\/magaza\/wp-json\/wp\/v2\/comments?post=890"}],"wp:featuredmedia":[{"embeddable":true,"href":"https:\/\/astrologelvan.com\/magaza\/wp-json\/wp\/v2\/media\/948"}],"wp:attachment":[{"href":"https:\/\/astrologelvan.com\/magaza\/wp-json\/wp\/v2\/media?parent=890"}],"wp:term":[{"taxonomy":"product_brand","embeddable":true,"href":"https:\/\/astrologelvan.com\/magaza\/wp-json\/wp\/v2\/product_brand?post=890"},{"taxonomy":"product_cat","embeddable":true,"href":"https:\/\/astrologelvan.com\/magaza\/wp-json\/wp\/v2\/product_cat?post=890"},{"taxonomy":"product_tag","embeddable":true,"href":"https:\/\/astrologelvan.com\/magaza\/wp-json\/wp\/v2\/product_tag?post=890"}],"curies":[{"name":"wp","href":"https:\/\/api.w.org\/{rel}","templated":true}]}}