{"id":8879,"date":"2024-05-06T18:23:36","date_gmt":"2024-05-06T15:23:36","guid":{"rendered":"https:\/\/astrologelvan.com\/magaza\/?post_type=product&#038;p=8879"},"modified":"2025-10-06T08:15:15","modified_gmt":"2025-10-06T05:15:15","slug":"labradorit-kalp-dogal-tas","status":"publish","type":"product","link":"https:\/\/astrologelvan.com\/magaza\/urun\/labradorit-kalp-dogal-tas\/","title":{"rendered":"LABRADOR\u0130T KALP DO\u011eAL TA\u015e"},"content":{"rendered":"<p><b>\u00dcr\u00fcn \u00d6zellikleri:<\/b><\/p>\n<p>Ta\u015f\u0131n A\u011f\u0131rl\u0131\u011f\u0131: 25 Gram<\/p>\n","protected":false},"excerpt":{"rendered":"<p>B\u00fcy\u00fcl\u00fc ve mistik bir ta\u015f\u0131 boynunuzda ta\u015f\u0131maya haz\u0131r m\u0131s\u0131n\u0131z?<\/p>\n<p>Rusya, \u0130skandinavya ve Madagaskar topraklar\u0131ndan \u00e7\u0131kan bu mavi ve ye\u015fil \u0131\u015f\u0131lt\u0131larla dolu do\u011fal ta\u015f, ruhsal koruma i\u00e7in b\u00fcy\u00fck \u00f6nem ta\u015f\u0131r. Her rit\u00fcelinizde, b\u00fct\u00fcn\u00fcn hayr\u0131na olan evrensel enerji ile ba\u011f kurmaya niyet ederek kullanabilirsiniz.<\/p>\n<p>\u0130sminin K\u00f6keni:\u00a0Kanada\u2019daki Labrador b\u00f6lgesi<\/p>\n<p>Labradorit ta\u015f\u0131n\u0131n g\u00fcc\u00fc ve s\u0131rr\u0131:<\/p>\n<p>Auran\u0131z\u0131 dengeler ve korur, sezgilerinizi g\u00fc\u00e7lendirir, psi\u015fik sald\u0131r\u0131lara kar\u015f\u0131 sizi korur.<\/p>\n<p>Kalp ve 3. G\u00f6z \u00e7akras\u0131 \u00fczerinde dengeleyici etkisi vard\u0131r. Zihniniz a\u015f\u0131r\u0131 aktifse ve endi\u015feleriniz varsa sizi sakinle\u015ftirir.<\/p>\n","protected":false},"featured_media":32944,"comment_status":"open","ping_status":"closed","template":"","meta":[],"product_brand":[],"product_cat":[26],"product_tag":[],"class_list":{"0":"post-8879","1":"product","2":"type-product","3":"status-publish","4":"has-post-thumbnail","6":"product_cat-genel","8":"first","9":"outofstock","10":"taxable","11":"shipping-taxable","12":"purchasable","13":"product-type-simple"},"yoast_head":"<!-- This site is optimized with the Yoast SEO plugin v27.3 - https:\/\/yoast.com\/product\/yoast-seo-wordpress\/ -->\n<title>LABRADOR\u0130T KALP DO\u011eAL TA\u015e - Astrolog Elvan<\/title>\n<meta name=\"robots\" content=\"index, follow, max-snippet:-1, max-image-preview:large, max-video-preview:-1\" \/>\n<link rel=\"canonical\" href=\"https:\/\/astrologelvan.com\/magaza\/urun\/labradorit-kalp-dogal-tas\/\" \/>\n<meta property=\"og:locale\" content=\"tr_TR\" \/>\n<meta property=\"og:type\" content=\"article\" \/>\n<meta property=\"og:title\" content=\"LABRADOR\u0130T KALP DO\u011eAL TA\u015e - Astrolog Elvan\" \/>\n<meta property=\"og:description\" content=\"B\u00fcy\u00fcl\u00fc ve mistik bir ta\u015f\u0131 boynunuzda ta\u015f\u0131maya haz\u0131r m\u0131s\u0131n\u0131z?  Rusya, \u0130skandinavya ve Madagaskar topraklar\u0131ndan \u00e7\u0131kan bu mavi ve ye\u015fil \u0131\u015f\u0131lt\u0131larla dolu do\u011fal ta\u015f, ruhsal koruma i\u00e7in b\u00fcy\u00fck \u00f6nem ta\u015f\u0131r. Her rit\u00fcelinizde, b\u00fct\u00fcn\u00fcn hayr\u0131na olan evrensel enerji ile ba\u011f kurmaya niyet ederek kullanabilirsiniz.  \u0130sminin K\u00f6keni:\u00a0Kanada\u2019daki Labrador b\u00f6lgesi  Labradorit ta\u015f\u0131n\u0131n g\u00fcc\u00fc ve s\u0131rr\u0131:  Auran\u0131z\u0131 dengeler ve korur, sezgilerinizi g\u00fc\u00e7lendirir, psi\u015fik sald\u0131r\u0131lara kar\u015f\u0131 sizi korur.  Kalp ve 3. G\u00f6z \u00e7akras\u0131 \u00fczerinde dengeleyici etkisi vard\u0131r. Zihniniz a\u015f\u0131r\u0131 aktifse ve endi\u015feleriniz varsa sizi sakinle\u015ftirir.\" \/>\n<meta property=\"og:url\" content=\"https:\/\/astrologelvan.com\/magaza\/urun\/labradorit-kalp-dogal-tas\/\" \/>\n<meta property=\"og:site_name\" content=\"Astrolog Elvan\" \/>\n<meta property=\"article:modified_time\" content=\"2025-10-06T05:15:15+00:00\" \/>\n<meta property=\"og:image\" content=\"https:\/\/astrologelvan.com\/magaza\/wp-content\/uploads\/2024\/05\/1-9-1.webp\" \/>\n\t<meta property=\"og:image:width\" content=\"1600\" \/>\n\t<meta property=\"og:image:height\" content=\"1600\" \/>\n\t<meta property=\"og:image:type\" content=\"image\/webp\" \/>\n<meta name=\"twitter:card\" content=\"summary_large_image\" \/>\n<meta name=\"twitter:label1\" content=\"Tahmini okuma s\u00fcresi\" \/>\n\t<meta name=\"twitter:data1\" content=\"1 dakika\" \/>\n<script type=\"application\/ld+json\" class=\"yoast-schema-graph\">{\"@context\":\"https:\\\/\\\/schema.org\",\"@graph\":[{\"@type\":[\"WebPage\",\"ItemPage\"],\"@id\":\"https:\\\/\\\/astrologelvan.com\\\/magaza\\\/urun\\\/labradorit-kalp-dogal-tas\\\/\",\"url\":\"https:\\\/\\\/astrologelvan.com\\\/magaza\\\/urun\\\/labradorit-kalp-dogal-tas\\\/\",\"name\":\"LABRADOR\u0130T KALP DO\u011eAL TA\u015e - Astrolog Elvan\",\"isPartOf\":{\"@id\":\"https:\\\/\\\/astrologelvan.com\\\/magaza\\\/#website\"},\"primaryImageOfPage\":{\"@id\":\"https:\\\/\\\/astrologelvan.com\\\/magaza\\\/urun\\\/labradorit-kalp-dogal-tas\\\/#primaryimage\"},\"image\":{\"@id\":\"https:\\\/\\\/astrologelvan.com\\\/magaza\\\/urun\\\/labradorit-kalp-dogal-tas\\\/#primaryimage\"},\"thumbnailUrl\":\"https:\\\/\\\/astrologelvan.com\\\/magaza\\\/wp-content\\\/uploads\\\/2024\\\/05\\\/1-9-1.webp\",\"datePublished\":\"2024-05-06T15:23:36+00:00\",\"dateModified\":\"2025-10-06T05:15:15+00:00\",\"breadcrumb\":{\"@id\":\"https:\\\/\\\/astrologelvan.com\\\/magaza\\\/urun\\\/labradorit-kalp-dogal-tas\\\/#breadcrumb\"},\"inLanguage\":\"tr\",\"potentialAction\":[{\"@type\":\"ReadAction\",\"target\":[\"https:\\\/\\\/astrologelvan.com\\\/magaza\\\/urun\\\/labradorit-kalp-dogal-tas\\\/\"]}]},{\"@type\":\"ImageObject\",\"inLanguage\":\"tr\",\"@id\":\"https:\\\/\\\/astrologelvan.com\\\/magaza\\\/urun\\\/labradorit-kalp-dogal-tas\\\/#primaryimage\",\"url\":\"https:\\\/\\\/astrologelvan.com\\\/magaza\\\/wp-content\\\/uploads\\\/2024\\\/05\\\/1-9-1.webp\",\"contentUrl\":\"https:\\\/\\\/astrologelvan.com\\\/magaza\\\/wp-content\\\/uploads\\\/2024\\\/05\\\/1-9-1.webp\",\"width\":1600,\"height\":1600},{\"@type\":\"BreadcrumbList\",\"@id\":\"https:\\\/\\\/astrologelvan.com\\\/magaza\\\/urun\\\/labradorit-kalp-dogal-tas\\\/#breadcrumb\",\"itemListElement\":[{\"@type\":\"ListItem\",\"position\":1,\"name\":\"Anasayfa\",\"item\":\"https:\\\/\\\/astrologelvan.com\\\/magaza\\\/\"},{\"@type\":\"ListItem\",\"position\":2,\"name\":\"Ma\u011faza\",\"item\":\"https:\\\/\\\/astrologelvan.com\\\/magaza\\\/magaza\\\/\"},{\"@type\":\"ListItem\",\"position\":3,\"name\":\"LABRADOR\u0130T KALP DO\u011eAL TA\u015e\"}]},{\"@type\":\"WebSite\",\"@id\":\"https:\\\/\\\/astrologelvan.com\\\/magaza\\\/#website\",\"url\":\"https:\\\/\\\/astrologelvan.com\\\/magaza\\\/\",\"name\":\"Astrolog Elvan\",\"description\":\"\",\"potentialAction\":[{\"@type\":\"SearchAction\",\"target\":{\"@type\":\"EntryPoint\",\"urlTemplate\":\"https:\\\/\\\/astrologelvan.com\\\/magaza\\\/?s={search_term_string}\"},\"query-input\":{\"@type\":\"PropertyValueSpecification\",\"valueRequired\":true,\"valueName\":\"search_term_string\"}}],\"inLanguage\":\"tr\"}]}<\/script>\n<!-- \/ Yoast SEO plugin. -->","yoast_head_json":{"title":"LABRADOR\u0130T KALP DO\u011eAL TA\u015e - Astrolog Elvan","robots":{"index":"index","follow":"follow","max-snippet":"max-snippet:-1","max-image-preview":"max-image-preview:large","max-video-preview":"max-video-preview:-1"},"canonical":"https:\/\/astrologelvan.com\/magaza\/urun\/labradorit-kalp-dogal-tas\/","og_locale":"tr_TR","og_type":"article","og_title":"LABRADOR\u0130T KALP DO\u011eAL TA\u015e - Astrolog Elvan","og_description":"B\u00fcy\u00fcl\u00fc ve mistik bir ta\u015f\u0131 boynunuzda ta\u015f\u0131maya haz\u0131r m\u0131s\u0131n\u0131z?  Rusya, \u0130skandinavya ve Madagaskar topraklar\u0131ndan \u00e7\u0131kan bu mavi ve ye\u015fil \u0131\u015f\u0131lt\u0131larla dolu do\u011fal ta\u015f, ruhsal koruma i\u00e7in b\u00fcy\u00fck \u00f6nem ta\u015f\u0131r. Her rit\u00fcelinizde, b\u00fct\u00fcn\u00fcn hayr\u0131na olan evrensel enerji ile ba\u011f kurmaya niyet ederek kullanabilirsiniz.  \u0130sminin K\u00f6keni:\u00a0Kanada\u2019daki Labrador b\u00f6lgesi  Labradorit ta\u015f\u0131n\u0131n g\u00fcc\u00fc ve s\u0131rr\u0131:  Auran\u0131z\u0131 dengeler ve korur, sezgilerinizi g\u00fc\u00e7lendirir, psi\u015fik sald\u0131r\u0131lara kar\u015f\u0131 sizi korur.  Kalp ve 3. G\u00f6z \u00e7akras\u0131 \u00fczerinde dengeleyici etkisi vard\u0131r. Zihniniz a\u015f\u0131r\u0131 aktifse ve endi\u015feleriniz varsa sizi sakinle\u015ftirir.","og_url":"https:\/\/astrologelvan.com\/magaza\/urun\/labradorit-kalp-dogal-tas\/","og_site_name":"Astrolog Elvan","article_modified_time":"2025-10-06T05:15:15+00:00","og_image":[{"width":1600,"height":1600,"url":"https:\/\/astrologelvan.com\/magaza\/wp-content\/uploads\/2024\/05\/1-9-1.webp","type":"image\/webp"}],"twitter_card":"summary_large_image","twitter_misc":{"Tahmini okuma s\u00fcresi":"1 dakika"},"schema":{"@context":"https:\/\/schema.org","@graph":[{"@type":["WebPage","ItemPage"],"@id":"https:\/\/astrologelvan.com\/magaza\/urun\/labradorit-kalp-dogal-tas\/","url":"https:\/\/astrologelvan.com\/magaza\/urun\/labradorit-kalp-dogal-tas\/","name":"LABRADOR\u0130T KALP DO\u011eAL TA\u015e - Astrolog Elvan","isPartOf":{"@id":"https:\/\/astrologelvan.com\/magaza\/#website"},"primaryImageOfPage":{"@id":"https:\/\/astrologelvan.com\/magaza\/urun\/labradorit-kalp-dogal-tas\/#primaryimage"},"image":{"@id":"https:\/\/astrologelvan.com\/magaza\/urun\/labradorit-kalp-dogal-tas\/#primaryimage"},"thumbnailUrl":"https:\/\/astrologelvan.com\/magaza\/wp-content\/uploads\/2024\/05\/1-9-1.webp","datePublished":"2024-05-06T15:23:36+00:00","dateModified":"2025-10-06T05:15:15+00:00","breadcrumb":{"@id":"https:\/\/astrologelvan.com\/magaza\/urun\/labradorit-kalp-dogal-tas\/#breadcrumb"},"inLanguage":"tr","potentialAction":[{"@type":"ReadAction","target":["https:\/\/astrologelvan.com\/magaza\/urun\/labradorit-kalp-dogal-tas\/"]}]},{"@type":"ImageObject","inLanguage":"tr","@id":"https:\/\/astrologelvan.com\/magaza\/urun\/labradorit-kalp-dogal-tas\/#primaryimage","url":"https:\/\/astrologelvan.com\/magaza\/wp-content\/uploads\/2024\/05\/1-9-1.webp","contentUrl":"https:\/\/astrologelvan.com\/magaza\/wp-content\/uploads\/2024\/05\/1-9-1.webp","width":1600,"height":1600},{"@type":"BreadcrumbList","@id":"https:\/\/astrologelvan.com\/magaza\/urun\/labradorit-kalp-dogal-tas\/#breadcrumb","itemListElement":[{"@type":"ListItem","position":1,"name":"Anasayfa","item":"https:\/\/astrologelvan.com\/magaza\/"},{"@type":"ListItem","position":2,"name":"Ma\u011faza","item":"https:\/\/astrologelvan.com\/magaza\/magaza\/"},{"@type":"ListItem","position":3,"name":"LABRADOR\u0130T KALP DO\u011eAL TA\u015e"}]},{"@type":"WebSite","@id":"https:\/\/astrologelvan.com\/magaza\/#website","url":"https:\/\/astrologelvan.com\/magaza\/","name":"Astrolog Elvan","description":"","potentialAction":[{"@type":"SearchAction","target":{"@type":"EntryPoint","urlTemplate":"https:\/\/astrologelvan.com\/magaza\/?s={search_term_string}"},"query-input":{"@type":"PropertyValueSpecification","valueRequired":true,"valueName":"search_term_string"}}],"inLanguage":"tr"}]}},"_links":{"self":[{"href":"https:\/\/astrologelvan.com\/magaza\/wp-json\/wp\/v2\/product\/8879","targetHints":{"allow":["GET"]}}],"collection":[{"href":"https:\/\/astrologelvan.com\/magaza\/wp-json\/wp\/v2\/product"}],"about":[{"href":"https:\/\/astrologelvan.com\/magaza\/wp-json\/wp\/v2\/types\/product"}],"replies":[{"embeddable":true,"href":"https:\/\/astrologelvan.com\/magaza\/wp-json\/wp\/v2\/comments?post=8879"}],"wp:featuredmedia":[{"embeddable":true,"href":"https:\/\/astrologelvan.com\/magaza\/wp-json\/wp\/v2\/media\/32944"}],"wp:attachment":[{"href":"https:\/\/astrologelvan.com\/magaza\/wp-json\/wp\/v2\/media?parent=8879"}],"wp:term":[{"taxonomy":"product_brand","embeddable":true,"href":"https:\/\/astrologelvan.com\/magaza\/wp-json\/wp\/v2\/product_brand?post=8879"},{"taxonomy":"product_cat","embeddable":true,"href":"https:\/\/astrologelvan.com\/magaza\/wp-json\/wp\/v2\/product_cat?post=8879"},{"taxonomy":"product_tag","embeddable":true,"href":"https:\/\/astrologelvan.com\/magaza\/wp-json\/wp\/v2\/product_tag?post=8879"}],"curies":[{"name":"wp","href":"https:\/\/api.w.org\/{rel}","templated":true}]}}