{"id":881,"date":"2024-02-28T02:58:36","date_gmt":"2024-02-27T23:58:36","guid":{"rendered":"https:\/\/astrologelvan.shop\/?post_type=product&#038;p=881"},"modified":"2025-10-06T08:15:03","modified_gmt":"2025-10-06T05:15:03","slug":"akuamarin-dogal-tas-kolye","status":"publish","type":"product","link":"https:\/\/astrologelvan.com\/magaza\/urun\/akuamarin-dogal-tas-kolye\/","title":{"rendered":"AKUAMAR\u0130N DO\u011eAL TA\u015e KOLYE"},"content":{"rendered":"<p>&nbsp;<\/p>\n<p><span style=\"font-weight: 400\"><strong>Ta\u015f\u0131n A\u011f\u0131rl\u0131\u011f\u0131:<\/strong> 11-16 gr<\/span><\/p>\n<p><span style=\"font-weight: 400\"><strong>Ta\u015f\u0131n boyutu:<\/strong> 22 &#8211; 26 MM<\/span><b><br \/>\n<\/b><\/p>\n<p><span style=\"font-weight: 400\"><strong>Zincir Boyu:<\/strong>\u00a0Zincir 45 + 15<\/span><\/p>\n<p><strong>925 ayar g\u00fcm\u00fc\u015f zincir<\/strong><\/p>\n<p>Do\u011fal ta\u015f kolyelerimizin tasar\u0131mlar\u0131nda do\u011frudan cilde temas etmesini sa\u011fl\u0131yoruz. B\u00f6ylece do\u011fal ta\u015f kolyenizi takt\u0131k\u00e7a v\u00fccudunuzun titre\u015fimlerine ba\u011flan\u0131r ve size denge ve uyum getirir.<\/p>\n<p><strong>Tak\u0131lar\u0131n\u0131z\u0131n uzun s\u00fcre kullanabilmesi i\u00e7in; Parf\u00fcm, su, s\u0131v\u0131, dezenfektan, krem v.b. gibi maddelerle temas etmemesi, du\u015f-banyo s\u0131ras\u0131nda \u00e7\u0131kart\u0131lmas\u0131 gerekmektedir. Ki\u015finin ter-ten yap\u0131s\u0131na g\u00f6re de etkilenmektedir. Tak\u0131lar\u0131n\u0131z\u0131 kullanmad\u0131\u011f\u0131n\u0131z zamanlarda kesesinde saklaman\u0131z\u0131 \u00f6neririz.<\/strong><\/p>\n<p><strong>Do\u011fal ta\u015flar\u0131n belirli titre\u015fimlere ve frekanslara sahip oldu\u011fu bilinmektedir. Bu nedenle v\u00fccudumuzda ve auram\u0131zda birtak\u0131m iyi etkileri oldu\u011fu s\u00f6ylenmektedir. Ta\u015flar\u0131n \u00f6zelliklerinin bilimsel kesinli\u011fi yoktur. Astrologelvan ma\u011fazas\u0131ndaki t\u00fcm ta\u015flar orijinal, ger\u00e7ek do\u011fal ta\u015flard\u0131r. T\u0131bbi konularda doktora dan\u0131\u015fman\u0131z\u0131 tavsiye ederiz. Ta\u015flar\u0131n tedavi edici \u00f6zelli\u011fi yoktur, sadece ki\u015fisel enerjimizi y\u00fckseltmekte ve astrolojik olarak da temsil etti\u011fi gezegenlerin etkilerini artt\u0131rmakta oldu\u011fu kabul edilir. \u00d6rne\u011fin; pembe kuvars ta\u015f\u0131 a\u015fk ve sevgi gezegeni Ven\u00fcs\u2019\u00fcn ta\u015f\u0131d\u0131r ve bu sebeple \u00fczerinde ta\u015f\u0131yan ki\u015finin a\u015fk ve sevgi frekans\u0131n\u0131 y\u00fckseltti\u011fi bilinir.<\/strong><\/p>\n","protected":false},"excerpt":{"rendered":"<h4><strong>Cesaret Ta\u015f\u0131<\/strong><\/h4>\n<div>\n<p>Evlilik ve korunma ta\u015f\u0131 olarak bilinen ve en de\u011ferli ta\u015flar kategorisinde yer alan Akuamarin Ta\u015f\u0131; Ge\u00e7mi\u015f zamanlarda denizcilerin gemi kazalar\u0131ndan korumak ayn\u0131 zamanda f\u0131rt\u0131nal\u0131 vakitlerde tanr\u0131lar\u0131 sakinle\u015ftirmek i\u00e7in suya Akuamarin ta\u015f\u0131n\u0131 b\u0131rakmalar\u0131yla bilinir. 19. Y\u00fczy\u0131lda sava\u015fa gidecek askerlerin onlar\u0131 korudu\u011funa inand\u0131klar\u0131 i\u00e7in akuamarin ta\u015f\u0131d\u0131klar\u0131 rivayet edilir. Evlilik \u00fczerine de etkisi olan Akuamarin, Hint astrolojisine g\u00f6re; bir evlilikte kendine g\u00fcveni, liderli\u011fi, sa\u011fl\u0131\u011f\u0131 ve istikrar\u0131 te\u015fvik etmek i\u00e7in kullan\u0131l\u0131rd\u0131. Akuamarin ta\u015f\u0131, gezegenimizde ya\u015fam\u0131n kayna\u011f\u0131 olan su ile ili\u015fkilendirilmekle beraber sakinli\u011fi ve dinginli\u011fi de beraberinde getirmektedir. Cesaret, sadakat ve dostlukla ili\u015fkilendirildi\u011fi gibi dedikodunun olumsuz etkilerinden korudu\u011fu, bilgeli\u011fi ve mutlulu\u011fu art\u0131rd\u0131\u011f\u0131 da g\u00f6r\u00fclm\u00fc\u015ft\u00fcr.<\/p>\n<p>Uyar\u0131: Akuamarin ta\u015f\u0131 \u00f6zellikle pahal\u0131 ve de\u011ferli bir ta\u015f oldu\u011fundan piyasadaki &#8220;ucuz&#8221; Akuamarin ta\u015flar\u0131n\u0131 almay\u0131n \u00e7\u00fcnk\u00fc onlar sahtedir.<\/p>\n<\/div>\n","protected":false},"featured_media":942,"comment_status":"open","ping_status":"closed","template":"","meta":[],"product_brand":[],"product_cat":[462,255,48],"product_tag":[],"class_list":{"0":"post-881","1":"product","2":"type-product","3":"status-publish","4":"has-post-thumbnail","6":"product_cat-akuamarin-tasi","7":"product_cat-gumus-kolye","8":"product_cat-kolyeler","10":"first","11":"outofstock","12":"taxable","13":"shipping-taxable","14":"purchasable","15":"product-type-simple"},"yoast_head":"<!-- This site is optimized with the Yoast SEO plugin v27.3 - https:\/\/yoast.com\/product\/yoast-seo-wordpress\/ -->\n<title>AKUAMAR\u0130N DO\u011eAL TA\u015e KOLYE - Astrolog Elvan<\/title>\n<meta name=\"robots\" content=\"index, follow, max-snippet:-1, max-image-preview:large, max-video-preview:-1\" \/>\n<link rel=\"canonical\" href=\"https:\/\/astrologelvan.com\/magaza\/urun\/akuamarin-dogal-tas-kolye\/\" \/>\n<meta property=\"og:locale\" content=\"tr_TR\" \/>\n<meta property=\"og:type\" content=\"article\" \/>\n<meta property=\"og:title\" content=\"AKUAMAR\u0130N DO\u011eAL TA\u015e KOLYE - Astrolog Elvan\" \/>\n<meta property=\"og:description\" content=\"Cesaret Ta\u015f\u0131   Evlilik ve korunma ta\u015f\u0131 olarak bilinen ve en de\u011ferli ta\u015flar kategorisinde yer alan Akuamarin Ta\u015f\u0131; Ge\u00e7mi\u015f zamanlarda denizcilerin gemi kazalar\u0131ndan korumak ayn\u0131 zamanda f\u0131rt\u0131nal\u0131 vakitlerde tanr\u0131lar\u0131 sakinle\u015ftirmek i\u00e7in suya Akuamarin ta\u015f\u0131n\u0131 b\u0131rakmalar\u0131yla bilinir. 19. Y\u00fczy\u0131lda sava\u015fa gidecek askerlerin onlar\u0131 korudu\u011funa inand\u0131klar\u0131 i\u00e7in akuamarin ta\u015f\u0131d\u0131klar\u0131 rivayet edilir. Evlilik \u00fczerine de etkisi olan Akuamarin, Hint astrolojisine g\u00f6re; bir evlilikte kendine g\u00fcveni, liderli\u011fi, sa\u011fl\u0131\u011f\u0131 ve istikrar\u0131 te\u015fvik etmek i\u00e7in kullan\u0131l\u0131rd\u0131. Akuamarin ta\u015f\u0131, gezegenimizde ya\u015fam\u0131n kayna\u011f\u0131 olan su ile ili\u015fkilendirilmekle beraber sakinli\u011fi ve dinginli\u011fi de beraberinde getirmektedir. Cesaret, sadakat ve dostlukla ili\u015fkilendirildi\u011fi gibi dedikodunun olumsuz etkilerinden korudu\u011fu, bilgeli\u011fi ve mutlulu\u011fu art\u0131rd\u0131\u011f\u0131 da g\u00f6r\u00fclm\u00fc\u015ft\u00fcr.  Uyar\u0131: Akuamarin ta\u015f\u0131 \u00f6zellikle pahal\u0131 ve de\u011ferli bir ta\u015f oldu\u011fundan piyasadaki &quot;ucuz&quot; Akuamarin ta\u015flar\u0131n\u0131 almay\u0131n \u00e7\u00fcnk\u00fc onlar sahtedir.\" \/>\n<meta property=\"og:url\" content=\"https:\/\/astrologelvan.com\/magaza\/urun\/akuamarin-dogal-tas-kolye\/\" \/>\n<meta property=\"og:site_name\" content=\"Astrolog Elvan\" \/>\n<meta property=\"article:modified_time\" content=\"2025-10-06T05:15:03+00:00\" \/>\n<meta property=\"og:image\" content=\"https:\/\/astrologelvan.com\/magaza\/wp-content\/uploads\/2024\/02\/Akuamarin-Dogal-Tas-Kolye.jpg\" \/>\n\t<meta property=\"og:image:width\" content=\"1080\" \/>\n\t<meta property=\"og:image:height\" content=\"1080\" \/>\n\t<meta property=\"og:image:type\" content=\"image\/jpeg\" \/>\n<meta name=\"twitter:card\" content=\"summary_large_image\" \/>\n<meta name=\"twitter:label1\" content=\"Tahmini okuma s\u00fcresi\" \/>\n\t<meta name=\"twitter:data1\" content=\"1 dakika\" \/>\n<script type=\"application\/ld+json\" class=\"yoast-schema-graph\">{\"@context\":\"https:\\\/\\\/schema.org\",\"@graph\":[{\"@type\":[\"WebPage\",\"ItemPage\"],\"@id\":\"https:\\\/\\\/astrologelvan.com\\\/magaza\\\/urun\\\/akuamarin-dogal-tas-kolye\\\/\",\"url\":\"https:\\\/\\\/astrologelvan.com\\\/magaza\\\/urun\\\/akuamarin-dogal-tas-kolye\\\/\",\"name\":\"AKUAMAR\u0130N DO\u011eAL TA\u015e KOLYE - Astrolog Elvan\",\"isPartOf\":{\"@id\":\"https:\\\/\\\/astrologelvan.com\\\/magaza\\\/#website\"},\"primaryImageOfPage\":{\"@id\":\"https:\\\/\\\/astrologelvan.com\\\/magaza\\\/urun\\\/akuamarin-dogal-tas-kolye\\\/#primaryimage\"},\"image\":{\"@id\":\"https:\\\/\\\/astrologelvan.com\\\/magaza\\\/urun\\\/akuamarin-dogal-tas-kolye\\\/#primaryimage\"},\"thumbnailUrl\":\"https:\\\/\\\/astrologelvan.com\\\/magaza\\\/wp-content\\\/uploads\\\/2024\\\/02\\\/Akuamarin-Dogal-Tas-Kolye.jpg\",\"datePublished\":\"2024-02-27T23:58:36+00:00\",\"dateModified\":\"2025-10-06T05:15:03+00:00\",\"breadcrumb\":{\"@id\":\"https:\\\/\\\/astrologelvan.com\\\/magaza\\\/urun\\\/akuamarin-dogal-tas-kolye\\\/#breadcrumb\"},\"inLanguage\":\"tr\",\"potentialAction\":[{\"@type\":\"ReadAction\",\"target\":[\"https:\\\/\\\/astrologelvan.com\\\/magaza\\\/urun\\\/akuamarin-dogal-tas-kolye\\\/\"]}]},{\"@type\":\"ImageObject\",\"inLanguage\":\"tr\",\"@id\":\"https:\\\/\\\/astrologelvan.com\\\/magaza\\\/urun\\\/akuamarin-dogal-tas-kolye\\\/#primaryimage\",\"url\":\"https:\\\/\\\/astrologelvan.com\\\/magaza\\\/wp-content\\\/uploads\\\/2024\\\/02\\\/Akuamarin-Dogal-Tas-Kolye.jpg\",\"contentUrl\":\"https:\\\/\\\/astrologelvan.com\\\/magaza\\\/wp-content\\\/uploads\\\/2024\\\/02\\\/Akuamarin-Dogal-Tas-Kolye.jpg\",\"width\":1080,\"height\":1080},{\"@type\":\"BreadcrumbList\",\"@id\":\"https:\\\/\\\/astrologelvan.com\\\/magaza\\\/urun\\\/akuamarin-dogal-tas-kolye\\\/#breadcrumb\",\"itemListElement\":[{\"@type\":\"ListItem\",\"position\":1,\"name\":\"Anasayfa\",\"item\":\"https:\\\/\\\/astrologelvan.com\\\/magaza\\\/\"},{\"@type\":\"ListItem\",\"position\":2,\"name\":\"Ma\u011faza\",\"item\":\"https:\\\/\\\/astrologelvan.com\\\/magaza\\\/magaza\\\/\"},{\"@type\":\"ListItem\",\"position\":3,\"name\":\"AKUAMAR\u0130N DO\u011eAL TA\u015e KOLYE\"}]},{\"@type\":\"WebSite\",\"@id\":\"https:\\\/\\\/astrologelvan.com\\\/magaza\\\/#website\",\"url\":\"https:\\\/\\\/astrologelvan.com\\\/magaza\\\/\",\"name\":\"Astrolog Elvan\",\"description\":\"\",\"potentialAction\":[{\"@type\":\"SearchAction\",\"target\":{\"@type\":\"EntryPoint\",\"urlTemplate\":\"https:\\\/\\\/astrologelvan.com\\\/magaza\\\/?s={search_term_string}\"},\"query-input\":{\"@type\":\"PropertyValueSpecification\",\"valueRequired\":true,\"valueName\":\"search_term_string\"}}],\"inLanguage\":\"tr\"}]}<\/script>\n<!-- \/ Yoast SEO plugin. -->","yoast_head_json":{"title":"AKUAMAR\u0130N DO\u011eAL TA\u015e KOLYE - Astrolog Elvan","robots":{"index":"index","follow":"follow","max-snippet":"max-snippet:-1","max-image-preview":"max-image-preview:large","max-video-preview":"max-video-preview:-1"},"canonical":"https:\/\/astrologelvan.com\/magaza\/urun\/akuamarin-dogal-tas-kolye\/","og_locale":"tr_TR","og_type":"article","og_title":"AKUAMAR\u0130N DO\u011eAL TA\u015e KOLYE - Astrolog Elvan","og_description":"Cesaret Ta\u015f\u0131   Evlilik ve korunma ta\u015f\u0131 olarak bilinen ve en de\u011ferli ta\u015flar kategorisinde yer alan Akuamarin Ta\u015f\u0131; Ge\u00e7mi\u015f zamanlarda denizcilerin gemi kazalar\u0131ndan korumak ayn\u0131 zamanda f\u0131rt\u0131nal\u0131 vakitlerde tanr\u0131lar\u0131 sakinle\u015ftirmek i\u00e7in suya Akuamarin ta\u015f\u0131n\u0131 b\u0131rakmalar\u0131yla bilinir. 19. Y\u00fczy\u0131lda sava\u015fa gidecek askerlerin onlar\u0131 korudu\u011funa inand\u0131klar\u0131 i\u00e7in akuamarin ta\u015f\u0131d\u0131klar\u0131 rivayet edilir. Evlilik \u00fczerine de etkisi olan Akuamarin, Hint astrolojisine g\u00f6re; bir evlilikte kendine g\u00fcveni, liderli\u011fi, sa\u011fl\u0131\u011f\u0131 ve istikrar\u0131 te\u015fvik etmek i\u00e7in kullan\u0131l\u0131rd\u0131. Akuamarin ta\u015f\u0131, gezegenimizde ya\u015fam\u0131n kayna\u011f\u0131 olan su ile ili\u015fkilendirilmekle beraber sakinli\u011fi ve dinginli\u011fi de beraberinde getirmektedir. Cesaret, sadakat ve dostlukla ili\u015fkilendirildi\u011fi gibi dedikodunun olumsuz etkilerinden korudu\u011fu, bilgeli\u011fi ve mutlulu\u011fu art\u0131rd\u0131\u011f\u0131 da g\u00f6r\u00fclm\u00fc\u015ft\u00fcr.  Uyar\u0131: Akuamarin ta\u015f\u0131 \u00f6zellikle pahal\u0131 ve de\u011ferli bir ta\u015f oldu\u011fundan piyasadaki \"ucuz\" Akuamarin ta\u015flar\u0131n\u0131 almay\u0131n \u00e7\u00fcnk\u00fc onlar sahtedir.","og_url":"https:\/\/astrologelvan.com\/magaza\/urun\/akuamarin-dogal-tas-kolye\/","og_site_name":"Astrolog Elvan","article_modified_time":"2025-10-06T05:15:03+00:00","og_image":[{"width":1080,"height":1080,"url":"https:\/\/astrologelvan.com\/magaza\/wp-content\/uploads\/2024\/02\/Akuamarin-Dogal-Tas-Kolye.jpg","type":"image\/jpeg"}],"twitter_card":"summary_large_image","twitter_misc":{"Tahmini okuma s\u00fcresi":"1 dakika"},"schema":{"@context":"https:\/\/schema.org","@graph":[{"@type":["WebPage","ItemPage"],"@id":"https:\/\/astrologelvan.com\/magaza\/urun\/akuamarin-dogal-tas-kolye\/","url":"https:\/\/astrologelvan.com\/magaza\/urun\/akuamarin-dogal-tas-kolye\/","name":"AKUAMAR\u0130N DO\u011eAL TA\u015e KOLYE - Astrolog Elvan","isPartOf":{"@id":"https:\/\/astrologelvan.com\/magaza\/#website"},"primaryImageOfPage":{"@id":"https:\/\/astrologelvan.com\/magaza\/urun\/akuamarin-dogal-tas-kolye\/#primaryimage"},"image":{"@id":"https:\/\/astrologelvan.com\/magaza\/urun\/akuamarin-dogal-tas-kolye\/#primaryimage"},"thumbnailUrl":"https:\/\/astrologelvan.com\/magaza\/wp-content\/uploads\/2024\/02\/Akuamarin-Dogal-Tas-Kolye.jpg","datePublished":"2024-02-27T23:58:36+00:00","dateModified":"2025-10-06T05:15:03+00:00","breadcrumb":{"@id":"https:\/\/astrologelvan.com\/magaza\/urun\/akuamarin-dogal-tas-kolye\/#breadcrumb"},"inLanguage":"tr","potentialAction":[{"@type":"ReadAction","target":["https:\/\/astrologelvan.com\/magaza\/urun\/akuamarin-dogal-tas-kolye\/"]}]},{"@type":"ImageObject","inLanguage":"tr","@id":"https:\/\/astrologelvan.com\/magaza\/urun\/akuamarin-dogal-tas-kolye\/#primaryimage","url":"https:\/\/astrologelvan.com\/magaza\/wp-content\/uploads\/2024\/02\/Akuamarin-Dogal-Tas-Kolye.jpg","contentUrl":"https:\/\/astrologelvan.com\/magaza\/wp-content\/uploads\/2024\/02\/Akuamarin-Dogal-Tas-Kolye.jpg","width":1080,"height":1080},{"@type":"BreadcrumbList","@id":"https:\/\/astrologelvan.com\/magaza\/urun\/akuamarin-dogal-tas-kolye\/#breadcrumb","itemListElement":[{"@type":"ListItem","position":1,"name":"Anasayfa","item":"https:\/\/astrologelvan.com\/magaza\/"},{"@type":"ListItem","position":2,"name":"Ma\u011faza","item":"https:\/\/astrologelvan.com\/magaza\/magaza\/"},{"@type":"ListItem","position":3,"name":"AKUAMAR\u0130N DO\u011eAL TA\u015e KOLYE"}]},{"@type":"WebSite","@id":"https:\/\/astrologelvan.com\/magaza\/#website","url":"https:\/\/astrologelvan.com\/magaza\/","name":"Astrolog Elvan","description":"","potentialAction":[{"@type":"SearchAction","target":{"@type":"EntryPoint","urlTemplate":"https:\/\/astrologelvan.com\/magaza\/?s={search_term_string}"},"query-input":{"@type":"PropertyValueSpecification","valueRequired":true,"valueName":"search_term_string"}}],"inLanguage":"tr"}]}},"_links":{"self":[{"href":"https:\/\/astrologelvan.com\/magaza\/wp-json\/wp\/v2\/product\/881","targetHints":{"allow":["GET"]}}],"collection":[{"href":"https:\/\/astrologelvan.com\/magaza\/wp-json\/wp\/v2\/product"}],"about":[{"href":"https:\/\/astrologelvan.com\/magaza\/wp-json\/wp\/v2\/types\/product"}],"replies":[{"embeddable":true,"href":"https:\/\/astrologelvan.com\/magaza\/wp-json\/wp\/v2\/comments?post=881"}],"wp:featuredmedia":[{"embeddable":true,"href":"https:\/\/astrologelvan.com\/magaza\/wp-json\/wp\/v2\/media\/942"}],"wp:attachment":[{"href":"https:\/\/astrologelvan.com\/magaza\/wp-json\/wp\/v2\/media?parent=881"}],"wp:term":[{"taxonomy":"product_brand","embeddable":true,"href":"https:\/\/astrologelvan.com\/magaza\/wp-json\/wp\/v2\/product_brand?post=881"},{"taxonomy":"product_cat","embeddable":true,"href":"https:\/\/astrologelvan.com\/magaza\/wp-json\/wp\/v2\/product_cat?post=881"},{"taxonomy":"product_tag","embeddable":true,"href":"https:\/\/astrologelvan.com\/magaza\/wp-json\/wp\/v2\/product_tag?post=881"}],"curies":[{"name":"wp","href":"https:\/\/api.w.org\/{rel}","templated":true}]}}