{"id":88038,"date":"2025-07-17T17:55:39","date_gmt":"2025-07-17T14:55:39","guid":{"rendered":"https:\/\/astrologelvan.com\/magaza\/?post_type=product&#038;p=88038"},"modified":"2026-04-02T21:45:59","modified_gmt":"2026-04-02T18:45:59","slug":"karnelyan-bileklik-cekicilik","status":"publish","type":"product","link":"https:\/\/astrologelvan.com\/magaza\/urun\/karnelyan-bileklik-cekicilik\/","title":{"rendered":"Karnelyan Bileklik \u2666\ufe0f(\u00c7ekicilik)"},"content":{"rendered":"","protected":false},"excerpt":{"rendered":"<p>Bu ta\u015f, \u00e7ekicilik ve tutkunun ta\u015f\u0131d\u0131r. Takan ki\u015fiye, ya\u015fam enerjisi, \u00e7ekicilik, parlama, a\u015fk ve tutku verir. Partnerler aras\u0131ndaki cinsel \u00e7ekimi artt\u0131r\u0131r. Sakral \u00c7akra ile ba\u011flant\u0131l\u0131 oldu\u011fundan cinsel enerjiyi canland\u0131r\u0131r. Hadi, karnelyan\u0131 tak ve i\u00e7indeki tutkunun ate\u015fi yeniden yans\u0131n!<\/p>\n","protected":false},"featured_media":88039,"comment_status":"open","ping_status":"closed","template":"","meta":[],"product_brand":[596],"product_cat":[258,52,9609,3092],"product_tag":[263,7300],"class_list":{"0":"post-88038","1":"product","2":"type-product","3":"status-publish","4":"has-post-thumbnail","6":"product_brand-astrolog-elvan","7":"product_cat-bileklik","8":"product_cat-dogal-taslar","9":"product_cat-karnelyan","10":"product_cat--dogal-tas-bileklik","11":"product_tag-bileklik","12":"product_tag-karnelyan","14":"first","15":"outofstock","16":"sale","17":"taxable","18":"shipping-taxable","19":"purchasable","20":"product-type-simple"},"yoast_head":"<!-- This site is optimized with the Yoast SEO plugin v27.3 - https:\/\/yoast.com\/product\/yoast-seo-wordpress\/ -->\n<title>Karnelyan Bileklik \u2666\ufe0f(\u00c7ekicilik) - Astrolog Elvan<\/title>\n<meta name=\"robots\" content=\"index, follow, max-snippet:-1, max-image-preview:large, max-video-preview:-1\" \/>\n<link rel=\"canonical\" href=\"https:\/\/astrologelvan.com\/magaza\/urun\/karnelyan-bileklik-cekicilik\/\" \/>\n<meta property=\"og:locale\" content=\"tr_TR\" \/>\n<meta property=\"og:type\" content=\"article\" \/>\n<meta property=\"og:title\" content=\"Karnelyan Bileklik \u2666\ufe0f(\u00c7ekicilik) - Astrolog Elvan\" \/>\n<meta property=\"og:description\" content=\"Bu ta\u015f, \u00e7ekicilik ve tutkunun ta\u015f\u0131d\u0131r. Takan ki\u015fiye, ya\u015fam enerjisi, \u00e7ekicilik, parlama, a\u015fk ve tutku verir. Partnerler aras\u0131ndaki cinsel \u00e7ekimi artt\u0131r\u0131r. Sakral \u00c7akra ile ba\u011flant\u0131l\u0131 oldu\u011fundan cinsel enerjiyi canland\u0131r\u0131r. Hadi, karnelyan\u0131 tak ve i\u00e7indeki tutkunun ate\u015fi yeniden yans\u0131n!\" \/>\n<meta property=\"og:url\" content=\"https:\/\/astrologelvan.com\/magaza\/urun\/karnelyan-bileklik-cekicilik\/\" \/>\n<meta property=\"og:site_name\" content=\"Astrolog Elvan\" \/>\n<meta property=\"article:modified_time\" content=\"2026-04-02T18:45:59+00:00\" \/>\n<meta property=\"og:image\" content=\"https:\/\/astrologelvan.com\/magaza\/wp-content\/uploads\/2025\/07\/img_3845-1-scaled.jpeg\" \/>\n\t<meta property=\"og:image:width\" content=\"1920\" \/>\n\t<meta property=\"og:image:height\" content=\"2560\" \/>\n\t<meta property=\"og:image:type\" content=\"image\/jpeg\" \/>\n<meta name=\"twitter:card\" content=\"summary_large_image\" \/>\n<meta name=\"twitter:label1\" content=\"Tahmini okuma s\u00fcresi\" \/>\n\t<meta name=\"twitter:data1\" content=\"1 dakika\" \/>\n<script type=\"application\/ld+json\" class=\"yoast-schema-graph\">{\"@context\":\"https:\\\/\\\/schema.org\",\"@graph\":[{\"@type\":[\"WebPage\",\"ItemPage\"],\"@id\":\"https:\\\/\\\/astrologelvan.com\\\/magaza\\\/urun\\\/karnelyan-bileklik-cekicilik\\\/\",\"url\":\"https:\\\/\\\/astrologelvan.com\\\/magaza\\\/urun\\\/karnelyan-bileklik-cekicilik\\\/\",\"name\":\"Karnelyan Bileklik \u2666\ufe0f(\u00c7ekicilik) - Astrolog Elvan\",\"isPartOf\":{\"@id\":\"https:\\\/\\\/astrologelvan.com\\\/magaza\\\/#website\"},\"primaryImageOfPage\":{\"@id\":\"https:\\\/\\\/astrologelvan.com\\\/magaza\\\/urun\\\/karnelyan-bileklik-cekicilik\\\/#primaryimage\"},\"image\":{\"@id\":\"https:\\\/\\\/astrologelvan.com\\\/magaza\\\/urun\\\/karnelyan-bileklik-cekicilik\\\/#primaryimage\"},\"thumbnailUrl\":\"https:\\\/\\\/astrologelvan.com\\\/magaza\\\/wp-content\\\/uploads\\\/2025\\\/07\\\/img_3845-1-scaled.jpeg\",\"datePublished\":\"2025-07-17T14:55:39+00:00\",\"dateModified\":\"2026-04-02T18:45:59+00:00\",\"breadcrumb\":{\"@id\":\"https:\\\/\\\/astrologelvan.com\\\/magaza\\\/urun\\\/karnelyan-bileklik-cekicilik\\\/#breadcrumb\"},\"inLanguage\":\"tr\",\"potentialAction\":[{\"@type\":\"ReadAction\",\"target\":[\"https:\\\/\\\/astrologelvan.com\\\/magaza\\\/urun\\\/karnelyan-bileklik-cekicilik\\\/\"]}]},{\"@type\":\"ImageObject\",\"inLanguage\":\"tr\",\"@id\":\"https:\\\/\\\/astrologelvan.com\\\/magaza\\\/urun\\\/karnelyan-bileklik-cekicilik\\\/#primaryimage\",\"url\":\"https:\\\/\\\/astrologelvan.com\\\/magaza\\\/wp-content\\\/uploads\\\/2025\\\/07\\\/img_3845-1-scaled.jpeg\",\"contentUrl\":\"https:\\\/\\\/astrologelvan.com\\\/magaza\\\/wp-content\\\/uploads\\\/2025\\\/07\\\/img_3845-1-scaled.jpeg\",\"width\":1920,\"height\":2560},{\"@type\":\"BreadcrumbList\",\"@id\":\"https:\\\/\\\/astrologelvan.com\\\/magaza\\\/urun\\\/karnelyan-bileklik-cekicilik\\\/#breadcrumb\",\"itemListElement\":[{\"@type\":\"ListItem\",\"position\":1,\"name\":\"Anasayfa\",\"item\":\"https:\\\/\\\/astrologelvan.com\\\/magaza\\\/\"},{\"@type\":\"ListItem\",\"position\":2,\"name\":\"Ma\u011faza\",\"item\":\"https:\\\/\\\/astrologelvan.com\\\/magaza\\\/magaza\\\/\"},{\"@type\":\"ListItem\",\"position\":3,\"name\":\"Karnelyan Bileklik \u2666\ufe0f(\u00c7ekicilik)\"}]},{\"@type\":\"WebSite\",\"@id\":\"https:\\\/\\\/astrologelvan.com\\\/magaza\\\/#website\",\"url\":\"https:\\\/\\\/astrologelvan.com\\\/magaza\\\/\",\"name\":\"Astrolog Elvan\",\"description\":\"\",\"potentialAction\":[{\"@type\":\"SearchAction\",\"target\":{\"@type\":\"EntryPoint\",\"urlTemplate\":\"https:\\\/\\\/astrologelvan.com\\\/magaza\\\/?s={search_term_string}\"},\"query-input\":{\"@type\":\"PropertyValueSpecification\",\"valueRequired\":true,\"valueName\":\"search_term_string\"}}],\"inLanguage\":\"tr\"}]}<\/script>\n<!-- \/ Yoast SEO plugin. -->","yoast_head_json":{"title":"Karnelyan Bileklik \u2666\ufe0f(\u00c7ekicilik) - Astrolog Elvan","robots":{"index":"index","follow":"follow","max-snippet":"max-snippet:-1","max-image-preview":"max-image-preview:large","max-video-preview":"max-video-preview:-1"},"canonical":"https:\/\/astrologelvan.com\/magaza\/urun\/karnelyan-bileklik-cekicilik\/","og_locale":"tr_TR","og_type":"article","og_title":"Karnelyan Bileklik \u2666\ufe0f(\u00c7ekicilik) - Astrolog Elvan","og_description":"Bu ta\u015f, \u00e7ekicilik ve tutkunun ta\u015f\u0131d\u0131r. Takan ki\u015fiye, ya\u015fam enerjisi, \u00e7ekicilik, parlama, a\u015fk ve tutku verir. Partnerler aras\u0131ndaki cinsel \u00e7ekimi artt\u0131r\u0131r. Sakral \u00c7akra ile ba\u011flant\u0131l\u0131 oldu\u011fundan cinsel enerjiyi canland\u0131r\u0131r. Hadi, karnelyan\u0131 tak ve i\u00e7indeki tutkunun ate\u015fi yeniden yans\u0131n!","og_url":"https:\/\/astrologelvan.com\/magaza\/urun\/karnelyan-bileklik-cekicilik\/","og_site_name":"Astrolog Elvan","article_modified_time":"2026-04-02T18:45:59+00:00","og_image":[{"width":1920,"height":2560,"url":"https:\/\/astrologelvan.com\/magaza\/wp-content\/uploads\/2025\/07\/img_3845-1-scaled.jpeg","type":"image\/jpeg"}],"twitter_card":"summary_large_image","twitter_misc":{"Tahmini okuma s\u00fcresi":"1 dakika"},"schema":{"@context":"https:\/\/schema.org","@graph":[{"@type":["WebPage","ItemPage"],"@id":"https:\/\/astrologelvan.com\/magaza\/urun\/karnelyan-bileklik-cekicilik\/","url":"https:\/\/astrologelvan.com\/magaza\/urun\/karnelyan-bileklik-cekicilik\/","name":"Karnelyan Bileklik \u2666\ufe0f(\u00c7ekicilik) - Astrolog Elvan","isPartOf":{"@id":"https:\/\/astrologelvan.com\/magaza\/#website"},"primaryImageOfPage":{"@id":"https:\/\/astrologelvan.com\/magaza\/urun\/karnelyan-bileklik-cekicilik\/#primaryimage"},"image":{"@id":"https:\/\/astrologelvan.com\/magaza\/urun\/karnelyan-bileklik-cekicilik\/#primaryimage"},"thumbnailUrl":"https:\/\/astrologelvan.com\/magaza\/wp-content\/uploads\/2025\/07\/img_3845-1-scaled.jpeg","datePublished":"2025-07-17T14:55:39+00:00","dateModified":"2026-04-02T18:45:59+00:00","breadcrumb":{"@id":"https:\/\/astrologelvan.com\/magaza\/urun\/karnelyan-bileklik-cekicilik\/#breadcrumb"},"inLanguage":"tr","potentialAction":[{"@type":"ReadAction","target":["https:\/\/astrologelvan.com\/magaza\/urun\/karnelyan-bileklik-cekicilik\/"]}]},{"@type":"ImageObject","inLanguage":"tr","@id":"https:\/\/astrologelvan.com\/magaza\/urun\/karnelyan-bileklik-cekicilik\/#primaryimage","url":"https:\/\/astrologelvan.com\/magaza\/wp-content\/uploads\/2025\/07\/img_3845-1-scaled.jpeg","contentUrl":"https:\/\/astrologelvan.com\/magaza\/wp-content\/uploads\/2025\/07\/img_3845-1-scaled.jpeg","width":1920,"height":2560},{"@type":"BreadcrumbList","@id":"https:\/\/astrologelvan.com\/magaza\/urun\/karnelyan-bileklik-cekicilik\/#breadcrumb","itemListElement":[{"@type":"ListItem","position":1,"name":"Anasayfa","item":"https:\/\/astrologelvan.com\/magaza\/"},{"@type":"ListItem","position":2,"name":"Ma\u011faza","item":"https:\/\/astrologelvan.com\/magaza\/magaza\/"},{"@type":"ListItem","position":3,"name":"Karnelyan Bileklik \u2666\ufe0f(\u00c7ekicilik)"}]},{"@type":"WebSite","@id":"https:\/\/astrologelvan.com\/magaza\/#website","url":"https:\/\/astrologelvan.com\/magaza\/","name":"Astrolog Elvan","description":"","potentialAction":[{"@type":"SearchAction","target":{"@type":"EntryPoint","urlTemplate":"https:\/\/astrologelvan.com\/magaza\/?s={search_term_string}"},"query-input":{"@type":"PropertyValueSpecification","valueRequired":true,"valueName":"search_term_string"}}],"inLanguage":"tr"}]}},"_links":{"self":[{"href":"https:\/\/astrologelvan.com\/magaza\/wp-json\/wp\/v2\/product\/88038","targetHints":{"allow":["GET"]}}],"collection":[{"href":"https:\/\/astrologelvan.com\/magaza\/wp-json\/wp\/v2\/product"}],"about":[{"href":"https:\/\/astrologelvan.com\/magaza\/wp-json\/wp\/v2\/types\/product"}],"replies":[{"embeddable":true,"href":"https:\/\/astrologelvan.com\/magaza\/wp-json\/wp\/v2\/comments?post=88038"}],"wp:featuredmedia":[{"embeddable":true,"href":"https:\/\/astrologelvan.com\/magaza\/wp-json\/wp\/v2\/media\/88039"}],"wp:attachment":[{"href":"https:\/\/astrologelvan.com\/magaza\/wp-json\/wp\/v2\/media?parent=88038"}],"wp:term":[{"taxonomy":"product_brand","embeddable":true,"href":"https:\/\/astrologelvan.com\/magaza\/wp-json\/wp\/v2\/product_brand?post=88038"},{"taxonomy":"product_cat","embeddable":true,"href":"https:\/\/astrologelvan.com\/magaza\/wp-json\/wp\/v2\/product_cat?post=88038"},{"taxonomy":"product_tag","embeddable":true,"href":"https:\/\/astrologelvan.com\/magaza\/wp-json\/wp\/v2\/product_tag?post=88038"}],"curies":[{"name":"wp","href":"https:\/\/api.w.org\/{rel}","templated":true}]}}