{"id":875,"date":"2024-02-28T02:57:36","date_gmt":"2024-02-27T23:57:36","guid":{"rendered":"https:\/\/astrologelvan.shop\/?post_type=product&#038;p=875"},"modified":"2025-10-06T08:15:03","modified_gmt":"2025-10-06T05:15:03","slug":"baba-kiz-dogal-tas-seti","status":"publish","type":"product","link":"https:\/\/astrologelvan.com\/magaza\/urun\/baba-kiz-dogal-tas-seti\/","title":{"rendered":"BABA &#8211; KIZ DO\u011eAL TA\u015e SET\u0130"},"content":{"rendered":"","protected":false},"excerpt":{"rendered":"<div dir=\"auto\">Baba; koruyup, kollayan, sar\u0131lan, \u00f6zlenen, \u00f6\u011freten\u2026 Manas\u0131 yoklu\u011funda anla\u015f\u0131lan.<\/div>\n<div dir=\"auto\"><\/div>\n<div dir=\"auto\">Bu kit, hem sizin hem de baban\u0131z i\u00e7in\u2026<\/div>\n<div dir=\"auto\">Cebrail ile uyumlu \u00e7al\u0131\u015fan ve kafan\u0131z kar\u0131\u015ft\u0131\u011f\u0131nda sorular\u0131n\u0131za cevap veren Ba\u015f Melek Cebrail Ta\u015f\u0131 Kad\u0131n Bilekli\u011fi\u2026<\/div>\n<div dir=\"auto\">Negatif t\u00fcm varl\u0131klara kar\u015f\u0131 kalkan g\u00f6revi g\u00f6rmesi ve t\u00fcm \u00e7akralar\u0131n\u0131n etkili \u00e7al\u0131\u015fmas\u0131n\u0131 istedi\u011finiz baban\u0131za Siyah Turmalin Do\u011fal Ta\u015f Erkek Bilekli\u011fi.<\/div>\n<div dir=\"auto\"><\/div>\n<div dir=\"auto\">Ve her iki ta\u015f\u0131 da t\u00fcts\u00fcleyin, alan\u0131n\u0131zdaki negatif enerjileri ar\u0131nd\u0131r\u0131n diye istiridye kabu\u011fu ve ada\u00e7ay\u0131 t\u00fcts\u00fcs\u00fc hediye! Bu \u00f6zel kiti ka\u00e7\u0131rmay\u0131n.<\/div>\n<div dir=\"auto\"><\/div>\n<div dir=\"auto\">S\u0131n\u0131rl\u0131 say\u0131da..<\/div>\n","protected":false},"featured_media":937,"comment_status":"open","ping_status":"closed","template":"","meta":[],"product_brand":[],"product_cat":[52],"product_tag":[],"class_list":{"0":"post-875","1":"product","2":"type-product","3":"status-publish","4":"has-post-thumbnail","6":"product_cat-dogal-taslar","8":"first","9":"outofstock","10":"taxable","11":"shipping-taxable","12":"purchasable","13":"product-type-simple"},"yoast_head":"<!-- This site is optimized with the Yoast SEO plugin v27.3 - https:\/\/yoast.com\/product\/yoast-seo-wordpress\/ -->\n<title>BABA - KIZ DO\u011eAL TA\u015e SET\u0130 - Astrolog Elvan<\/title>\n<meta name=\"robots\" content=\"index, follow, max-snippet:-1, max-image-preview:large, max-video-preview:-1\" \/>\n<link rel=\"canonical\" href=\"https:\/\/astrologelvan.com\/magaza\/urun\/baba-kiz-dogal-tas-seti\/\" \/>\n<meta property=\"og:locale\" content=\"tr_TR\" \/>\n<meta property=\"og:type\" content=\"article\" \/>\n<meta property=\"og:title\" content=\"BABA - KIZ DO\u011eAL TA\u015e SET\u0130 - Astrolog Elvan\" \/>\n<meta property=\"og:description\" content=\"Baba; koruyup, kollayan, sar\u0131lan, \u00f6zlenen, \u00f6\u011freten\u2026 Manas\u0131 yoklu\u011funda anla\u015f\u0131lan.  Bu kit, hem sizin hem de baban\u0131z i\u00e7in\u2026 Cebrail ile uyumlu \u00e7al\u0131\u015fan ve kafan\u0131z kar\u0131\u015ft\u0131\u011f\u0131nda sorular\u0131n\u0131za cevap veren Ba\u015f Melek Cebrail Ta\u015f\u0131 Kad\u0131n Bilekli\u011fi\u2026 Negatif t\u00fcm varl\u0131klara kar\u015f\u0131 kalkan g\u00f6revi g\u00f6rmesi ve t\u00fcm \u00e7akralar\u0131n\u0131n etkili \u00e7al\u0131\u015fmas\u0131n\u0131 istedi\u011finiz baban\u0131za Siyah Turmalin Do\u011fal Ta\u015f Erkek Bilekli\u011fi.  Ve her iki ta\u015f\u0131 da t\u00fcts\u00fcleyin, alan\u0131n\u0131zdaki negatif enerjileri ar\u0131nd\u0131r\u0131n diye istiridye kabu\u011fu ve ada\u00e7ay\u0131 t\u00fcts\u00fcs\u00fc hediye! Bu \u00f6zel kiti ka\u00e7\u0131rmay\u0131n.  S\u0131n\u0131rl\u0131 say\u0131da..\" \/>\n<meta property=\"og:url\" content=\"https:\/\/astrologelvan.com\/magaza\/urun\/baba-kiz-dogal-tas-seti\/\" \/>\n<meta property=\"og:site_name\" content=\"Astrolog Elvan\" \/>\n<meta property=\"article:modified_time\" content=\"2025-10-06T05:15:03+00:00\" \/>\n<meta property=\"og:image\" content=\"https:\/\/astrologelvan.com\/magaza\/wp-content\/uploads\/2024\/02\/ELVAN-14-HAZIRAN9482-copy.jpg\" \/>\n\t<meta property=\"og:image:width\" content=\"1080\" \/>\n\t<meta property=\"og:image:height\" content=\"720\" \/>\n\t<meta property=\"og:image:type\" content=\"image\/jpeg\" \/>\n<meta name=\"twitter:card\" content=\"summary_large_image\" \/>\n<script type=\"application\/ld+json\" class=\"yoast-schema-graph\">{\"@context\":\"https:\\\/\\\/schema.org\",\"@graph\":[{\"@type\":[\"WebPage\",\"ItemPage\"],\"@id\":\"https:\\\/\\\/astrologelvan.com\\\/magaza\\\/urun\\\/baba-kiz-dogal-tas-seti\\\/\",\"url\":\"https:\\\/\\\/astrologelvan.com\\\/magaza\\\/urun\\\/baba-kiz-dogal-tas-seti\\\/\",\"name\":\"BABA - KIZ DO\u011eAL TA\u015e SET\u0130 - Astrolog Elvan\",\"isPartOf\":{\"@id\":\"https:\\\/\\\/astrologelvan.com\\\/magaza\\\/#website\"},\"primaryImageOfPage\":{\"@id\":\"https:\\\/\\\/astrologelvan.com\\\/magaza\\\/urun\\\/baba-kiz-dogal-tas-seti\\\/#primaryimage\"},\"image\":{\"@id\":\"https:\\\/\\\/astrologelvan.com\\\/magaza\\\/urun\\\/baba-kiz-dogal-tas-seti\\\/#primaryimage\"},\"thumbnailUrl\":\"https:\\\/\\\/astrologelvan.com\\\/magaza\\\/wp-content\\\/uploads\\\/2024\\\/02\\\/ELVAN-14-HAZIRAN9482-copy.jpg\",\"datePublished\":\"2024-02-27T23:57:36+00:00\",\"dateModified\":\"2025-10-06T05:15:03+00:00\",\"breadcrumb\":{\"@id\":\"https:\\\/\\\/astrologelvan.com\\\/magaza\\\/urun\\\/baba-kiz-dogal-tas-seti\\\/#breadcrumb\"},\"inLanguage\":\"tr\",\"potentialAction\":[{\"@type\":\"ReadAction\",\"target\":[\"https:\\\/\\\/astrologelvan.com\\\/magaza\\\/urun\\\/baba-kiz-dogal-tas-seti\\\/\"]}]},{\"@type\":\"ImageObject\",\"inLanguage\":\"tr\",\"@id\":\"https:\\\/\\\/astrologelvan.com\\\/magaza\\\/urun\\\/baba-kiz-dogal-tas-seti\\\/#primaryimage\",\"url\":\"https:\\\/\\\/astrologelvan.com\\\/magaza\\\/wp-content\\\/uploads\\\/2024\\\/02\\\/ELVAN-14-HAZIRAN9482-copy.jpg\",\"contentUrl\":\"https:\\\/\\\/astrologelvan.com\\\/magaza\\\/wp-content\\\/uploads\\\/2024\\\/02\\\/ELVAN-14-HAZIRAN9482-copy.jpg\",\"width\":1080,\"height\":720},{\"@type\":\"BreadcrumbList\",\"@id\":\"https:\\\/\\\/astrologelvan.com\\\/magaza\\\/urun\\\/baba-kiz-dogal-tas-seti\\\/#breadcrumb\",\"itemListElement\":[{\"@type\":\"ListItem\",\"position\":1,\"name\":\"Anasayfa\",\"item\":\"https:\\\/\\\/astrologelvan.com\\\/magaza\\\/\"},{\"@type\":\"ListItem\",\"position\":2,\"name\":\"Ma\u011faza\",\"item\":\"https:\\\/\\\/astrologelvan.com\\\/magaza\\\/magaza\\\/\"},{\"@type\":\"ListItem\",\"position\":3,\"name\":\"BABA &#8211; KIZ DO\u011eAL TA\u015e SET\u0130\"}]},{\"@type\":\"WebSite\",\"@id\":\"https:\\\/\\\/astrologelvan.com\\\/magaza\\\/#website\",\"url\":\"https:\\\/\\\/astrologelvan.com\\\/magaza\\\/\",\"name\":\"Astrolog Elvan\",\"description\":\"\",\"potentialAction\":[{\"@type\":\"SearchAction\",\"target\":{\"@type\":\"EntryPoint\",\"urlTemplate\":\"https:\\\/\\\/astrologelvan.com\\\/magaza\\\/?s={search_term_string}\"},\"query-input\":{\"@type\":\"PropertyValueSpecification\",\"valueRequired\":true,\"valueName\":\"search_term_string\"}}],\"inLanguage\":\"tr\"}]}<\/script>\n<!-- \/ Yoast SEO plugin. -->","yoast_head_json":{"title":"BABA - KIZ DO\u011eAL TA\u015e SET\u0130 - Astrolog Elvan","robots":{"index":"index","follow":"follow","max-snippet":"max-snippet:-1","max-image-preview":"max-image-preview:large","max-video-preview":"max-video-preview:-1"},"canonical":"https:\/\/astrologelvan.com\/magaza\/urun\/baba-kiz-dogal-tas-seti\/","og_locale":"tr_TR","og_type":"article","og_title":"BABA - KIZ DO\u011eAL TA\u015e SET\u0130 - Astrolog Elvan","og_description":"Baba; koruyup, kollayan, sar\u0131lan, \u00f6zlenen, \u00f6\u011freten\u2026 Manas\u0131 yoklu\u011funda anla\u015f\u0131lan.  Bu kit, hem sizin hem de baban\u0131z i\u00e7in\u2026 Cebrail ile uyumlu \u00e7al\u0131\u015fan ve kafan\u0131z kar\u0131\u015ft\u0131\u011f\u0131nda sorular\u0131n\u0131za cevap veren Ba\u015f Melek Cebrail Ta\u015f\u0131 Kad\u0131n Bilekli\u011fi\u2026 Negatif t\u00fcm varl\u0131klara kar\u015f\u0131 kalkan g\u00f6revi g\u00f6rmesi ve t\u00fcm \u00e7akralar\u0131n\u0131n etkili \u00e7al\u0131\u015fmas\u0131n\u0131 istedi\u011finiz baban\u0131za Siyah Turmalin Do\u011fal Ta\u015f Erkek Bilekli\u011fi.  Ve her iki ta\u015f\u0131 da t\u00fcts\u00fcleyin, alan\u0131n\u0131zdaki negatif enerjileri ar\u0131nd\u0131r\u0131n diye istiridye kabu\u011fu ve ada\u00e7ay\u0131 t\u00fcts\u00fcs\u00fc hediye! Bu \u00f6zel kiti ka\u00e7\u0131rmay\u0131n.  S\u0131n\u0131rl\u0131 say\u0131da..","og_url":"https:\/\/astrologelvan.com\/magaza\/urun\/baba-kiz-dogal-tas-seti\/","og_site_name":"Astrolog Elvan","article_modified_time":"2025-10-06T05:15:03+00:00","og_image":[{"width":1080,"height":720,"url":"https:\/\/astrologelvan.com\/magaza\/wp-content\/uploads\/2024\/02\/ELVAN-14-HAZIRAN9482-copy.jpg","type":"image\/jpeg"}],"twitter_card":"summary_large_image","schema":{"@context":"https:\/\/schema.org","@graph":[{"@type":["WebPage","ItemPage"],"@id":"https:\/\/astrologelvan.com\/magaza\/urun\/baba-kiz-dogal-tas-seti\/","url":"https:\/\/astrologelvan.com\/magaza\/urun\/baba-kiz-dogal-tas-seti\/","name":"BABA - KIZ DO\u011eAL TA\u015e SET\u0130 - Astrolog Elvan","isPartOf":{"@id":"https:\/\/astrologelvan.com\/magaza\/#website"},"primaryImageOfPage":{"@id":"https:\/\/astrologelvan.com\/magaza\/urun\/baba-kiz-dogal-tas-seti\/#primaryimage"},"image":{"@id":"https:\/\/astrologelvan.com\/magaza\/urun\/baba-kiz-dogal-tas-seti\/#primaryimage"},"thumbnailUrl":"https:\/\/astrologelvan.com\/magaza\/wp-content\/uploads\/2024\/02\/ELVAN-14-HAZIRAN9482-copy.jpg","datePublished":"2024-02-27T23:57:36+00:00","dateModified":"2025-10-06T05:15:03+00:00","breadcrumb":{"@id":"https:\/\/astrologelvan.com\/magaza\/urun\/baba-kiz-dogal-tas-seti\/#breadcrumb"},"inLanguage":"tr","potentialAction":[{"@type":"ReadAction","target":["https:\/\/astrologelvan.com\/magaza\/urun\/baba-kiz-dogal-tas-seti\/"]}]},{"@type":"ImageObject","inLanguage":"tr","@id":"https:\/\/astrologelvan.com\/magaza\/urun\/baba-kiz-dogal-tas-seti\/#primaryimage","url":"https:\/\/astrologelvan.com\/magaza\/wp-content\/uploads\/2024\/02\/ELVAN-14-HAZIRAN9482-copy.jpg","contentUrl":"https:\/\/astrologelvan.com\/magaza\/wp-content\/uploads\/2024\/02\/ELVAN-14-HAZIRAN9482-copy.jpg","width":1080,"height":720},{"@type":"BreadcrumbList","@id":"https:\/\/astrologelvan.com\/magaza\/urun\/baba-kiz-dogal-tas-seti\/#breadcrumb","itemListElement":[{"@type":"ListItem","position":1,"name":"Anasayfa","item":"https:\/\/astrologelvan.com\/magaza\/"},{"@type":"ListItem","position":2,"name":"Ma\u011faza","item":"https:\/\/astrologelvan.com\/magaza\/magaza\/"},{"@type":"ListItem","position":3,"name":"BABA &#8211; KIZ DO\u011eAL TA\u015e SET\u0130"}]},{"@type":"WebSite","@id":"https:\/\/astrologelvan.com\/magaza\/#website","url":"https:\/\/astrologelvan.com\/magaza\/","name":"Astrolog Elvan","description":"","potentialAction":[{"@type":"SearchAction","target":{"@type":"EntryPoint","urlTemplate":"https:\/\/astrologelvan.com\/magaza\/?s={search_term_string}"},"query-input":{"@type":"PropertyValueSpecification","valueRequired":true,"valueName":"search_term_string"}}],"inLanguage":"tr"}]}},"_links":{"self":[{"href":"https:\/\/astrologelvan.com\/magaza\/wp-json\/wp\/v2\/product\/875","targetHints":{"allow":["GET"]}}],"collection":[{"href":"https:\/\/astrologelvan.com\/magaza\/wp-json\/wp\/v2\/product"}],"about":[{"href":"https:\/\/astrologelvan.com\/magaza\/wp-json\/wp\/v2\/types\/product"}],"replies":[{"embeddable":true,"href":"https:\/\/astrologelvan.com\/magaza\/wp-json\/wp\/v2\/comments?post=875"}],"wp:featuredmedia":[{"embeddable":true,"href":"https:\/\/astrologelvan.com\/magaza\/wp-json\/wp\/v2\/media\/937"}],"wp:attachment":[{"href":"https:\/\/astrologelvan.com\/magaza\/wp-json\/wp\/v2\/media?parent=875"}],"wp:term":[{"taxonomy":"product_brand","embeddable":true,"href":"https:\/\/astrologelvan.com\/magaza\/wp-json\/wp\/v2\/product_brand?post=875"},{"taxonomy":"product_cat","embeddable":true,"href":"https:\/\/astrologelvan.com\/magaza\/wp-json\/wp\/v2\/product_cat?post=875"},{"taxonomy":"product_tag","embeddable":true,"href":"https:\/\/astrologelvan.com\/magaza\/wp-json\/wp\/v2\/product_tag?post=875"}],"curies":[{"name":"wp","href":"https:\/\/api.w.org\/{rel}","templated":true}]}}