{"id":874,"date":"2024-02-28T02:57:36","date_gmt":"2024-02-27T23:57:36","guid":{"rendered":"https:\/\/astrologelvan.shop\/?post_type=product&#038;p=874"},"modified":"2025-12-16T15:58:57","modified_gmt":"2025-12-16T12:58:57","slug":"puskullu-rusdraksha-mala","status":"publish","type":"product","link":"https:\/\/astrologelvan.com\/magaza\/urun\/puskullu-rusdraksha-mala\/","title":{"rendered":"PU\u0308SKU\u0308LLU\u0308 RUSDRAKSHA MALA"},"content":{"rendered":"<p>&nbsp;<\/p>\n<p>Do\u011fal ta\u015flar\u0131n do\u011frudan cilde temas etmesini sa\u011fl\u0131yoruz. B\u00f6ylece do\u011fal ta\u015f kolyenizi takt\u0131k\u00e7a v\u00fccudunuzun titre\u015fimlerine ba\u011flan\u0131r ve size denge ve uyum getirir.<\/p>\n<p>G\u00fcm\u00fc\u015f kararmas\u0131 iadeye tabi de\u011fildir. Do\u011fal y\u00f6ntemlerle ya da sol\u00fcsyon kullanarak kararan g\u00fcm\u00fc\u015f\u00fc yeniden parlatman\u0131z m\u00fcmk\u00fcnd\u00fcr.<\/p>\n<p>Tak\u0131lar\u0131n\u0131z\u0131n uzun s\u00fcre kullanabilmesi i\u00e7in; Parf\u00fcm, su, s\u0131v\u0131, dezenfektan, krem v.b. gibi maddelerle temas etmemesi, du\u015f-banyo s\u0131ras\u0131nda \u00e7\u0131kart\u0131lmas\u0131 gerekmektedir. Ki\u015finin ter-ten yap\u0131s\u0131na g\u00f6re de etkilenmektedir. Tak\u0131lar\u0131n\u0131z\u0131 kullanmad\u0131\u011f\u0131n\u0131z zamanlarda kesesinde saklaman\u0131z\u0131 \u00f6neririz.<\/p>\n<p>Do\u011fal ta\u015flar\u0131n belirli titre\u015fimlere ve frekanslara sahip oldu\u011fu bilinmektedir. Bu nedenle v\u00fccudumuzda ve auram\u0131zda birtak\u0131m iyi etkileri oldu\u011fu s\u00f6ylenmektedir. Ta\u015flar\u0131n \u00f6zelliklerinin bilimsel kesinli\u011fi yoktur. Astrologelvan ma\u011fazas\u0131ndaki t\u00fcm ta\u015flar orijinal, ger\u00e7ek do\u011fal ta\u015flard\u0131r. T\u0131bbi konularda doktora dan\u0131\u015fman\u0131z\u0131 tavsiye ederiz. Ta\u015flar\u0131n tedavi edici \u00f6zelli\u011fi yoktur, sadece ki\u015fisel enerjimizi y\u00fckseltmekte ve astrolojik olarak da temsil etti\u011fi gezegenlerin etkilerini artt\u0131rmakta oldu\u011fu kabul edilir. \u00d6rne\u011fin; pembe kuvars ta\u015f\u0131 a\u015fk ve sevgi gezegeni Ven\u00fcs\u2019\u00fcn ta\u015f\u0131d\u0131r ve bu sebeple \u00fczerinde ta\u015f\u0131yan ki\u015finin a\u015fk ve sevgi frekans\u0131n\u0131 y\u00fckseltti\u011fi bilinir.<\/p>\n","protected":false},"excerpt":{"rendered":"<p class=\"p1\">Elinde tuttu\u011fun bu Rudraksha Mala Himalayalar\u2019\u0131n eteklerinde Hindistan\u2019\u0131n en kutsal inziva yerlerinden Rishikesh\u2019ten \u00f6zenle se\u00e7ilmi\u015ftir. Rudraksha a\u011fac\u0131 Himalayalar\u2019\u0131n eteklerinde, Ganj ovalar\u0131nda, Endonezya ve Papua Yeni Gine de dahil olmak \u00fczere G\u00fcneydo\u011fu Asya b\u00f6lgelerinde yeti\u015fir. Shiva ile kurulan ili\u015fkisi nedeniyle bu tohumlar, ki\u015filer aras\u0131nda manevi d\u00fcnyan\u0131n bir rehberi olarak kabul edilir.<\/p>\n<p class=\"p1\">Shiva\u2019n\u0131n hikayesine g\u00f6re, kefaretini uzun s\u00fcre \u00f6deyece\u011fi bir keyif ve saadete haline kendini kapt\u0131r\u0131r. Nihayetinde kendine geldi\u011finde g\u00f6zlerinden topra\u011fa ya\u015flar d\u00f6k\u00fcl\u00fcr. Bu ya\u015flar tohum haline gelir, b\u00fcy\u00fcr ve Rudraksha a\u011fac\u0131na d\u00f6n\u00fc\u015f\u00fcr. Yani, Shiva\u2019n\u0131n ayd\u0131nlan\u0131rken ak\u0131tt\u0131\u011f\u0131 sevin\u00e7 g\u00f6zya\u015flar\u0131d\u0131r Rudraksha a\u011fac\u0131n\u0131n tohumlar\u0131. 108 adet tak\u0131lmas\u0131n\u0131n sebebi ise, karma bilincinde 108 rakam\u0131n\u0131n tamamlanma ve karmik hediyeleri getirdi\u011fine inan\u0131lmas\u0131d\u0131r.<\/p>\n<p class=\"p1\">Boynunda ta\u015f\u0131yaca\u011f\u0131n bu mala ile Gayatri Mantra veya Shiva Mantra\u2019y\u0131 zikredebilirsin. 108 kere her g\u00fcn \u00e7ekebilirsin. Hayat\u0131nda b\u00fcy\u00fck de\u011fi\u015fimlerin ba\u015flayaca\u011f\u0131n\u0131 g\u00f6receksin.<\/p>\n<p class=\"p3\"><b>Gayatri Mantra S\u00f6zleri: <\/b><\/p>\n<p class=\"p1\">Om Bhur Bhuva<span class=\"s1\">\u1e25<\/span> Swa<span class=\"s1\">\u1e25<\/span> Tat-savitur Vare\u00f1ya<span class=\"s1\">\u1e43<\/span> Bhargo Devasya Dhimahi Dhiyo Yona<span class=\"s1\">\u1e25<\/span> Pra\u00e7oday\u0101t<\/p>\n<p class=\"p3\">\u201cHayat\u0131n kayna\u011f\u0131, koruyucu Tanr\u0131, tek ve t\u00fcm ac\u0131lardan uzak, ruhu k\u00f6t\u00fcl\u00fcklerden \u00f6zg\u00fcrle\u015ftiren, evrenin i\u00e7ine i\u015flemi\u015f ve her \u015feyi ta\u015f\u0131yan, t\u00fcm evreni yaratan ve ona enerji ve mutluluk veren, en m\u00fckemmel, en saf ve safla\u015ft\u0131r\u0131c\u0131 olan \u0131\u015f\u0131\u011fa dua ediyoruz ki zihnimiz ayd\u0131nlans\u0131n.\u201d<\/p>\n<p class=\"p3\"><b>Shiva Mantra S\u00f6zleri: <\/b><\/p>\n<p class=\"p3\">Om Namah Shivaya<\/p>\n<p class=\"p3\">\u201c\u015eiva\u2019ya selam\u201d<\/p>\n","protected":false},"featured_media":5206,"comment_status":"open","ping_status":"closed","template":"","meta":[],"product_brand":[],"product_cat":[460,255],"product_tag":[],"class_list":{"0":"post-874","1":"product","2":"type-product","3":"status-publish","4":"has-post-thumbnail","6":"product_cat-buyulu-hindistan","7":"product_cat-gumus-kolye","9":"first","10":"instock","11":"taxable","12":"shipping-taxable","13":"purchasable","14":"product-type-simple"},"yoast_head":"<!-- This site is optimized with the Yoast SEO plugin v27.3 - https:\/\/yoast.com\/product\/yoast-seo-wordpress\/ -->\n<title>PU\u0308SKU\u0308LLU\u0308 RUSDRAKSHA MALA - Astrolog Elvan<\/title>\n<meta name=\"robots\" content=\"index, follow, max-snippet:-1, max-image-preview:large, max-video-preview:-1\" \/>\n<link rel=\"canonical\" href=\"https:\/\/astrologelvan.com\/magaza\/urun\/puskullu-rusdraksha-mala\/\" \/>\n<meta property=\"og:locale\" content=\"tr_TR\" \/>\n<meta property=\"og:type\" content=\"article\" \/>\n<meta property=\"og:title\" content=\"PU\u0308SKU\u0308LLU\u0308 RUSDRAKSHA MALA - Astrolog Elvan\" \/>\n<meta property=\"og:description\" content=\"Elinde tuttu\u011fun bu Rudraksha Mala Himalayalar\u2019\u0131n eteklerinde Hindistan\u2019\u0131n en kutsal inziva yerlerinden Rishikesh\u2019ten \u00f6zenle se\u00e7ilmi\u015ftir. Rudraksha a\u011fac\u0131 Himalayalar\u2019\u0131n eteklerinde, Ganj ovalar\u0131nda, Endonezya ve Papua Yeni Gine de dahil olmak \u00fczere G\u00fcneydo\u011fu Asya b\u00f6lgelerinde yeti\u015fir. Shiva ile kurulan ili\u015fkisi nedeniyle bu tohumlar, ki\u015filer aras\u0131nda manevi d\u00fcnyan\u0131n bir rehberi olarak kabul edilir. Shiva\u2019n\u0131n hikayesine g\u00f6re, kefaretini uzun s\u00fcre \u00f6deyece\u011fi bir keyif ve saadete haline kendini kapt\u0131r\u0131r. Nihayetinde kendine geldi\u011finde g\u00f6zlerinden topra\u011fa ya\u015flar d\u00f6k\u00fcl\u00fcr. Bu ya\u015flar tohum haline gelir, b\u00fcy\u00fcr ve Rudraksha a\u011fac\u0131na d\u00f6n\u00fc\u015f\u00fcr. Yani, Shiva\u2019n\u0131n ayd\u0131nlan\u0131rken ak\u0131tt\u0131\u011f\u0131 sevin\u00e7 g\u00f6zya\u015flar\u0131d\u0131r Rudraksha a\u011fac\u0131n\u0131n tohumlar\u0131. 108 adet tak\u0131lmas\u0131n\u0131n sebebi ise, karma bilincinde 108 rakam\u0131n\u0131n tamamlanma ve karmik hediyeleri getirdi\u011fine inan\u0131lmas\u0131d\u0131r. Boynunda ta\u015f\u0131yaca\u011f\u0131n bu mala ile Gayatri Mantra veya Shiva Mantra\u2019y\u0131 zikredebilirsin. 108 kere her g\u00fcn \u00e7ekebilirsin. Hayat\u0131nda b\u00fcy\u00fck de\u011fi\u015fimlerin ba\u015flayaca\u011f\u0131n\u0131 g\u00f6receksin. Gayatri Mantra S\u00f6zleri:  Om Bhur Bhuva\u1e25 Swa\u1e25 Tat-savitur Vare\u00f1ya\u1e43 Bhargo Devasya Dhimahi Dhiyo Yona\u1e25 Pra\u00e7oday\u0101t \u201cHayat\u0131n kayna\u011f\u0131, koruyucu Tanr\u0131, tek ve t\u00fcm ac\u0131lardan uzak, ruhu k\u00f6t\u00fcl\u00fcklerden \u00f6zg\u00fcrle\u015ftiren, evrenin i\u00e7ine i\u015flemi\u015f ve her \u015feyi ta\u015f\u0131yan, t\u00fcm evreni yaratan ve ona enerji ve mutluluk veren, en m\u00fckemmel, en saf ve safla\u015ft\u0131r\u0131c\u0131 olan \u0131\u015f\u0131\u011fa dua ediyoruz ki zihnimiz ayd\u0131nlans\u0131n.\u201d Shiva Mantra S\u00f6zleri:  Om Namah Shivaya \u201c\u015eiva\u2019ya selam\u201d\" \/>\n<meta property=\"og:url\" content=\"https:\/\/astrologelvan.com\/magaza\/urun\/puskullu-rusdraksha-mala\/\" \/>\n<meta property=\"og:site_name\" content=\"Astrolog Elvan\" \/>\n<meta property=\"article:modified_time\" content=\"2025-12-16T12:58:57+00:00\" \/>\n<meta property=\"og:image\" content=\"https:\/\/astrologelvan.com\/magaza\/wp-content\/uploads\/2024\/02\/1-43.jpg\" \/>\n\t<meta property=\"og:image:width\" content=\"1600\" \/>\n\t<meta property=\"og:image:height\" content=\"1600\" \/>\n\t<meta property=\"og:image:type\" content=\"image\/jpeg\" \/>\n<meta name=\"twitter:card\" content=\"summary_large_image\" \/>\n<meta name=\"twitter:label1\" content=\"Tahmini okuma s\u00fcresi\" \/>\n\t<meta name=\"twitter:data1\" content=\"2 dakika\" \/>\n<script type=\"application\/ld+json\" class=\"yoast-schema-graph\">{\"@context\":\"https:\\\/\\\/schema.org\",\"@graph\":[{\"@type\":[\"WebPage\",\"ItemPage\"],\"@id\":\"https:\\\/\\\/astrologelvan.com\\\/magaza\\\/urun\\\/puskullu-rusdraksha-mala\\\/\",\"url\":\"https:\\\/\\\/astrologelvan.com\\\/magaza\\\/urun\\\/puskullu-rusdraksha-mala\\\/\",\"name\":\"PU\u0308SKU\u0308LLU\u0308 RUSDRAKSHA MALA - Astrolog Elvan\",\"isPartOf\":{\"@id\":\"https:\\\/\\\/astrologelvan.com\\\/magaza\\\/#website\"},\"primaryImageOfPage\":{\"@id\":\"https:\\\/\\\/astrologelvan.com\\\/magaza\\\/urun\\\/puskullu-rusdraksha-mala\\\/#primaryimage\"},\"image\":{\"@id\":\"https:\\\/\\\/astrologelvan.com\\\/magaza\\\/urun\\\/puskullu-rusdraksha-mala\\\/#primaryimage\"},\"thumbnailUrl\":\"https:\\\/\\\/astrologelvan.com\\\/magaza\\\/wp-content\\\/uploads\\\/2024\\\/02\\\/1-43.jpg\",\"datePublished\":\"2024-02-27T23:57:36+00:00\",\"dateModified\":\"2025-12-16T12:58:57+00:00\",\"breadcrumb\":{\"@id\":\"https:\\\/\\\/astrologelvan.com\\\/magaza\\\/urun\\\/puskullu-rusdraksha-mala\\\/#breadcrumb\"},\"inLanguage\":\"tr\",\"potentialAction\":[{\"@type\":\"ReadAction\",\"target\":[\"https:\\\/\\\/astrologelvan.com\\\/magaza\\\/urun\\\/puskullu-rusdraksha-mala\\\/\"]}]},{\"@type\":\"ImageObject\",\"inLanguage\":\"tr\",\"@id\":\"https:\\\/\\\/astrologelvan.com\\\/magaza\\\/urun\\\/puskullu-rusdraksha-mala\\\/#primaryimage\",\"url\":\"https:\\\/\\\/astrologelvan.com\\\/magaza\\\/wp-content\\\/uploads\\\/2024\\\/02\\\/1-43.jpg\",\"contentUrl\":\"https:\\\/\\\/astrologelvan.com\\\/magaza\\\/wp-content\\\/uploads\\\/2024\\\/02\\\/1-43.jpg\",\"width\":1600,\"height\":1600},{\"@type\":\"BreadcrumbList\",\"@id\":\"https:\\\/\\\/astrologelvan.com\\\/magaza\\\/urun\\\/puskullu-rusdraksha-mala\\\/#breadcrumb\",\"itemListElement\":[{\"@type\":\"ListItem\",\"position\":1,\"name\":\"Anasayfa\",\"item\":\"https:\\\/\\\/astrologelvan.com\\\/magaza\\\/\"},{\"@type\":\"ListItem\",\"position\":2,\"name\":\"Ma\u011faza\",\"item\":\"https:\\\/\\\/astrologelvan.com\\\/magaza\\\/magaza\\\/\"},{\"@type\":\"ListItem\",\"position\":3,\"name\":\"PU\u0308SKU\u0308LLU\u0308 RUSDRAKSHA MALA\"}]},{\"@type\":\"WebSite\",\"@id\":\"https:\\\/\\\/astrologelvan.com\\\/magaza\\\/#website\",\"url\":\"https:\\\/\\\/astrologelvan.com\\\/magaza\\\/\",\"name\":\"Astrolog Elvan\",\"description\":\"\",\"potentialAction\":[{\"@type\":\"SearchAction\",\"target\":{\"@type\":\"EntryPoint\",\"urlTemplate\":\"https:\\\/\\\/astrologelvan.com\\\/magaza\\\/?s={search_term_string}\"},\"query-input\":{\"@type\":\"PropertyValueSpecification\",\"valueRequired\":true,\"valueName\":\"search_term_string\"}}],\"inLanguage\":\"tr\"}]}<\/script>\n<!-- \/ Yoast SEO plugin. -->","yoast_head_json":{"title":"PU\u0308SKU\u0308LLU\u0308 RUSDRAKSHA MALA - Astrolog Elvan","robots":{"index":"index","follow":"follow","max-snippet":"max-snippet:-1","max-image-preview":"max-image-preview:large","max-video-preview":"max-video-preview:-1"},"canonical":"https:\/\/astrologelvan.com\/magaza\/urun\/puskullu-rusdraksha-mala\/","og_locale":"tr_TR","og_type":"article","og_title":"PU\u0308SKU\u0308LLU\u0308 RUSDRAKSHA MALA - Astrolog Elvan","og_description":"Elinde tuttu\u011fun bu Rudraksha Mala Himalayalar\u2019\u0131n eteklerinde Hindistan\u2019\u0131n en kutsal inziva yerlerinden Rishikesh\u2019ten \u00f6zenle se\u00e7ilmi\u015ftir. Rudraksha a\u011fac\u0131 Himalayalar\u2019\u0131n eteklerinde, Ganj ovalar\u0131nda, Endonezya ve Papua Yeni Gine de dahil olmak \u00fczere G\u00fcneydo\u011fu Asya b\u00f6lgelerinde yeti\u015fir. Shiva ile kurulan ili\u015fkisi nedeniyle bu tohumlar, ki\u015filer aras\u0131nda manevi d\u00fcnyan\u0131n bir rehberi olarak kabul edilir. Shiva\u2019n\u0131n hikayesine g\u00f6re, kefaretini uzun s\u00fcre \u00f6deyece\u011fi bir keyif ve saadete haline kendini kapt\u0131r\u0131r. Nihayetinde kendine geldi\u011finde g\u00f6zlerinden topra\u011fa ya\u015flar d\u00f6k\u00fcl\u00fcr. Bu ya\u015flar tohum haline gelir, b\u00fcy\u00fcr ve Rudraksha a\u011fac\u0131na d\u00f6n\u00fc\u015f\u00fcr. Yani, Shiva\u2019n\u0131n ayd\u0131nlan\u0131rken ak\u0131tt\u0131\u011f\u0131 sevin\u00e7 g\u00f6zya\u015flar\u0131d\u0131r Rudraksha a\u011fac\u0131n\u0131n tohumlar\u0131. 108 adet tak\u0131lmas\u0131n\u0131n sebebi ise, karma bilincinde 108 rakam\u0131n\u0131n tamamlanma ve karmik hediyeleri getirdi\u011fine inan\u0131lmas\u0131d\u0131r. Boynunda ta\u015f\u0131yaca\u011f\u0131n bu mala ile Gayatri Mantra veya Shiva Mantra\u2019y\u0131 zikredebilirsin. 108 kere her g\u00fcn \u00e7ekebilirsin. Hayat\u0131nda b\u00fcy\u00fck de\u011fi\u015fimlerin ba\u015flayaca\u011f\u0131n\u0131 g\u00f6receksin. Gayatri Mantra S\u00f6zleri:  Om Bhur Bhuva\u1e25 Swa\u1e25 Tat-savitur Vare\u00f1ya\u1e43 Bhargo Devasya Dhimahi Dhiyo Yona\u1e25 Pra\u00e7oday\u0101t \u201cHayat\u0131n kayna\u011f\u0131, koruyucu Tanr\u0131, tek ve t\u00fcm ac\u0131lardan uzak, ruhu k\u00f6t\u00fcl\u00fcklerden \u00f6zg\u00fcrle\u015ftiren, evrenin i\u00e7ine i\u015flemi\u015f ve her \u015feyi ta\u015f\u0131yan, t\u00fcm evreni yaratan ve ona enerji ve mutluluk veren, en m\u00fckemmel, en saf ve safla\u015ft\u0131r\u0131c\u0131 olan \u0131\u015f\u0131\u011fa dua ediyoruz ki zihnimiz ayd\u0131nlans\u0131n.\u201d Shiva Mantra S\u00f6zleri:  Om Namah Shivaya \u201c\u015eiva\u2019ya selam\u201d","og_url":"https:\/\/astrologelvan.com\/magaza\/urun\/puskullu-rusdraksha-mala\/","og_site_name":"Astrolog Elvan","article_modified_time":"2025-12-16T12:58:57+00:00","og_image":[{"width":1600,"height":1600,"url":"https:\/\/astrologelvan.com\/magaza\/wp-content\/uploads\/2024\/02\/1-43.jpg","type":"image\/jpeg"}],"twitter_card":"summary_large_image","twitter_misc":{"Tahmini okuma s\u00fcresi":"2 dakika"},"schema":{"@context":"https:\/\/schema.org","@graph":[{"@type":["WebPage","ItemPage"],"@id":"https:\/\/astrologelvan.com\/magaza\/urun\/puskullu-rusdraksha-mala\/","url":"https:\/\/astrologelvan.com\/magaza\/urun\/puskullu-rusdraksha-mala\/","name":"PU\u0308SKU\u0308LLU\u0308 RUSDRAKSHA MALA - Astrolog Elvan","isPartOf":{"@id":"https:\/\/astrologelvan.com\/magaza\/#website"},"primaryImageOfPage":{"@id":"https:\/\/astrologelvan.com\/magaza\/urun\/puskullu-rusdraksha-mala\/#primaryimage"},"image":{"@id":"https:\/\/astrologelvan.com\/magaza\/urun\/puskullu-rusdraksha-mala\/#primaryimage"},"thumbnailUrl":"https:\/\/astrologelvan.com\/magaza\/wp-content\/uploads\/2024\/02\/1-43.jpg","datePublished":"2024-02-27T23:57:36+00:00","dateModified":"2025-12-16T12:58:57+00:00","breadcrumb":{"@id":"https:\/\/astrologelvan.com\/magaza\/urun\/puskullu-rusdraksha-mala\/#breadcrumb"},"inLanguage":"tr","potentialAction":[{"@type":"ReadAction","target":["https:\/\/astrologelvan.com\/magaza\/urun\/puskullu-rusdraksha-mala\/"]}]},{"@type":"ImageObject","inLanguage":"tr","@id":"https:\/\/astrologelvan.com\/magaza\/urun\/puskullu-rusdraksha-mala\/#primaryimage","url":"https:\/\/astrologelvan.com\/magaza\/wp-content\/uploads\/2024\/02\/1-43.jpg","contentUrl":"https:\/\/astrologelvan.com\/magaza\/wp-content\/uploads\/2024\/02\/1-43.jpg","width":1600,"height":1600},{"@type":"BreadcrumbList","@id":"https:\/\/astrologelvan.com\/magaza\/urun\/puskullu-rusdraksha-mala\/#breadcrumb","itemListElement":[{"@type":"ListItem","position":1,"name":"Anasayfa","item":"https:\/\/astrologelvan.com\/magaza\/"},{"@type":"ListItem","position":2,"name":"Ma\u011faza","item":"https:\/\/astrologelvan.com\/magaza\/magaza\/"},{"@type":"ListItem","position":3,"name":"PU\u0308SKU\u0308LLU\u0308 RUSDRAKSHA MALA"}]},{"@type":"WebSite","@id":"https:\/\/astrologelvan.com\/magaza\/#website","url":"https:\/\/astrologelvan.com\/magaza\/","name":"Astrolog Elvan","description":"","potentialAction":[{"@type":"SearchAction","target":{"@type":"EntryPoint","urlTemplate":"https:\/\/astrologelvan.com\/magaza\/?s={search_term_string}"},"query-input":{"@type":"PropertyValueSpecification","valueRequired":true,"valueName":"search_term_string"}}],"inLanguage":"tr"}]}},"_links":{"self":[{"href":"https:\/\/astrologelvan.com\/magaza\/wp-json\/wp\/v2\/product\/874","targetHints":{"allow":["GET"]}}],"collection":[{"href":"https:\/\/astrologelvan.com\/magaza\/wp-json\/wp\/v2\/product"}],"about":[{"href":"https:\/\/astrologelvan.com\/magaza\/wp-json\/wp\/v2\/types\/product"}],"replies":[{"embeddable":true,"href":"https:\/\/astrologelvan.com\/magaza\/wp-json\/wp\/v2\/comments?post=874"}],"wp:featuredmedia":[{"embeddable":true,"href":"https:\/\/astrologelvan.com\/magaza\/wp-json\/wp\/v2\/media\/5206"}],"wp:attachment":[{"href":"https:\/\/astrologelvan.com\/magaza\/wp-json\/wp\/v2\/media?parent=874"}],"wp:term":[{"taxonomy":"product_brand","embeddable":true,"href":"https:\/\/astrologelvan.com\/magaza\/wp-json\/wp\/v2\/product_brand?post=874"},{"taxonomy":"product_cat","embeddable":true,"href":"https:\/\/astrologelvan.com\/magaza\/wp-json\/wp\/v2\/product_cat?post=874"},{"taxonomy":"product_tag","embeddable":true,"href":"https:\/\/astrologelvan.com\/magaza\/wp-json\/wp\/v2\/product_tag?post=874"}],"curies":[{"name":"wp","href":"https:\/\/api.w.org\/{rel}","templated":true}]}}