{"id":865,"date":"2024-02-28T02:56:29","date_gmt":"2024-02-27T23:56:29","guid":{"rendered":"https:\/\/astrologelvan.shop\/?post_type=product&#038;p=865"},"modified":"2026-04-01T11:54:28","modified_gmt":"2026-04-01T08:54:28","slug":"925-ayar-hindistan-labradorit-tasli-unicorn-kolye","status":"publish","type":"product","link":"https:\/\/astrologelvan.com\/magaza\/urun\/925-ayar-hindistan-labradorit-tasli-unicorn-kolye\/","title":{"rendered":"H\u0130ND\u0130STAN LABRADOR\u0130T TA\u015eLI UN\u0130CORN KOLYE |\u00a0925 AYAR UNICORN"},"content":{"rendered":"<p class=\"p1\">Hindistan Unicorn ( Labradorit Ta\u015fl\u0131 ) Kolye<\/p>\n<p class=\"p1\">Kolye Uzunlu\u011fu: 45 CM<\/p>\n<p class=\"p1\">Ta\u015f\u0131n yakla\u015f\u0131k \u00f6l\u00e7\u00fcs\u00fc: 6.5 MM<\/p>\n<p class=\"p1\">925 Ayar G\u00fcm\u00fc\u015f Unicorn<\/p>\n<p>&nbsp;<\/p>\n<p>Do\u011fal ta\u015f kolyelerimizin tasar\u0131mlar\u0131nda do\u011frudan cilde temas etmesini sa\u011fl\u0131yoruz. B\u00f6ylece do\u011fal ta\u015f kolyenizi takt\u0131k\u00e7a v\u00fccudunuzun titre\u015fimlerine ba\u011flan\u0131r ve size denge ve uyum getirir.<\/p>\n<p>G\u00fcm\u00fc\u015f kararmas\u0131 iadeye tabi de\u011fildir. Do\u011fal y\u00f6ntemlerle ya da sol\u00fcsyon kullanarak kararan g\u00fcm\u00fc\u015f\u00fc yeniden parlatman\u0131z m\u00fcmk\u00fcnd\u00fcr.<\/p>\n<p>Tak\u0131lar\u0131n\u0131z\u0131n uzun s\u00fcre kullanabilmesi i\u00e7in; Parf\u00fcm, su, s\u0131v\u0131, dezenfektan, krem v.b. gibi maddelerle temas etmemesi, du\u015f-banyo s\u0131ras\u0131nda \u00e7\u0131kart\u0131lmas\u0131 gerekmektedir. Ki\u015finin ter-ten yap\u0131s\u0131na g\u00f6re de etkilenmektedir. Tak\u0131lar\u0131n\u0131z\u0131 kullanmad\u0131\u011f\u0131n\u0131z zamanlarda kesesinde saklaman\u0131z\u0131 \u00f6neririz.<\/p>\n<p>Do\u011fal ta\u015flar\u0131n belirli titre\u015fimlere ve frekanslara sahip oldu\u011fu bilinmektedir. Bu nedenle v\u00fccudumuzda ve auram\u0131zda birtak\u0131m iyi etkileri oldu\u011fu s\u00f6ylenmektedir. Ta\u015flar\u0131n \u00f6zelliklerinin bilimsel kesinli\u011fi yoktur. Astrologelvan ma\u011fazas\u0131ndaki t\u00fcm ta\u015flar orijinal, ger\u00e7ek do\u011fal ta\u015flard\u0131r. T\u0131bbi konularda doktora dan\u0131\u015fman\u0131z\u0131 tavsiye ederiz. Ta\u015flar\u0131n tedavi edici \u00f6zelli\u011fi yoktur, sadece ki\u015fisel enerjimizi y\u00fckseltmekte ve astrolojik olarak da temsil etti\u011fi gezegenlerin etkilerini artt\u0131rmakta oldu\u011fu kabul edilir. \u00d6rne\u011fin; pembe kuvars ta\u015f\u0131 a\u015fk ve sevgi gezegeni Ven\u00fcs\u2019\u00fcn ta\u015f\u0131d\u0131r ve bu sebeple \u00fczerinde ta\u015f\u0131yan ki\u015finin a\u015fk ve sevgi frekans\u0131n\u0131 y\u00fckseltti\u011fi bilinir.<\/p>\n","protected":false},"excerpt":{"rendered":"<h4><strong>\u00d6zel Tasar\u0131m Kolye Ucu ile birlikte<\/strong><\/h4>\n<p>Labradorit ta\u015f\u0131, ismini Kuzey I\u015f\u0131klar\u0131n\u0131n F\u0131rt\u0131nalar\u0131ndan alm\u0131\u015ft\u0131r. \u015eifa sa\u011flad\u0131\u011f\u0131 i\u00e7in rahats\u0131zl\u0131klar\u0131 iyile\u015ftirmeye yard\u0131mc\u0131 olmas\u0131 amac\u0131yla kullan\u0131lmaktad\u0131r. Labradorit de\u011fi\u015fen renkleriyle de\u011ferli bir ta\u015f\u0131n irade g\u00fcc\u00fcn\u00fc, i\u00e7sel de\u011feri artt\u0131rmas\u0131 ve bo\u011faz \u00e7akras\u0131n\u0131 uyard\u0131\u011f\u0131 bilinmektedir. Bu ta\u015f\u0131n y\u00fczeyinde parlayan mavi, ye\u015fil ve sar\u0131 ge\u00e7i\u015fli renkler g\u00f6r\u00fcnmektedir bu renkler size bast\u0131\u011f\u0131n\u0131z zemini, g\u00f6ky\u00fcz\u00fcn\u00fc ve g\u00f6ky\u00fcz\u00fcndeki esintiyi \u00e7a\u011fr\u0131\u015ft\u0131rabilir.<\/p>\n<p class=\"p1\">Auran\u0131z\u0131 dengeler ve korur, sezgilerinizi g\u00fc\u00e7lendirir, psi\u015fik sald\u0131r\u0131lara kar\u015f\u0131 sizi korur.<br \/>\nKalp ve 3. G\u00f6z \u00e7akras\u0131 \u00fczerinde dengeleyici etkisi vard\u0131r. Zihniniz a\u015f\u0131r\u0131 aktifse ve endi\u015feleriniz varsa sizi sakinle\u015ftirir.<\/p>\n","protected":false},"featured_media":929,"comment_status":"open","ping_status":"closed","template":"","meta":[],"product_brand":[596],"product_cat":[460,255,78,432,8106],"product_tag":[],"class_list":{"0":"post-865","1":"product","2":"type-product","3":"status-publish","4":"has-post-thumbnail","6":"product_brand-astrolog-elvan","7":"product_cat-buyulu-hindistan","8":"product_cat-gumus-kolye","9":"product_cat-labradorit-tasi","10":"product_cat-unicorn-serisi","11":"product_cat--gumus-kolyeler","13":"first","14":"instock","15":"purchasable","16":"product-type-simple"},"yoast_head":"<!-- This site is optimized with the Yoast SEO plugin v27.3 - https:\/\/yoast.com\/product\/yoast-seo-wordpress\/ -->\n<title>H\u0130ND\u0130STAN LABRADOR\u0130T TA\u015eLI UN\u0130CORN KOLYE |\u00a0925 AYAR UNICORN - Astrolog Elvan<\/title>\n<meta name=\"robots\" content=\"index, follow, max-snippet:-1, max-image-preview:large, max-video-preview:-1\" \/>\n<link rel=\"canonical\" href=\"https:\/\/astrologelvan.com\/magaza\/urun\/925-ayar-hindistan-labradorit-tasli-unicorn-kolye\/\" \/>\n<meta property=\"og:locale\" content=\"tr_TR\" \/>\n<meta property=\"og:type\" content=\"article\" \/>\n<meta property=\"og:title\" content=\"H\u0130ND\u0130STAN LABRADOR\u0130T TA\u015eLI UN\u0130CORN KOLYE |\u00a0925 AYAR UNICORN - Astrolog Elvan\" \/>\n<meta property=\"og:description\" content=\"\u00d6zel Tasar\u0131m Kolye Ucu ile birlikte Labradorit ta\u015f\u0131, ismini Kuzey I\u015f\u0131klar\u0131n\u0131n F\u0131rt\u0131nalar\u0131ndan alm\u0131\u015ft\u0131r. \u015eifa sa\u011flad\u0131\u011f\u0131 i\u00e7in rahats\u0131zl\u0131klar\u0131 iyile\u015ftirmeye yard\u0131mc\u0131 olmas\u0131 amac\u0131yla kullan\u0131lmaktad\u0131r. Labradorit de\u011fi\u015fen renkleriyle de\u011ferli bir ta\u015f\u0131n irade g\u00fcc\u00fcn\u00fc, i\u00e7sel de\u011feri artt\u0131rmas\u0131 ve bo\u011faz \u00e7akras\u0131n\u0131 uyard\u0131\u011f\u0131 bilinmektedir. Bu ta\u015f\u0131n y\u00fczeyinde parlayan mavi, ye\u015fil ve sar\u0131 ge\u00e7i\u015fli renkler g\u00f6r\u00fcnmektedir bu renkler size bast\u0131\u011f\u0131n\u0131z zemini, g\u00f6ky\u00fcz\u00fcn\u00fc ve g\u00f6ky\u00fcz\u00fcndeki esintiyi \u00e7a\u011fr\u0131\u015ft\u0131rabilir. Auran\u0131z\u0131 dengeler ve korur, sezgilerinizi g\u00fc\u00e7lendirir, psi\u015fik sald\u0131r\u0131lara kar\u015f\u0131 sizi korur. Kalp ve 3. G\u00f6z \u00e7akras\u0131 \u00fczerinde dengeleyici etkisi vard\u0131r. Zihniniz a\u015f\u0131r\u0131 aktifse ve endi\u015feleriniz varsa sizi sakinle\u015ftirir.\" \/>\n<meta property=\"og:url\" content=\"https:\/\/astrologelvan.com\/magaza\/urun\/925-ayar-hindistan-labradorit-tasli-unicorn-kolye\/\" \/>\n<meta property=\"og:site_name\" content=\"Astrolog Elvan\" \/>\n<meta property=\"article:modified_time\" content=\"2026-04-01T08:54:28+00:00\" \/>\n<meta property=\"og:image\" content=\"https:\/\/astrologelvan.com\/magaza\/wp-content\/uploads\/2024\/02\/Hindistan-Labradorit-Tasli-Kolye-Unicorn-min.jpg\" \/>\n\t<meta property=\"og:image:width\" content=\"1080\" \/>\n\t<meta property=\"og:image:height\" content=\"1080\" \/>\n\t<meta property=\"og:image:type\" content=\"image\/jpeg\" \/>\n<meta name=\"twitter:card\" content=\"summary_large_image\" \/>\n<meta name=\"twitter:label1\" content=\"Tahmini okuma s\u00fcresi\" \/>\n\t<meta name=\"twitter:data1\" content=\"2 dakika\" \/>\n<script type=\"application\/ld+json\" class=\"yoast-schema-graph\">{\"@context\":\"https:\\\/\\\/schema.org\",\"@graph\":[{\"@type\":[\"WebPage\",\"ItemPage\"],\"@id\":\"https:\\\/\\\/astrologelvan.com\\\/magaza\\\/urun\\\/925-ayar-hindistan-labradorit-tasli-unicorn-kolye\\\/\",\"url\":\"https:\\\/\\\/astrologelvan.com\\\/magaza\\\/urun\\\/925-ayar-hindistan-labradorit-tasli-unicorn-kolye\\\/\",\"name\":\"H\u0130ND\u0130STAN LABRADOR\u0130T TA\u015eLI UN\u0130CORN KOLYE |\u00a0925 AYAR UNICORN - Astrolog Elvan\",\"isPartOf\":{\"@id\":\"https:\\\/\\\/astrologelvan.com\\\/magaza\\\/#website\"},\"primaryImageOfPage\":{\"@id\":\"https:\\\/\\\/astrologelvan.com\\\/magaza\\\/urun\\\/925-ayar-hindistan-labradorit-tasli-unicorn-kolye\\\/#primaryimage\"},\"image\":{\"@id\":\"https:\\\/\\\/astrologelvan.com\\\/magaza\\\/urun\\\/925-ayar-hindistan-labradorit-tasli-unicorn-kolye\\\/#primaryimage\"},\"thumbnailUrl\":\"https:\\\/\\\/astrologelvan.com\\\/magaza\\\/wp-content\\\/uploads\\\/2024\\\/02\\\/Hindistan-Labradorit-Tasli-Kolye-Unicorn-min.jpg\",\"datePublished\":\"2024-02-27T23:56:29+00:00\",\"dateModified\":\"2026-04-01T08:54:28+00:00\",\"breadcrumb\":{\"@id\":\"https:\\\/\\\/astrologelvan.com\\\/magaza\\\/urun\\\/925-ayar-hindistan-labradorit-tasli-unicorn-kolye\\\/#breadcrumb\"},\"inLanguage\":\"tr\",\"potentialAction\":[{\"@type\":\"ReadAction\",\"target\":[\"https:\\\/\\\/astrologelvan.com\\\/magaza\\\/urun\\\/925-ayar-hindistan-labradorit-tasli-unicorn-kolye\\\/\"]}]},{\"@type\":\"ImageObject\",\"inLanguage\":\"tr\",\"@id\":\"https:\\\/\\\/astrologelvan.com\\\/magaza\\\/urun\\\/925-ayar-hindistan-labradorit-tasli-unicorn-kolye\\\/#primaryimage\",\"url\":\"https:\\\/\\\/astrologelvan.com\\\/magaza\\\/wp-content\\\/uploads\\\/2024\\\/02\\\/Hindistan-Labradorit-Tasli-Kolye-Unicorn-min.jpg\",\"contentUrl\":\"https:\\\/\\\/astrologelvan.com\\\/magaza\\\/wp-content\\\/uploads\\\/2024\\\/02\\\/Hindistan-Labradorit-Tasli-Kolye-Unicorn-min.jpg\",\"width\":1080,\"height\":1080},{\"@type\":\"BreadcrumbList\",\"@id\":\"https:\\\/\\\/astrologelvan.com\\\/magaza\\\/urun\\\/925-ayar-hindistan-labradorit-tasli-unicorn-kolye\\\/#breadcrumb\",\"itemListElement\":[{\"@type\":\"ListItem\",\"position\":1,\"name\":\"Anasayfa\",\"item\":\"https:\\\/\\\/astrologelvan.com\\\/magaza\\\/\"},{\"@type\":\"ListItem\",\"position\":2,\"name\":\"Ma\u011faza\",\"item\":\"https:\\\/\\\/astrologelvan.com\\\/magaza\\\/magaza\\\/\"},{\"@type\":\"ListItem\",\"position\":3,\"name\":\"H\u0130ND\u0130STAN LABRADOR\u0130T TA\u015eLI UN\u0130CORN KOLYE |\u00a0925 AYAR UNICORN\"}]},{\"@type\":\"WebSite\",\"@id\":\"https:\\\/\\\/astrologelvan.com\\\/magaza\\\/#website\",\"url\":\"https:\\\/\\\/astrologelvan.com\\\/magaza\\\/\",\"name\":\"Astrolog Elvan\",\"description\":\"\",\"potentialAction\":[{\"@type\":\"SearchAction\",\"target\":{\"@type\":\"EntryPoint\",\"urlTemplate\":\"https:\\\/\\\/astrologelvan.com\\\/magaza\\\/?s={search_term_string}\"},\"query-input\":{\"@type\":\"PropertyValueSpecification\",\"valueRequired\":true,\"valueName\":\"search_term_string\"}}],\"inLanguage\":\"tr\"}]}<\/script>\n<!-- \/ Yoast SEO plugin. -->","yoast_head_json":{"title":"H\u0130ND\u0130STAN LABRADOR\u0130T TA\u015eLI UN\u0130CORN KOLYE |\u00a0925 AYAR UNICORN - Astrolog Elvan","robots":{"index":"index","follow":"follow","max-snippet":"max-snippet:-1","max-image-preview":"max-image-preview:large","max-video-preview":"max-video-preview:-1"},"canonical":"https:\/\/astrologelvan.com\/magaza\/urun\/925-ayar-hindistan-labradorit-tasli-unicorn-kolye\/","og_locale":"tr_TR","og_type":"article","og_title":"H\u0130ND\u0130STAN LABRADOR\u0130T TA\u015eLI UN\u0130CORN KOLYE |\u00a0925 AYAR UNICORN - Astrolog Elvan","og_description":"\u00d6zel Tasar\u0131m Kolye Ucu ile birlikte Labradorit ta\u015f\u0131, ismini Kuzey I\u015f\u0131klar\u0131n\u0131n F\u0131rt\u0131nalar\u0131ndan alm\u0131\u015ft\u0131r. \u015eifa sa\u011flad\u0131\u011f\u0131 i\u00e7in rahats\u0131zl\u0131klar\u0131 iyile\u015ftirmeye yard\u0131mc\u0131 olmas\u0131 amac\u0131yla kullan\u0131lmaktad\u0131r. Labradorit de\u011fi\u015fen renkleriyle de\u011ferli bir ta\u015f\u0131n irade g\u00fcc\u00fcn\u00fc, i\u00e7sel de\u011feri artt\u0131rmas\u0131 ve bo\u011faz \u00e7akras\u0131n\u0131 uyard\u0131\u011f\u0131 bilinmektedir. Bu ta\u015f\u0131n y\u00fczeyinde parlayan mavi, ye\u015fil ve sar\u0131 ge\u00e7i\u015fli renkler g\u00f6r\u00fcnmektedir bu renkler size bast\u0131\u011f\u0131n\u0131z zemini, g\u00f6ky\u00fcz\u00fcn\u00fc ve g\u00f6ky\u00fcz\u00fcndeki esintiyi \u00e7a\u011fr\u0131\u015ft\u0131rabilir. Auran\u0131z\u0131 dengeler ve korur, sezgilerinizi g\u00fc\u00e7lendirir, psi\u015fik sald\u0131r\u0131lara kar\u015f\u0131 sizi korur. Kalp ve 3. G\u00f6z \u00e7akras\u0131 \u00fczerinde dengeleyici etkisi vard\u0131r. Zihniniz a\u015f\u0131r\u0131 aktifse ve endi\u015feleriniz varsa sizi sakinle\u015ftirir.","og_url":"https:\/\/astrologelvan.com\/magaza\/urun\/925-ayar-hindistan-labradorit-tasli-unicorn-kolye\/","og_site_name":"Astrolog Elvan","article_modified_time":"2026-04-01T08:54:28+00:00","og_image":[{"width":1080,"height":1080,"url":"https:\/\/astrologelvan.com\/magaza\/wp-content\/uploads\/2024\/02\/Hindistan-Labradorit-Tasli-Kolye-Unicorn-min.jpg","type":"image\/jpeg"}],"twitter_card":"summary_large_image","twitter_misc":{"Tahmini okuma s\u00fcresi":"2 dakika"},"schema":{"@context":"https:\/\/schema.org","@graph":[{"@type":["WebPage","ItemPage"],"@id":"https:\/\/astrologelvan.com\/magaza\/urun\/925-ayar-hindistan-labradorit-tasli-unicorn-kolye\/","url":"https:\/\/astrologelvan.com\/magaza\/urun\/925-ayar-hindistan-labradorit-tasli-unicorn-kolye\/","name":"H\u0130ND\u0130STAN LABRADOR\u0130T TA\u015eLI UN\u0130CORN KOLYE |\u00a0925 AYAR UNICORN - Astrolog Elvan","isPartOf":{"@id":"https:\/\/astrologelvan.com\/magaza\/#website"},"primaryImageOfPage":{"@id":"https:\/\/astrologelvan.com\/magaza\/urun\/925-ayar-hindistan-labradorit-tasli-unicorn-kolye\/#primaryimage"},"image":{"@id":"https:\/\/astrologelvan.com\/magaza\/urun\/925-ayar-hindistan-labradorit-tasli-unicorn-kolye\/#primaryimage"},"thumbnailUrl":"https:\/\/astrologelvan.com\/magaza\/wp-content\/uploads\/2024\/02\/Hindistan-Labradorit-Tasli-Kolye-Unicorn-min.jpg","datePublished":"2024-02-27T23:56:29+00:00","dateModified":"2026-04-01T08:54:28+00:00","breadcrumb":{"@id":"https:\/\/astrologelvan.com\/magaza\/urun\/925-ayar-hindistan-labradorit-tasli-unicorn-kolye\/#breadcrumb"},"inLanguage":"tr","potentialAction":[{"@type":"ReadAction","target":["https:\/\/astrologelvan.com\/magaza\/urun\/925-ayar-hindistan-labradorit-tasli-unicorn-kolye\/"]}]},{"@type":"ImageObject","inLanguage":"tr","@id":"https:\/\/astrologelvan.com\/magaza\/urun\/925-ayar-hindistan-labradorit-tasli-unicorn-kolye\/#primaryimage","url":"https:\/\/astrologelvan.com\/magaza\/wp-content\/uploads\/2024\/02\/Hindistan-Labradorit-Tasli-Kolye-Unicorn-min.jpg","contentUrl":"https:\/\/astrologelvan.com\/magaza\/wp-content\/uploads\/2024\/02\/Hindistan-Labradorit-Tasli-Kolye-Unicorn-min.jpg","width":1080,"height":1080},{"@type":"BreadcrumbList","@id":"https:\/\/astrologelvan.com\/magaza\/urun\/925-ayar-hindistan-labradorit-tasli-unicorn-kolye\/#breadcrumb","itemListElement":[{"@type":"ListItem","position":1,"name":"Anasayfa","item":"https:\/\/astrologelvan.com\/magaza\/"},{"@type":"ListItem","position":2,"name":"Ma\u011faza","item":"https:\/\/astrologelvan.com\/magaza\/magaza\/"},{"@type":"ListItem","position":3,"name":"H\u0130ND\u0130STAN LABRADOR\u0130T TA\u015eLI UN\u0130CORN KOLYE |\u00a0925 AYAR UNICORN"}]},{"@type":"WebSite","@id":"https:\/\/astrologelvan.com\/magaza\/#website","url":"https:\/\/astrologelvan.com\/magaza\/","name":"Astrolog Elvan","description":"","potentialAction":[{"@type":"SearchAction","target":{"@type":"EntryPoint","urlTemplate":"https:\/\/astrologelvan.com\/magaza\/?s={search_term_string}"},"query-input":{"@type":"PropertyValueSpecification","valueRequired":true,"valueName":"search_term_string"}}],"inLanguage":"tr"}]}},"_links":{"self":[{"href":"https:\/\/astrologelvan.com\/magaza\/wp-json\/wp\/v2\/product\/865","targetHints":{"allow":["GET"]}}],"collection":[{"href":"https:\/\/astrologelvan.com\/magaza\/wp-json\/wp\/v2\/product"}],"about":[{"href":"https:\/\/astrologelvan.com\/magaza\/wp-json\/wp\/v2\/types\/product"}],"replies":[{"embeddable":true,"href":"https:\/\/astrologelvan.com\/magaza\/wp-json\/wp\/v2\/comments?post=865"}],"wp:featuredmedia":[{"embeddable":true,"href":"https:\/\/astrologelvan.com\/magaza\/wp-json\/wp\/v2\/media\/929"}],"wp:attachment":[{"href":"https:\/\/astrologelvan.com\/magaza\/wp-json\/wp\/v2\/media?parent=865"}],"wp:term":[{"taxonomy":"product_brand","embeddable":true,"href":"https:\/\/astrologelvan.com\/magaza\/wp-json\/wp\/v2\/product_brand?post=865"},{"taxonomy":"product_cat","embeddable":true,"href":"https:\/\/astrologelvan.com\/magaza\/wp-json\/wp\/v2\/product_cat?post=865"},{"taxonomy":"product_tag","embeddable":true,"href":"https:\/\/astrologelvan.com\/magaza\/wp-json\/wp\/v2\/product_tag?post=865"}],"curies":[{"name":"wp","href":"https:\/\/api.w.org\/{rel}","templated":true}]}}