{"id":864,"date":"2024-02-28T02:56:29","date_gmt":"2024-02-27T23:56:29","guid":{"rendered":"https:\/\/astrologelvan.shop\/?post_type=product&#038;p=864"},"modified":"2025-12-24T16:28:16","modified_gmt":"2025-12-24T13:28:16","slug":"hindistan-unicorn-morganit-tasli-bileklik","status":"publish","type":"product","link":"https:\/\/astrologelvan.com\/magaza\/urun\/hindistan-unicorn-morganit-tasli-bileklik\/","title":{"rendered":"H\u0130ND\u0130STAN UN\u0130CORN MORGAN\u0130T TA\u015eLI B\u0130LEKL\u0130K"},"content":{"rendered":"<p class=\"p1\">Hindistan Unicorn Bileklik<\/p>\n<p class=\"p1\">Ta\u015f\u0131n yakla\u015f\u0131k \u00f6l\u00e7\u00fcs\u00fc: 10 MM<\/p>\n<p class=\"p1\">925 Ayar G\u00fcm\u00fc\u015f Fil<\/p>\n<p>&nbsp;<\/p>\n<p>Do\u011fal ta\u015f kolyelerimizin tasar\u0131mlar\u0131nda do\u011frudan cilde temas etmesini sa\u011fl\u0131yoruz. B\u00f6ylece do\u011fal ta\u015f kolyenizi takt\u0131k\u00e7a v\u00fccudunuzun titre\u015fimlerine ba\u011flan\u0131r ve size denge ve uyum getirir.<\/p>\n<p>G\u00fcm\u00fc\u015f kararmas\u0131 iadeye tabi de\u011fildir. Do\u011fal y\u00f6ntemlerle ya da sol\u00fcsyon kullanarak kararan g\u00fcm\u00fc\u015f\u00fc yeniden parlatman\u0131z m\u00fcmk\u00fcnd\u00fcr.<\/p>\n<p>Tak\u0131lar\u0131n\u0131z\u0131n uzun s\u00fcre kullanabilmesi i\u00e7in; Parf\u00fcm, su, s\u0131v\u0131, dezenfektan, krem v.b. gibi maddelerle temas etmemesi, du\u015f-banyo s\u0131ras\u0131nda \u00e7\u0131kart\u0131lmas\u0131 gerekmektedir. Ki\u015finin ter-ten yap\u0131s\u0131na g\u00f6re de etkilenmektedir. Tak\u0131lar\u0131n\u0131z\u0131 kullanmad\u0131\u011f\u0131n\u0131z zamanlarda kesesinde saklaman\u0131z\u0131 \u00f6neririz.<\/p>\n<p>Do\u011fal ta\u015flar\u0131n belirli titre\u015fimlere ve frekanslara sahip oldu\u011fu bilinmektedir. Bu nedenle v\u00fccudumuzda ve auram\u0131zda birtak\u0131m iyi etkileri oldu\u011fu s\u00f6ylenmektedir. Ta\u015flar\u0131n \u00f6zelliklerinin bilimsel kesinli\u011fi yoktur. Astrologelvan ma\u011fazas\u0131ndaki t\u00fcm ta\u015flar orijinal, ger\u00e7ek do\u011fal ta\u015flard\u0131r. T\u0131bbi konularda doktora dan\u0131\u015fman\u0131z\u0131 tavsiye ederiz. Ta\u015flar\u0131n tedavi edici \u00f6zelli\u011fi yoktur, sadece ki\u015fisel enerjimizi y\u00fckseltmekte ve astrolojik olarak da temsil etti\u011fi gezegenlerin etkilerini artt\u0131rmakta oldu\u011fu kabul edilir. \u00d6rne\u011fin; pembe kuvars ta\u015f\u0131 a\u015fk ve sevgi gezegeni Ven\u00fcs\u2019\u00fcn ta\u015f\u0131d\u0131r ve bu sebeple \u00fczerinde ta\u015f\u0131yan ki\u015finin a\u015fk ve sevgi frekans\u0131n\u0131 y\u00fckseltti\u011fi bilinir.<\/p>\n","protected":false},"excerpt":{"rendered":"<h4><strong>Evlilik Ta\u015f\u0131<\/strong><br \/>\n<strong>\u00d6zel Tasar\u0131m Ohm ile birlikte<\/strong><\/h4>\n<p class=\"p1\">A\u015fkla ilgili t\u00fcm ba\u011flar\u0131 g\u00fc\u00e7l\u00fc enerjisi ile \u00e7ekmektedir. \u00c7\u00fcnk\u00fc kalp \u00e7akralar\u0131 ba\u015fta olmak \u00fczere t\u00fcm \u00e7akralarla orant\u0131l\u0131 ve uyumlu bir \u015fekilde \u00e7al\u0131\u015fmaktad\u0131r. Kalbinizi a\u00e7arak olumsuz duygulardan ar\u0131nman\u0131z\u0131 sa\u011flamakla beraber duygular\u0131n\u0131z\u0131n dengelenmesini, merhamet ve \u015fefkat gibi duygular\u0131n\u0131z\u0131 \u00f6n plana \u00e7\u0131kar\u0131r. Sevgiyi hayat\u0131n\u0131za \u00e7ekerek ili\u015fkilerinize bir uyum getirir.<\/p>\n","protected":false},"featured_media":928,"comment_status":"open","ping_status":"closed","template":"","meta":[],"product_brand":[],"product_cat":[258,259,460,439,432],"product_tag":[],"class_list":{"0":"post-864","1":"product","2":"type-product","3":"status-publish","4":"has-post-thumbnail","6":"product_cat-bileklik","7":"product_cat-bileklikler","8":"product_cat-buyulu-hindistan","9":"product_cat-morganit-tasi","10":"product_cat-unicorn-serisi","12":"first","13":"outofstock","14":"taxable","15":"shipping-taxable","16":"purchasable","17":"product-type-simple"},"yoast_head":"<!-- This site is optimized with the Yoast SEO plugin v27.3 - https:\/\/yoast.com\/product\/yoast-seo-wordpress\/ -->\n<title>H\u0130ND\u0130STAN UN\u0130CORN MORGAN\u0130T TA\u015eLI B\u0130LEKL\u0130K - Astrolog Elvan<\/title>\n<meta name=\"robots\" content=\"index, follow, max-snippet:-1, max-image-preview:large, max-video-preview:-1\" \/>\n<link rel=\"canonical\" href=\"https:\/\/astrologelvan.com\/magaza\/urun\/hindistan-unicorn-morganit-tasli-bileklik\/\" \/>\n<meta property=\"og:locale\" content=\"tr_TR\" \/>\n<meta property=\"og:type\" content=\"article\" \/>\n<meta property=\"og:title\" content=\"H\u0130ND\u0130STAN UN\u0130CORN MORGAN\u0130T TA\u015eLI B\u0130LEKL\u0130K - Astrolog Elvan\" \/>\n<meta property=\"og:description\" content=\"Evlilik Ta\u015f\u0131 \u00d6zel Tasar\u0131m Ohm ile birlikte A\u015fkla ilgili t\u00fcm ba\u011flar\u0131 g\u00fc\u00e7l\u00fc enerjisi ile \u00e7ekmektedir. \u00c7\u00fcnk\u00fc kalp \u00e7akralar\u0131 ba\u015fta olmak \u00fczere t\u00fcm \u00e7akralarla orant\u0131l\u0131 ve uyumlu bir \u015fekilde \u00e7al\u0131\u015fmaktad\u0131r. Kalbinizi a\u00e7arak olumsuz duygulardan ar\u0131nman\u0131z\u0131 sa\u011flamakla beraber duygular\u0131n\u0131z\u0131n dengelenmesini, merhamet ve \u015fefkat gibi duygular\u0131n\u0131z\u0131 \u00f6n plana \u00e7\u0131kar\u0131r. Sevgiyi hayat\u0131n\u0131za \u00e7ekerek ili\u015fkilerinize bir uyum getirir.\" \/>\n<meta property=\"og:url\" content=\"https:\/\/astrologelvan.com\/magaza\/urun\/hindistan-unicorn-morganit-tasli-bileklik\/\" \/>\n<meta property=\"og:site_name\" content=\"Astrolog Elvan\" \/>\n<meta property=\"article:modified_time\" content=\"2025-12-24T13:28:16+00:00\" \/>\n<meta property=\"og:image\" content=\"https:\/\/astrologelvan.com\/magaza\/wp-content\/uploads\/2024\/02\/Hindistan-Unicorn-Morganit-Tasli-Bileklik.jpg\" \/>\n\t<meta property=\"og:image:width\" content=\"1620\" \/>\n\t<meta property=\"og:image:height\" content=\"1080\" \/>\n\t<meta property=\"og:image:type\" content=\"image\/jpeg\" \/>\n<meta name=\"twitter:card\" content=\"summary_large_image\" \/>\n<meta name=\"twitter:label1\" content=\"Tahmini okuma s\u00fcresi\" \/>\n\t<meta name=\"twitter:data1\" content=\"2 dakika\" \/>\n<script type=\"application\/ld+json\" class=\"yoast-schema-graph\">{\"@context\":\"https:\\\/\\\/schema.org\",\"@graph\":[{\"@type\":[\"WebPage\",\"ItemPage\"],\"@id\":\"https:\\\/\\\/astrologelvan.com\\\/magaza\\\/urun\\\/hindistan-unicorn-morganit-tasli-bileklik\\\/\",\"url\":\"https:\\\/\\\/astrologelvan.com\\\/magaza\\\/urun\\\/hindistan-unicorn-morganit-tasli-bileklik\\\/\",\"name\":\"H\u0130ND\u0130STAN UN\u0130CORN MORGAN\u0130T TA\u015eLI B\u0130LEKL\u0130K - Astrolog Elvan\",\"isPartOf\":{\"@id\":\"https:\\\/\\\/astrologelvan.com\\\/magaza\\\/#website\"},\"primaryImageOfPage\":{\"@id\":\"https:\\\/\\\/astrologelvan.com\\\/magaza\\\/urun\\\/hindistan-unicorn-morganit-tasli-bileklik\\\/#primaryimage\"},\"image\":{\"@id\":\"https:\\\/\\\/astrologelvan.com\\\/magaza\\\/urun\\\/hindistan-unicorn-morganit-tasli-bileklik\\\/#primaryimage\"},\"thumbnailUrl\":\"https:\\\/\\\/astrologelvan.com\\\/magaza\\\/wp-content\\\/uploads\\\/2024\\\/02\\\/Hindistan-Unicorn-Morganit-Tasli-Bileklik.jpg\",\"datePublished\":\"2024-02-27T23:56:29+00:00\",\"dateModified\":\"2025-12-24T13:28:16+00:00\",\"breadcrumb\":{\"@id\":\"https:\\\/\\\/astrologelvan.com\\\/magaza\\\/urun\\\/hindistan-unicorn-morganit-tasli-bileklik\\\/#breadcrumb\"},\"inLanguage\":\"tr\",\"potentialAction\":[{\"@type\":\"ReadAction\",\"target\":[\"https:\\\/\\\/astrologelvan.com\\\/magaza\\\/urun\\\/hindistan-unicorn-morganit-tasli-bileklik\\\/\"]}]},{\"@type\":\"ImageObject\",\"inLanguage\":\"tr\",\"@id\":\"https:\\\/\\\/astrologelvan.com\\\/magaza\\\/urun\\\/hindistan-unicorn-morganit-tasli-bileklik\\\/#primaryimage\",\"url\":\"https:\\\/\\\/astrologelvan.com\\\/magaza\\\/wp-content\\\/uploads\\\/2024\\\/02\\\/Hindistan-Unicorn-Morganit-Tasli-Bileklik.jpg\",\"contentUrl\":\"https:\\\/\\\/astrologelvan.com\\\/magaza\\\/wp-content\\\/uploads\\\/2024\\\/02\\\/Hindistan-Unicorn-Morganit-Tasli-Bileklik.jpg\",\"width\":1620,\"height\":1080},{\"@type\":\"BreadcrumbList\",\"@id\":\"https:\\\/\\\/astrologelvan.com\\\/magaza\\\/urun\\\/hindistan-unicorn-morganit-tasli-bileklik\\\/#breadcrumb\",\"itemListElement\":[{\"@type\":\"ListItem\",\"position\":1,\"name\":\"Anasayfa\",\"item\":\"https:\\\/\\\/astrologelvan.com\\\/magaza\\\/\"},{\"@type\":\"ListItem\",\"position\":2,\"name\":\"Ma\u011faza\",\"item\":\"https:\\\/\\\/astrologelvan.com\\\/magaza\\\/magaza\\\/\"},{\"@type\":\"ListItem\",\"position\":3,\"name\":\"H\u0130ND\u0130STAN UN\u0130CORN MORGAN\u0130T TA\u015eLI B\u0130LEKL\u0130K\"}]},{\"@type\":\"WebSite\",\"@id\":\"https:\\\/\\\/astrologelvan.com\\\/magaza\\\/#website\",\"url\":\"https:\\\/\\\/astrologelvan.com\\\/magaza\\\/\",\"name\":\"Astrolog Elvan\",\"description\":\"\",\"potentialAction\":[{\"@type\":\"SearchAction\",\"target\":{\"@type\":\"EntryPoint\",\"urlTemplate\":\"https:\\\/\\\/astrologelvan.com\\\/magaza\\\/?s={search_term_string}\"},\"query-input\":{\"@type\":\"PropertyValueSpecification\",\"valueRequired\":true,\"valueName\":\"search_term_string\"}}],\"inLanguage\":\"tr\"}]}<\/script>\n<!-- \/ Yoast SEO plugin. -->","yoast_head_json":{"title":"H\u0130ND\u0130STAN UN\u0130CORN MORGAN\u0130T TA\u015eLI B\u0130LEKL\u0130K - Astrolog Elvan","robots":{"index":"index","follow":"follow","max-snippet":"max-snippet:-1","max-image-preview":"max-image-preview:large","max-video-preview":"max-video-preview:-1"},"canonical":"https:\/\/astrologelvan.com\/magaza\/urun\/hindistan-unicorn-morganit-tasli-bileklik\/","og_locale":"tr_TR","og_type":"article","og_title":"H\u0130ND\u0130STAN UN\u0130CORN MORGAN\u0130T TA\u015eLI B\u0130LEKL\u0130K - Astrolog Elvan","og_description":"Evlilik Ta\u015f\u0131 \u00d6zel Tasar\u0131m Ohm ile birlikte A\u015fkla ilgili t\u00fcm ba\u011flar\u0131 g\u00fc\u00e7l\u00fc enerjisi ile \u00e7ekmektedir. \u00c7\u00fcnk\u00fc kalp \u00e7akralar\u0131 ba\u015fta olmak \u00fczere t\u00fcm \u00e7akralarla orant\u0131l\u0131 ve uyumlu bir \u015fekilde \u00e7al\u0131\u015fmaktad\u0131r. Kalbinizi a\u00e7arak olumsuz duygulardan ar\u0131nman\u0131z\u0131 sa\u011flamakla beraber duygular\u0131n\u0131z\u0131n dengelenmesini, merhamet ve \u015fefkat gibi duygular\u0131n\u0131z\u0131 \u00f6n plana \u00e7\u0131kar\u0131r. Sevgiyi hayat\u0131n\u0131za \u00e7ekerek ili\u015fkilerinize bir uyum getirir.","og_url":"https:\/\/astrologelvan.com\/magaza\/urun\/hindistan-unicorn-morganit-tasli-bileklik\/","og_site_name":"Astrolog Elvan","article_modified_time":"2025-12-24T13:28:16+00:00","og_image":[{"width":1620,"height":1080,"url":"https:\/\/astrologelvan.com\/magaza\/wp-content\/uploads\/2024\/02\/Hindistan-Unicorn-Morganit-Tasli-Bileklik.jpg","type":"image\/jpeg"}],"twitter_card":"summary_large_image","twitter_misc":{"Tahmini okuma s\u00fcresi":"2 dakika"},"schema":{"@context":"https:\/\/schema.org","@graph":[{"@type":["WebPage","ItemPage"],"@id":"https:\/\/astrologelvan.com\/magaza\/urun\/hindistan-unicorn-morganit-tasli-bileklik\/","url":"https:\/\/astrologelvan.com\/magaza\/urun\/hindistan-unicorn-morganit-tasli-bileklik\/","name":"H\u0130ND\u0130STAN UN\u0130CORN MORGAN\u0130T TA\u015eLI B\u0130LEKL\u0130K - Astrolog Elvan","isPartOf":{"@id":"https:\/\/astrologelvan.com\/magaza\/#website"},"primaryImageOfPage":{"@id":"https:\/\/astrologelvan.com\/magaza\/urun\/hindistan-unicorn-morganit-tasli-bileklik\/#primaryimage"},"image":{"@id":"https:\/\/astrologelvan.com\/magaza\/urun\/hindistan-unicorn-morganit-tasli-bileklik\/#primaryimage"},"thumbnailUrl":"https:\/\/astrologelvan.com\/magaza\/wp-content\/uploads\/2024\/02\/Hindistan-Unicorn-Morganit-Tasli-Bileklik.jpg","datePublished":"2024-02-27T23:56:29+00:00","dateModified":"2025-12-24T13:28:16+00:00","breadcrumb":{"@id":"https:\/\/astrologelvan.com\/magaza\/urun\/hindistan-unicorn-morganit-tasli-bileklik\/#breadcrumb"},"inLanguage":"tr","potentialAction":[{"@type":"ReadAction","target":["https:\/\/astrologelvan.com\/magaza\/urun\/hindistan-unicorn-morganit-tasli-bileklik\/"]}]},{"@type":"ImageObject","inLanguage":"tr","@id":"https:\/\/astrologelvan.com\/magaza\/urun\/hindistan-unicorn-morganit-tasli-bileklik\/#primaryimage","url":"https:\/\/astrologelvan.com\/magaza\/wp-content\/uploads\/2024\/02\/Hindistan-Unicorn-Morganit-Tasli-Bileklik.jpg","contentUrl":"https:\/\/astrologelvan.com\/magaza\/wp-content\/uploads\/2024\/02\/Hindistan-Unicorn-Morganit-Tasli-Bileklik.jpg","width":1620,"height":1080},{"@type":"BreadcrumbList","@id":"https:\/\/astrologelvan.com\/magaza\/urun\/hindistan-unicorn-morganit-tasli-bileklik\/#breadcrumb","itemListElement":[{"@type":"ListItem","position":1,"name":"Anasayfa","item":"https:\/\/astrologelvan.com\/magaza\/"},{"@type":"ListItem","position":2,"name":"Ma\u011faza","item":"https:\/\/astrologelvan.com\/magaza\/magaza\/"},{"@type":"ListItem","position":3,"name":"H\u0130ND\u0130STAN UN\u0130CORN MORGAN\u0130T TA\u015eLI B\u0130LEKL\u0130K"}]},{"@type":"WebSite","@id":"https:\/\/astrologelvan.com\/magaza\/#website","url":"https:\/\/astrologelvan.com\/magaza\/","name":"Astrolog Elvan","description":"","potentialAction":[{"@type":"SearchAction","target":{"@type":"EntryPoint","urlTemplate":"https:\/\/astrologelvan.com\/magaza\/?s={search_term_string}"},"query-input":{"@type":"PropertyValueSpecification","valueRequired":true,"valueName":"search_term_string"}}],"inLanguage":"tr"}]}},"_links":{"self":[{"href":"https:\/\/astrologelvan.com\/magaza\/wp-json\/wp\/v2\/product\/864","targetHints":{"allow":["GET"]}}],"collection":[{"href":"https:\/\/astrologelvan.com\/magaza\/wp-json\/wp\/v2\/product"}],"about":[{"href":"https:\/\/astrologelvan.com\/magaza\/wp-json\/wp\/v2\/types\/product"}],"replies":[{"embeddable":true,"href":"https:\/\/astrologelvan.com\/magaza\/wp-json\/wp\/v2\/comments?post=864"}],"wp:featuredmedia":[{"embeddable":true,"href":"https:\/\/astrologelvan.com\/magaza\/wp-json\/wp\/v2\/media\/928"}],"wp:attachment":[{"href":"https:\/\/astrologelvan.com\/magaza\/wp-json\/wp\/v2\/media?parent=864"}],"wp:term":[{"taxonomy":"product_brand","embeddable":true,"href":"https:\/\/astrologelvan.com\/magaza\/wp-json\/wp\/v2\/product_brand?post=864"},{"taxonomy":"product_cat","embeddable":true,"href":"https:\/\/astrologelvan.com\/magaza\/wp-json\/wp\/v2\/product_cat?post=864"},{"taxonomy":"product_tag","embeddable":true,"href":"https:\/\/astrologelvan.com\/magaza\/wp-json\/wp\/v2\/product_tag?post=864"}],"curies":[{"name":"wp","href":"https:\/\/api.w.org\/{rel}","templated":true}]}}