{"id":863,"date":"2024-02-28T02:56:29","date_gmt":"2024-02-27T23:56:29","guid":{"rendered":"https:\/\/astrologelvan.shop\/?post_type=product&#038;p=863"},"modified":"2026-04-03T11:31:59","modified_gmt":"2026-04-03T08:31:59","slug":"cuzdan-sitrini","status":"publish","type":"product","link":"https:\/\/astrologelvan.com\/magaza\/urun\/cuzdan-sitrini\/","title":{"rendered":"C\u00dcZDAN S\u0130TR\u0130N\u0130"},"content":{"rendered":"<p class=\"p1\"><b>\u00dcR\u00dcN \u00d6ZELL\u0130KLER\u0130<\/b><\/p>\n<p class=\"p2\">Sitrin Ta\u015f\u0131<\/p>\n<p class=\"p2\">Ta\u015f\u0131n yakla\u015f\u0131k \u00f6l\u00e7\u00fcs\u00fc:\u00a012-14 MM<\/p>\n<p><strong>Tak\u0131lar\u0131n\u0131z\u0131n uzun s\u00fcre kullanabilmesi i\u00e7in; Parf\u00fcm, su, s\u0131v\u0131, dezenfektan, krem v.b. gibi maddelerle temas etmemesi, du\u015f-banyo s\u0131ras\u0131nda \u00e7\u0131kart\u0131lmas\u0131 gerekmektedir. Ki\u015finin ter-ten yap\u0131s\u0131na g\u00f6re de etkilenmektedir. Tak\u0131lar\u0131n\u0131z\u0131 kullanmad\u0131\u011f\u0131n\u0131z zamanlarda kesesinde saklaman\u0131z\u0131 \u00f6neririz.<\/strong><\/p>\n<p><strong>Do\u011fal ta\u015flar\u0131n belirli titre\u015fimlere ve frekanslara sahip oldu\u011fu bilinmektedir. Bu nedenle v\u00fccudumuzda ve auram\u0131zda birtak\u0131m iyi etkileri oldu\u011fu s\u00f6ylenmektedir. Ta\u015flar\u0131n \u00f6zelliklerinin bilimsel kesinli\u011fi yoktur. Astrologelvan ma\u011fazas\u0131ndaki t\u00fcm ta\u015flar orijinal, ger\u00e7ek do\u011fal ta\u015flard\u0131r. T\u0131bbi konularda doktora dan\u0131\u015fman\u0131z\u0131 tavsiye ederiz. Ta\u015flar\u0131n tedavi edici \u00f6zelli\u011fi yoktur, sadece ki\u015fisel enerjimizi y\u00fckseltmekte ve astrolojik olarak da temsil etti\u011fi gezegenlerin etkilerini artt\u0131rmakta oldu\u011fu kabul edilir. \u00d6rne\u011fin; pembe kuvars ta\u015f\u0131 a\u015fk ve sevgi gezegeni Ven\u00fcs&#8217;\u00fcn ta\u015f\u0131d\u0131r ve bu sebeple \u00fczerinde ta\u015f\u0131yan ki\u015finin a\u015fk ve sevgi frekans\u0131n\u0131 y\u00fckseltti\u011fi bilinir.<\/strong><\/p>\n<p>&nbsp;<\/p>\n","protected":false},"excerpt":{"rendered":"<p class=\"p1\"><b>Sitrin ta\u015f\u0131<\/b> hayat\u0131n\u0131za bolluk, bereket ve \u015fans\u0131 \u00e7ekmenize yard\u0131mc\u0131 olur. Sitrin \u00e7ok eski zamanlardan beri t\u00fcccar ta\u015f\u0131 olarak bilinir. Bir di\u011fer ad\u0131; Para ta\u015f\u0131 olarak da bilinen Sitrin ta\u015f\u0131n\u0131 kullanmaya ba\u015flad\u0131\u011f\u0131n\u0131z andan itibaren finansal a\u00e7\u0131dan f\u0131rsatlar\u0131 hayat\u0131n\u0131za \u00e7ekti\u011fi s\u00f6ylenir. C\u00fczdan sitrin ta\u015f\u0131n\u0131z\u0131 ada\u00e7ay\u0131 ile t\u00fcts\u00fcleyip, minik kesesi ile \u00e7antan\u0131za atabilirsiniz. Ya da direkt sitrin ta\u015f\u0131n\u0131z\u0131 c\u00fczdan\u0131n\u0131z\u0131n i\u00e7inde ta\u015f\u0131yabilirsiniz.<\/p>\n<p class=\"p1\">C\u00fczdan Sitrini ta\u015f\u0131n\u0131z kese ile birlikte gelecektir.<\/p>\n","protected":false},"featured_media":5551,"comment_status":"open","ping_status":"closed","template":"","meta":[],"product_brand":[],"product_cat":[65],"product_tag":[39],"class_list":{"0":"post-863","1":"product","2":"type-product","3":"status-publish","4":"has-post-thumbnail","6":"product_cat-sitrin-dogal-tas","7":"product_tag-astrolog-elvan","9":"first","10":"instock","11":"sale","12":"taxable","13":"shipping-taxable","14":"purchasable","15":"product-type-simple"},"yoast_head":"<!-- This site is optimized with the Yoast SEO plugin v27.3 - https:\/\/yoast.com\/product\/yoast-seo-wordpress\/ -->\n<title>C\u00dcZDAN S\u0130TR\u0130N\u0130 - Astrolog Elvan<\/title>\n<meta name=\"robots\" content=\"index, follow, max-snippet:-1, max-image-preview:large, max-video-preview:-1\" \/>\n<link rel=\"canonical\" href=\"https:\/\/astrologelvan.com\/magaza\/urun\/cuzdan-sitrini\/\" \/>\n<meta property=\"og:locale\" content=\"tr_TR\" \/>\n<meta property=\"og:type\" content=\"article\" \/>\n<meta property=\"og:title\" content=\"C\u00dcZDAN S\u0130TR\u0130N\u0130 - Astrolog Elvan\" \/>\n<meta property=\"og:description\" content=\"Sitrin ta\u015f\u0131 hayat\u0131n\u0131za bolluk, bereket ve \u015fans\u0131 \u00e7ekmenize yard\u0131mc\u0131 olur. Sitrin \u00e7ok eski zamanlardan beri t\u00fcccar ta\u015f\u0131 olarak bilinir. Bir di\u011fer ad\u0131; Para ta\u015f\u0131 olarak da bilinen Sitrin ta\u015f\u0131n\u0131 kullanmaya ba\u015flad\u0131\u011f\u0131n\u0131z andan itibaren finansal a\u00e7\u0131dan f\u0131rsatlar\u0131 hayat\u0131n\u0131za \u00e7ekti\u011fi s\u00f6ylenir. C\u00fczdan sitrin ta\u015f\u0131n\u0131z\u0131 ada\u00e7ay\u0131 ile t\u00fcts\u00fcleyip, minik kesesi ile \u00e7antan\u0131za atabilirsiniz. Ya da direkt sitrin ta\u015f\u0131n\u0131z\u0131 c\u00fczdan\u0131n\u0131z\u0131n i\u00e7inde ta\u015f\u0131yabilirsiniz. C\u00fczdan Sitrini ta\u015f\u0131n\u0131z kese ile birlikte gelecektir.\" \/>\n<meta property=\"og:url\" content=\"https:\/\/astrologelvan.com\/magaza\/urun\/cuzdan-sitrini\/\" \/>\n<meta property=\"og:site_name\" content=\"Astrolog Elvan\" \/>\n<meta property=\"article:modified_time\" content=\"2026-04-03T08:31:59+00:00\" \/>\n<meta property=\"og:image\" content=\"https:\/\/astrologelvan.com\/magaza\/wp-content\/uploads\/2024\/02\/1-65.jpg\" \/>\n\t<meta property=\"og:image:width\" content=\"1600\" \/>\n\t<meta property=\"og:image:height\" content=\"1600\" \/>\n\t<meta property=\"og:image:type\" content=\"image\/jpeg\" \/>\n<meta name=\"twitter:card\" content=\"summary_large_image\" \/>\n<meta name=\"twitter:label1\" content=\"Tahmini okuma s\u00fcresi\" \/>\n\t<meta name=\"twitter:data1\" content=\"1 dakika\" \/>\n<script type=\"application\/ld+json\" class=\"yoast-schema-graph\">{\"@context\":\"https:\\\/\\\/schema.org\",\"@graph\":[{\"@type\":[\"WebPage\",\"ItemPage\"],\"@id\":\"https:\\\/\\\/astrologelvan.com\\\/magaza\\\/urun\\\/cuzdan-sitrini\\\/\",\"url\":\"https:\\\/\\\/astrologelvan.com\\\/magaza\\\/urun\\\/cuzdan-sitrini\\\/\",\"name\":\"C\u00dcZDAN S\u0130TR\u0130N\u0130 - Astrolog Elvan\",\"isPartOf\":{\"@id\":\"https:\\\/\\\/astrologelvan.com\\\/magaza\\\/#website\"},\"primaryImageOfPage\":{\"@id\":\"https:\\\/\\\/astrologelvan.com\\\/magaza\\\/urun\\\/cuzdan-sitrini\\\/#primaryimage\"},\"image\":{\"@id\":\"https:\\\/\\\/astrologelvan.com\\\/magaza\\\/urun\\\/cuzdan-sitrini\\\/#primaryimage\"},\"thumbnailUrl\":\"https:\\\/\\\/astrologelvan.com\\\/magaza\\\/wp-content\\\/uploads\\\/2024\\\/02\\\/1-65.jpg\",\"datePublished\":\"2024-02-27T23:56:29+00:00\",\"dateModified\":\"2026-04-03T08:31:59+00:00\",\"breadcrumb\":{\"@id\":\"https:\\\/\\\/astrologelvan.com\\\/magaza\\\/urun\\\/cuzdan-sitrini\\\/#breadcrumb\"},\"inLanguage\":\"tr\",\"potentialAction\":[{\"@type\":\"ReadAction\",\"target\":[\"https:\\\/\\\/astrologelvan.com\\\/magaza\\\/urun\\\/cuzdan-sitrini\\\/\"]}]},{\"@type\":\"ImageObject\",\"inLanguage\":\"tr\",\"@id\":\"https:\\\/\\\/astrologelvan.com\\\/magaza\\\/urun\\\/cuzdan-sitrini\\\/#primaryimage\",\"url\":\"https:\\\/\\\/astrologelvan.com\\\/magaza\\\/wp-content\\\/uploads\\\/2024\\\/02\\\/1-65.jpg\",\"contentUrl\":\"https:\\\/\\\/astrologelvan.com\\\/magaza\\\/wp-content\\\/uploads\\\/2024\\\/02\\\/1-65.jpg\",\"width\":1600,\"height\":1600},{\"@type\":\"BreadcrumbList\",\"@id\":\"https:\\\/\\\/astrologelvan.com\\\/magaza\\\/urun\\\/cuzdan-sitrini\\\/#breadcrumb\",\"itemListElement\":[{\"@type\":\"ListItem\",\"position\":1,\"name\":\"Anasayfa\",\"item\":\"https:\\\/\\\/astrologelvan.com\\\/magaza\\\/\"},{\"@type\":\"ListItem\",\"position\":2,\"name\":\"Ma\u011faza\",\"item\":\"https:\\\/\\\/astrologelvan.com\\\/magaza\\\/magaza\\\/\"},{\"@type\":\"ListItem\",\"position\":3,\"name\":\"C\u00dcZDAN S\u0130TR\u0130N\u0130\"}]},{\"@type\":\"WebSite\",\"@id\":\"https:\\\/\\\/astrologelvan.com\\\/magaza\\\/#website\",\"url\":\"https:\\\/\\\/astrologelvan.com\\\/magaza\\\/\",\"name\":\"Astrolog Elvan\",\"description\":\"\",\"potentialAction\":[{\"@type\":\"SearchAction\",\"target\":{\"@type\":\"EntryPoint\",\"urlTemplate\":\"https:\\\/\\\/astrologelvan.com\\\/magaza\\\/?s={search_term_string}\"},\"query-input\":{\"@type\":\"PropertyValueSpecification\",\"valueRequired\":true,\"valueName\":\"search_term_string\"}}],\"inLanguage\":\"tr\"}]}<\/script>\n<!-- \/ Yoast SEO plugin. -->","yoast_head_json":{"title":"C\u00dcZDAN S\u0130TR\u0130N\u0130 - Astrolog Elvan","robots":{"index":"index","follow":"follow","max-snippet":"max-snippet:-1","max-image-preview":"max-image-preview:large","max-video-preview":"max-video-preview:-1"},"canonical":"https:\/\/astrologelvan.com\/magaza\/urun\/cuzdan-sitrini\/","og_locale":"tr_TR","og_type":"article","og_title":"C\u00dcZDAN S\u0130TR\u0130N\u0130 - Astrolog Elvan","og_description":"Sitrin ta\u015f\u0131 hayat\u0131n\u0131za bolluk, bereket ve \u015fans\u0131 \u00e7ekmenize yard\u0131mc\u0131 olur. Sitrin \u00e7ok eski zamanlardan beri t\u00fcccar ta\u015f\u0131 olarak bilinir. Bir di\u011fer ad\u0131; Para ta\u015f\u0131 olarak da bilinen Sitrin ta\u015f\u0131n\u0131 kullanmaya ba\u015flad\u0131\u011f\u0131n\u0131z andan itibaren finansal a\u00e7\u0131dan f\u0131rsatlar\u0131 hayat\u0131n\u0131za \u00e7ekti\u011fi s\u00f6ylenir. C\u00fczdan sitrin ta\u015f\u0131n\u0131z\u0131 ada\u00e7ay\u0131 ile t\u00fcts\u00fcleyip, minik kesesi ile \u00e7antan\u0131za atabilirsiniz. Ya da direkt sitrin ta\u015f\u0131n\u0131z\u0131 c\u00fczdan\u0131n\u0131z\u0131n i\u00e7inde ta\u015f\u0131yabilirsiniz. C\u00fczdan Sitrini ta\u015f\u0131n\u0131z kese ile birlikte gelecektir.","og_url":"https:\/\/astrologelvan.com\/magaza\/urun\/cuzdan-sitrini\/","og_site_name":"Astrolog Elvan","article_modified_time":"2026-04-03T08:31:59+00:00","og_image":[{"width":1600,"height":1600,"url":"https:\/\/astrologelvan.com\/magaza\/wp-content\/uploads\/2024\/02\/1-65.jpg","type":"image\/jpeg"}],"twitter_card":"summary_large_image","twitter_misc":{"Tahmini okuma s\u00fcresi":"1 dakika"},"schema":{"@context":"https:\/\/schema.org","@graph":[{"@type":["WebPage","ItemPage"],"@id":"https:\/\/astrologelvan.com\/magaza\/urun\/cuzdan-sitrini\/","url":"https:\/\/astrologelvan.com\/magaza\/urun\/cuzdan-sitrini\/","name":"C\u00dcZDAN S\u0130TR\u0130N\u0130 - Astrolog Elvan","isPartOf":{"@id":"https:\/\/astrologelvan.com\/magaza\/#website"},"primaryImageOfPage":{"@id":"https:\/\/astrologelvan.com\/magaza\/urun\/cuzdan-sitrini\/#primaryimage"},"image":{"@id":"https:\/\/astrologelvan.com\/magaza\/urun\/cuzdan-sitrini\/#primaryimage"},"thumbnailUrl":"https:\/\/astrologelvan.com\/magaza\/wp-content\/uploads\/2024\/02\/1-65.jpg","datePublished":"2024-02-27T23:56:29+00:00","dateModified":"2026-04-03T08:31:59+00:00","breadcrumb":{"@id":"https:\/\/astrologelvan.com\/magaza\/urun\/cuzdan-sitrini\/#breadcrumb"},"inLanguage":"tr","potentialAction":[{"@type":"ReadAction","target":["https:\/\/astrologelvan.com\/magaza\/urun\/cuzdan-sitrini\/"]}]},{"@type":"ImageObject","inLanguage":"tr","@id":"https:\/\/astrologelvan.com\/magaza\/urun\/cuzdan-sitrini\/#primaryimage","url":"https:\/\/astrologelvan.com\/magaza\/wp-content\/uploads\/2024\/02\/1-65.jpg","contentUrl":"https:\/\/astrologelvan.com\/magaza\/wp-content\/uploads\/2024\/02\/1-65.jpg","width":1600,"height":1600},{"@type":"BreadcrumbList","@id":"https:\/\/astrologelvan.com\/magaza\/urun\/cuzdan-sitrini\/#breadcrumb","itemListElement":[{"@type":"ListItem","position":1,"name":"Anasayfa","item":"https:\/\/astrologelvan.com\/magaza\/"},{"@type":"ListItem","position":2,"name":"Ma\u011faza","item":"https:\/\/astrologelvan.com\/magaza\/magaza\/"},{"@type":"ListItem","position":3,"name":"C\u00dcZDAN S\u0130TR\u0130N\u0130"}]},{"@type":"WebSite","@id":"https:\/\/astrologelvan.com\/magaza\/#website","url":"https:\/\/astrologelvan.com\/magaza\/","name":"Astrolog Elvan","description":"","potentialAction":[{"@type":"SearchAction","target":{"@type":"EntryPoint","urlTemplate":"https:\/\/astrologelvan.com\/magaza\/?s={search_term_string}"},"query-input":{"@type":"PropertyValueSpecification","valueRequired":true,"valueName":"search_term_string"}}],"inLanguage":"tr"}]}},"_links":{"self":[{"href":"https:\/\/astrologelvan.com\/magaza\/wp-json\/wp\/v2\/product\/863","targetHints":{"allow":["GET"]}}],"collection":[{"href":"https:\/\/astrologelvan.com\/magaza\/wp-json\/wp\/v2\/product"}],"about":[{"href":"https:\/\/astrologelvan.com\/magaza\/wp-json\/wp\/v2\/types\/product"}],"replies":[{"embeddable":true,"href":"https:\/\/astrologelvan.com\/magaza\/wp-json\/wp\/v2\/comments?post=863"}],"wp:featuredmedia":[{"embeddable":true,"href":"https:\/\/astrologelvan.com\/magaza\/wp-json\/wp\/v2\/media\/5551"}],"wp:attachment":[{"href":"https:\/\/astrologelvan.com\/magaza\/wp-json\/wp\/v2\/media?parent=863"}],"wp:term":[{"taxonomy":"product_brand","embeddable":true,"href":"https:\/\/astrologelvan.com\/magaza\/wp-json\/wp\/v2\/product_brand?post=863"},{"taxonomy":"product_cat","embeddable":true,"href":"https:\/\/astrologelvan.com\/magaza\/wp-json\/wp\/v2\/product_cat?post=863"},{"taxonomy":"product_tag","embeddable":true,"href":"https:\/\/astrologelvan.com\/magaza\/wp-json\/wp\/v2\/product_tag?post=863"}],"curies":[{"name":"wp","href":"https:\/\/api.w.org\/{rel}","templated":true}]}}