{"id":8627,"date":"2024-05-03T16:14:58","date_gmt":"2024-05-03T13:14:58","guid":{"rendered":"https:\/\/astrologelvan.com\/magaza\/?post_type=product&#038;p=8627"},"modified":"2025-10-06T08:15:15","modified_gmt":"2025-10-06T05:15:15","slug":"ay-paketi-5","status":"publish","type":"product","link":"https:\/\/astrologelvan.com\/magaza\/urun\/ay-paketi-5\/","title":{"rendered":"AY K\u0130T\u0130 5"},"content":{"rendered":"<p><strong>Ay Kiti<\/strong><\/p>\n<p>Umay Ana Kolye: Di\u015fi Uyan\u0131\u015f Do\u011furganl\u0131k ve Bereket Sembol\u00fc<\/p>\n<p class=\"product-title product_title entry-title\">Baby Silindir Form Ba\u015f\u00a0 Melek Cecrail Ta\u015f\u0131 (PREHN\u0130T) Kolye: Sezgilerinizi kuvvetlendirir. Sonsuz sevgi ve \u0131\u015f\u0131k ta\u015f\u0131d\u0131r.<\/p>\n<p>\u0130stiridye<\/p>\n<p>Ada\u00e7ay\u0131<\/p>\n<p>Lavanta<\/p>\n<p>&nbsp;<\/p>\n","protected":false},"excerpt":{"rendered":"<p>Ay Kiti Umay Ana Kolye: Di\u015fi Uyan\u0131\u015f Do\u011furganl\u0131k ve Bereket Sembol\u00fc Baby Silindir Form Ba\u015f\u00a0 Melek Cecrail Ta\u015f\u0131 (PREHN\u0130T) Kolye: Sezgilerinizi kuvvetlendirir. Sonsuz sevgi ve \u0131\u015f\u0131k ta\u015f\u0131d\u0131r. \u0130stiridye Ada\u00e7ay\u0131 Lavanta &nbsp;<\/p>\n","protected":false},"featured_media":8628,"comment_status":"open","ping_status":"closed","template":"","meta":[],"product_brand":[],"product_cat":[470,35],"product_tag":[],"class_list":{"0":"post-8627","1":"product","2":"type-product","3":"status-publish","4":"has-post-thumbnail","6":"product_cat-private-kitler","7":"product_cat-rituel-kitleri","9":"first","10":"instock","11":"taxable","12":"shipping-taxable","13":"purchasable","14":"product-type-simple"},"yoast_head":"<!-- This site is optimized with the Yoast SEO plugin v27.3 - https:\/\/yoast.com\/product\/yoast-seo-wordpress\/ -->\n<title>AY K\u0130T\u0130 5 - Astrolog Elvan<\/title>\n<meta name=\"robots\" content=\"index, follow, max-snippet:-1, max-image-preview:large, max-video-preview:-1\" \/>\n<link rel=\"canonical\" href=\"https:\/\/astrologelvan.com\/magaza\/urun\/ay-paketi-5\/\" \/>\n<meta property=\"og:locale\" content=\"tr_TR\" \/>\n<meta property=\"og:type\" content=\"article\" \/>\n<meta property=\"og:title\" content=\"AY K\u0130T\u0130 5 - Astrolog Elvan\" \/>\n<meta property=\"og:description\" content=\"Ay Kiti Umay Ana Kolye: Di\u015fi Uyan\u0131\u015f Do\u011furganl\u0131k ve Bereket Sembol\u00fc Baby Silindir Form Ba\u015f\u00a0 Melek Cecrail Ta\u015f\u0131 (PREHN\u0130T) Kolye: Sezgilerinizi kuvvetlendirir. Sonsuz sevgi ve \u0131\u015f\u0131k ta\u015f\u0131d\u0131r. \u0130stiridye Ada\u00e7ay\u0131 Lavanta &nbsp;\" \/>\n<meta property=\"og:url\" content=\"https:\/\/astrologelvan.com\/magaza\/urun\/ay-paketi-5\/\" \/>\n<meta property=\"og:site_name\" content=\"Astrolog Elvan\" \/>\n<meta property=\"article:modified_time\" content=\"2025-10-06T05:15:15+00:00\" \/>\n<meta property=\"og:image\" content=\"https:\/\/astrologelvan.com\/magaza\/wp-content\/uploads\/2024\/05\/1-7-scaled.jpg\" \/>\n\t<meta property=\"og:image:width\" content=\"2560\" \/>\n\t<meta property=\"og:image:height\" content=\"2560\" \/>\n\t<meta property=\"og:image:type\" content=\"image\/jpeg\" \/>\n<meta name=\"twitter:card\" content=\"summary_large_image\" \/>\n<meta name=\"twitter:label1\" content=\"Tahmini okuma s\u00fcresi\" \/>\n\t<meta name=\"twitter:data1\" content=\"1 dakika\" \/>\n<script type=\"application\/ld+json\" class=\"yoast-schema-graph\">{\"@context\":\"https:\\\/\\\/schema.org\",\"@graph\":[{\"@type\":[\"WebPage\",\"ItemPage\"],\"@id\":\"https:\\\/\\\/astrologelvan.com\\\/magaza\\\/urun\\\/ay-paketi-5\\\/\",\"url\":\"https:\\\/\\\/astrologelvan.com\\\/magaza\\\/urun\\\/ay-paketi-5\\\/\",\"name\":\"AY K\u0130T\u0130 5 - Astrolog Elvan\",\"isPartOf\":{\"@id\":\"https:\\\/\\\/astrologelvan.com\\\/magaza\\\/#website\"},\"primaryImageOfPage\":{\"@id\":\"https:\\\/\\\/astrologelvan.com\\\/magaza\\\/urun\\\/ay-paketi-5\\\/#primaryimage\"},\"image\":{\"@id\":\"https:\\\/\\\/astrologelvan.com\\\/magaza\\\/urun\\\/ay-paketi-5\\\/#primaryimage\"},\"thumbnailUrl\":\"https:\\\/\\\/astrologelvan.com\\\/magaza\\\/wp-content\\\/uploads\\\/2024\\\/05\\\/1-7-scaled.jpg\",\"datePublished\":\"2024-05-03T13:14:58+00:00\",\"dateModified\":\"2025-10-06T05:15:15+00:00\",\"breadcrumb\":{\"@id\":\"https:\\\/\\\/astrologelvan.com\\\/magaza\\\/urun\\\/ay-paketi-5\\\/#breadcrumb\"},\"inLanguage\":\"tr\",\"potentialAction\":[{\"@type\":\"ReadAction\",\"target\":[\"https:\\\/\\\/astrologelvan.com\\\/magaza\\\/urun\\\/ay-paketi-5\\\/\"]}]},{\"@type\":\"ImageObject\",\"inLanguage\":\"tr\",\"@id\":\"https:\\\/\\\/astrologelvan.com\\\/magaza\\\/urun\\\/ay-paketi-5\\\/#primaryimage\",\"url\":\"https:\\\/\\\/astrologelvan.com\\\/magaza\\\/wp-content\\\/uploads\\\/2024\\\/05\\\/1-7-scaled.jpg\",\"contentUrl\":\"https:\\\/\\\/astrologelvan.com\\\/magaza\\\/wp-content\\\/uploads\\\/2024\\\/05\\\/1-7-scaled.jpg\",\"width\":2560,\"height\":2560},{\"@type\":\"BreadcrumbList\",\"@id\":\"https:\\\/\\\/astrologelvan.com\\\/magaza\\\/urun\\\/ay-paketi-5\\\/#breadcrumb\",\"itemListElement\":[{\"@type\":\"ListItem\",\"position\":1,\"name\":\"Anasayfa\",\"item\":\"https:\\\/\\\/astrologelvan.com\\\/magaza\\\/\"},{\"@type\":\"ListItem\",\"position\":2,\"name\":\"Ma\u011faza\",\"item\":\"https:\\\/\\\/astrologelvan.com\\\/magaza\\\/magaza\\\/\"},{\"@type\":\"ListItem\",\"position\":3,\"name\":\"AY K\u0130T\u0130 5\"}]},{\"@type\":\"WebSite\",\"@id\":\"https:\\\/\\\/astrologelvan.com\\\/magaza\\\/#website\",\"url\":\"https:\\\/\\\/astrologelvan.com\\\/magaza\\\/\",\"name\":\"Astrolog Elvan\",\"description\":\"\",\"potentialAction\":[{\"@type\":\"SearchAction\",\"target\":{\"@type\":\"EntryPoint\",\"urlTemplate\":\"https:\\\/\\\/astrologelvan.com\\\/magaza\\\/?s={search_term_string}\"},\"query-input\":{\"@type\":\"PropertyValueSpecification\",\"valueRequired\":true,\"valueName\":\"search_term_string\"}}],\"inLanguage\":\"tr\"}]}<\/script>\n<!-- \/ Yoast SEO plugin. -->","yoast_head_json":{"title":"AY K\u0130T\u0130 5 - Astrolog Elvan","robots":{"index":"index","follow":"follow","max-snippet":"max-snippet:-1","max-image-preview":"max-image-preview:large","max-video-preview":"max-video-preview:-1"},"canonical":"https:\/\/astrologelvan.com\/magaza\/urun\/ay-paketi-5\/","og_locale":"tr_TR","og_type":"article","og_title":"AY K\u0130T\u0130 5 - Astrolog Elvan","og_description":"Ay Kiti Umay Ana Kolye: Di\u015fi Uyan\u0131\u015f Do\u011furganl\u0131k ve Bereket Sembol\u00fc Baby Silindir Form Ba\u015f\u00a0 Melek Cecrail Ta\u015f\u0131 (PREHN\u0130T) Kolye: Sezgilerinizi kuvvetlendirir. Sonsuz sevgi ve \u0131\u015f\u0131k ta\u015f\u0131d\u0131r. \u0130stiridye Ada\u00e7ay\u0131 Lavanta &nbsp;","og_url":"https:\/\/astrologelvan.com\/magaza\/urun\/ay-paketi-5\/","og_site_name":"Astrolog Elvan","article_modified_time":"2025-10-06T05:15:15+00:00","og_image":[{"width":2560,"height":2560,"url":"https:\/\/astrologelvan.com\/magaza\/wp-content\/uploads\/2024\/05\/1-7-scaled.jpg","type":"image\/jpeg"}],"twitter_card":"summary_large_image","twitter_misc":{"Tahmini okuma s\u00fcresi":"1 dakika"},"schema":{"@context":"https:\/\/schema.org","@graph":[{"@type":["WebPage","ItemPage"],"@id":"https:\/\/astrologelvan.com\/magaza\/urun\/ay-paketi-5\/","url":"https:\/\/astrologelvan.com\/magaza\/urun\/ay-paketi-5\/","name":"AY K\u0130T\u0130 5 - Astrolog Elvan","isPartOf":{"@id":"https:\/\/astrologelvan.com\/magaza\/#website"},"primaryImageOfPage":{"@id":"https:\/\/astrologelvan.com\/magaza\/urun\/ay-paketi-5\/#primaryimage"},"image":{"@id":"https:\/\/astrologelvan.com\/magaza\/urun\/ay-paketi-5\/#primaryimage"},"thumbnailUrl":"https:\/\/astrologelvan.com\/magaza\/wp-content\/uploads\/2024\/05\/1-7-scaled.jpg","datePublished":"2024-05-03T13:14:58+00:00","dateModified":"2025-10-06T05:15:15+00:00","breadcrumb":{"@id":"https:\/\/astrologelvan.com\/magaza\/urun\/ay-paketi-5\/#breadcrumb"},"inLanguage":"tr","potentialAction":[{"@type":"ReadAction","target":["https:\/\/astrologelvan.com\/magaza\/urun\/ay-paketi-5\/"]}]},{"@type":"ImageObject","inLanguage":"tr","@id":"https:\/\/astrologelvan.com\/magaza\/urun\/ay-paketi-5\/#primaryimage","url":"https:\/\/astrologelvan.com\/magaza\/wp-content\/uploads\/2024\/05\/1-7-scaled.jpg","contentUrl":"https:\/\/astrologelvan.com\/magaza\/wp-content\/uploads\/2024\/05\/1-7-scaled.jpg","width":2560,"height":2560},{"@type":"BreadcrumbList","@id":"https:\/\/astrologelvan.com\/magaza\/urun\/ay-paketi-5\/#breadcrumb","itemListElement":[{"@type":"ListItem","position":1,"name":"Anasayfa","item":"https:\/\/astrologelvan.com\/magaza\/"},{"@type":"ListItem","position":2,"name":"Ma\u011faza","item":"https:\/\/astrologelvan.com\/magaza\/magaza\/"},{"@type":"ListItem","position":3,"name":"AY K\u0130T\u0130 5"}]},{"@type":"WebSite","@id":"https:\/\/astrologelvan.com\/magaza\/#website","url":"https:\/\/astrologelvan.com\/magaza\/","name":"Astrolog Elvan","description":"","potentialAction":[{"@type":"SearchAction","target":{"@type":"EntryPoint","urlTemplate":"https:\/\/astrologelvan.com\/magaza\/?s={search_term_string}"},"query-input":{"@type":"PropertyValueSpecification","valueRequired":true,"valueName":"search_term_string"}}],"inLanguage":"tr"}]}},"_links":{"self":[{"href":"https:\/\/astrologelvan.com\/magaza\/wp-json\/wp\/v2\/product\/8627","targetHints":{"allow":["GET"]}}],"collection":[{"href":"https:\/\/astrologelvan.com\/magaza\/wp-json\/wp\/v2\/product"}],"about":[{"href":"https:\/\/astrologelvan.com\/magaza\/wp-json\/wp\/v2\/types\/product"}],"replies":[{"embeddable":true,"href":"https:\/\/astrologelvan.com\/magaza\/wp-json\/wp\/v2\/comments?post=8627"}],"wp:featuredmedia":[{"embeddable":true,"href":"https:\/\/astrologelvan.com\/magaza\/wp-json\/wp\/v2\/media\/8628"}],"wp:attachment":[{"href":"https:\/\/astrologelvan.com\/magaza\/wp-json\/wp\/v2\/media?parent=8627"}],"wp:term":[{"taxonomy":"product_brand","embeddable":true,"href":"https:\/\/astrologelvan.com\/magaza\/wp-json\/wp\/v2\/product_brand?post=8627"},{"taxonomy":"product_cat","embeddable":true,"href":"https:\/\/astrologelvan.com\/magaza\/wp-json\/wp\/v2\/product_cat?post=8627"},{"taxonomy":"product_tag","embeddable":true,"href":"https:\/\/astrologelvan.com\/magaza\/wp-json\/wp\/v2\/product_tag?post=8627"}],"curies":[{"name":"wp","href":"https:\/\/api.w.org\/{rel}","templated":true}]}}