{"id":86197,"date":"2025-07-06T15:30:38","date_gmt":"2025-07-06T12:30:38","guid":{"rendered":"https:\/\/astrologelvan.com\/magaza\/?post_type=product&#038;p=86197"},"modified":"2026-02-25T14:46:51","modified_gmt":"2026-02-25T11:46:51","slug":"holy-isis-kolye","status":"publish","type":"product","link":"https:\/\/astrologelvan.com\/magaza\/urun\/holy-isis-kolye\/","title":{"rendered":"\ud83e\udebdHOLY ISIS Kolye"},"content":{"rendered":"<p><strong>2.22 gram g\u00fcm\u00fc\u015f ve el yap\u0131m\u0131 mine i\u015flemesi.<\/strong><\/p>\n<p><em>Bu \u00fcr\u00fcnde, zarafetiyle ge\u00e7mi\u015fin ustal\u0131\u011f\u0131n\u0131 g\u00fcn\u00fcm\u00fcze ta\u015f\u0131yan el yap\u0131m\u0131 mine i\u015f\u00e7ili\u011fine \u00f6zel bir yer ay\u0131rd\u0131k. Cam tozu ve do\u011fal pigmentlerin titizlikle harmanlan\u0131p y\u00fcksek s\u0131cakl\u0131kta i\u015flenmesiyle ortaya \u00e7\u0131kan bu zanaat, adeta ate\u015fle \u015fekillenen bir sanat. <\/em><\/p>\n","protected":false},"excerpt":{"rendered":"<p>Bu kolyeyi, <strong>B\u00fcy\u00fck Sirius G\u00fcn\u00fc<\/strong>\u2019n\u00fcn kutsal enerisiyle tasarlad\u0131k. Holy \u0130sis Kolye; kaybolmu\u015f hisseden kalplere umut, yeni yollar arayan ruhlara ilham olmak i\u00e7in var \ud83e\udebd<\/p>\n<p>Antik M\u0131s\u0131r\u2019da Sirius y\u0131ld\u0131z\u0131, \u0130sis\u2019in y\u0131ld\u0131z\u0131yd\u0131. Her y\u0131l <strong>6 Temmuz<\/strong>\u2019da do\u011farken Nil\u2019in ta\u015fmas\u0131n\u0131, bereketin yeniden geli\u015fini, kay\u0131plar\u0131n geri kazan\u0131lmas\u0131n\u0131 m\u00fcjdelerdi. T\u0131pk\u0131 \u0130sis\u2019in par\u00e7alanm\u0131\u015f Osiris\u2019i birle\u015ftirmesi gibi, bu kolye de hayatta eksik kalan par\u00e7alar\u0131 yeniden b\u00fct\u00fcnlemek niyetiyle senin i\u00e7in tasarland\u0131.<\/p>\n<p><strong>\ud83d\udc51 \u0130sis Kimdir?<\/strong><br \/>\n\u0130sis, Antik M\u0131s\u0131r\u2019\u0131n en g\u00fc\u00e7l\u00fc tanr\u0131\u00e7alar\u0131ndan biridir.<br \/>\n\ud83d\udd39 \u015eifa, koruma, sihir, do\u011furganl\u0131k, yeniden do\u011fu\u015f ve annelik enerjilerini temsil eder.<br \/>\n\ud83d\udd39 \u00d6l\u00fcleri dirilten, kay\u0131plar\u0131 birle\u015ftiren, mucizeleri ba\u015flatan tanr\u0131\u00e7ad\u0131r.<br \/>\n\ud83d\udd39 Efsaneye g\u00f6re, sevdi\u011fi Osiris par\u00e7alan\u0131p yok oldu\u011funda, \u0130sis par\u00e7alar\u0131n\u0131 toplay\u0131p onu yeniden diriltmi\u015ftir. Bu nedenle onun enerjisi umudu kaybetti\u011fin yerde bile yeniden yaratma g\u00fcc\u00fcd\u00fcr.<\/p>\n","protected":false},"featured_media":92507,"comment_status":"open","ping_status":"closed","template":"","meta":[],"product_brand":[],"product_cat":[255,114],"product_tag":[],"class_list":{"0":"post-86197","1":"product","2":"type-product","3":"status-publish","4":"has-post-thumbnail","6":"product_cat-gumus-kolye","7":"product_cat-limited-edition","9":"first","10":"outofstock","11":"purchasable","12":"product-type-simple"},"yoast_head":"<!-- This site is optimized with the Yoast SEO plugin v27.3 - https:\/\/yoast.com\/product\/yoast-seo-wordpress\/ -->\n<title>\ud83e\udebdHOLY ISIS Kolye - Astrolog Elvan<\/title>\n<meta name=\"description\" content=\"Bu kolyeyi, 6 Temmuz B\u00fcy\u00fck Sirius G\u00fcn\u00fc\u2019n\u00fcn kutsal enerisiyle tasarlad\u0131k. Kaybolmu\u015f hisseden kalplere umut, yeni yollar arayan ruhlara ilham olmak i\u00e7in sizlerle.\" \/>\n<meta name=\"robots\" content=\"index, follow, max-snippet:-1, max-image-preview:large, max-video-preview:-1\" \/>\n<link rel=\"canonical\" href=\"https:\/\/astrologelvan.com\/magaza\/urun\/holy-isis-kolye\/\" \/>\n<meta property=\"og:locale\" content=\"tr_TR\" \/>\n<meta property=\"og:type\" content=\"article\" \/>\n<meta property=\"og:title\" content=\"\ud83e\udebdHOLY ISIS Kolye - Astrolog Elvan\" \/>\n<meta property=\"og:description\" content=\"Bu kolyeyi, 6 Temmuz B\u00fcy\u00fck Sirius G\u00fcn\u00fc\u2019n\u00fcn kutsal enerisiyle tasarlad\u0131k. Kaybolmu\u015f hisseden kalplere umut, yeni yollar arayan ruhlara ilham olmak i\u00e7in sizlerle.\" \/>\n<meta property=\"og:url\" content=\"https:\/\/astrologelvan.com\/magaza\/urun\/holy-isis-kolye\/\" \/>\n<meta property=\"og:site_name\" content=\"Astrolog Elvan\" \/>\n<meta property=\"article:modified_time\" content=\"2026-02-25T11:46:51+00:00\" \/>\n<meta property=\"og:image\" content=\"https:\/\/astrologelvan.com\/magaza\/wp-content\/uploads\/2025\/07\/10.jpg\" \/>\n\t<meta property=\"og:image:width\" content=\"591\" \/>\n\t<meta property=\"og:image:height\" content=\"887\" \/>\n\t<meta property=\"og:image:type\" content=\"image\/jpeg\" \/>\n<meta name=\"twitter:card\" content=\"summary_large_image\" \/>\n<meta name=\"twitter:label1\" content=\"Tahmini okuma s\u00fcresi\" \/>\n\t<meta name=\"twitter:data1\" content=\"1 dakika\" \/>\n<script type=\"application\/ld+json\" class=\"yoast-schema-graph\">{\"@context\":\"https:\\\/\\\/schema.org\",\"@graph\":[{\"@type\":[\"WebPage\",\"ItemPage\"],\"@id\":\"https:\\\/\\\/astrologelvan.com\\\/magaza\\\/urun\\\/holy-isis-kolye\\\/\",\"url\":\"https:\\\/\\\/astrologelvan.com\\\/magaza\\\/urun\\\/holy-isis-kolye\\\/\",\"name\":\"\ud83e\udebdHOLY ISIS Kolye - Astrolog Elvan\",\"isPartOf\":{\"@id\":\"https:\\\/\\\/astrologelvan.com\\\/magaza\\\/#website\"},\"primaryImageOfPage\":{\"@id\":\"https:\\\/\\\/astrologelvan.com\\\/magaza\\\/urun\\\/holy-isis-kolye\\\/#primaryimage\"},\"image\":{\"@id\":\"https:\\\/\\\/astrologelvan.com\\\/magaza\\\/urun\\\/holy-isis-kolye\\\/#primaryimage\"},\"thumbnailUrl\":\"https:\\\/\\\/astrologelvan.com\\\/magaza\\\/wp-content\\\/uploads\\\/2025\\\/07\\\/10.jpg\",\"datePublished\":\"2025-07-06T12:30:38+00:00\",\"dateModified\":\"2026-02-25T11:46:51+00:00\",\"description\":\"Bu kolyeyi, 6 Temmuz B\u00fcy\u00fck Sirius G\u00fcn\u00fc\u2019n\u00fcn kutsal enerisiyle tasarlad\u0131k. Kaybolmu\u015f hisseden kalplere umut, yeni yollar arayan ruhlara ilham olmak i\u00e7in sizlerle.\",\"breadcrumb\":{\"@id\":\"https:\\\/\\\/astrologelvan.com\\\/magaza\\\/urun\\\/holy-isis-kolye\\\/#breadcrumb\"},\"inLanguage\":\"tr\",\"potentialAction\":[{\"@type\":\"ReadAction\",\"target\":[\"https:\\\/\\\/astrologelvan.com\\\/magaza\\\/urun\\\/holy-isis-kolye\\\/\"]}]},{\"@type\":\"ImageObject\",\"inLanguage\":\"tr\",\"@id\":\"https:\\\/\\\/astrologelvan.com\\\/magaza\\\/urun\\\/holy-isis-kolye\\\/#primaryimage\",\"url\":\"https:\\\/\\\/astrologelvan.com\\\/magaza\\\/wp-content\\\/uploads\\\/2025\\\/07\\\/10.jpg\",\"contentUrl\":\"https:\\\/\\\/astrologelvan.com\\\/magaza\\\/wp-content\\\/uploads\\\/2025\\\/07\\\/10.jpg\",\"width\":591,\"height\":887,\"caption\":\"Edited with Lens Distortions v6.9.2\"},{\"@type\":\"BreadcrumbList\",\"@id\":\"https:\\\/\\\/astrologelvan.com\\\/magaza\\\/urun\\\/holy-isis-kolye\\\/#breadcrumb\",\"itemListElement\":[{\"@type\":\"ListItem\",\"position\":1,\"name\":\"Anasayfa\",\"item\":\"https:\\\/\\\/astrologelvan.com\\\/magaza\\\/\"},{\"@type\":\"ListItem\",\"position\":2,\"name\":\"Ma\u011faza\",\"item\":\"https:\\\/\\\/astrologelvan.com\\\/magaza\\\/magaza\\\/\"},{\"@type\":\"ListItem\",\"position\":3,\"name\":\"\ud83e\udebdHOLY ISIS Kolye\"}]},{\"@type\":\"WebSite\",\"@id\":\"https:\\\/\\\/astrologelvan.com\\\/magaza\\\/#website\",\"url\":\"https:\\\/\\\/astrologelvan.com\\\/magaza\\\/\",\"name\":\"Astrolog Elvan\",\"description\":\"\",\"potentialAction\":[{\"@type\":\"SearchAction\",\"target\":{\"@type\":\"EntryPoint\",\"urlTemplate\":\"https:\\\/\\\/astrologelvan.com\\\/magaza\\\/?s={search_term_string}\"},\"query-input\":{\"@type\":\"PropertyValueSpecification\",\"valueRequired\":true,\"valueName\":\"search_term_string\"}}],\"inLanguage\":\"tr\"}]}<\/script>\n<!-- \/ Yoast SEO plugin. -->","yoast_head_json":{"title":"\ud83e\udebdHOLY ISIS Kolye - Astrolog Elvan","description":"Bu kolyeyi, 6 Temmuz B\u00fcy\u00fck Sirius G\u00fcn\u00fc\u2019n\u00fcn kutsal enerisiyle tasarlad\u0131k. Kaybolmu\u015f hisseden kalplere umut, yeni yollar arayan ruhlara ilham olmak i\u00e7in sizlerle.","robots":{"index":"index","follow":"follow","max-snippet":"max-snippet:-1","max-image-preview":"max-image-preview:large","max-video-preview":"max-video-preview:-1"},"canonical":"https:\/\/astrologelvan.com\/magaza\/urun\/holy-isis-kolye\/","og_locale":"tr_TR","og_type":"article","og_title":"\ud83e\udebdHOLY ISIS Kolye - Astrolog Elvan","og_description":"Bu kolyeyi, 6 Temmuz B\u00fcy\u00fck Sirius G\u00fcn\u00fc\u2019n\u00fcn kutsal enerisiyle tasarlad\u0131k. Kaybolmu\u015f hisseden kalplere umut, yeni yollar arayan ruhlara ilham olmak i\u00e7in sizlerle.","og_url":"https:\/\/astrologelvan.com\/magaza\/urun\/holy-isis-kolye\/","og_site_name":"Astrolog Elvan","article_modified_time":"2026-02-25T11:46:51+00:00","og_image":[{"width":591,"height":887,"url":"https:\/\/astrologelvan.com\/magaza\/wp-content\/uploads\/2025\/07\/10.jpg","type":"image\/jpeg"}],"twitter_card":"summary_large_image","twitter_misc":{"Tahmini okuma s\u00fcresi":"1 dakika"},"schema":{"@context":"https:\/\/schema.org","@graph":[{"@type":["WebPage","ItemPage"],"@id":"https:\/\/astrologelvan.com\/magaza\/urun\/holy-isis-kolye\/","url":"https:\/\/astrologelvan.com\/magaza\/urun\/holy-isis-kolye\/","name":"\ud83e\udebdHOLY ISIS Kolye - Astrolog Elvan","isPartOf":{"@id":"https:\/\/astrologelvan.com\/magaza\/#website"},"primaryImageOfPage":{"@id":"https:\/\/astrologelvan.com\/magaza\/urun\/holy-isis-kolye\/#primaryimage"},"image":{"@id":"https:\/\/astrologelvan.com\/magaza\/urun\/holy-isis-kolye\/#primaryimage"},"thumbnailUrl":"https:\/\/astrologelvan.com\/magaza\/wp-content\/uploads\/2025\/07\/10.jpg","datePublished":"2025-07-06T12:30:38+00:00","dateModified":"2026-02-25T11:46:51+00:00","description":"Bu kolyeyi, 6 Temmuz B\u00fcy\u00fck Sirius G\u00fcn\u00fc\u2019n\u00fcn kutsal enerisiyle tasarlad\u0131k. Kaybolmu\u015f hisseden kalplere umut, yeni yollar arayan ruhlara ilham olmak i\u00e7in sizlerle.","breadcrumb":{"@id":"https:\/\/astrologelvan.com\/magaza\/urun\/holy-isis-kolye\/#breadcrumb"},"inLanguage":"tr","potentialAction":[{"@type":"ReadAction","target":["https:\/\/astrologelvan.com\/magaza\/urun\/holy-isis-kolye\/"]}]},{"@type":"ImageObject","inLanguage":"tr","@id":"https:\/\/astrologelvan.com\/magaza\/urun\/holy-isis-kolye\/#primaryimage","url":"https:\/\/astrologelvan.com\/magaza\/wp-content\/uploads\/2025\/07\/10.jpg","contentUrl":"https:\/\/astrologelvan.com\/magaza\/wp-content\/uploads\/2025\/07\/10.jpg","width":591,"height":887,"caption":"Edited with Lens Distortions v6.9.2"},{"@type":"BreadcrumbList","@id":"https:\/\/astrologelvan.com\/magaza\/urun\/holy-isis-kolye\/#breadcrumb","itemListElement":[{"@type":"ListItem","position":1,"name":"Anasayfa","item":"https:\/\/astrologelvan.com\/magaza\/"},{"@type":"ListItem","position":2,"name":"Ma\u011faza","item":"https:\/\/astrologelvan.com\/magaza\/magaza\/"},{"@type":"ListItem","position":3,"name":"\ud83e\udebdHOLY ISIS Kolye"}]},{"@type":"WebSite","@id":"https:\/\/astrologelvan.com\/magaza\/#website","url":"https:\/\/astrologelvan.com\/magaza\/","name":"Astrolog Elvan","description":"","potentialAction":[{"@type":"SearchAction","target":{"@type":"EntryPoint","urlTemplate":"https:\/\/astrologelvan.com\/magaza\/?s={search_term_string}"},"query-input":{"@type":"PropertyValueSpecification","valueRequired":true,"valueName":"search_term_string"}}],"inLanguage":"tr"}]}},"_links":{"self":[{"href":"https:\/\/astrologelvan.com\/magaza\/wp-json\/wp\/v2\/product\/86197","targetHints":{"allow":["GET"]}}],"collection":[{"href":"https:\/\/astrologelvan.com\/magaza\/wp-json\/wp\/v2\/product"}],"about":[{"href":"https:\/\/astrologelvan.com\/magaza\/wp-json\/wp\/v2\/types\/product"}],"replies":[{"embeddable":true,"href":"https:\/\/astrologelvan.com\/magaza\/wp-json\/wp\/v2\/comments?post=86197"}],"wp:featuredmedia":[{"embeddable":true,"href":"https:\/\/astrologelvan.com\/magaza\/wp-json\/wp\/v2\/media\/92507"}],"wp:attachment":[{"href":"https:\/\/astrologelvan.com\/magaza\/wp-json\/wp\/v2\/media?parent=86197"}],"wp:term":[{"taxonomy":"product_brand","embeddable":true,"href":"https:\/\/astrologelvan.com\/magaza\/wp-json\/wp\/v2\/product_brand?post=86197"},{"taxonomy":"product_cat","embeddable":true,"href":"https:\/\/astrologelvan.com\/magaza\/wp-json\/wp\/v2\/product_cat?post=86197"},{"taxonomy":"product_tag","embeddable":true,"href":"https:\/\/astrologelvan.com\/magaza\/wp-json\/wp\/v2\/product_tag?post=86197"}],"curies":[{"name":"wp","href":"https:\/\/api.w.org\/{rel}","templated":true}]}}