{"id":858,"date":"2024-02-28T02:56:04","date_gmt":"2024-02-27T23:56:04","guid":{"rendered":"https:\/\/astrologelvan.shop\/?post_type=product&#038;p=858"},"modified":"2025-10-06T08:15:01","modified_gmt":"2025-10-06T05:15:01","slug":"apatit-tasi-erkek-bileklik","status":"publish","type":"product","link":"https:\/\/astrologelvan.com\/magaza\/urun\/apatit-tasi-erkek-bileklik\/","title":{"rendered":"APAT\u0130T TA\u015eI ERKEK B\u0130LEKL\u0130K"},"content":{"rendered":"<p><b>\u00dcR\u00dcN \u00d6ZELL\u0130KLER\u0130<\/b><\/p>\n<p><span style=\"font-weight: 400;\">Apatit Ta\u015f\u0131 Bileklik\u00a0<\/span><\/p>\n<p><span style=\"font-weight: 400;\">Bilekli\u011fin ortalama uzunlu\u011fu: 22-23 CM\u00a0<\/span><\/p>\n<p><span style=\"font-weight: 400;\">Ta\u015flar\u0131n yakla\u015f\u0131k \u00f6l\u00e7\u00fcs\u00fc:\u00a012 MM<\/span><\/p>\n<p><b>G\u00fcm\u00fc\u015f kararmas\u0131 iadeye tabi de\u011fildir. Do\u011fal y\u00f6ntemlerle ya da sol\u00fcsyon kullanarak kararan g\u00fcm\u00fc\u015f\u00fc yeniden parlatman\u0131z m\u00fcmk\u00fcnd\u00fcr.<\/b><\/p>\n<p><strong>Tak\u0131lar\u0131n\u0131z\u0131n uzun s\u00fcre kullanabilmesi i\u00e7in; Parf\u00fcm, su, s\u0131v\u0131, dezenfektan, krem v.b. gibi maddelerle temas etmemesi, du\u015f-banyo s\u0131ras\u0131nda \u00e7\u0131kart\u0131lmas\u0131 gerekmektedir. Ki\u015finin ter-ten yap\u0131s\u0131na g\u00f6re de etkilenmektedir. Tak\u0131lar\u0131n\u0131z\u0131 kullanmad\u0131\u011f\u0131n\u0131z zamanlarda kesesinde saklaman\u0131z\u0131 \u00f6neririz.<\/strong><\/p>\n<p><strong>Do\u011fal ta\u015flar\u0131n belirli titre\u015fimlere ve frekanslara sahip oldu\u011fu bilinmektedir. Bu nedenle v\u00fccudumuzda ve auram\u0131zda birtak\u0131m iyi etkileri oldu\u011fu s\u00f6ylenmektedir. Ta\u015flar\u0131n \u00f6zelliklerinin bilimsel kesinli\u011fi yoktur. Astrologelvan ma\u011fazas\u0131ndaki t\u00fcm ta\u015flar orijinal, ger\u00e7ek do\u011fal ta\u015flard\u0131r. T\u0131bbi konularda doktora dan\u0131\u015fman\u0131z\u0131 tavsiye ederiz. Ta\u015flar\u0131n tedavi edici \u00f6zelli\u011fi yoktur, sadece ki\u015fisel enerjimizi y\u00fckseltmekte ve astrolojik olarak da temsil etti\u011fi gezegenlerin etkilerini artt\u0131rmakta oldu\u011fu kabul edilir. \u00d6rne\u011fin; pembe kuvars ta\u015f\u0131 a\u015fk ve sevgi gezegeni Ven\u00fcs&#8217;\u00fcn ta\u015f\u0131d\u0131r ve bu sebeple \u00fczerinde ta\u015f\u0131yan ki\u015finin a\u015fk ve sevgi frekans\u0131n\u0131 y\u00fckseltti\u011fi bilinir.<\/strong><\/p>\n","protected":false},"excerpt":{"rendered":"<p><b>Apatit ta\u015f\u0131<\/b><span style=\"font-weight: 400;\"> ilk olarak 1786\u2019da AG Werner taraf\u0131ndan ke\u015ffedilmi\u015ftir, ancak bir\u00e7ok ki\u015finin onu Peridot ve Beril gibi di\u011fer minerallerle kar\u0131\u015ft\u0131rmas\u0131 nedeniyle ad\u0131 Yunanca \u2018apatao\u2019 yani \u201caldatmak\u201d anlam\u0131na gelen kelimeden gelmektedir. Bunun nedeni, kimyasal bile\u015fiminin di\u011fer bir\u00e7ok ta\u015f\u0131n kimyasal bile\u015fimini neredeyse taklit etmesidir.<\/span><\/p>\n<p><span style=\"font-weight: 400;\">Apatit ta\u015f\u0131, a\u011fr\u0131 kesici etkiye sahiptir. \u00d6zellikle kemik ve di\u015f a\u011fr\u0131lar\u0131nda yard\u0131mc\u0131 oldu\u011fu bilinir. Fiziksel ve zihinsel problemlerin \u00e7\u00f6z\u00fcm\u00fcnde etkili bir ta\u015ft\u0131r.<\/span><\/p>\n<p><span style=\"font-weight: 400;\">Kilo vermenize yard\u0131mc\u0131 olur. Tok tutma \u00f6zelli\u011fi oldu\u011fundan diyet yapanlar i\u00e7in tavsiye edilir. A\u00e7l\u0131k hissini giderici etkisi vard\u0131r. Psi\u015fik yetenekleri kuvvetlendirir.<\/span><\/p>\n<p><span style=\"font-weight: 400;\">\u00d6zg\u00fcveni artt\u0131rmak ve daha iyi ileti\u015fim kurmak i\u00e7in faydal\u0131 bir ta\u015ft\u0131r. Ki\u015finin ki\u015fisel geli\u015fimine olumlu etkisi bulunmakt\u0131r. Stresi azalt\u0131r.<\/span><\/p>\n<p><span style=\"font-weight: 400;\">Kas yap\u0131s\u0131n\u0131n g\u00fc\u00e7lenmesine yard\u0131mc\u0131 etkisi vard\u0131r.<\/span><\/p>\n<p><span style=\"font-weight: 400;\">Mavi renkte olan apatit ta\u015f\u0131 kekemeli\u011fin azalmas\u0131nda destekleyici olarak kullan\u0131labilir.<\/span><\/p>\n<p><b>Hematit:<\/b><span style=\"font-weight: 400;\"> Her erkek bilekli\u011finin olmazsa olmaz\u0131d\u0131r \u00e7\u00fcnk\u00fc i\u00e7erisinde demir bulunur. Demir, astrolojide Mars ile ba\u011flant\u0131l\u0131d\u0131r. Yani, hematit ta\u015f\u0131 takmak, erkeklerin eril enerjisini dengeleyici bir etkide bulunur. Ba\u011f\u0131\u015f\u0131kl\u0131k sistemine katk\u0131 sa\u011flar. \u00d6fke ve korku duygular\u0131n\u0131 dengeler.\u00a0<\/span><\/p>\n<p>&nbsp;<\/p>\n","protected":false},"featured_media":921,"comment_status":"open","ping_status":"closed","template":"","meta":[],"product_brand":[],"product_cat":[427,258,259,348,508,347],"product_tag":[39,40],"class_list":{"0":"post-858","1":"product","2":"type-product","3":"status-publish","4":"has-post-thumbnail","6":"product_cat-apatit-tasi","7":"product_cat-bileklik","8":"product_cat-bileklikler","9":"product_cat-bileklikler-erkekler-icin-dogal-taslar","10":"product_cat-erkek-bileklikler","11":"product_cat-erkekler-icin-dogal-taslar","12":"product_tag-astrolog-elvan","13":"product_tag-dogal-tas","15":"first","16":"outofstock","17":"taxable","18":"shipping-taxable","19":"purchasable","20":"product-type-simple"},"yoast_head":"<!-- This site is optimized with the Yoast SEO plugin v27.3 - https:\/\/yoast.com\/product\/yoast-seo-wordpress\/ -->\n<title>APAT\u0130T TA\u015eI ERKEK B\u0130LEKL\u0130K - Astrolog Elvan<\/title>\n<meta name=\"robots\" content=\"index, follow, max-snippet:-1, max-image-preview:large, max-video-preview:-1\" \/>\n<link rel=\"canonical\" href=\"https:\/\/astrologelvan.com\/magaza\/urun\/apatit-tasi-erkek-bileklik\/\" \/>\n<meta property=\"og:locale\" content=\"tr_TR\" \/>\n<meta property=\"og:type\" content=\"article\" \/>\n<meta property=\"og:title\" content=\"APAT\u0130T TA\u015eI ERKEK B\u0130LEKL\u0130K - Astrolog Elvan\" \/>\n<meta property=\"og:description\" content=\"Apatit ta\u015f\u0131 ilk olarak 1786\u2019da AG Werner taraf\u0131ndan ke\u015ffedilmi\u015ftir, ancak bir\u00e7ok ki\u015finin onu Peridot ve Beril gibi di\u011fer minerallerle kar\u0131\u015ft\u0131rmas\u0131 nedeniyle ad\u0131 Yunanca \u2018apatao\u2019 yani \u201caldatmak\u201d anlam\u0131na gelen kelimeden gelmektedir. Bunun nedeni, kimyasal bile\u015fiminin di\u011fer bir\u00e7ok ta\u015f\u0131n kimyasal bile\u015fimini neredeyse taklit etmesidir.  Apatit ta\u015f\u0131, a\u011fr\u0131 kesici etkiye sahiptir. \u00d6zellikle kemik ve di\u015f a\u011fr\u0131lar\u0131nda yard\u0131mc\u0131 oldu\u011fu bilinir. Fiziksel ve zihinsel problemlerin \u00e7\u00f6z\u00fcm\u00fcnde etkili bir ta\u015ft\u0131r.  Kilo vermenize yard\u0131mc\u0131 olur. Tok tutma \u00f6zelli\u011fi oldu\u011fundan diyet yapanlar i\u00e7in tavsiye edilir. A\u00e7l\u0131k hissini giderici etkisi vard\u0131r. Psi\u015fik yetenekleri kuvvetlendirir.  \u00d6zg\u00fcveni artt\u0131rmak ve daha iyi ileti\u015fim kurmak i\u00e7in faydal\u0131 bir ta\u015ft\u0131r. Ki\u015finin ki\u015fisel geli\u015fimine olumlu etkisi bulunmakt\u0131r. Stresi azalt\u0131r.  Kas yap\u0131s\u0131n\u0131n g\u00fc\u00e7lenmesine yard\u0131mc\u0131 etkisi vard\u0131r.  Mavi renkte olan apatit ta\u015f\u0131 kekemeli\u011fin azalmas\u0131nda destekleyici olarak kullan\u0131labilir.  Hematit: Her erkek bilekli\u011finin olmazsa olmaz\u0131d\u0131r \u00e7\u00fcnk\u00fc i\u00e7erisinde demir bulunur. Demir, astrolojide Mars ile ba\u011flant\u0131l\u0131d\u0131r. Yani, hematit ta\u015f\u0131 takmak, erkeklerin eril enerjisini dengeleyici bir etkide bulunur. Ba\u011f\u0131\u015f\u0131kl\u0131k sistemine katk\u0131 sa\u011flar. \u00d6fke ve korku duygular\u0131n\u0131 dengeler.\u00a0  &nbsp;\" \/>\n<meta property=\"og:url\" content=\"https:\/\/astrologelvan.com\/magaza\/urun\/apatit-tasi-erkek-bileklik\/\" \/>\n<meta property=\"og:site_name\" content=\"Astrolog Elvan\" \/>\n<meta property=\"article:modified_time\" content=\"2025-10-06T05:15:01+00:00\" \/>\n<meta property=\"og:image\" content=\"https:\/\/astrologelvan.com\/magaza\/wp-content\/uploads\/2024\/02\/Apatit-Tasi-Erkek-Bileklik.jpg\" \/>\n\t<meta property=\"og:image:width\" content=\"1080\" \/>\n\t<meta property=\"og:image:height\" content=\"1080\" \/>\n\t<meta property=\"og:image:type\" content=\"image\/jpeg\" \/>\n<meta name=\"twitter:card\" content=\"summary_large_image\" \/>\n<meta name=\"twitter:label1\" content=\"Tahmini okuma s\u00fcresi\" \/>\n\t<meta name=\"twitter:data1\" content=\"2 dakika\" \/>\n<script type=\"application\/ld+json\" class=\"yoast-schema-graph\">{\"@context\":\"https:\\\/\\\/schema.org\",\"@graph\":[{\"@type\":[\"WebPage\",\"ItemPage\"],\"@id\":\"https:\\\/\\\/astrologelvan.com\\\/magaza\\\/urun\\\/apatit-tasi-erkek-bileklik\\\/\",\"url\":\"https:\\\/\\\/astrologelvan.com\\\/magaza\\\/urun\\\/apatit-tasi-erkek-bileklik\\\/\",\"name\":\"APAT\u0130T TA\u015eI ERKEK B\u0130LEKL\u0130K - Astrolog Elvan\",\"isPartOf\":{\"@id\":\"https:\\\/\\\/astrologelvan.com\\\/magaza\\\/#website\"},\"primaryImageOfPage\":{\"@id\":\"https:\\\/\\\/astrologelvan.com\\\/magaza\\\/urun\\\/apatit-tasi-erkek-bileklik\\\/#primaryimage\"},\"image\":{\"@id\":\"https:\\\/\\\/astrologelvan.com\\\/magaza\\\/urun\\\/apatit-tasi-erkek-bileklik\\\/#primaryimage\"},\"thumbnailUrl\":\"https:\\\/\\\/astrologelvan.com\\\/magaza\\\/wp-content\\\/uploads\\\/2024\\\/02\\\/Apatit-Tasi-Erkek-Bileklik.jpg\",\"datePublished\":\"2024-02-27T23:56:04+00:00\",\"dateModified\":\"2025-10-06T05:15:01+00:00\",\"breadcrumb\":{\"@id\":\"https:\\\/\\\/astrologelvan.com\\\/magaza\\\/urun\\\/apatit-tasi-erkek-bileklik\\\/#breadcrumb\"},\"inLanguage\":\"tr\",\"potentialAction\":[{\"@type\":\"ReadAction\",\"target\":[\"https:\\\/\\\/astrologelvan.com\\\/magaza\\\/urun\\\/apatit-tasi-erkek-bileklik\\\/\"]}]},{\"@type\":\"ImageObject\",\"inLanguage\":\"tr\",\"@id\":\"https:\\\/\\\/astrologelvan.com\\\/magaza\\\/urun\\\/apatit-tasi-erkek-bileklik\\\/#primaryimage\",\"url\":\"https:\\\/\\\/astrologelvan.com\\\/magaza\\\/wp-content\\\/uploads\\\/2024\\\/02\\\/Apatit-Tasi-Erkek-Bileklik.jpg\",\"contentUrl\":\"https:\\\/\\\/astrologelvan.com\\\/magaza\\\/wp-content\\\/uploads\\\/2024\\\/02\\\/Apatit-Tasi-Erkek-Bileklik.jpg\",\"width\":1080,\"height\":1080},{\"@type\":\"BreadcrumbList\",\"@id\":\"https:\\\/\\\/astrologelvan.com\\\/magaza\\\/urun\\\/apatit-tasi-erkek-bileklik\\\/#breadcrumb\",\"itemListElement\":[{\"@type\":\"ListItem\",\"position\":1,\"name\":\"Anasayfa\",\"item\":\"https:\\\/\\\/astrologelvan.com\\\/magaza\\\/\"},{\"@type\":\"ListItem\",\"position\":2,\"name\":\"Ma\u011faza\",\"item\":\"https:\\\/\\\/astrologelvan.com\\\/magaza\\\/magaza\\\/\"},{\"@type\":\"ListItem\",\"position\":3,\"name\":\"APAT\u0130T TA\u015eI ERKEK B\u0130LEKL\u0130K\"}]},{\"@type\":\"WebSite\",\"@id\":\"https:\\\/\\\/astrologelvan.com\\\/magaza\\\/#website\",\"url\":\"https:\\\/\\\/astrologelvan.com\\\/magaza\\\/\",\"name\":\"Astrolog Elvan\",\"description\":\"\",\"potentialAction\":[{\"@type\":\"SearchAction\",\"target\":{\"@type\":\"EntryPoint\",\"urlTemplate\":\"https:\\\/\\\/astrologelvan.com\\\/magaza\\\/?s={search_term_string}\"},\"query-input\":{\"@type\":\"PropertyValueSpecification\",\"valueRequired\":true,\"valueName\":\"search_term_string\"}}],\"inLanguage\":\"tr\"}]}<\/script>\n<!-- \/ Yoast SEO plugin. -->","yoast_head_json":{"title":"APAT\u0130T TA\u015eI ERKEK B\u0130LEKL\u0130K - Astrolog Elvan","robots":{"index":"index","follow":"follow","max-snippet":"max-snippet:-1","max-image-preview":"max-image-preview:large","max-video-preview":"max-video-preview:-1"},"canonical":"https:\/\/astrologelvan.com\/magaza\/urun\/apatit-tasi-erkek-bileklik\/","og_locale":"tr_TR","og_type":"article","og_title":"APAT\u0130T TA\u015eI ERKEK B\u0130LEKL\u0130K - Astrolog Elvan","og_description":"Apatit ta\u015f\u0131 ilk olarak 1786\u2019da AG Werner taraf\u0131ndan ke\u015ffedilmi\u015ftir, ancak bir\u00e7ok ki\u015finin onu Peridot ve Beril gibi di\u011fer minerallerle kar\u0131\u015ft\u0131rmas\u0131 nedeniyle ad\u0131 Yunanca \u2018apatao\u2019 yani \u201caldatmak\u201d anlam\u0131na gelen kelimeden gelmektedir. Bunun nedeni, kimyasal bile\u015fiminin di\u011fer bir\u00e7ok ta\u015f\u0131n kimyasal bile\u015fimini neredeyse taklit etmesidir.  Apatit ta\u015f\u0131, a\u011fr\u0131 kesici etkiye sahiptir. \u00d6zellikle kemik ve di\u015f a\u011fr\u0131lar\u0131nda yard\u0131mc\u0131 oldu\u011fu bilinir. Fiziksel ve zihinsel problemlerin \u00e7\u00f6z\u00fcm\u00fcnde etkili bir ta\u015ft\u0131r.  Kilo vermenize yard\u0131mc\u0131 olur. Tok tutma \u00f6zelli\u011fi oldu\u011fundan diyet yapanlar i\u00e7in tavsiye edilir. A\u00e7l\u0131k hissini giderici etkisi vard\u0131r. Psi\u015fik yetenekleri kuvvetlendirir.  \u00d6zg\u00fcveni artt\u0131rmak ve daha iyi ileti\u015fim kurmak i\u00e7in faydal\u0131 bir ta\u015ft\u0131r. Ki\u015finin ki\u015fisel geli\u015fimine olumlu etkisi bulunmakt\u0131r. Stresi azalt\u0131r.  Kas yap\u0131s\u0131n\u0131n g\u00fc\u00e7lenmesine yard\u0131mc\u0131 etkisi vard\u0131r.  Mavi renkte olan apatit ta\u015f\u0131 kekemeli\u011fin azalmas\u0131nda destekleyici olarak kullan\u0131labilir.  Hematit: Her erkek bilekli\u011finin olmazsa olmaz\u0131d\u0131r \u00e7\u00fcnk\u00fc i\u00e7erisinde demir bulunur. Demir, astrolojide Mars ile ba\u011flant\u0131l\u0131d\u0131r. Yani, hematit ta\u015f\u0131 takmak, erkeklerin eril enerjisini dengeleyici bir etkide bulunur. Ba\u011f\u0131\u015f\u0131kl\u0131k sistemine katk\u0131 sa\u011flar. \u00d6fke ve korku duygular\u0131n\u0131 dengeler.\u00a0  &nbsp;","og_url":"https:\/\/astrologelvan.com\/magaza\/urun\/apatit-tasi-erkek-bileklik\/","og_site_name":"Astrolog Elvan","article_modified_time":"2025-10-06T05:15:01+00:00","og_image":[{"width":1080,"height":1080,"url":"https:\/\/astrologelvan.com\/magaza\/wp-content\/uploads\/2024\/02\/Apatit-Tasi-Erkek-Bileklik.jpg","type":"image\/jpeg"}],"twitter_card":"summary_large_image","twitter_misc":{"Tahmini okuma s\u00fcresi":"2 dakika"},"schema":{"@context":"https:\/\/schema.org","@graph":[{"@type":["WebPage","ItemPage"],"@id":"https:\/\/astrologelvan.com\/magaza\/urun\/apatit-tasi-erkek-bileklik\/","url":"https:\/\/astrologelvan.com\/magaza\/urun\/apatit-tasi-erkek-bileklik\/","name":"APAT\u0130T TA\u015eI ERKEK B\u0130LEKL\u0130K - Astrolog Elvan","isPartOf":{"@id":"https:\/\/astrologelvan.com\/magaza\/#website"},"primaryImageOfPage":{"@id":"https:\/\/astrologelvan.com\/magaza\/urun\/apatit-tasi-erkek-bileklik\/#primaryimage"},"image":{"@id":"https:\/\/astrologelvan.com\/magaza\/urun\/apatit-tasi-erkek-bileklik\/#primaryimage"},"thumbnailUrl":"https:\/\/astrologelvan.com\/magaza\/wp-content\/uploads\/2024\/02\/Apatit-Tasi-Erkek-Bileklik.jpg","datePublished":"2024-02-27T23:56:04+00:00","dateModified":"2025-10-06T05:15:01+00:00","breadcrumb":{"@id":"https:\/\/astrologelvan.com\/magaza\/urun\/apatit-tasi-erkek-bileklik\/#breadcrumb"},"inLanguage":"tr","potentialAction":[{"@type":"ReadAction","target":["https:\/\/astrologelvan.com\/magaza\/urun\/apatit-tasi-erkek-bileklik\/"]}]},{"@type":"ImageObject","inLanguage":"tr","@id":"https:\/\/astrologelvan.com\/magaza\/urun\/apatit-tasi-erkek-bileklik\/#primaryimage","url":"https:\/\/astrologelvan.com\/magaza\/wp-content\/uploads\/2024\/02\/Apatit-Tasi-Erkek-Bileklik.jpg","contentUrl":"https:\/\/astrologelvan.com\/magaza\/wp-content\/uploads\/2024\/02\/Apatit-Tasi-Erkek-Bileklik.jpg","width":1080,"height":1080},{"@type":"BreadcrumbList","@id":"https:\/\/astrologelvan.com\/magaza\/urun\/apatit-tasi-erkek-bileklik\/#breadcrumb","itemListElement":[{"@type":"ListItem","position":1,"name":"Anasayfa","item":"https:\/\/astrologelvan.com\/magaza\/"},{"@type":"ListItem","position":2,"name":"Ma\u011faza","item":"https:\/\/astrologelvan.com\/magaza\/magaza\/"},{"@type":"ListItem","position":3,"name":"APAT\u0130T TA\u015eI ERKEK B\u0130LEKL\u0130K"}]},{"@type":"WebSite","@id":"https:\/\/astrologelvan.com\/magaza\/#website","url":"https:\/\/astrologelvan.com\/magaza\/","name":"Astrolog Elvan","description":"","potentialAction":[{"@type":"SearchAction","target":{"@type":"EntryPoint","urlTemplate":"https:\/\/astrologelvan.com\/magaza\/?s={search_term_string}"},"query-input":{"@type":"PropertyValueSpecification","valueRequired":true,"valueName":"search_term_string"}}],"inLanguage":"tr"}]}},"_links":{"self":[{"href":"https:\/\/astrologelvan.com\/magaza\/wp-json\/wp\/v2\/product\/858","targetHints":{"allow":["GET"]}}],"collection":[{"href":"https:\/\/astrologelvan.com\/magaza\/wp-json\/wp\/v2\/product"}],"about":[{"href":"https:\/\/astrologelvan.com\/magaza\/wp-json\/wp\/v2\/types\/product"}],"replies":[{"embeddable":true,"href":"https:\/\/astrologelvan.com\/magaza\/wp-json\/wp\/v2\/comments?post=858"}],"wp:featuredmedia":[{"embeddable":true,"href":"https:\/\/astrologelvan.com\/magaza\/wp-json\/wp\/v2\/media\/921"}],"wp:attachment":[{"href":"https:\/\/astrologelvan.com\/magaza\/wp-json\/wp\/v2\/media?parent=858"}],"wp:term":[{"taxonomy":"product_brand","embeddable":true,"href":"https:\/\/astrologelvan.com\/magaza\/wp-json\/wp\/v2\/product_brand?post=858"},{"taxonomy":"product_cat","embeddable":true,"href":"https:\/\/astrologelvan.com\/magaza\/wp-json\/wp\/v2\/product_cat?post=858"},{"taxonomy":"product_tag","embeddable":true,"href":"https:\/\/astrologelvan.com\/magaza\/wp-json\/wp\/v2\/product_tag?post=858"}],"curies":[{"name":"wp","href":"https:\/\/api.w.org\/{rel}","templated":true}]}}