{"id":857,"date":"2024-02-28T02:56:04","date_gmt":"2024-02-27T23:56:04","guid":{"rendered":"https:\/\/astrologelvan.shop\/?post_type=product&#038;p=857"},"modified":"2025-10-06T08:15:01","modified_gmt":"2025-10-06T05:15:01","slug":"bas-melek-cebrail-pirehnit-tasi-erkek-bilekligi","status":"publish","type":"product","link":"https:\/\/astrologelvan.com\/magaza\/urun\/bas-melek-cebrail-pirehnit-tasi-erkek-bilekligi\/","title":{"rendered":"BA\u015e MELEK CEBRA\u0130L (P\u0130REHN\u0130T) TA\u015eI ERKEK B\u0130LEKL\u0130\u011e\u0130"},"content":{"rendered":"<p><b>\u00dcR\u00dcN \u00d6ZELL\u0130KLER\u0130<\/b><\/p>\n<p><span style=\"font-weight: 400;\">Prehnit Ta\u015f\u0131 Bileklik\u00a0<\/span><\/p>\n<p><span style=\"font-weight: 400;\">Bilekli\u011fin ortalama uzunlu\u011fu: 22-23 CM\u00a0<\/span><\/p>\n<p><span style=\"font-weight: 400;\">Ta\u015flar\u0131n yakla\u015f\u0131k \u00f6l\u00e7\u00fcs\u00fc:\u00a012 MM<\/span><\/p>\n<p><b>G\u00fcm\u00fc\u015f kararmas\u0131 iadeye tabi de\u011fildir. Do\u011fal y\u00f6ntemlerle ya da sol\u00fcsyon kullanarak kararan g\u00fcm\u00fc\u015f\u00fc yeniden parlatman\u0131z m\u00fcmk\u00fcnd\u00fcr.<\/b><\/p>\n<p><strong>Tak\u0131lar\u0131n\u0131z\u0131n uzun s\u00fcre kullanabilmesi i\u00e7in; Parf\u00fcm, su, s\u0131v\u0131, dezenfektan, krem v.b. gibi maddelerle temas etmemesi, du\u015f-banyo s\u0131ras\u0131nda \u00e7\u0131kart\u0131lmas\u0131 gerekmektedir. Ki\u015finin ter-ten yap\u0131s\u0131na g\u00f6re de etkilenmektedir. Tak\u0131lar\u0131n\u0131z\u0131 kullanmad\u0131\u011f\u0131n\u0131z zamanlarda kesesinde saklaman\u0131z\u0131 \u00f6neririz.<\/strong><\/p>\n<p><strong>Do\u011fal ta\u015flar\u0131n belirli titre\u015fimlere ve frekanslara sahip oldu\u011fu bilinmektedir. Bu nedenle v\u00fccudumuzda ve auram\u0131zda birtak\u0131m iyi etkileri oldu\u011fu s\u00f6ylenmektedir. Ta\u015flar\u0131n \u00f6zelliklerinin bilimsel kesinli\u011fi yoktur. Astrologelvan ma\u011fazas\u0131ndaki t\u00fcm ta\u015flar orijinal, ger\u00e7ek do\u011fal ta\u015flard\u0131r. T\u0131bbi konularda doktora dan\u0131\u015fman\u0131z\u0131 tavsiye ederiz. Ta\u015flar\u0131n tedavi edici \u00f6zelli\u011fi yoktur, sadece ki\u015fisel enerjimizi y\u00fckseltmekte ve astrolojik olarak da temsil etti\u011fi gezegenlerin etkilerini artt\u0131rmakta oldu\u011fu kabul edilir. \u00d6rne\u011fin; pembe kuvars ta\u015f\u0131 a\u015fk ve sevgi gezegeni Ven\u00fcs&#8217;\u00fcn ta\u015f\u0131d\u0131r ve bu sebeple \u00fczerinde ta\u015f\u0131yan ki\u015finin a\u015fk ve sevgi frekans\u0131n\u0131 y\u00fckseltti\u011fi bilinir.<\/strong><\/p>\n","protected":false},"excerpt":{"rendered":"<p><b>Prehnit ta\u015f\u0131<\/b><span style=\"font-weight: 400;\">;\u00a0ba\u015f melek Cebrail\u2019in enerjisiyle uyumlu \u00e7al\u0131\u015f\u0131r. Takt\u0131k\u00e7a yolunuza \u0131\u015f\u0131k olacak ve ruhunuza iyi gelecektir. \u00d6zellikle cevab\u0131n\u0131 merak etti\u011finiz sorular\u0131n\u0131z\u0131 bu kolyeyi takarken sorun. Melek sa\u00e7\u0131 kolye, ta\u015f\u0131d\u0131\u011f\u0131n\u0131z s\u00fcre boyunca sorular\u0131n\u0131za ilahi cevaplar bulman\u0131z i\u00e7in yol g\u00f6sterici olacakt\u0131r. Sezgilerinizi kuvvetlendirmekle beraber sonsuz sevgi ve \u0131\u015f\u0131k ta\u015f\u0131d\u0131r.<\/span><\/p>\n<p><span style=\"font-weight: 400;\">Prehnit\u00a0gibi ye\u015fil de\u011ferli ta\u015flar insanlar\u0131n eski enerjiyi temizlemelerine ve hayatlar\u0131ndaki yeni de\u011fi\u015fiklikleri benimsemelerine yard\u0131mc\u0131 olabilecek g\u00fc\u00e7l\u00fc Feng Shui ta\u015flar\u0131 olarak kabul edilir.<\/span><span style=\"font-weight: 400;\"><br \/>\n<\/span><span style=\"font-weight: 400;\">Bu ta\u015f inat\u00e7\u0131 veya sahiplenici bireylerin ge\u00e7mi\u015fi b\u0131rakmas\u0131n\u0131 ve olumlu de\u011fi\u015fiklikleri kabul etmesine yard\u0131mc\u0131 olabilir.<\/span><\/p>\n<p><b>Hematit:<\/b><span style=\"font-weight: 400;\"> Her erkek bilekli\u011finin olmazsa olmaz\u0131 olan Hematit ta\u015f\u0131 i\u00e7erisinde demir bulunur<\/span><span style=\"font-weight: 400;\">. <\/span><span style=\"font-weight: 400;\">\u00a0Demir, astrolojide Mars ile ba\u011flant\u0131l\u0131d\u0131r. Yani; hematit ta\u015f\u0131 takmak, erkeklerin eril enerjisini dengeleyici bir etkide bulunur. Ba\u011f\u0131\u015f\u0131kl\u0131k sistemine katk\u0131 sa\u011flar. \u00d6fke ve korku duygular\u0131n\u0131 dengeler.\u00a0<\/span><\/p>\n<p>&nbsp;<\/p>\n","protected":false},"featured_media":917,"comment_status":"open","ping_status":"closed","template":"","meta":[],"product_brand":[],"product_cat":[92,258,348,259,508,465,347],"product_tag":[39,40],"class_list":{"0":"post-857","1":"product","2":"type-product","3":"status-publish","4":"has-post-thumbnail","6":"product_cat-bas-melek-cebrail-prehnit","7":"product_cat-bileklik","8":"product_cat-bileklikler-erkekler-icin-dogal-taslar","9":"product_cat-bileklikler","10":"product_cat-erkek-bileklikler","11":"product_cat-erkek-kolyeler","12":"product_cat-erkekler-icin-dogal-taslar","13":"product_tag-astrolog-elvan","14":"product_tag-dogal-tas","16":"first","17":"outofstock","18":"taxable","19":"shipping-taxable","20":"purchasable","21":"product-type-simple"},"yoast_head":"<!-- This site is optimized with the Yoast SEO plugin v27.3 - https:\/\/yoast.com\/product\/yoast-seo-wordpress\/ -->\n<title>BA\u015e MELEK CEBRA\u0130L (P\u0130REHN\u0130T) TA\u015eI ERKEK B\u0130LEKL\u0130\u011e\u0130 - Astrolog Elvan<\/title>\n<meta name=\"robots\" content=\"index, follow, max-snippet:-1, max-image-preview:large, max-video-preview:-1\" \/>\n<link rel=\"canonical\" href=\"https:\/\/astrologelvan.com\/magaza\/urun\/bas-melek-cebrail-pirehnit-tasi-erkek-bilekligi\/\" \/>\n<meta property=\"og:locale\" content=\"tr_TR\" \/>\n<meta property=\"og:type\" content=\"article\" \/>\n<meta property=\"og:title\" content=\"BA\u015e MELEK CEBRA\u0130L (P\u0130REHN\u0130T) TA\u015eI ERKEK B\u0130LEKL\u0130\u011e\u0130 - Astrolog Elvan\" \/>\n<meta property=\"og:description\" content=\"Prehnit ta\u015f\u0131;\u00a0ba\u015f melek Cebrail\u2019in enerjisiyle uyumlu \u00e7al\u0131\u015f\u0131r. Takt\u0131k\u00e7a yolunuza \u0131\u015f\u0131k olacak ve ruhunuza iyi gelecektir. \u00d6zellikle cevab\u0131n\u0131 merak etti\u011finiz sorular\u0131n\u0131z\u0131 bu kolyeyi takarken sorun. Melek sa\u00e7\u0131 kolye, ta\u015f\u0131d\u0131\u011f\u0131n\u0131z s\u00fcre boyunca sorular\u0131n\u0131za ilahi cevaplar bulman\u0131z i\u00e7in yol g\u00f6sterici olacakt\u0131r. Sezgilerinizi kuvvetlendirmekle beraber sonsuz sevgi ve \u0131\u015f\u0131k ta\u015f\u0131d\u0131r.  Prehnit\u00a0gibi ye\u015fil de\u011ferli ta\u015flar insanlar\u0131n eski enerjiyi temizlemelerine ve hayatlar\u0131ndaki yeni de\u011fi\u015fiklikleri benimsemelerine yard\u0131mc\u0131 olabilecek g\u00fc\u00e7l\u00fc Feng Shui ta\u015flar\u0131 olarak kabul edilir. Bu ta\u015f inat\u00e7\u0131 veya sahiplenici bireylerin ge\u00e7mi\u015fi b\u0131rakmas\u0131n\u0131 ve olumlu de\u011fi\u015fiklikleri kabul etmesine yard\u0131mc\u0131 olabilir.  Hematit: Her erkek bilekli\u011finin olmazsa olmaz\u0131 olan Hematit ta\u015f\u0131 i\u00e7erisinde demir bulunur. \u00a0Demir, astrolojide Mars ile ba\u011flant\u0131l\u0131d\u0131r. Yani; hematit ta\u015f\u0131 takmak, erkeklerin eril enerjisini dengeleyici bir etkide bulunur. Ba\u011f\u0131\u015f\u0131kl\u0131k sistemine katk\u0131 sa\u011flar. \u00d6fke ve korku duygular\u0131n\u0131 dengeler.\u00a0  &nbsp;\" \/>\n<meta property=\"og:url\" content=\"https:\/\/astrologelvan.com\/magaza\/urun\/bas-melek-cebrail-pirehnit-tasi-erkek-bilekligi\/\" \/>\n<meta property=\"og:site_name\" content=\"Astrolog Elvan\" \/>\n<meta property=\"article:modified_time\" content=\"2025-10-06T05:15:01+00:00\" \/>\n<meta property=\"og:image\" content=\"https:\/\/astrologelvan.com\/magaza\/wp-content\/uploads\/2024\/02\/Bas-Melek-Cebrail-Pirehnit-Tasi-Erkek-Bilekligi-min.jpg\" \/>\n\t<meta property=\"og:image:width\" content=\"1080\" \/>\n\t<meta property=\"og:image:height\" content=\"1080\" \/>\n\t<meta property=\"og:image:type\" content=\"image\/jpeg\" \/>\n<meta name=\"twitter:card\" content=\"summary_large_image\" \/>\n<meta name=\"twitter:label1\" content=\"Tahmini okuma s\u00fcresi\" \/>\n\t<meta name=\"twitter:data1\" content=\"1 dakika\" \/>\n<script type=\"application\/ld+json\" class=\"yoast-schema-graph\">{\"@context\":\"https:\\\/\\\/schema.org\",\"@graph\":[{\"@type\":[\"WebPage\",\"ItemPage\"],\"@id\":\"https:\\\/\\\/astrologelvan.com\\\/magaza\\\/urun\\\/bas-melek-cebrail-pirehnit-tasi-erkek-bilekligi\\\/\",\"url\":\"https:\\\/\\\/astrologelvan.com\\\/magaza\\\/urun\\\/bas-melek-cebrail-pirehnit-tasi-erkek-bilekligi\\\/\",\"name\":\"BA\u015e MELEK CEBRA\u0130L (P\u0130REHN\u0130T) TA\u015eI ERKEK B\u0130LEKL\u0130\u011e\u0130 - Astrolog Elvan\",\"isPartOf\":{\"@id\":\"https:\\\/\\\/astrologelvan.com\\\/magaza\\\/#website\"},\"primaryImageOfPage\":{\"@id\":\"https:\\\/\\\/astrologelvan.com\\\/magaza\\\/urun\\\/bas-melek-cebrail-pirehnit-tasi-erkek-bilekligi\\\/#primaryimage\"},\"image\":{\"@id\":\"https:\\\/\\\/astrologelvan.com\\\/magaza\\\/urun\\\/bas-melek-cebrail-pirehnit-tasi-erkek-bilekligi\\\/#primaryimage\"},\"thumbnailUrl\":\"https:\\\/\\\/astrologelvan.com\\\/magaza\\\/wp-content\\\/uploads\\\/2024\\\/02\\\/Bas-Melek-Cebrail-Pirehnit-Tasi-Erkek-Bilekligi-min.jpg\",\"datePublished\":\"2024-02-27T23:56:04+00:00\",\"dateModified\":\"2025-10-06T05:15:01+00:00\",\"breadcrumb\":{\"@id\":\"https:\\\/\\\/astrologelvan.com\\\/magaza\\\/urun\\\/bas-melek-cebrail-pirehnit-tasi-erkek-bilekligi\\\/#breadcrumb\"},\"inLanguage\":\"tr\",\"potentialAction\":[{\"@type\":\"ReadAction\",\"target\":[\"https:\\\/\\\/astrologelvan.com\\\/magaza\\\/urun\\\/bas-melek-cebrail-pirehnit-tasi-erkek-bilekligi\\\/\"]}]},{\"@type\":\"ImageObject\",\"inLanguage\":\"tr\",\"@id\":\"https:\\\/\\\/astrologelvan.com\\\/magaza\\\/urun\\\/bas-melek-cebrail-pirehnit-tasi-erkek-bilekligi\\\/#primaryimage\",\"url\":\"https:\\\/\\\/astrologelvan.com\\\/magaza\\\/wp-content\\\/uploads\\\/2024\\\/02\\\/Bas-Melek-Cebrail-Pirehnit-Tasi-Erkek-Bilekligi-min.jpg\",\"contentUrl\":\"https:\\\/\\\/astrologelvan.com\\\/magaza\\\/wp-content\\\/uploads\\\/2024\\\/02\\\/Bas-Melek-Cebrail-Pirehnit-Tasi-Erkek-Bilekligi-min.jpg\",\"width\":1080,\"height\":1080},{\"@type\":\"BreadcrumbList\",\"@id\":\"https:\\\/\\\/astrologelvan.com\\\/magaza\\\/urun\\\/bas-melek-cebrail-pirehnit-tasi-erkek-bilekligi\\\/#breadcrumb\",\"itemListElement\":[{\"@type\":\"ListItem\",\"position\":1,\"name\":\"Anasayfa\",\"item\":\"https:\\\/\\\/astrologelvan.com\\\/magaza\\\/\"},{\"@type\":\"ListItem\",\"position\":2,\"name\":\"Ma\u011faza\",\"item\":\"https:\\\/\\\/astrologelvan.com\\\/magaza\\\/magaza\\\/\"},{\"@type\":\"ListItem\",\"position\":3,\"name\":\"BA\u015e MELEK CEBRA\u0130L (P\u0130REHN\u0130T) TA\u015eI ERKEK B\u0130LEKL\u0130\u011e\u0130\"}]},{\"@type\":\"WebSite\",\"@id\":\"https:\\\/\\\/astrologelvan.com\\\/magaza\\\/#website\",\"url\":\"https:\\\/\\\/astrologelvan.com\\\/magaza\\\/\",\"name\":\"Astrolog Elvan\",\"description\":\"\",\"potentialAction\":[{\"@type\":\"SearchAction\",\"target\":{\"@type\":\"EntryPoint\",\"urlTemplate\":\"https:\\\/\\\/astrologelvan.com\\\/magaza\\\/?s={search_term_string}\"},\"query-input\":{\"@type\":\"PropertyValueSpecification\",\"valueRequired\":true,\"valueName\":\"search_term_string\"}}],\"inLanguage\":\"tr\"}]}<\/script>\n<!-- \/ Yoast SEO plugin. -->","yoast_head_json":{"title":"BA\u015e MELEK CEBRA\u0130L (P\u0130REHN\u0130T) TA\u015eI ERKEK B\u0130LEKL\u0130\u011e\u0130 - Astrolog Elvan","robots":{"index":"index","follow":"follow","max-snippet":"max-snippet:-1","max-image-preview":"max-image-preview:large","max-video-preview":"max-video-preview:-1"},"canonical":"https:\/\/astrologelvan.com\/magaza\/urun\/bas-melek-cebrail-pirehnit-tasi-erkek-bilekligi\/","og_locale":"tr_TR","og_type":"article","og_title":"BA\u015e MELEK CEBRA\u0130L (P\u0130REHN\u0130T) TA\u015eI ERKEK B\u0130LEKL\u0130\u011e\u0130 - Astrolog Elvan","og_description":"Prehnit ta\u015f\u0131;\u00a0ba\u015f melek Cebrail\u2019in enerjisiyle uyumlu \u00e7al\u0131\u015f\u0131r. Takt\u0131k\u00e7a yolunuza \u0131\u015f\u0131k olacak ve ruhunuza iyi gelecektir. \u00d6zellikle cevab\u0131n\u0131 merak etti\u011finiz sorular\u0131n\u0131z\u0131 bu kolyeyi takarken sorun. Melek sa\u00e7\u0131 kolye, ta\u015f\u0131d\u0131\u011f\u0131n\u0131z s\u00fcre boyunca sorular\u0131n\u0131za ilahi cevaplar bulman\u0131z i\u00e7in yol g\u00f6sterici olacakt\u0131r. Sezgilerinizi kuvvetlendirmekle beraber sonsuz sevgi ve \u0131\u015f\u0131k ta\u015f\u0131d\u0131r.  Prehnit\u00a0gibi ye\u015fil de\u011ferli ta\u015flar insanlar\u0131n eski enerjiyi temizlemelerine ve hayatlar\u0131ndaki yeni de\u011fi\u015fiklikleri benimsemelerine yard\u0131mc\u0131 olabilecek g\u00fc\u00e7l\u00fc Feng Shui ta\u015flar\u0131 olarak kabul edilir. Bu ta\u015f inat\u00e7\u0131 veya sahiplenici bireylerin ge\u00e7mi\u015fi b\u0131rakmas\u0131n\u0131 ve olumlu de\u011fi\u015fiklikleri kabul etmesine yard\u0131mc\u0131 olabilir.  Hematit: Her erkek bilekli\u011finin olmazsa olmaz\u0131 olan Hematit ta\u015f\u0131 i\u00e7erisinde demir bulunur. \u00a0Demir, astrolojide Mars ile ba\u011flant\u0131l\u0131d\u0131r. Yani; hematit ta\u015f\u0131 takmak, erkeklerin eril enerjisini dengeleyici bir etkide bulunur. Ba\u011f\u0131\u015f\u0131kl\u0131k sistemine katk\u0131 sa\u011flar. \u00d6fke ve korku duygular\u0131n\u0131 dengeler.\u00a0  &nbsp;","og_url":"https:\/\/astrologelvan.com\/magaza\/urun\/bas-melek-cebrail-pirehnit-tasi-erkek-bilekligi\/","og_site_name":"Astrolog Elvan","article_modified_time":"2025-10-06T05:15:01+00:00","og_image":[{"width":1080,"height":1080,"url":"https:\/\/astrologelvan.com\/magaza\/wp-content\/uploads\/2024\/02\/Bas-Melek-Cebrail-Pirehnit-Tasi-Erkek-Bilekligi-min.jpg","type":"image\/jpeg"}],"twitter_card":"summary_large_image","twitter_misc":{"Tahmini okuma s\u00fcresi":"1 dakika"},"schema":{"@context":"https:\/\/schema.org","@graph":[{"@type":["WebPage","ItemPage"],"@id":"https:\/\/astrologelvan.com\/magaza\/urun\/bas-melek-cebrail-pirehnit-tasi-erkek-bilekligi\/","url":"https:\/\/astrologelvan.com\/magaza\/urun\/bas-melek-cebrail-pirehnit-tasi-erkek-bilekligi\/","name":"BA\u015e MELEK CEBRA\u0130L (P\u0130REHN\u0130T) TA\u015eI ERKEK B\u0130LEKL\u0130\u011e\u0130 - Astrolog Elvan","isPartOf":{"@id":"https:\/\/astrologelvan.com\/magaza\/#website"},"primaryImageOfPage":{"@id":"https:\/\/astrologelvan.com\/magaza\/urun\/bas-melek-cebrail-pirehnit-tasi-erkek-bilekligi\/#primaryimage"},"image":{"@id":"https:\/\/astrologelvan.com\/magaza\/urun\/bas-melek-cebrail-pirehnit-tasi-erkek-bilekligi\/#primaryimage"},"thumbnailUrl":"https:\/\/astrologelvan.com\/magaza\/wp-content\/uploads\/2024\/02\/Bas-Melek-Cebrail-Pirehnit-Tasi-Erkek-Bilekligi-min.jpg","datePublished":"2024-02-27T23:56:04+00:00","dateModified":"2025-10-06T05:15:01+00:00","breadcrumb":{"@id":"https:\/\/astrologelvan.com\/magaza\/urun\/bas-melek-cebrail-pirehnit-tasi-erkek-bilekligi\/#breadcrumb"},"inLanguage":"tr","potentialAction":[{"@type":"ReadAction","target":["https:\/\/astrologelvan.com\/magaza\/urun\/bas-melek-cebrail-pirehnit-tasi-erkek-bilekligi\/"]}]},{"@type":"ImageObject","inLanguage":"tr","@id":"https:\/\/astrologelvan.com\/magaza\/urun\/bas-melek-cebrail-pirehnit-tasi-erkek-bilekligi\/#primaryimage","url":"https:\/\/astrologelvan.com\/magaza\/wp-content\/uploads\/2024\/02\/Bas-Melek-Cebrail-Pirehnit-Tasi-Erkek-Bilekligi-min.jpg","contentUrl":"https:\/\/astrologelvan.com\/magaza\/wp-content\/uploads\/2024\/02\/Bas-Melek-Cebrail-Pirehnit-Tasi-Erkek-Bilekligi-min.jpg","width":1080,"height":1080},{"@type":"BreadcrumbList","@id":"https:\/\/astrologelvan.com\/magaza\/urun\/bas-melek-cebrail-pirehnit-tasi-erkek-bilekligi\/#breadcrumb","itemListElement":[{"@type":"ListItem","position":1,"name":"Anasayfa","item":"https:\/\/astrologelvan.com\/magaza\/"},{"@type":"ListItem","position":2,"name":"Ma\u011faza","item":"https:\/\/astrologelvan.com\/magaza\/magaza\/"},{"@type":"ListItem","position":3,"name":"BA\u015e MELEK CEBRA\u0130L (P\u0130REHN\u0130T) TA\u015eI ERKEK B\u0130LEKL\u0130\u011e\u0130"}]},{"@type":"WebSite","@id":"https:\/\/astrologelvan.com\/magaza\/#website","url":"https:\/\/astrologelvan.com\/magaza\/","name":"Astrolog Elvan","description":"","potentialAction":[{"@type":"SearchAction","target":{"@type":"EntryPoint","urlTemplate":"https:\/\/astrologelvan.com\/magaza\/?s={search_term_string}"},"query-input":{"@type":"PropertyValueSpecification","valueRequired":true,"valueName":"search_term_string"}}],"inLanguage":"tr"}]}},"_links":{"self":[{"href":"https:\/\/astrologelvan.com\/magaza\/wp-json\/wp\/v2\/product\/857","targetHints":{"allow":["GET"]}}],"collection":[{"href":"https:\/\/astrologelvan.com\/magaza\/wp-json\/wp\/v2\/product"}],"about":[{"href":"https:\/\/astrologelvan.com\/magaza\/wp-json\/wp\/v2\/types\/product"}],"replies":[{"embeddable":true,"href":"https:\/\/astrologelvan.com\/magaza\/wp-json\/wp\/v2\/comments?post=857"}],"wp:featuredmedia":[{"embeddable":true,"href":"https:\/\/astrologelvan.com\/magaza\/wp-json\/wp\/v2\/media\/917"}],"wp:attachment":[{"href":"https:\/\/astrologelvan.com\/magaza\/wp-json\/wp\/v2\/media?parent=857"}],"wp:term":[{"taxonomy":"product_brand","embeddable":true,"href":"https:\/\/astrologelvan.com\/magaza\/wp-json\/wp\/v2\/product_brand?post=857"},{"taxonomy":"product_cat","embeddable":true,"href":"https:\/\/astrologelvan.com\/magaza\/wp-json\/wp\/v2\/product_cat?post=857"},{"taxonomy":"product_tag","embeddable":true,"href":"https:\/\/astrologelvan.com\/magaza\/wp-json\/wp\/v2\/product_tag?post=857"}],"curies":[{"name":"wp","href":"https:\/\/api.w.org\/{rel}","templated":true}]}}