{"id":856,"date":"2024-02-28T02:56:04","date_gmt":"2024-02-27T23:56:04","guid":{"rendered":"https:\/\/astrologelvan.shop\/?post_type=product&#038;p=856"},"modified":"2025-10-06T08:15:01","modified_gmt":"2025-10-06T05:15:01","slug":"pirit-tasi-erkek-bilekligi","status":"publish","type":"product","link":"https:\/\/astrologelvan.com\/magaza\/urun\/pirit-tasi-erkek-bilekligi\/","title":{"rendered":"P\u0130R\u0130T TA\u015eI ERKEK B\u0130LEKL\u0130\u011e\u0130"},"content":{"rendered":"<p><b>\u00dcR\u00dcN \u00d6ZELL\u0130KLER\u0130<\/b><\/p>\n<p><span style=\"font-weight: 400;\">Hematit Ta\u015f\u0131 Bileklik\u00a0<\/span><\/p>\n<p><span style=\"font-weight: 400;\">Bilekli\u011fin ortalama uzunlu\u011fu: 22-23 CM\u00a0<\/span><\/p>\n<p><span style=\"font-weight: 400;\">Ta\u015flar\u0131n yakla\u015f\u0131k \u00f6l\u00e7\u00fcs\u00fc:\u00a09-10 MM<\/span><\/p>\n<p><b>G\u00fcm\u00fc\u015f kararmas\u0131 iadeye tabi de\u011fildir. Do\u011fal y\u00f6ntemlerle ya da sol\u00fcsyon kullanarak kararan g\u00fcm\u00fc\u015f\u00fc yeniden parlatman\u0131z m\u00fcmk\u00fcnd\u00fcr.<\/b><\/p>\n<p><strong>Tak\u0131lar\u0131n\u0131z\u0131n uzun s\u00fcre kullanabilmesi i\u00e7in; Parf\u00fcm, su, s\u0131v\u0131, dezenfektan, krem v.b. gibi maddelerle temas etmemesi, du\u015f-banyo s\u0131ras\u0131nda \u00e7\u0131kart\u0131lmas\u0131 gerekmektedir. Ki\u015finin ter-ten yap\u0131s\u0131na g\u00f6re de etkilenmektedir. Tak\u0131lar\u0131n\u0131z\u0131 kullanmad\u0131\u011f\u0131n\u0131z zamanlarda kesesinde saklaman\u0131z\u0131 \u00f6neririz.<\/strong><\/p>\n<p><strong>Do\u011fal ta\u015flar\u0131n belirli titre\u015fimlere ve frekanslara sahip oldu\u011fu bilinmektedir. Bu nedenle v\u00fccudumuzda ve auram\u0131zda birtak\u0131m iyi etkileri oldu\u011fu s\u00f6ylenmektedir. Ta\u015flar\u0131n \u00f6zelliklerinin bilimsel kesinli\u011fi yoktur. Astrologelvan ma\u011fazas\u0131ndaki t\u00fcm ta\u015flar orijinal, ger\u00e7ek do\u011fal ta\u015flard\u0131r. T\u0131bbi konularda doktora dan\u0131\u015fman\u0131z\u0131 tavsiye ederiz. Ta\u015flar\u0131n tedavi edici \u00f6zelli\u011fi yoktur, sadece ki\u015fisel enerjimizi y\u00fckseltmekte ve astrolojik olarak da temsil etti\u011fi gezegenlerin etkilerini artt\u0131rmakta oldu\u011fu kabul edilir. \u00d6rne\u011fin; pembe kuvars ta\u015f\u0131 a\u015fk ve sevgi gezegeni Ven\u00fcs&#8217;\u00fcn ta\u015f\u0131d\u0131r ve bu sebeple \u00fczerinde ta\u015f\u0131yan ki\u015finin a\u015fk ve sevgi frekans\u0131n\u0131 y\u00fckseltti\u011fi bilinir.<\/strong><\/p>\n","protected":false},"excerpt":{"rendered":"<p><span style=\"font-weight: 400;\">Pirit ta\u015f\u0131 ad\u0131n\u0131 \u2018\u2019ate\u015f\u201d anlam\u0131na gelen Yunanca Pyr kelimesinden alm\u0131\u015ft\u0131r. Pirit de\u011ferli ta\u015flar, metale veya ba\u015fka bir sert malzemeye \u00e7arpt\u0131\u011f\u0131nda k\u0131v\u0131lc\u0131m olu\u015fturmak i\u00e7in kullan\u0131l\u0131r.<\/span><\/p>\n<p><span style=\"font-weight: 400;\">Pirit \u00f6zellikle 2. D\u00fcnya Sava\u015f\u0131 d\u00f6neminde k\u00fck\u00fcrt ve s\u00fclf\u00fcrik asit \u00fcretimi i\u00e7in \u00f6nemliydi. Ancak bu kullan\u0131mdan \u00e7ok \u00f6nce, pirit K\u0131z\u0131lderililer taraf\u0131ndan \u015fifal\u0131 bir ta\u015f olarak \u00e7ok de\u011ferliydi.<\/span><\/p>\n<p><span style=\"font-weight: 400;\">Pirit ta\u015f\u0131n\u0131n yap\u0131s\u0131, demir dis\u00fclfid (FeS2) kimyasal bile\u015fimine sahiptir ve en yayg\u0131n s\u00fclf\u00fcrd\u00fcr. Pirit yataklar\u0131, az miktarda ba\u015fka mineraller veya kobalt, nikel, g\u00fcm\u00fc\u015f ve ger\u00e7ek alt\u0131n gibi de\u011ferli ta\u015flar i\u00e7erebilir.<\/span><\/p>\n<p><span style=\"font-weight: 400;\">Spirit\u00fcel faydalar\u0131; Pirit zenginlik ve bolluk \u00e7eken, \u015fans\u0131 y\u00fckselten bir ta\u015f olarak kabul edilir. Sakral ve Mide (Solar Pleksus) \u00e7akralar\u0131n\u0131 \u00e7al\u0131\u015ft\u0131r\u0131r. \u00c7evrenizde size kar\u015f\u0131 olu\u015fmu\u015f ya da olu\u015fabilecek negatif enerjiyi n\u00f6tr hale getirerek enerji alan\u0131n\u0131z\u0131 korur. \u0130\u00e7erisindeki demir sebebiyle; Mars gezegeni d\u00fc\u015f\u00fck olanlar ve ya\u015fam enerjisi d\u00fc\u015f\u00fck olanlar kullanmal\u0131d\u0131r. Ayr\u0131ca \u00f6zg\u00fcveni d\u00fc\u015f\u00fck ki\u015filerde g\u00fcvene dair sorun ve problemleri iyile\u015ftirmede kullan\u0131l\u0131r.<\/span><\/p>\n<p><b>Hematit:<\/b><span style=\"font-weight: 400;\"> Her erkek bilekli\u011finin olmazsa olmaz\u0131 olan Hematit ta\u015f\u0131 i\u00e7erisinde demir bulunur<\/span><span style=\"font-weight: 400;\">. <\/span><span style=\"font-weight: 400;\">Demir, astrolojide Mars ile ba\u011flant\u0131l\u0131d\u0131r. Yani; hematit ta\u015f\u0131 takmak, erkeklerin eril enerjisini dengeleyici bir etkide bulunur. Ba\u011f\u0131\u015f\u0131kl\u0131k sistemine katk\u0131 sa\u011flar. \u00d6fke ve korku duygular\u0131n\u0131 dengeler.\u00a0<\/span><\/p>\n<p>&nbsp;<\/p>\n","protected":false},"featured_media":914,"comment_status":"open","ping_status":"closed","template":"","meta":[],"product_brand":[],"product_cat":[258,348,508,347,417],"product_tag":[39,40],"class_list":{"0":"post-856","1":"product","2":"type-product","3":"status-publish","4":"has-post-thumbnail","6":"product_cat-bileklik","7":"product_cat-bileklikler-erkekler-icin-dogal-taslar","8":"product_cat-erkek-bileklikler","9":"product_cat-erkekler-icin-dogal-taslar","10":"product_cat-pirit-tasi","11":"product_tag-astrolog-elvan","12":"product_tag-dogal-tas","14":"first","15":"outofstock","16":"taxable","17":"shipping-taxable","18":"purchasable","19":"product-type-simple"},"yoast_head":"<!-- This site is optimized with the Yoast SEO plugin v27.2 - https:\/\/yoast.com\/product\/yoast-seo-wordpress\/ -->\n<title>P\u0130R\u0130T TA\u015eI ERKEK B\u0130LEKL\u0130\u011e\u0130 - Astrolog Elvan<\/title>\n<meta name=\"robots\" content=\"index, follow, max-snippet:-1, max-image-preview:large, max-video-preview:-1\" \/>\n<link rel=\"canonical\" href=\"https:\/\/astrologelvan.com\/magaza\/urun\/pirit-tasi-erkek-bilekligi\/\" \/>\n<meta property=\"og:locale\" content=\"tr_TR\" \/>\n<meta property=\"og:type\" content=\"article\" \/>\n<meta property=\"og:title\" content=\"P\u0130R\u0130T TA\u015eI ERKEK B\u0130LEKL\u0130\u011e\u0130 - Astrolog Elvan\" \/>\n<meta property=\"og:description\" content=\"Pirit ta\u015f\u0131 ad\u0131n\u0131 \u2018\u2019ate\u015f\u201d anlam\u0131na gelen Yunanca Pyr kelimesinden alm\u0131\u015ft\u0131r. Pirit de\u011ferli ta\u015flar, metale veya ba\u015fka bir sert malzemeye \u00e7arpt\u0131\u011f\u0131nda k\u0131v\u0131lc\u0131m olu\u015fturmak i\u00e7in kullan\u0131l\u0131r.  Pirit \u00f6zellikle 2. D\u00fcnya Sava\u015f\u0131 d\u00f6neminde k\u00fck\u00fcrt ve s\u00fclf\u00fcrik asit \u00fcretimi i\u00e7in \u00f6nemliydi. Ancak bu kullan\u0131mdan \u00e7ok \u00f6nce, pirit K\u0131z\u0131lderililer taraf\u0131ndan \u015fifal\u0131 bir ta\u015f olarak \u00e7ok de\u011ferliydi.  Pirit ta\u015f\u0131n\u0131n yap\u0131s\u0131, demir dis\u00fclfid (FeS2) kimyasal bile\u015fimine sahiptir ve en yayg\u0131n s\u00fclf\u00fcrd\u00fcr. Pirit yataklar\u0131, az miktarda ba\u015fka mineraller veya kobalt, nikel, g\u00fcm\u00fc\u015f ve ger\u00e7ek alt\u0131n gibi de\u011ferli ta\u015flar i\u00e7erebilir.  Spirit\u00fcel faydalar\u0131; Pirit zenginlik ve bolluk \u00e7eken, \u015fans\u0131 y\u00fckselten bir ta\u015f olarak kabul edilir. Sakral ve Mide (Solar Pleksus) \u00e7akralar\u0131n\u0131 \u00e7al\u0131\u015ft\u0131r\u0131r. \u00c7evrenizde size kar\u015f\u0131 olu\u015fmu\u015f ya da olu\u015fabilecek negatif enerjiyi n\u00f6tr hale getirerek enerji alan\u0131n\u0131z\u0131 korur. \u0130\u00e7erisindeki demir sebebiyle; Mars gezegeni d\u00fc\u015f\u00fck olanlar ve ya\u015fam enerjisi d\u00fc\u015f\u00fck olanlar kullanmal\u0131d\u0131r. Ayr\u0131ca \u00f6zg\u00fcveni d\u00fc\u015f\u00fck ki\u015filerde g\u00fcvene dair sorun ve problemleri iyile\u015ftirmede kullan\u0131l\u0131r.  Hematit: Her erkek bilekli\u011finin olmazsa olmaz\u0131 olan Hematit ta\u015f\u0131 i\u00e7erisinde demir bulunur. Demir, astrolojide Mars ile ba\u011flant\u0131l\u0131d\u0131r. Yani; hematit ta\u015f\u0131 takmak, erkeklerin eril enerjisini dengeleyici bir etkide bulunur. Ba\u011f\u0131\u015f\u0131kl\u0131k sistemine katk\u0131 sa\u011flar. \u00d6fke ve korku duygular\u0131n\u0131 dengeler.\u00a0  &nbsp;\" \/>\n<meta property=\"og:url\" content=\"https:\/\/astrologelvan.com\/magaza\/urun\/pirit-tasi-erkek-bilekligi\/\" \/>\n<meta property=\"og:site_name\" content=\"Astrolog Elvan\" \/>\n<meta property=\"article:modified_time\" content=\"2025-10-06T05:15:01+00:00\" \/>\n<meta property=\"og:image\" content=\"https:\/\/astrologelvan.com\/magaza\/wp-content\/uploads\/2024\/02\/Pirit-Tasi-Erkek-Bilekligi-2-min.jpg\" \/>\n\t<meta property=\"og:image:width\" content=\"1080\" \/>\n\t<meta property=\"og:image:height\" content=\"1080\" \/>\n\t<meta property=\"og:image:type\" content=\"image\/jpeg\" \/>\n<meta name=\"twitter:card\" content=\"summary_large_image\" \/>\n<meta name=\"twitter:label1\" content=\"Tahmini okuma s\u00fcresi\" \/>\n\t<meta name=\"twitter:data1\" content=\"1 dakika\" \/>\n<script type=\"application\/ld+json\" class=\"yoast-schema-graph\">{\"@context\":\"https:\/\/schema.org\",\"@graph\":[{\"@type\":[\"WebPage\",\"ItemPage\"],\"@id\":\"https:\/\/astrologelvan.com\/magaza\/urun\/pirit-tasi-erkek-bilekligi\/\",\"url\":\"https:\/\/astrologelvan.com\/magaza\/urun\/pirit-tasi-erkek-bilekligi\/\",\"name\":\"P\u0130R\u0130T TA\u015eI ERKEK B\u0130LEKL\u0130\u011e\u0130 - Astrolog Elvan\",\"isPartOf\":{\"@id\":\"https:\/\/astrologelvan.com\/magaza\/#website\"},\"primaryImageOfPage\":{\"@id\":\"https:\/\/astrologelvan.com\/magaza\/urun\/pirit-tasi-erkek-bilekligi\/#primaryimage\"},\"image\":{\"@id\":\"https:\/\/astrologelvan.com\/magaza\/urun\/pirit-tasi-erkek-bilekligi\/#primaryimage\"},\"thumbnailUrl\":\"https:\/\/astrologelvan.com\/magaza\/wp-content\/uploads\/2024\/02\/Pirit-Tasi-Erkek-Bilekligi-2-min.jpg\",\"datePublished\":\"2024-02-27T23:56:04+00:00\",\"dateModified\":\"2025-10-06T05:15:01+00:00\",\"breadcrumb\":{\"@id\":\"https:\/\/astrologelvan.com\/magaza\/urun\/pirit-tasi-erkek-bilekligi\/#breadcrumb\"},\"inLanguage\":\"tr\",\"potentialAction\":[{\"@type\":\"ReadAction\",\"target\":[\"https:\/\/astrologelvan.com\/magaza\/urun\/pirit-tasi-erkek-bilekligi\/\"]}]},{\"@type\":\"ImageObject\",\"inLanguage\":\"tr\",\"@id\":\"https:\/\/astrologelvan.com\/magaza\/urun\/pirit-tasi-erkek-bilekligi\/#primaryimage\",\"url\":\"https:\/\/astrologelvan.com\/magaza\/wp-content\/uploads\/2024\/02\/Pirit-Tasi-Erkek-Bilekligi-2-min.jpg\",\"contentUrl\":\"https:\/\/astrologelvan.com\/magaza\/wp-content\/uploads\/2024\/02\/Pirit-Tasi-Erkek-Bilekligi-2-min.jpg\",\"width\":1080,\"height\":1080},{\"@type\":\"BreadcrumbList\",\"@id\":\"https:\/\/astrologelvan.com\/magaza\/urun\/pirit-tasi-erkek-bilekligi\/#breadcrumb\",\"itemListElement\":[{\"@type\":\"ListItem\",\"position\":1,\"name\":\"Anasayfa\",\"item\":\"https:\/\/astrologelvan.com\/magaza\/\"},{\"@type\":\"ListItem\",\"position\":2,\"name\":\"Ma\u011faza\",\"item\":\"https:\/\/astrologelvan.com\/magaza\/magaza\/\"},{\"@type\":\"ListItem\",\"position\":3,\"name\":\"P\u0130R\u0130T TA\u015eI ERKEK B\u0130LEKL\u0130\u011e\u0130\"}]},{\"@type\":\"WebSite\",\"@id\":\"https:\/\/astrologelvan.com\/magaza\/#website\",\"url\":\"https:\/\/astrologelvan.com\/magaza\/\",\"name\":\"Astrolog Elvan\",\"description\":\"\",\"potentialAction\":[{\"@type\":\"SearchAction\",\"target\":{\"@type\":\"EntryPoint\",\"urlTemplate\":\"https:\/\/astrologelvan.com\/magaza\/?s={search_term_string}\"},\"query-input\":{\"@type\":\"PropertyValueSpecification\",\"valueRequired\":true,\"valueName\":\"search_term_string\"}}],\"inLanguage\":\"tr\"}]}<\/script>\n<!-- \/ Yoast SEO plugin. -->","yoast_head_json":{"title":"P\u0130R\u0130T TA\u015eI ERKEK B\u0130LEKL\u0130\u011e\u0130 - Astrolog Elvan","robots":{"index":"index","follow":"follow","max-snippet":"max-snippet:-1","max-image-preview":"max-image-preview:large","max-video-preview":"max-video-preview:-1"},"canonical":"https:\/\/astrologelvan.com\/magaza\/urun\/pirit-tasi-erkek-bilekligi\/","og_locale":"tr_TR","og_type":"article","og_title":"P\u0130R\u0130T TA\u015eI ERKEK B\u0130LEKL\u0130\u011e\u0130 - Astrolog Elvan","og_description":"Pirit ta\u015f\u0131 ad\u0131n\u0131 \u2018\u2019ate\u015f\u201d anlam\u0131na gelen Yunanca Pyr kelimesinden alm\u0131\u015ft\u0131r. Pirit de\u011ferli ta\u015flar, metale veya ba\u015fka bir sert malzemeye \u00e7arpt\u0131\u011f\u0131nda k\u0131v\u0131lc\u0131m olu\u015fturmak i\u00e7in kullan\u0131l\u0131r.  Pirit \u00f6zellikle 2. D\u00fcnya Sava\u015f\u0131 d\u00f6neminde k\u00fck\u00fcrt ve s\u00fclf\u00fcrik asit \u00fcretimi i\u00e7in \u00f6nemliydi. Ancak bu kullan\u0131mdan \u00e7ok \u00f6nce, pirit K\u0131z\u0131lderililer taraf\u0131ndan \u015fifal\u0131 bir ta\u015f olarak \u00e7ok de\u011ferliydi.  Pirit ta\u015f\u0131n\u0131n yap\u0131s\u0131, demir dis\u00fclfid (FeS2) kimyasal bile\u015fimine sahiptir ve en yayg\u0131n s\u00fclf\u00fcrd\u00fcr. Pirit yataklar\u0131, az miktarda ba\u015fka mineraller veya kobalt, nikel, g\u00fcm\u00fc\u015f ve ger\u00e7ek alt\u0131n gibi de\u011ferli ta\u015flar i\u00e7erebilir.  Spirit\u00fcel faydalar\u0131; Pirit zenginlik ve bolluk \u00e7eken, \u015fans\u0131 y\u00fckselten bir ta\u015f olarak kabul edilir. Sakral ve Mide (Solar Pleksus) \u00e7akralar\u0131n\u0131 \u00e7al\u0131\u015ft\u0131r\u0131r. \u00c7evrenizde size kar\u015f\u0131 olu\u015fmu\u015f ya da olu\u015fabilecek negatif enerjiyi n\u00f6tr hale getirerek enerji alan\u0131n\u0131z\u0131 korur. \u0130\u00e7erisindeki demir sebebiyle; Mars gezegeni d\u00fc\u015f\u00fck olanlar ve ya\u015fam enerjisi d\u00fc\u015f\u00fck olanlar kullanmal\u0131d\u0131r. Ayr\u0131ca \u00f6zg\u00fcveni d\u00fc\u015f\u00fck ki\u015filerde g\u00fcvene dair sorun ve problemleri iyile\u015ftirmede kullan\u0131l\u0131r.  Hematit: Her erkek bilekli\u011finin olmazsa olmaz\u0131 olan Hematit ta\u015f\u0131 i\u00e7erisinde demir bulunur. Demir, astrolojide Mars ile ba\u011flant\u0131l\u0131d\u0131r. Yani; hematit ta\u015f\u0131 takmak, erkeklerin eril enerjisini dengeleyici bir etkide bulunur. Ba\u011f\u0131\u015f\u0131kl\u0131k sistemine katk\u0131 sa\u011flar. \u00d6fke ve korku duygular\u0131n\u0131 dengeler.\u00a0  &nbsp;","og_url":"https:\/\/astrologelvan.com\/magaza\/urun\/pirit-tasi-erkek-bilekligi\/","og_site_name":"Astrolog Elvan","article_modified_time":"2025-10-06T05:15:01+00:00","og_image":[{"width":1080,"height":1080,"url":"https:\/\/astrologelvan.com\/magaza\/wp-content\/uploads\/2024\/02\/Pirit-Tasi-Erkek-Bilekligi-2-min.jpg","type":"image\/jpeg"}],"twitter_card":"summary_large_image","twitter_misc":{"Tahmini okuma s\u00fcresi":"1 dakika"},"schema":{"@context":"https:\/\/schema.org","@graph":[{"@type":["WebPage","ItemPage"],"@id":"https:\/\/astrologelvan.com\/magaza\/urun\/pirit-tasi-erkek-bilekligi\/","url":"https:\/\/astrologelvan.com\/magaza\/urun\/pirit-tasi-erkek-bilekligi\/","name":"P\u0130R\u0130T TA\u015eI ERKEK B\u0130LEKL\u0130\u011e\u0130 - Astrolog Elvan","isPartOf":{"@id":"https:\/\/astrologelvan.com\/magaza\/#website"},"primaryImageOfPage":{"@id":"https:\/\/astrologelvan.com\/magaza\/urun\/pirit-tasi-erkek-bilekligi\/#primaryimage"},"image":{"@id":"https:\/\/astrologelvan.com\/magaza\/urun\/pirit-tasi-erkek-bilekligi\/#primaryimage"},"thumbnailUrl":"https:\/\/astrologelvan.com\/magaza\/wp-content\/uploads\/2024\/02\/Pirit-Tasi-Erkek-Bilekligi-2-min.jpg","datePublished":"2024-02-27T23:56:04+00:00","dateModified":"2025-10-06T05:15:01+00:00","breadcrumb":{"@id":"https:\/\/astrologelvan.com\/magaza\/urun\/pirit-tasi-erkek-bilekligi\/#breadcrumb"},"inLanguage":"tr","potentialAction":[{"@type":"ReadAction","target":["https:\/\/astrologelvan.com\/magaza\/urun\/pirit-tasi-erkek-bilekligi\/"]}]},{"@type":"ImageObject","inLanguage":"tr","@id":"https:\/\/astrologelvan.com\/magaza\/urun\/pirit-tasi-erkek-bilekligi\/#primaryimage","url":"https:\/\/astrologelvan.com\/magaza\/wp-content\/uploads\/2024\/02\/Pirit-Tasi-Erkek-Bilekligi-2-min.jpg","contentUrl":"https:\/\/astrologelvan.com\/magaza\/wp-content\/uploads\/2024\/02\/Pirit-Tasi-Erkek-Bilekligi-2-min.jpg","width":1080,"height":1080},{"@type":"BreadcrumbList","@id":"https:\/\/astrologelvan.com\/magaza\/urun\/pirit-tasi-erkek-bilekligi\/#breadcrumb","itemListElement":[{"@type":"ListItem","position":1,"name":"Anasayfa","item":"https:\/\/astrologelvan.com\/magaza\/"},{"@type":"ListItem","position":2,"name":"Ma\u011faza","item":"https:\/\/astrologelvan.com\/magaza\/magaza\/"},{"@type":"ListItem","position":3,"name":"P\u0130R\u0130T TA\u015eI ERKEK B\u0130LEKL\u0130\u011e\u0130"}]},{"@type":"WebSite","@id":"https:\/\/astrologelvan.com\/magaza\/#website","url":"https:\/\/astrologelvan.com\/magaza\/","name":"Astrolog Elvan","description":"","potentialAction":[{"@type":"SearchAction","target":{"@type":"EntryPoint","urlTemplate":"https:\/\/astrologelvan.com\/magaza\/?s={search_term_string}"},"query-input":{"@type":"PropertyValueSpecification","valueRequired":true,"valueName":"search_term_string"}}],"inLanguage":"tr"}]}},"_links":{"self":[{"href":"https:\/\/astrologelvan.com\/magaza\/wp-json\/wp\/v2\/product\/856","targetHints":{"allow":["GET"]}}],"collection":[{"href":"https:\/\/astrologelvan.com\/magaza\/wp-json\/wp\/v2\/product"}],"about":[{"href":"https:\/\/astrologelvan.com\/magaza\/wp-json\/wp\/v2\/types\/product"}],"replies":[{"embeddable":true,"href":"https:\/\/astrologelvan.com\/magaza\/wp-json\/wp\/v2\/comments?post=856"}],"wp:featuredmedia":[{"embeddable":true,"href":"https:\/\/astrologelvan.com\/magaza\/wp-json\/wp\/v2\/media\/914"}],"wp:attachment":[{"href":"https:\/\/astrologelvan.com\/magaza\/wp-json\/wp\/v2\/media?parent=856"}],"wp:term":[{"taxonomy":"product_brand","embeddable":true,"href":"https:\/\/astrologelvan.com\/magaza\/wp-json\/wp\/v2\/product_brand?post=856"},{"taxonomy":"product_cat","embeddable":true,"href":"https:\/\/astrologelvan.com\/magaza\/wp-json\/wp\/v2\/product_cat?post=856"},{"taxonomy":"product_tag","embeddable":true,"href":"https:\/\/astrologelvan.com\/magaza\/wp-json\/wp\/v2\/product_tag?post=856"}],"curies":[{"name":"wp","href":"https:\/\/api.w.org\/{rel}","templated":true}]}}