{"id":849,"date":"2024-02-28T02:55:32","date_gmt":"2024-02-27T23:55:32","guid":{"rendered":"https:\/\/astrologelvan.shop\/?post_type=product&#038;p=849"},"modified":"2025-10-06T08:15:01","modified_gmt":"2025-10-06T05:15:01","slug":"siyah-turmalin-dogal-tas-erkek-bileklik","status":"publish","type":"product","link":"https:\/\/astrologelvan.com\/magaza\/urun\/siyah-turmalin-dogal-tas-erkek-bileklik\/","title":{"rendered":"S\u0130YAH TURMAL\u0130N DO\u011eAL TA\u015e ERKEK B\u0130LEKL\u0130K"},"content":{"rendered":"<p><b>\u00dcR\u00dcN \u00d6ZELL\u0130KLER\u0130<\/b><\/p>\n<p><span style=\"font-weight: 400;\">Siyah Turmalin Ta\u015f\u0131 Bileklik\u00a0<\/span><\/p>\n<p><span style=\"font-weight: 400;\">Bilekli\u011fin ortalama uzunlu\u011fu: 22-23 CM\u00a0<\/span><\/p>\n<p><span style=\"font-weight: 400;\">Ta\u015flar\u0131n yakla\u015f\u0131k \u00f6l\u00e7\u00fcs\u00fc:\u00a08-9 MM<\/span><\/p>\n<p><strong>Tak\u0131lar\u0131n\u0131z\u0131n uzun s\u00fcre kullanabilmesi i\u00e7in; Parf\u00fcm, su, s\u0131v\u0131, dezenfektan, krem v.b. gibi maddelerle temas etmemesi, du\u015f-banyo s\u0131ras\u0131nda \u00e7\u0131kart\u0131lmas\u0131 gerekmektedir. Ki\u015finin ter-ten yap\u0131s\u0131na g\u00f6re de etkilenmektedir. Tak\u0131lar\u0131n\u0131z\u0131 kullanmad\u0131\u011f\u0131n\u0131z zamanlarda kesesinde saklaman\u0131z\u0131 \u00f6neririz.<\/strong><\/p>\n<p><strong>Do\u011fal ta\u015flar\u0131n belirli titre\u015fimlere ve frekanslara sahip oldu\u011fu bilinmektedir. Bu nedenle v\u00fccudumuzda ve auram\u0131zda birtak\u0131m iyi etkileri oldu\u011fu s\u00f6ylenmektedir. Ta\u015flar\u0131n \u00f6zelliklerinin bilimsel kesinli\u011fi yoktur. Astrologelvan ma\u011fazas\u0131ndaki t\u00fcm ta\u015flar orijinal, ger\u00e7ek do\u011fal ta\u015flard\u0131r. T\u0131bbi konularda doktora dan\u0131\u015fman\u0131z\u0131 tavsiye ederiz. Ta\u015flar\u0131n tedavi edici \u00f6zelli\u011fi yoktur, sadece ki\u015fisel enerjimizi y\u00fckseltmekte ve astrolojik olarak da temsil etti\u011fi gezegenlerin etkilerini artt\u0131rmakta oldu\u011fu kabul edilir. \u00d6rne\u011fin; pembe kuvars ta\u015f\u0131 a\u015fk ve sevgi gezegeni Ven\u00fcs&#8217;\u00fcn ta\u015f\u0131d\u0131r ve bu sebeple \u00fczerinde ta\u015f\u0131yan ki\u015finin a\u015fk ve sevgi frekans\u0131n\u0131 y\u00fckseltti\u011fi bilinir.<\/strong><\/p>\n","protected":false},"excerpt":{"rendered":"<p><b>Siyah Turmalin<\/b><span style=\"font-weight: 400;\"> ta\u015f\u0131\u00a0\u00e7ok g\u00fc\u00e7l\u00fc bir koruma ta\u015f\u0131d\u0131r. Negatif t\u00fcm varl\u0131klara kar\u015f\u0131 kalkan g\u00f6revi g\u00f6r\u00fcr. Her bur\u00e7 \u00fczerinde ta\u015f\u0131yabilir. Siyaht\u0131r ama g\u00f6kku\u015fa\u011f\u0131ndaki t\u00fcm renklerin bir araya gelmesi nedeniyle siyah g\u00f6r\u00fcn\u00fcr. Ondan 7 \u00e7akra \u00fczerinde de etkili \u00e7al\u0131\u015f\u0131r. Ruhsal olarak k\u00f6t\u00fc hissetti\u011finizde, enerji dengelemek i\u00e7in \u00fczerinizde ta\u015f\u0131yabilirsiniz. Haftada bir ada\u00e7ay\u0131 t\u00fcts\u00fcs\u00fc ile temizleyin.<\/span><\/p>\n<p><b>Hematit:<\/b> <span style=\"font-weight: 400;\">Her erkek bilekli\u011finin olmazsa olmaz\u0131 olan Hematit ta\u015f\u0131 i\u00e7erisinde demir bulunur. Demir, astrolojide Mars ile ba\u011flant\u0131l\u0131d\u0131r. Yani; hematit ta\u015f\u0131 takmak, erkeklerin eril enerjisini dengeleyici bir etkide bulunur. Ba\u011f\u0131\u015f\u0131kl\u0131k sistemine katk\u0131 sa\u011flar. \u00d6fke ve korku duygular\u0131n\u0131 dengeler.\u00a0<\/span><\/p>\n<p>&nbsp;<\/p>\n<p>&nbsp;<\/p>\n","protected":false},"featured_media":908,"comment_status":"closed","ping_status":"closed","template":"","meta":[],"product_brand":[],"product_cat":[258,259,348,508,347,58,227],"product_tag":[39],"class_list":{"0":"post-849","1":"product","2":"type-product","3":"status-publish","4":"has-post-thumbnail","6":"product_cat-bileklik","7":"product_cat-bileklikler","8":"product_cat-bileklikler-erkekler-icin-dogal-taslar","9":"product_cat-erkek-bileklikler","10":"product_cat-erkekler-icin-dogal-taslar","11":"product_cat-kabuslariniz-icin-dogal-taslar","12":"product_cat-turmalin-tasi","13":"product_tag-astrolog-elvan","15":"first","16":"outofstock","17":"taxable","18":"shipping-taxable","19":"purchasable","20":"product-type-simple"},"yoast_head":"<!-- This site is optimized with the Yoast SEO plugin v27.2 - https:\/\/yoast.com\/product\/yoast-seo-wordpress\/ -->\n<title>S\u0130YAH TURMAL\u0130N DO\u011eAL TA\u015e ERKEK B\u0130LEKL\u0130K - Astrolog Elvan<\/title>\n<meta name=\"robots\" content=\"index, follow, max-snippet:-1, max-image-preview:large, max-video-preview:-1\" \/>\n<link rel=\"canonical\" href=\"https:\/\/astrologelvan.com\/magaza\/urun\/siyah-turmalin-dogal-tas-erkek-bileklik\/\" \/>\n<meta property=\"og:locale\" content=\"tr_TR\" \/>\n<meta property=\"og:type\" content=\"article\" \/>\n<meta property=\"og:title\" content=\"S\u0130YAH TURMAL\u0130N DO\u011eAL TA\u015e ERKEK B\u0130LEKL\u0130K - Astrolog Elvan\" \/>\n<meta property=\"og:description\" content=\"Siyah Turmalin ta\u015f\u0131\u00a0\u00e7ok g\u00fc\u00e7l\u00fc bir koruma ta\u015f\u0131d\u0131r. Negatif t\u00fcm varl\u0131klara kar\u015f\u0131 kalkan g\u00f6revi g\u00f6r\u00fcr. Her bur\u00e7 \u00fczerinde ta\u015f\u0131yabilir. Siyaht\u0131r ama g\u00f6kku\u015fa\u011f\u0131ndaki t\u00fcm renklerin bir araya gelmesi nedeniyle siyah g\u00f6r\u00fcn\u00fcr. Ondan 7 \u00e7akra \u00fczerinde de etkili \u00e7al\u0131\u015f\u0131r. Ruhsal olarak k\u00f6t\u00fc hissetti\u011finizde, enerji dengelemek i\u00e7in \u00fczerinizde ta\u015f\u0131yabilirsiniz. Haftada bir ada\u00e7ay\u0131 t\u00fcts\u00fcs\u00fc ile temizleyin.  Hematit: Her erkek bilekli\u011finin olmazsa olmaz\u0131 olan Hematit ta\u015f\u0131 i\u00e7erisinde demir bulunur. Demir, astrolojide Mars ile ba\u011flant\u0131l\u0131d\u0131r. Yani; hematit ta\u015f\u0131 takmak, erkeklerin eril enerjisini dengeleyici bir etkide bulunur. Ba\u011f\u0131\u015f\u0131kl\u0131k sistemine katk\u0131 sa\u011flar. \u00d6fke ve korku duygular\u0131n\u0131 dengeler.\u00a0  &nbsp;  &nbsp;\" \/>\n<meta property=\"og:url\" content=\"https:\/\/astrologelvan.com\/magaza\/urun\/siyah-turmalin-dogal-tas-erkek-bileklik\/\" \/>\n<meta property=\"og:site_name\" content=\"Astrolog Elvan\" \/>\n<meta property=\"article:modified_time\" content=\"2025-10-06T05:15:01+00:00\" \/>\n<meta property=\"og:image\" content=\"https:\/\/astrologelvan.com\/magaza\/wp-content\/uploads\/2024\/02\/Siyah-Turmalin-Tasi-Erkek-Bilekligi-min.jpg\" \/>\n\t<meta property=\"og:image:width\" content=\"1080\" \/>\n\t<meta property=\"og:image:height\" content=\"1080\" \/>\n\t<meta property=\"og:image:type\" content=\"image\/jpeg\" \/>\n<meta name=\"twitter:card\" content=\"summary_large_image\" \/>\n<meta name=\"twitter:label1\" content=\"Tahmini okuma s\u00fcresi\" \/>\n\t<meta name=\"twitter:data1\" content=\"1 dakika\" \/>\n<script type=\"application\/ld+json\" class=\"yoast-schema-graph\">{\"@context\":\"https:\/\/schema.org\",\"@graph\":[{\"@type\":[\"WebPage\",\"ItemPage\"],\"@id\":\"https:\/\/astrologelvan.com\/magaza\/urun\/siyah-turmalin-dogal-tas-erkek-bileklik\/\",\"url\":\"https:\/\/astrologelvan.com\/magaza\/urun\/siyah-turmalin-dogal-tas-erkek-bileklik\/\",\"name\":\"S\u0130YAH TURMAL\u0130N DO\u011eAL TA\u015e ERKEK B\u0130LEKL\u0130K - Astrolog Elvan\",\"isPartOf\":{\"@id\":\"https:\/\/astrologelvan.com\/magaza\/#website\"},\"primaryImageOfPage\":{\"@id\":\"https:\/\/astrologelvan.com\/magaza\/urun\/siyah-turmalin-dogal-tas-erkek-bileklik\/#primaryimage\"},\"image\":{\"@id\":\"https:\/\/astrologelvan.com\/magaza\/urun\/siyah-turmalin-dogal-tas-erkek-bileklik\/#primaryimage\"},\"thumbnailUrl\":\"https:\/\/astrologelvan.com\/magaza\/wp-content\/uploads\/2024\/02\/Siyah-Turmalin-Tasi-Erkek-Bilekligi-min.jpg\",\"datePublished\":\"2024-02-27T23:55:32+00:00\",\"dateModified\":\"2025-10-06T05:15:01+00:00\",\"breadcrumb\":{\"@id\":\"https:\/\/astrologelvan.com\/magaza\/urun\/siyah-turmalin-dogal-tas-erkek-bileklik\/#breadcrumb\"},\"inLanguage\":\"tr\",\"potentialAction\":[{\"@type\":\"ReadAction\",\"target\":[\"https:\/\/astrologelvan.com\/magaza\/urun\/siyah-turmalin-dogal-tas-erkek-bileklik\/\"]}]},{\"@type\":\"ImageObject\",\"inLanguage\":\"tr\",\"@id\":\"https:\/\/astrologelvan.com\/magaza\/urun\/siyah-turmalin-dogal-tas-erkek-bileklik\/#primaryimage\",\"url\":\"https:\/\/astrologelvan.com\/magaza\/wp-content\/uploads\/2024\/02\/Siyah-Turmalin-Tasi-Erkek-Bilekligi-min.jpg\",\"contentUrl\":\"https:\/\/astrologelvan.com\/magaza\/wp-content\/uploads\/2024\/02\/Siyah-Turmalin-Tasi-Erkek-Bilekligi-min.jpg\",\"width\":1080,\"height\":1080},{\"@type\":\"BreadcrumbList\",\"@id\":\"https:\/\/astrologelvan.com\/magaza\/urun\/siyah-turmalin-dogal-tas-erkek-bileklik\/#breadcrumb\",\"itemListElement\":[{\"@type\":\"ListItem\",\"position\":1,\"name\":\"Anasayfa\",\"item\":\"https:\/\/astrologelvan.com\/magaza\/\"},{\"@type\":\"ListItem\",\"position\":2,\"name\":\"Ma\u011faza\",\"item\":\"https:\/\/astrologelvan.com\/magaza\/magaza\/\"},{\"@type\":\"ListItem\",\"position\":3,\"name\":\"S\u0130YAH TURMAL\u0130N DO\u011eAL TA\u015e ERKEK B\u0130LEKL\u0130K\"}]},{\"@type\":\"WebSite\",\"@id\":\"https:\/\/astrologelvan.com\/magaza\/#website\",\"url\":\"https:\/\/astrologelvan.com\/magaza\/\",\"name\":\"Astrolog Elvan\",\"description\":\"\",\"potentialAction\":[{\"@type\":\"SearchAction\",\"target\":{\"@type\":\"EntryPoint\",\"urlTemplate\":\"https:\/\/astrologelvan.com\/magaza\/?s={search_term_string}\"},\"query-input\":{\"@type\":\"PropertyValueSpecification\",\"valueRequired\":true,\"valueName\":\"search_term_string\"}}],\"inLanguage\":\"tr\"}]}<\/script>\n<!-- \/ Yoast SEO plugin. -->","yoast_head_json":{"title":"S\u0130YAH TURMAL\u0130N DO\u011eAL TA\u015e ERKEK B\u0130LEKL\u0130K - Astrolog Elvan","robots":{"index":"index","follow":"follow","max-snippet":"max-snippet:-1","max-image-preview":"max-image-preview:large","max-video-preview":"max-video-preview:-1"},"canonical":"https:\/\/astrologelvan.com\/magaza\/urun\/siyah-turmalin-dogal-tas-erkek-bileklik\/","og_locale":"tr_TR","og_type":"article","og_title":"S\u0130YAH TURMAL\u0130N DO\u011eAL TA\u015e ERKEK B\u0130LEKL\u0130K - Astrolog Elvan","og_description":"Siyah Turmalin ta\u015f\u0131\u00a0\u00e7ok g\u00fc\u00e7l\u00fc bir koruma ta\u015f\u0131d\u0131r. Negatif t\u00fcm varl\u0131klara kar\u015f\u0131 kalkan g\u00f6revi g\u00f6r\u00fcr. Her bur\u00e7 \u00fczerinde ta\u015f\u0131yabilir. Siyaht\u0131r ama g\u00f6kku\u015fa\u011f\u0131ndaki t\u00fcm renklerin bir araya gelmesi nedeniyle siyah g\u00f6r\u00fcn\u00fcr. Ondan 7 \u00e7akra \u00fczerinde de etkili \u00e7al\u0131\u015f\u0131r. Ruhsal olarak k\u00f6t\u00fc hissetti\u011finizde, enerji dengelemek i\u00e7in \u00fczerinizde ta\u015f\u0131yabilirsiniz. Haftada bir ada\u00e7ay\u0131 t\u00fcts\u00fcs\u00fc ile temizleyin.  Hematit: Her erkek bilekli\u011finin olmazsa olmaz\u0131 olan Hematit ta\u015f\u0131 i\u00e7erisinde demir bulunur. Demir, astrolojide Mars ile ba\u011flant\u0131l\u0131d\u0131r. Yani; hematit ta\u015f\u0131 takmak, erkeklerin eril enerjisini dengeleyici bir etkide bulunur. Ba\u011f\u0131\u015f\u0131kl\u0131k sistemine katk\u0131 sa\u011flar. \u00d6fke ve korku duygular\u0131n\u0131 dengeler.\u00a0  &nbsp;  &nbsp;","og_url":"https:\/\/astrologelvan.com\/magaza\/urun\/siyah-turmalin-dogal-tas-erkek-bileklik\/","og_site_name":"Astrolog Elvan","article_modified_time":"2025-10-06T05:15:01+00:00","og_image":[{"width":1080,"height":1080,"url":"https:\/\/astrologelvan.com\/magaza\/wp-content\/uploads\/2024\/02\/Siyah-Turmalin-Tasi-Erkek-Bilekligi-min.jpg","type":"image\/jpeg"}],"twitter_card":"summary_large_image","twitter_misc":{"Tahmini okuma s\u00fcresi":"1 dakika"},"schema":{"@context":"https:\/\/schema.org","@graph":[{"@type":["WebPage","ItemPage"],"@id":"https:\/\/astrologelvan.com\/magaza\/urun\/siyah-turmalin-dogal-tas-erkek-bileklik\/","url":"https:\/\/astrologelvan.com\/magaza\/urun\/siyah-turmalin-dogal-tas-erkek-bileklik\/","name":"S\u0130YAH TURMAL\u0130N DO\u011eAL TA\u015e ERKEK B\u0130LEKL\u0130K - Astrolog Elvan","isPartOf":{"@id":"https:\/\/astrologelvan.com\/magaza\/#website"},"primaryImageOfPage":{"@id":"https:\/\/astrologelvan.com\/magaza\/urun\/siyah-turmalin-dogal-tas-erkek-bileklik\/#primaryimage"},"image":{"@id":"https:\/\/astrologelvan.com\/magaza\/urun\/siyah-turmalin-dogal-tas-erkek-bileklik\/#primaryimage"},"thumbnailUrl":"https:\/\/astrologelvan.com\/magaza\/wp-content\/uploads\/2024\/02\/Siyah-Turmalin-Tasi-Erkek-Bilekligi-min.jpg","datePublished":"2024-02-27T23:55:32+00:00","dateModified":"2025-10-06T05:15:01+00:00","breadcrumb":{"@id":"https:\/\/astrologelvan.com\/magaza\/urun\/siyah-turmalin-dogal-tas-erkek-bileklik\/#breadcrumb"},"inLanguage":"tr","potentialAction":[{"@type":"ReadAction","target":["https:\/\/astrologelvan.com\/magaza\/urun\/siyah-turmalin-dogal-tas-erkek-bileklik\/"]}]},{"@type":"ImageObject","inLanguage":"tr","@id":"https:\/\/astrologelvan.com\/magaza\/urun\/siyah-turmalin-dogal-tas-erkek-bileklik\/#primaryimage","url":"https:\/\/astrologelvan.com\/magaza\/wp-content\/uploads\/2024\/02\/Siyah-Turmalin-Tasi-Erkek-Bilekligi-min.jpg","contentUrl":"https:\/\/astrologelvan.com\/magaza\/wp-content\/uploads\/2024\/02\/Siyah-Turmalin-Tasi-Erkek-Bilekligi-min.jpg","width":1080,"height":1080},{"@type":"BreadcrumbList","@id":"https:\/\/astrologelvan.com\/magaza\/urun\/siyah-turmalin-dogal-tas-erkek-bileklik\/#breadcrumb","itemListElement":[{"@type":"ListItem","position":1,"name":"Anasayfa","item":"https:\/\/astrologelvan.com\/magaza\/"},{"@type":"ListItem","position":2,"name":"Ma\u011faza","item":"https:\/\/astrologelvan.com\/magaza\/magaza\/"},{"@type":"ListItem","position":3,"name":"S\u0130YAH TURMAL\u0130N DO\u011eAL TA\u015e ERKEK B\u0130LEKL\u0130K"}]},{"@type":"WebSite","@id":"https:\/\/astrologelvan.com\/magaza\/#website","url":"https:\/\/astrologelvan.com\/magaza\/","name":"Astrolog Elvan","description":"","potentialAction":[{"@type":"SearchAction","target":{"@type":"EntryPoint","urlTemplate":"https:\/\/astrologelvan.com\/magaza\/?s={search_term_string}"},"query-input":{"@type":"PropertyValueSpecification","valueRequired":true,"valueName":"search_term_string"}}],"inLanguage":"tr"}]}},"_links":{"self":[{"href":"https:\/\/astrologelvan.com\/magaza\/wp-json\/wp\/v2\/product\/849","targetHints":{"allow":["GET"]}}],"collection":[{"href":"https:\/\/astrologelvan.com\/magaza\/wp-json\/wp\/v2\/product"}],"about":[{"href":"https:\/\/astrologelvan.com\/magaza\/wp-json\/wp\/v2\/types\/product"}],"replies":[{"embeddable":true,"href":"https:\/\/astrologelvan.com\/magaza\/wp-json\/wp\/v2\/comments?post=849"}],"wp:featuredmedia":[{"embeddable":true,"href":"https:\/\/astrologelvan.com\/magaza\/wp-json\/wp\/v2\/media\/908"}],"wp:attachment":[{"href":"https:\/\/astrologelvan.com\/magaza\/wp-json\/wp\/v2\/media?parent=849"}],"wp:term":[{"taxonomy":"product_brand","embeddable":true,"href":"https:\/\/astrologelvan.com\/magaza\/wp-json\/wp\/v2\/product_brand?post=849"},{"taxonomy":"product_cat","embeddable":true,"href":"https:\/\/astrologelvan.com\/magaza\/wp-json\/wp\/v2\/product_cat?post=849"},{"taxonomy":"product_tag","embeddable":true,"href":"https:\/\/astrologelvan.com\/magaza\/wp-json\/wp\/v2\/product_tag?post=849"}],"curies":[{"name":"wp","href":"https:\/\/api.w.org\/{rel}","templated":true}]}}