{"id":846,"date":"2024-02-28T02:55:03","date_gmt":"2024-02-27T23:55:03","guid":{"rendered":"https:\/\/astrologelvan.shop\/?post_type=product&#038;p=846"},"modified":"2025-10-06T08:15:01","modified_gmt":"2025-10-06T05:15:01","slug":"kaplangozu-tasi-erkek-bilekligi","status":"publish","type":"product","link":"https:\/\/astrologelvan.com\/magaza\/urun\/kaplangozu-tasi-erkek-bilekligi\/","title":{"rendered":"KAPLANG\u00d6Z\u00dc TA\u015eI ERKEK B\u0130LEKL\u0130\u011e\u0130"},"content":{"rendered":"<p><b>\u00dcR\u00dcN \u00d6ZELL\u0130KLER\u0130<\/b><\/p>\n<p><span style=\"font-weight: 400;\">Kaplang\u00f6z\u00fc Ta\u015f\u0131 Bileklik\u00a0<\/span><\/p>\n<p><span style=\"font-weight: 400;\">Bilekli\u011fin ortalama uzunlu\u011fu: 22-23 CM\u00a0<\/span><\/p>\n<p><span style=\"font-weight: 400;\">Ta\u015flar\u0131n yakla\u015f\u0131k \u00f6l\u00e7\u00fcs\u00fc:\u00a010-11 MM<\/span><\/p>\n<p><strong>Tak\u0131lar\u0131n\u0131z\u0131n uzun s\u00fcre kullanabilmesi i\u00e7in; Parf\u00fcm, su, s\u0131v\u0131, dezenfektan, krem v.b. gibi maddelerle temas etmemesi, du\u015f-banyo s\u0131ras\u0131nda \u00e7\u0131kart\u0131lmas\u0131 gerekmektedir. Ki\u015finin ter-ten yap\u0131s\u0131na g\u00f6re de etkilenmektedir. Tak\u0131lar\u0131n\u0131z\u0131 kullanmad\u0131\u011f\u0131n\u0131z zamanlarda kesesinde saklaman\u0131z\u0131 \u00f6neririz.<\/strong><\/p>\n<p><strong>Do\u011fal ta\u015flar\u0131n belirli titre\u015fimlere ve frekanslara sahip oldu\u011fu bilinmektedir. Bu nedenle v\u00fccudumuzda ve auram\u0131zda birtak\u0131m iyi etkileri oldu\u011fu s\u00f6ylenmektedir. Ta\u015flar\u0131n \u00f6zelliklerinin bilimsel kesinli\u011fi yoktur. Astrologelvan ma\u011fazas\u0131ndaki t\u00fcm ta\u015flar orijinal, ger\u00e7ek do\u011fal ta\u015flard\u0131r. T\u0131bbi konularda doktora dan\u0131\u015fman\u0131z\u0131 tavsiye ederiz. Ta\u015flar\u0131n tedavi edici \u00f6zelli\u011fi yoktur, sadece ki\u015fisel enerjimizi y\u00fckseltmekte ve astrolojik olarak da temsil etti\u011fi gezegenlerin etkilerini artt\u0131rmakta oldu\u011fu kabul edilir. \u00d6rne\u011fin; pembe kuvars ta\u015f\u0131 a\u015fk ve sevgi gezegeni Ven\u00fcs&#8217;\u00fcn ta\u015f\u0131d\u0131r ve bu sebeple \u00fczerinde ta\u015f\u0131yan ki\u015finin a\u015fk ve sevgi frekans\u0131n\u0131 y\u00fckseltti\u011fi bilinir.<\/strong><\/p>\n<p>&nbsp;<\/p>\n<p>&nbsp;<\/p>\n","protected":false},"excerpt":{"rendered":"<p><span style=\"font-weight: 400;\">Kaplang\u00f6z\u00fc ta\u015f\u0131 hayat\u0131n\u0131zda enerjinizin, \u00f6zg\u00fcveninizin, cesaretinizin azald\u0131\u011f\u0131n\u0131 veya yeterince ortaya \u00e7\u0131kmad\u0131\u011f\u0131n\u0131 d\u00fc\u015f\u00fcnd\u00fc\u011f\u00fcn\u00fcz d\u00f6nemlerde elinizin gidece\u011fi ilk ta\u015ft\u0131r. Ba\u011f\u0131ms\u0131zl\u0131k ta\u015f\u0131 olarak bilinen kaplang\u00f6z\u00fc ta\u015f\u0131, kendisini \u00fczerinde ta\u015f\u0131yan ki\u015finin c\u00fcretkarl\u0131k, cesurluk, korkusuzluk gibi y\u00f6nlerini geli\u015ftirir. Kullan\u0131m\u0131 antik \u00e7a\u011flardan bu yana s\u00fcregelen kaplang\u00f6z\u00fc ta\u015f\u0131 hem ba\u011f\u0131ms\u0131zl\u0131\u011f\u0131 hem de koruyuculu\u011fu simgeledi\u011finden devlet erkanlar\u0131n\u0131n sava\u015f aletlerinde ve k\u0131yafetlerinde de kullan\u0131lm\u0131\u015ft\u0131r. Antik M\u0131s\u0131r \u00e7a\u011flar\u0131nda ise galibiyetin ve y\u0131k\u0131m\u0131n tanr\u0131\u00e7as\u0131 olan Sekhmet ile ili\u015fkilendirilmi\u015ftir.<\/span><\/p>\n<p><span style=\"font-weight: 400;\">Kaplang\u00f6z\u00fc ta\u015f\u0131 iyile\u015ftirici g\u00fcc\u00fcn\u00fc ate\u015f ve toprak elementlerinden al\u0131r. Bir kaplan\u0131n \u00e7izgilerine benzer olarak bu elementler hem dayana\u011f\u0131 olan hem de ilham verici titre\u015fimler yarat\u0131r. Kaplang\u00f6z\u00fc ta\u015f\u0131 cesaret enerjisini ve iyile\u015ftirme \u00f6zelli\u011fini bir araya getirir. Toksik d\u00fc\u015f\u00fcnceleri dengeler ve pozitif mental d\u00fc\u015f\u00fcnceler geli\u015ftirir.<\/span><\/p>\n<p><span style=\"font-weight: 400;\">Kaplang\u00f6z\u00fc ta\u015f\u0131n\u0131n solar pleksus \u00e7akra ile ba\u011flant\u0131s\u0131 da bulunmaktad\u0131r. Yedi ana \u00e7akran\u0131n \u00fc\u00e7\u00fcnc\u00fc \u00e7akras\u0131 olan ki\u015fisel g\u00fc\u00e7 ve \u00f6zg\u00fcvenin bulundu\u011fu \u00e7akray\u0131 etkilemektedir. Bu ta\u015f \u00fc\u00e7\u00fcnc\u00fc \u00e7akradaki dengesizlikleri d\u00fczenler ve ki\u015fiye en g\u00fc\u00e7l\u00fc, en \u00f6zg\u00fcvenli versiyonunu b\u0131rak\u0131r. Ki\u015fiye, kendine g\u00fcvenme ve hayat\u0131nda kendi yoluna gidebilme kabiliyetini kazanmada yard\u0131mc\u0131 olur. Solar pleksus \u00e7akray\u0131 dengeleyerek sizi motive etmektedir. Korku, k\u0131skan\u00e7l\u0131k, kin gibi duygular\u0131 yenmenizi sa\u011flar. Ast\u0131m hastalar\u0131na, kalp hastal\u0131klar\u0131na ve uykusuzluk problemi olanlara iyi gelir.<\/span><\/p>\n<p><b>Hematit:<\/b> <span style=\"font-weight: 400;\">Her erkek bilekli\u011finin olmazsa olmaz\u0131 olan Hematit ta\u015f\u0131 i\u00e7erisinde demir bulunur<\/span><span style=\"font-weight: 400;\">. <\/span><span style=\"font-weight: 400;\">Demir, astrolojide Mars ile ba\u011flant\u0131l\u0131d\u0131r. Yani; hematit ta\u015f\u0131 takmak, erkeklerin eril enerjisini dengeleyici bir etkide bulunur. Ba\u011f\u0131\u015f\u0131kl\u0131k sistemine katk\u0131 sa\u011flar. \u00d6fke ve korku duygular\u0131n\u0131 dengeler.\u00a0<\/span><\/p>\n<p>&nbsp;<\/p>\n","protected":false},"featured_media":903,"comment_status":"closed","ping_status":"closed","template":"","meta":[],"product_brand":[],"product_cat":[258,259,508,347,375],"product_tag":[421],"class_list":{"0":"post-846","1":"product","2":"type-product","3":"status-publish","4":"has-post-thumbnail","6":"product_cat-bileklik","7":"product_cat-bileklikler","8":"product_cat-erkek-bileklikler","9":"product_cat-erkekler-icin-dogal-taslar","10":"product_cat-kaplangozu-tasi","11":"product_tag-kaplangozu-bileklik","13":"first","14":"outofstock","15":"taxable","16":"shipping-taxable","17":"purchasable","18":"product-type-simple"},"yoast_head":"<!-- This site is optimized with the Yoast SEO plugin v27.3 - https:\/\/yoast.com\/product\/yoast-seo-wordpress\/ -->\n<title>KAPLANG\u00d6Z\u00dc TA\u015eI ERKEK B\u0130LEKL\u0130\u011e\u0130 - Astrolog Elvan<\/title>\n<meta name=\"robots\" content=\"index, follow, max-snippet:-1, max-image-preview:large, max-video-preview:-1\" \/>\n<link rel=\"canonical\" href=\"https:\/\/astrologelvan.com\/magaza\/urun\/kaplangozu-tasi-erkek-bilekligi\/\" \/>\n<meta property=\"og:locale\" content=\"tr_TR\" \/>\n<meta property=\"og:type\" content=\"article\" \/>\n<meta property=\"og:title\" content=\"KAPLANG\u00d6Z\u00dc TA\u015eI ERKEK B\u0130LEKL\u0130\u011e\u0130 - Astrolog Elvan\" \/>\n<meta property=\"og:description\" content=\"Kaplang\u00f6z\u00fc ta\u015f\u0131 hayat\u0131n\u0131zda enerjinizin, \u00f6zg\u00fcveninizin, cesaretinizin azald\u0131\u011f\u0131n\u0131 veya yeterince ortaya \u00e7\u0131kmad\u0131\u011f\u0131n\u0131 d\u00fc\u015f\u00fcnd\u00fc\u011f\u00fcn\u00fcz d\u00f6nemlerde elinizin gidece\u011fi ilk ta\u015ft\u0131r. Ba\u011f\u0131ms\u0131zl\u0131k ta\u015f\u0131 olarak bilinen kaplang\u00f6z\u00fc ta\u015f\u0131, kendisini \u00fczerinde ta\u015f\u0131yan ki\u015finin c\u00fcretkarl\u0131k, cesurluk, korkusuzluk gibi y\u00f6nlerini geli\u015ftirir. Kullan\u0131m\u0131 antik \u00e7a\u011flardan bu yana s\u00fcregelen kaplang\u00f6z\u00fc ta\u015f\u0131 hem ba\u011f\u0131ms\u0131zl\u0131\u011f\u0131 hem de koruyuculu\u011fu simgeledi\u011finden devlet erkanlar\u0131n\u0131n sava\u015f aletlerinde ve k\u0131yafetlerinde de kullan\u0131lm\u0131\u015ft\u0131r. Antik M\u0131s\u0131r \u00e7a\u011flar\u0131nda ise galibiyetin ve y\u0131k\u0131m\u0131n tanr\u0131\u00e7as\u0131 olan Sekhmet ile ili\u015fkilendirilmi\u015ftir.  Kaplang\u00f6z\u00fc ta\u015f\u0131 iyile\u015ftirici g\u00fcc\u00fcn\u00fc ate\u015f ve toprak elementlerinden al\u0131r. Bir kaplan\u0131n \u00e7izgilerine benzer olarak bu elementler hem dayana\u011f\u0131 olan hem de ilham verici titre\u015fimler yarat\u0131r. Kaplang\u00f6z\u00fc ta\u015f\u0131 cesaret enerjisini ve iyile\u015ftirme \u00f6zelli\u011fini bir araya getirir. Toksik d\u00fc\u015f\u00fcnceleri dengeler ve pozitif mental d\u00fc\u015f\u00fcnceler geli\u015ftirir.  Kaplang\u00f6z\u00fc ta\u015f\u0131n\u0131n solar pleksus \u00e7akra ile ba\u011flant\u0131s\u0131 da bulunmaktad\u0131r. Yedi ana \u00e7akran\u0131n \u00fc\u00e7\u00fcnc\u00fc \u00e7akras\u0131 olan ki\u015fisel g\u00fc\u00e7 ve \u00f6zg\u00fcvenin bulundu\u011fu \u00e7akray\u0131 etkilemektedir. Bu ta\u015f \u00fc\u00e7\u00fcnc\u00fc \u00e7akradaki dengesizlikleri d\u00fczenler ve ki\u015fiye en g\u00fc\u00e7l\u00fc, en \u00f6zg\u00fcvenli versiyonunu b\u0131rak\u0131r. Ki\u015fiye, kendine g\u00fcvenme ve hayat\u0131nda kendi yoluna gidebilme kabiliyetini kazanmada yard\u0131mc\u0131 olur. Solar pleksus \u00e7akray\u0131 dengeleyerek sizi motive etmektedir. Korku, k\u0131skan\u00e7l\u0131k, kin gibi duygular\u0131 yenmenizi sa\u011flar. Ast\u0131m hastalar\u0131na, kalp hastal\u0131klar\u0131na ve uykusuzluk problemi olanlara iyi gelir.  Hematit: Her erkek bilekli\u011finin olmazsa olmaz\u0131 olan Hematit ta\u015f\u0131 i\u00e7erisinde demir bulunur. Demir, astrolojide Mars ile ba\u011flant\u0131l\u0131d\u0131r. Yani; hematit ta\u015f\u0131 takmak, erkeklerin eril enerjisini dengeleyici bir etkide bulunur. Ba\u011f\u0131\u015f\u0131kl\u0131k sistemine katk\u0131 sa\u011flar. \u00d6fke ve korku duygular\u0131n\u0131 dengeler.\u00a0  &nbsp;\" \/>\n<meta property=\"og:url\" content=\"https:\/\/astrologelvan.com\/magaza\/urun\/kaplangozu-tasi-erkek-bilekligi\/\" \/>\n<meta property=\"og:site_name\" content=\"Astrolog Elvan\" \/>\n<meta property=\"article:modified_time\" content=\"2025-10-06T05:15:01+00:00\" \/>\n<meta property=\"og:image\" content=\"https:\/\/astrologelvan.com\/magaza\/wp-content\/uploads\/2024\/02\/Kaplangozu-Tasi-Erkek-Bilekligi-min-1.jpg\" \/>\n\t<meta property=\"og:image:width\" content=\"1080\" \/>\n\t<meta property=\"og:image:height\" content=\"1080\" \/>\n\t<meta property=\"og:image:type\" content=\"image\/jpeg\" \/>\n<meta name=\"twitter:card\" content=\"summary_large_image\" \/>\n<meta name=\"twitter:label1\" content=\"Tahmini okuma s\u00fcresi\" \/>\n\t<meta name=\"twitter:data1\" content=\"1 dakika\" \/>\n<script type=\"application\/ld+json\" class=\"yoast-schema-graph\">{\"@context\":\"https:\\\/\\\/schema.org\",\"@graph\":[{\"@type\":[\"WebPage\",\"ItemPage\"],\"@id\":\"https:\\\/\\\/astrologelvan.com\\\/magaza\\\/urun\\\/kaplangozu-tasi-erkek-bilekligi\\\/\",\"url\":\"https:\\\/\\\/astrologelvan.com\\\/magaza\\\/urun\\\/kaplangozu-tasi-erkek-bilekligi\\\/\",\"name\":\"KAPLANG\u00d6Z\u00dc TA\u015eI ERKEK B\u0130LEKL\u0130\u011e\u0130 - Astrolog Elvan\",\"isPartOf\":{\"@id\":\"https:\\\/\\\/astrologelvan.com\\\/magaza\\\/#website\"},\"primaryImageOfPage\":{\"@id\":\"https:\\\/\\\/astrologelvan.com\\\/magaza\\\/urun\\\/kaplangozu-tasi-erkek-bilekligi\\\/#primaryimage\"},\"image\":{\"@id\":\"https:\\\/\\\/astrologelvan.com\\\/magaza\\\/urun\\\/kaplangozu-tasi-erkek-bilekligi\\\/#primaryimage\"},\"thumbnailUrl\":\"https:\\\/\\\/astrologelvan.com\\\/magaza\\\/wp-content\\\/uploads\\\/2024\\\/02\\\/Kaplangozu-Tasi-Erkek-Bilekligi-min-1.jpg\",\"datePublished\":\"2024-02-27T23:55:03+00:00\",\"dateModified\":\"2025-10-06T05:15:01+00:00\",\"breadcrumb\":{\"@id\":\"https:\\\/\\\/astrologelvan.com\\\/magaza\\\/urun\\\/kaplangozu-tasi-erkek-bilekligi\\\/#breadcrumb\"},\"inLanguage\":\"tr\",\"potentialAction\":[{\"@type\":\"ReadAction\",\"target\":[\"https:\\\/\\\/astrologelvan.com\\\/magaza\\\/urun\\\/kaplangozu-tasi-erkek-bilekligi\\\/\"]}]},{\"@type\":\"ImageObject\",\"inLanguage\":\"tr\",\"@id\":\"https:\\\/\\\/astrologelvan.com\\\/magaza\\\/urun\\\/kaplangozu-tasi-erkek-bilekligi\\\/#primaryimage\",\"url\":\"https:\\\/\\\/astrologelvan.com\\\/magaza\\\/wp-content\\\/uploads\\\/2024\\\/02\\\/Kaplangozu-Tasi-Erkek-Bilekligi-min-1.jpg\",\"contentUrl\":\"https:\\\/\\\/astrologelvan.com\\\/magaza\\\/wp-content\\\/uploads\\\/2024\\\/02\\\/Kaplangozu-Tasi-Erkek-Bilekligi-min-1.jpg\",\"width\":1080,\"height\":1080},{\"@type\":\"BreadcrumbList\",\"@id\":\"https:\\\/\\\/astrologelvan.com\\\/magaza\\\/urun\\\/kaplangozu-tasi-erkek-bilekligi\\\/#breadcrumb\",\"itemListElement\":[{\"@type\":\"ListItem\",\"position\":1,\"name\":\"Anasayfa\",\"item\":\"https:\\\/\\\/astrologelvan.com\\\/magaza\\\/\"},{\"@type\":\"ListItem\",\"position\":2,\"name\":\"Ma\u011faza\",\"item\":\"https:\\\/\\\/astrologelvan.com\\\/magaza\\\/magaza\\\/\"},{\"@type\":\"ListItem\",\"position\":3,\"name\":\"KAPLANG\u00d6Z\u00dc TA\u015eI ERKEK B\u0130LEKL\u0130\u011e\u0130\"}]},{\"@type\":\"WebSite\",\"@id\":\"https:\\\/\\\/astrologelvan.com\\\/magaza\\\/#website\",\"url\":\"https:\\\/\\\/astrologelvan.com\\\/magaza\\\/\",\"name\":\"Astrolog Elvan\",\"description\":\"\",\"potentialAction\":[{\"@type\":\"SearchAction\",\"target\":{\"@type\":\"EntryPoint\",\"urlTemplate\":\"https:\\\/\\\/astrologelvan.com\\\/magaza\\\/?s={search_term_string}\"},\"query-input\":{\"@type\":\"PropertyValueSpecification\",\"valueRequired\":true,\"valueName\":\"search_term_string\"}}],\"inLanguage\":\"tr\"}]}<\/script>\n<!-- \/ Yoast SEO plugin. -->","yoast_head_json":{"title":"KAPLANG\u00d6Z\u00dc TA\u015eI ERKEK B\u0130LEKL\u0130\u011e\u0130 - Astrolog Elvan","robots":{"index":"index","follow":"follow","max-snippet":"max-snippet:-1","max-image-preview":"max-image-preview:large","max-video-preview":"max-video-preview:-1"},"canonical":"https:\/\/astrologelvan.com\/magaza\/urun\/kaplangozu-tasi-erkek-bilekligi\/","og_locale":"tr_TR","og_type":"article","og_title":"KAPLANG\u00d6Z\u00dc TA\u015eI ERKEK B\u0130LEKL\u0130\u011e\u0130 - Astrolog Elvan","og_description":"Kaplang\u00f6z\u00fc ta\u015f\u0131 hayat\u0131n\u0131zda enerjinizin, \u00f6zg\u00fcveninizin, cesaretinizin azald\u0131\u011f\u0131n\u0131 veya yeterince ortaya \u00e7\u0131kmad\u0131\u011f\u0131n\u0131 d\u00fc\u015f\u00fcnd\u00fc\u011f\u00fcn\u00fcz d\u00f6nemlerde elinizin gidece\u011fi ilk ta\u015ft\u0131r. Ba\u011f\u0131ms\u0131zl\u0131k ta\u015f\u0131 olarak bilinen kaplang\u00f6z\u00fc ta\u015f\u0131, kendisini \u00fczerinde ta\u015f\u0131yan ki\u015finin c\u00fcretkarl\u0131k, cesurluk, korkusuzluk gibi y\u00f6nlerini geli\u015ftirir. Kullan\u0131m\u0131 antik \u00e7a\u011flardan bu yana s\u00fcregelen kaplang\u00f6z\u00fc ta\u015f\u0131 hem ba\u011f\u0131ms\u0131zl\u0131\u011f\u0131 hem de koruyuculu\u011fu simgeledi\u011finden devlet erkanlar\u0131n\u0131n sava\u015f aletlerinde ve k\u0131yafetlerinde de kullan\u0131lm\u0131\u015ft\u0131r. Antik M\u0131s\u0131r \u00e7a\u011flar\u0131nda ise galibiyetin ve y\u0131k\u0131m\u0131n tanr\u0131\u00e7as\u0131 olan Sekhmet ile ili\u015fkilendirilmi\u015ftir.  Kaplang\u00f6z\u00fc ta\u015f\u0131 iyile\u015ftirici g\u00fcc\u00fcn\u00fc ate\u015f ve toprak elementlerinden al\u0131r. Bir kaplan\u0131n \u00e7izgilerine benzer olarak bu elementler hem dayana\u011f\u0131 olan hem de ilham verici titre\u015fimler yarat\u0131r. Kaplang\u00f6z\u00fc ta\u015f\u0131 cesaret enerjisini ve iyile\u015ftirme \u00f6zelli\u011fini bir araya getirir. Toksik d\u00fc\u015f\u00fcnceleri dengeler ve pozitif mental d\u00fc\u015f\u00fcnceler geli\u015ftirir.  Kaplang\u00f6z\u00fc ta\u015f\u0131n\u0131n solar pleksus \u00e7akra ile ba\u011flant\u0131s\u0131 da bulunmaktad\u0131r. Yedi ana \u00e7akran\u0131n \u00fc\u00e7\u00fcnc\u00fc \u00e7akras\u0131 olan ki\u015fisel g\u00fc\u00e7 ve \u00f6zg\u00fcvenin bulundu\u011fu \u00e7akray\u0131 etkilemektedir. Bu ta\u015f \u00fc\u00e7\u00fcnc\u00fc \u00e7akradaki dengesizlikleri d\u00fczenler ve ki\u015fiye en g\u00fc\u00e7l\u00fc, en \u00f6zg\u00fcvenli versiyonunu b\u0131rak\u0131r. Ki\u015fiye, kendine g\u00fcvenme ve hayat\u0131nda kendi yoluna gidebilme kabiliyetini kazanmada yard\u0131mc\u0131 olur. Solar pleksus \u00e7akray\u0131 dengeleyerek sizi motive etmektedir. Korku, k\u0131skan\u00e7l\u0131k, kin gibi duygular\u0131 yenmenizi sa\u011flar. Ast\u0131m hastalar\u0131na, kalp hastal\u0131klar\u0131na ve uykusuzluk problemi olanlara iyi gelir.  Hematit: Her erkek bilekli\u011finin olmazsa olmaz\u0131 olan Hematit ta\u015f\u0131 i\u00e7erisinde demir bulunur. Demir, astrolojide Mars ile ba\u011flant\u0131l\u0131d\u0131r. Yani; hematit ta\u015f\u0131 takmak, erkeklerin eril enerjisini dengeleyici bir etkide bulunur. Ba\u011f\u0131\u015f\u0131kl\u0131k sistemine katk\u0131 sa\u011flar. \u00d6fke ve korku duygular\u0131n\u0131 dengeler.\u00a0  &nbsp;","og_url":"https:\/\/astrologelvan.com\/magaza\/urun\/kaplangozu-tasi-erkek-bilekligi\/","og_site_name":"Astrolog Elvan","article_modified_time":"2025-10-06T05:15:01+00:00","og_image":[{"width":1080,"height":1080,"url":"https:\/\/astrologelvan.com\/magaza\/wp-content\/uploads\/2024\/02\/Kaplangozu-Tasi-Erkek-Bilekligi-min-1.jpg","type":"image\/jpeg"}],"twitter_card":"summary_large_image","twitter_misc":{"Tahmini okuma s\u00fcresi":"1 dakika"},"schema":{"@context":"https:\/\/schema.org","@graph":[{"@type":["WebPage","ItemPage"],"@id":"https:\/\/astrologelvan.com\/magaza\/urun\/kaplangozu-tasi-erkek-bilekligi\/","url":"https:\/\/astrologelvan.com\/magaza\/urun\/kaplangozu-tasi-erkek-bilekligi\/","name":"KAPLANG\u00d6Z\u00dc TA\u015eI ERKEK B\u0130LEKL\u0130\u011e\u0130 - Astrolog Elvan","isPartOf":{"@id":"https:\/\/astrologelvan.com\/magaza\/#website"},"primaryImageOfPage":{"@id":"https:\/\/astrologelvan.com\/magaza\/urun\/kaplangozu-tasi-erkek-bilekligi\/#primaryimage"},"image":{"@id":"https:\/\/astrologelvan.com\/magaza\/urun\/kaplangozu-tasi-erkek-bilekligi\/#primaryimage"},"thumbnailUrl":"https:\/\/astrologelvan.com\/magaza\/wp-content\/uploads\/2024\/02\/Kaplangozu-Tasi-Erkek-Bilekligi-min-1.jpg","datePublished":"2024-02-27T23:55:03+00:00","dateModified":"2025-10-06T05:15:01+00:00","breadcrumb":{"@id":"https:\/\/astrologelvan.com\/magaza\/urun\/kaplangozu-tasi-erkek-bilekligi\/#breadcrumb"},"inLanguage":"tr","potentialAction":[{"@type":"ReadAction","target":["https:\/\/astrologelvan.com\/magaza\/urun\/kaplangozu-tasi-erkek-bilekligi\/"]}]},{"@type":"ImageObject","inLanguage":"tr","@id":"https:\/\/astrologelvan.com\/magaza\/urun\/kaplangozu-tasi-erkek-bilekligi\/#primaryimage","url":"https:\/\/astrologelvan.com\/magaza\/wp-content\/uploads\/2024\/02\/Kaplangozu-Tasi-Erkek-Bilekligi-min-1.jpg","contentUrl":"https:\/\/astrologelvan.com\/magaza\/wp-content\/uploads\/2024\/02\/Kaplangozu-Tasi-Erkek-Bilekligi-min-1.jpg","width":1080,"height":1080},{"@type":"BreadcrumbList","@id":"https:\/\/astrologelvan.com\/magaza\/urun\/kaplangozu-tasi-erkek-bilekligi\/#breadcrumb","itemListElement":[{"@type":"ListItem","position":1,"name":"Anasayfa","item":"https:\/\/astrologelvan.com\/magaza\/"},{"@type":"ListItem","position":2,"name":"Ma\u011faza","item":"https:\/\/astrologelvan.com\/magaza\/magaza\/"},{"@type":"ListItem","position":3,"name":"KAPLANG\u00d6Z\u00dc TA\u015eI ERKEK B\u0130LEKL\u0130\u011e\u0130"}]},{"@type":"WebSite","@id":"https:\/\/astrologelvan.com\/magaza\/#website","url":"https:\/\/astrologelvan.com\/magaza\/","name":"Astrolog Elvan","description":"","potentialAction":[{"@type":"SearchAction","target":{"@type":"EntryPoint","urlTemplate":"https:\/\/astrologelvan.com\/magaza\/?s={search_term_string}"},"query-input":{"@type":"PropertyValueSpecification","valueRequired":true,"valueName":"search_term_string"}}],"inLanguage":"tr"}]}},"_links":{"self":[{"href":"https:\/\/astrologelvan.com\/magaza\/wp-json\/wp\/v2\/product\/846","targetHints":{"allow":["GET"]}}],"collection":[{"href":"https:\/\/astrologelvan.com\/magaza\/wp-json\/wp\/v2\/product"}],"about":[{"href":"https:\/\/astrologelvan.com\/magaza\/wp-json\/wp\/v2\/types\/product"}],"replies":[{"embeddable":true,"href":"https:\/\/astrologelvan.com\/magaza\/wp-json\/wp\/v2\/comments?post=846"}],"wp:featuredmedia":[{"embeddable":true,"href":"https:\/\/astrologelvan.com\/magaza\/wp-json\/wp\/v2\/media\/903"}],"wp:attachment":[{"href":"https:\/\/astrologelvan.com\/magaza\/wp-json\/wp\/v2\/media?parent=846"}],"wp:term":[{"taxonomy":"product_brand","embeddable":true,"href":"https:\/\/astrologelvan.com\/magaza\/wp-json\/wp\/v2\/product_brand?post=846"},{"taxonomy":"product_cat","embeddable":true,"href":"https:\/\/astrologelvan.com\/magaza\/wp-json\/wp\/v2\/product_cat?post=846"},{"taxonomy":"product_tag","embeddable":true,"href":"https:\/\/astrologelvan.com\/magaza\/wp-json\/wp\/v2\/product_tag?post=846"}],"curies":[{"name":"wp","href":"https:\/\/api.w.org\/{rel}","templated":true}]}}