{"id":803,"date":"2024-02-28T02:52:00","date_gmt":"2024-02-27T23:52:00","guid":{"rendered":"https:\/\/astrologelvan.shop\/?post_type=product&#038;p=803"},"modified":"2026-04-11T00:34:10","modified_gmt":"2026-04-10T21:34:10","slug":"kubera-para-mantra-kolyesi-925-ayar-gumus-uzeri-altin-kaplama","status":"publish","type":"product","link":"https:\/\/astrologelvan.com\/magaza\/urun\/kubera-para-mantra-kolyesi-925-ayar-gumus-uzeri-altin-kaplama\/","title":{"rendered":"KUBERA PARA MANTRA KOLYES\u0130 | 925 AYAR G\u00dcM\u00dc\u015e \u00dcZER\u0130 ALTIN KAPLAMA"},"content":{"rendered":"<p><b>\u00dcr\u00fcn \u00d6zellikleri<\/b><\/p>\n<p>Kubera A\u011f\u0131rl\u0131\u011f\u0131: 3,3 Gram<\/p>\n<p>Zincir A\u011f\u0131rl\u0131\u011f\u0131: 1,5 Gram<\/p>\n<p>Kubera En: 25 MM<\/p>\n<p>Kubera Boy: 21 MM<\/p>\n<p>Zincir Uzunlu\u011fu: 60 CM<\/p>\n<p>925 Ayar G\u00fcm\u00fc\u015f \u00dczeri Alt\u0131n Kaplama Kolye<\/p>\n<p>&nbsp;<\/p>\n<p>Do\u011fal ta\u015f kolyelerimizin tasar\u0131mlar\u0131nda do\u011frudan cilde temas etmesini sa\u011fl\u0131yoruz. B\u00f6ylece do\u011fal ta\u015f kolyenizi takt\u0131k\u00e7a v\u00fccudunuzun titre\u015fimlerine ba\u011flan\u0131r ve size denge ve uyum getirir.<\/p>\n<p><b>G\u00fcm\u00fc\u015f kararmas\u0131 iadeye tabi de\u011fildir. Do\u011fal y\u00f6ntemlerle ya da sol\u00fcsyon kullanarak kararan g\u00fcm\u00fc\u015f\u00fc yeniden parlatman\u0131z m\u00fcmk\u00fcnd\u00fcr.<\/b><\/p>\n<p><strong>Tak\u0131lar\u0131n\u0131z\u0131n uzun s\u00fcre kullanabilmesi i\u00e7in; Parf\u00fcm, su, s\u0131v\u0131, dezenfektan, krem v.b. gibi maddelerle temas etmemesi, du\u015f-banyo s\u0131ras\u0131nda \u00e7\u0131kart\u0131lmas\u0131 gerekmektedir. Ki\u015finin ter-ten yap\u0131s\u0131na g\u00f6re de etkilenmektedir. Tak\u0131lar\u0131n\u0131z\u0131 kullanmad\u0131\u011f\u0131n\u0131z zamanlarda kesesinde saklaman\u0131z\u0131 \u00f6neririz.<\/strong><\/p>\n<p><strong>Do\u011fal ta\u015flar\u0131n belirli titre\u015fimlere ve frekanslara sahip oldu\u011fu bilinmektedir. Bu nedenle v\u00fccudumuzda ve auram\u0131zda birtak\u0131m iyi etkileri oldu\u011fu s\u00f6ylenmektedir. Ta\u015flar\u0131n \u00f6zelliklerinin bilimsel kesinli\u011fi yoktur. Astrologelvan ma\u011fazas\u0131ndaki t\u00fcm ta\u015flar orijinal, ger\u00e7ek do\u011fal ta\u015flard\u0131r. T\u0131bbi konularda doktora dan\u0131\u015fman\u0131z\u0131 tavsiye ederiz. Ta\u015flar\u0131n tedavi edici \u00f6zelli\u011fi yoktur, sadece ki\u015fisel enerjimizi y\u00fckseltmekte ve astrolojik olarak da temsil etti\u011fi gezegenlerin etkilerini artt\u0131rmakta oldu\u011fu kabul edilir. \u00d6rne\u011fin; pembe kuvars ta\u015f\u0131 a\u015fk ve sevgi gezegeni Ven\u00fcs\u2019\u00fcn ta\u015f\u0131d\u0131r ve bu sebeple \u00fczerinde ta\u015f\u0131yan ki\u015finin a\u015fk ve sevgi frekans\u0131n\u0131 y\u00fckseltti\u011fi bilinir.<\/strong><\/p>\n<div style=\"text-align: center\"><strong>Kubera Para Mantra Kolyesi<\/strong><\/div>\n<p>Kubera para Mantra kolyesi, kullan\u0131c\u0131n\u0131n hayat\u0131na d\u00fczen ve bolluk enerjisi sunmaktad\u0131r. Hindu gelene\u011fine g\u00f6re zenginlik ve bolluk sembol\u00fc olarak ifade edilmektedir. <strong>Kubera para mantras\u0131<\/strong> bir yoga sembol\u00fc olarak da tan\u0131mlanabilmektedir. Hint Astrolojisinde Zenginlik Tanr\u0131s\u0131 kutsamalar\u0131yla ili\u015fkilendirilen bir sembol olarak kabul edilmektedir. Ayn\u0131 zamanda zenginlik hareketi ya da enerjisi olarak da ifade edilmektedir. Para kolyesi sahibi olanlar k\u0131sa s\u00fcrede etkile\u015fiminden faydalanabilmektedir. Bir yoga sembol\u00fc olarak tan\u0131mlanan para kolyesi y\u00fcksek enerji ak\u0131\u015f\u0131 sa\u011flayabilmektedir. Kullan\u0131c\u0131n\u0131n hayat\u0131na bolluk, bereket ve ba\u015far\u0131 kazand\u0131rmaktad\u0131r.<\/p>\n<p><strong>Para Kolyesi Nedir?<\/strong><\/p>\n<p>Para kolyesi, \u00f6zel tasar\u0131m\u0131 ve zarif g\u00f6rseliyle ilk tercih \u00fcr\u00fcn\u00fc olarak i\u015flem g\u00f6rmektedir. Mantra, enerji tabanl\u0131 ses olarak ifade edilmektedir. Akl\u0131n arac\u0131 olarak da tan\u0131mlanan mantra, Sankrit\u00e7e bir kelime olarak bilinmektedir. Enerji sayesinde g\u00fcndelik ya\u015famda d\u00fc\u015f\u00fcnce ak\u0131\u015f\u0131 de\u011fi\u015ftirilebilmektedir. Zihin dalgalar\u0131n\u0131 etkileyerek dikkatin soyut bir y\u00fczeye girmesini sa\u011flamaktad\u0131r. <strong>Kubera nedir?<\/strong> Sorusuna Hindu zenginlik Tanr\u0131s\u0131 cevab\u0131 verilebilmektedir. Zenginlik hareketi sayesinde Kubera\u2019n\u0131n kutsamalar\u0131ndan faydalan\u0131lmaktad\u0131r.<\/p>\n<p>Kubera para kolyesi kullanarak hayat\u0131n rotas\u0131 de\u011fi\u015ftirebilmektedir. Bunun i\u00e7in \u00f6ncelikle internet eri\u015fimi bulunmas\u0131 gerekmektedir. \u0130leti\u015fim kurularak sipari\u015fle Kubera para mantra kolyesine sahip olunabilmektedir. Sipari\u015f olu\u015fturulan \u00fcr\u00fcnler en k\u0131sa s\u00fcrede adrese teslim edilmektedir. El Yap\u0131m\u0131 muhte\u015fem bir tasar\u0131m \u00fcr\u00fcn\u00fc olan Para kolyesinin etkile\u015fiminden faydalan\u0131labilmektedir. Para kolyesi olarak tan\u0131mlanan \u00fcr\u00fcn tedariki kolayl\u0131kla yap\u0131labilmektedir.<\/p>\n<p><strong>Kubera Nedir?<\/strong><\/p>\n<p>Kubera Hindu Tanr\u0131s\u0131 demektir. Hindu Astrolojisinde Kubera para kolyesi kullan\u0131larak ki\u015finin hayat\u0131na bolluk bereket enerjisi sunulabilmektedir. Y\u00fcksek kalite \u00fcretim teknolojisinde 925 ayar g\u00fcm\u00fc\u015f kullan\u0131lmaktad\u0131r. El yap\u0131m\u0131 olarak kullan\u0131c\u0131ya y\u00fcksek enerji ak\u0131\u015f\u0131 sa\u011flamaktad\u0131r. Kubera mantra kolyesi sipari\u015fi olu\u015fturulduktan sonra firma g\u00fcvencesiyle adrese teslim edilmektedir. Kubera kutsamalar\u0131yla ili\u015fkilendirilerek g\u00f6nderilen kolye k\u0131sa s\u00fcrede etkisini g\u00f6stermektedir. Kolye kullan\u0131c\u0131lar\u0131n\u0131n beklenen etkile\u015fimi alabilmesi i\u00e7in \u00f6ncelikle kodlama yapmas\u0131 \u00f6nerilmektedir.<\/p>\n<p>Hindu Tanr\u0131s\u0131 Kubera\u2019n\u0131n zenginlik tanr\u0131s\u0131 oldu\u011fu kabul edilmektedir. Ayn\u0131 zamanda mantra kolyesinin kullan\u0131c\u0131ya zenginlik getirece\u011fine inan\u0131lmaktad\u0131r. G\u00fcn\u00fcn her saati internet \u00fczerinden kolye sipari\u015fi verilerek g\u00fcvenle sahip olunabilmektedir. Al\u0131nan kolyenin do\u011frudan kullan\u0131lmamas\u0131 gerekmektedir. Beklenen etkile\u015fimi alabilmek i\u00e7in kodlama \u00f6nerilmektedir. Ki\u015finin kodlama yapt\u0131\u011f\u0131 s\u0131rada inan\u00e7l\u0131 olmas\u0131 b\u00fcy\u00fck \u00f6nem ta\u015f\u0131maktad\u0131r. Aksi halde beklenen etkile\u015fim sa\u011flanamaya bilmektedir. Bu nedenle para kolyesi kullan\u0131c\u0131s\u0131 inanarak kodlama yapt\u0131ktan sonra kullanarak olumlu katk\u0131lar\u0131ndan faydalanabilmektedir.<\/p>\n<p><strong>Para Kolyesi Nereden Al\u0131n\u0131r?<\/strong><\/p>\n<p>Para mantra kolyesi alabilmek i\u00e7in sadece internet ba\u011flant\u0131s\u0131n\u0131n bulunmas\u0131 yetmektedir. 7\/24 ileti\u015fim kurularak \u00fcr\u00fcn sipari\u015fi verilebilmektedir. Dolay\u0131s\u0131yla para mantra kolyesi internet \u00fczerinden kolayl\u0131kla al\u0131nabilmektedir. Sipari\u015fi olu\u015fturulan \u00fcr\u00fcnler en k\u0131sa s\u00fcrede adrese teslim edilerek kullan\u0131ma sunulmaktad\u0131r. Hindu zenginlik Tanr\u0131s\u0131 Hint Astrolojisinde kutsal say\u0131lmaktad\u0131r. Kubera zenginli\u011fi olarak da ifade edilen sistem bir yoga Mudras\u0131 olarak tan\u0131mlanmaktad\u0131r. Kolye kullan\u0131lmaya ba\u015flamadan \u00f6nce, hayat\u0131ma bereket, para, sonsuz bolluk ve ba\u015far\u0131y\u0131 \u00e7ekiyorum.<\/p>\n<p>Kubera hediyelerini kabul ediyorum \u015feklinde kodlanmas\u0131 gerekmektedir. Mucizevi etkisinden faydalanabilmek i\u00e7in ise 72 g\u00fcn boyunca ten temas\u0131 olacak \u015fekilde kullan\u0131lmas\u0131 gerekmektedir. Mantra, ses-t\u0131n\u0131 olarak ifade edilmektedir. Ayn\u0131 zamanda enerji sisteminin odaklanmas\u0131n\u0131 sa\u011flama etkisi bulunmaktad\u0131r. Akl\u0131n arac\u0131 tan\u0131m\u0131 Sankrit\u00e7e dilinden gelmektedir. Zihinsel faaliyetleri yar\u0131da keserek daha dingin ve soyut bir ortama girmesini sa\u011flamaktad\u0131r.<\/p>\n<p><strong>Para Kolye \u00d6zellikleri<\/strong><\/p>\n<p>Kubera para kolyesi pek \u00e7ok ayr\u0131cal\u0131klar sunmaktad\u0131r. Zaman s\u0131n\u0131rs\u0131z sipari\u015f usul\u00fcyle sat\u0131n al\u0131nabilen kolyeler kullan\u0131c\u0131ya bolluk bereket sa\u011flamaktad\u0131r.<strong> Para mantras\u0131<\/strong> kodlanarak kullan\u0131ma ba\u015flanan kolye uzun y\u0131llar kullan\u0131labilmektedir. Para kolyesi \u00f6zellikleri:<br \/>\n-Hindu Tanr\u0131s\u0131 zenginli\u011finden faydalan\u0131labilmek,<br \/>\n-Kullan\u0131c\u0131n\u0131n hayat\u0131na bolluk bereket enerjisi ta\u015f\u0131mak,<br \/>\n-Uygun fiyata y\u00fcksek etkile\u015fimli kolye sahibi olmak,<br \/>\n-El yap\u0131m\u0131 ve \u00f6zel tasar\u0131m \u00fcr\u00fcn\u00fc sahibi olabilmek,<br \/>\n-Bulundu\u011fu yerin konforunda \u015f\u0131k ve zarif kolye sat\u0131n alabilmek gibi pek \u00e7ok \u00f6zellik say\u0131labilmektedir.<br \/>\nKubera para kolyesi modern dokunu\u015flarla, \u015f\u0131k ve zarif g\u00fcm\u00fc\u015ften \u00fcretilmektedir. 72 g\u00fcn boyunca kullananlar en y\u00fcksek bolluk bereketi enerjisi hayat\u0131na \u00e7ekebilmektedir. Kolye kullan\u0131ld\u0131\u011f\u0131 s\u0131rada ten temas\u0131 sa\u011flanmas\u0131 ayr\u0131ca b\u00fcy\u00fck \u00f6nem ta\u015f\u0131maktad\u0131r.<\/p>\n<p><strong>Para Kolyesi Nereden Al\u0131n\u0131r?<\/strong><\/p>\n<p>Para mantra kolyesi, istenen yerden ileti\u015fim kurularak se\u00e7im yap\u0131labilmektedir. Se\u00e7ili \u00fcr\u00fcnler i\u00e7in sipari\u015f olu\u015fturarak adrese teslim al\u0131nabilmektedir. Kolye kullan\u0131lmaya ba\u015flanmadan \u00f6nce yap\u0131lmas\u0131 gereken ilk detay kodlama yap\u0131lmas\u0131 olarak bilinmektedir. Kodlama; Hayat\u0131ma bereket, bolluk, ba\u015far\u0131 ve paray\u0131 \u00e7ekiyor, Kubera hediyelerini kabul ediyorum. Diyerek yap\u0131lmaktad\u0131r. Mantralar karma Astroloji ve Hint Astrolojisinde hayat\u0131 d\u00fczene sokabilme etkisi sa\u011flayabilmektedir. 72 g\u00fcn sihrinin hafife al\u0131nmamas\u0131 da ayr\u0131ca \u00f6nemli g\u00f6r\u00fclmektedir. \u00d6zel tasar\u0131m \u00fcr\u00fcn\u00fc olarak sunulmakta olan para kolyesi \u00f6zenle tasarlanarak \u00fcretilmektedir.<\/p>\n<p>Sa\u011flad\u0131\u011f\u0131 olumlu enerji etkile\u015fimi sayesinde bolluk, para, bereket ve ba\u015far\u0131 enerjisi sunmaktad\u0131r. Zihinsel faaliyetlerin dahi y\u00f6n\u00fcn\u00fc de\u011fi\u015ftirebilen mantralar sayesinde hayat\u0131n rotas\u0131 d\u00fczenlenebilmektedir. Kubera\u2019 hediyelerinin kabul\u00fc ki\u015finin hayat\u0131nda eksik olan her \u015feyin tamamlanmas\u0131n\u0131 sa\u011flayabilmektedir. Para kolyesi sipari\u015fi s\u0131ras\u0131nda renk se\u00e7ene\u011fi yap\u0131larak sipari\u015f olu\u015fturulabilmektedir. Bu sayede kullan\u0131c\u0131 kendi zevkine en uygun kolye kullan\u0131m avantaj\u0131na sahip olabilmektedir.<\/p>\n","protected":false},"excerpt":{"rendered":"<p><strong> Bu \u00fcr\u00fcn el yap\u0131m\u0131 olmas\u0131 sebebiyle at\u00f6lyemizin yo\u011funluk durumuna g\u00f6re temin edilmektedir. Sipari\u015flerinizin size ula\u015fmas\u0131 10-15 i\u015f g\u00fcn\u00fcn\u00fc bulmaktad\u0131r.<\/strong><\/p>\n<p style=\"font-weight: 400\">Hint ve Karma Astrolojisinde mantralar hayat\u0131n\u0131z\u0131 d\u00fczene sokmak i\u00e7in \u00e7ok etkilidir. \u00d6zellikle de Kubera\u2019n\u0131n g\u00fcc\u00fc! Bu mantra kolyesini \u201cHayat\u0131ma sonsuz bollu\u011fu, bereketi, paray\u0131 ve ba\u015far\u0131y\u0131 \u00e7ekiyorum. Kubera\u2019n\u0131n hediyeleri kabul ediyorum\u201d diye kodlayarak tak\u0131n. Ve 72 g\u00fcn boyunca ta\u015f\u0131y\u0131n. \u0130\u015fin s\u0131rr\u0131 72 say\u0131s\u0131nda.<\/p>\n<p style=\"font-weight: 400\">Kubera Mantras\u0131ndaki say\u0131lar\u0131 a\u015fa\u011f\u0131dan yukar\u0131, sa\u011fdan sola toplad\u0131\u011f\u0131n\u0131zda hep 72\u2019yi verir. 72 karma astrolojisinde \u00e7ok \u00f6zel bir a\u00e7\u0131d\u0131r. Ge\u00e7mi\u015f ya\u015famdan getirdi\u011finiz \u00f6zel yeteneklerinizi ve hediyeleri anlat\u0131r. Hakedi\u015flerinizdir. Kubera say\u0131lar\u0131n\u0131n \u00e7al\u0131\u015fma prensibi de b\u00f6yledir. 72 g\u00fcn boyunca \u00fczerinizde ta\u015f\u0131d\u0131\u011f\u0131n\u0131zda ve\u00a0 bu say\u0131lar\u0131 hayat\u0131n\u0131za dahil etti\u011finizde bolluk ve bereketinizin ne kadar katland\u0131\u011f\u0131na \u015fa\u015f\u0131racaks\u0131n\u0131z. Zihin her \u015feyi yarat\u0131r unutmay\u0131n, \u00f6nemli olan do\u011fru y\u00f6ntemle kodlamak.<\/p>\n<p style=\"font-weight: 400\">(925 Ayar G\u00fcm\u00fc\u015f \u00dczeri Alt\u0131n Kaplama)<\/p>\n<p style=\"font-weight: 400\">Mont\u00fcr el i\u015f\u00e7ili\u011fidir.<\/p>\n<p style=\"font-weight: 400\">Mine i\u015flemelidir.<\/p>\n<p style=\"font-weight: 400\">\n","protected":false},"featured_media":112181,"comment_status":"open","ping_status":"closed","template":"","meta":[],"product_brand":[596],"product_cat":[255,48,503,129,8106],"product_tag":[290,395,459,396,397],"class_list":{"0":"post-803","1":"product","2":"type-product","3":"status-publish","4":"has-post-thumbnail","6":"product_brand-astrolog-elvan","7":"product_cat-gumus-kolye","8":"product_cat-kolyeler","9":"product_cat-kubera","10":"product_cat-ozel-kolye-serisi","11":"product_cat--gumus-kolyeler","12":"product_tag-gumus-kolye","13":"product_tag-kubera","14":"product_tag-kubera-para-mantra-kolyesi-925-ayar-gumus-uzeri-altin-kaplama","15":"product_tag-mantra","16":"product_tag-sekans","18":"first","19":"instock","20":"purchasable","21":"product-type-simple"},"yoast_head":"<!-- This site is optimized with the Yoast SEO plugin v27.3 - https:\/\/yoast.com\/product\/yoast-seo-wordpress\/ -->\n<title>KUBERA PARA MANTRA KOLYES\u0130 | 925 AYAR G\u00dcM\u00dc\u015e \u00dcZER\u0130 ALTIN KAPLAMA - Astrolog Elvan<\/title>\n<meta name=\"description\" content=\"Nefertiti, M\u0131s\u0131r\u2019\u0131n en g\u00fc\u00e7l\u00fc ve g\u00fczelli\u011fi as\u0131rlard\u0131r konu\u015fulan krali\u00e7esi\u2026 Ancient Edititon\u2019\u0131n ilk g\u00f6z a\u011fr\u0131s\u0131\u2026 Astrolog Elvan ve ekibi iftiharla sunar!\" \/>\n<meta name=\"robots\" content=\"index, follow, max-snippet:-1, max-image-preview:large, max-video-preview:-1\" \/>\n<link rel=\"canonical\" href=\"https:\/\/astrologelvan.com\/magaza\/urun\/kubera-para-mantra-kolyesi-925-ayar-gumus-uzeri-altin-kaplama\/\" \/>\n<meta property=\"og:locale\" content=\"tr_TR\" \/>\n<meta property=\"og:type\" content=\"article\" \/>\n<meta property=\"og:title\" content=\"KUBERA PARA MANTRA KOLYES\u0130 | 925 AYAR G\u00dcM\u00dc\u015e \u00dcZER\u0130 ALTIN KAPLAMA - Astrolog Elvan\" \/>\n<meta property=\"og:description\" content=\"Nefertiti, M\u0131s\u0131r\u2019\u0131n en g\u00fc\u00e7l\u00fc ve g\u00fczelli\u011fi as\u0131rlard\u0131r konu\u015fulan krali\u00e7esi\u2026 Ancient Edititon\u2019\u0131n ilk g\u00f6z a\u011fr\u0131s\u0131\u2026 Astrolog Elvan ve ekibi iftiharla sunar!\" \/>\n<meta property=\"og:url\" content=\"https:\/\/astrologelvan.com\/magaza\/urun\/kubera-para-mantra-kolyesi-925-ayar-gumus-uzeri-altin-kaplama\/\" \/>\n<meta property=\"og:site_name\" content=\"Astrolog Elvan\" \/>\n<meta property=\"article:modified_time\" content=\"2026-04-10T21:34:10+00:00\" \/>\n<meta property=\"og:image\" content=\"https:\/\/astrologelvan.com\/magaza\/wp-content\/uploads\/2024\/02\/4-1.webp\" \/>\n\t<meta property=\"og:image:width\" content=\"1375\" \/>\n\t<meta property=\"og:image:height\" content=\"2063\" \/>\n\t<meta property=\"og:image:type\" content=\"image\/webp\" \/>\n<meta name=\"twitter:card\" content=\"summary_large_image\" \/>\n<meta name=\"twitter:label1\" content=\"Tahmini okuma s\u00fcresi\" \/>\n\t<meta name=\"twitter:data1\" content=\"6 dakika\" \/>\n<script type=\"application\/ld+json\" class=\"yoast-schema-graph\">{\"@context\":\"https:\\\/\\\/schema.org\",\"@graph\":[{\"@type\":[\"WebPage\",\"ItemPage\"],\"@id\":\"https:\\\/\\\/astrologelvan.com\\\/magaza\\\/urun\\\/kubera-para-mantra-kolyesi-925-ayar-gumus-uzeri-altin-kaplama\\\/\",\"url\":\"https:\\\/\\\/astrologelvan.com\\\/magaza\\\/urun\\\/kubera-para-mantra-kolyesi-925-ayar-gumus-uzeri-altin-kaplama\\\/\",\"name\":\"KUBERA PARA MANTRA KOLYES\u0130 | 925 AYAR G\u00dcM\u00dc\u015e \u00dcZER\u0130 ALTIN KAPLAMA - Astrolog Elvan\",\"isPartOf\":{\"@id\":\"https:\\\/\\\/astrologelvan.com\\\/magaza\\\/#website\"},\"primaryImageOfPage\":{\"@id\":\"https:\\\/\\\/astrologelvan.com\\\/magaza\\\/urun\\\/kubera-para-mantra-kolyesi-925-ayar-gumus-uzeri-altin-kaplama\\\/#primaryimage\"},\"image\":{\"@id\":\"https:\\\/\\\/astrologelvan.com\\\/magaza\\\/urun\\\/kubera-para-mantra-kolyesi-925-ayar-gumus-uzeri-altin-kaplama\\\/#primaryimage\"},\"thumbnailUrl\":\"https:\\\/\\\/astrologelvan.com\\\/magaza\\\/wp-content\\\/uploads\\\/2024\\\/02\\\/4-1.webp\",\"datePublished\":\"2024-02-27T23:52:00+00:00\",\"dateModified\":\"2026-04-10T21:34:10+00:00\",\"description\":\"Nefertiti, M\u0131s\u0131r\u2019\u0131n en g\u00fc\u00e7l\u00fc ve g\u00fczelli\u011fi as\u0131rlard\u0131r konu\u015fulan krali\u00e7esi\u2026 Ancient Edititon\u2019\u0131n ilk g\u00f6z a\u011fr\u0131s\u0131\u2026 Astrolog Elvan ve ekibi iftiharla sunar!\",\"breadcrumb\":{\"@id\":\"https:\\\/\\\/astrologelvan.com\\\/magaza\\\/urun\\\/kubera-para-mantra-kolyesi-925-ayar-gumus-uzeri-altin-kaplama\\\/#breadcrumb\"},\"inLanguage\":\"tr\",\"potentialAction\":[{\"@type\":\"ReadAction\",\"target\":[\"https:\\\/\\\/astrologelvan.com\\\/magaza\\\/urun\\\/kubera-para-mantra-kolyesi-925-ayar-gumus-uzeri-altin-kaplama\\\/\"]}]},{\"@type\":\"ImageObject\",\"inLanguage\":\"tr\",\"@id\":\"https:\\\/\\\/astrologelvan.com\\\/magaza\\\/urun\\\/kubera-para-mantra-kolyesi-925-ayar-gumus-uzeri-altin-kaplama\\\/#primaryimage\",\"url\":\"https:\\\/\\\/astrologelvan.com\\\/magaza\\\/wp-content\\\/uploads\\\/2024\\\/02\\\/4-1.webp\",\"contentUrl\":\"https:\\\/\\\/astrologelvan.com\\\/magaza\\\/wp-content\\\/uploads\\\/2024\\\/02\\\/4-1.webp\",\"width\":1375,\"height\":2063},{\"@type\":\"BreadcrumbList\",\"@id\":\"https:\\\/\\\/astrologelvan.com\\\/magaza\\\/urun\\\/kubera-para-mantra-kolyesi-925-ayar-gumus-uzeri-altin-kaplama\\\/#breadcrumb\",\"itemListElement\":[{\"@type\":\"ListItem\",\"position\":1,\"name\":\"Anasayfa\",\"item\":\"https:\\\/\\\/astrologelvan.com\\\/magaza\\\/\"},{\"@type\":\"ListItem\",\"position\":2,\"name\":\"Ma\u011faza\",\"item\":\"https:\\\/\\\/astrologelvan.com\\\/magaza\\\/magaza\\\/\"},{\"@type\":\"ListItem\",\"position\":3,\"name\":\"KUBERA PARA MANTRA KOLYES\u0130 | 925 AYAR G\u00dcM\u00dc\u015e \u00dcZER\u0130 ALTIN KAPLAMA\"}]},{\"@type\":\"WebSite\",\"@id\":\"https:\\\/\\\/astrologelvan.com\\\/magaza\\\/#website\",\"url\":\"https:\\\/\\\/astrologelvan.com\\\/magaza\\\/\",\"name\":\"Astrolog Elvan\",\"description\":\"\",\"potentialAction\":[{\"@type\":\"SearchAction\",\"target\":{\"@type\":\"EntryPoint\",\"urlTemplate\":\"https:\\\/\\\/astrologelvan.com\\\/magaza\\\/?s={search_term_string}\"},\"query-input\":{\"@type\":\"PropertyValueSpecification\",\"valueRequired\":true,\"valueName\":\"search_term_string\"}}],\"inLanguage\":\"tr\"}]}<\/script>\n<!-- \/ Yoast SEO plugin. -->","yoast_head_json":{"title":"KUBERA PARA MANTRA KOLYES\u0130 | 925 AYAR G\u00dcM\u00dc\u015e \u00dcZER\u0130 ALTIN KAPLAMA - Astrolog Elvan","description":"Nefertiti, M\u0131s\u0131r\u2019\u0131n en g\u00fc\u00e7l\u00fc ve g\u00fczelli\u011fi as\u0131rlard\u0131r konu\u015fulan krali\u00e7esi\u2026 Ancient Edititon\u2019\u0131n ilk g\u00f6z a\u011fr\u0131s\u0131\u2026 Astrolog Elvan ve ekibi iftiharla sunar!","robots":{"index":"index","follow":"follow","max-snippet":"max-snippet:-1","max-image-preview":"max-image-preview:large","max-video-preview":"max-video-preview:-1"},"canonical":"https:\/\/astrologelvan.com\/magaza\/urun\/kubera-para-mantra-kolyesi-925-ayar-gumus-uzeri-altin-kaplama\/","og_locale":"tr_TR","og_type":"article","og_title":"KUBERA PARA MANTRA KOLYES\u0130 | 925 AYAR G\u00dcM\u00dc\u015e \u00dcZER\u0130 ALTIN KAPLAMA - Astrolog Elvan","og_description":"Nefertiti, M\u0131s\u0131r\u2019\u0131n en g\u00fc\u00e7l\u00fc ve g\u00fczelli\u011fi as\u0131rlard\u0131r konu\u015fulan krali\u00e7esi\u2026 Ancient Edititon\u2019\u0131n ilk g\u00f6z a\u011fr\u0131s\u0131\u2026 Astrolog Elvan ve ekibi iftiharla sunar!","og_url":"https:\/\/astrologelvan.com\/magaza\/urun\/kubera-para-mantra-kolyesi-925-ayar-gumus-uzeri-altin-kaplama\/","og_site_name":"Astrolog Elvan","article_modified_time":"2026-04-10T21:34:10+00:00","og_image":[{"width":1375,"height":2063,"url":"https:\/\/astrologelvan.com\/magaza\/wp-content\/uploads\/2024\/02\/4-1.webp","type":"image\/webp"}],"twitter_card":"summary_large_image","twitter_misc":{"Tahmini okuma s\u00fcresi":"6 dakika"},"schema":{"@context":"https:\/\/schema.org","@graph":[{"@type":["WebPage","ItemPage"],"@id":"https:\/\/astrologelvan.com\/magaza\/urun\/kubera-para-mantra-kolyesi-925-ayar-gumus-uzeri-altin-kaplama\/","url":"https:\/\/astrologelvan.com\/magaza\/urun\/kubera-para-mantra-kolyesi-925-ayar-gumus-uzeri-altin-kaplama\/","name":"KUBERA PARA MANTRA KOLYES\u0130 | 925 AYAR G\u00dcM\u00dc\u015e \u00dcZER\u0130 ALTIN KAPLAMA - Astrolog Elvan","isPartOf":{"@id":"https:\/\/astrologelvan.com\/magaza\/#website"},"primaryImageOfPage":{"@id":"https:\/\/astrologelvan.com\/magaza\/urun\/kubera-para-mantra-kolyesi-925-ayar-gumus-uzeri-altin-kaplama\/#primaryimage"},"image":{"@id":"https:\/\/astrologelvan.com\/magaza\/urun\/kubera-para-mantra-kolyesi-925-ayar-gumus-uzeri-altin-kaplama\/#primaryimage"},"thumbnailUrl":"https:\/\/astrologelvan.com\/magaza\/wp-content\/uploads\/2024\/02\/4-1.webp","datePublished":"2024-02-27T23:52:00+00:00","dateModified":"2026-04-10T21:34:10+00:00","description":"Nefertiti, M\u0131s\u0131r\u2019\u0131n en g\u00fc\u00e7l\u00fc ve g\u00fczelli\u011fi as\u0131rlard\u0131r konu\u015fulan krali\u00e7esi\u2026 Ancient Edititon\u2019\u0131n ilk g\u00f6z a\u011fr\u0131s\u0131\u2026 Astrolog Elvan ve ekibi iftiharla sunar!","breadcrumb":{"@id":"https:\/\/astrologelvan.com\/magaza\/urun\/kubera-para-mantra-kolyesi-925-ayar-gumus-uzeri-altin-kaplama\/#breadcrumb"},"inLanguage":"tr","potentialAction":[{"@type":"ReadAction","target":["https:\/\/astrologelvan.com\/magaza\/urun\/kubera-para-mantra-kolyesi-925-ayar-gumus-uzeri-altin-kaplama\/"]}]},{"@type":"ImageObject","inLanguage":"tr","@id":"https:\/\/astrologelvan.com\/magaza\/urun\/kubera-para-mantra-kolyesi-925-ayar-gumus-uzeri-altin-kaplama\/#primaryimage","url":"https:\/\/astrologelvan.com\/magaza\/wp-content\/uploads\/2024\/02\/4-1.webp","contentUrl":"https:\/\/astrologelvan.com\/magaza\/wp-content\/uploads\/2024\/02\/4-1.webp","width":1375,"height":2063},{"@type":"BreadcrumbList","@id":"https:\/\/astrologelvan.com\/magaza\/urun\/kubera-para-mantra-kolyesi-925-ayar-gumus-uzeri-altin-kaplama\/#breadcrumb","itemListElement":[{"@type":"ListItem","position":1,"name":"Anasayfa","item":"https:\/\/astrologelvan.com\/magaza\/"},{"@type":"ListItem","position":2,"name":"Ma\u011faza","item":"https:\/\/astrologelvan.com\/magaza\/magaza\/"},{"@type":"ListItem","position":3,"name":"KUBERA PARA MANTRA KOLYES\u0130 | 925 AYAR G\u00dcM\u00dc\u015e \u00dcZER\u0130 ALTIN KAPLAMA"}]},{"@type":"WebSite","@id":"https:\/\/astrologelvan.com\/magaza\/#website","url":"https:\/\/astrologelvan.com\/magaza\/","name":"Astrolog Elvan","description":"","potentialAction":[{"@type":"SearchAction","target":{"@type":"EntryPoint","urlTemplate":"https:\/\/astrologelvan.com\/magaza\/?s={search_term_string}"},"query-input":{"@type":"PropertyValueSpecification","valueRequired":true,"valueName":"search_term_string"}}],"inLanguage":"tr"}]}},"_links":{"self":[{"href":"https:\/\/astrologelvan.com\/magaza\/wp-json\/wp\/v2\/product\/803","targetHints":{"allow":["GET"]}}],"collection":[{"href":"https:\/\/astrologelvan.com\/magaza\/wp-json\/wp\/v2\/product"}],"about":[{"href":"https:\/\/astrologelvan.com\/magaza\/wp-json\/wp\/v2\/types\/product"}],"replies":[{"embeddable":true,"href":"https:\/\/astrologelvan.com\/magaza\/wp-json\/wp\/v2\/comments?post=803"}],"wp:featuredmedia":[{"embeddable":true,"href":"https:\/\/astrologelvan.com\/magaza\/wp-json\/wp\/v2\/media\/112181"}],"wp:attachment":[{"href":"https:\/\/astrologelvan.com\/magaza\/wp-json\/wp\/v2\/media?parent=803"}],"wp:term":[{"taxonomy":"product_brand","embeddable":true,"href":"https:\/\/astrologelvan.com\/magaza\/wp-json\/wp\/v2\/product_brand?post=803"},{"taxonomy":"product_cat","embeddable":true,"href":"https:\/\/astrologelvan.com\/magaza\/wp-json\/wp\/v2\/product_cat?post=803"},{"taxonomy":"product_tag","embeddable":true,"href":"https:\/\/astrologelvan.com\/magaza\/wp-json\/wp\/v2\/product_tag?post=803"}],"curies":[{"name":"wp","href":"https:\/\/api.w.org\/{rel}","templated":true}]}}