{"id":797,"date":"2024-02-28T02:51:26","date_gmt":"2024-02-27T23:51:26","guid":{"rendered":"https:\/\/astrologelvan.shop\/?post_type=product&#038;p=797"},"modified":"2026-03-08T17:08:25","modified_gmt":"2026-03-08T14:08:25","slug":"925-ayar-gumus-uzeri-ozel-eskitme-umay-ana-kolye","status":"publish","type":"product","link":"https:\/\/astrologelvan.com\/magaza\/urun\/925-ayar-gumus-uzeri-ozel-eskitme-umay-ana-kolye\/","title":{"rendered":"UMAY ANA KOLYE |925 AYAR G\u00dcM\u00dc\u015e \u00dcZER\u0130 \u00d6ZEL ESK\u0130TME"},"content":{"rendered":"<p>\u00dcr\u00fcn \u00f6zellikleri:\u00a08.4 gram g\u00fcm\u00fc\u015f.\u00a0Tamam\u0131 el i\u015f\u00e7ili\u011fi, \u00f6zel eskitme.\u00a060 cm ip uzunlu\u011fu.<\/p>\n<p><strong>Do\u011fal ta\u015f kolyelerimizin tasar\u0131mlar\u0131nda do\u011frudan cilde temas etmesini sa\u011fl\u0131yoruz. B\u00f6ylece do\u011fal ta\u015f kolyenizi takt\u0131k\u00e7a v\u00fccudunuzun titre\u015fimlerine ba\u011flan\u0131r ve size denge ve uyum getirir.<\/strong><\/p>\n<p><strong>Tak\u0131lar\u0131n\u0131z\u0131n uzun s\u00fcre kullanabilmesi i\u00e7in; Parf\u00fcm, su, s\u0131v\u0131, dezenfektan, krem v.b. gibi maddelerle temas etmemesi, du\u015f-banyo s\u0131ras\u0131nda \u00e7\u0131kart\u0131lmas\u0131 gerekmektedir. Ki\u015finin ter-ten yap\u0131s\u0131na g\u00f6re de etkilenmektedir. Tak\u0131lar\u0131n\u0131z\u0131 kullanmad\u0131\u011f\u0131n\u0131z zamanlarda kesesinde saklaman\u0131z\u0131 \u00f6neririz.<\/strong><\/p>\n<p><strong>Do\u011fal ta\u015flar\u0131n belirli titre\u015fimlere ve frekanslara sahip oldu\u011fu bilinmektedir. Bu nedenle v\u00fccudumuzda ve auram\u0131zda birtak\u0131m iyi etkileri oldu\u011fu s\u00f6ylenmektedir. Ta\u015flar\u0131n \u00f6zelliklerinin bilimsel kesinli\u011fi yoktur. Astrologelvan ma\u011fazas\u0131ndaki t\u00fcm ta\u015flar orijinal, ger\u00e7ek do\u011fal ta\u015flard\u0131r. T\u0131bbi konularda doktora dan\u0131\u015fman\u0131z\u0131 tavsiye ederiz. Ta\u015flar\u0131n tedavi edici \u00f6zelli\u011fi yoktur, sadece ki\u015fisel enerjimizi y\u00fckseltmekte ve astrolojik olarak da temsil etti\u011fi gezegenlerin etkilerini artt\u0131rmakta oldu\u011fu kabul edilir. \u00d6rne\u011fin; pembe kuvars ta\u015f\u0131 a\u015fk ve sevgi gezegeni Ven\u00fcs&#8217;\u00fcn ta\u015f\u0131d\u0131r ve bu sebeple \u00fczerinde ta\u015f\u0131yan ki\u015finin a\u015fk ve sevgi frekans\u0131n\u0131 y\u00fckseltti\u011fi bilinir.<\/strong><\/p>\n","protected":false},"excerpt":{"rendered":"<p><strong>Orhun Yaz\u0131tlar\u0131nda di\u015fi ruh olarak ge\u00e7en Umay Ana, i\u00e7indeki di\u015fi ile ileti\u015fime ge\u00e7mek isteyen herkesin kullanabilece\u011fi bir mitolojik karakterdir.<\/strong><\/p>\n<p>Umay simgesi, T\u00fcrklerin zihin \u00e2leminde kad\u0131na verilen k\u0131ymetin en \u00f6nemli g\u00f6stergelerinden birisidir.<\/p>\n<p><strong>D\u0130\u015e\u0130 UYANI\u015e, DO\u011eURGANLIK VE BEREKET SEMBOL\u00dc UMAY ANA<\/strong><\/p>\n<p><strong>T\u00fcrk k\u00fclt\u00fcr\u00fcnde kad\u0131n\u0131n kutsall\u0131\u011f\u0131n\u0131 ve de\u011ferini vurgular.<\/strong> Umay, kad\u0131n(anne) ve \u00e7ocuklarla ilgili bir tanr\u0131\u00e7a ya da ruhtur. H\u00fck\u00fcmdar\u0131n han\u0131m\u0131 Umay\u2019\u0131 temsil eder. Kad\u0131nlar\u0131 ve \u00e7ocuklar\u0131 koruyan bir ruhtur. Her \u015feye hayat veren G\u00fcne\u015f de Umay\u2019la ilgilidir. O y\u00fczden <strong>eski T\u00fcrklerde, do\u011furganl\u0131kla ve bereketle ba\u011flant\u0131l\u0131d\u0131r. . Mitlerde, ku\u015f sembol\u00fc ile tasvir edilir. \u00c7ocuklar\u0131 hayatlar\u0131n\u0131n her d\u00f6neminde ve her t\u00fcrl\u00fc tehtide kar\u015f\u0131 korudu\u011funa inan\u0131lan en g\u00fc\u00e7l\u00fc sembollerdendir<\/strong>.<\/p>\n<p>K\u0131rg\u0131zistan\u2019da yer alan ta\u015f heykeller incelendi\u011finde, ba\u015flar\u0131nda \u00fc\u00e7 dilimli ta\u00e7lar\u0131 bulunan bu heykeller Umay ile ili\u015fkilendirilir. En belirgin g\u00f6rsel budur Tanr\u0131\u00e7a Umay i\u00e7in. Umay\u2019\u0131n dilimli ta\u00e7l\u0131 tasvir edilmesinin alt\u0131nda ise bu tip ta\u00e7lar\u0131n; il\u00e2hlar\u0131n veya din\u00ee nitelikli \u015fah\u0131slar\u0131n ba\u015flar\u0131 etraf\u0131ndaki h\u00e2leler ile ili\u015fkili olmas\u0131d\u0131r. H\u00e2leler ise G\u00fcne\u015f\u2019i veya ate\u015fi anlat\u0131r.<\/p>\n<p>Ayr\u0131ca g\u00fcn\u00fcm\u00fczde do\u011fum yapan kad\u0131nlar\u0131n ba\u015f\u0131ndaki ta\u00e7lar da asl\u0131nda eski T\u00fcrklerdeki Tanr\u0131\u00e7a Umay\u2019\u0131n etkisidir. Yeni do\u011fum yapm\u0131\u015f kad\u0131nlara ve yeni do\u011fan bebeklere musallat olan Al kar\u0131s\u0131ndan anneyi ve bebe\u011fi Umay Ana\u2019n\u0131n korudu\u011funa inan\u0131l\u0131rd\u0131.<\/p>\n<p><strong>UMAY ANA\u2019YI BOYNUNUZA TAKARKEN \u015eU S\u00d6ZLERLE SEMBOL\u00dc KODLAYAB\u0130L\u0130RS\u0130N\u0130Z:<\/strong><\/p>\n<p><strong>E\u011fer hamile iseniz;<\/strong> Umay Ana\u2019n\u0131n beni ve bebe\u011fimi koruyup kollamas\u0131na niyet ediyorum.<\/p>\n<p><strong>E\u011fer hamile de\u011filseniz<\/strong>; Umay Ana\u2019n\u0131n i\u00e7imdeki di\u015fi \u00f6zle ileti\u015fime ge\u00e7mesine, di\u015fi \u00f6z\u00fcm\u00fcn ate\u015fini yakmas\u0131na, hayat\u0131m\u0131 daha co\u015fkulu ve bereketle ya\u015famaya niyet ediyorum.<\/p>\n<p><strong>Hamile kalmak isteyenler:<\/strong> Umay Ana\u2019n\u0131n eli ve deste\u011fi hep \u00fczerimde olsun.<\/p>\n<p><strong>diyerek niyet edebilirsiniz.<\/strong><\/p>\n","protected":false},"featured_media":3919,"comment_status":"open","ping_status":"closed","template":"","meta":[],"product_brand":[],"product_cat":[48],"product_tag":[329,322,303,39,326,73,456,457,458],"class_list":{"0":"post-797","1":"product","2":"type-product","3":"status-publish","4":"has-post-thumbnail","6":"product_cat-kolyeler","7":"product_tag-925-ayar-gumus","8":"product_tag-925-ayar-gumus-kolye","9":"product_tag-altin-kaplama-gumus-kolye","10":"product_tag-astrolog-elvan","11":"product_tag-gumus-kolye-925-ayar-gumus","12":"product_tag-kolye","13":"product_tag-umay","14":"product_tag-umay-ana","15":"product_tag-umay-ana-kolye","17":"first","18":"instock","19":"purchasable","20":"product-type-simple"},"yoast_head":"<!-- This site is optimized with the Yoast SEO plugin v27.3 - https:\/\/yoast.com\/product\/yoast-seo-wordpress\/ -->\n<title>UMAY ANA KOLYE |925 AYAR G\u00dcM\u00dc\u015e \u00dcZER\u0130 \u00d6ZEL ESK\u0130TME - Astrolog Elvan<\/title>\n<meta name=\"robots\" content=\"index, follow, max-snippet:-1, max-image-preview:large, max-video-preview:-1\" \/>\n<link rel=\"canonical\" href=\"https:\/\/astrologelvan.com\/magaza\/urun\/925-ayar-gumus-uzeri-ozel-eskitme-umay-ana-kolye\/\" \/>\n<meta property=\"og:locale\" content=\"tr_TR\" \/>\n<meta property=\"og:type\" content=\"article\" \/>\n<meta property=\"og:title\" content=\"UMAY ANA KOLYE |925 AYAR G\u00dcM\u00dc\u015e \u00dcZER\u0130 \u00d6ZEL ESK\u0130TME - Astrolog Elvan\" \/>\n<meta property=\"og:description\" content=\"Orhun Yaz\u0131tlar\u0131nda di\u015fi ruh olarak ge\u00e7en Umay Ana, i\u00e7indeki di\u015fi ile ileti\u015fime ge\u00e7mek isteyen herkesin kullanabilece\u011fi bir mitolojik karakterdir.  Umay simgesi, T\u00fcrklerin zihin \u00e2leminde kad\u0131na verilen k\u0131ymetin en \u00f6nemli g\u00f6stergelerinden birisidir.  D\u0130\u015e\u0130 UYANI\u015e, DO\u011eURGANLIK VE BEREKET SEMBOL\u00dc UMAY ANA  T\u00fcrk k\u00fclt\u00fcr\u00fcnde kad\u0131n\u0131n kutsall\u0131\u011f\u0131n\u0131 ve de\u011ferini vurgular. Umay, kad\u0131n(anne) ve \u00e7ocuklarla ilgili bir tanr\u0131\u00e7a ya da ruhtur. H\u00fck\u00fcmdar\u0131n han\u0131m\u0131 Umay\u2019\u0131 temsil eder. Kad\u0131nlar\u0131 ve \u00e7ocuklar\u0131 koruyan bir ruhtur. Her \u015feye hayat veren G\u00fcne\u015f de Umay\u2019la ilgilidir. O y\u00fczden eski T\u00fcrklerde, do\u011furganl\u0131kla ve bereketle ba\u011flant\u0131l\u0131d\u0131r. . Mitlerde, ku\u015f sembol\u00fc ile tasvir edilir. \u00c7ocuklar\u0131 hayatlar\u0131n\u0131n her d\u00f6neminde ve her t\u00fcrl\u00fc tehtide kar\u015f\u0131 korudu\u011funa inan\u0131lan en g\u00fc\u00e7l\u00fc sembollerdendir.  K\u0131rg\u0131zistan\u2019da yer alan ta\u015f heykeller incelendi\u011finde, ba\u015flar\u0131nda \u00fc\u00e7 dilimli ta\u00e7lar\u0131 bulunan bu heykeller Umay ile ili\u015fkilendirilir. En belirgin g\u00f6rsel budur Tanr\u0131\u00e7a Umay i\u00e7in. Umay\u2019\u0131n dilimli ta\u00e7l\u0131 tasvir edilmesinin alt\u0131nda ise bu tip ta\u00e7lar\u0131n; il\u00e2hlar\u0131n veya din\u00ee nitelikli \u015fah\u0131slar\u0131n ba\u015flar\u0131 etraf\u0131ndaki h\u00e2leler ile ili\u015fkili olmas\u0131d\u0131r. H\u00e2leler ise G\u00fcne\u015f\u2019i veya ate\u015fi anlat\u0131r.  Ayr\u0131ca g\u00fcn\u00fcm\u00fczde do\u011fum yapan kad\u0131nlar\u0131n ba\u015f\u0131ndaki ta\u00e7lar da asl\u0131nda eski T\u00fcrklerdeki Tanr\u0131\u00e7a Umay\u2019\u0131n etkisidir. Yeni do\u011fum yapm\u0131\u015f kad\u0131nlara ve yeni do\u011fan bebeklere musallat olan Al kar\u0131s\u0131ndan anneyi ve bebe\u011fi Umay Ana\u2019n\u0131n korudu\u011funa inan\u0131l\u0131rd\u0131.  UMAY ANA\u2019YI BOYNUNUZA TAKARKEN \u015eU S\u00d6ZLERLE SEMBOL\u00dc KODLAYAB\u0130L\u0130RS\u0130N\u0130Z:  E\u011fer hamile iseniz; Umay Ana\u2019n\u0131n beni ve bebe\u011fimi koruyup kollamas\u0131na niyet ediyorum.  E\u011fer hamile de\u011filseniz; Umay Ana\u2019n\u0131n i\u00e7imdeki di\u015fi \u00f6zle ileti\u015fime ge\u00e7mesine, di\u015fi \u00f6z\u00fcm\u00fcn ate\u015fini yakmas\u0131na, hayat\u0131m\u0131 daha co\u015fkulu ve bereketle ya\u015famaya niyet ediyorum.  Hamile kalmak isteyenler: Umay Ana\u2019n\u0131n eli ve deste\u011fi hep \u00fczerimde olsun.  diyerek niyet edebilirsiniz.\" \/>\n<meta property=\"og:url\" content=\"https:\/\/astrologelvan.com\/magaza\/urun\/925-ayar-gumus-uzeri-ozel-eskitme-umay-ana-kolye\/\" \/>\n<meta property=\"og:site_name\" content=\"Astrolog Elvan\" \/>\n<meta property=\"article:modified_time\" content=\"2026-03-08T14:08:25+00:00\" \/>\n<meta property=\"og:image\" content=\"https:\/\/astrologelvan.com\/magaza\/wp-content\/uploads\/2024\/02\/umay-1.jpg\" \/>\n\t<meta property=\"og:image:width\" content=\"1600\" \/>\n\t<meta property=\"og:image:height\" content=\"1600\" \/>\n\t<meta property=\"og:image:type\" content=\"image\/jpeg\" \/>\n<meta name=\"twitter:card\" content=\"summary_large_image\" \/>\n<meta name=\"twitter:label1\" content=\"Tahmini okuma s\u00fcresi\" \/>\n\t<meta name=\"twitter:data1\" content=\"2 dakika\" \/>\n<script type=\"application\/ld+json\" class=\"yoast-schema-graph\">{\"@context\":\"https:\\\/\\\/schema.org\",\"@graph\":[{\"@type\":[\"WebPage\",\"ItemPage\"],\"@id\":\"https:\\\/\\\/astrologelvan.com\\\/magaza\\\/urun\\\/925-ayar-gumus-uzeri-ozel-eskitme-umay-ana-kolye\\\/\",\"url\":\"https:\\\/\\\/astrologelvan.com\\\/magaza\\\/urun\\\/925-ayar-gumus-uzeri-ozel-eskitme-umay-ana-kolye\\\/\",\"name\":\"UMAY ANA KOLYE |925 AYAR G\u00dcM\u00dc\u015e \u00dcZER\u0130 \u00d6ZEL ESK\u0130TME - Astrolog Elvan\",\"isPartOf\":{\"@id\":\"https:\\\/\\\/astrologelvan.com\\\/magaza\\\/#website\"},\"primaryImageOfPage\":{\"@id\":\"https:\\\/\\\/astrologelvan.com\\\/magaza\\\/urun\\\/925-ayar-gumus-uzeri-ozel-eskitme-umay-ana-kolye\\\/#primaryimage\"},\"image\":{\"@id\":\"https:\\\/\\\/astrologelvan.com\\\/magaza\\\/urun\\\/925-ayar-gumus-uzeri-ozel-eskitme-umay-ana-kolye\\\/#primaryimage\"},\"thumbnailUrl\":\"https:\\\/\\\/astrologelvan.com\\\/magaza\\\/wp-content\\\/uploads\\\/2024\\\/02\\\/umay-1.jpg\",\"datePublished\":\"2024-02-27T23:51:26+00:00\",\"dateModified\":\"2026-03-08T14:08:25+00:00\",\"breadcrumb\":{\"@id\":\"https:\\\/\\\/astrologelvan.com\\\/magaza\\\/urun\\\/925-ayar-gumus-uzeri-ozel-eskitme-umay-ana-kolye\\\/#breadcrumb\"},\"inLanguage\":\"tr\",\"potentialAction\":[{\"@type\":\"ReadAction\",\"target\":[\"https:\\\/\\\/astrologelvan.com\\\/magaza\\\/urun\\\/925-ayar-gumus-uzeri-ozel-eskitme-umay-ana-kolye\\\/\"]}]},{\"@type\":\"ImageObject\",\"inLanguage\":\"tr\",\"@id\":\"https:\\\/\\\/astrologelvan.com\\\/magaza\\\/urun\\\/925-ayar-gumus-uzeri-ozel-eskitme-umay-ana-kolye\\\/#primaryimage\",\"url\":\"https:\\\/\\\/astrologelvan.com\\\/magaza\\\/wp-content\\\/uploads\\\/2024\\\/02\\\/umay-1.jpg\",\"contentUrl\":\"https:\\\/\\\/astrologelvan.com\\\/magaza\\\/wp-content\\\/uploads\\\/2024\\\/02\\\/umay-1.jpg\",\"width\":1600,\"height\":1600},{\"@type\":\"BreadcrumbList\",\"@id\":\"https:\\\/\\\/astrologelvan.com\\\/magaza\\\/urun\\\/925-ayar-gumus-uzeri-ozel-eskitme-umay-ana-kolye\\\/#breadcrumb\",\"itemListElement\":[{\"@type\":\"ListItem\",\"position\":1,\"name\":\"Anasayfa\",\"item\":\"https:\\\/\\\/astrologelvan.com\\\/magaza\\\/\"},{\"@type\":\"ListItem\",\"position\":2,\"name\":\"Ma\u011faza\",\"item\":\"https:\\\/\\\/astrologelvan.com\\\/magaza\\\/magaza\\\/\"},{\"@type\":\"ListItem\",\"position\":3,\"name\":\"UMAY ANA KOLYE |925 AYAR G\u00dcM\u00dc\u015e \u00dcZER\u0130 \u00d6ZEL ESK\u0130TME\"}]},{\"@type\":\"WebSite\",\"@id\":\"https:\\\/\\\/astrologelvan.com\\\/magaza\\\/#website\",\"url\":\"https:\\\/\\\/astrologelvan.com\\\/magaza\\\/\",\"name\":\"Astrolog Elvan\",\"description\":\"\",\"potentialAction\":[{\"@type\":\"SearchAction\",\"target\":{\"@type\":\"EntryPoint\",\"urlTemplate\":\"https:\\\/\\\/astrologelvan.com\\\/magaza\\\/?s={search_term_string}\"},\"query-input\":{\"@type\":\"PropertyValueSpecification\",\"valueRequired\":true,\"valueName\":\"search_term_string\"}}],\"inLanguage\":\"tr\"}]}<\/script>\n<!-- \/ Yoast SEO plugin. -->","yoast_head_json":{"title":"UMAY ANA KOLYE |925 AYAR G\u00dcM\u00dc\u015e \u00dcZER\u0130 \u00d6ZEL ESK\u0130TME - Astrolog Elvan","robots":{"index":"index","follow":"follow","max-snippet":"max-snippet:-1","max-image-preview":"max-image-preview:large","max-video-preview":"max-video-preview:-1"},"canonical":"https:\/\/astrologelvan.com\/magaza\/urun\/925-ayar-gumus-uzeri-ozel-eskitme-umay-ana-kolye\/","og_locale":"tr_TR","og_type":"article","og_title":"UMAY ANA KOLYE |925 AYAR G\u00dcM\u00dc\u015e \u00dcZER\u0130 \u00d6ZEL ESK\u0130TME - Astrolog Elvan","og_description":"Orhun Yaz\u0131tlar\u0131nda di\u015fi ruh olarak ge\u00e7en Umay Ana, i\u00e7indeki di\u015fi ile ileti\u015fime ge\u00e7mek isteyen herkesin kullanabilece\u011fi bir mitolojik karakterdir.  Umay simgesi, T\u00fcrklerin zihin \u00e2leminde kad\u0131na verilen k\u0131ymetin en \u00f6nemli g\u00f6stergelerinden birisidir.  D\u0130\u015e\u0130 UYANI\u015e, DO\u011eURGANLIK VE BEREKET SEMBOL\u00dc UMAY ANA  T\u00fcrk k\u00fclt\u00fcr\u00fcnde kad\u0131n\u0131n kutsall\u0131\u011f\u0131n\u0131 ve de\u011ferini vurgular. Umay, kad\u0131n(anne) ve \u00e7ocuklarla ilgili bir tanr\u0131\u00e7a ya da ruhtur. H\u00fck\u00fcmdar\u0131n han\u0131m\u0131 Umay\u2019\u0131 temsil eder. Kad\u0131nlar\u0131 ve \u00e7ocuklar\u0131 koruyan bir ruhtur. Her \u015feye hayat veren G\u00fcne\u015f de Umay\u2019la ilgilidir. O y\u00fczden eski T\u00fcrklerde, do\u011furganl\u0131kla ve bereketle ba\u011flant\u0131l\u0131d\u0131r. . Mitlerde, ku\u015f sembol\u00fc ile tasvir edilir. \u00c7ocuklar\u0131 hayatlar\u0131n\u0131n her d\u00f6neminde ve her t\u00fcrl\u00fc tehtide kar\u015f\u0131 korudu\u011funa inan\u0131lan en g\u00fc\u00e7l\u00fc sembollerdendir.  K\u0131rg\u0131zistan\u2019da yer alan ta\u015f heykeller incelendi\u011finde, ba\u015flar\u0131nda \u00fc\u00e7 dilimli ta\u00e7lar\u0131 bulunan bu heykeller Umay ile ili\u015fkilendirilir. En belirgin g\u00f6rsel budur Tanr\u0131\u00e7a Umay i\u00e7in. Umay\u2019\u0131n dilimli ta\u00e7l\u0131 tasvir edilmesinin alt\u0131nda ise bu tip ta\u00e7lar\u0131n; il\u00e2hlar\u0131n veya din\u00ee nitelikli \u015fah\u0131slar\u0131n ba\u015flar\u0131 etraf\u0131ndaki h\u00e2leler ile ili\u015fkili olmas\u0131d\u0131r. H\u00e2leler ise G\u00fcne\u015f\u2019i veya ate\u015fi anlat\u0131r.  Ayr\u0131ca g\u00fcn\u00fcm\u00fczde do\u011fum yapan kad\u0131nlar\u0131n ba\u015f\u0131ndaki ta\u00e7lar da asl\u0131nda eski T\u00fcrklerdeki Tanr\u0131\u00e7a Umay\u2019\u0131n etkisidir. Yeni do\u011fum yapm\u0131\u015f kad\u0131nlara ve yeni do\u011fan bebeklere musallat olan Al kar\u0131s\u0131ndan anneyi ve bebe\u011fi Umay Ana\u2019n\u0131n korudu\u011funa inan\u0131l\u0131rd\u0131.  UMAY ANA\u2019YI BOYNUNUZA TAKARKEN \u015eU S\u00d6ZLERLE SEMBOL\u00dc KODLAYAB\u0130L\u0130RS\u0130N\u0130Z:  E\u011fer hamile iseniz; Umay Ana\u2019n\u0131n beni ve bebe\u011fimi koruyup kollamas\u0131na niyet ediyorum.  E\u011fer hamile de\u011filseniz; Umay Ana\u2019n\u0131n i\u00e7imdeki di\u015fi \u00f6zle ileti\u015fime ge\u00e7mesine, di\u015fi \u00f6z\u00fcm\u00fcn ate\u015fini yakmas\u0131na, hayat\u0131m\u0131 daha co\u015fkulu ve bereketle ya\u015famaya niyet ediyorum.  Hamile kalmak isteyenler: Umay Ana\u2019n\u0131n eli ve deste\u011fi hep \u00fczerimde olsun.  diyerek niyet edebilirsiniz.","og_url":"https:\/\/astrologelvan.com\/magaza\/urun\/925-ayar-gumus-uzeri-ozel-eskitme-umay-ana-kolye\/","og_site_name":"Astrolog Elvan","article_modified_time":"2026-03-08T14:08:25+00:00","og_image":[{"width":1600,"height":1600,"url":"https:\/\/astrologelvan.com\/magaza\/wp-content\/uploads\/2024\/02\/umay-1.jpg","type":"image\/jpeg"}],"twitter_card":"summary_large_image","twitter_misc":{"Tahmini okuma s\u00fcresi":"2 dakika"},"schema":{"@context":"https:\/\/schema.org","@graph":[{"@type":["WebPage","ItemPage"],"@id":"https:\/\/astrologelvan.com\/magaza\/urun\/925-ayar-gumus-uzeri-ozel-eskitme-umay-ana-kolye\/","url":"https:\/\/astrologelvan.com\/magaza\/urun\/925-ayar-gumus-uzeri-ozel-eskitme-umay-ana-kolye\/","name":"UMAY ANA KOLYE |925 AYAR G\u00dcM\u00dc\u015e \u00dcZER\u0130 \u00d6ZEL ESK\u0130TME - Astrolog Elvan","isPartOf":{"@id":"https:\/\/astrologelvan.com\/magaza\/#website"},"primaryImageOfPage":{"@id":"https:\/\/astrologelvan.com\/magaza\/urun\/925-ayar-gumus-uzeri-ozel-eskitme-umay-ana-kolye\/#primaryimage"},"image":{"@id":"https:\/\/astrologelvan.com\/magaza\/urun\/925-ayar-gumus-uzeri-ozel-eskitme-umay-ana-kolye\/#primaryimage"},"thumbnailUrl":"https:\/\/astrologelvan.com\/magaza\/wp-content\/uploads\/2024\/02\/umay-1.jpg","datePublished":"2024-02-27T23:51:26+00:00","dateModified":"2026-03-08T14:08:25+00:00","breadcrumb":{"@id":"https:\/\/astrologelvan.com\/magaza\/urun\/925-ayar-gumus-uzeri-ozel-eskitme-umay-ana-kolye\/#breadcrumb"},"inLanguage":"tr","potentialAction":[{"@type":"ReadAction","target":["https:\/\/astrologelvan.com\/magaza\/urun\/925-ayar-gumus-uzeri-ozel-eskitme-umay-ana-kolye\/"]}]},{"@type":"ImageObject","inLanguage":"tr","@id":"https:\/\/astrologelvan.com\/magaza\/urun\/925-ayar-gumus-uzeri-ozel-eskitme-umay-ana-kolye\/#primaryimage","url":"https:\/\/astrologelvan.com\/magaza\/wp-content\/uploads\/2024\/02\/umay-1.jpg","contentUrl":"https:\/\/astrologelvan.com\/magaza\/wp-content\/uploads\/2024\/02\/umay-1.jpg","width":1600,"height":1600},{"@type":"BreadcrumbList","@id":"https:\/\/astrologelvan.com\/magaza\/urun\/925-ayar-gumus-uzeri-ozel-eskitme-umay-ana-kolye\/#breadcrumb","itemListElement":[{"@type":"ListItem","position":1,"name":"Anasayfa","item":"https:\/\/astrologelvan.com\/magaza\/"},{"@type":"ListItem","position":2,"name":"Ma\u011faza","item":"https:\/\/astrologelvan.com\/magaza\/magaza\/"},{"@type":"ListItem","position":3,"name":"UMAY ANA KOLYE |925 AYAR G\u00dcM\u00dc\u015e \u00dcZER\u0130 \u00d6ZEL ESK\u0130TME"}]},{"@type":"WebSite","@id":"https:\/\/astrologelvan.com\/magaza\/#website","url":"https:\/\/astrologelvan.com\/magaza\/","name":"Astrolog Elvan","description":"","potentialAction":[{"@type":"SearchAction","target":{"@type":"EntryPoint","urlTemplate":"https:\/\/astrologelvan.com\/magaza\/?s={search_term_string}"},"query-input":{"@type":"PropertyValueSpecification","valueRequired":true,"valueName":"search_term_string"}}],"inLanguage":"tr"}]}},"_links":{"self":[{"href":"https:\/\/astrologelvan.com\/magaza\/wp-json\/wp\/v2\/product\/797","targetHints":{"allow":["GET"]}}],"collection":[{"href":"https:\/\/astrologelvan.com\/magaza\/wp-json\/wp\/v2\/product"}],"about":[{"href":"https:\/\/astrologelvan.com\/magaza\/wp-json\/wp\/v2\/types\/product"}],"replies":[{"embeddable":true,"href":"https:\/\/astrologelvan.com\/magaza\/wp-json\/wp\/v2\/comments?post=797"}],"wp:featuredmedia":[{"embeddable":true,"href":"https:\/\/astrologelvan.com\/magaza\/wp-json\/wp\/v2\/media\/3919"}],"wp:attachment":[{"href":"https:\/\/astrologelvan.com\/magaza\/wp-json\/wp\/v2\/media?parent=797"}],"wp:term":[{"taxonomy":"product_brand","embeddable":true,"href":"https:\/\/astrologelvan.com\/magaza\/wp-json\/wp\/v2\/product_brand?post=797"},{"taxonomy":"product_cat","embeddable":true,"href":"https:\/\/astrologelvan.com\/magaza\/wp-json\/wp\/v2\/product_cat?post=797"},{"taxonomy":"product_tag","embeddable":true,"href":"https:\/\/astrologelvan.com\/magaza\/wp-json\/wp\/v2\/product_tag?post=797"}],"curies":[{"name":"wp","href":"https:\/\/api.w.org\/{rel}","templated":true}]}}