{"id":79302,"date":"2025-06-04T21:59:30","date_gmt":"2025-06-04T18:59:30","guid":{"rendered":"https:\/\/astrologelvan.com\/magaza\/?post_type=product&#038;p=79302"},"modified":"2026-03-30T13:26:48","modified_gmt":"2026-03-30T10:26:48","slug":"lakshmi-kolye","status":"publish","type":"product","link":"https:\/\/astrologelvan.com\/magaza\/urun\/lakshmi-kolye\/","title":{"rendered":"\u2728Lakshmi Kolye"},"content":{"rendered":"<p>Materyal: Pirin\u00e7<\/p>\n","protected":false},"excerpt":{"rendered":"<p>\u0130lahi Bereketin ve Sevginin T\u0131ls\u0131m\u0131 \u2728\ud83c\udf3e<\/p>\n<p>Hint mitolojisinin en parlak \u0131\u015f\u0131klar\u0131ndan biri olan Tanr\u0131\u00e7a Lakshmi, bollu\u011fun, a\u015fk\u0131n, g\u00fczelli\u011fin ve di\u015fil zarafetin sembol\u00fcd\u00fcr. O, Tanr\u0131 Vishnu\u2019nun e\u015fi olarak sadece evrenin refah\u0131n\u0131 de\u011fil, ayn\u0131 zamanda ruh e\u015fli\u011fiyle kutsanm\u0131\u015f bir a\u015fk\u0131 temsil eder.<\/p>\n<p>Lakshmi ve Vishnu\u2019nun a\u015fk\u0131, sadece ilahi boyutta de\u011fil, d\u00fcnyasal a\u015fklarda da \u00f6rnek al\u0131nacak bir uyumdur. Birbirlerini ko\u015fulsuzca destekleyen bu ikili, birlikte hem yarat\u0131r hem de korur. Lakshmi\u2019nin Vishnu\u2019ya duydu\u011fu sevgi; sadakatle, ne\u015feyle ve tam bir ruhsal birlikle akar.<\/p>\n<p>\ud83d\udc9b \u0130\u015fte bu pirin\u00e7 kolye, tam da bu enerjiyi ta\u015f\u0131yor.<\/p>\n<p>\u2013 Yal\u0131n ama g\u00fc\u00e7l\u00fc,<\/p>\n<p>\u2013 Zarif ama dayan\u0131kl\u0131,<\/p>\n<p>\u2013 T\u0131pk\u0131 Lakshmi gibi\u2026 I\u015f\u0131lt\u0131s\u0131 d\u0131\u015fardan de\u011fil, ta\u015f\u0131d\u0131\u011f\u0131 anlamdan gelir.<\/p>\n<p>Pirin\u00e7, binlerce y\u0131ld\u0131r Asya k\u00fclt\u00fcrlerinde bolluk, dayan\u0131kl\u0131l\u0131k ve koruma metali olarak bilinir. Lakshmi\u2019nin sembol\u00fcyle birle\u015fti\u011finde ise bu kolye:<\/p>\n<p>\u2728 Kalbinde sevgiyi b\u00fcy\u00fctmek isteyenlere,<\/p>\n<p>\u2728 Evlili\u011finde uyumu ve \u015fefkati art\u0131rmak isteyenlere,<\/p>\n<p>\u2728 Hayat\u0131na bereketi \u00e7a\u011f\u0131rmak isteyenlere bir t\u0131ls\u0131m olur.<\/p>\n<p>Her takt\u0131\u011f\u0131nda Lakshmi\u2019nin f\u0131s\u0131lt\u0131s\u0131 kula\u011f\u0131nda:<\/p>\n<p>\u201cGer\u00e7ek zenginlik; sevgiyle dolu bir kalpte ve payla\u015f\u0131lacak bir ya\u015famda sakl\u0131d\u0131r.\u201d<\/p>\n","protected":false},"featured_media":100596,"comment_status":"open","ping_status":"closed","template":"","meta":[],"product_brand":[],"product_cat":[48],"product_tag":[659,73,658,660,661],"class_list":{"0":"post-79302","1":"product","2":"type-product","3":"status-publish","4":"has-post-thumbnail","6":"product_cat-kolyeler","7":"product_tag-hint","8":"product_tag-kolye","9":"product_tag-lakshmi","10":"product_tag-mitoloji","11":"product_tag-vishnu","13":"first","14":"instock","15":"taxable","16":"shipping-taxable","17":"purchasable","18":"product-type-simple"},"yoast_head":"<!-- This site is optimized with the Yoast SEO plugin v27.3 - https:\/\/yoast.com\/product\/yoast-seo-wordpress\/ -->\n<title>\u2728Lakshmi Kolye - Astrolog Elvan<\/title>\n<meta name=\"robots\" content=\"index, follow, max-snippet:-1, max-image-preview:large, max-video-preview:-1\" \/>\n<link rel=\"canonical\" href=\"https:\/\/astrologelvan.com\/magaza\/urun\/lakshmi-kolye\/\" \/>\n<meta property=\"og:locale\" content=\"tr_TR\" \/>\n<meta property=\"og:type\" content=\"article\" \/>\n<meta property=\"og:title\" content=\"\u2728Lakshmi Kolye - Astrolog Elvan\" \/>\n<meta property=\"og:description\" content=\"\u0130lahi Bereketin ve Sevginin T\u0131ls\u0131m\u0131 \u2728\ud83c\udf3e  Hint mitolojisinin en parlak \u0131\u015f\u0131klar\u0131ndan biri olan Tanr\u0131\u00e7a Lakshmi, bollu\u011fun, a\u015fk\u0131n, g\u00fczelli\u011fin ve di\u015fil zarafetin sembol\u00fcd\u00fcr. O, Tanr\u0131 Vishnu\u2019nun e\u015fi olarak sadece evrenin refah\u0131n\u0131 de\u011fil, ayn\u0131 zamanda ruh e\u015fli\u011fiyle kutsanm\u0131\u015f bir a\u015fk\u0131 temsil eder.  Lakshmi ve Vishnu\u2019nun a\u015fk\u0131, sadece ilahi boyutta de\u011fil, d\u00fcnyasal a\u015fklarda da \u00f6rnek al\u0131nacak bir uyumdur. Birbirlerini ko\u015fulsuzca destekleyen bu ikili, birlikte hem yarat\u0131r hem de korur. Lakshmi\u2019nin Vishnu\u2019ya duydu\u011fu sevgi; sadakatle, ne\u015feyle ve tam bir ruhsal birlikle akar.  \ud83d\udc9b \u0130\u015fte bu pirin\u00e7 kolye, tam da bu enerjiyi ta\u015f\u0131yor.  \u2013 Yal\u0131n ama g\u00fc\u00e7l\u00fc,  \u2013 Zarif ama dayan\u0131kl\u0131,  \u2013 T\u0131pk\u0131 Lakshmi gibi\u2026 I\u015f\u0131lt\u0131s\u0131 d\u0131\u015fardan de\u011fil, ta\u015f\u0131d\u0131\u011f\u0131 anlamdan gelir.  Pirin\u00e7, binlerce y\u0131ld\u0131r Asya k\u00fclt\u00fcrlerinde bolluk, dayan\u0131kl\u0131l\u0131k ve koruma metali olarak bilinir. Lakshmi\u2019nin sembol\u00fcyle birle\u015fti\u011finde ise bu kolye:  \u2728 Kalbinde sevgiyi b\u00fcy\u00fctmek isteyenlere,  \u2728 Evlili\u011finde uyumu ve \u015fefkati art\u0131rmak isteyenlere,  \u2728 Hayat\u0131na bereketi \u00e7a\u011f\u0131rmak isteyenlere bir t\u0131ls\u0131m olur.  Her takt\u0131\u011f\u0131nda Lakshmi\u2019nin f\u0131s\u0131lt\u0131s\u0131 kula\u011f\u0131nda:  \u201cGer\u00e7ek zenginlik; sevgiyle dolu bir kalpte ve payla\u015f\u0131lacak bir ya\u015famda sakl\u0131d\u0131r.\u201d\" \/>\n<meta property=\"og:url\" content=\"https:\/\/astrologelvan.com\/magaza\/urun\/lakshmi-kolye\/\" \/>\n<meta property=\"og:site_name\" content=\"Astrolog Elvan\" \/>\n<meta property=\"article:modified_time\" content=\"2026-03-30T10:26:48+00:00\" \/>\n<meta property=\"og:image\" content=\"https:\/\/astrologelvan.com\/magaza\/wp-content\/uploads\/2025\/06\/Untitled-Session3823-2667x4000.jpg\" \/>\n\t<meta property=\"og:image:width\" content=\"2667\" \/>\n\t<meta property=\"og:image:height\" content=\"4000\" \/>\n\t<meta property=\"og:image:type\" content=\"image\/jpeg\" \/>\n<meta name=\"twitter:card\" content=\"summary_large_image\" \/>\n<meta name=\"twitter:label1\" content=\"Tahmini okuma s\u00fcresi\" \/>\n\t<meta name=\"twitter:data1\" content=\"1 dakika\" \/>\n<script type=\"application\/ld+json\" class=\"yoast-schema-graph\">{\"@context\":\"https:\\\/\\\/schema.org\",\"@graph\":[{\"@type\":[\"WebPage\",\"ItemPage\"],\"@id\":\"https:\\\/\\\/astrologelvan.com\\\/magaza\\\/urun\\\/lakshmi-kolye\\\/\",\"url\":\"https:\\\/\\\/astrologelvan.com\\\/magaza\\\/urun\\\/lakshmi-kolye\\\/\",\"name\":\"\u2728Lakshmi Kolye - Astrolog Elvan\",\"isPartOf\":{\"@id\":\"https:\\\/\\\/astrologelvan.com\\\/magaza\\\/#website\"},\"primaryImageOfPage\":{\"@id\":\"https:\\\/\\\/astrologelvan.com\\\/magaza\\\/urun\\\/lakshmi-kolye\\\/#primaryimage\"},\"image\":{\"@id\":\"https:\\\/\\\/astrologelvan.com\\\/magaza\\\/urun\\\/lakshmi-kolye\\\/#primaryimage\"},\"thumbnailUrl\":\"https:\\\/\\\/astrologelvan.com\\\/magaza\\\/wp-content\\\/uploads\\\/2025\\\/06\\\/Untitled-Session3823.jpg\",\"datePublished\":\"2025-06-04T18:59:30+00:00\",\"dateModified\":\"2026-03-30T10:26:48+00:00\",\"breadcrumb\":{\"@id\":\"https:\\\/\\\/astrologelvan.com\\\/magaza\\\/urun\\\/lakshmi-kolye\\\/#breadcrumb\"},\"inLanguage\":\"tr\",\"potentialAction\":[{\"@type\":\"ReadAction\",\"target\":[\"https:\\\/\\\/astrologelvan.com\\\/magaza\\\/urun\\\/lakshmi-kolye\\\/\"]}]},{\"@type\":\"ImageObject\",\"inLanguage\":\"tr\",\"@id\":\"https:\\\/\\\/astrologelvan.com\\\/magaza\\\/urun\\\/lakshmi-kolye\\\/#primaryimage\",\"url\":\"https:\\\/\\\/astrologelvan.com\\\/magaza\\\/wp-content\\\/uploads\\\/2025\\\/06\\\/Untitled-Session3823.jpg\",\"contentUrl\":\"https:\\\/\\\/astrologelvan.com\\\/magaza\\\/wp-content\\\/uploads\\\/2025\\\/06\\\/Untitled-Session3823.jpg\",\"width\":6129,\"height\":9193},{\"@type\":\"BreadcrumbList\",\"@id\":\"https:\\\/\\\/astrologelvan.com\\\/magaza\\\/urun\\\/lakshmi-kolye\\\/#breadcrumb\",\"itemListElement\":[{\"@type\":\"ListItem\",\"position\":1,\"name\":\"Anasayfa\",\"item\":\"https:\\\/\\\/astrologelvan.com\\\/magaza\\\/\"},{\"@type\":\"ListItem\",\"position\":2,\"name\":\"Ma\u011faza\",\"item\":\"https:\\\/\\\/astrologelvan.com\\\/magaza\\\/magaza\\\/\"},{\"@type\":\"ListItem\",\"position\":3,\"name\":\"\u2728Lakshmi Kolye\"}]},{\"@type\":\"WebSite\",\"@id\":\"https:\\\/\\\/astrologelvan.com\\\/magaza\\\/#website\",\"url\":\"https:\\\/\\\/astrologelvan.com\\\/magaza\\\/\",\"name\":\"Astrolog Elvan\",\"description\":\"\",\"potentialAction\":[{\"@type\":\"SearchAction\",\"target\":{\"@type\":\"EntryPoint\",\"urlTemplate\":\"https:\\\/\\\/astrologelvan.com\\\/magaza\\\/?s={search_term_string}\"},\"query-input\":{\"@type\":\"PropertyValueSpecification\",\"valueRequired\":true,\"valueName\":\"search_term_string\"}}],\"inLanguage\":\"tr\"}]}<\/script>\n<!-- \/ Yoast SEO plugin. -->","yoast_head_json":{"title":"\u2728Lakshmi Kolye - Astrolog Elvan","robots":{"index":"index","follow":"follow","max-snippet":"max-snippet:-1","max-image-preview":"max-image-preview:large","max-video-preview":"max-video-preview:-1"},"canonical":"https:\/\/astrologelvan.com\/magaza\/urun\/lakshmi-kolye\/","og_locale":"tr_TR","og_type":"article","og_title":"\u2728Lakshmi Kolye - Astrolog Elvan","og_description":"\u0130lahi Bereketin ve Sevginin T\u0131ls\u0131m\u0131 \u2728\ud83c\udf3e  Hint mitolojisinin en parlak \u0131\u015f\u0131klar\u0131ndan biri olan Tanr\u0131\u00e7a Lakshmi, bollu\u011fun, a\u015fk\u0131n, g\u00fczelli\u011fin ve di\u015fil zarafetin sembol\u00fcd\u00fcr. O, Tanr\u0131 Vishnu\u2019nun e\u015fi olarak sadece evrenin refah\u0131n\u0131 de\u011fil, ayn\u0131 zamanda ruh e\u015fli\u011fiyle kutsanm\u0131\u015f bir a\u015fk\u0131 temsil eder.  Lakshmi ve Vishnu\u2019nun a\u015fk\u0131, sadece ilahi boyutta de\u011fil, d\u00fcnyasal a\u015fklarda da \u00f6rnek al\u0131nacak bir uyumdur. Birbirlerini ko\u015fulsuzca destekleyen bu ikili, birlikte hem yarat\u0131r hem de korur. Lakshmi\u2019nin Vishnu\u2019ya duydu\u011fu sevgi; sadakatle, ne\u015feyle ve tam bir ruhsal birlikle akar.  \ud83d\udc9b \u0130\u015fte bu pirin\u00e7 kolye, tam da bu enerjiyi ta\u015f\u0131yor.  \u2013 Yal\u0131n ama g\u00fc\u00e7l\u00fc,  \u2013 Zarif ama dayan\u0131kl\u0131,  \u2013 T\u0131pk\u0131 Lakshmi gibi\u2026 I\u015f\u0131lt\u0131s\u0131 d\u0131\u015fardan de\u011fil, ta\u015f\u0131d\u0131\u011f\u0131 anlamdan gelir.  Pirin\u00e7, binlerce y\u0131ld\u0131r Asya k\u00fclt\u00fcrlerinde bolluk, dayan\u0131kl\u0131l\u0131k ve koruma metali olarak bilinir. Lakshmi\u2019nin sembol\u00fcyle birle\u015fti\u011finde ise bu kolye:  \u2728 Kalbinde sevgiyi b\u00fcy\u00fctmek isteyenlere,  \u2728 Evlili\u011finde uyumu ve \u015fefkati art\u0131rmak isteyenlere,  \u2728 Hayat\u0131na bereketi \u00e7a\u011f\u0131rmak isteyenlere bir t\u0131ls\u0131m olur.  Her takt\u0131\u011f\u0131nda Lakshmi\u2019nin f\u0131s\u0131lt\u0131s\u0131 kula\u011f\u0131nda:  \u201cGer\u00e7ek zenginlik; sevgiyle dolu bir kalpte ve payla\u015f\u0131lacak bir ya\u015famda sakl\u0131d\u0131r.\u201d","og_url":"https:\/\/astrologelvan.com\/magaza\/urun\/lakshmi-kolye\/","og_site_name":"Astrolog Elvan","article_modified_time":"2026-03-30T10:26:48+00:00","og_image":[{"width":2667,"height":4000,"url":"https:\/\/astrologelvan.com\/magaza\/wp-content\/uploads\/2025\/06\/Untitled-Session3823-2667x4000.jpg","type":"image\/jpeg"}],"twitter_card":"summary_large_image","twitter_misc":{"Tahmini okuma s\u00fcresi":"1 dakika"},"schema":{"@context":"https:\/\/schema.org","@graph":[{"@type":["WebPage","ItemPage"],"@id":"https:\/\/astrologelvan.com\/magaza\/urun\/lakshmi-kolye\/","url":"https:\/\/astrologelvan.com\/magaza\/urun\/lakshmi-kolye\/","name":"\u2728Lakshmi Kolye - Astrolog Elvan","isPartOf":{"@id":"https:\/\/astrologelvan.com\/magaza\/#website"},"primaryImageOfPage":{"@id":"https:\/\/astrologelvan.com\/magaza\/urun\/lakshmi-kolye\/#primaryimage"},"image":{"@id":"https:\/\/astrologelvan.com\/magaza\/urun\/lakshmi-kolye\/#primaryimage"},"thumbnailUrl":"https:\/\/astrologelvan.com\/magaza\/wp-content\/uploads\/2025\/06\/Untitled-Session3823.jpg","datePublished":"2025-06-04T18:59:30+00:00","dateModified":"2026-03-30T10:26:48+00:00","breadcrumb":{"@id":"https:\/\/astrologelvan.com\/magaza\/urun\/lakshmi-kolye\/#breadcrumb"},"inLanguage":"tr","potentialAction":[{"@type":"ReadAction","target":["https:\/\/astrologelvan.com\/magaza\/urun\/lakshmi-kolye\/"]}]},{"@type":"ImageObject","inLanguage":"tr","@id":"https:\/\/astrologelvan.com\/magaza\/urun\/lakshmi-kolye\/#primaryimage","url":"https:\/\/astrologelvan.com\/magaza\/wp-content\/uploads\/2025\/06\/Untitled-Session3823.jpg","contentUrl":"https:\/\/astrologelvan.com\/magaza\/wp-content\/uploads\/2025\/06\/Untitled-Session3823.jpg","width":6129,"height":9193},{"@type":"BreadcrumbList","@id":"https:\/\/astrologelvan.com\/magaza\/urun\/lakshmi-kolye\/#breadcrumb","itemListElement":[{"@type":"ListItem","position":1,"name":"Anasayfa","item":"https:\/\/astrologelvan.com\/magaza\/"},{"@type":"ListItem","position":2,"name":"Ma\u011faza","item":"https:\/\/astrologelvan.com\/magaza\/magaza\/"},{"@type":"ListItem","position":3,"name":"\u2728Lakshmi Kolye"}]},{"@type":"WebSite","@id":"https:\/\/astrologelvan.com\/magaza\/#website","url":"https:\/\/astrologelvan.com\/magaza\/","name":"Astrolog Elvan","description":"","potentialAction":[{"@type":"SearchAction","target":{"@type":"EntryPoint","urlTemplate":"https:\/\/astrologelvan.com\/magaza\/?s={search_term_string}"},"query-input":{"@type":"PropertyValueSpecification","valueRequired":true,"valueName":"search_term_string"}}],"inLanguage":"tr"}]}},"_links":{"self":[{"href":"https:\/\/astrologelvan.com\/magaza\/wp-json\/wp\/v2\/product\/79302","targetHints":{"allow":["GET"]}}],"collection":[{"href":"https:\/\/astrologelvan.com\/magaza\/wp-json\/wp\/v2\/product"}],"about":[{"href":"https:\/\/astrologelvan.com\/magaza\/wp-json\/wp\/v2\/types\/product"}],"replies":[{"embeddable":true,"href":"https:\/\/astrologelvan.com\/magaza\/wp-json\/wp\/v2\/comments?post=79302"}],"wp:featuredmedia":[{"embeddable":true,"href":"https:\/\/astrologelvan.com\/magaza\/wp-json\/wp\/v2\/media\/100596"}],"wp:attachment":[{"href":"https:\/\/astrologelvan.com\/magaza\/wp-json\/wp\/v2\/media?parent=79302"}],"wp:term":[{"taxonomy":"product_brand","embeddable":true,"href":"https:\/\/astrologelvan.com\/magaza\/wp-json\/wp\/v2\/product_brand?post=79302"},{"taxonomy":"product_cat","embeddable":true,"href":"https:\/\/astrologelvan.com\/magaza\/wp-json\/wp\/v2\/product_cat?post=79302"},{"taxonomy":"product_tag","embeddable":true,"href":"https:\/\/astrologelvan.com\/magaza\/wp-json\/wp\/v2\/product_tag?post=79302"}],"curies":[{"name":"wp","href":"https:\/\/api.w.org\/{rel}","templated":true}]}}