{"id":7896,"date":"2024-04-29T17:23:27","date_gmt":"2024-04-29T14:23:27","guid":{"rendered":"https:\/\/astrologelvan.com\/magaza\/?post_type=product&#038;p=7896"},"modified":"2025-10-06T08:15:14","modified_gmt":"2025-10-06T05:15:14","slug":"yaratim-atolyesi","status":"publish","type":"product","link":"https:\/\/astrologelvan.com\/magaza\/urun\/yaratim-atolyesi\/","title":{"rendered":"YARATIM AT\u00d6LYES\u0130"},"content":{"rendered":"","protected":false},"excerpt":{"rendered":"<p>5 May\u0131s\u2019\u0131 6 May\u0131s\u2019a ba\u011flayan gece muhte\u015fem bir Yarat\u0131m At\u00f6lyesi\u2019nde bulu\u015fuyoruz. At\u00f6lyeye zoom \u00fczerinden kat\u0131l\u0131m sa\u011flanacak. Kat\u0131lan herkesin kameras\u0131 a\u00e7\u0131k olmal\u0131.<\/p>\n<p>Uyar\u0131: Her ki\u015fi, tek bir ba\u011flant\u0131 ile kat\u0131labilir. Birden fazla ki\u015fi ayn\u0131 isim \u00fczerinden kat\u0131l\u0131m sa\u011flamayamaz. Tespit edilirse, eri\u015fimi engellenir.<\/p>\n<p><strong>Davet linki sat\u0131n al\u0131rken belirtti\u011finiz mail adresinize g\u00f6nderilir.<\/strong><\/p>\n<p>Astrolog Elvan ile ThetaHealing frekans\u0131nda hayallerimizi yarataca\u011f\u0131z.<\/p>\n<p><strong>At\u00f6lye s\u00fcresi: 21:00 &#8211; 22:30<\/strong><\/p>\n<p>Sonradan kay\u0131t izlenebilecek ama canl\u0131 kat\u0131l\u0131m sa\u011flaman\u0131z tercih edilir.<\/p>\n","protected":false},"featured_media":7899,"comment_status":"open","ping_status":"closed","template":"","meta":[],"product_brand":[],"product_cat":[494],"product_tag":[],"class_list":{"0":"post-7896","1":"product","2":"type-product","3":"status-publish","4":"has-post-thumbnail","6":"product_cat-atolyeler","8":"first","9":"outofstock","10":"virtual","11":"taxable","12":"purchasable","13":"product-type-simple"},"yoast_head":"<!-- This site is optimized with the Yoast SEO plugin v27.3 - https:\/\/yoast.com\/product\/yoast-seo-wordpress\/ -->\n<title>YARATIM AT\u00d6LYES\u0130 - Astrolog Elvan<\/title>\n<meta name=\"robots\" content=\"index, follow, max-snippet:-1, max-image-preview:large, max-video-preview:-1\" \/>\n<link rel=\"canonical\" href=\"https:\/\/astrologelvan.com\/magaza\/urun\/yaratim-atolyesi\/\" \/>\n<meta property=\"og:locale\" content=\"tr_TR\" \/>\n<meta property=\"og:type\" content=\"article\" \/>\n<meta property=\"og:title\" content=\"YARATIM AT\u00d6LYES\u0130 - Astrolog Elvan\" \/>\n<meta property=\"og:description\" content=\"5 May\u0131s\u2019\u0131 6 May\u0131s\u2019a ba\u011flayan gece muhte\u015fem bir Yarat\u0131m At\u00f6lyesi\u2019nde bulu\u015fuyoruz. At\u00f6lyeye zoom \u00fczerinden kat\u0131l\u0131m sa\u011flanacak. Kat\u0131lan herkesin kameras\u0131 a\u00e7\u0131k olmal\u0131.  Uyar\u0131: Her ki\u015fi, tek bir ba\u011flant\u0131 ile kat\u0131labilir. Birden fazla ki\u015fi ayn\u0131 isim \u00fczerinden kat\u0131l\u0131m sa\u011flamayamaz. Tespit edilirse, eri\u015fimi engellenir.  Davet linki sat\u0131n al\u0131rken belirtti\u011finiz mail adresinize g\u00f6nderilir.  Astrolog Elvan ile ThetaHealing frekans\u0131nda hayallerimizi yarataca\u011f\u0131z.  At\u00f6lye s\u00fcresi: 21:00 - 22:30  Sonradan kay\u0131t izlenebilecek ama canl\u0131 kat\u0131l\u0131m sa\u011flaman\u0131z tercih edilir.\" \/>\n<meta property=\"og:url\" content=\"https:\/\/astrologelvan.com\/magaza\/urun\/yaratim-atolyesi\/\" \/>\n<meta property=\"og:site_name\" content=\"Astrolog Elvan\" \/>\n<meta property=\"article:modified_time\" content=\"2025-10-06T05:15:14+00:00\" \/>\n<meta property=\"og:image\" content=\"https:\/\/astrologelvan.com\/magaza\/wp-content\/uploads\/2024\/04\/Elvan-Mobil-Slider-2.png\" \/>\n\t<meta property=\"og:image:width\" content=\"788\" \/>\n\t<meta property=\"og:image:height\" content=\"1024\" \/>\n\t<meta property=\"og:image:type\" content=\"image\/png\" \/>\n<meta name=\"twitter:card\" content=\"summary_large_image\" \/>\n<meta name=\"twitter:label1\" content=\"Tahmini okuma s\u00fcresi\" \/>\n\t<meta name=\"twitter:data1\" content=\"1 dakika\" \/>\n<script type=\"application\/ld+json\" class=\"yoast-schema-graph\">{\"@context\":\"https:\\\/\\\/schema.org\",\"@graph\":[{\"@type\":[\"WebPage\",\"ItemPage\"],\"@id\":\"https:\\\/\\\/astrologelvan.com\\\/magaza\\\/urun\\\/yaratim-atolyesi\\\/\",\"url\":\"https:\\\/\\\/astrologelvan.com\\\/magaza\\\/urun\\\/yaratim-atolyesi\\\/\",\"name\":\"YARATIM AT\u00d6LYES\u0130 - Astrolog Elvan\",\"isPartOf\":{\"@id\":\"https:\\\/\\\/astrologelvan.com\\\/magaza\\\/#website\"},\"primaryImageOfPage\":{\"@id\":\"https:\\\/\\\/astrologelvan.com\\\/magaza\\\/urun\\\/yaratim-atolyesi\\\/#primaryimage\"},\"image\":{\"@id\":\"https:\\\/\\\/astrologelvan.com\\\/magaza\\\/urun\\\/yaratim-atolyesi\\\/#primaryimage\"},\"thumbnailUrl\":\"https:\\\/\\\/astrologelvan.com\\\/magaza\\\/wp-content\\\/uploads\\\/2024\\\/04\\\/Elvan-Mobil-Slider-2.png\",\"datePublished\":\"2024-04-29T14:23:27+00:00\",\"dateModified\":\"2025-10-06T05:15:14+00:00\",\"breadcrumb\":{\"@id\":\"https:\\\/\\\/astrologelvan.com\\\/magaza\\\/urun\\\/yaratim-atolyesi\\\/#breadcrumb\"},\"inLanguage\":\"tr\",\"potentialAction\":[{\"@type\":\"ReadAction\",\"target\":[\"https:\\\/\\\/astrologelvan.com\\\/magaza\\\/urun\\\/yaratim-atolyesi\\\/\"]}]},{\"@type\":\"ImageObject\",\"inLanguage\":\"tr\",\"@id\":\"https:\\\/\\\/astrologelvan.com\\\/magaza\\\/urun\\\/yaratim-atolyesi\\\/#primaryimage\",\"url\":\"https:\\\/\\\/astrologelvan.com\\\/magaza\\\/wp-content\\\/uploads\\\/2024\\\/04\\\/Elvan-Mobil-Slider-2.png\",\"contentUrl\":\"https:\\\/\\\/astrologelvan.com\\\/magaza\\\/wp-content\\\/uploads\\\/2024\\\/04\\\/Elvan-Mobil-Slider-2.png\",\"width\":1250,\"height\":1625},{\"@type\":\"BreadcrumbList\",\"@id\":\"https:\\\/\\\/astrologelvan.com\\\/magaza\\\/urun\\\/yaratim-atolyesi\\\/#breadcrumb\",\"itemListElement\":[{\"@type\":\"ListItem\",\"position\":1,\"name\":\"Anasayfa\",\"item\":\"https:\\\/\\\/astrologelvan.com\\\/magaza\\\/\"},{\"@type\":\"ListItem\",\"position\":2,\"name\":\"Ma\u011faza\",\"item\":\"https:\\\/\\\/astrologelvan.com\\\/magaza\\\/magaza\\\/\"},{\"@type\":\"ListItem\",\"position\":3,\"name\":\"YARATIM AT\u00d6LYES\u0130\"}]},{\"@type\":\"WebSite\",\"@id\":\"https:\\\/\\\/astrologelvan.com\\\/magaza\\\/#website\",\"url\":\"https:\\\/\\\/astrologelvan.com\\\/magaza\\\/\",\"name\":\"Astrolog Elvan\",\"description\":\"\",\"potentialAction\":[{\"@type\":\"SearchAction\",\"target\":{\"@type\":\"EntryPoint\",\"urlTemplate\":\"https:\\\/\\\/astrologelvan.com\\\/magaza\\\/?s={search_term_string}\"},\"query-input\":{\"@type\":\"PropertyValueSpecification\",\"valueRequired\":true,\"valueName\":\"search_term_string\"}}],\"inLanguage\":\"tr\"}]}<\/script>\n<!-- \/ Yoast SEO plugin. -->","yoast_head_json":{"title":"YARATIM AT\u00d6LYES\u0130 - Astrolog Elvan","robots":{"index":"index","follow":"follow","max-snippet":"max-snippet:-1","max-image-preview":"max-image-preview:large","max-video-preview":"max-video-preview:-1"},"canonical":"https:\/\/astrologelvan.com\/magaza\/urun\/yaratim-atolyesi\/","og_locale":"tr_TR","og_type":"article","og_title":"YARATIM AT\u00d6LYES\u0130 - Astrolog Elvan","og_description":"5 May\u0131s\u2019\u0131 6 May\u0131s\u2019a ba\u011flayan gece muhte\u015fem bir Yarat\u0131m At\u00f6lyesi\u2019nde bulu\u015fuyoruz. At\u00f6lyeye zoom \u00fczerinden kat\u0131l\u0131m sa\u011flanacak. Kat\u0131lan herkesin kameras\u0131 a\u00e7\u0131k olmal\u0131.  Uyar\u0131: Her ki\u015fi, tek bir ba\u011flant\u0131 ile kat\u0131labilir. Birden fazla ki\u015fi ayn\u0131 isim \u00fczerinden kat\u0131l\u0131m sa\u011flamayamaz. Tespit edilirse, eri\u015fimi engellenir.  Davet linki sat\u0131n al\u0131rken belirtti\u011finiz mail adresinize g\u00f6nderilir.  Astrolog Elvan ile ThetaHealing frekans\u0131nda hayallerimizi yarataca\u011f\u0131z.  At\u00f6lye s\u00fcresi: 21:00 - 22:30  Sonradan kay\u0131t izlenebilecek ama canl\u0131 kat\u0131l\u0131m sa\u011flaman\u0131z tercih edilir.","og_url":"https:\/\/astrologelvan.com\/magaza\/urun\/yaratim-atolyesi\/","og_site_name":"Astrolog Elvan","article_modified_time":"2025-10-06T05:15:14+00:00","og_image":[{"url":"https:\/\/astrologelvan.com\/magaza\/wp-content\/uploads\/2024\/04\/Elvan-Mobil-Slider-2.png","width":788,"height":1024,"type":"image\/png"}],"twitter_card":"summary_large_image","twitter_misc":{"Tahmini okuma s\u00fcresi":"1 dakika"},"schema":{"@context":"https:\/\/schema.org","@graph":[{"@type":["WebPage","ItemPage"],"@id":"https:\/\/astrologelvan.com\/magaza\/urun\/yaratim-atolyesi\/","url":"https:\/\/astrologelvan.com\/magaza\/urun\/yaratim-atolyesi\/","name":"YARATIM AT\u00d6LYES\u0130 - Astrolog Elvan","isPartOf":{"@id":"https:\/\/astrologelvan.com\/magaza\/#website"},"primaryImageOfPage":{"@id":"https:\/\/astrologelvan.com\/magaza\/urun\/yaratim-atolyesi\/#primaryimage"},"image":{"@id":"https:\/\/astrologelvan.com\/magaza\/urun\/yaratim-atolyesi\/#primaryimage"},"thumbnailUrl":"https:\/\/astrologelvan.com\/magaza\/wp-content\/uploads\/2024\/04\/Elvan-Mobil-Slider-2.png","datePublished":"2024-04-29T14:23:27+00:00","dateModified":"2025-10-06T05:15:14+00:00","breadcrumb":{"@id":"https:\/\/astrologelvan.com\/magaza\/urun\/yaratim-atolyesi\/#breadcrumb"},"inLanguage":"tr","potentialAction":[{"@type":"ReadAction","target":["https:\/\/astrologelvan.com\/magaza\/urun\/yaratim-atolyesi\/"]}]},{"@type":"ImageObject","inLanguage":"tr","@id":"https:\/\/astrologelvan.com\/magaza\/urun\/yaratim-atolyesi\/#primaryimage","url":"https:\/\/astrologelvan.com\/magaza\/wp-content\/uploads\/2024\/04\/Elvan-Mobil-Slider-2.png","contentUrl":"https:\/\/astrologelvan.com\/magaza\/wp-content\/uploads\/2024\/04\/Elvan-Mobil-Slider-2.png","width":1250,"height":1625},{"@type":"BreadcrumbList","@id":"https:\/\/astrologelvan.com\/magaza\/urun\/yaratim-atolyesi\/#breadcrumb","itemListElement":[{"@type":"ListItem","position":1,"name":"Anasayfa","item":"https:\/\/astrologelvan.com\/magaza\/"},{"@type":"ListItem","position":2,"name":"Ma\u011faza","item":"https:\/\/astrologelvan.com\/magaza\/magaza\/"},{"@type":"ListItem","position":3,"name":"YARATIM AT\u00d6LYES\u0130"}]},{"@type":"WebSite","@id":"https:\/\/astrologelvan.com\/magaza\/#website","url":"https:\/\/astrologelvan.com\/magaza\/","name":"Astrolog Elvan","description":"","potentialAction":[{"@type":"SearchAction","target":{"@type":"EntryPoint","urlTemplate":"https:\/\/astrologelvan.com\/magaza\/?s={search_term_string}"},"query-input":{"@type":"PropertyValueSpecification","valueRequired":true,"valueName":"search_term_string"}}],"inLanguage":"tr"}]}},"_links":{"self":[{"href":"https:\/\/astrologelvan.com\/magaza\/wp-json\/wp\/v2\/product\/7896","targetHints":{"allow":["GET"]}}],"collection":[{"href":"https:\/\/astrologelvan.com\/magaza\/wp-json\/wp\/v2\/product"}],"about":[{"href":"https:\/\/astrologelvan.com\/magaza\/wp-json\/wp\/v2\/types\/product"}],"replies":[{"embeddable":true,"href":"https:\/\/astrologelvan.com\/magaza\/wp-json\/wp\/v2\/comments?post=7896"}],"wp:featuredmedia":[{"embeddable":true,"href":"https:\/\/astrologelvan.com\/magaza\/wp-json\/wp\/v2\/media\/7899"}],"wp:attachment":[{"href":"https:\/\/astrologelvan.com\/magaza\/wp-json\/wp\/v2\/media?parent=7896"}],"wp:term":[{"taxonomy":"product_brand","embeddable":true,"href":"https:\/\/astrologelvan.com\/magaza\/wp-json\/wp\/v2\/product_brand?post=7896"},{"taxonomy":"product_cat","embeddable":true,"href":"https:\/\/astrologelvan.com\/magaza\/wp-json\/wp\/v2\/product_cat?post=7896"},{"taxonomy":"product_tag","embeddable":true,"href":"https:\/\/astrologelvan.com\/magaza\/wp-json\/wp\/v2\/product_tag?post=7896"}],"curies":[{"name":"wp","href":"https:\/\/api.w.org\/{rel}","templated":true}]}}