{"id":786,"date":"2024-02-28T02:50:28","date_gmt":"2024-02-27T23:50:28","guid":{"rendered":"https:\/\/astrologelvan.shop\/?post_type=product&#038;p=786"},"modified":"2025-10-23T18:54:40","modified_gmt":"2025-10-23T15:54:40","slug":"925-ayar-gumus-a-kalite-hindistan-turkuazi-firuze-kolye","status":"publish","type":"product","link":"https:\/\/astrologelvan.com\/magaza\/urun\/925-ayar-gumus-a-kalite-hindistan-turkuazi-firuze-kolye\/","title":{"rendered":"H\u0130ND\u0130STAN TURKUAZI (F\u0130RUZE) KOLYE | 925 AYAR G\u00dcM\u00dc\u015e A KAL\u0130TE"},"content":{"rendered":"<p>Do\u011fal ta\u015f kolyelerimizin tasar\u0131mlar\u0131nda do\u011frudan cilde temas etmesini sa\u011fl\u0131yoruz. B\u00f6ylece do\u011fal ta\u015f kolyenizi takt\u0131k\u00e7a v\u00fccudunuzun titre\u015fimlerine ba\u011flan\u0131r ve size denge ve uyum getirir.<\/p>\n<p><strong>Tak\u0131lar\u0131n\u0131z\u0131n uzun s\u00fcre kullanabilmesi i\u00e7in; Parf\u00fcm, su, s\u0131v\u0131, dezenfektan, krem v.b. gibi maddelerle temas etmemesi, du\u015f-banyo s\u0131ras\u0131nda \u00e7\u0131kart\u0131lmas\u0131 gerekmektedir. Ki\u015finin ter-ten yap\u0131s\u0131na g\u00f6re de etkilenmektedir. Tak\u0131lar\u0131n\u0131z\u0131 kullanmad\u0131\u011f\u0131n\u0131z zamanlarda kesesinde saklaman\u0131z\u0131 \u00f6neririz.<\/strong><\/p>\n<p><strong>Do\u011fal ta\u015flar\u0131n belirli titre\u015fimlere ve frekanslara sahip oldu\u011fu bilinmektedir. Bu nedenle v\u00fccudumuzda ve auram\u0131zda birtak\u0131m iyi etkileri oldu\u011fu s\u00f6ylenmektedir. Ta\u015flar\u0131n \u00f6zelliklerinin bilimsel kesinli\u011fi yoktur. Astrologelvan ma\u011fazas\u0131ndaki t\u00fcm ta\u015flar orijinal, ger\u00e7ek do\u011fal ta\u015flard\u0131r. T\u0131bbi konularda doktora dan\u0131\u015fman\u0131z\u0131 tavsiye ederiz. Ta\u015flar\u0131n tedavi edici \u00f6zelli\u011fi yoktur, sadece ki\u015fisel enerjimizi y\u00fckseltmekte ve astrolojik olarak da temsil etti\u011fi gezegenlerin etkilerini artt\u0131rmakta oldu\u011fu kabul edilir. \u00d6rne\u011fin; pembe kuvars ta\u015f\u0131 a\u015fk ve sevgi gezegeni Ven\u00fcs\u2019\u00fcn ta\u015f\u0131d\u0131r ve bu sebeple \u00fczerinde ta\u015f\u0131yan ki\u015finin a\u015fk ve sevgi frekans\u0131n\u0131 y\u00fckseltti\u011fi bilinir.<\/strong><\/p>\n","protected":false},"excerpt":{"rendered":"<p style=\"font-weight: 400;\"><strong>Turkuaz ta\u015f\u0131n\u0131n bir di\u011fer bilinen ad\u0131yla Firuze ta\u015f\u0131d\u0131r. Eski d\u00f6nemlerde T\u00fcrkler taraf\u0131ndan sava\u015f malzemelerinde kullan\u0131ld\u0131\u011f\u0131 i\u00e7in T\u00fcrk ta\u015f\u0131 olarakta bilinir.<\/strong><\/p>\n<p style=\"font-weight: 400;\">Antik M\u0131s\u0131r, Antik Yunan ve Aztek d\u00f6neminde kullan\u0131lm\u0131\u015ft\u0131r.<\/p>\n<ul>\n<li style=\"font-weight: 400;\">Kullan\u0131ld\u0131\u011f\u0131 her k\u00fclt\u00fcrde iyi \u015fans, u\u011fur getirdi\u011fine ve ki\u015fiyi nazardan korudu\u011funa inan\u0131l\u0131r.<\/li>\n<li style=\"font-weight: 400;\">Turkuaz ta\u015f\u0131 \u00e7ok k\u0131ymetli ve de\u011ferli bir ta\u015ft\u0131r, Piyasa \u00fczerinde sahte Turkuazlar \u00e7ok fazla oldu\u011fundan ger\u00e7e\u011fini ay\u0131rt etmek zordur.<\/li>\n<li style=\"font-weight: 400;\">Cenneti ve d\u00fcnyay\u0131 birbirine ba\u011flad\u0131\u011f\u0131 ve manevi hayata ba\u011flanman\u0131za yard\u0131mc\u0131 oldu\u011fu s\u00f6ylenir. Turkuaz ta\u015f\u0131n\u0131 takt\u0131k\u00e7a sezgilerinizin g\u00fc\u00e7lendi\u011fini fark edeceksiniz.<\/li>\n<\/ul>\n<p style=\"font-weight: 400;\">\u00dcr\u00fcn\u00fcn \u00d6zellikleri<\/p>\n<p style=\"font-weight: 400;\">45+15 CM 925 ayar g\u00fcm\u00fc\u015f ayarlanabilir zincir.<\/p>\n<p style=\"font-weight: 400;\">Mont\u00fcr el i\u015f\u00e7ili\u011fidir<\/p>\n<p style=\"font-weight: 400;\">7-8 gr ortalama do\u011fal ta\u015f a\u011f\u0131rl\u0131\u011f\u0131<\/p>\n<p style=\"font-weight: 400;\">1,3 gr zincir a\u011f\u0131rl\u0131\u011f\u0131<\/p>\n","protected":false},"featured_media":844,"comment_status":"open","ping_status":"closed","template":"","meta":[],"product_brand":[],"product_cat":[321,255,48,435],"product_tag":[],"class_list":{"0":"post-786","1":"product","2":"type-product","3":"status-publish","4":"has-post-thumbnail","6":"product_cat-altin-kaplama-kolye","7":"product_cat-gumus-kolye","8":"product_cat-kolyeler","9":"product_cat-firuze-tasi","11":"first","12":"outofstock","13":"purchasable","14":"product-type-simple"},"yoast_head":"<!-- This site is optimized with the Yoast SEO plugin v27.3 - https:\/\/yoast.com\/product\/yoast-seo-wordpress\/ -->\n<title>H\u0130ND\u0130STAN TURKUAZI (F\u0130RUZE) KOLYE | 925 AYAR G\u00dcM\u00dc\u015e A KAL\u0130TE - Astrolog Elvan<\/title>\n<meta name=\"robots\" content=\"index, follow, max-snippet:-1, max-image-preview:large, max-video-preview:-1\" \/>\n<link rel=\"canonical\" href=\"https:\/\/astrologelvan.com\/magaza\/urun\/925-ayar-gumus-a-kalite-hindistan-turkuazi-firuze-kolye\/\" \/>\n<meta property=\"og:locale\" content=\"tr_TR\" \/>\n<meta property=\"og:type\" content=\"article\" \/>\n<meta property=\"og:title\" content=\"H\u0130ND\u0130STAN TURKUAZI (F\u0130RUZE) KOLYE | 925 AYAR G\u00dcM\u00dc\u015e A KAL\u0130TE - Astrolog Elvan\" \/>\n<meta property=\"og:description\" content=\"Turkuaz ta\u015f\u0131n\u0131n bir di\u011fer bilinen ad\u0131yla Firuze ta\u015f\u0131d\u0131r. Eski d\u00f6nemlerde T\u00fcrkler taraf\u0131ndan sava\u015f malzemelerinde kullan\u0131ld\u0131\u011f\u0131 i\u00e7in T\u00fcrk ta\u015f\u0131 olarakta bilinir. Antik M\u0131s\u0131r, Antik Yunan ve Aztek d\u00f6neminde kullan\u0131lm\u0131\u015ft\u0131r.    Kullan\u0131ld\u0131\u011f\u0131 her k\u00fclt\u00fcrde iyi \u015fans, u\u011fur getirdi\u011fine ve ki\u015fiyi nazardan korudu\u011funa inan\u0131l\u0131r.  Turkuaz ta\u015f\u0131 \u00e7ok k\u0131ymetli ve de\u011ferli bir ta\u015ft\u0131r, Piyasa \u00fczerinde sahte Turkuazlar \u00e7ok fazla oldu\u011fundan ger\u00e7e\u011fini ay\u0131rt etmek zordur.  Cenneti ve d\u00fcnyay\u0131 birbirine ba\u011flad\u0131\u011f\u0131 ve manevi hayata ba\u011flanman\u0131za yard\u0131mc\u0131 oldu\u011fu s\u00f6ylenir. Turkuaz ta\u015f\u0131n\u0131 takt\u0131k\u00e7a sezgilerinizin g\u00fc\u00e7lendi\u011fini fark edeceksiniz.  \u00dcr\u00fcn\u00fcn \u00d6zellikleri 45+15 CM 925 ayar g\u00fcm\u00fc\u015f ayarlanabilir zincir. Mont\u00fcr el i\u015f\u00e7ili\u011fidir 7-8 gr ortalama do\u011fal ta\u015f a\u011f\u0131rl\u0131\u011f\u0131 1,3 gr zincir a\u011f\u0131rl\u0131\u011f\u0131\" \/>\n<meta property=\"og:url\" content=\"https:\/\/astrologelvan.com\/magaza\/urun\/925-ayar-gumus-a-kalite-hindistan-turkuazi-firuze-kolye\/\" \/>\n<meta property=\"og:site_name\" content=\"Astrolog Elvan\" \/>\n<meta property=\"article:modified_time\" content=\"2025-10-23T15:54:40+00:00\" \/>\n<meta property=\"og:image\" content=\"https:\/\/astrologelvan.com\/magaza\/wp-content\/uploads\/2024\/02\/925-Ayar-Gumus-A-Kalite-Hindistan-Turkuazi-Firuze-Kolye.jpeg\" \/>\n\t<meta property=\"og:image:width\" content=\"1536\" \/>\n\t<meta property=\"og:image:height\" content=\"1517\" \/>\n\t<meta property=\"og:image:type\" content=\"image\/jpeg\" \/>\n<meta name=\"twitter:card\" content=\"summary_large_image\" \/>\n<meta name=\"twitter:label1\" content=\"Tahmini okuma s\u00fcresi\" \/>\n\t<meta name=\"twitter:data1\" content=\"1 dakika\" \/>\n<script type=\"application\/ld+json\" class=\"yoast-schema-graph\">{\"@context\":\"https:\\\/\\\/schema.org\",\"@graph\":[{\"@type\":[\"WebPage\",\"ItemPage\"],\"@id\":\"https:\\\/\\\/astrologelvan.com\\\/magaza\\\/urun\\\/925-ayar-gumus-a-kalite-hindistan-turkuazi-firuze-kolye\\\/\",\"url\":\"https:\\\/\\\/astrologelvan.com\\\/magaza\\\/urun\\\/925-ayar-gumus-a-kalite-hindistan-turkuazi-firuze-kolye\\\/\",\"name\":\"H\u0130ND\u0130STAN TURKUAZI (F\u0130RUZE) KOLYE | 925 AYAR G\u00dcM\u00dc\u015e A KAL\u0130TE - Astrolog Elvan\",\"isPartOf\":{\"@id\":\"https:\\\/\\\/astrologelvan.com\\\/magaza\\\/#website\"},\"primaryImageOfPage\":{\"@id\":\"https:\\\/\\\/astrologelvan.com\\\/magaza\\\/urun\\\/925-ayar-gumus-a-kalite-hindistan-turkuazi-firuze-kolye\\\/#primaryimage\"},\"image\":{\"@id\":\"https:\\\/\\\/astrologelvan.com\\\/magaza\\\/urun\\\/925-ayar-gumus-a-kalite-hindistan-turkuazi-firuze-kolye\\\/#primaryimage\"},\"thumbnailUrl\":\"https:\\\/\\\/astrologelvan.com\\\/magaza\\\/wp-content\\\/uploads\\\/2024\\\/02\\\/925-Ayar-Gumus-A-Kalite-Hindistan-Turkuazi-Firuze-Kolye.jpeg\",\"datePublished\":\"2024-02-27T23:50:28+00:00\",\"dateModified\":\"2025-10-23T15:54:40+00:00\",\"breadcrumb\":{\"@id\":\"https:\\\/\\\/astrologelvan.com\\\/magaza\\\/urun\\\/925-ayar-gumus-a-kalite-hindistan-turkuazi-firuze-kolye\\\/#breadcrumb\"},\"inLanguage\":\"tr\",\"potentialAction\":[{\"@type\":\"ReadAction\",\"target\":[\"https:\\\/\\\/astrologelvan.com\\\/magaza\\\/urun\\\/925-ayar-gumus-a-kalite-hindistan-turkuazi-firuze-kolye\\\/\"]}]},{\"@type\":\"ImageObject\",\"inLanguage\":\"tr\",\"@id\":\"https:\\\/\\\/astrologelvan.com\\\/magaza\\\/urun\\\/925-ayar-gumus-a-kalite-hindistan-turkuazi-firuze-kolye\\\/#primaryimage\",\"url\":\"https:\\\/\\\/astrologelvan.com\\\/magaza\\\/wp-content\\\/uploads\\\/2024\\\/02\\\/925-Ayar-Gumus-A-Kalite-Hindistan-Turkuazi-Firuze-Kolye.jpeg\",\"contentUrl\":\"https:\\\/\\\/astrologelvan.com\\\/magaza\\\/wp-content\\\/uploads\\\/2024\\\/02\\\/925-Ayar-Gumus-A-Kalite-Hindistan-Turkuazi-Firuze-Kolye.jpeg\",\"width\":1536,\"height\":1517},{\"@type\":\"BreadcrumbList\",\"@id\":\"https:\\\/\\\/astrologelvan.com\\\/magaza\\\/urun\\\/925-ayar-gumus-a-kalite-hindistan-turkuazi-firuze-kolye\\\/#breadcrumb\",\"itemListElement\":[{\"@type\":\"ListItem\",\"position\":1,\"name\":\"Anasayfa\",\"item\":\"https:\\\/\\\/astrologelvan.com\\\/magaza\\\/\"},{\"@type\":\"ListItem\",\"position\":2,\"name\":\"Ma\u011faza\",\"item\":\"https:\\\/\\\/astrologelvan.com\\\/magaza\\\/magaza\\\/\"},{\"@type\":\"ListItem\",\"position\":3,\"name\":\"H\u0130ND\u0130STAN TURKUAZI (F\u0130RUZE) KOLYE | 925 AYAR G\u00dcM\u00dc\u015e A KAL\u0130TE\"}]},{\"@type\":\"WebSite\",\"@id\":\"https:\\\/\\\/astrologelvan.com\\\/magaza\\\/#website\",\"url\":\"https:\\\/\\\/astrologelvan.com\\\/magaza\\\/\",\"name\":\"Astrolog Elvan\",\"description\":\"\",\"potentialAction\":[{\"@type\":\"SearchAction\",\"target\":{\"@type\":\"EntryPoint\",\"urlTemplate\":\"https:\\\/\\\/astrologelvan.com\\\/magaza\\\/?s={search_term_string}\"},\"query-input\":{\"@type\":\"PropertyValueSpecification\",\"valueRequired\":true,\"valueName\":\"search_term_string\"}}],\"inLanguage\":\"tr\"}]}<\/script>\n<!-- \/ Yoast SEO plugin. -->","yoast_head_json":{"title":"H\u0130ND\u0130STAN TURKUAZI (F\u0130RUZE) KOLYE | 925 AYAR G\u00dcM\u00dc\u015e A KAL\u0130TE - Astrolog Elvan","robots":{"index":"index","follow":"follow","max-snippet":"max-snippet:-1","max-image-preview":"max-image-preview:large","max-video-preview":"max-video-preview:-1"},"canonical":"https:\/\/astrologelvan.com\/magaza\/urun\/925-ayar-gumus-a-kalite-hindistan-turkuazi-firuze-kolye\/","og_locale":"tr_TR","og_type":"article","og_title":"H\u0130ND\u0130STAN TURKUAZI (F\u0130RUZE) KOLYE | 925 AYAR G\u00dcM\u00dc\u015e A KAL\u0130TE - Astrolog Elvan","og_description":"Turkuaz ta\u015f\u0131n\u0131n bir di\u011fer bilinen ad\u0131yla Firuze ta\u015f\u0131d\u0131r. Eski d\u00f6nemlerde T\u00fcrkler taraf\u0131ndan sava\u015f malzemelerinde kullan\u0131ld\u0131\u011f\u0131 i\u00e7in T\u00fcrk ta\u015f\u0131 olarakta bilinir. Antik M\u0131s\u0131r, Antik Yunan ve Aztek d\u00f6neminde kullan\u0131lm\u0131\u015ft\u0131r.    Kullan\u0131ld\u0131\u011f\u0131 her k\u00fclt\u00fcrde iyi \u015fans, u\u011fur getirdi\u011fine ve ki\u015fiyi nazardan korudu\u011funa inan\u0131l\u0131r.  Turkuaz ta\u015f\u0131 \u00e7ok k\u0131ymetli ve de\u011ferli bir ta\u015ft\u0131r, Piyasa \u00fczerinde sahte Turkuazlar \u00e7ok fazla oldu\u011fundan ger\u00e7e\u011fini ay\u0131rt etmek zordur.  Cenneti ve d\u00fcnyay\u0131 birbirine ba\u011flad\u0131\u011f\u0131 ve manevi hayata ba\u011flanman\u0131za yard\u0131mc\u0131 oldu\u011fu s\u00f6ylenir. Turkuaz ta\u015f\u0131n\u0131 takt\u0131k\u00e7a sezgilerinizin g\u00fc\u00e7lendi\u011fini fark edeceksiniz.  \u00dcr\u00fcn\u00fcn \u00d6zellikleri 45+15 CM 925 ayar g\u00fcm\u00fc\u015f ayarlanabilir zincir. Mont\u00fcr el i\u015f\u00e7ili\u011fidir 7-8 gr ortalama do\u011fal ta\u015f a\u011f\u0131rl\u0131\u011f\u0131 1,3 gr zincir a\u011f\u0131rl\u0131\u011f\u0131","og_url":"https:\/\/astrologelvan.com\/magaza\/urun\/925-ayar-gumus-a-kalite-hindistan-turkuazi-firuze-kolye\/","og_site_name":"Astrolog Elvan","article_modified_time":"2025-10-23T15:54:40+00:00","og_image":[{"width":1536,"height":1517,"url":"https:\/\/astrologelvan.com\/magaza\/wp-content\/uploads\/2024\/02\/925-Ayar-Gumus-A-Kalite-Hindistan-Turkuazi-Firuze-Kolye.jpeg","type":"image\/jpeg"}],"twitter_card":"summary_large_image","twitter_misc":{"Tahmini okuma s\u00fcresi":"1 dakika"},"schema":{"@context":"https:\/\/schema.org","@graph":[{"@type":["WebPage","ItemPage"],"@id":"https:\/\/astrologelvan.com\/magaza\/urun\/925-ayar-gumus-a-kalite-hindistan-turkuazi-firuze-kolye\/","url":"https:\/\/astrologelvan.com\/magaza\/urun\/925-ayar-gumus-a-kalite-hindistan-turkuazi-firuze-kolye\/","name":"H\u0130ND\u0130STAN TURKUAZI (F\u0130RUZE) KOLYE | 925 AYAR G\u00dcM\u00dc\u015e A KAL\u0130TE - Astrolog Elvan","isPartOf":{"@id":"https:\/\/astrologelvan.com\/magaza\/#website"},"primaryImageOfPage":{"@id":"https:\/\/astrologelvan.com\/magaza\/urun\/925-ayar-gumus-a-kalite-hindistan-turkuazi-firuze-kolye\/#primaryimage"},"image":{"@id":"https:\/\/astrologelvan.com\/magaza\/urun\/925-ayar-gumus-a-kalite-hindistan-turkuazi-firuze-kolye\/#primaryimage"},"thumbnailUrl":"https:\/\/astrologelvan.com\/magaza\/wp-content\/uploads\/2024\/02\/925-Ayar-Gumus-A-Kalite-Hindistan-Turkuazi-Firuze-Kolye.jpeg","datePublished":"2024-02-27T23:50:28+00:00","dateModified":"2025-10-23T15:54:40+00:00","breadcrumb":{"@id":"https:\/\/astrologelvan.com\/magaza\/urun\/925-ayar-gumus-a-kalite-hindistan-turkuazi-firuze-kolye\/#breadcrumb"},"inLanguage":"tr","potentialAction":[{"@type":"ReadAction","target":["https:\/\/astrologelvan.com\/magaza\/urun\/925-ayar-gumus-a-kalite-hindistan-turkuazi-firuze-kolye\/"]}]},{"@type":"ImageObject","inLanguage":"tr","@id":"https:\/\/astrologelvan.com\/magaza\/urun\/925-ayar-gumus-a-kalite-hindistan-turkuazi-firuze-kolye\/#primaryimage","url":"https:\/\/astrologelvan.com\/magaza\/wp-content\/uploads\/2024\/02\/925-Ayar-Gumus-A-Kalite-Hindistan-Turkuazi-Firuze-Kolye.jpeg","contentUrl":"https:\/\/astrologelvan.com\/magaza\/wp-content\/uploads\/2024\/02\/925-Ayar-Gumus-A-Kalite-Hindistan-Turkuazi-Firuze-Kolye.jpeg","width":1536,"height":1517},{"@type":"BreadcrumbList","@id":"https:\/\/astrologelvan.com\/magaza\/urun\/925-ayar-gumus-a-kalite-hindistan-turkuazi-firuze-kolye\/#breadcrumb","itemListElement":[{"@type":"ListItem","position":1,"name":"Anasayfa","item":"https:\/\/astrologelvan.com\/magaza\/"},{"@type":"ListItem","position":2,"name":"Ma\u011faza","item":"https:\/\/astrologelvan.com\/magaza\/magaza\/"},{"@type":"ListItem","position":3,"name":"H\u0130ND\u0130STAN TURKUAZI (F\u0130RUZE) KOLYE | 925 AYAR G\u00dcM\u00dc\u015e A KAL\u0130TE"}]},{"@type":"WebSite","@id":"https:\/\/astrologelvan.com\/magaza\/#website","url":"https:\/\/astrologelvan.com\/magaza\/","name":"Astrolog Elvan","description":"","potentialAction":[{"@type":"SearchAction","target":{"@type":"EntryPoint","urlTemplate":"https:\/\/astrologelvan.com\/magaza\/?s={search_term_string}"},"query-input":{"@type":"PropertyValueSpecification","valueRequired":true,"valueName":"search_term_string"}}],"inLanguage":"tr"}]}},"_links":{"self":[{"href":"https:\/\/astrologelvan.com\/magaza\/wp-json\/wp\/v2\/product\/786","targetHints":{"allow":["GET"]}}],"collection":[{"href":"https:\/\/astrologelvan.com\/magaza\/wp-json\/wp\/v2\/product"}],"about":[{"href":"https:\/\/astrologelvan.com\/magaza\/wp-json\/wp\/v2\/types\/product"}],"replies":[{"embeddable":true,"href":"https:\/\/astrologelvan.com\/magaza\/wp-json\/wp\/v2\/comments?post=786"}],"wp:featuredmedia":[{"embeddable":true,"href":"https:\/\/astrologelvan.com\/magaza\/wp-json\/wp\/v2\/media\/844"}],"wp:attachment":[{"href":"https:\/\/astrologelvan.com\/magaza\/wp-json\/wp\/v2\/media?parent=786"}],"wp:term":[{"taxonomy":"product_brand","embeddable":true,"href":"https:\/\/astrologelvan.com\/magaza\/wp-json\/wp\/v2\/product_brand?post=786"},{"taxonomy":"product_cat","embeddable":true,"href":"https:\/\/astrologelvan.com\/magaza\/wp-json\/wp\/v2\/product_cat?post=786"},{"taxonomy":"product_tag","embeddable":true,"href":"https:\/\/astrologelvan.com\/magaza\/wp-json\/wp\/v2\/product_tag?post=786"}],"curies":[{"name":"wp","href":"https:\/\/api.w.org\/{rel}","templated":true}]}}