{"id":772,"date":"2024-02-28T02:49:32","date_gmt":"2024-02-27T23:49:32","guid":{"rendered":"https:\/\/astrologelvan.shop\/?post_type=product&#038;p=772"},"modified":"2026-04-01T11:55:49","modified_gmt":"2026-04-01T08:55:49","slug":"silindir-form-zumrut-emerald-dogal-tas-kolye","status":"publish","type":"product","link":"https:\/\/astrologelvan.com\/magaza\/urun\/silindir-form-zumrut-emerald-dogal-tas-kolye\/","title":{"rendered":"Z\u00dcMR\u00dcT (EMERALD) DO\u011eAL TA\u015e KOLYE S\u0130L\u0130ND\u0130R FORM"},"content":{"rendered":"<p style=\"font-weight: 400;\">Cinsiyet : Kad\u0131n<\/p>\n<p style=\"font-weight: 400;\">\u00d6l\u00fc\u00e7\u00fc : 45 Cm<\/p>\n<p style=\"font-weight: 400;\">T\u00fcr\u00fc : Zincir Kolye<\/p>\n<p style=\"font-weight: 400;\">Renk : Ye\u015fil<\/p>\n<p style=\"font-weight: 400;\">Ta\u015f Cinsi : Z\u00fcmr\u00fct<\/p>\n<p>Do\u011fal ta\u015f kolyelerimizin tasar\u0131mlar\u0131nda do\u011frudan cilde temas etmesini sa\u011fl\u0131yoruz. B\u00f6ylece do\u011fal ta\u015f kolyenizi takt\u0131k\u00e7a v\u00fccudunuzun titre\u015fimlerine ba\u011flan\u0131r ve size denge ve uyum getirir.<\/p>\n<p><strong>Tak\u0131lar\u0131n\u0131z\u0131n uzun s\u00fcre kullanabilmesi i\u00e7in; Parf\u00fcm, su, s\u0131v\u0131, dezenfektan, krem v.b. gibi maddelerle temas etmemesi, du\u015f-banyo s\u0131ras\u0131nda \u00e7\u0131kart\u0131lmas\u0131 gerekmektedir. Ki\u015finin ter-ten yap\u0131s\u0131na g\u00f6re de etkilenmektedir. Tak\u0131lar\u0131n\u0131z\u0131 kullanmad\u0131\u011f\u0131n\u0131z zamanlarda kesesinde saklaman\u0131z\u0131 \u00f6neririz.<\/strong><\/p>\n<p><strong>Do\u011fal ta\u015flar\u0131n belirli titre\u015fimlere ve frekanslara sahip oldu\u011fu bilinmektedir. Bu nedenle v\u00fccudumuzda ve auram\u0131zda birtak\u0131m iyi etkileri oldu\u011fu s\u00f6ylenmektedir. Ta\u015flar\u0131n \u00f6zelliklerinin bilimsel kesinli\u011fi yoktur. Astrologelvan ma\u011fazas\u0131ndaki t\u00fcm ta\u015flar orijinal, ger\u00e7ek do\u011fal ta\u015flard\u0131r. T\u0131bbi konularda doktora dan\u0131\u015fman\u0131z\u0131 tavsiye ederiz. Ta\u015flar\u0131n tedavi edici \u00f6zelli\u011fi yoktur, sadece ki\u015fisel enerjimizi y\u00fckseltmekte ve astrolojik olarak da temsil etti\u011fi gezegenlerin etkilerini artt\u0131rmakta oldu\u011fu kabul edilir. \u00d6rne\u011fin; pembe kuvars ta\u015f\u0131 a\u015fk ve sevgi gezegeni Ven\u00fcs&#8217;\u00fcn ta\u015f\u0131d\u0131r ve bu sebeple \u00fczerinde ta\u015f\u0131yan ki\u015finin a\u015fk ve sevgi frekans\u0131n\u0131 y\u00fckseltti\u011fi bilinir.<\/strong><\/p>\n<p>&nbsp;<\/p>\n","protected":false},"excerpt":{"rendered":"<p style=\"font-weight: 400;\">Tarihi M\u0131s\u0131r\u2019daki z\u00fcmr\u00fct madenlerine M.\u00d6. 1650 y\u0131l\u0131na kadar uzan\u0131r. Mitolojinin ve efsanelerin ta\u015f\u0131\u00a0<strong>Z\u00fcmr\u00fct<\/strong>, d\u00fcnyan\u0131n en de\u011ferli 4 ta\u015f\u0131ndan biridir.\u00a0Z\u00fcmr\u00fct ta\u015f\u0131, Osmanl\u0131 d\u00f6neminde padi\u015fahlar\u0131n k\u0131l\u0131c\u0131n\u0131 s\u00fcsleyen de\u011ferli bir ta\u015ft\u0131r.\u00a0Asaleti, g\u00fcc\u00fc ve zenginli\u011fi ifade eder.<\/p>\n<ul>\n<li style=\"font-weight: 400;\">Do\u011fal ye\u015fil Z\u00fcmr\u00fct ta\u015f\u0131n\u0131n genellikle \u00fczerinde \u00e7atlaklar\u0131 olur.<\/li>\n<li style=\"font-weight: 400;\">Sakinle\u015ftirici \u00f6zelli\u011fi vard\u0131r.<\/li>\n<li style=\"font-weight: 400;\">Akl\u0131 g\u00fc\u00e7lendirir ve zihin a\u00e7\u0131kl\u0131\u011f\u0131 verir.<\/li>\n<li style=\"font-weight: 400;\">Sadakat Ta\u015f\u0131d\u0131r.<\/li>\n<li style=\"font-weight: 400;\">Ki\u015fiye sevgi duygusu verir.<\/li>\n<li style=\"font-weight: 400;\">Ya\u015fama sevincini art\u0131r\u0131r.<\/li>\n<\/ul>\n","protected":false},"featured_media":3207,"comment_status":"open","ping_status":"closed","template":"","meta":[],"product_brand":[596],"product_cat":[48,9540,7455],"product_tag":[39,440,441,442],"class_list":{"0":"post-772","1":"product","2":"type-product","3":"status-publish","4":"has-post-thumbnail","6":"product_brand-astrolog-elvan","7":"product_cat-kolyeler","8":"product_cat-zumrutler","9":"product_cat--kolyeler","10":"product_tag-astrolog-elvan","11":"product_tag-emerald-tasi","12":"product_tag-zumrut","13":"product_tag-zumrut-tasi","15":"first","16":"instock","17":"featured","18":"taxable","19":"shipping-taxable","20":"purchasable","21":"product-type-simple"},"yoast_head":"<!-- This site is optimized with the Yoast SEO plugin v27.3 - https:\/\/yoast.com\/product\/yoast-seo-wordpress\/ -->\n<title>Z\u00dcMR\u00dcT (EMERALD) DO\u011eAL TA\u015e KOLYE S\u0130L\u0130ND\u0130R FORM - Astrolog Elvan<\/title>\n<meta name=\"robots\" content=\"index, follow, max-snippet:-1, max-image-preview:large, max-video-preview:-1\" \/>\n<link rel=\"canonical\" href=\"https:\/\/astrologelvan.com\/magaza\/urun\/silindir-form-zumrut-emerald-dogal-tas-kolye\/\" \/>\n<meta property=\"og:locale\" content=\"tr_TR\" \/>\n<meta property=\"og:type\" content=\"article\" \/>\n<meta property=\"og:title\" content=\"Z\u00dcMR\u00dcT (EMERALD) DO\u011eAL TA\u015e KOLYE S\u0130L\u0130ND\u0130R FORM - Astrolog Elvan\" \/>\n<meta property=\"og:description\" content=\"Tarihi M\u0131s\u0131r\u2019daki z\u00fcmr\u00fct madenlerine M.\u00d6. 1650 y\u0131l\u0131na kadar uzan\u0131r. Mitolojinin ve efsanelerin ta\u015f\u0131\u00a0Z\u00fcmr\u00fct, d\u00fcnyan\u0131n en de\u011ferli 4 ta\u015f\u0131ndan biridir.\u00a0Z\u00fcmr\u00fct ta\u015f\u0131, Osmanl\u0131 d\u00f6neminde padi\u015fahlar\u0131n k\u0131l\u0131c\u0131n\u0131 s\u00fcsleyen de\u011ferli bir ta\u015ft\u0131r.\u00a0Asaleti, g\u00fcc\u00fc ve zenginli\u011fi ifade eder.    Do\u011fal ye\u015fil Z\u00fcmr\u00fct ta\u015f\u0131n\u0131n genellikle \u00fczerinde \u00e7atlaklar\u0131 olur.  Sakinle\u015ftirici \u00f6zelli\u011fi vard\u0131r.  Akl\u0131 g\u00fc\u00e7lendirir ve zihin a\u00e7\u0131kl\u0131\u011f\u0131 verir.  Sadakat Ta\u015f\u0131d\u0131r.  Ki\u015fiye sevgi duygusu verir.  Ya\u015fama sevincini art\u0131r\u0131r.\" \/>\n<meta property=\"og:url\" content=\"https:\/\/astrologelvan.com\/magaza\/urun\/silindir-form-zumrut-emerald-dogal-tas-kolye\/\" \/>\n<meta property=\"og:site_name\" content=\"Astrolog Elvan\" \/>\n<meta property=\"article:modified_time\" content=\"2026-04-01T08:55:49+00:00\" \/>\n<meta property=\"og:image\" content=\"https:\/\/astrologelvan.com\/magaza\/wp-content\/uploads\/2024\/02\/Zu\u00a6emru\u00a6et-Kolye_2-scaled.jpg\" \/>\n\t<meta property=\"og:image:width\" content=\"2560\" \/>\n\t<meta property=\"og:image:height\" content=\"2560\" \/>\n\t<meta property=\"og:image:type\" content=\"image\/jpeg\" \/>\n<meta name=\"twitter:card\" content=\"summary_large_image\" \/>\n<meta name=\"twitter:label1\" content=\"Tahmini okuma s\u00fcresi\" \/>\n\t<meta name=\"twitter:data1\" content=\"2 dakika\" \/>\n<script type=\"application\/ld+json\" class=\"yoast-schema-graph\">{\"@context\":\"https:\\\/\\\/schema.org\",\"@graph\":[{\"@type\":[\"WebPage\",\"ItemPage\"],\"@id\":\"https:\\\/\\\/astrologelvan.com\\\/magaza\\\/urun\\\/silindir-form-zumrut-emerald-dogal-tas-kolye\\\/\",\"url\":\"https:\\\/\\\/astrologelvan.com\\\/magaza\\\/urun\\\/silindir-form-zumrut-emerald-dogal-tas-kolye\\\/\",\"name\":\"Z\u00dcMR\u00dcT (EMERALD) DO\u011eAL TA\u015e KOLYE S\u0130L\u0130ND\u0130R FORM - Astrolog Elvan\",\"isPartOf\":{\"@id\":\"https:\\\/\\\/astrologelvan.com\\\/magaza\\\/#website\"},\"primaryImageOfPage\":{\"@id\":\"https:\\\/\\\/astrologelvan.com\\\/magaza\\\/urun\\\/silindir-form-zumrut-emerald-dogal-tas-kolye\\\/#primaryimage\"},\"image\":{\"@id\":\"https:\\\/\\\/astrologelvan.com\\\/magaza\\\/urun\\\/silindir-form-zumrut-emerald-dogal-tas-kolye\\\/#primaryimage\"},\"thumbnailUrl\":\"https:\\\/\\\/astrologelvan.com\\\/magaza\\\/wp-content\\\/uploads\\\/2024\\\/02\\\/Zu\u00a6emru\u00a6et-Kolye_2-scaled.jpg\",\"datePublished\":\"2024-02-27T23:49:32+00:00\",\"dateModified\":\"2026-04-01T08:55:49+00:00\",\"breadcrumb\":{\"@id\":\"https:\\\/\\\/astrologelvan.com\\\/magaza\\\/urun\\\/silindir-form-zumrut-emerald-dogal-tas-kolye\\\/#breadcrumb\"},\"inLanguage\":\"tr\",\"potentialAction\":[{\"@type\":\"ReadAction\",\"target\":[\"https:\\\/\\\/astrologelvan.com\\\/magaza\\\/urun\\\/silindir-form-zumrut-emerald-dogal-tas-kolye\\\/\"]}]},{\"@type\":\"ImageObject\",\"inLanguage\":\"tr\",\"@id\":\"https:\\\/\\\/astrologelvan.com\\\/magaza\\\/urun\\\/silindir-form-zumrut-emerald-dogal-tas-kolye\\\/#primaryimage\",\"url\":\"https:\\\/\\\/astrologelvan.com\\\/magaza\\\/wp-content\\\/uploads\\\/2024\\\/02\\\/Zu\u00a6emru\u00a6et-Kolye_2-scaled.jpg\",\"contentUrl\":\"https:\\\/\\\/astrologelvan.com\\\/magaza\\\/wp-content\\\/uploads\\\/2024\\\/02\\\/Zu\u00a6emru\u00a6et-Kolye_2-scaled.jpg\",\"width\":2560,\"height\":2560},{\"@type\":\"BreadcrumbList\",\"@id\":\"https:\\\/\\\/astrologelvan.com\\\/magaza\\\/urun\\\/silindir-form-zumrut-emerald-dogal-tas-kolye\\\/#breadcrumb\",\"itemListElement\":[{\"@type\":\"ListItem\",\"position\":1,\"name\":\"Anasayfa\",\"item\":\"https:\\\/\\\/astrologelvan.com\\\/magaza\\\/\"},{\"@type\":\"ListItem\",\"position\":2,\"name\":\"Ma\u011faza\",\"item\":\"https:\\\/\\\/astrologelvan.com\\\/magaza\\\/magaza\\\/\"},{\"@type\":\"ListItem\",\"position\":3,\"name\":\"Z\u00dcMR\u00dcT (EMERALD) DO\u011eAL TA\u015e KOLYE S\u0130L\u0130ND\u0130R FORM\"}]},{\"@type\":\"WebSite\",\"@id\":\"https:\\\/\\\/astrologelvan.com\\\/magaza\\\/#website\",\"url\":\"https:\\\/\\\/astrologelvan.com\\\/magaza\\\/\",\"name\":\"Astrolog Elvan\",\"description\":\"\",\"potentialAction\":[{\"@type\":\"SearchAction\",\"target\":{\"@type\":\"EntryPoint\",\"urlTemplate\":\"https:\\\/\\\/astrologelvan.com\\\/magaza\\\/?s={search_term_string}\"},\"query-input\":{\"@type\":\"PropertyValueSpecification\",\"valueRequired\":true,\"valueName\":\"search_term_string\"}}],\"inLanguage\":\"tr\"}]}<\/script>\n<!-- \/ Yoast SEO plugin. -->","yoast_head_json":{"title":"Z\u00dcMR\u00dcT (EMERALD) DO\u011eAL TA\u015e KOLYE S\u0130L\u0130ND\u0130R FORM - Astrolog Elvan","robots":{"index":"index","follow":"follow","max-snippet":"max-snippet:-1","max-image-preview":"max-image-preview:large","max-video-preview":"max-video-preview:-1"},"canonical":"https:\/\/astrologelvan.com\/magaza\/urun\/silindir-form-zumrut-emerald-dogal-tas-kolye\/","og_locale":"tr_TR","og_type":"article","og_title":"Z\u00dcMR\u00dcT (EMERALD) DO\u011eAL TA\u015e KOLYE S\u0130L\u0130ND\u0130R FORM - Astrolog Elvan","og_description":"Tarihi M\u0131s\u0131r\u2019daki z\u00fcmr\u00fct madenlerine M.\u00d6. 1650 y\u0131l\u0131na kadar uzan\u0131r. Mitolojinin ve efsanelerin ta\u015f\u0131\u00a0Z\u00fcmr\u00fct, d\u00fcnyan\u0131n en de\u011ferli 4 ta\u015f\u0131ndan biridir.\u00a0Z\u00fcmr\u00fct ta\u015f\u0131, Osmanl\u0131 d\u00f6neminde padi\u015fahlar\u0131n k\u0131l\u0131c\u0131n\u0131 s\u00fcsleyen de\u011ferli bir ta\u015ft\u0131r.\u00a0Asaleti, g\u00fcc\u00fc ve zenginli\u011fi ifade eder.    Do\u011fal ye\u015fil Z\u00fcmr\u00fct ta\u015f\u0131n\u0131n genellikle \u00fczerinde \u00e7atlaklar\u0131 olur.  Sakinle\u015ftirici \u00f6zelli\u011fi vard\u0131r.  Akl\u0131 g\u00fc\u00e7lendirir ve zihin a\u00e7\u0131kl\u0131\u011f\u0131 verir.  Sadakat Ta\u015f\u0131d\u0131r.  Ki\u015fiye sevgi duygusu verir.  Ya\u015fama sevincini art\u0131r\u0131r.","og_url":"https:\/\/astrologelvan.com\/magaza\/urun\/silindir-form-zumrut-emerald-dogal-tas-kolye\/","og_site_name":"Astrolog Elvan","article_modified_time":"2026-04-01T08:55:49+00:00","og_image":[{"width":2560,"height":2560,"url":"https:\/\/astrologelvan.com\/magaza\/wp-content\/uploads\/2024\/02\/Zu\u00a6emru\u00a6et-Kolye_2-scaled.jpg","type":"image\/jpeg"}],"twitter_card":"summary_large_image","twitter_misc":{"Tahmini okuma s\u00fcresi":"2 dakika"},"schema":{"@context":"https:\/\/schema.org","@graph":[{"@type":["WebPage","ItemPage"],"@id":"https:\/\/astrologelvan.com\/magaza\/urun\/silindir-form-zumrut-emerald-dogal-tas-kolye\/","url":"https:\/\/astrologelvan.com\/magaza\/urun\/silindir-form-zumrut-emerald-dogal-tas-kolye\/","name":"Z\u00dcMR\u00dcT (EMERALD) DO\u011eAL TA\u015e KOLYE S\u0130L\u0130ND\u0130R FORM - Astrolog Elvan","isPartOf":{"@id":"https:\/\/astrologelvan.com\/magaza\/#website"},"primaryImageOfPage":{"@id":"https:\/\/astrologelvan.com\/magaza\/urun\/silindir-form-zumrut-emerald-dogal-tas-kolye\/#primaryimage"},"image":{"@id":"https:\/\/astrologelvan.com\/magaza\/urun\/silindir-form-zumrut-emerald-dogal-tas-kolye\/#primaryimage"},"thumbnailUrl":"https:\/\/astrologelvan.com\/magaza\/wp-content\/uploads\/2024\/02\/Zu\u00a6emru\u00a6et-Kolye_2-scaled.jpg","datePublished":"2024-02-27T23:49:32+00:00","dateModified":"2026-04-01T08:55:49+00:00","breadcrumb":{"@id":"https:\/\/astrologelvan.com\/magaza\/urun\/silindir-form-zumrut-emerald-dogal-tas-kolye\/#breadcrumb"},"inLanguage":"tr","potentialAction":[{"@type":"ReadAction","target":["https:\/\/astrologelvan.com\/magaza\/urun\/silindir-form-zumrut-emerald-dogal-tas-kolye\/"]}]},{"@type":"ImageObject","inLanguage":"tr","@id":"https:\/\/astrologelvan.com\/magaza\/urun\/silindir-form-zumrut-emerald-dogal-tas-kolye\/#primaryimage","url":"https:\/\/astrologelvan.com\/magaza\/wp-content\/uploads\/2024\/02\/Zu\u00a6emru\u00a6et-Kolye_2-scaled.jpg","contentUrl":"https:\/\/astrologelvan.com\/magaza\/wp-content\/uploads\/2024\/02\/Zu\u00a6emru\u00a6et-Kolye_2-scaled.jpg","width":2560,"height":2560},{"@type":"BreadcrumbList","@id":"https:\/\/astrologelvan.com\/magaza\/urun\/silindir-form-zumrut-emerald-dogal-tas-kolye\/#breadcrumb","itemListElement":[{"@type":"ListItem","position":1,"name":"Anasayfa","item":"https:\/\/astrologelvan.com\/magaza\/"},{"@type":"ListItem","position":2,"name":"Ma\u011faza","item":"https:\/\/astrologelvan.com\/magaza\/magaza\/"},{"@type":"ListItem","position":3,"name":"Z\u00dcMR\u00dcT (EMERALD) DO\u011eAL TA\u015e KOLYE S\u0130L\u0130ND\u0130R FORM"}]},{"@type":"WebSite","@id":"https:\/\/astrologelvan.com\/magaza\/#website","url":"https:\/\/astrologelvan.com\/magaza\/","name":"Astrolog Elvan","description":"","potentialAction":[{"@type":"SearchAction","target":{"@type":"EntryPoint","urlTemplate":"https:\/\/astrologelvan.com\/magaza\/?s={search_term_string}"},"query-input":{"@type":"PropertyValueSpecification","valueRequired":true,"valueName":"search_term_string"}}],"inLanguage":"tr"}]}},"_links":{"self":[{"href":"https:\/\/astrologelvan.com\/magaza\/wp-json\/wp\/v2\/product\/772","targetHints":{"allow":["GET"]}}],"collection":[{"href":"https:\/\/astrologelvan.com\/magaza\/wp-json\/wp\/v2\/product"}],"about":[{"href":"https:\/\/astrologelvan.com\/magaza\/wp-json\/wp\/v2\/types\/product"}],"replies":[{"embeddable":true,"href":"https:\/\/astrologelvan.com\/magaza\/wp-json\/wp\/v2\/comments?post=772"}],"wp:featuredmedia":[{"embeddable":true,"href":"https:\/\/astrologelvan.com\/magaza\/wp-json\/wp\/v2\/media\/3207"}],"wp:attachment":[{"href":"https:\/\/astrologelvan.com\/magaza\/wp-json\/wp\/v2\/media?parent=772"}],"wp:term":[{"taxonomy":"product_brand","embeddable":true,"href":"https:\/\/astrologelvan.com\/magaza\/wp-json\/wp\/v2\/product_brand?post=772"},{"taxonomy":"product_cat","embeddable":true,"href":"https:\/\/astrologelvan.com\/magaza\/wp-json\/wp\/v2\/product_cat?post=772"},{"taxonomy":"product_tag","embeddable":true,"href":"https:\/\/astrologelvan.com\/magaza\/wp-json\/wp\/v2\/product_tag?post=772"}],"curies":[{"name":"wp","href":"https:\/\/api.w.org\/{rel}","templated":true}]}}