{"id":7640,"date":"2024-04-22T16:57:46","date_gmt":"2024-04-22T13:57:46","guid":{"rendered":"https:\/\/astrologelvan.com\/magaza\/?post_type=product&#038;p=7640"},"modified":"2025-10-06T08:15:14","modified_gmt":"2025-10-06T05:15:14","slug":"damla-form-pembe-kuvars-kolye-orta-boy","status":"publish","type":"product","link":"https:\/\/astrologelvan.com\/magaza\/urun\/damla-form-pembe-kuvars-kolye-orta-boy\/","title":{"rendered":"DAMLA FORM PEMBE KUVARS KOLYE ORTA BOY"},"content":{"rendered":"<p><strong>\u00dcr\u00fcn \u00d6zellikleri:<\/strong><\/p>\n<p class=\"p1\">Kolye Uzunlu\u011fu: 60 CM<\/p>\n<p class=\"p1\">Kolye A\u011f\u0131rl\u0131\u011f\u0131: 10-30 Gram aras\u0131 de\u011fi\u015fir<\/p>\n<p>925 Ayar G\u00fcm\u00fc\u015f \u00dczeri Alt\u0131n Kaplama<\/p>\n<p>Do\u011fal Ta\u015f Pembe Kuvars<\/p>\n","protected":false},"excerpt":{"rendered":"<p>A\u015fk ve sevgi ta\u015f\u0131d\u0131r. \u00d6zellikle ili\u015fkilerinizi yoluna koymak i\u00e7in ve i\u00e7inizdeki di\u015fi enerjiyi a\u00e7\u0131\u011fa \u00e7\u0131karmak i\u00e7in kullanabilirsiniz. Kolyenizi ada\u00e7ay\u0131 ile t\u00fcts\u00fcleyip takmaya ba\u015flayabilirsiniz. \u0130lk seferde 21 g\u00fcn boyunca kolyenizi \u00fczerinizde ta\u015f\u0131mal\u0131s\u0131n\u0131z. Do\u011fru a\u015fk ve sevgiyi hayat\u0131n\u0131za \u00e7ekmenize yard\u0131mc\u0131 olur. Terazi ve Bo\u011fa bur\u00e7lar\u0131n\u0131n ana ta\u015f\u0131d\u0131r. \u0130li\u015fkileri dengeler. Her bur\u00e7 kullanabilir. A\u015fk rit\u00fcellerinizde \u00f6zellikle kullan\u0131n\u0131z.<\/p>\n<p><strong>Do\u011fal ta\u015f oldu\u011fu i\u00e7in farkl\u0131 boy ve \u00f6l\u00e7\u00fclerde gelebilir.<\/strong><\/p>\n","protected":false},"featured_media":32946,"comment_status":"open","ping_status":"closed","template":"","meta":[],"product_brand":[],"product_cat":[255,48,34],"product_tag":[],"class_list":{"0":"post-7640","1":"product","2":"type-product","3":"status-publish","4":"has-post-thumbnail","6":"product_cat-gumus-kolye","7":"product_cat-kolyeler","8":"product_cat-pembe-kuvars","10":"first","11":"instock","12":"taxable","13":"shipping-taxable","14":"purchasable","15":"product-type-simple"},"yoast_head":"<!-- This site is optimized with the Yoast SEO plugin v27.2 - https:\/\/yoast.com\/product\/yoast-seo-wordpress\/ -->\n<title>DAMLA FORM PEMBE KUVARS KOLYE ORTA BOY - Astrolog Elvan<\/title>\n<meta name=\"robots\" content=\"index, follow, max-snippet:-1, max-image-preview:large, max-video-preview:-1\" \/>\n<link rel=\"canonical\" href=\"https:\/\/astrologelvan.com\/magaza\/urun\/damla-form-pembe-kuvars-kolye-orta-boy\/\" \/>\n<meta property=\"og:locale\" content=\"tr_TR\" \/>\n<meta property=\"og:type\" content=\"article\" \/>\n<meta property=\"og:title\" content=\"DAMLA FORM PEMBE KUVARS KOLYE ORTA BOY - Astrolog Elvan\" \/>\n<meta property=\"og:description\" content=\"A\u015fk ve sevgi ta\u015f\u0131d\u0131r. \u00d6zellikle ili\u015fkilerinizi yoluna koymak i\u00e7in ve i\u00e7inizdeki di\u015fi enerjiyi a\u00e7\u0131\u011fa \u00e7\u0131karmak i\u00e7in kullanabilirsiniz. Kolyenizi ada\u00e7ay\u0131 ile t\u00fcts\u00fcleyip takmaya ba\u015flayabilirsiniz. \u0130lk seferde 21 g\u00fcn boyunca kolyenizi \u00fczerinizde ta\u015f\u0131mal\u0131s\u0131n\u0131z. Do\u011fru a\u015fk ve sevgiyi hayat\u0131n\u0131za \u00e7ekmenize yard\u0131mc\u0131 olur. Terazi ve Bo\u011fa bur\u00e7lar\u0131n\u0131n ana ta\u015f\u0131d\u0131r. \u0130li\u015fkileri dengeler. Her bur\u00e7 kullanabilir. A\u015fk rit\u00fcellerinizde \u00f6zellikle kullan\u0131n\u0131z.  Do\u011fal ta\u015f oldu\u011fu i\u00e7in farkl\u0131 boy ve \u00f6l\u00e7\u00fclerde gelebilir.\" \/>\n<meta property=\"og:url\" content=\"https:\/\/astrologelvan.com\/magaza\/urun\/damla-form-pembe-kuvars-kolye-orta-boy\/\" \/>\n<meta property=\"og:site_name\" content=\"Astrolog Elvan\" \/>\n<meta property=\"article:modified_time\" content=\"2025-10-06T05:15:14+00:00\" \/>\n<meta property=\"og:image\" content=\"https:\/\/astrologelvan.com\/magaza\/wp-content\/uploads\/2024\/04\/damlaform-1.webp\" \/>\n\t<meta property=\"og:image:width\" content=\"1600\" \/>\n\t<meta property=\"og:image:height\" content=\"1600\" \/>\n\t<meta property=\"og:image:type\" content=\"image\/webp\" \/>\n<meta name=\"twitter:card\" content=\"summary_large_image\" \/>\n<meta name=\"twitter:label1\" content=\"Tahmini okuma s\u00fcresi\" \/>\n\t<meta name=\"twitter:data1\" content=\"1 dakika\" \/>\n<script type=\"application\/ld+json\" class=\"yoast-schema-graph\">{\"@context\":\"https:\/\/schema.org\",\"@graph\":[{\"@type\":[\"WebPage\",\"ItemPage\"],\"@id\":\"https:\/\/astrologelvan.com\/magaza\/urun\/damla-form-pembe-kuvars-kolye-orta-boy\/\",\"url\":\"https:\/\/astrologelvan.com\/magaza\/urun\/damla-form-pembe-kuvars-kolye-orta-boy\/\",\"name\":\"DAMLA FORM PEMBE KUVARS KOLYE ORTA BOY - Astrolog Elvan\",\"isPartOf\":{\"@id\":\"https:\/\/astrologelvan.com\/magaza\/#website\"},\"primaryImageOfPage\":{\"@id\":\"https:\/\/astrologelvan.com\/magaza\/urun\/damla-form-pembe-kuvars-kolye-orta-boy\/#primaryimage\"},\"image\":{\"@id\":\"https:\/\/astrologelvan.com\/magaza\/urun\/damla-form-pembe-kuvars-kolye-orta-boy\/#primaryimage\"},\"thumbnailUrl\":\"https:\/\/astrologelvan.com\/magaza\/wp-content\/uploads\/2024\/04\/damlaform-1.webp\",\"datePublished\":\"2024-04-22T13:57:46+00:00\",\"dateModified\":\"2025-10-06T05:15:14+00:00\",\"breadcrumb\":{\"@id\":\"https:\/\/astrologelvan.com\/magaza\/urun\/damla-form-pembe-kuvars-kolye-orta-boy\/#breadcrumb\"},\"inLanguage\":\"tr\",\"potentialAction\":[{\"@type\":\"ReadAction\",\"target\":[\"https:\/\/astrologelvan.com\/magaza\/urun\/damla-form-pembe-kuvars-kolye-orta-boy\/\"]}]},{\"@type\":\"ImageObject\",\"inLanguage\":\"tr\",\"@id\":\"https:\/\/astrologelvan.com\/magaza\/urun\/damla-form-pembe-kuvars-kolye-orta-boy\/#primaryimage\",\"url\":\"https:\/\/astrologelvan.com\/magaza\/wp-content\/uploads\/2024\/04\/damlaform-1.webp\",\"contentUrl\":\"https:\/\/astrologelvan.com\/magaza\/wp-content\/uploads\/2024\/04\/damlaform-1.webp\",\"width\":1600,\"height\":1600},{\"@type\":\"BreadcrumbList\",\"@id\":\"https:\/\/astrologelvan.com\/magaza\/urun\/damla-form-pembe-kuvars-kolye-orta-boy\/#breadcrumb\",\"itemListElement\":[{\"@type\":\"ListItem\",\"position\":1,\"name\":\"Anasayfa\",\"item\":\"https:\/\/astrologelvan.com\/magaza\/\"},{\"@type\":\"ListItem\",\"position\":2,\"name\":\"Ma\u011faza\",\"item\":\"https:\/\/astrologelvan.com\/magaza\/magaza\/\"},{\"@type\":\"ListItem\",\"position\":3,\"name\":\"DAMLA FORM PEMBE KUVARS KOLYE ORTA BOY\"}]},{\"@type\":\"WebSite\",\"@id\":\"https:\/\/astrologelvan.com\/magaza\/#website\",\"url\":\"https:\/\/astrologelvan.com\/magaza\/\",\"name\":\"Astrolog Elvan\",\"description\":\"\",\"potentialAction\":[{\"@type\":\"SearchAction\",\"target\":{\"@type\":\"EntryPoint\",\"urlTemplate\":\"https:\/\/astrologelvan.com\/magaza\/?s={search_term_string}\"},\"query-input\":{\"@type\":\"PropertyValueSpecification\",\"valueRequired\":true,\"valueName\":\"search_term_string\"}}],\"inLanguage\":\"tr\"}]}<\/script>\n<!-- \/ Yoast SEO plugin. -->","yoast_head_json":{"title":"DAMLA FORM PEMBE KUVARS KOLYE ORTA BOY - Astrolog Elvan","robots":{"index":"index","follow":"follow","max-snippet":"max-snippet:-1","max-image-preview":"max-image-preview:large","max-video-preview":"max-video-preview:-1"},"canonical":"https:\/\/astrologelvan.com\/magaza\/urun\/damla-form-pembe-kuvars-kolye-orta-boy\/","og_locale":"tr_TR","og_type":"article","og_title":"DAMLA FORM PEMBE KUVARS KOLYE ORTA BOY - Astrolog Elvan","og_description":"A\u015fk ve sevgi ta\u015f\u0131d\u0131r. \u00d6zellikle ili\u015fkilerinizi yoluna koymak i\u00e7in ve i\u00e7inizdeki di\u015fi enerjiyi a\u00e7\u0131\u011fa \u00e7\u0131karmak i\u00e7in kullanabilirsiniz. Kolyenizi ada\u00e7ay\u0131 ile t\u00fcts\u00fcleyip takmaya ba\u015flayabilirsiniz. \u0130lk seferde 21 g\u00fcn boyunca kolyenizi \u00fczerinizde ta\u015f\u0131mal\u0131s\u0131n\u0131z. Do\u011fru a\u015fk ve sevgiyi hayat\u0131n\u0131za \u00e7ekmenize yard\u0131mc\u0131 olur. Terazi ve Bo\u011fa bur\u00e7lar\u0131n\u0131n ana ta\u015f\u0131d\u0131r. \u0130li\u015fkileri dengeler. Her bur\u00e7 kullanabilir. A\u015fk rit\u00fcellerinizde \u00f6zellikle kullan\u0131n\u0131z.  Do\u011fal ta\u015f oldu\u011fu i\u00e7in farkl\u0131 boy ve \u00f6l\u00e7\u00fclerde gelebilir.","og_url":"https:\/\/astrologelvan.com\/magaza\/urun\/damla-form-pembe-kuvars-kolye-orta-boy\/","og_site_name":"Astrolog Elvan","article_modified_time":"2025-10-06T05:15:14+00:00","og_image":[{"width":1600,"height":1600,"url":"https:\/\/astrologelvan.com\/magaza\/wp-content\/uploads\/2024\/04\/damlaform-1.webp","type":"image\/webp"}],"twitter_card":"summary_large_image","twitter_misc":{"Tahmini okuma s\u00fcresi":"1 dakika"},"schema":{"@context":"https:\/\/schema.org","@graph":[{"@type":["WebPage","ItemPage"],"@id":"https:\/\/astrologelvan.com\/magaza\/urun\/damla-form-pembe-kuvars-kolye-orta-boy\/","url":"https:\/\/astrologelvan.com\/magaza\/urun\/damla-form-pembe-kuvars-kolye-orta-boy\/","name":"DAMLA FORM PEMBE KUVARS KOLYE ORTA BOY - Astrolog Elvan","isPartOf":{"@id":"https:\/\/astrologelvan.com\/magaza\/#website"},"primaryImageOfPage":{"@id":"https:\/\/astrologelvan.com\/magaza\/urun\/damla-form-pembe-kuvars-kolye-orta-boy\/#primaryimage"},"image":{"@id":"https:\/\/astrologelvan.com\/magaza\/urun\/damla-form-pembe-kuvars-kolye-orta-boy\/#primaryimage"},"thumbnailUrl":"https:\/\/astrologelvan.com\/magaza\/wp-content\/uploads\/2024\/04\/damlaform-1.webp","datePublished":"2024-04-22T13:57:46+00:00","dateModified":"2025-10-06T05:15:14+00:00","breadcrumb":{"@id":"https:\/\/astrologelvan.com\/magaza\/urun\/damla-form-pembe-kuvars-kolye-orta-boy\/#breadcrumb"},"inLanguage":"tr","potentialAction":[{"@type":"ReadAction","target":["https:\/\/astrologelvan.com\/magaza\/urun\/damla-form-pembe-kuvars-kolye-orta-boy\/"]}]},{"@type":"ImageObject","inLanguage":"tr","@id":"https:\/\/astrologelvan.com\/magaza\/urun\/damla-form-pembe-kuvars-kolye-orta-boy\/#primaryimage","url":"https:\/\/astrologelvan.com\/magaza\/wp-content\/uploads\/2024\/04\/damlaform-1.webp","contentUrl":"https:\/\/astrologelvan.com\/magaza\/wp-content\/uploads\/2024\/04\/damlaform-1.webp","width":1600,"height":1600},{"@type":"BreadcrumbList","@id":"https:\/\/astrologelvan.com\/magaza\/urun\/damla-form-pembe-kuvars-kolye-orta-boy\/#breadcrumb","itemListElement":[{"@type":"ListItem","position":1,"name":"Anasayfa","item":"https:\/\/astrologelvan.com\/magaza\/"},{"@type":"ListItem","position":2,"name":"Ma\u011faza","item":"https:\/\/astrologelvan.com\/magaza\/magaza\/"},{"@type":"ListItem","position":3,"name":"DAMLA FORM PEMBE KUVARS KOLYE ORTA BOY"}]},{"@type":"WebSite","@id":"https:\/\/astrologelvan.com\/magaza\/#website","url":"https:\/\/astrologelvan.com\/magaza\/","name":"Astrolog Elvan","description":"","potentialAction":[{"@type":"SearchAction","target":{"@type":"EntryPoint","urlTemplate":"https:\/\/astrologelvan.com\/magaza\/?s={search_term_string}"},"query-input":{"@type":"PropertyValueSpecification","valueRequired":true,"valueName":"search_term_string"}}],"inLanguage":"tr"}]}},"_links":{"self":[{"href":"https:\/\/astrologelvan.com\/magaza\/wp-json\/wp\/v2\/product\/7640","targetHints":{"allow":["GET"]}}],"collection":[{"href":"https:\/\/astrologelvan.com\/magaza\/wp-json\/wp\/v2\/product"}],"about":[{"href":"https:\/\/astrologelvan.com\/magaza\/wp-json\/wp\/v2\/types\/product"}],"replies":[{"embeddable":true,"href":"https:\/\/astrologelvan.com\/magaza\/wp-json\/wp\/v2\/comments?post=7640"}],"wp:featuredmedia":[{"embeddable":true,"href":"https:\/\/astrologelvan.com\/magaza\/wp-json\/wp\/v2\/media\/32946"}],"wp:attachment":[{"href":"https:\/\/astrologelvan.com\/magaza\/wp-json\/wp\/v2\/media?parent=7640"}],"wp:term":[{"taxonomy":"product_brand","embeddable":true,"href":"https:\/\/astrologelvan.com\/magaza\/wp-json\/wp\/v2\/product_brand?post=7640"},{"taxonomy":"product_cat","embeddable":true,"href":"https:\/\/astrologelvan.com\/magaza\/wp-json\/wp\/v2\/product_cat?post=7640"},{"taxonomy":"product_tag","embeddable":true,"href":"https:\/\/astrologelvan.com\/magaza\/wp-json\/wp\/v2\/product_tag?post=7640"}],"curies":[{"name":"wp","href":"https:\/\/api.w.org\/{rel}","templated":true}]}}