{"id":744,"date":"2024-02-28T02:47:56","date_gmt":"2024-02-27T23:47:56","guid":{"rendered":"https:\/\/astrologelvan.shop\/?post_type=product&#038;p=744"},"modified":"2026-04-01T11:54:31","modified_gmt":"2026-04-01T08:54:31","slug":"925-ayar-kozmik-unicorn-kolye","status":"publish","type":"product","link":"https:\/\/astrologelvan.com\/magaza\/urun\/925-ayar-kozmik-unicorn-kolye\/","title":{"rendered":"KOZM\u0130K UN\u0130CORN KOLYE | 925 AYAR G\u00dcM\u00dc\u015e"},"content":{"rendered":"<p>\u00dcr\u00fcn \u00f6zellikleri: 4,5 gram 925 ayar g\u00fcm\u00fc\u015f \u00fczeri rodyum kaplama ( 60 cm zincir)<\/p>\n<p><strong>Do\u011fal ta\u015f kolyelerimizin tasar\u0131mlar\u0131nda do\u011frudan cilde temas etmesini sa\u011fl\u0131yoruz. B\u00f6ylece do\u011fal ta\u015f kolyenizi takt\u0131k\u00e7a v\u00fccudunuzun titre\u015fimlerine ba\u011flan\u0131r ve size denge ve uyum getirir.<\/strong><\/p>\n<p><strong>Tak\u0131lar\u0131n\u0131z\u0131n uzun s\u00fcre kullanabilmesi i\u00e7in; Parf\u00fcm, su, s\u0131v\u0131, dezenfektan, krem v.b. gibi maddelerle temas etmemesi, du\u015f-banyo s\u0131ras\u0131nda \u00e7\u0131kart\u0131lmas\u0131 gerekmektedir. Ki\u015finin ter-ten yap\u0131s\u0131na g\u00f6re de etkilenmektedir. Tak\u0131lar\u0131n\u0131z\u0131 kullanmad\u0131\u011f\u0131n\u0131z zamanlarda kesesinde saklaman\u0131z\u0131 \u00f6neririz.<\/strong><\/p>\n<p><strong>Do\u011fal ta\u015flar\u0131n belirli titre\u015fimlere ve frekanslara sahip oldu\u011fu bilinmektedir. Bu nedenle v\u00fccudumuzda ve auram\u0131zda birtak\u0131m iyi etkileri oldu\u011fu s\u00f6ylenmektedir. Ta\u015flar\u0131n \u00f6zelliklerinin bilimsel kesinli\u011fi yoktur. Astrologelvan ma\u011fazas\u0131ndaki t\u00fcm ta\u015flar orijinal, ger\u00e7ek do\u011fal ta\u015flard\u0131r. T\u0131bbi konularda doktora dan\u0131\u015fman\u0131z\u0131 tavsiye ederiz. Ta\u015flar\u0131n tedavi edici \u00f6zelli\u011fi yoktur, sadece ki\u015fisel enerjimizi y\u00fckseltmekte ve astrolojik olarak da temsil etti\u011fi gezegenlerin etkilerini artt\u0131rmakta oldu\u011fu kabul edilir. \u00d6rne\u011fin; pembe kuvars ta\u015f\u0131 a\u015fk ve sevgi gezegeni Ven\u00fcs&#8217;\u00fcn ta\u015f\u0131d\u0131r ve bu sebeple \u00fczerinde ta\u015f\u0131yan ki\u015finin a\u015fk ve sevgi frekans\u0131n\u0131 y\u00fckseltti\u011fi bilinir.<\/strong><\/p>\n","protected":false},"excerpt":{"rendered":"<p>B\u00fct\u00fcn unicornlar (tek boynuzlu atlar) ayd\u0131nlanmam\u0131za yard\u0131mc\u0131 olur ve daha y\u00fcksek boyutlara ge\u00e7memizi sa\u011flar.<\/p>\n<p>Unicornlar kozmik d\u00fczeyde bir grup bilincidir. K\u00e2inat\u0131n etraf\u0131nda dola\u015f\u0131p ne\u015fe ve bereket sa\u00e7an saf elmas beyaz\u0131 renginde yo\u011fun bir \u0131\u015f\u0131k k\u00fcmesi hayal edin. Bu, unicorn enerjisidir. Bu unicorn kolye sana temiz kalple ve b\u00fct\u00fcn\u00fcn hayr\u0131na diledi\u011fin her dile\u011fini getirmeye yard\u0131mc\u0131 olacak. \u00dczerinde ta\u015f\u0131d\u0131\u011f\u0131n s\u00fcrece daha y\u00fcksek bir kozmik enerji alan\u0131nda oldu\u011funu fark edeceksin.<\/p>\n<p>Unicornlar tamamen ayd\u0131nlanm\u0131\u015ft\u0131r, bu sebeple al\u0131nlar\u0131ndaki \u00fc\u00e7\u00fcnc\u00fc g\u00f6z sonuna kadar a\u00e7\u0131kt\u0131r ve o kadar parlak bir \u0131\u015f\u0131k sa\u00e7ar ki bu \u0131\u015f\u0131k kat\u0131 bir cisim gibi g\u00f6r\u00fcn\u00fcr ve spiral bir boynuz \u015feklini al\u0131r. Unicorn kolyeni takt\u0131k\u00e7a 3. g\u00f6z\u00fcn\u00fcn de aktive oldu\u011funu g\u00f6receksin. Unicorn enerjisi ile hayat\u0131na mucizeleri \u00e7ekmeye haz\u0131rs\u0131n. 777<\/p>\n<p>&nbsp;<\/p>\n<p>&nbsp;<\/p>\n","protected":false},"featured_media":4631,"comment_status":"open","ping_status":"closed","template":"","meta":[],"product_brand":[],"product_cat":[26,48,129,432],"product_tag":[39,379,380],"class_list":{"0":"post-744","1":"product","2":"type-product","3":"status-publish","4":"has-post-thumbnail","6":"product_cat-genel","7":"product_cat-kolyeler","8":"product_cat-ozel-kolye-serisi","9":"product_cat-unicorn-serisi","10":"product_tag-astrolog-elvan","11":"product_tag-kuvars","12":"product_tag-unicorn-kolye","14":"first","15":"instock","16":"purchasable","17":"product-type-simple"},"yoast_head":"<!-- This site is optimized with the Yoast SEO plugin v27.2 - https:\/\/yoast.com\/product\/yoast-seo-wordpress\/ -->\n<title>KOZM\u0130K UN\u0130CORN KOLYE | 925 AYAR G\u00dcM\u00dc\u015e - Astrolog Elvan<\/title>\n<meta name=\"robots\" content=\"index, follow, max-snippet:-1, max-image-preview:large, max-video-preview:-1\" \/>\n<link rel=\"canonical\" href=\"https:\/\/astrologelvan.com\/magaza\/urun\/925-ayar-kozmik-unicorn-kolye\/\" \/>\n<meta property=\"og:locale\" content=\"tr_TR\" \/>\n<meta property=\"og:type\" content=\"article\" \/>\n<meta property=\"og:title\" content=\"KOZM\u0130K UN\u0130CORN KOLYE | 925 AYAR G\u00dcM\u00dc\u015e - Astrolog Elvan\" \/>\n<meta property=\"og:description\" content=\"B\u00fct\u00fcn unicornlar (tek boynuzlu atlar) ayd\u0131nlanmam\u0131za yard\u0131mc\u0131 olur ve daha y\u00fcksek boyutlara ge\u00e7memizi sa\u011flar.  Unicornlar kozmik d\u00fczeyde bir grup bilincidir. K\u00e2inat\u0131n etraf\u0131nda dola\u015f\u0131p ne\u015fe ve bereket sa\u00e7an saf elmas beyaz\u0131 renginde yo\u011fun bir \u0131\u015f\u0131k k\u00fcmesi hayal edin. Bu, unicorn enerjisidir. Bu unicorn kolye sana temiz kalple ve b\u00fct\u00fcn\u00fcn hayr\u0131na diledi\u011fin her dile\u011fini getirmeye yard\u0131mc\u0131 olacak. \u00dczerinde ta\u015f\u0131d\u0131\u011f\u0131n s\u00fcrece daha y\u00fcksek bir kozmik enerji alan\u0131nda oldu\u011funu fark edeceksin.  Unicornlar tamamen ayd\u0131nlanm\u0131\u015ft\u0131r, bu sebeple al\u0131nlar\u0131ndaki \u00fc\u00e7\u00fcnc\u00fc g\u00f6z sonuna kadar a\u00e7\u0131kt\u0131r ve o kadar parlak bir \u0131\u015f\u0131k sa\u00e7ar ki bu \u0131\u015f\u0131k kat\u0131 bir cisim gibi g\u00f6r\u00fcn\u00fcr ve spiral bir boynuz \u015feklini al\u0131r. Unicorn kolyeni takt\u0131k\u00e7a 3. g\u00f6z\u00fcn\u00fcn de aktive oldu\u011funu g\u00f6receksin. Unicorn enerjisi ile hayat\u0131na mucizeleri \u00e7ekmeye haz\u0131rs\u0131n. 777  &nbsp;  &nbsp;\" \/>\n<meta property=\"og:url\" content=\"https:\/\/astrologelvan.com\/magaza\/urun\/925-ayar-kozmik-unicorn-kolye\/\" \/>\n<meta property=\"og:site_name\" content=\"Astrolog Elvan\" \/>\n<meta property=\"article:modified_time\" content=\"2026-04-01T08:54:31+00:00\" \/>\n<meta property=\"og:image\" content=\"https:\/\/astrologelvan.com\/magaza\/wp-content\/uploads\/2024\/02\/1-36.jpg\" \/>\n\t<meta property=\"og:image:width\" content=\"1600\" \/>\n\t<meta property=\"og:image:height\" content=\"1600\" \/>\n\t<meta property=\"og:image:type\" content=\"image\/jpeg\" \/>\n<meta name=\"twitter:card\" content=\"summary_large_image\" \/>\n<meta name=\"twitter:label1\" content=\"Tahmini okuma s\u00fcresi\" \/>\n\t<meta name=\"twitter:data1\" content=\"2 dakika\" \/>\n<script type=\"application\/ld+json\" class=\"yoast-schema-graph\">{\"@context\":\"https:\/\/schema.org\",\"@graph\":[{\"@type\":[\"WebPage\",\"ItemPage\"],\"@id\":\"https:\/\/astrologelvan.com\/magaza\/urun\/925-ayar-kozmik-unicorn-kolye\/\",\"url\":\"https:\/\/astrologelvan.com\/magaza\/urun\/925-ayar-kozmik-unicorn-kolye\/\",\"name\":\"KOZM\u0130K UN\u0130CORN KOLYE | 925 AYAR G\u00dcM\u00dc\u015e - Astrolog Elvan\",\"isPartOf\":{\"@id\":\"https:\/\/astrologelvan.com\/magaza\/#website\"},\"primaryImageOfPage\":{\"@id\":\"https:\/\/astrologelvan.com\/magaza\/urun\/925-ayar-kozmik-unicorn-kolye\/#primaryimage\"},\"image\":{\"@id\":\"https:\/\/astrologelvan.com\/magaza\/urun\/925-ayar-kozmik-unicorn-kolye\/#primaryimage\"},\"thumbnailUrl\":\"https:\/\/astrologelvan.com\/magaza\/wp-content\/uploads\/2024\/02\/1-36.jpg\",\"datePublished\":\"2024-02-27T23:47:56+00:00\",\"dateModified\":\"2026-04-01T08:54:31+00:00\",\"breadcrumb\":{\"@id\":\"https:\/\/astrologelvan.com\/magaza\/urun\/925-ayar-kozmik-unicorn-kolye\/#breadcrumb\"},\"inLanguage\":\"tr\",\"potentialAction\":[{\"@type\":\"ReadAction\",\"target\":[\"https:\/\/astrologelvan.com\/magaza\/urun\/925-ayar-kozmik-unicorn-kolye\/\"]}]},{\"@type\":\"ImageObject\",\"inLanguage\":\"tr\",\"@id\":\"https:\/\/astrologelvan.com\/magaza\/urun\/925-ayar-kozmik-unicorn-kolye\/#primaryimage\",\"url\":\"https:\/\/astrologelvan.com\/magaza\/wp-content\/uploads\/2024\/02\/1-36.jpg\",\"contentUrl\":\"https:\/\/astrologelvan.com\/magaza\/wp-content\/uploads\/2024\/02\/1-36.jpg\",\"width\":1600,\"height\":1600},{\"@type\":\"BreadcrumbList\",\"@id\":\"https:\/\/astrologelvan.com\/magaza\/urun\/925-ayar-kozmik-unicorn-kolye\/#breadcrumb\",\"itemListElement\":[{\"@type\":\"ListItem\",\"position\":1,\"name\":\"Anasayfa\",\"item\":\"https:\/\/astrologelvan.com\/magaza\/\"},{\"@type\":\"ListItem\",\"position\":2,\"name\":\"Ma\u011faza\",\"item\":\"https:\/\/astrologelvan.com\/magaza\/magaza\/\"},{\"@type\":\"ListItem\",\"position\":3,\"name\":\"KOZM\u0130K UN\u0130CORN KOLYE | 925 AYAR G\u00dcM\u00dc\u015e\"}]},{\"@type\":\"WebSite\",\"@id\":\"https:\/\/astrologelvan.com\/magaza\/#website\",\"url\":\"https:\/\/astrologelvan.com\/magaza\/\",\"name\":\"Astrolog Elvan\",\"description\":\"\",\"potentialAction\":[{\"@type\":\"SearchAction\",\"target\":{\"@type\":\"EntryPoint\",\"urlTemplate\":\"https:\/\/astrologelvan.com\/magaza\/?s={search_term_string}\"},\"query-input\":{\"@type\":\"PropertyValueSpecification\",\"valueRequired\":true,\"valueName\":\"search_term_string\"}}],\"inLanguage\":\"tr\"}]}<\/script>\n<!-- \/ Yoast SEO plugin. -->","yoast_head_json":{"title":"KOZM\u0130K UN\u0130CORN KOLYE | 925 AYAR G\u00dcM\u00dc\u015e - Astrolog Elvan","robots":{"index":"index","follow":"follow","max-snippet":"max-snippet:-1","max-image-preview":"max-image-preview:large","max-video-preview":"max-video-preview:-1"},"canonical":"https:\/\/astrologelvan.com\/magaza\/urun\/925-ayar-kozmik-unicorn-kolye\/","og_locale":"tr_TR","og_type":"article","og_title":"KOZM\u0130K UN\u0130CORN KOLYE | 925 AYAR G\u00dcM\u00dc\u015e - Astrolog Elvan","og_description":"B\u00fct\u00fcn unicornlar (tek boynuzlu atlar) ayd\u0131nlanmam\u0131za yard\u0131mc\u0131 olur ve daha y\u00fcksek boyutlara ge\u00e7memizi sa\u011flar.  Unicornlar kozmik d\u00fczeyde bir grup bilincidir. K\u00e2inat\u0131n etraf\u0131nda dola\u015f\u0131p ne\u015fe ve bereket sa\u00e7an saf elmas beyaz\u0131 renginde yo\u011fun bir \u0131\u015f\u0131k k\u00fcmesi hayal edin. Bu, unicorn enerjisidir. Bu unicorn kolye sana temiz kalple ve b\u00fct\u00fcn\u00fcn hayr\u0131na diledi\u011fin her dile\u011fini getirmeye yard\u0131mc\u0131 olacak. \u00dczerinde ta\u015f\u0131d\u0131\u011f\u0131n s\u00fcrece daha y\u00fcksek bir kozmik enerji alan\u0131nda oldu\u011funu fark edeceksin.  Unicornlar tamamen ayd\u0131nlanm\u0131\u015ft\u0131r, bu sebeple al\u0131nlar\u0131ndaki \u00fc\u00e7\u00fcnc\u00fc g\u00f6z sonuna kadar a\u00e7\u0131kt\u0131r ve o kadar parlak bir \u0131\u015f\u0131k sa\u00e7ar ki bu \u0131\u015f\u0131k kat\u0131 bir cisim gibi g\u00f6r\u00fcn\u00fcr ve spiral bir boynuz \u015feklini al\u0131r. Unicorn kolyeni takt\u0131k\u00e7a 3. g\u00f6z\u00fcn\u00fcn de aktive oldu\u011funu g\u00f6receksin. Unicorn enerjisi ile hayat\u0131na mucizeleri \u00e7ekmeye haz\u0131rs\u0131n. 777  &nbsp;  &nbsp;","og_url":"https:\/\/astrologelvan.com\/magaza\/urun\/925-ayar-kozmik-unicorn-kolye\/","og_site_name":"Astrolog Elvan","article_modified_time":"2026-04-01T08:54:31+00:00","og_image":[{"width":1600,"height":1600,"url":"https:\/\/astrologelvan.com\/magaza\/wp-content\/uploads\/2024\/02\/1-36.jpg","type":"image\/jpeg"}],"twitter_card":"summary_large_image","twitter_misc":{"Tahmini okuma s\u00fcresi":"2 dakika"},"schema":{"@context":"https:\/\/schema.org","@graph":[{"@type":["WebPage","ItemPage"],"@id":"https:\/\/astrologelvan.com\/magaza\/urun\/925-ayar-kozmik-unicorn-kolye\/","url":"https:\/\/astrologelvan.com\/magaza\/urun\/925-ayar-kozmik-unicorn-kolye\/","name":"KOZM\u0130K UN\u0130CORN KOLYE | 925 AYAR G\u00dcM\u00dc\u015e - Astrolog Elvan","isPartOf":{"@id":"https:\/\/astrologelvan.com\/magaza\/#website"},"primaryImageOfPage":{"@id":"https:\/\/astrologelvan.com\/magaza\/urun\/925-ayar-kozmik-unicorn-kolye\/#primaryimage"},"image":{"@id":"https:\/\/astrologelvan.com\/magaza\/urun\/925-ayar-kozmik-unicorn-kolye\/#primaryimage"},"thumbnailUrl":"https:\/\/astrologelvan.com\/magaza\/wp-content\/uploads\/2024\/02\/1-36.jpg","datePublished":"2024-02-27T23:47:56+00:00","dateModified":"2026-04-01T08:54:31+00:00","breadcrumb":{"@id":"https:\/\/astrologelvan.com\/magaza\/urun\/925-ayar-kozmik-unicorn-kolye\/#breadcrumb"},"inLanguage":"tr","potentialAction":[{"@type":"ReadAction","target":["https:\/\/astrologelvan.com\/magaza\/urun\/925-ayar-kozmik-unicorn-kolye\/"]}]},{"@type":"ImageObject","inLanguage":"tr","@id":"https:\/\/astrologelvan.com\/magaza\/urun\/925-ayar-kozmik-unicorn-kolye\/#primaryimage","url":"https:\/\/astrologelvan.com\/magaza\/wp-content\/uploads\/2024\/02\/1-36.jpg","contentUrl":"https:\/\/astrologelvan.com\/magaza\/wp-content\/uploads\/2024\/02\/1-36.jpg","width":1600,"height":1600},{"@type":"BreadcrumbList","@id":"https:\/\/astrologelvan.com\/magaza\/urun\/925-ayar-kozmik-unicorn-kolye\/#breadcrumb","itemListElement":[{"@type":"ListItem","position":1,"name":"Anasayfa","item":"https:\/\/astrologelvan.com\/magaza\/"},{"@type":"ListItem","position":2,"name":"Ma\u011faza","item":"https:\/\/astrologelvan.com\/magaza\/magaza\/"},{"@type":"ListItem","position":3,"name":"KOZM\u0130K UN\u0130CORN KOLYE | 925 AYAR G\u00dcM\u00dc\u015e"}]},{"@type":"WebSite","@id":"https:\/\/astrologelvan.com\/magaza\/#website","url":"https:\/\/astrologelvan.com\/magaza\/","name":"Astrolog Elvan","description":"","potentialAction":[{"@type":"SearchAction","target":{"@type":"EntryPoint","urlTemplate":"https:\/\/astrologelvan.com\/magaza\/?s={search_term_string}"},"query-input":{"@type":"PropertyValueSpecification","valueRequired":true,"valueName":"search_term_string"}}],"inLanguage":"tr"}]}},"_links":{"self":[{"href":"https:\/\/astrologelvan.com\/magaza\/wp-json\/wp\/v2\/product\/744","targetHints":{"allow":["GET"]}}],"collection":[{"href":"https:\/\/astrologelvan.com\/magaza\/wp-json\/wp\/v2\/product"}],"about":[{"href":"https:\/\/astrologelvan.com\/magaza\/wp-json\/wp\/v2\/types\/product"}],"replies":[{"embeddable":true,"href":"https:\/\/astrologelvan.com\/magaza\/wp-json\/wp\/v2\/comments?post=744"}],"wp:featuredmedia":[{"embeddable":true,"href":"https:\/\/astrologelvan.com\/magaza\/wp-json\/wp\/v2\/media\/4631"}],"wp:attachment":[{"href":"https:\/\/astrologelvan.com\/magaza\/wp-json\/wp\/v2\/media?parent=744"}],"wp:term":[{"taxonomy":"product_brand","embeddable":true,"href":"https:\/\/astrologelvan.com\/magaza\/wp-json\/wp\/v2\/product_brand?post=744"},{"taxonomy":"product_cat","embeddable":true,"href":"https:\/\/astrologelvan.com\/magaza\/wp-json\/wp\/v2\/product_cat?post=744"},{"taxonomy":"product_tag","embeddable":true,"href":"https:\/\/astrologelvan.com\/magaza\/wp-json\/wp\/v2\/product_tag?post=744"}],"curies":[{"name":"wp","href":"https:\/\/api.w.org\/{rel}","templated":true}]}}