{"id":74206,"date":"2025-05-21T20:35:24","date_gmt":"2025-05-21T17:35:24","guid":{"rendered":"https:\/\/astrologelvan.com\/magaza\/?post_type=product&#038;p=74206"},"modified":"2025-10-06T08:15:45","modified_gmt":"2025-10-06T05:15:45","slug":"ideal-kilo-beden-atolyesi-elvan-lapis","status":"publish","type":"product","link":"https:\/\/astrologelvan.com\/magaza\/urun\/ideal-kilo-beden-atolyesi-elvan-lapis\/","title":{"rendered":"\u0130deal Kilo Beden At\u00f6lyesi Kayd\u0131 |\u00a0Elvan Lapis"},"content":{"rendered":"","protected":false},"excerpt":{"rendered":"<p><span style=\"color: #9134b0;\">Bedenin haf\u0131zas\u0131nda sakl\u0131 olan ger\u00e7ek a\u011f\u0131rl\u0131\u011f\u0131 hat\u0131rlamaya haz\u0131r m\u0131s\u0131n?<\/span><\/p>\n<p>Kimi fazla y\u00fck ta\u015f\u0131yor, kimi eksik kalan par\u00e7alar\u0131n\u0131 ar\u0131yor\u2026 Oysa beden, dengede olmay\u0131 hep biliyor. Bu at\u00f6lyede, fazla kilolar\u0131n ard\u0131ndaki duygusal kodlar\u0131 \u00e7\u00f6z\u00fcyor, alamad\u0131\u011f\u0131n kilolar\u0131n alt\u0131nda yatan bilin\u00e7alt\u0131 kay\u0131tlar\u0131n\u0131 \u015fifaland\u0131r\u0131yoruz.<\/p>\n<p><strong>ThetaHealing ile h\u00fccresel d\u00fczeyde zihinsel ve bedensel blokajlar\u0131 serbest b\u0131rak\u0131yor,<\/strong><br \/>\n<strong>Jean Adrianne Ar\u0131nd\u0131rma Sistemi (JAAS) ile bedenin enerji alan\u0131nda biriken eski programlar\u0131 temizliyoruz.<\/strong><\/p>\n<p>Bu \u00e7al\u0131\u015fma, yaln\u0131zca fiziksel bir d\u00f6n\u00fc\u015f\u00fcm de\u011fil; ayn\u0131 zamanda kendini yeniden sevme, bedeniyle bar\u0131\u015fma ve \u00f6zg\u00fcrle\u015fme yolculu\u011fudur.<\/p>\n<p>Kendi ideal frekans\u0131na kavu\u015fmak isteyen herkes i\u00e7in\u2026<br \/>\nYerini al, bedenin sana te\u015fekk\u00fcr edecek.<\/p>\n<p><strong><span style=\"color: #9134b0;\">At\u00f6lye 29 May\u0131s gecesi T\u00fcrkiye saati ile 21:00\u2019da Zoom \u00fczerinden Elvan Lapis e\u015fli\u011finde canl\u0131 olarak yap\u0131lacak.<\/span><\/strong><\/p>\n<p>Sipari\u015flerinizi olu\u015ftururken aktif kulland\u0131\u011f\u0131n\u0131z telefon numaran\u0131z\u0131 ve e-mail adresinizi girmelisiniz.<br \/>\n<strong>At\u00f6lye kat\u0131l\u0131m linkleri<\/strong>\u00a0<u>belirtti\u011finiz numaraya SMS olarak, belirtti\u011finiz e-mail adresine e-mail olarak g\u00f6nderilecektir.<\/u><br \/>\nSMS ve E-mail adresinizi do\u011fru yazd\u0131\u011f\u0131n\u0131za ve SMS ve E-mail kutunuzun dolu olmamas\u0131na dikkat ediniz.<\/p>\n<p>At\u00f6lye kay\u0131tlar\u0131 sat\u0131n alan ki\u015filere canl\u0131 yay\u0131n sonras\u0131ndaki g\u00fcnlerde yine ayn\u0131 kanallardan iletilecektir.<br \/>\n<strong>Her at\u00f6lye kayd\u0131 bir ki\u015fi i\u00e7in ge\u00e7erlidir, yasal olarak bir ba\u015fkas\u0131 ile payla\u015f\u0131lamaz.<\/strong><\/p>\n<div class=\"sales-counter\" style=\" margin: 1em 0; padding: 10px; background-color: #fff; border: 1px solid #ddd;\">\u2728 \u015eimdiye Kadar 650 Ki\u015fi Kat\u0131ld\u0131!<\/div><strong><br \/>\n<\/strong><\/p>\n","protected":false},"featured_media":74207,"comment_status":"open","ping_status":"closed","template":"","meta":[],"product_brand":[],"product_cat":[494],"product_tag":[],"class_list":{"0":"post-74206","1":"product","2":"type-product","3":"status-publish","4":"has-post-thumbnail","6":"product_cat-atolyeler","8":"first","9":"outofstock","10":"virtual","11":"taxable","12":"purchasable","13":"product-type-simple"},"yoast_head":"<!-- This site is optimized with the Yoast SEO plugin v27.3 - https:\/\/yoast.com\/product\/yoast-seo-wordpress\/ -->\n<title>\u0130deal Kilo Beden At\u00f6lyesi Kayd\u0131 |\u00a0Elvan Lapis - Astrolog Elvan<\/title>\n<meta name=\"robots\" content=\"index, follow, max-snippet:-1, max-image-preview:large, max-video-preview:-1\" \/>\n<link rel=\"canonical\" href=\"https:\/\/astrologelvan.com\/magaza\/urun\/ideal-kilo-beden-atolyesi-elvan-lapis\/\" \/>\n<meta property=\"og:locale\" content=\"tr_TR\" \/>\n<meta property=\"og:type\" content=\"article\" \/>\n<meta property=\"og:title\" content=\"\u0130deal Kilo Beden At\u00f6lyesi Kayd\u0131 |\u00a0Elvan Lapis - Astrolog Elvan\" \/>\n<meta property=\"og:description\" content=\"Bedenin haf\u0131zas\u0131nda sakl\u0131 olan ger\u00e7ek a\u011f\u0131rl\u0131\u011f\u0131 hat\u0131rlamaya haz\u0131r m\u0131s\u0131n?  Kimi fazla y\u00fck ta\u015f\u0131yor, kimi eksik kalan par\u00e7alar\u0131n\u0131 ar\u0131yor\u2026 Oysa beden, dengede olmay\u0131 hep biliyor. Bu at\u00f6lyede, fazla kilolar\u0131n ard\u0131ndaki duygusal kodlar\u0131 \u00e7\u00f6z\u00fcyor, alamad\u0131\u011f\u0131n kilolar\u0131n alt\u0131nda yatan bilin\u00e7alt\u0131 kay\u0131tlar\u0131n\u0131 \u015fifaland\u0131r\u0131yoruz.  ThetaHealing ile h\u00fccresel d\u00fczeyde zihinsel ve bedensel blokajlar\u0131 serbest b\u0131rak\u0131yor, Jean Adrianne Ar\u0131nd\u0131rma Sistemi (JAAS) ile bedenin enerji alan\u0131nda biriken eski programlar\u0131 temizliyoruz.  Bu \u00e7al\u0131\u015fma, yaln\u0131zca fiziksel bir d\u00f6n\u00fc\u015f\u00fcm de\u011fil; ayn\u0131 zamanda kendini yeniden sevme, bedeniyle bar\u0131\u015fma ve \u00f6zg\u00fcrle\u015fme yolculu\u011fudur.  Kendi ideal frekans\u0131na kavu\u015fmak isteyen herkes i\u00e7in\u2026 Yerini al, bedenin sana te\u015fekk\u00fcr edecek.  At\u00f6lye 29 May\u0131s gecesi T\u00fcrkiye saati ile 21:00\u2019da Zoom \u00fczerinden Elvan Lapis e\u015fli\u011finde canl\u0131 olarak yap\u0131lacak.  Sipari\u015flerinizi olu\u015ftururken aktif kulland\u0131\u011f\u0131n\u0131z telefon numaran\u0131z\u0131 ve e-mail adresinizi girmelisiniz. At\u00f6lye kat\u0131l\u0131m linkleri\u00a0belirtti\u011finiz numaraya SMS olarak, belirtti\u011finiz e-mail adresine e-mail olarak g\u00f6nderilecektir. SMS ve E-mail adresinizi do\u011fru yazd\u0131\u011f\u0131n\u0131za ve SMS ve E-mail kutunuzun dolu olmamas\u0131na dikkat ediniz.  At\u00f6lye kay\u0131tlar\u0131 sat\u0131n alan ki\u015filere canl\u0131 yay\u0131n sonras\u0131ndaki g\u00fcnlerde yine ayn\u0131 kanallardan iletilecektir. Her at\u00f6lye kayd\u0131 bir ki\u015fi i\u00e7in ge\u00e7erlidir, yasal olarak bir ba\u015fkas\u0131 ile payla\u015f\u0131lamaz.\" \/>\n<meta property=\"og:url\" content=\"https:\/\/astrologelvan.com\/magaza\/urun\/ideal-kilo-beden-atolyesi-elvan-lapis\/\" \/>\n<meta property=\"og:site_name\" content=\"Astrolog Elvan\" \/>\n<meta property=\"article:modified_time\" content=\"2025-10-06T05:15:45+00:00\" \/>\n<meta property=\"og:image\" content=\"https:\/\/astrologelvan.com\/magaza\/wp-content\/uploads\/2025\/05\/listeleme.webp\" \/>\n\t<meta property=\"og:image:width\" content=\"1000\" \/>\n\t<meta property=\"og:image:height\" content=\"1300\" \/>\n\t<meta property=\"og:image:type\" content=\"image\/webp\" \/>\n<meta name=\"twitter:card\" content=\"summary_large_image\" \/>\n<meta name=\"twitter:label1\" content=\"Tahmini okuma s\u00fcresi\" \/>\n\t<meta name=\"twitter:data1\" content=\"1 dakika\" \/>\n<script type=\"application\/ld+json\" class=\"yoast-schema-graph\">{\"@context\":\"https:\\\/\\\/schema.org\",\"@graph\":[{\"@type\":[\"WebPage\",\"ItemPage\"],\"@id\":\"https:\\\/\\\/astrologelvan.com\\\/magaza\\\/urun\\\/ideal-kilo-beden-atolyesi-elvan-lapis\\\/\",\"url\":\"https:\\\/\\\/astrologelvan.com\\\/magaza\\\/urun\\\/ideal-kilo-beden-atolyesi-elvan-lapis\\\/\",\"name\":\"\u0130deal Kilo Beden At\u00f6lyesi Kayd\u0131 |\u00a0Elvan Lapis - Astrolog Elvan\",\"isPartOf\":{\"@id\":\"https:\\\/\\\/astrologelvan.com\\\/magaza\\\/#website\"},\"primaryImageOfPage\":{\"@id\":\"https:\\\/\\\/astrologelvan.com\\\/magaza\\\/urun\\\/ideal-kilo-beden-atolyesi-elvan-lapis\\\/#primaryimage\"},\"image\":{\"@id\":\"https:\\\/\\\/astrologelvan.com\\\/magaza\\\/urun\\\/ideal-kilo-beden-atolyesi-elvan-lapis\\\/#primaryimage\"},\"thumbnailUrl\":\"https:\\\/\\\/astrologelvan.com\\\/magaza\\\/wp-content\\\/uploads\\\/2025\\\/05\\\/listeleme.webp\",\"datePublished\":\"2025-05-21T17:35:24+00:00\",\"dateModified\":\"2025-10-06T05:15:45+00:00\",\"breadcrumb\":{\"@id\":\"https:\\\/\\\/astrologelvan.com\\\/magaza\\\/urun\\\/ideal-kilo-beden-atolyesi-elvan-lapis\\\/#breadcrumb\"},\"inLanguage\":\"tr\",\"potentialAction\":[{\"@type\":\"ReadAction\",\"target\":[\"https:\\\/\\\/astrologelvan.com\\\/magaza\\\/urun\\\/ideal-kilo-beden-atolyesi-elvan-lapis\\\/\"]}]},{\"@type\":\"ImageObject\",\"inLanguage\":\"tr\",\"@id\":\"https:\\\/\\\/astrologelvan.com\\\/magaza\\\/urun\\\/ideal-kilo-beden-atolyesi-elvan-lapis\\\/#primaryimage\",\"url\":\"https:\\\/\\\/astrologelvan.com\\\/magaza\\\/wp-content\\\/uploads\\\/2025\\\/05\\\/listeleme.webp\",\"contentUrl\":\"https:\\\/\\\/astrologelvan.com\\\/magaza\\\/wp-content\\\/uploads\\\/2025\\\/05\\\/listeleme.webp\",\"width\":1000,\"height\":1300},{\"@type\":\"BreadcrumbList\",\"@id\":\"https:\\\/\\\/astrologelvan.com\\\/magaza\\\/urun\\\/ideal-kilo-beden-atolyesi-elvan-lapis\\\/#breadcrumb\",\"itemListElement\":[{\"@type\":\"ListItem\",\"position\":1,\"name\":\"Anasayfa\",\"item\":\"https:\\\/\\\/astrologelvan.com\\\/magaza\\\/\"},{\"@type\":\"ListItem\",\"position\":2,\"name\":\"Ma\u011faza\",\"item\":\"https:\\\/\\\/astrologelvan.com\\\/magaza\\\/magaza\\\/\"},{\"@type\":\"ListItem\",\"position\":3,\"name\":\"\u0130deal Kilo Beden At\u00f6lyesi Kayd\u0131 |\u00a0Elvan Lapis\"}]},{\"@type\":\"WebSite\",\"@id\":\"https:\\\/\\\/astrologelvan.com\\\/magaza\\\/#website\",\"url\":\"https:\\\/\\\/astrologelvan.com\\\/magaza\\\/\",\"name\":\"Astrolog Elvan\",\"description\":\"\",\"potentialAction\":[{\"@type\":\"SearchAction\",\"target\":{\"@type\":\"EntryPoint\",\"urlTemplate\":\"https:\\\/\\\/astrologelvan.com\\\/magaza\\\/?s={search_term_string}\"},\"query-input\":{\"@type\":\"PropertyValueSpecification\",\"valueRequired\":true,\"valueName\":\"search_term_string\"}}],\"inLanguage\":\"tr\"}]}<\/script>\n<!-- \/ Yoast SEO plugin. -->","yoast_head_json":{"title":"\u0130deal Kilo Beden At\u00f6lyesi Kayd\u0131 |\u00a0Elvan Lapis - Astrolog Elvan","robots":{"index":"index","follow":"follow","max-snippet":"max-snippet:-1","max-image-preview":"max-image-preview:large","max-video-preview":"max-video-preview:-1"},"canonical":"https:\/\/astrologelvan.com\/magaza\/urun\/ideal-kilo-beden-atolyesi-elvan-lapis\/","og_locale":"tr_TR","og_type":"article","og_title":"\u0130deal Kilo Beden At\u00f6lyesi Kayd\u0131 |\u00a0Elvan Lapis - Astrolog Elvan","og_description":"Bedenin haf\u0131zas\u0131nda sakl\u0131 olan ger\u00e7ek a\u011f\u0131rl\u0131\u011f\u0131 hat\u0131rlamaya haz\u0131r m\u0131s\u0131n?  Kimi fazla y\u00fck ta\u015f\u0131yor, kimi eksik kalan par\u00e7alar\u0131n\u0131 ar\u0131yor\u2026 Oysa beden, dengede olmay\u0131 hep biliyor. Bu at\u00f6lyede, fazla kilolar\u0131n ard\u0131ndaki duygusal kodlar\u0131 \u00e7\u00f6z\u00fcyor, alamad\u0131\u011f\u0131n kilolar\u0131n alt\u0131nda yatan bilin\u00e7alt\u0131 kay\u0131tlar\u0131n\u0131 \u015fifaland\u0131r\u0131yoruz.  ThetaHealing ile h\u00fccresel d\u00fczeyde zihinsel ve bedensel blokajlar\u0131 serbest b\u0131rak\u0131yor, Jean Adrianne Ar\u0131nd\u0131rma Sistemi (JAAS) ile bedenin enerji alan\u0131nda biriken eski programlar\u0131 temizliyoruz.  Bu \u00e7al\u0131\u015fma, yaln\u0131zca fiziksel bir d\u00f6n\u00fc\u015f\u00fcm de\u011fil; ayn\u0131 zamanda kendini yeniden sevme, bedeniyle bar\u0131\u015fma ve \u00f6zg\u00fcrle\u015fme yolculu\u011fudur.  Kendi ideal frekans\u0131na kavu\u015fmak isteyen herkes i\u00e7in\u2026 Yerini al, bedenin sana te\u015fekk\u00fcr edecek.  At\u00f6lye 29 May\u0131s gecesi T\u00fcrkiye saati ile 21:00\u2019da Zoom \u00fczerinden Elvan Lapis e\u015fli\u011finde canl\u0131 olarak yap\u0131lacak.  Sipari\u015flerinizi olu\u015ftururken aktif kulland\u0131\u011f\u0131n\u0131z telefon numaran\u0131z\u0131 ve e-mail adresinizi girmelisiniz. At\u00f6lye kat\u0131l\u0131m linkleri\u00a0belirtti\u011finiz numaraya SMS olarak, belirtti\u011finiz e-mail adresine e-mail olarak g\u00f6nderilecektir. SMS ve E-mail adresinizi do\u011fru yazd\u0131\u011f\u0131n\u0131za ve SMS ve E-mail kutunuzun dolu olmamas\u0131na dikkat ediniz.  At\u00f6lye kay\u0131tlar\u0131 sat\u0131n alan ki\u015filere canl\u0131 yay\u0131n sonras\u0131ndaki g\u00fcnlerde yine ayn\u0131 kanallardan iletilecektir. Her at\u00f6lye kayd\u0131 bir ki\u015fi i\u00e7in ge\u00e7erlidir, yasal olarak bir ba\u015fkas\u0131 ile payla\u015f\u0131lamaz.","og_url":"https:\/\/astrologelvan.com\/magaza\/urun\/ideal-kilo-beden-atolyesi-elvan-lapis\/","og_site_name":"Astrolog Elvan","article_modified_time":"2025-10-06T05:15:45+00:00","og_image":[{"width":1000,"height":1300,"url":"https:\/\/astrologelvan.com\/magaza\/wp-content\/uploads\/2025\/05\/listeleme.webp","type":"image\/webp"}],"twitter_card":"summary_large_image","twitter_misc":{"Tahmini okuma s\u00fcresi":"1 dakika"},"schema":{"@context":"https:\/\/schema.org","@graph":[{"@type":["WebPage","ItemPage"],"@id":"https:\/\/astrologelvan.com\/magaza\/urun\/ideal-kilo-beden-atolyesi-elvan-lapis\/","url":"https:\/\/astrologelvan.com\/magaza\/urun\/ideal-kilo-beden-atolyesi-elvan-lapis\/","name":"\u0130deal Kilo Beden At\u00f6lyesi Kayd\u0131 |\u00a0Elvan Lapis - Astrolog Elvan","isPartOf":{"@id":"https:\/\/astrologelvan.com\/magaza\/#website"},"primaryImageOfPage":{"@id":"https:\/\/astrologelvan.com\/magaza\/urun\/ideal-kilo-beden-atolyesi-elvan-lapis\/#primaryimage"},"image":{"@id":"https:\/\/astrologelvan.com\/magaza\/urun\/ideal-kilo-beden-atolyesi-elvan-lapis\/#primaryimage"},"thumbnailUrl":"https:\/\/astrologelvan.com\/magaza\/wp-content\/uploads\/2025\/05\/listeleme.webp","datePublished":"2025-05-21T17:35:24+00:00","dateModified":"2025-10-06T05:15:45+00:00","breadcrumb":{"@id":"https:\/\/astrologelvan.com\/magaza\/urun\/ideal-kilo-beden-atolyesi-elvan-lapis\/#breadcrumb"},"inLanguage":"tr","potentialAction":[{"@type":"ReadAction","target":["https:\/\/astrologelvan.com\/magaza\/urun\/ideal-kilo-beden-atolyesi-elvan-lapis\/"]}]},{"@type":"ImageObject","inLanguage":"tr","@id":"https:\/\/astrologelvan.com\/magaza\/urun\/ideal-kilo-beden-atolyesi-elvan-lapis\/#primaryimage","url":"https:\/\/astrologelvan.com\/magaza\/wp-content\/uploads\/2025\/05\/listeleme.webp","contentUrl":"https:\/\/astrologelvan.com\/magaza\/wp-content\/uploads\/2025\/05\/listeleme.webp","width":1000,"height":1300},{"@type":"BreadcrumbList","@id":"https:\/\/astrologelvan.com\/magaza\/urun\/ideal-kilo-beden-atolyesi-elvan-lapis\/#breadcrumb","itemListElement":[{"@type":"ListItem","position":1,"name":"Anasayfa","item":"https:\/\/astrologelvan.com\/magaza\/"},{"@type":"ListItem","position":2,"name":"Ma\u011faza","item":"https:\/\/astrologelvan.com\/magaza\/magaza\/"},{"@type":"ListItem","position":3,"name":"\u0130deal Kilo Beden At\u00f6lyesi Kayd\u0131 |\u00a0Elvan Lapis"}]},{"@type":"WebSite","@id":"https:\/\/astrologelvan.com\/magaza\/#website","url":"https:\/\/astrologelvan.com\/magaza\/","name":"Astrolog Elvan","description":"","potentialAction":[{"@type":"SearchAction","target":{"@type":"EntryPoint","urlTemplate":"https:\/\/astrologelvan.com\/magaza\/?s={search_term_string}"},"query-input":{"@type":"PropertyValueSpecification","valueRequired":true,"valueName":"search_term_string"}}],"inLanguage":"tr"}]}},"_links":{"self":[{"href":"https:\/\/astrologelvan.com\/magaza\/wp-json\/wp\/v2\/product\/74206","targetHints":{"allow":["GET"]}}],"collection":[{"href":"https:\/\/astrologelvan.com\/magaza\/wp-json\/wp\/v2\/product"}],"about":[{"href":"https:\/\/astrologelvan.com\/magaza\/wp-json\/wp\/v2\/types\/product"}],"replies":[{"embeddable":true,"href":"https:\/\/astrologelvan.com\/magaza\/wp-json\/wp\/v2\/comments?post=74206"}],"wp:featuredmedia":[{"embeddable":true,"href":"https:\/\/astrologelvan.com\/magaza\/wp-json\/wp\/v2\/media\/74207"}],"wp:attachment":[{"href":"https:\/\/astrologelvan.com\/magaza\/wp-json\/wp\/v2\/media?parent=74206"}],"wp:term":[{"taxonomy":"product_brand","embeddable":true,"href":"https:\/\/astrologelvan.com\/magaza\/wp-json\/wp\/v2\/product_brand?post=74206"},{"taxonomy":"product_cat","embeddable":true,"href":"https:\/\/astrologelvan.com\/magaza\/wp-json\/wp\/v2\/product_cat?post=74206"},{"taxonomy":"product_tag","embeddable":true,"href":"https:\/\/astrologelvan.com\/magaza\/wp-json\/wp\/v2\/product_tag?post=74206"}],"curies":[{"name":"wp","href":"https:\/\/api.w.org\/{rel}","templated":true}]}}