{"id":730,"date":"2024-02-28T02:45:41","date_gmt":"2024-02-27T23:45:41","guid":{"rendered":"https:\/\/astrologelvan.shop\/?post_type=product&#038;p=730"},"modified":"2025-11-05T16:10:42","modified_gmt":"2025-11-05T13:10:42","slug":"dogal-tas-sitrin-agaci","status":"publish","type":"product","link":"https:\/\/astrologelvan.com\/magaza\/urun\/dogal-tas-sitrin-agaci\/","title":{"rendered":"DO\u011eAL TA\u015e S\u0130TR\u0130N A\u011eACI"},"content":{"rendered":"<p>Madagaskar ve Brezilya\u2019dan \u00e7\u0131kan Sitrin do\u011fal ta\u015f\u0131 Negatif enerjiyi dag\u0131t\u0131r. Ba\u015far\u0131 ta\u015f\u0131 olarak bilinen Sitrin ta\u015f\u0131 Auray\u0131 temizleyici etkileri vard\u0131r. Ba\u011f\u0131\u015f\u0131kl\u0131k sistemini g\u00fc\u00e7lendirir. Anti oksidan etkilidir. G\u00f6z hastal\u0131klar\u0131na kar\u015f\u0131 \u015fifal\u0131d\u0131r. B\u00f6brek, kolon sindirim organlar\u0131, ci\u011ferler ve kalp i\u00e7in faydal\u0131 bir ta\u015ft\u0131r. A\u015f\u0131r\u0131 k\u0131skan\u00e7l\u0131\u011f\u0131 ortadan kald\u0131r\u0131r Negatif enerjiyi al\u0131r ve ki\u015fiye cesaret verir. Korkular\u0131m\u0131z\u0131 yenmemizi sa\u011flar. Ba\u011f\u0131ml\u0131l\u0131klardan kurtulamay\u0131 sa\u011flar. Bedene canl\u0131l\u0131k verir. Hayat\u0131n\u0131za bolluk, bereket ve \u015fans\u0131 \u00e7ekin! Para ta\u015f\u0131 olarak da bilinen Sitrin kolyeyi kullanmaya ba\u015flad\u0131\u011f\u0131n\u0131z andan itibaren finansal a\u00e7\u0131dan f\u0131rsatlar\u0131 hayat\u0131n\u0131za \u00e7ekersiniz.<\/p>\n","protected":false},"excerpt":{"rendered":"<p><b>Ofisiniz de, Ya\u015fad\u0131\u011f\u0131n\u0131z alanlar da hem sizin hem de bulundu\u011funuz mekan\u0131n enerjisini dengeleyecektir.<\/b><\/p>\n<p><strong>\u00d6zellikle O\u011flak, Aslan, Yay, Bo\u011fa bur\u00e7lar\u0131 kullanabilir ya da bu bur\u00e7lara hediye alabilirsiniz.<\/strong><\/p>\n","protected":false},"featured_media":783,"comment_status":"open","ping_status":"closed","template":"","meta":[],"product_brand":[],"product_cat":[431,65],"product_tag":[],"class_list":{"0":"post-730","1":"product","2":"type-product","3":"status-publish","4":"has-post-thumbnail","6":"product_cat-burcuna-gore-dogal-tas-agaci","7":"product_cat-sitrin-dogal-tas","9":"first","10":"outofstock","11":"taxable","12":"shipping-taxable","13":"purchasable","14":"product-type-simple"},"yoast_head":"<!-- This site is optimized with the Yoast SEO plugin v27.3 - https:\/\/yoast.com\/product\/yoast-seo-wordpress\/ -->\n<title>DO\u011eAL TA\u015e S\u0130TR\u0130N A\u011eACI - Astrolog Elvan<\/title>\n<meta name=\"robots\" content=\"index, follow, max-snippet:-1, max-image-preview:large, max-video-preview:-1\" \/>\n<link rel=\"canonical\" href=\"https:\/\/astrologelvan.com\/magaza\/urun\/dogal-tas-sitrin-agaci\/\" \/>\n<meta property=\"og:locale\" content=\"tr_TR\" \/>\n<meta property=\"og:type\" content=\"article\" \/>\n<meta property=\"og:title\" content=\"DO\u011eAL TA\u015e S\u0130TR\u0130N A\u011eACI - Astrolog Elvan\" \/>\n<meta property=\"og:description\" content=\"Ofisiniz de, Ya\u015fad\u0131\u011f\u0131n\u0131z alanlar da hem sizin hem de bulundu\u011funuz mekan\u0131n enerjisini dengeleyecektir.  \u00d6zellikle O\u011flak, Aslan, Yay, Bo\u011fa bur\u00e7lar\u0131 kullanabilir ya da bu bur\u00e7lara hediye alabilirsiniz.\" \/>\n<meta property=\"og:url\" content=\"https:\/\/astrologelvan.com\/magaza\/urun\/dogal-tas-sitrin-agaci\/\" \/>\n<meta property=\"og:site_name\" content=\"Astrolog Elvan\" \/>\n<meta property=\"article:modified_time\" content=\"2025-11-05T13:10:42+00:00\" \/>\n<meta property=\"og:image\" content=\"https:\/\/astrologelvan.com\/magaza\/wp-content\/uploads\/2024\/02\/SITRIN-DOGAL-TAS-AGACI.jpg\" \/>\n\t<meta property=\"og:image:width\" content=\"1080\" \/>\n\t<meta property=\"og:image:height\" content=\"720\" \/>\n\t<meta property=\"og:image:type\" content=\"image\/jpeg\" \/>\n<meta name=\"twitter:card\" content=\"summary_large_image\" \/>\n<meta name=\"twitter:label1\" content=\"Tahmini okuma s\u00fcresi\" \/>\n\t<meta name=\"twitter:data1\" content=\"1 dakika\" \/>\n<script type=\"application\/ld+json\" class=\"yoast-schema-graph\">{\"@context\":\"https:\\\/\\\/schema.org\",\"@graph\":[{\"@type\":[\"WebPage\",\"ItemPage\"],\"@id\":\"https:\\\/\\\/astrologelvan.com\\\/magaza\\\/urun\\\/dogal-tas-sitrin-agaci\\\/\",\"url\":\"https:\\\/\\\/astrologelvan.com\\\/magaza\\\/urun\\\/dogal-tas-sitrin-agaci\\\/\",\"name\":\"DO\u011eAL TA\u015e S\u0130TR\u0130N A\u011eACI - Astrolog Elvan\",\"isPartOf\":{\"@id\":\"https:\\\/\\\/astrologelvan.com\\\/magaza\\\/#website\"},\"primaryImageOfPage\":{\"@id\":\"https:\\\/\\\/astrologelvan.com\\\/magaza\\\/urun\\\/dogal-tas-sitrin-agaci\\\/#primaryimage\"},\"image\":{\"@id\":\"https:\\\/\\\/astrologelvan.com\\\/magaza\\\/urun\\\/dogal-tas-sitrin-agaci\\\/#primaryimage\"},\"thumbnailUrl\":\"https:\\\/\\\/astrologelvan.com\\\/magaza\\\/wp-content\\\/uploads\\\/2024\\\/02\\\/SITRIN-DOGAL-TAS-AGACI.jpg\",\"datePublished\":\"2024-02-27T23:45:41+00:00\",\"dateModified\":\"2025-11-05T13:10:42+00:00\",\"breadcrumb\":{\"@id\":\"https:\\\/\\\/astrologelvan.com\\\/magaza\\\/urun\\\/dogal-tas-sitrin-agaci\\\/#breadcrumb\"},\"inLanguage\":\"tr\",\"potentialAction\":[{\"@type\":\"ReadAction\",\"target\":[\"https:\\\/\\\/astrologelvan.com\\\/magaza\\\/urun\\\/dogal-tas-sitrin-agaci\\\/\"]}]},{\"@type\":\"ImageObject\",\"inLanguage\":\"tr\",\"@id\":\"https:\\\/\\\/astrologelvan.com\\\/magaza\\\/urun\\\/dogal-tas-sitrin-agaci\\\/#primaryimage\",\"url\":\"https:\\\/\\\/astrologelvan.com\\\/magaza\\\/wp-content\\\/uploads\\\/2024\\\/02\\\/SITRIN-DOGAL-TAS-AGACI.jpg\",\"contentUrl\":\"https:\\\/\\\/astrologelvan.com\\\/magaza\\\/wp-content\\\/uploads\\\/2024\\\/02\\\/SITRIN-DOGAL-TAS-AGACI.jpg\",\"width\":1080,\"height\":720},{\"@type\":\"BreadcrumbList\",\"@id\":\"https:\\\/\\\/astrologelvan.com\\\/magaza\\\/urun\\\/dogal-tas-sitrin-agaci\\\/#breadcrumb\",\"itemListElement\":[{\"@type\":\"ListItem\",\"position\":1,\"name\":\"Anasayfa\",\"item\":\"https:\\\/\\\/astrologelvan.com\\\/magaza\\\/\"},{\"@type\":\"ListItem\",\"position\":2,\"name\":\"Ma\u011faza\",\"item\":\"https:\\\/\\\/astrologelvan.com\\\/magaza\\\/magaza\\\/\"},{\"@type\":\"ListItem\",\"position\":3,\"name\":\"DO\u011eAL TA\u015e S\u0130TR\u0130N A\u011eACI\"}]},{\"@type\":\"WebSite\",\"@id\":\"https:\\\/\\\/astrologelvan.com\\\/magaza\\\/#website\",\"url\":\"https:\\\/\\\/astrologelvan.com\\\/magaza\\\/\",\"name\":\"Astrolog Elvan\",\"description\":\"\",\"potentialAction\":[{\"@type\":\"SearchAction\",\"target\":{\"@type\":\"EntryPoint\",\"urlTemplate\":\"https:\\\/\\\/astrologelvan.com\\\/magaza\\\/?s={search_term_string}\"},\"query-input\":{\"@type\":\"PropertyValueSpecification\",\"valueRequired\":true,\"valueName\":\"search_term_string\"}}],\"inLanguage\":\"tr\"}]}<\/script>\n<!-- \/ Yoast SEO plugin. -->","yoast_head_json":{"title":"DO\u011eAL TA\u015e S\u0130TR\u0130N A\u011eACI - Astrolog Elvan","robots":{"index":"index","follow":"follow","max-snippet":"max-snippet:-1","max-image-preview":"max-image-preview:large","max-video-preview":"max-video-preview:-1"},"canonical":"https:\/\/astrologelvan.com\/magaza\/urun\/dogal-tas-sitrin-agaci\/","og_locale":"tr_TR","og_type":"article","og_title":"DO\u011eAL TA\u015e S\u0130TR\u0130N A\u011eACI - Astrolog Elvan","og_description":"Ofisiniz de, Ya\u015fad\u0131\u011f\u0131n\u0131z alanlar da hem sizin hem de bulundu\u011funuz mekan\u0131n enerjisini dengeleyecektir.  \u00d6zellikle O\u011flak, Aslan, Yay, Bo\u011fa bur\u00e7lar\u0131 kullanabilir ya da bu bur\u00e7lara hediye alabilirsiniz.","og_url":"https:\/\/astrologelvan.com\/magaza\/urun\/dogal-tas-sitrin-agaci\/","og_site_name":"Astrolog Elvan","article_modified_time":"2025-11-05T13:10:42+00:00","og_image":[{"width":1080,"height":720,"url":"https:\/\/astrologelvan.com\/magaza\/wp-content\/uploads\/2024\/02\/SITRIN-DOGAL-TAS-AGACI.jpg","type":"image\/jpeg"}],"twitter_card":"summary_large_image","twitter_misc":{"Tahmini okuma s\u00fcresi":"1 dakika"},"schema":{"@context":"https:\/\/schema.org","@graph":[{"@type":["WebPage","ItemPage"],"@id":"https:\/\/astrologelvan.com\/magaza\/urun\/dogal-tas-sitrin-agaci\/","url":"https:\/\/astrologelvan.com\/magaza\/urun\/dogal-tas-sitrin-agaci\/","name":"DO\u011eAL TA\u015e S\u0130TR\u0130N A\u011eACI - Astrolog Elvan","isPartOf":{"@id":"https:\/\/astrologelvan.com\/magaza\/#website"},"primaryImageOfPage":{"@id":"https:\/\/astrologelvan.com\/magaza\/urun\/dogal-tas-sitrin-agaci\/#primaryimage"},"image":{"@id":"https:\/\/astrologelvan.com\/magaza\/urun\/dogal-tas-sitrin-agaci\/#primaryimage"},"thumbnailUrl":"https:\/\/astrologelvan.com\/magaza\/wp-content\/uploads\/2024\/02\/SITRIN-DOGAL-TAS-AGACI.jpg","datePublished":"2024-02-27T23:45:41+00:00","dateModified":"2025-11-05T13:10:42+00:00","breadcrumb":{"@id":"https:\/\/astrologelvan.com\/magaza\/urun\/dogal-tas-sitrin-agaci\/#breadcrumb"},"inLanguage":"tr","potentialAction":[{"@type":"ReadAction","target":["https:\/\/astrologelvan.com\/magaza\/urun\/dogal-tas-sitrin-agaci\/"]}]},{"@type":"ImageObject","inLanguage":"tr","@id":"https:\/\/astrologelvan.com\/magaza\/urun\/dogal-tas-sitrin-agaci\/#primaryimage","url":"https:\/\/astrologelvan.com\/magaza\/wp-content\/uploads\/2024\/02\/SITRIN-DOGAL-TAS-AGACI.jpg","contentUrl":"https:\/\/astrologelvan.com\/magaza\/wp-content\/uploads\/2024\/02\/SITRIN-DOGAL-TAS-AGACI.jpg","width":1080,"height":720},{"@type":"BreadcrumbList","@id":"https:\/\/astrologelvan.com\/magaza\/urun\/dogal-tas-sitrin-agaci\/#breadcrumb","itemListElement":[{"@type":"ListItem","position":1,"name":"Anasayfa","item":"https:\/\/astrologelvan.com\/magaza\/"},{"@type":"ListItem","position":2,"name":"Ma\u011faza","item":"https:\/\/astrologelvan.com\/magaza\/magaza\/"},{"@type":"ListItem","position":3,"name":"DO\u011eAL TA\u015e S\u0130TR\u0130N A\u011eACI"}]},{"@type":"WebSite","@id":"https:\/\/astrologelvan.com\/magaza\/#website","url":"https:\/\/astrologelvan.com\/magaza\/","name":"Astrolog Elvan","description":"","potentialAction":[{"@type":"SearchAction","target":{"@type":"EntryPoint","urlTemplate":"https:\/\/astrologelvan.com\/magaza\/?s={search_term_string}"},"query-input":{"@type":"PropertyValueSpecification","valueRequired":true,"valueName":"search_term_string"}}],"inLanguage":"tr"}]}},"_links":{"self":[{"href":"https:\/\/astrologelvan.com\/magaza\/wp-json\/wp\/v2\/product\/730","targetHints":{"allow":["GET"]}}],"collection":[{"href":"https:\/\/astrologelvan.com\/magaza\/wp-json\/wp\/v2\/product"}],"about":[{"href":"https:\/\/astrologelvan.com\/magaza\/wp-json\/wp\/v2\/types\/product"}],"replies":[{"embeddable":true,"href":"https:\/\/astrologelvan.com\/magaza\/wp-json\/wp\/v2\/comments?post=730"}],"wp:featuredmedia":[{"embeddable":true,"href":"https:\/\/astrologelvan.com\/magaza\/wp-json\/wp\/v2\/media\/783"}],"wp:attachment":[{"href":"https:\/\/astrologelvan.com\/magaza\/wp-json\/wp\/v2\/media?parent=730"}],"wp:term":[{"taxonomy":"product_brand","embeddable":true,"href":"https:\/\/astrologelvan.com\/magaza\/wp-json\/wp\/v2\/product_brand?post=730"},{"taxonomy":"product_cat","embeddable":true,"href":"https:\/\/astrologelvan.com\/magaza\/wp-json\/wp\/v2\/product_cat?post=730"},{"taxonomy":"product_tag","embeddable":true,"href":"https:\/\/astrologelvan.com\/magaza\/wp-json\/wp\/v2\/product_tag?post=730"}],"curies":[{"name":"wp","href":"https:\/\/api.w.org\/{rel}","templated":true}]}}