{"id":716,"date":"2024-02-28T02:42:45","date_gmt":"2024-02-27T23:42:45","guid":{"rendered":"https:\/\/astrologelvan.shop\/?post_type=product&#038;p=716"},"modified":"2026-04-09T13:50:47","modified_gmt":"2026-04-09T10:50:47","slug":"altigen-form-baby-apatit-tasi-kolye","status":"publish","type":"product","link":"https:\/\/astrologelvan.com\/magaza\/urun\/altigen-form-baby-apatit-tasi-kolye\/","title":{"rendered":"BABY APAT\u0130T TA\u015eI KOLYE ALTIGEN FORM"},"content":{"rendered":"<p style=\"font-weight: 400\"><span data-originalfontsize=\"9.5pt\" data-originalcomputedfontsize=\"12.666667\">Cinsiyet : unisex <\/span><\/p>\n<p style=\"font-weight: 400\"><span data-originalfontsize=\"9.5pt\" data-originalcomputedfontsize=\"12.666667\">Kategori : Kolye<\/span><\/p>\n<p style=\"font-weight: 400\"><span data-originalfontsize=\"9.5pt\" data-originalcomputedfontsize=\"12.666667\">Marka :D\u00fcnya do\u011fal ta\u015f<\/span><\/p>\n<p style=\"font-weight: 400\"><span data-originalfontsize=\"9.5pt\" data-originalcomputedfontsize=\"12.666667\">Materya : Do\u011fal Ta\u015f<\/span><\/p>\n<p style=\"font-weight: 400\"><span data-originalfontsize=\"9.5pt\" data-originalcomputedfontsize=\"12.666667\">\u00d6l\u00fc\u00e7\u00fc : 45 cm<\/span><\/p>\n<p style=\"font-weight: 400\"><span data-originalfontsize=\"9.5pt\" data-originalcomputedfontsize=\"12.666667\">T\u00fcr\u00fc :Zincir kolye<\/span><\/p>\n<p style=\"font-weight: 400\"><span data-originalfontsize=\"9.5pt\" data-originalcomputedfontsize=\"12.666667\">Renk : Mavi<\/span><\/p>\n<p style=\"font-weight: 400\"><span data-originalfontsize=\"9.5pt\" data-originalcomputedfontsize=\"12.666667\">Ta\u00e7 Cinsi : Apatit<\/span><\/p>\n<p><strong>Tak\u0131lar\u0131n\u0131z\u0131n uzun s\u00fcre kullanabilmesi i\u00e7in; Parf\u00fcm, su, s\u0131v\u0131, dezenfektan, krem v.b. gibi maddelerle temas etmemesi, du\u015f-banyo s\u0131ras\u0131nda \u00e7\u0131kart\u0131lmas\u0131 gerekmektedir. Ki\u015finin ter-ten yap\u0131s\u0131na g\u00f6re de etkilenmektedir. Tak\u0131lar\u0131n\u0131z\u0131 kullanmad\u0131\u011f\u0131n\u0131z zamanlarda kesesinde saklaman\u0131z\u0131 \u00f6neririz.<\/strong><\/p>\n<p><strong>Do\u011fal ta\u015flar\u0131n belirli titre\u015fimlere ve frekanslara sahip oldu\u011fu bilinmektedir. Bu nedenle v\u00fccudumuzda ve auram\u0131zda birtak\u0131m iyi etkileri oldu\u011fu s\u00f6ylenmektedir. Ta\u015flar\u0131n \u00f6zelliklerinin bilimsel kesinli\u011fi yoktur. Astrologelvan ma\u011fazas\u0131ndaki t\u00fcm ta\u015flar orijinal, ger\u00e7ek do\u011fal ta\u015flard\u0131r. T\u0131bbi konularda doktora dan\u0131\u015fman\u0131z\u0131 tavsiye ederiz. Ta\u015flar\u0131n tedavi edici \u00f6zelli\u011fi yoktur, sadece ki\u015fisel enerjimizi y\u00fckseltmekte ve astrolojik olarak da temsil etti\u011fi gezegenlerin etkilerini artt\u0131rmakta oldu\u011fu kabul edilir. \u00d6rne\u011fin; pembe kuvars ta\u015f\u0131 a\u015fk ve sevgi gezegeni Ven\u00fcs&#8217;\u00fcn ta\u015f\u0131d\u0131r ve bu sebeple \u00fczerinde ta\u015f\u0131yan ki\u015finin a\u015fk ve sevgi frekans\u0131n\u0131 y\u00fckseltti\u011fi bilinir.<\/strong><\/p>\n","protected":false},"excerpt":{"rendered":"<p style=\"font-weight: 400\"><span data-originalfontsize=\"9.5pt\" data-originalcomputedfontsize=\"12.666667\">Renkleri beyazdan ye\u015filimsi sar\u0131ya, kahverengi ve menek\u015fe aras\u0131nda de\u011fi\u015fir! Opak , yar\u0131 saydam veya \u015feffaf olabilir. Metafizik alan\u0131nda kullan\u0131m i\u00e7in en \u00f6nemli renkler mavi, ye\u015fil ve alt\u0131nd\u0131r. Apatit ta\u015flar\u0131 ilk olarak 1786\u2019da AG Werner taraf\u0131ndan ke\u015ffedilmi\u015ftir, ancak bir\u00e7ok ki\u015finin onu Peridot ve Beril gibi di\u011fer minerallerle kar\u0131\u015ft\u0131rmas\u0131 nedeniyle ad\u0131 Yunanca \u2018apatao\u2019 yani \u201caldatmak\u201d anlam\u0131na gelen kelimeden gelmektedir. Bunun nedeni, kimyasal bile\u015fiminin di\u011fer bir\u00e7ok ta\u015f\u0131n kimyasal bile\u015fimini neredeyse taklit etmesidir.<\/span><\/p>\n<ul>\n<li style=\"font-weight: 400\"><span data-removefontsize=\"true\" data-originalcomputedfontsize=\"14.666667\">Apatit ta\u015f\u0131, a\u011fr\u0131 kesici etkiye sahiptir. \u00d6zellikle kemik ve di\u015f a\u011fr\u0131lar\u0131nda yard\u0131mc\u0131 oldu\u011fu bilinir. <\/span><\/li>\n<li style=\"font-weight: 400\"><span data-removefontsize=\"true\" data-originalcomputedfontsize=\"14.666667\">Fiziksel ve zihinsel problemlerin \u00e7\u00f6z\u00fcm\u00fcnde etkili bir ta\u015ft\u0131r.<\/span><\/li>\n<li style=\"font-weight: 400\"><span data-removefontsize=\"true\" data-originalcomputedfontsize=\"14.666667\">Kilo vermenize yard\u0131mc\u0131 olur. Tok tutma \u00f6zelli\u011fi oldu\u011fundan diyet yapanlar i\u00e7in tavsiye edilir. A\u00e7l\u0131k hissini giderici etkisi vard\u0131r.<\/span><\/li>\n<li style=\"font-weight: 400\"><span data-removefontsize=\"true\" data-originalcomputedfontsize=\"14.666667\">Psi\u015fik yetenekleri kuvvetlendirir.<\/span><\/li>\n<li style=\"font-weight: 400\"><span data-removefontsize=\"true\" data-originalcomputedfontsize=\"14.666667\">\u00d6zg\u00fcveni artt\u0131rmak ve daha iyi ileti\u015fim kurmak i\u00e7in faydal\u0131 bir ta\u015ft\u0131r. Ki\u015finin ki\u015fisel geli\u015fimine olumlu etkisi bulunmakt\u0131r. <\/span><\/li>\n<li style=\"font-weight: 400\"><span data-removefontsize=\"true\" data-originalcomputedfontsize=\"14.666667\">Stresi azalt\u0131r.<\/span><\/li>\n<li style=\"font-weight: 400\"><span data-removefontsize=\"true\" data-originalcomputedfontsize=\"14.666667\">Kas yap\u0131s\u0131n\u0131n g\u00fc\u00e7lenmesine yard\u0131mc\u0131 etkisi vard\u0131r.<\/span><\/li>\n<li style=\"font-weight: 400\"><span data-removefontsize=\"true\" data-originalcomputedfontsize=\"14.666667\">Mavi renkte olan apatit ta\u015f\u0131 kekemeli\u011fin azalmas\u0131nda destekleyici olarak kullan\u0131labilir.<\/span><\/li>\n<\/ul>\n<p>&nbsp;<\/p>\n","protected":false},"featured_media":10229,"comment_status":"open","ping_status":"closed","template":"","meta":[],"product_brand":[596],"product_cat":[427,91,48,7455],"product_tag":[428,429,39,430,63],"class_list":{"0":"post-716","1":"product","2":"type-product","3":"status-publish","4":"has-post-thumbnail","6":"product_brand-astrolog-elvan","7":"product_cat-apatit-tasi","8":"product_cat-baby-kolye-serisi","9":"product_cat-kolyeler","10":"product_cat--kolyeler","11":"product_tag-apatit-tasi","12":"product_tag-apatit-tasi-kolye","13":"product_tag-astrolog-elvan","14":"product_tag-dogal-apatit-tasi-kolye","15":"product_tag-dogal-tas-kolye","17":"first","18":"instock","19":"featured","20":"taxable","21":"shipping-taxable","22":"purchasable","23":"product-type-simple"},"yoast_head":"<!-- This site is optimized with the Yoast SEO plugin v27.3 - https:\/\/yoast.com\/product\/yoast-seo-wordpress\/ -->\n<title>BABY APAT\u0130T TA\u015eI KOLYE ALTIGEN FORM - Astrolog Elvan<\/title>\n<meta name=\"robots\" content=\"index, follow, max-snippet:-1, max-image-preview:large, max-video-preview:-1\" \/>\n<link rel=\"canonical\" href=\"https:\/\/astrologelvan.com\/magaza\/urun\/altigen-form-baby-apatit-tasi-kolye\/\" \/>\n<meta property=\"og:locale\" content=\"tr_TR\" \/>\n<meta property=\"og:type\" content=\"article\" \/>\n<meta property=\"og:title\" content=\"BABY APAT\u0130T TA\u015eI KOLYE ALTIGEN FORM - Astrolog Elvan\" \/>\n<meta property=\"og:description\" content=\"Renkleri beyazdan ye\u015filimsi sar\u0131ya, kahverengi ve menek\u015fe aras\u0131nda de\u011fi\u015fir! Opak , yar\u0131 saydam veya \u015feffaf olabilir. Metafizik alan\u0131nda kullan\u0131m i\u00e7in en \u00f6nemli renkler mavi, ye\u015fil ve alt\u0131nd\u0131r. Apatit ta\u015flar\u0131 ilk olarak 1786\u2019da AG Werner taraf\u0131ndan ke\u015ffedilmi\u015ftir, ancak bir\u00e7ok ki\u015finin onu Peridot ve Beril gibi di\u011fer minerallerle kar\u0131\u015ft\u0131rmas\u0131 nedeniyle ad\u0131 Yunanca \u2018apatao\u2019 yani \u201caldatmak\u201d anlam\u0131na gelen kelimeden gelmektedir. Bunun nedeni, kimyasal bile\u015fiminin di\u011fer bir\u00e7ok ta\u015f\u0131n kimyasal bile\u015fimini neredeyse taklit etmesidir.    Apatit ta\u015f\u0131, a\u011fr\u0131 kesici etkiye sahiptir. \u00d6zellikle kemik ve di\u015f a\u011fr\u0131lar\u0131nda yard\u0131mc\u0131 oldu\u011fu bilinir.   Fiziksel ve zihinsel problemlerin \u00e7\u00f6z\u00fcm\u00fcnde etkili bir ta\u015ft\u0131r.  Kilo vermenize yard\u0131mc\u0131 olur. Tok tutma \u00f6zelli\u011fi oldu\u011fundan diyet yapanlar i\u00e7in tavsiye edilir. A\u00e7l\u0131k hissini giderici etkisi vard\u0131r.  Psi\u015fik yetenekleri kuvvetlendirir.  \u00d6zg\u00fcveni artt\u0131rmak ve daha iyi ileti\u015fim kurmak i\u00e7in faydal\u0131 bir ta\u015ft\u0131r. Ki\u015finin ki\u015fisel geli\u015fimine olumlu etkisi bulunmakt\u0131r.   Stresi azalt\u0131r.  Kas yap\u0131s\u0131n\u0131n g\u00fc\u00e7lenmesine yard\u0131mc\u0131 etkisi vard\u0131r.  Mavi renkte olan apatit ta\u015f\u0131 kekemeli\u011fin azalmas\u0131nda destekleyici olarak kullan\u0131labilir.  &nbsp;\" \/>\n<meta property=\"og:url\" content=\"https:\/\/astrologelvan.com\/magaza\/urun\/altigen-form-baby-apatit-tasi-kolye\/\" \/>\n<meta property=\"og:site_name\" content=\"Astrolog Elvan\" \/>\n<meta property=\"article:modified_time\" content=\"2026-04-09T10:50:47+00:00\" \/>\n<meta property=\"og:image\" content=\"https:\/\/astrologelvan.com\/magaza\/wp-content\/uploads\/2024\/02\/1-139-scaled.jpg\" \/>\n\t<meta property=\"og:image:width\" content=\"2560\" \/>\n\t<meta property=\"og:image:height\" content=\"2560\" \/>\n\t<meta property=\"og:image:type\" content=\"image\/jpeg\" \/>\n<meta name=\"twitter:card\" content=\"summary_large_image\" \/>\n<meta name=\"twitter:label1\" content=\"Tahmini okuma s\u00fcresi\" \/>\n\t<meta name=\"twitter:data1\" content=\"2 dakika\" \/>\n<script type=\"application\/ld+json\" class=\"yoast-schema-graph\">{\"@context\":\"https:\\\/\\\/schema.org\",\"@graph\":[{\"@type\":[\"WebPage\",\"ItemPage\"],\"@id\":\"https:\\\/\\\/astrologelvan.com\\\/magaza\\\/urun\\\/altigen-form-baby-apatit-tasi-kolye\\\/\",\"url\":\"https:\\\/\\\/astrologelvan.com\\\/magaza\\\/urun\\\/altigen-form-baby-apatit-tasi-kolye\\\/\",\"name\":\"BABY APAT\u0130T TA\u015eI KOLYE ALTIGEN FORM - Astrolog Elvan\",\"isPartOf\":{\"@id\":\"https:\\\/\\\/astrologelvan.com\\\/magaza\\\/#website\"},\"primaryImageOfPage\":{\"@id\":\"https:\\\/\\\/astrologelvan.com\\\/magaza\\\/urun\\\/altigen-form-baby-apatit-tasi-kolye\\\/#primaryimage\"},\"image\":{\"@id\":\"https:\\\/\\\/astrologelvan.com\\\/magaza\\\/urun\\\/altigen-form-baby-apatit-tasi-kolye\\\/#primaryimage\"},\"thumbnailUrl\":\"https:\\\/\\\/astrologelvan.com\\\/magaza\\\/wp-content\\\/uploads\\\/2024\\\/02\\\/1-139-scaled.jpg\",\"datePublished\":\"2024-02-27T23:42:45+00:00\",\"dateModified\":\"2026-04-09T10:50:47+00:00\",\"breadcrumb\":{\"@id\":\"https:\\\/\\\/astrologelvan.com\\\/magaza\\\/urun\\\/altigen-form-baby-apatit-tasi-kolye\\\/#breadcrumb\"},\"inLanguage\":\"tr\",\"potentialAction\":[{\"@type\":\"ReadAction\",\"target\":[\"https:\\\/\\\/astrologelvan.com\\\/magaza\\\/urun\\\/altigen-form-baby-apatit-tasi-kolye\\\/\"]}]},{\"@type\":\"ImageObject\",\"inLanguage\":\"tr\",\"@id\":\"https:\\\/\\\/astrologelvan.com\\\/magaza\\\/urun\\\/altigen-form-baby-apatit-tasi-kolye\\\/#primaryimage\",\"url\":\"https:\\\/\\\/astrologelvan.com\\\/magaza\\\/wp-content\\\/uploads\\\/2024\\\/02\\\/1-139-scaled.jpg\",\"contentUrl\":\"https:\\\/\\\/astrologelvan.com\\\/magaza\\\/wp-content\\\/uploads\\\/2024\\\/02\\\/1-139-scaled.jpg\",\"width\":2560,\"height\":2560},{\"@type\":\"BreadcrumbList\",\"@id\":\"https:\\\/\\\/astrologelvan.com\\\/magaza\\\/urun\\\/altigen-form-baby-apatit-tasi-kolye\\\/#breadcrumb\",\"itemListElement\":[{\"@type\":\"ListItem\",\"position\":1,\"name\":\"Anasayfa\",\"item\":\"https:\\\/\\\/astrologelvan.com\\\/magaza\\\/\"},{\"@type\":\"ListItem\",\"position\":2,\"name\":\"Ma\u011faza\",\"item\":\"https:\\\/\\\/astrologelvan.com\\\/magaza\\\/magaza\\\/\"},{\"@type\":\"ListItem\",\"position\":3,\"name\":\"BABY APAT\u0130T TA\u015eI KOLYE ALTIGEN FORM\"}]},{\"@type\":\"WebSite\",\"@id\":\"https:\\\/\\\/astrologelvan.com\\\/magaza\\\/#website\",\"url\":\"https:\\\/\\\/astrologelvan.com\\\/magaza\\\/\",\"name\":\"Astrolog Elvan\",\"description\":\"\",\"potentialAction\":[{\"@type\":\"SearchAction\",\"target\":{\"@type\":\"EntryPoint\",\"urlTemplate\":\"https:\\\/\\\/astrologelvan.com\\\/magaza\\\/?s={search_term_string}\"},\"query-input\":{\"@type\":\"PropertyValueSpecification\",\"valueRequired\":true,\"valueName\":\"search_term_string\"}}],\"inLanguage\":\"tr\"}]}<\/script>\n<!-- \/ Yoast SEO plugin. -->","yoast_head_json":{"title":"BABY APAT\u0130T TA\u015eI KOLYE ALTIGEN FORM - Astrolog Elvan","robots":{"index":"index","follow":"follow","max-snippet":"max-snippet:-1","max-image-preview":"max-image-preview:large","max-video-preview":"max-video-preview:-1"},"canonical":"https:\/\/astrologelvan.com\/magaza\/urun\/altigen-form-baby-apatit-tasi-kolye\/","og_locale":"tr_TR","og_type":"article","og_title":"BABY APAT\u0130T TA\u015eI KOLYE ALTIGEN FORM - Astrolog Elvan","og_description":"Renkleri beyazdan ye\u015filimsi sar\u0131ya, kahverengi ve menek\u015fe aras\u0131nda de\u011fi\u015fir! Opak , yar\u0131 saydam veya \u015feffaf olabilir. Metafizik alan\u0131nda kullan\u0131m i\u00e7in en \u00f6nemli renkler mavi, ye\u015fil ve alt\u0131nd\u0131r. Apatit ta\u015flar\u0131 ilk olarak 1786\u2019da AG Werner taraf\u0131ndan ke\u015ffedilmi\u015ftir, ancak bir\u00e7ok ki\u015finin onu Peridot ve Beril gibi di\u011fer minerallerle kar\u0131\u015ft\u0131rmas\u0131 nedeniyle ad\u0131 Yunanca \u2018apatao\u2019 yani \u201caldatmak\u201d anlam\u0131na gelen kelimeden gelmektedir. Bunun nedeni, kimyasal bile\u015fiminin di\u011fer bir\u00e7ok ta\u015f\u0131n kimyasal bile\u015fimini neredeyse taklit etmesidir.    Apatit ta\u015f\u0131, a\u011fr\u0131 kesici etkiye sahiptir. \u00d6zellikle kemik ve di\u015f a\u011fr\u0131lar\u0131nda yard\u0131mc\u0131 oldu\u011fu bilinir.   Fiziksel ve zihinsel problemlerin \u00e7\u00f6z\u00fcm\u00fcnde etkili bir ta\u015ft\u0131r.  Kilo vermenize yard\u0131mc\u0131 olur. Tok tutma \u00f6zelli\u011fi oldu\u011fundan diyet yapanlar i\u00e7in tavsiye edilir. A\u00e7l\u0131k hissini giderici etkisi vard\u0131r.  Psi\u015fik yetenekleri kuvvetlendirir.  \u00d6zg\u00fcveni artt\u0131rmak ve daha iyi ileti\u015fim kurmak i\u00e7in faydal\u0131 bir ta\u015ft\u0131r. Ki\u015finin ki\u015fisel geli\u015fimine olumlu etkisi bulunmakt\u0131r.   Stresi azalt\u0131r.  Kas yap\u0131s\u0131n\u0131n g\u00fc\u00e7lenmesine yard\u0131mc\u0131 etkisi vard\u0131r.  Mavi renkte olan apatit ta\u015f\u0131 kekemeli\u011fin azalmas\u0131nda destekleyici olarak kullan\u0131labilir.  &nbsp;","og_url":"https:\/\/astrologelvan.com\/magaza\/urun\/altigen-form-baby-apatit-tasi-kolye\/","og_site_name":"Astrolog Elvan","article_modified_time":"2026-04-09T10:50:47+00:00","og_image":[{"width":2560,"height":2560,"url":"https:\/\/astrologelvan.com\/magaza\/wp-content\/uploads\/2024\/02\/1-139-scaled.jpg","type":"image\/jpeg"}],"twitter_card":"summary_large_image","twitter_misc":{"Tahmini okuma s\u00fcresi":"2 dakika"},"schema":{"@context":"https:\/\/schema.org","@graph":[{"@type":["WebPage","ItemPage"],"@id":"https:\/\/astrologelvan.com\/magaza\/urun\/altigen-form-baby-apatit-tasi-kolye\/","url":"https:\/\/astrologelvan.com\/magaza\/urun\/altigen-form-baby-apatit-tasi-kolye\/","name":"BABY APAT\u0130T TA\u015eI KOLYE ALTIGEN FORM - Astrolog Elvan","isPartOf":{"@id":"https:\/\/astrologelvan.com\/magaza\/#website"},"primaryImageOfPage":{"@id":"https:\/\/astrologelvan.com\/magaza\/urun\/altigen-form-baby-apatit-tasi-kolye\/#primaryimage"},"image":{"@id":"https:\/\/astrologelvan.com\/magaza\/urun\/altigen-form-baby-apatit-tasi-kolye\/#primaryimage"},"thumbnailUrl":"https:\/\/astrologelvan.com\/magaza\/wp-content\/uploads\/2024\/02\/1-139-scaled.jpg","datePublished":"2024-02-27T23:42:45+00:00","dateModified":"2026-04-09T10:50:47+00:00","breadcrumb":{"@id":"https:\/\/astrologelvan.com\/magaza\/urun\/altigen-form-baby-apatit-tasi-kolye\/#breadcrumb"},"inLanguage":"tr","potentialAction":[{"@type":"ReadAction","target":["https:\/\/astrologelvan.com\/magaza\/urun\/altigen-form-baby-apatit-tasi-kolye\/"]}]},{"@type":"ImageObject","inLanguage":"tr","@id":"https:\/\/astrologelvan.com\/magaza\/urun\/altigen-form-baby-apatit-tasi-kolye\/#primaryimage","url":"https:\/\/astrologelvan.com\/magaza\/wp-content\/uploads\/2024\/02\/1-139-scaled.jpg","contentUrl":"https:\/\/astrologelvan.com\/magaza\/wp-content\/uploads\/2024\/02\/1-139-scaled.jpg","width":2560,"height":2560},{"@type":"BreadcrumbList","@id":"https:\/\/astrologelvan.com\/magaza\/urun\/altigen-form-baby-apatit-tasi-kolye\/#breadcrumb","itemListElement":[{"@type":"ListItem","position":1,"name":"Anasayfa","item":"https:\/\/astrologelvan.com\/magaza\/"},{"@type":"ListItem","position":2,"name":"Ma\u011faza","item":"https:\/\/astrologelvan.com\/magaza\/magaza\/"},{"@type":"ListItem","position":3,"name":"BABY APAT\u0130T TA\u015eI KOLYE ALTIGEN FORM"}]},{"@type":"WebSite","@id":"https:\/\/astrologelvan.com\/magaza\/#website","url":"https:\/\/astrologelvan.com\/magaza\/","name":"Astrolog Elvan","description":"","potentialAction":[{"@type":"SearchAction","target":{"@type":"EntryPoint","urlTemplate":"https:\/\/astrologelvan.com\/magaza\/?s={search_term_string}"},"query-input":{"@type":"PropertyValueSpecification","valueRequired":true,"valueName":"search_term_string"}}],"inLanguage":"tr"}]}},"_links":{"self":[{"href":"https:\/\/astrologelvan.com\/magaza\/wp-json\/wp\/v2\/product\/716","targetHints":{"allow":["GET"]}}],"collection":[{"href":"https:\/\/astrologelvan.com\/magaza\/wp-json\/wp\/v2\/product"}],"about":[{"href":"https:\/\/astrologelvan.com\/magaza\/wp-json\/wp\/v2\/types\/product"}],"replies":[{"embeddable":true,"href":"https:\/\/astrologelvan.com\/magaza\/wp-json\/wp\/v2\/comments?post=716"}],"wp:featuredmedia":[{"embeddable":true,"href":"https:\/\/astrologelvan.com\/magaza\/wp-json\/wp\/v2\/media\/10229"}],"wp:attachment":[{"href":"https:\/\/astrologelvan.com\/magaza\/wp-json\/wp\/v2\/media?parent=716"}],"wp:term":[{"taxonomy":"product_brand","embeddable":true,"href":"https:\/\/astrologelvan.com\/magaza\/wp-json\/wp\/v2\/product_brand?post=716"},{"taxonomy":"product_cat","embeddable":true,"href":"https:\/\/astrologelvan.com\/magaza\/wp-json\/wp\/v2\/product_cat?post=716"},{"taxonomy":"product_tag","embeddable":true,"href":"https:\/\/astrologelvan.com\/magaza\/wp-json\/wp\/v2\/product_tag?post=716"}],"curies":[{"name":"wp","href":"https:\/\/api.w.org\/{rel}","templated":true}]}}