{"id":71409,"date":"2025-05-08T17:21:26","date_gmt":"2025-05-08T14:21:26","guid":{"rendered":"https:\/\/astrologelvan.com\/magaza\/?post_type=product&#038;p=71409"},"modified":"2025-10-06T08:15:45","modified_gmt":"2025-10-06T05:15:45","slug":"ozel-seri-pembe-kuvars-kolye-2","status":"publish","type":"product","link":"https:\/\/astrologelvan.com\/magaza\/urun\/ozel-seri-pembe-kuvars-kolye-2\/","title":{"rendered":"\u00d6zel Seri Pembe Kuvars Kolye 2"},"content":{"rendered":"","protected":false},"excerpt":{"rendered":"<p>Pembe Kuvars, sevgi, huzur ve duygusal dengeyi temsil eden g\u00fc\u00e7l\u00fc bir kristaldir. Kalp \u00e7akras\u0131yla uyumlu olan bu ta\u015f, a\u015fk enerjisini art\u0131r\u0131r, negatif duygular\u0131 yat\u0131\u015ft\u0131r\u0131r ve ruhsal iyile\u015fmeye destek olur.<\/p>\n","protected":false},"featured_media":71410,"comment_status":"open","ping_status":"closed","template":"","meta":[],"product_brand":[],"product_cat":[129,34],"product_tag":[],"class_list":{"0":"post-71409","1":"product","2":"type-product","3":"status-publish","4":"has-post-thumbnail","6":"product_cat-ozel-kolye-serisi","7":"product_cat-pembe-kuvars","9":"first","10":"instock","11":"purchasable","12":"product-type-simple"},"yoast_head":"<!-- This site is optimized with the Yoast SEO plugin v27.2 - https:\/\/yoast.com\/product\/yoast-seo-wordpress\/ -->\n<title>\u00d6zel Seri Pembe Kuvars Kolye 2 - Astrolog Elvan<\/title>\n<meta name=\"robots\" content=\"index, follow, max-snippet:-1, max-image-preview:large, max-video-preview:-1\" \/>\n<link rel=\"canonical\" href=\"https:\/\/astrologelvan.com\/magaza\/urun\/ozel-seri-pembe-kuvars-kolye-2\/\" \/>\n<meta property=\"og:locale\" content=\"tr_TR\" \/>\n<meta property=\"og:type\" content=\"article\" \/>\n<meta property=\"og:title\" content=\"\u00d6zel Seri Pembe Kuvars Kolye 2 - Astrolog Elvan\" \/>\n<meta property=\"og:description\" content=\"Pembe Kuvars, sevgi, huzur ve duygusal dengeyi temsil eden g\u00fc\u00e7l\u00fc bir kristaldir. Kalp \u00e7akras\u0131yla uyumlu olan bu ta\u015f, a\u015fk enerjisini art\u0131r\u0131r, negatif duygular\u0131 yat\u0131\u015ft\u0131r\u0131r ve ruhsal iyile\u015fmeye destek olur.\" \/>\n<meta property=\"og:url\" content=\"https:\/\/astrologelvan.com\/magaza\/urun\/ozel-seri-pembe-kuvars-kolye-2\/\" \/>\n<meta property=\"og:site_name\" content=\"Astrolog Elvan\" \/>\n<meta property=\"article:modified_time\" content=\"2025-10-06T05:15:45+00:00\" \/>\n<meta property=\"og:image\" content=\"https:\/\/astrologelvan.com\/magaza\/wp-content\/uploads\/2025\/05\/pembe-kuvars-deri-model-scaled.jpg\" \/>\n\t<meta property=\"og:image:width\" content=\"1707\" \/>\n\t<meta property=\"og:image:height\" content=\"2560\" \/>\n\t<meta property=\"og:image:type\" content=\"image\/jpeg\" \/>\n<meta name=\"twitter:card\" content=\"summary_large_image\" \/>\n<meta name=\"twitter:label1\" content=\"Tahmini okuma s\u00fcresi\" \/>\n\t<meta name=\"twitter:data1\" content=\"1 dakika\" \/>\n<script type=\"application\/ld+json\" class=\"yoast-schema-graph\">{\"@context\":\"https:\/\/schema.org\",\"@graph\":[{\"@type\":[\"WebPage\",\"ItemPage\"],\"@id\":\"https:\/\/astrologelvan.com\/magaza\/urun\/ozel-seri-pembe-kuvars-kolye-2\/\",\"url\":\"https:\/\/astrologelvan.com\/magaza\/urun\/ozel-seri-pembe-kuvars-kolye-2\/\",\"name\":\"\u00d6zel Seri Pembe Kuvars Kolye 2 - Astrolog Elvan\",\"isPartOf\":{\"@id\":\"https:\/\/astrologelvan.com\/magaza\/#website\"},\"primaryImageOfPage\":{\"@id\":\"https:\/\/astrologelvan.com\/magaza\/urun\/ozel-seri-pembe-kuvars-kolye-2\/#primaryimage\"},\"image\":{\"@id\":\"https:\/\/astrologelvan.com\/magaza\/urun\/ozel-seri-pembe-kuvars-kolye-2\/#primaryimage\"},\"thumbnailUrl\":\"https:\/\/astrologelvan.com\/magaza\/wp-content\/uploads\/2025\/05\/pembe-kuvars-deri-model-scaled.jpg\",\"datePublished\":\"2025-05-08T14:21:26+00:00\",\"dateModified\":\"2025-10-06T05:15:45+00:00\",\"breadcrumb\":{\"@id\":\"https:\/\/astrologelvan.com\/magaza\/urun\/ozel-seri-pembe-kuvars-kolye-2\/#breadcrumb\"},\"inLanguage\":\"tr\",\"potentialAction\":[{\"@type\":\"ReadAction\",\"target\":[\"https:\/\/astrologelvan.com\/magaza\/urun\/ozel-seri-pembe-kuvars-kolye-2\/\"]}]},{\"@type\":\"ImageObject\",\"inLanguage\":\"tr\",\"@id\":\"https:\/\/astrologelvan.com\/magaza\/urun\/ozel-seri-pembe-kuvars-kolye-2\/#primaryimage\",\"url\":\"https:\/\/astrologelvan.com\/magaza\/wp-content\/uploads\/2025\/05\/pembe-kuvars-deri-model-scaled.jpg\",\"contentUrl\":\"https:\/\/astrologelvan.com\/magaza\/wp-content\/uploads\/2025\/05\/pembe-kuvars-deri-model-scaled.jpg\",\"width\":1707,\"height\":2560},{\"@type\":\"BreadcrumbList\",\"@id\":\"https:\/\/astrologelvan.com\/magaza\/urun\/ozel-seri-pembe-kuvars-kolye-2\/#breadcrumb\",\"itemListElement\":[{\"@type\":\"ListItem\",\"position\":1,\"name\":\"Anasayfa\",\"item\":\"https:\/\/astrologelvan.com\/magaza\/\"},{\"@type\":\"ListItem\",\"position\":2,\"name\":\"Ma\u011faza\",\"item\":\"https:\/\/astrologelvan.com\/magaza\/magaza\/\"},{\"@type\":\"ListItem\",\"position\":3,\"name\":\"\u00d6zel Seri Pembe Kuvars Kolye 2\"}]},{\"@type\":\"WebSite\",\"@id\":\"https:\/\/astrologelvan.com\/magaza\/#website\",\"url\":\"https:\/\/astrologelvan.com\/magaza\/\",\"name\":\"Astrolog Elvan\",\"description\":\"\",\"potentialAction\":[{\"@type\":\"SearchAction\",\"target\":{\"@type\":\"EntryPoint\",\"urlTemplate\":\"https:\/\/astrologelvan.com\/magaza\/?s={search_term_string}\"},\"query-input\":{\"@type\":\"PropertyValueSpecification\",\"valueRequired\":true,\"valueName\":\"search_term_string\"}}],\"inLanguage\":\"tr\"}]}<\/script>\n<!-- \/ Yoast SEO plugin. -->","yoast_head_json":{"title":"\u00d6zel Seri Pembe Kuvars Kolye 2 - Astrolog Elvan","robots":{"index":"index","follow":"follow","max-snippet":"max-snippet:-1","max-image-preview":"max-image-preview:large","max-video-preview":"max-video-preview:-1"},"canonical":"https:\/\/astrologelvan.com\/magaza\/urun\/ozel-seri-pembe-kuvars-kolye-2\/","og_locale":"tr_TR","og_type":"article","og_title":"\u00d6zel Seri Pembe Kuvars Kolye 2 - Astrolog Elvan","og_description":"Pembe Kuvars, sevgi, huzur ve duygusal dengeyi temsil eden g\u00fc\u00e7l\u00fc bir kristaldir. Kalp \u00e7akras\u0131yla uyumlu olan bu ta\u015f, a\u015fk enerjisini art\u0131r\u0131r, negatif duygular\u0131 yat\u0131\u015ft\u0131r\u0131r ve ruhsal iyile\u015fmeye destek olur.","og_url":"https:\/\/astrologelvan.com\/magaza\/urun\/ozel-seri-pembe-kuvars-kolye-2\/","og_site_name":"Astrolog Elvan","article_modified_time":"2025-10-06T05:15:45+00:00","og_image":[{"width":1707,"height":2560,"url":"https:\/\/astrologelvan.com\/magaza\/wp-content\/uploads\/2025\/05\/pembe-kuvars-deri-model-scaled.jpg","type":"image\/jpeg"}],"twitter_card":"summary_large_image","twitter_misc":{"Tahmini okuma s\u00fcresi":"1 dakika"},"schema":{"@context":"https:\/\/schema.org","@graph":[{"@type":["WebPage","ItemPage"],"@id":"https:\/\/astrologelvan.com\/magaza\/urun\/ozel-seri-pembe-kuvars-kolye-2\/","url":"https:\/\/astrologelvan.com\/magaza\/urun\/ozel-seri-pembe-kuvars-kolye-2\/","name":"\u00d6zel Seri Pembe Kuvars Kolye 2 - Astrolog Elvan","isPartOf":{"@id":"https:\/\/astrologelvan.com\/magaza\/#website"},"primaryImageOfPage":{"@id":"https:\/\/astrologelvan.com\/magaza\/urun\/ozel-seri-pembe-kuvars-kolye-2\/#primaryimage"},"image":{"@id":"https:\/\/astrologelvan.com\/magaza\/urun\/ozel-seri-pembe-kuvars-kolye-2\/#primaryimage"},"thumbnailUrl":"https:\/\/astrologelvan.com\/magaza\/wp-content\/uploads\/2025\/05\/pembe-kuvars-deri-model-scaled.jpg","datePublished":"2025-05-08T14:21:26+00:00","dateModified":"2025-10-06T05:15:45+00:00","breadcrumb":{"@id":"https:\/\/astrologelvan.com\/magaza\/urun\/ozel-seri-pembe-kuvars-kolye-2\/#breadcrumb"},"inLanguage":"tr","potentialAction":[{"@type":"ReadAction","target":["https:\/\/astrologelvan.com\/magaza\/urun\/ozel-seri-pembe-kuvars-kolye-2\/"]}]},{"@type":"ImageObject","inLanguage":"tr","@id":"https:\/\/astrologelvan.com\/magaza\/urun\/ozel-seri-pembe-kuvars-kolye-2\/#primaryimage","url":"https:\/\/astrologelvan.com\/magaza\/wp-content\/uploads\/2025\/05\/pembe-kuvars-deri-model-scaled.jpg","contentUrl":"https:\/\/astrologelvan.com\/magaza\/wp-content\/uploads\/2025\/05\/pembe-kuvars-deri-model-scaled.jpg","width":1707,"height":2560},{"@type":"BreadcrumbList","@id":"https:\/\/astrologelvan.com\/magaza\/urun\/ozel-seri-pembe-kuvars-kolye-2\/#breadcrumb","itemListElement":[{"@type":"ListItem","position":1,"name":"Anasayfa","item":"https:\/\/astrologelvan.com\/magaza\/"},{"@type":"ListItem","position":2,"name":"Ma\u011faza","item":"https:\/\/astrologelvan.com\/magaza\/magaza\/"},{"@type":"ListItem","position":3,"name":"\u00d6zel Seri Pembe Kuvars Kolye 2"}]},{"@type":"WebSite","@id":"https:\/\/astrologelvan.com\/magaza\/#website","url":"https:\/\/astrologelvan.com\/magaza\/","name":"Astrolog Elvan","description":"","potentialAction":[{"@type":"SearchAction","target":{"@type":"EntryPoint","urlTemplate":"https:\/\/astrologelvan.com\/magaza\/?s={search_term_string}"},"query-input":{"@type":"PropertyValueSpecification","valueRequired":true,"valueName":"search_term_string"}}],"inLanguage":"tr"}]}},"_links":{"self":[{"href":"https:\/\/astrologelvan.com\/magaza\/wp-json\/wp\/v2\/product\/71409","targetHints":{"allow":["GET"]}}],"collection":[{"href":"https:\/\/astrologelvan.com\/magaza\/wp-json\/wp\/v2\/product"}],"about":[{"href":"https:\/\/astrologelvan.com\/magaza\/wp-json\/wp\/v2\/types\/product"}],"replies":[{"embeddable":true,"href":"https:\/\/astrologelvan.com\/magaza\/wp-json\/wp\/v2\/comments?post=71409"}],"wp:featuredmedia":[{"embeddable":true,"href":"https:\/\/astrologelvan.com\/magaza\/wp-json\/wp\/v2\/media\/71410"}],"wp:attachment":[{"href":"https:\/\/astrologelvan.com\/magaza\/wp-json\/wp\/v2\/media?parent=71409"}],"wp:term":[{"taxonomy":"product_brand","embeddable":true,"href":"https:\/\/astrologelvan.com\/magaza\/wp-json\/wp\/v2\/product_brand?post=71409"},{"taxonomy":"product_cat","embeddable":true,"href":"https:\/\/astrologelvan.com\/magaza\/wp-json\/wp\/v2\/product_cat?post=71409"},{"taxonomy":"product_tag","embeddable":true,"href":"https:\/\/astrologelvan.com\/magaza\/wp-json\/wp\/v2\/product_tag?post=71409"}],"curies":[{"name":"wp","href":"https:\/\/api.w.org\/{rel}","templated":true}]}}