{"id":71130,"date":"2025-05-07T00:27:09","date_gmt":"2025-05-06T21:27:09","guid":{"rendered":"https:\/\/astrologelvan.com\/magaza\/?post_type=product&#038;p=71130"},"modified":"2026-02-27T23:06:59","modified_gmt":"2026-02-27T20:06:59","slug":"akik-gumus-kolye","status":"publish","type":"product","link":"https:\/\/astrologelvan.com\/magaza\/urun\/akik-gumus-kolye\/","title":{"rendered":"Akik G\u00fcm\u00fc\u015f Kolye"},"content":{"rendered":"","protected":false},"excerpt":{"rendered":"<p><strong>Annenize Koruyucu Kalkan: Akik\u2019in G\u00fcc\u00fc<\/strong><\/p>\n<p>Bu Anneler G\u00fcn\u00fc\u2019nde annenize negatif enerjilerden koruyan, g\u00fcc\u00fcn\u00fc ve cesaretini besleyen kadim bir arma\u011fan sunun.<br \/>\nAkik ta\u015f\u0131, k\u00f6k \u00e7akray\u0131 besler; annelik i\u00e7g\u00fcd\u00fcs\u00fcn\u00fc g\u00fc\u00e7lendirir ve ruhsal denge sa\u011flar.<br \/>\nG\u00fcm\u00fc\u015fle b\u00fct\u00fcnle\u015fen bu \u00f6zel kolye, annenizin hem ruhunu hem bedenini koruyan bir enerji kalkan\u0131 gibi \u00e7al\u0131\u015f\u0131r.<\/p>\n<p>Annenize yaln\u0131zca bir kolye de\u011fil, evrenin g\u00fc\u00e7l\u00fc koruyucu enerjisini hediye edin.<\/p>\n<p><strong>Zinci uzunlu\u011fu:\u00a0<\/strong>45+5cm<\/p>\n<p><strong>\u00dcr\u00fcn, do\u011fal ta\u015flardan \u00fcretildi\u011fi i\u00e7in \u00f6l\u00e7\u00fclerde ve formda farkl\u0131l\u0131klar g\u00f6r\u00fclebilir. <span style=\"color: #d83131;\">Stoklarla S\u0131n\u0131rl\u0131d\u0131r<\/span><br \/>\n<\/strong><\/p>\n","protected":false},"featured_media":71131,"comment_status":"open","ping_status":"closed","template":"","meta":[],"product_brand":[],"product_cat":[333,255,48],"product_tag":[],"class_list":{"0":"post-71130","1":"product","2":"type-product","3":"status-publish","4":"has-post-thumbnail","6":"product_cat-akik-tasi","7":"product_cat-gumus-kolye","8":"product_cat-kolyeler","10":"first","11":"instock","12":"purchasable","13":"product-type-simple"},"yoast_head":"<!-- This site is optimized with the Yoast SEO plugin v27.3 - https:\/\/yoast.com\/product\/yoast-seo-wordpress\/ -->\n<title>Akik G\u00fcm\u00fc\u015f Kolye - Astrolog Elvan<\/title>\n<meta name=\"robots\" content=\"index, follow, max-snippet:-1, max-image-preview:large, max-video-preview:-1\" \/>\n<link rel=\"canonical\" href=\"https:\/\/astrologelvan.com\/magaza\/urun\/akik-gumus-kolye\/\" \/>\n<meta property=\"og:locale\" content=\"tr_TR\" \/>\n<meta property=\"og:type\" content=\"article\" \/>\n<meta property=\"og:title\" content=\"Akik G\u00fcm\u00fc\u015f Kolye - Astrolog Elvan\" \/>\n<meta property=\"og:description\" content=\"Annenize Koruyucu Kalkan: Akik\u2019in G\u00fcc\u00fc  Bu Anneler G\u00fcn\u00fc\u2019nde annenize negatif enerjilerden koruyan, g\u00fcc\u00fcn\u00fc ve cesaretini besleyen kadim bir arma\u011fan sunun. Akik ta\u015f\u0131, k\u00f6k \u00e7akray\u0131 besler; annelik i\u00e7g\u00fcd\u00fcs\u00fcn\u00fc g\u00fc\u00e7lendirir ve ruhsal denge sa\u011flar. G\u00fcm\u00fc\u015fle b\u00fct\u00fcnle\u015fen bu \u00f6zel kolye, annenizin hem ruhunu hem bedenini koruyan bir enerji kalkan\u0131 gibi \u00e7al\u0131\u015f\u0131r.  Annenize yaln\u0131zca bir kolye de\u011fil, evrenin g\u00fc\u00e7l\u00fc koruyucu enerjisini hediye edin.  Zinci uzunlu\u011fu:\u00a045+5cm  \u00dcr\u00fcn, do\u011fal ta\u015flardan \u00fcretildi\u011fi i\u00e7in \u00f6l\u00e7\u00fclerde ve formda farkl\u0131l\u0131klar g\u00f6r\u00fclebilir. Stoklarla S\u0131n\u0131rl\u0131d\u0131r\" \/>\n<meta property=\"og:url\" content=\"https:\/\/astrologelvan.com\/magaza\/urun\/akik-gumus-kolye\/\" \/>\n<meta property=\"og:site_name\" content=\"Astrolog Elvan\" \/>\n<meta property=\"article:modified_time\" content=\"2026-02-27T20:06:59+00:00\" \/>\n<meta property=\"og:image\" content=\"https:\/\/astrologelvan.com\/magaza\/wp-content\/uploads\/2025\/05\/3_dikey-scaled.jpg\" \/>\n\t<meta property=\"og:image:width\" content=\"1707\" \/>\n\t<meta property=\"og:image:height\" content=\"2560\" \/>\n\t<meta property=\"og:image:type\" content=\"image\/jpeg\" \/>\n<meta name=\"twitter:card\" content=\"summary_large_image\" \/>\n<meta name=\"twitter:label1\" content=\"Tahmini okuma s\u00fcresi\" \/>\n\t<meta name=\"twitter:data1\" content=\"1 dakika\" \/>\n<script type=\"application\/ld+json\" class=\"yoast-schema-graph\">{\"@context\":\"https:\\\/\\\/schema.org\",\"@graph\":[{\"@type\":[\"WebPage\",\"ItemPage\"],\"@id\":\"https:\\\/\\\/astrologelvan.com\\\/magaza\\\/urun\\\/akik-gumus-kolye\\\/\",\"url\":\"https:\\\/\\\/astrologelvan.com\\\/magaza\\\/urun\\\/akik-gumus-kolye\\\/\",\"name\":\"Akik G\u00fcm\u00fc\u015f Kolye - Astrolog Elvan\",\"isPartOf\":{\"@id\":\"https:\\\/\\\/astrologelvan.com\\\/magaza\\\/#website\"},\"primaryImageOfPage\":{\"@id\":\"https:\\\/\\\/astrologelvan.com\\\/magaza\\\/urun\\\/akik-gumus-kolye\\\/#primaryimage\"},\"image\":{\"@id\":\"https:\\\/\\\/astrologelvan.com\\\/magaza\\\/urun\\\/akik-gumus-kolye\\\/#primaryimage\"},\"thumbnailUrl\":\"https:\\\/\\\/astrologelvan.com\\\/magaza\\\/wp-content\\\/uploads\\\/2025\\\/05\\\/3_dikey-scaled.jpg\",\"datePublished\":\"2025-05-06T21:27:09+00:00\",\"dateModified\":\"2026-02-27T20:06:59+00:00\",\"breadcrumb\":{\"@id\":\"https:\\\/\\\/astrologelvan.com\\\/magaza\\\/urun\\\/akik-gumus-kolye\\\/#breadcrumb\"},\"inLanguage\":\"tr\",\"potentialAction\":[{\"@type\":\"ReadAction\",\"target\":[\"https:\\\/\\\/astrologelvan.com\\\/magaza\\\/urun\\\/akik-gumus-kolye\\\/\"]}]},{\"@type\":\"ImageObject\",\"inLanguage\":\"tr\",\"@id\":\"https:\\\/\\\/astrologelvan.com\\\/magaza\\\/urun\\\/akik-gumus-kolye\\\/#primaryimage\",\"url\":\"https:\\\/\\\/astrologelvan.com\\\/magaza\\\/wp-content\\\/uploads\\\/2025\\\/05\\\/3_dikey-scaled.jpg\",\"contentUrl\":\"https:\\\/\\\/astrologelvan.com\\\/magaza\\\/wp-content\\\/uploads\\\/2025\\\/05\\\/3_dikey-scaled.jpg\",\"width\":1707,\"height\":2560},{\"@type\":\"BreadcrumbList\",\"@id\":\"https:\\\/\\\/astrologelvan.com\\\/magaza\\\/urun\\\/akik-gumus-kolye\\\/#breadcrumb\",\"itemListElement\":[{\"@type\":\"ListItem\",\"position\":1,\"name\":\"Anasayfa\",\"item\":\"https:\\\/\\\/astrologelvan.com\\\/magaza\\\/\"},{\"@type\":\"ListItem\",\"position\":2,\"name\":\"Ma\u011faza\",\"item\":\"https:\\\/\\\/astrologelvan.com\\\/magaza\\\/magaza\\\/\"},{\"@type\":\"ListItem\",\"position\":3,\"name\":\"Akik G\u00fcm\u00fc\u015f Kolye\"}]},{\"@type\":\"WebSite\",\"@id\":\"https:\\\/\\\/astrologelvan.com\\\/magaza\\\/#website\",\"url\":\"https:\\\/\\\/astrologelvan.com\\\/magaza\\\/\",\"name\":\"Astrolog Elvan\",\"description\":\"\",\"potentialAction\":[{\"@type\":\"SearchAction\",\"target\":{\"@type\":\"EntryPoint\",\"urlTemplate\":\"https:\\\/\\\/astrologelvan.com\\\/magaza\\\/?s={search_term_string}\"},\"query-input\":{\"@type\":\"PropertyValueSpecification\",\"valueRequired\":true,\"valueName\":\"search_term_string\"}}],\"inLanguage\":\"tr\"}]}<\/script>\n<!-- \/ Yoast SEO plugin. -->","yoast_head_json":{"title":"Akik G\u00fcm\u00fc\u015f Kolye - Astrolog Elvan","robots":{"index":"index","follow":"follow","max-snippet":"max-snippet:-1","max-image-preview":"max-image-preview:large","max-video-preview":"max-video-preview:-1"},"canonical":"https:\/\/astrologelvan.com\/magaza\/urun\/akik-gumus-kolye\/","og_locale":"tr_TR","og_type":"article","og_title":"Akik G\u00fcm\u00fc\u015f Kolye - Astrolog Elvan","og_description":"Annenize Koruyucu Kalkan: Akik\u2019in G\u00fcc\u00fc  Bu Anneler G\u00fcn\u00fc\u2019nde annenize negatif enerjilerden koruyan, g\u00fcc\u00fcn\u00fc ve cesaretini besleyen kadim bir arma\u011fan sunun. Akik ta\u015f\u0131, k\u00f6k \u00e7akray\u0131 besler; annelik i\u00e7g\u00fcd\u00fcs\u00fcn\u00fc g\u00fc\u00e7lendirir ve ruhsal denge sa\u011flar. G\u00fcm\u00fc\u015fle b\u00fct\u00fcnle\u015fen bu \u00f6zel kolye, annenizin hem ruhunu hem bedenini koruyan bir enerji kalkan\u0131 gibi \u00e7al\u0131\u015f\u0131r.  Annenize yaln\u0131zca bir kolye de\u011fil, evrenin g\u00fc\u00e7l\u00fc koruyucu enerjisini hediye edin.  Zinci uzunlu\u011fu:\u00a045+5cm  \u00dcr\u00fcn, do\u011fal ta\u015flardan \u00fcretildi\u011fi i\u00e7in \u00f6l\u00e7\u00fclerde ve formda farkl\u0131l\u0131klar g\u00f6r\u00fclebilir. Stoklarla S\u0131n\u0131rl\u0131d\u0131r","og_url":"https:\/\/astrologelvan.com\/magaza\/urun\/akik-gumus-kolye\/","og_site_name":"Astrolog Elvan","article_modified_time":"2026-02-27T20:06:59+00:00","og_image":[{"width":1707,"height":2560,"url":"https:\/\/astrologelvan.com\/magaza\/wp-content\/uploads\/2025\/05\/3_dikey-scaled.jpg","type":"image\/jpeg"}],"twitter_card":"summary_large_image","twitter_misc":{"Tahmini okuma s\u00fcresi":"1 dakika"},"schema":{"@context":"https:\/\/schema.org","@graph":[{"@type":["WebPage","ItemPage"],"@id":"https:\/\/astrologelvan.com\/magaza\/urun\/akik-gumus-kolye\/","url":"https:\/\/astrologelvan.com\/magaza\/urun\/akik-gumus-kolye\/","name":"Akik G\u00fcm\u00fc\u015f Kolye - Astrolog Elvan","isPartOf":{"@id":"https:\/\/astrologelvan.com\/magaza\/#website"},"primaryImageOfPage":{"@id":"https:\/\/astrologelvan.com\/magaza\/urun\/akik-gumus-kolye\/#primaryimage"},"image":{"@id":"https:\/\/astrologelvan.com\/magaza\/urun\/akik-gumus-kolye\/#primaryimage"},"thumbnailUrl":"https:\/\/astrologelvan.com\/magaza\/wp-content\/uploads\/2025\/05\/3_dikey-scaled.jpg","datePublished":"2025-05-06T21:27:09+00:00","dateModified":"2026-02-27T20:06:59+00:00","breadcrumb":{"@id":"https:\/\/astrologelvan.com\/magaza\/urun\/akik-gumus-kolye\/#breadcrumb"},"inLanguage":"tr","potentialAction":[{"@type":"ReadAction","target":["https:\/\/astrologelvan.com\/magaza\/urun\/akik-gumus-kolye\/"]}]},{"@type":"ImageObject","inLanguage":"tr","@id":"https:\/\/astrologelvan.com\/magaza\/urun\/akik-gumus-kolye\/#primaryimage","url":"https:\/\/astrologelvan.com\/magaza\/wp-content\/uploads\/2025\/05\/3_dikey-scaled.jpg","contentUrl":"https:\/\/astrologelvan.com\/magaza\/wp-content\/uploads\/2025\/05\/3_dikey-scaled.jpg","width":1707,"height":2560},{"@type":"BreadcrumbList","@id":"https:\/\/astrologelvan.com\/magaza\/urun\/akik-gumus-kolye\/#breadcrumb","itemListElement":[{"@type":"ListItem","position":1,"name":"Anasayfa","item":"https:\/\/astrologelvan.com\/magaza\/"},{"@type":"ListItem","position":2,"name":"Ma\u011faza","item":"https:\/\/astrologelvan.com\/magaza\/magaza\/"},{"@type":"ListItem","position":3,"name":"Akik G\u00fcm\u00fc\u015f Kolye"}]},{"@type":"WebSite","@id":"https:\/\/astrologelvan.com\/magaza\/#website","url":"https:\/\/astrologelvan.com\/magaza\/","name":"Astrolog Elvan","description":"","potentialAction":[{"@type":"SearchAction","target":{"@type":"EntryPoint","urlTemplate":"https:\/\/astrologelvan.com\/magaza\/?s={search_term_string}"},"query-input":{"@type":"PropertyValueSpecification","valueRequired":true,"valueName":"search_term_string"}}],"inLanguage":"tr"}]}},"_links":{"self":[{"href":"https:\/\/astrologelvan.com\/magaza\/wp-json\/wp\/v2\/product\/71130","targetHints":{"allow":["GET"]}}],"collection":[{"href":"https:\/\/astrologelvan.com\/magaza\/wp-json\/wp\/v2\/product"}],"about":[{"href":"https:\/\/astrologelvan.com\/magaza\/wp-json\/wp\/v2\/types\/product"}],"replies":[{"embeddable":true,"href":"https:\/\/astrologelvan.com\/magaza\/wp-json\/wp\/v2\/comments?post=71130"}],"wp:featuredmedia":[{"embeddable":true,"href":"https:\/\/astrologelvan.com\/magaza\/wp-json\/wp\/v2\/media\/71131"}],"wp:attachment":[{"href":"https:\/\/astrologelvan.com\/magaza\/wp-json\/wp\/v2\/media?parent=71130"}],"wp:term":[{"taxonomy":"product_brand","embeddable":true,"href":"https:\/\/astrologelvan.com\/magaza\/wp-json\/wp\/v2\/product_brand?post=71130"},{"taxonomy":"product_cat","embeddable":true,"href":"https:\/\/astrologelvan.com\/magaza\/wp-json\/wp\/v2\/product_cat?post=71130"},{"taxonomy":"product_tag","embeddable":true,"href":"https:\/\/astrologelvan.com\/magaza\/wp-json\/wp\/v2\/product_tag?post=71130"}],"curies":[{"name":"wp","href":"https:\/\/api.w.org\/{rel}","templated":true}]}}