{"id":71127,"date":"2025-05-07T00:27:09","date_gmt":"2025-05-06T21:27:09","guid":{"rendered":"https:\/\/astrologelvan.com\/magaza\/?post_type=product&#038;p=71127"},"modified":"2026-03-17T12:27:05","modified_gmt":"2026-03-17T09:27:05","slug":"himalaya-kristali-kalp-kolye","status":"publish","type":"product","link":"https:\/\/astrologelvan.com\/magaza\/urun\/himalaya-kristali-kalp-kolye\/","title":{"rendered":"Himalaya Kristali Kalp Kolye"},"content":{"rendered":"","protected":false},"excerpt":{"rendered":"<p><strong>Annenize Himalayalar\u2019\u0131n Saf I\u015f\u0131\u011f\u0131n\u0131 Hediye Edin.<\/strong><\/p>\n<p>Hindistan\u2019dan \u00f6zenle getirilen bu kalp \u015fekilli Himalaya Kristali, yery\u00fcz\u00fcn\u00fcn en saf enerjisini ta\u015f\u0131r. Kristalin berrakl\u0131\u011f\u0131, annenizin kalbine ar\u0131nma, \u015fifa ve kozmik sevgi sunar.<br \/>\nHer bak\u0131\u015fta i\u00e7ini g\u00f6steren bu e\u015fsiz kolye, sevginin en saf ve en g\u00fc\u00e7l\u00fc halini temsil eder.<br \/>\nBu Anneler G\u00fcn\u00fc\u2019nde annenize sadece bir hediye de\u011fil, Himalayalar\u2019\u0131n kutsal dokunu\u015funu arma\u011fan edin.<\/p>\n<p><strong>Zinci Uzunlu\u011fu:<\/strong> 45cm<\/p>\n<p><strong><span style=\"color: #d83131;\">Stoklarla S\u0131n\u0131rl\u0131d\u0131r<\/span><\/strong><\/p>\n","protected":false},"featured_media":71129,"comment_status":"open","ping_status":"closed","template":"","meta":[],"product_brand":[596],"product_cat":[502,48,8106],"product_tag":[],"class_list":{"0":"post-71127","1":"product","2":"type-product","3":"status-publish","4":"has-post-thumbnail","6":"product_brand-astrolog-elvan","7":"product_cat-dogal-tas-kolyeler","8":"product_cat-kolyeler","9":"product_cat--gumus-kolyeler","11":"first","12":"instock","13":"sale","14":"purchasable","15":"product-type-simple"},"yoast_head":"<!-- This site is optimized with the Yoast SEO plugin v27.3 - https:\/\/yoast.com\/product\/yoast-seo-wordpress\/ -->\n<title>Himalaya Kristali Kalp Kolye - Astrolog Elvan<\/title>\n<meta name=\"robots\" content=\"index, follow, max-snippet:-1, max-image-preview:large, max-video-preview:-1\" \/>\n<link rel=\"canonical\" href=\"https:\/\/astrologelvan.com\/magaza\/urun\/himalaya-kristali-kalp-kolye\/\" \/>\n<meta property=\"og:locale\" content=\"tr_TR\" \/>\n<meta property=\"og:type\" content=\"article\" \/>\n<meta property=\"og:title\" content=\"Himalaya Kristali Kalp Kolye - Astrolog Elvan\" \/>\n<meta property=\"og:description\" content=\"Annenize Himalayalar\u2019\u0131n Saf I\u015f\u0131\u011f\u0131n\u0131 Hediye Edin.  Hindistan\u2019dan \u00f6zenle getirilen bu kalp \u015fekilli Himalaya Kristali, yery\u00fcz\u00fcn\u00fcn en saf enerjisini ta\u015f\u0131r. Kristalin berrakl\u0131\u011f\u0131, annenizin kalbine ar\u0131nma, \u015fifa ve kozmik sevgi sunar. Her bak\u0131\u015fta i\u00e7ini g\u00f6steren bu e\u015fsiz kolye, sevginin en saf ve en g\u00fc\u00e7l\u00fc halini temsil eder. Bu Anneler G\u00fcn\u00fc\u2019nde annenize sadece bir hediye de\u011fil, Himalayalar\u2019\u0131n kutsal dokunu\u015funu arma\u011fan edin.  Zinci Uzunlu\u011fu: 45cm  Stoklarla S\u0131n\u0131rl\u0131d\u0131r\" \/>\n<meta property=\"og:url\" content=\"https:\/\/astrologelvan.com\/magaza\/urun\/himalaya-kristali-kalp-kolye\/\" \/>\n<meta property=\"og:site_name\" content=\"Astrolog Elvan\" \/>\n<meta property=\"article:modified_time\" content=\"2026-03-17T09:27:05+00:00\" \/>\n<meta property=\"og:image\" content=\"https:\/\/astrologelvan.com\/magaza\/wp-content\/uploads\/2025\/05\/5_dikey-scaled.jpg\" \/>\n\t<meta property=\"og:image:width\" content=\"1707\" \/>\n\t<meta property=\"og:image:height\" content=\"2560\" \/>\n\t<meta property=\"og:image:type\" content=\"image\/jpeg\" \/>\n<meta name=\"twitter:card\" content=\"summary_large_image\" \/>\n<meta name=\"twitter:label1\" content=\"Tahmini okuma s\u00fcresi\" \/>\n\t<meta name=\"twitter:data1\" content=\"1 dakika\" \/>\n<script type=\"application\/ld+json\" class=\"yoast-schema-graph\">{\"@context\":\"https:\\\/\\\/schema.org\",\"@graph\":[{\"@type\":[\"WebPage\",\"ItemPage\"],\"@id\":\"https:\\\/\\\/astrologelvan.com\\\/magaza\\\/urun\\\/himalaya-kristali-kalp-kolye\\\/\",\"url\":\"https:\\\/\\\/astrologelvan.com\\\/magaza\\\/urun\\\/himalaya-kristali-kalp-kolye\\\/\",\"name\":\"Himalaya Kristali Kalp Kolye - Astrolog Elvan\",\"isPartOf\":{\"@id\":\"https:\\\/\\\/astrologelvan.com\\\/magaza\\\/#website\"},\"primaryImageOfPage\":{\"@id\":\"https:\\\/\\\/astrologelvan.com\\\/magaza\\\/urun\\\/himalaya-kristali-kalp-kolye\\\/#primaryimage\"},\"image\":{\"@id\":\"https:\\\/\\\/astrologelvan.com\\\/magaza\\\/urun\\\/himalaya-kristali-kalp-kolye\\\/#primaryimage\"},\"thumbnailUrl\":\"https:\\\/\\\/astrologelvan.com\\\/magaza\\\/wp-content\\\/uploads\\\/2025\\\/05\\\/5_dikey-scaled.jpg\",\"datePublished\":\"2025-05-06T21:27:09+00:00\",\"dateModified\":\"2026-03-17T09:27:05+00:00\",\"breadcrumb\":{\"@id\":\"https:\\\/\\\/astrologelvan.com\\\/magaza\\\/urun\\\/himalaya-kristali-kalp-kolye\\\/#breadcrumb\"},\"inLanguage\":\"tr\",\"potentialAction\":[{\"@type\":\"ReadAction\",\"target\":[\"https:\\\/\\\/astrologelvan.com\\\/magaza\\\/urun\\\/himalaya-kristali-kalp-kolye\\\/\"]}]},{\"@type\":\"ImageObject\",\"inLanguage\":\"tr\",\"@id\":\"https:\\\/\\\/astrologelvan.com\\\/magaza\\\/urun\\\/himalaya-kristali-kalp-kolye\\\/#primaryimage\",\"url\":\"https:\\\/\\\/astrologelvan.com\\\/magaza\\\/wp-content\\\/uploads\\\/2025\\\/05\\\/5_dikey-scaled.jpg\",\"contentUrl\":\"https:\\\/\\\/astrologelvan.com\\\/magaza\\\/wp-content\\\/uploads\\\/2025\\\/05\\\/5_dikey-scaled.jpg\",\"width\":1707,\"height\":2560},{\"@type\":\"BreadcrumbList\",\"@id\":\"https:\\\/\\\/astrologelvan.com\\\/magaza\\\/urun\\\/himalaya-kristali-kalp-kolye\\\/#breadcrumb\",\"itemListElement\":[{\"@type\":\"ListItem\",\"position\":1,\"name\":\"Anasayfa\",\"item\":\"https:\\\/\\\/astrologelvan.com\\\/magaza\\\/\"},{\"@type\":\"ListItem\",\"position\":2,\"name\":\"Ma\u011faza\",\"item\":\"https:\\\/\\\/astrologelvan.com\\\/magaza\\\/magaza\\\/\"},{\"@type\":\"ListItem\",\"position\":3,\"name\":\"Himalaya Kristali Kalp Kolye\"}]},{\"@type\":\"WebSite\",\"@id\":\"https:\\\/\\\/astrologelvan.com\\\/magaza\\\/#website\",\"url\":\"https:\\\/\\\/astrologelvan.com\\\/magaza\\\/\",\"name\":\"Astrolog Elvan\",\"description\":\"\",\"potentialAction\":[{\"@type\":\"SearchAction\",\"target\":{\"@type\":\"EntryPoint\",\"urlTemplate\":\"https:\\\/\\\/astrologelvan.com\\\/magaza\\\/?s={search_term_string}\"},\"query-input\":{\"@type\":\"PropertyValueSpecification\",\"valueRequired\":true,\"valueName\":\"search_term_string\"}}],\"inLanguage\":\"tr\"}]}<\/script>\n<!-- \/ Yoast SEO plugin. -->","yoast_head_json":{"title":"Himalaya Kristali Kalp Kolye - Astrolog Elvan","robots":{"index":"index","follow":"follow","max-snippet":"max-snippet:-1","max-image-preview":"max-image-preview:large","max-video-preview":"max-video-preview:-1"},"canonical":"https:\/\/astrologelvan.com\/magaza\/urun\/himalaya-kristali-kalp-kolye\/","og_locale":"tr_TR","og_type":"article","og_title":"Himalaya Kristali Kalp Kolye - Astrolog Elvan","og_description":"Annenize Himalayalar\u2019\u0131n Saf I\u015f\u0131\u011f\u0131n\u0131 Hediye Edin.  Hindistan\u2019dan \u00f6zenle getirilen bu kalp \u015fekilli Himalaya Kristali, yery\u00fcz\u00fcn\u00fcn en saf enerjisini ta\u015f\u0131r. Kristalin berrakl\u0131\u011f\u0131, annenizin kalbine ar\u0131nma, \u015fifa ve kozmik sevgi sunar. Her bak\u0131\u015fta i\u00e7ini g\u00f6steren bu e\u015fsiz kolye, sevginin en saf ve en g\u00fc\u00e7l\u00fc halini temsil eder. Bu Anneler G\u00fcn\u00fc\u2019nde annenize sadece bir hediye de\u011fil, Himalayalar\u2019\u0131n kutsal dokunu\u015funu arma\u011fan edin.  Zinci Uzunlu\u011fu: 45cm  Stoklarla S\u0131n\u0131rl\u0131d\u0131r","og_url":"https:\/\/astrologelvan.com\/magaza\/urun\/himalaya-kristali-kalp-kolye\/","og_site_name":"Astrolog Elvan","article_modified_time":"2026-03-17T09:27:05+00:00","og_image":[{"width":1707,"height":2560,"url":"https:\/\/astrologelvan.com\/magaza\/wp-content\/uploads\/2025\/05\/5_dikey-scaled.jpg","type":"image\/jpeg"}],"twitter_card":"summary_large_image","twitter_misc":{"Tahmini okuma s\u00fcresi":"1 dakika"},"schema":{"@context":"https:\/\/schema.org","@graph":[{"@type":["WebPage","ItemPage"],"@id":"https:\/\/astrologelvan.com\/magaza\/urun\/himalaya-kristali-kalp-kolye\/","url":"https:\/\/astrologelvan.com\/magaza\/urun\/himalaya-kristali-kalp-kolye\/","name":"Himalaya Kristali Kalp Kolye - Astrolog Elvan","isPartOf":{"@id":"https:\/\/astrologelvan.com\/magaza\/#website"},"primaryImageOfPage":{"@id":"https:\/\/astrologelvan.com\/magaza\/urun\/himalaya-kristali-kalp-kolye\/#primaryimage"},"image":{"@id":"https:\/\/astrologelvan.com\/magaza\/urun\/himalaya-kristali-kalp-kolye\/#primaryimage"},"thumbnailUrl":"https:\/\/astrologelvan.com\/magaza\/wp-content\/uploads\/2025\/05\/5_dikey-scaled.jpg","datePublished":"2025-05-06T21:27:09+00:00","dateModified":"2026-03-17T09:27:05+00:00","breadcrumb":{"@id":"https:\/\/astrologelvan.com\/magaza\/urun\/himalaya-kristali-kalp-kolye\/#breadcrumb"},"inLanguage":"tr","potentialAction":[{"@type":"ReadAction","target":["https:\/\/astrologelvan.com\/magaza\/urun\/himalaya-kristali-kalp-kolye\/"]}]},{"@type":"ImageObject","inLanguage":"tr","@id":"https:\/\/astrologelvan.com\/magaza\/urun\/himalaya-kristali-kalp-kolye\/#primaryimage","url":"https:\/\/astrologelvan.com\/magaza\/wp-content\/uploads\/2025\/05\/5_dikey-scaled.jpg","contentUrl":"https:\/\/astrologelvan.com\/magaza\/wp-content\/uploads\/2025\/05\/5_dikey-scaled.jpg","width":1707,"height":2560},{"@type":"BreadcrumbList","@id":"https:\/\/astrologelvan.com\/magaza\/urun\/himalaya-kristali-kalp-kolye\/#breadcrumb","itemListElement":[{"@type":"ListItem","position":1,"name":"Anasayfa","item":"https:\/\/astrologelvan.com\/magaza\/"},{"@type":"ListItem","position":2,"name":"Ma\u011faza","item":"https:\/\/astrologelvan.com\/magaza\/magaza\/"},{"@type":"ListItem","position":3,"name":"Himalaya Kristali Kalp Kolye"}]},{"@type":"WebSite","@id":"https:\/\/astrologelvan.com\/magaza\/#website","url":"https:\/\/astrologelvan.com\/magaza\/","name":"Astrolog Elvan","description":"","potentialAction":[{"@type":"SearchAction","target":{"@type":"EntryPoint","urlTemplate":"https:\/\/astrologelvan.com\/magaza\/?s={search_term_string}"},"query-input":{"@type":"PropertyValueSpecification","valueRequired":true,"valueName":"search_term_string"}}],"inLanguage":"tr"}]}},"_links":{"self":[{"href":"https:\/\/astrologelvan.com\/magaza\/wp-json\/wp\/v2\/product\/71127","targetHints":{"allow":["GET"]}}],"collection":[{"href":"https:\/\/astrologelvan.com\/magaza\/wp-json\/wp\/v2\/product"}],"about":[{"href":"https:\/\/astrologelvan.com\/magaza\/wp-json\/wp\/v2\/types\/product"}],"replies":[{"embeddable":true,"href":"https:\/\/astrologelvan.com\/magaza\/wp-json\/wp\/v2\/comments?post=71127"}],"wp:featuredmedia":[{"embeddable":true,"href":"https:\/\/astrologelvan.com\/magaza\/wp-json\/wp\/v2\/media\/71129"}],"wp:attachment":[{"href":"https:\/\/astrologelvan.com\/magaza\/wp-json\/wp\/v2\/media?parent=71127"}],"wp:term":[{"taxonomy":"product_brand","embeddable":true,"href":"https:\/\/astrologelvan.com\/magaza\/wp-json\/wp\/v2\/product_brand?post=71127"},{"taxonomy":"product_cat","embeddable":true,"href":"https:\/\/astrologelvan.com\/magaza\/wp-json\/wp\/v2\/product_cat?post=71127"},{"taxonomy":"product_tag","embeddable":true,"href":"https:\/\/astrologelvan.com\/magaza\/wp-json\/wp\/v2\/product_tag?post=71127"}],"curies":[{"name":"wp","href":"https:\/\/api.w.org\/{rel}","templated":true}]}}