{"id":67265,"date":"2025-04-18T20:02:30","date_gmt":"2025-04-18T17:02:30","guid":{"rendered":"https:\/\/astrologelvan.com\/magaza\/?post_type=product&#038;p=67265"},"modified":"2026-02-27T00:53:34","modified_gmt":"2026-02-26T21:53:34","slug":"taki-bakim-hizmeti","status":"publish","type":"product","link":"https:\/\/astrologelvan.com\/magaza\/urun\/taki-bakim-hizmeti\/","title":{"rendered":"TAKI BAKIM H\u0130ZMET\u0130"},"content":{"rendered":"","protected":false},"excerpt":{"rendered":"<p>Tak\u0131lar yaln\u0131zca birer aksesuar de\u011fil; zamanla ki\u015fisel enerjinizle b\u00fct\u00fcnle\u015fen, sizi yans\u0131tan \u00f6zel par\u00e7alard\u0131r. Onlara zaman zaman \u00f6zen g\u00f6stermek, hem g\u00f6r\u00fcn\u00fcm\u00fcn\u00fc hem de hissettirdi\u011fi enerjiyi tazelemek i\u00e7in g\u00fczel bir ad\u0131md\u0131r.<\/p>\n<p><span style=\"color: #9134b0;\"><strong>Tak\u0131 Bak\u0131m Hizmeti, tak\u0131lar\u0131n\u0131z\u0131n ilk g\u00fcnk\u00fc enerjisine ve \u0131\u015f\u0131lt\u0131s\u0131na uyumlu \u015fekilde sizinle kalmas\u0131n\u0131 sa\u011flamak i\u00e7in haz\u0131rland\u0131. Yeniden canlanan bir par\u00e7a, bazen ruh halinize e\u015flik eden en g\u00fczel detay olabilir.<\/strong><\/span><\/p>\n<p>Tak\u0131lar\u0131n\u0131z\u0131 kargo ile teslim al\u0131n\u0131r, bak\u0131mlar\u0131 ger\u00e7ekle\u015ftirilir ve kargo ile teslim edilir.<\/p>\n<p>Hizmetimiz sadece yurti\u00e7inde verilmektedir.<\/p>\n","protected":false},"featured_media":67270,"comment_status":"open","ping_status":"closed","template":"","meta":[],"product_brand":[],"product_cat":[321,91,502,465,255,522,48,129,641,639,642,566,520,521,638],"product_tag":[653,654,652,655],"class_list":{"0":"post-67265","1":"product","2":"type-product","3":"status-publish","4":"has-post-thumbnail","6":"product_cat-altin-kaplama-kolye","7":"product_cat-baby-kolye-serisi","8":"product_cat-dogal-tas-kolyeler","9":"product_cat-erkek-kolyeler","10":"product_cat-gumus-kolye","11":"product_cat-kolye-ucu","12":"product_cat-kolyeler","13":"product_cat-ozel-kolye-serisi","14":"product_cat-ozel-seri-arizona-turkuaz-kolye","15":"product_cat-ozel-seri-iran-turkuazi-kolye","16":"product_cat-ozel-seri-pirit-kolye","17":"product_cat-sah-maksut-kolye","18":"product_cat-serafinit-kolye-ucu","19":"product_cat-serafinit-kolye-ucu-2","20":"product_cat-stalaktit-solar-kuvars-kolye","21":"product_tag-bakim","22":"product_tag-hizmet","23":"product_tag-taki","24":"product_tag-yenileme","25":"product_shipping_class-2-desi","27":"first","28":"instock","29":"taxable","30":"shipping-taxable","31":"purchasable","32":"product-type-simple"},"yoast_head":"<!-- This site is optimized with the Yoast SEO plugin v27.3 - https:\/\/yoast.com\/product\/yoast-seo-wordpress\/ -->\n<title>TAKI BAKIM H\u0130ZMET\u0130 - Astrolog Elvan<\/title>\n<meta name=\"robots\" content=\"index, follow, max-snippet:-1, max-image-preview:large, max-video-preview:-1\" \/>\n<link rel=\"canonical\" href=\"https:\/\/astrologelvan.com\/magaza\/urun\/taki-bakim-hizmeti\/\" \/>\n<meta property=\"og:locale\" content=\"tr_TR\" \/>\n<meta property=\"og:type\" content=\"article\" \/>\n<meta property=\"og:title\" content=\"TAKI BAKIM H\u0130ZMET\u0130 - Astrolog Elvan\" \/>\n<meta property=\"og:description\" content=\"Tak\u0131lar yaln\u0131zca birer aksesuar de\u011fil; zamanla ki\u015fisel enerjinizle b\u00fct\u00fcnle\u015fen, sizi yans\u0131tan \u00f6zel par\u00e7alard\u0131r. Onlara zaman zaman \u00f6zen g\u00f6stermek, hem g\u00f6r\u00fcn\u00fcm\u00fcn\u00fc hem de hissettirdi\u011fi enerjiyi tazelemek i\u00e7in g\u00fczel bir ad\u0131md\u0131r.  Tak\u0131 Bak\u0131m Hizmeti, tak\u0131lar\u0131n\u0131z\u0131n ilk g\u00fcnk\u00fc enerjisine ve \u0131\u015f\u0131lt\u0131s\u0131na uyumlu \u015fekilde sizinle kalmas\u0131n\u0131 sa\u011flamak i\u00e7in haz\u0131rland\u0131. Yeniden canlanan bir par\u00e7a, bazen ruh halinize e\u015flik eden en g\u00fczel detay olabilir.  Tak\u0131lar\u0131n\u0131z\u0131 kargo ile teslim al\u0131n\u0131r, bak\u0131mlar\u0131 ger\u00e7ekle\u015ftirilir ve kargo ile teslim edilir.  Hizmetimiz sadece yurti\u00e7inde verilmektedir.\" \/>\n<meta property=\"og:url\" content=\"https:\/\/astrologelvan.com\/magaza\/urun\/taki-bakim-hizmeti\/\" \/>\n<meta property=\"og:site_name\" content=\"Astrolog Elvan\" \/>\n<meta property=\"article:modified_time\" content=\"2026-02-26T21:53:34+00:00\" \/>\n<meta property=\"og:image\" content=\"https:\/\/astrologelvan.com\/magaza\/wp-content\/uploads\/2025\/04\/urunfoto-kopya-1.webp\" \/>\n\t<meta property=\"og:image:width\" content=\"928\" \/>\n\t<meta property=\"og:image:height\" content=\"1237\" \/>\n\t<meta property=\"og:image:type\" content=\"image\/webp\" \/>\n<meta name=\"twitter:card\" content=\"summary_large_image\" \/>\n<meta name=\"twitter:label1\" content=\"Tahmini okuma s\u00fcresi\" \/>\n\t<meta name=\"twitter:data1\" content=\"1 dakika\" \/>\n<script type=\"application\/ld+json\" class=\"yoast-schema-graph\">{\"@context\":\"https:\\\/\\\/schema.org\",\"@graph\":[{\"@type\":[\"WebPage\",\"ItemPage\"],\"@id\":\"https:\\\/\\\/astrologelvan.com\\\/magaza\\\/urun\\\/taki-bakim-hizmeti\\\/\",\"url\":\"https:\\\/\\\/astrologelvan.com\\\/magaza\\\/urun\\\/taki-bakim-hizmeti\\\/\",\"name\":\"TAKI BAKIM H\u0130ZMET\u0130 - Astrolog Elvan\",\"isPartOf\":{\"@id\":\"https:\\\/\\\/astrologelvan.com\\\/magaza\\\/#website\"},\"primaryImageOfPage\":{\"@id\":\"https:\\\/\\\/astrologelvan.com\\\/magaza\\\/urun\\\/taki-bakim-hizmeti\\\/#primaryimage\"},\"image\":{\"@id\":\"https:\\\/\\\/astrologelvan.com\\\/magaza\\\/urun\\\/taki-bakim-hizmeti\\\/#primaryimage\"},\"thumbnailUrl\":\"https:\\\/\\\/astrologelvan.com\\\/magaza\\\/wp-content\\\/uploads\\\/2025\\\/04\\\/urunfoto-kopya-1.webp\",\"datePublished\":\"2025-04-18T17:02:30+00:00\",\"dateModified\":\"2026-02-26T21:53:34+00:00\",\"breadcrumb\":{\"@id\":\"https:\\\/\\\/astrologelvan.com\\\/magaza\\\/urun\\\/taki-bakim-hizmeti\\\/#breadcrumb\"},\"inLanguage\":\"tr\",\"potentialAction\":[{\"@type\":\"ReadAction\",\"target\":[\"https:\\\/\\\/astrologelvan.com\\\/magaza\\\/urun\\\/taki-bakim-hizmeti\\\/\"]}]},{\"@type\":\"ImageObject\",\"inLanguage\":\"tr\",\"@id\":\"https:\\\/\\\/astrologelvan.com\\\/magaza\\\/urun\\\/taki-bakim-hizmeti\\\/#primaryimage\",\"url\":\"https:\\\/\\\/astrologelvan.com\\\/magaza\\\/wp-content\\\/uploads\\\/2025\\\/04\\\/urunfoto-kopya-1.webp\",\"contentUrl\":\"https:\\\/\\\/astrologelvan.com\\\/magaza\\\/wp-content\\\/uploads\\\/2025\\\/04\\\/urunfoto-kopya-1.webp\",\"width\":928,\"height\":1237},{\"@type\":\"BreadcrumbList\",\"@id\":\"https:\\\/\\\/astrologelvan.com\\\/magaza\\\/urun\\\/taki-bakim-hizmeti\\\/#breadcrumb\",\"itemListElement\":[{\"@type\":\"ListItem\",\"position\":1,\"name\":\"Anasayfa\",\"item\":\"https:\\\/\\\/astrologelvan.com\\\/magaza\\\/\"},{\"@type\":\"ListItem\",\"position\":2,\"name\":\"Ma\u011faza\",\"item\":\"https:\\\/\\\/astrologelvan.com\\\/magaza\\\/magaza\\\/\"},{\"@type\":\"ListItem\",\"position\":3,\"name\":\"TAKI BAKIM H\u0130ZMET\u0130\"}]},{\"@type\":\"WebSite\",\"@id\":\"https:\\\/\\\/astrologelvan.com\\\/magaza\\\/#website\",\"url\":\"https:\\\/\\\/astrologelvan.com\\\/magaza\\\/\",\"name\":\"Astrolog Elvan\",\"description\":\"\",\"potentialAction\":[{\"@type\":\"SearchAction\",\"target\":{\"@type\":\"EntryPoint\",\"urlTemplate\":\"https:\\\/\\\/astrologelvan.com\\\/magaza\\\/?s={search_term_string}\"},\"query-input\":{\"@type\":\"PropertyValueSpecification\",\"valueRequired\":true,\"valueName\":\"search_term_string\"}}],\"inLanguage\":\"tr\"}]}<\/script>\n<!-- \/ Yoast SEO plugin. -->","yoast_head_json":{"title":"TAKI BAKIM H\u0130ZMET\u0130 - Astrolog Elvan","robots":{"index":"index","follow":"follow","max-snippet":"max-snippet:-1","max-image-preview":"max-image-preview:large","max-video-preview":"max-video-preview:-1"},"canonical":"https:\/\/astrologelvan.com\/magaza\/urun\/taki-bakim-hizmeti\/","og_locale":"tr_TR","og_type":"article","og_title":"TAKI BAKIM H\u0130ZMET\u0130 - Astrolog Elvan","og_description":"Tak\u0131lar yaln\u0131zca birer aksesuar de\u011fil; zamanla ki\u015fisel enerjinizle b\u00fct\u00fcnle\u015fen, sizi yans\u0131tan \u00f6zel par\u00e7alard\u0131r. Onlara zaman zaman \u00f6zen g\u00f6stermek, hem g\u00f6r\u00fcn\u00fcm\u00fcn\u00fc hem de hissettirdi\u011fi enerjiyi tazelemek i\u00e7in g\u00fczel bir ad\u0131md\u0131r.  Tak\u0131 Bak\u0131m Hizmeti, tak\u0131lar\u0131n\u0131z\u0131n ilk g\u00fcnk\u00fc enerjisine ve \u0131\u015f\u0131lt\u0131s\u0131na uyumlu \u015fekilde sizinle kalmas\u0131n\u0131 sa\u011flamak i\u00e7in haz\u0131rland\u0131. Yeniden canlanan bir par\u00e7a, bazen ruh halinize e\u015flik eden en g\u00fczel detay olabilir.  Tak\u0131lar\u0131n\u0131z\u0131 kargo ile teslim al\u0131n\u0131r, bak\u0131mlar\u0131 ger\u00e7ekle\u015ftirilir ve kargo ile teslim edilir.  Hizmetimiz sadece yurti\u00e7inde verilmektedir.","og_url":"https:\/\/astrologelvan.com\/magaza\/urun\/taki-bakim-hizmeti\/","og_site_name":"Astrolog Elvan","article_modified_time":"2026-02-26T21:53:34+00:00","og_image":[{"width":928,"height":1237,"url":"https:\/\/astrologelvan.com\/magaza\/wp-content\/uploads\/2025\/04\/urunfoto-kopya-1.webp","type":"image\/webp"}],"twitter_card":"summary_large_image","twitter_misc":{"Tahmini okuma s\u00fcresi":"1 dakika"},"schema":{"@context":"https:\/\/schema.org","@graph":[{"@type":["WebPage","ItemPage"],"@id":"https:\/\/astrologelvan.com\/magaza\/urun\/taki-bakim-hizmeti\/","url":"https:\/\/astrologelvan.com\/magaza\/urun\/taki-bakim-hizmeti\/","name":"TAKI BAKIM H\u0130ZMET\u0130 - Astrolog Elvan","isPartOf":{"@id":"https:\/\/astrologelvan.com\/magaza\/#website"},"primaryImageOfPage":{"@id":"https:\/\/astrologelvan.com\/magaza\/urun\/taki-bakim-hizmeti\/#primaryimage"},"image":{"@id":"https:\/\/astrologelvan.com\/magaza\/urun\/taki-bakim-hizmeti\/#primaryimage"},"thumbnailUrl":"https:\/\/astrologelvan.com\/magaza\/wp-content\/uploads\/2025\/04\/urunfoto-kopya-1.webp","datePublished":"2025-04-18T17:02:30+00:00","dateModified":"2026-02-26T21:53:34+00:00","breadcrumb":{"@id":"https:\/\/astrologelvan.com\/magaza\/urun\/taki-bakim-hizmeti\/#breadcrumb"},"inLanguage":"tr","potentialAction":[{"@type":"ReadAction","target":["https:\/\/astrologelvan.com\/magaza\/urun\/taki-bakim-hizmeti\/"]}]},{"@type":"ImageObject","inLanguage":"tr","@id":"https:\/\/astrologelvan.com\/magaza\/urun\/taki-bakim-hizmeti\/#primaryimage","url":"https:\/\/astrologelvan.com\/magaza\/wp-content\/uploads\/2025\/04\/urunfoto-kopya-1.webp","contentUrl":"https:\/\/astrologelvan.com\/magaza\/wp-content\/uploads\/2025\/04\/urunfoto-kopya-1.webp","width":928,"height":1237},{"@type":"BreadcrumbList","@id":"https:\/\/astrologelvan.com\/magaza\/urun\/taki-bakim-hizmeti\/#breadcrumb","itemListElement":[{"@type":"ListItem","position":1,"name":"Anasayfa","item":"https:\/\/astrologelvan.com\/magaza\/"},{"@type":"ListItem","position":2,"name":"Ma\u011faza","item":"https:\/\/astrologelvan.com\/magaza\/magaza\/"},{"@type":"ListItem","position":3,"name":"TAKI BAKIM H\u0130ZMET\u0130"}]},{"@type":"WebSite","@id":"https:\/\/astrologelvan.com\/magaza\/#website","url":"https:\/\/astrologelvan.com\/magaza\/","name":"Astrolog Elvan","description":"","potentialAction":[{"@type":"SearchAction","target":{"@type":"EntryPoint","urlTemplate":"https:\/\/astrologelvan.com\/magaza\/?s={search_term_string}"},"query-input":{"@type":"PropertyValueSpecification","valueRequired":true,"valueName":"search_term_string"}}],"inLanguage":"tr"}]}},"_links":{"self":[{"href":"https:\/\/astrologelvan.com\/magaza\/wp-json\/wp\/v2\/product\/67265","targetHints":{"allow":["GET"]}}],"collection":[{"href":"https:\/\/astrologelvan.com\/magaza\/wp-json\/wp\/v2\/product"}],"about":[{"href":"https:\/\/astrologelvan.com\/magaza\/wp-json\/wp\/v2\/types\/product"}],"replies":[{"embeddable":true,"href":"https:\/\/astrologelvan.com\/magaza\/wp-json\/wp\/v2\/comments?post=67265"}],"wp:featuredmedia":[{"embeddable":true,"href":"https:\/\/astrologelvan.com\/magaza\/wp-json\/wp\/v2\/media\/67270"}],"wp:attachment":[{"href":"https:\/\/astrologelvan.com\/magaza\/wp-json\/wp\/v2\/media?parent=67265"}],"wp:term":[{"taxonomy":"product_brand","embeddable":true,"href":"https:\/\/astrologelvan.com\/magaza\/wp-json\/wp\/v2\/product_brand?post=67265"},{"taxonomy":"product_cat","embeddable":true,"href":"https:\/\/astrologelvan.com\/magaza\/wp-json\/wp\/v2\/product_cat?post=67265"},{"taxonomy":"product_tag","embeddable":true,"href":"https:\/\/astrologelvan.com\/magaza\/wp-json\/wp\/v2\/product_tag?post=67265"}],"curies":[{"name":"wp","href":"https:\/\/api.w.org\/{rel}","templated":true}]}}